{"id":54962,"date":"2023-02-23T15:07:04","date_gmt":"2023-02-23T14:07:04","guid":{"rendered":"http:\/\/preprod-dev.sh1.hidora.com\/webshop\/produit\/bidon-a-goulot-large-avec-capuchon-emboitable-et-bouchon\/"},"modified":"2026-05-02T21:36:25","modified_gmt":"2026-05-02T19:36:25","slug":"bidon-a-goulot-large-avec-capuchon-emboitable-et-bouchon","status":"publish","type":"product","link":"https:\/\/shop.bantam.ch\/fr\/produit\/bidon-a-goulot-large-avec-capuchon-emboitable-et-bouchon\/","title":{"rendered":"Bidon \u00e0 goulot large avec capuchon embo\u00eetable et bouchon"},"content":{"rendered":"<p>Bidon \u00e0 goulot large avec capuchon embo\u00eetable, poign\u00e9e solide et filetage\u00a0\u00be\u201d ouvert, refermable par bouchon pour ajout ult\u00e9rieur d\u2019un robinet de purge\u00a0\u00be\u201d. Il est tr\u00e8s facile de nettoyer le bouchon DIN\u00a096 \u00e0 la main.<\/p>\n","protected":false},"excerpt":{"rendered":"<p>Bidon \u00e0 goulot large avec capuchon embo\u00eetable, poign\u00e9e solide et filetage\u00a0\u00be\u201d ouvert, refermable par bouchon pour ajout ult\u00e9rieur d\u2019un robinet de purge\u00a0\u00be\u201d. Il est tr\u00e8s facile de nettoyer le bouchon DIN\u00a096 \u00e0 la main.<\/p>\n","protected":false},"featured_media":54954,"template":"","meta":{"_acf_changed":false},"product_featured_cat":[],"product_brand":[3110],"product_cat":[4115],"product_tag":[],"class_list":{"0":"post-54962","1":"product","2":"type-product","3":"status-publish","4":"has-post-thumbnail","6":"product_brand-comet","7":"product_cat-installation-deau-douce","9":"first","10":"instock","11":"taxable","12":"shipping-taxable","13":"purchasable","14":"product-type-variable"},"acf":[],"yoast_head":"<!-- This site is optimized with the Yoast SEO plugin v27.5 - https:\/\/yoast.com\/product\/yoast-seo-wordpress\/ -->\n<title>Bidon \u00e0 goulot large avec capuchon embo\u00eetable et bouchon - Bantam<\/title>\n<meta name=\"robots\" content=\"index, follow, max-snippet:-1, max-image-preview:large, max-video-preview:-1\" \/>\n<link rel=\"canonical\" href=\"https:\/\/shop.bantam.ch\/fr\/produit\/bidon-a-goulot-large-avec-capuchon-emboitable-et-bouchon\/\" \/>\n<meta property=\"og:locale\" content=\"fr_FR\" \/>\n<meta property=\"og:type\" content=\"article\" \/>\n<meta property=\"og:title\" content=\"Bidon \u00e0 goulot large avec capuchon embo\u00eetable et bouchon - Bantam\" \/>\n<meta property=\"og:description\" content=\"Bidon \u00e0 goulot large avec capuchon embo\u00eetable, poign\u00e9e solide et filetage\u00a0\u00be\u201d ouvert, refermable par bouchon pour ajout ult\u00e9rieur d\u2019un robinet de purge\u00a0\u00be\u201d. Il est tr\u00e8s facile de nettoyer le bouchon DIN\u00a096 \u00e0 la main.\" \/>\n<meta property=\"og:url\" content=\"https:\/\/shop.bantam.ch\/fr\/produit\/bidon-a-goulot-large-avec-capuchon-emboitable-et-bouchon\/\" \/>\n<meta property=\"og:site_name\" content=\"Bantam\" \/>\n<meta property=\"article:modified_time\" content=\"2026-05-02T19:36:25+00:00\" \/>\n<meta property=\"og:image\" content=\"https:\/\/shop.bantam.ch\/wp-content\/uploads\/2023\/02\/9972161-Weithalskanister_16_l_m_Stopf-Standard-01.jpg\" \/>\n\t<meta property=\"og:image:width\" content=\"1000\" \/>\n\t<meta property=\"og:image:height\" content=\"1000\" \/>\n\t<meta property=\"og:image:type\" content=\"image\/jpeg\" \/>\n<meta name=\"twitter:card\" content=\"summary_large_image\" \/>\n<script type=\"application\/ld+json\" class=\"yoast-schema-graph\">{\"@context\":\"https:\\\/\\\/schema.org\",\"@graph\":[{\"@type\":\"WebPage\",\"@id\":\"https:\\\/\\\/shop.bantam.ch\\\/fr\\\/produit\\\/bidon-a-goulot-large-avec-capuchon-emboitable-et-bouchon\\\/\",\"url\":\"https:\\\/\\\/shop.bantam.ch\\\/fr\\\/produit\\\/bidon-a-goulot-large-avec-capuchon-emboitable-et-bouchon\\\/\",\"name\":\"Bidon \u00e0 goulot large avec capuchon embo\u00eetable et bouchon - Bantam\",\"isPartOf\":{\"@id\":\"https:\\\/\\\/shop.bantam.ch\\\/fr\\\/#website\"},\"primaryImageOfPage\":{\"@id\":\"https:\\\/\\\/shop.bantam.ch\\\/fr\\\/produit\\\/bidon-a-goulot-large-avec-capuchon-emboitable-et-bouchon\\\/#primaryimage\"},\"image\":{\"@id\":\"https:\\\/\\\/shop.bantam.ch\\\/fr\\\/produit\\\/bidon-a-goulot-large-avec-capuchon-emboitable-et-bouchon\\\/#primaryimage\"},\"thumbnailUrl\":\"https:\\\/\\\/shop.bantam.ch\\\/wp-content\\\/uploads\\\/2023\\\/02\\\/9972161-Weithalskanister_16_l_m_Stopf-Standard-01.jpg\",\"datePublished\":\"2023-02-23T14:07:04+00:00\",\"dateModified\":\"2026-05-02T19:36:25+00:00\",\"breadcrumb\":{\"@id\":\"https:\\\/\\\/shop.bantam.ch\\\/fr\\\/produit\\\/bidon-a-goulot-large-avec-capuchon-emboitable-et-bouchon\\\/#breadcrumb\"},\"inLanguage\":\"fr-FR\",\"potentialAction\":[{\"@type\":\"ReadAction\",\"target\":[\"https:\\\/\\\/shop.bantam.ch\\\/fr\\\/produit\\\/bidon-a-goulot-large-avec-capuchon-emboitable-et-bouchon\\\/\"]}]},{\"@type\":\"ImageObject\",\"inLanguage\":\"fr-FR\",\"@id\":\"https:\\\/\\\/shop.bantam.ch\\\/fr\\\/produit\\\/bidon-a-goulot-large-avec-capuchon-emboitable-et-bouchon\\\/#primaryimage\",\"url\":\"https:\\\/\\\/shop.bantam.ch\\\/wp-content\\\/uploads\\\/2023\\\/02\\\/9972161-Weithalskanister_16_l_m_Stopf-Standard-01.jpg\",\"contentUrl\":\"https:\\\/\\\/shop.bantam.ch\\\/wp-content\\\/uploads\\\/2023\\\/02\\\/9972161-Weithalskanister_16_l_m_Stopf-Standard-01.jpg\",\"width\":1000,\"height\":1000},{\"@type\":\"BreadcrumbList\",\"@id\":\"https:\\\/\\\/shop.bantam.ch\\\/fr\\\/produit\\\/bidon-a-goulot-large-avec-capuchon-emboitable-et-bouchon\\\/#breadcrumb\",\"itemListElement\":[{\"@type\":\"ListItem\",\"position\":1,\"name\":\"Accueil\",\"item\":\"https:\\\/\\\/shop.bantam.ch\\\/fr\\\/\"},{\"@type\":\"ListItem\",\"position\":2,\"name\":\"Boutique\",\"item\":\"https:\\\/\\\/shop.bantam.ch\\\/fr\\\/boutique\\\/\"},{\"@type\":\"ListItem\",\"position\":3,\"name\":\"Bidon \u00e0 goulot large avec capuchon embo\u00eetable et bouchon\"}]},{\"@type\":\"WebSite\",\"@id\":\"https:\\\/\\\/shop.bantam.ch\\\/fr\\\/#website\",\"url\":\"https:\\\/\\\/shop.bantam.ch\\\/fr\\\/\",\"name\":\"Bantam\",\"description\":\"\",\"publisher\":{\"@id\":\"https:\\\/\\\/shop.bantam.ch\\\/fr\\\/#organization\"},\"inLanguage\":\"fr-FR\"},{\"@type\":\"Organization\",\"@id\":\"https:\\\/\\\/shop.bantam.ch\\\/fr\\\/#organization\",\"name\":\"Bantam\",\"url\":\"https:\\\/\\\/shop.bantam.ch\\\/fr\\\/\",\"logo\":{\"@type\":\"ImageObject\",\"inLanguage\":\"fr-FR\",\"@id\":\"https:\\\/\\\/shop.bantam.ch\\\/fr\\\/#\\\/schema\\\/logo\\\/image\\\/\",\"url\":\"https:\\\/\\\/shop.bantam.ch\\\/wp-content\\\/uploads\\\/2022\\\/12\\\/bantam-logo.png\",\"contentUrl\":\"https:\\\/\\\/shop.bantam.ch\\\/wp-content\\\/uploads\\\/2022\\\/12\\\/bantam-logo.png\",\"width\":320,\"height\":71,\"caption\":\"Bantam\"},\"image\":{\"@id\":\"https:\\\/\\\/shop.bantam.ch\\\/fr\\\/#\\\/schema\\\/logo\\\/image\\\/\"}}]}<\/script>\n<!-- \/ Yoast SEO plugin. -->","yoast_head_json":{"title":"Bidon \u00e0 goulot large avec capuchon embo\u00eetable et bouchon - Bantam","robots":{"index":"index","follow":"follow","max-snippet":"max-snippet:-1","max-image-preview":"max-image-preview:large","max-video-preview":"max-video-preview:-1"},"canonical":"https:\/\/shop.bantam.ch\/fr\/produit\/bidon-a-goulot-large-avec-capuchon-emboitable-et-bouchon\/","og_locale":"fr_FR","og_type":"article","og_title":"Bidon \u00e0 goulot large avec capuchon embo\u00eetable et bouchon - Bantam","og_description":"Bidon \u00e0 goulot large avec capuchon embo\u00eetable, poign\u00e9e solide et filetage\u00a0\u00be\u201d ouvert, refermable par bouchon pour ajout ult\u00e9rieur d\u2019un robinet de purge\u00a0\u00be\u201d. Il est tr\u00e8s facile de nettoyer le bouchon DIN\u00a096 \u00e0 la main.","og_url":"https:\/\/shop.bantam.ch\/fr\/produit\/bidon-a-goulot-large-avec-capuchon-emboitable-et-bouchon\/","og_site_name":"Bantam","article_modified_time":"2026-05-02T19:36:25+00:00","og_image":[{"width":1000,"height":1000,"url":"https:\/\/shop.bantam.ch\/wp-content\/uploads\/2023\/02\/9972161-Weithalskanister_16_l_m_Stopf-Standard-01.jpg","type":"image\/jpeg"}],"twitter_card":"summary_large_image","schema":{"@context":"https:\/\/schema.org","@graph":[{"@type":"WebPage","@id":"https:\/\/shop.bantam.ch\/fr\/produit\/bidon-a-goulot-large-avec-capuchon-emboitable-et-bouchon\/","url":"https:\/\/shop.bantam.ch\/fr\/produit\/bidon-a-goulot-large-avec-capuchon-emboitable-et-bouchon\/","name":"Bidon \u00e0 goulot large avec capuchon embo\u00eetable et bouchon - Bantam","isPartOf":{"@id":"https:\/\/shop.bantam.ch\/fr\/#website"},"primaryImageOfPage":{"@id":"https:\/\/shop.bantam.ch\/fr\/produit\/bidon-a-goulot-large-avec-capuchon-emboitable-et-bouchon\/#primaryimage"},"image":{"@id":"https:\/\/shop.bantam.ch\/fr\/produit\/bidon-a-goulot-large-avec-capuchon-emboitable-et-bouchon\/#primaryimage"},"thumbnailUrl":"https:\/\/shop.bantam.ch\/wp-content\/uploads\/2023\/02\/9972161-Weithalskanister_16_l_m_Stopf-Standard-01.jpg","datePublished":"2023-02-23T14:07:04+00:00","dateModified":"2026-05-02T19:36:25+00:00","breadcrumb":{"@id":"https:\/\/shop.bantam.ch\/fr\/produit\/bidon-a-goulot-large-avec-capuchon-emboitable-et-bouchon\/#breadcrumb"},"inLanguage":"fr-FR","potentialAction":[{"@type":"ReadAction","target":["https:\/\/shop.bantam.ch\/fr\/produit\/bidon-a-goulot-large-avec-capuchon-emboitable-et-bouchon\/"]}]},{"@type":"ImageObject","inLanguage":"fr-FR","@id":"https:\/\/shop.bantam.ch\/fr\/produit\/bidon-a-goulot-large-avec-capuchon-emboitable-et-bouchon\/#primaryimage","url":"https:\/\/shop.bantam.ch\/wp-content\/uploads\/2023\/02\/9972161-Weithalskanister_16_l_m_Stopf-Standard-01.jpg","contentUrl":"https:\/\/shop.bantam.ch\/wp-content\/uploads\/2023\/02\/9972161-Weithalskanister_16_l_m_Stopf-Standard-01.jpg","width":1000,"height":1000},{"@type":"BreadcrumbList","@id":"https:\/\/shop.bantam.ch\/fr\/produit\/bidon-a-goulot-large-avec-capuchon-emboitable-et-bouchon\/#breadcrumb","itemListElement":[{"@type":"ListItem","position":1,"name":"Accueil","item":"https:\/\/shop.bantam.ch\/fr\/"},{"@type":"ListItem","position":2,"name":"Boutique","item":"https:\/\/shop.bantam.ch\/fr\/boutique\/"},{"@type":"ListItem","position":3,"name":"Bidon \u00e0 goulot large avec capuchon embo\u00eetable et bouchon"}]},{"@type":"WebSite","@id":"https:\/\/shop.bantam.ch\/fr\/#website","url":"https:\/\/shop.bantam.ch\/fr\/","name":"Bantam","description":"","publisher":{"@id":"https:\/\/shop.bantam.ch\/fr\/#organization"},"inLanguage":"fr-FR"},{"@type":"Organization","@id":"https:\/\/shop.bantam.ch\/fr\/#organization","name":"Bantam","url":"https:\/\/shop.bantam.ch\/fr\/","logo":{"@type":"ImageObject","inLanguage":"fr-FR","@id":"https:\/\/shop.bantam.ch\/fr\/#\/schema\/logo\/image\/","url":"https:\/\/shop.bantam.ch\/wp-content\/uploads\/2022\/12\/bantam-logo.png","contentUrl":"https:\/\/shop.bantam.ch\/wp-content\/uploads\/2022\/12\/bantam-logo.png","width":320,"height":71,"caption":"Bantam"},"image":{"@id":"https:\/\/shop.bantam.ch\/fr\/#\/schema\/logo\/image\/"}}]}},"_links":{"self":[{"href":"https:\/\/shop.bantam.ch\/fr\/wp-json\/wp\/v2\/product\/54962","targetHints":{"allow":["GET"]}}],"collection":[{"href":"https:\/\/shop.bantam.ch\/fr\/wp-json\/wp\/v2\/product"}],"about":[{"href":"https:\/\/shop.bantam.ch\/fr\/wp-json\/wp\/v2\/types\/product"}],"wp:featuredmedia":[{"embeddable":true,"href":"https:\/\/shop.bantam.ch\/fr\/wp-json\/wp\/v2\/media\/54954"}],"wp:attachment":[{"href":"https:\/\/shop.bantam.ch\/fr\/wp-json\/wp\/v2\/media?parent=54962"}],"wp:term":[{"taxonomy":"product_featured_cat","embeddable":true,"href":"https:\/\/shop.bantam.ch\/fr\/wp-json\/wp\/v2\/product_featured_cat?post=54962"},{"taxonomy":"product_brand","embeddable":true,"href":"https:\/\/shop.bantam.ch\/fr\/wp-json\/wp\/v2\/product_brand?post=54962"},{"taxonomy":"product_cat","embeddable":true,"href":"https:\/\/shop.bantam.ch\/fr\/wp-json\/wp\/v2\/product_cat?post=54962"},{"taxonomy":"product_tag","embeddable":true,"href":"https:\/\/shop.bantam.ch\/fr\/wp-json\/wp\/v2\/product_tag?post=54962"}],"curies":[{"name":"wp","href":"https:\/\/api.w.org\/{rel}","templated":true}]}}