{"id":54673,"date":"2023-02-23T15:00:59","date_gmt":"2023-02-23T14:00:59","guid":{"rendered":"http:\/\/preprod-dev.sh1.hidora.com\/webshop\/produit\/poele-granitium-click-cook\/"},"modified":"2026-04-17T21:34:40","modified_gmt":"2026-04-17T19:34:40","slug":"poele-granitium-click-cook","status":"publish","type":"product","link":"https:\/\/shop.bantam.ch\/fr\/produit\/poele-granitium-click-cook\/","title":{"rendered":"Po\u00eale Granitium Click &amp; Cook"},"content":{"rendered":"<p>Poign\u00e9es pliantes, batterie de cuisine empilable. Po\u00eale en aluminium aspect pierre avec quintuple rev\u00eatement antiadh\u00e9sif avec particules min\u00e9rales. Adapt\u00e9e pour les ustensiles de cuisine m\u00e9talliques. Les poign\u00e9es peuvent \u00eatre pli\u00e9es et d\u00e9pli\u00e9es d&rsquo;un simple mouvement. Vous avez ainsi toujours de la place dans les placards de la cuisine, le r\u00e9frig\u00e9rateur ou le lave-vaisselle. Le dispositif de verrouillage brevet\u00e9 des poign\u00e9es permet une manipulation plus s\u00fbre pendant la cuisson. Compatible avec tous les types de cuisini\u00e8re, sauf \u00e0 induction. Garantie 5\u00a0ans.<\/p>\n","protected":false},"excerpt":{"rendered":"<p>Poign\u00e9es pliantes, batterie de cuisine empilable. Po\u00eale en aluminium aspect pierre avec quintuple rev\u00eatement antiadh\u00e9sif avec particules min\u00e9rales. Adapt\u00e9e pour les ustensiles de cuisine m\u00e9talliques. Les poign\u00e9es peuvent \u00eatre pli\u00e9es et d\u00e9pli\u00e9es d&rsquo;un simple mouvement. Vous avez ainsi toujours de la place dans les placards de la cuisine, le r\u00e9frig\u00e9rateur ou le lave-vaisselle. Le dispositif [&hellip;]<\/p>\n","protected":false},"featured_media":54661,"template":"","meta":{"_acf_changed":false},"product_featured_cat":[],"product_brand":[3278],"product_cat":[4265],"product_tag":[],"class_list":{"0":"post-54673","1":"product","2":"type-product","3":"status-publish","4":"has-post-thumbnail","6":"product_brand-ballarini","7":"product_cat-casseroles-poeles-et-sets","9":"first","10":"instock","11":"taxable","12":"shipping-taxable","13":"purchasable","14":"product-type-variable"},"acf":[],"yoast_head":"<!-- This site is optimized with the Yoast SEO plugin v27.4 - https:\/\/yoast.com\/product\/yoast-seo-wordpress\/ -->\n<title>Po\u00eale Granitium Click &amp; Cook - Bantam Wankm\u00fcller SA<\/title>\n<meta name=\"robots\" content=\"index, follow, max-snippet:-1, max-image-preview:large, max-video-preview:-1\" \/>\n<link rel=\"canonical\" href=\"https:\/\/shop.bantam.ch\/fr\/produit\/poele-granitium-click-cook\/\" \/>\n<meta property=\"og:locale\" content=\"fr_FR\" \/>\n<meta property=\"og:type\" content=\"article\" \/>\n<meta property=\"og:title\" content=\"Po\u00eale Granitium Click &amp; Cook - Bantam Wankm\u00fcller SA\" \/>\n<meta property=\"og:description\" content=\"Poign\u00e9es pliantes, batterie de cuisine empilable. Po\u00eale en aluminium aspect pierre avec quintuple rev\u00eatement antiadh\u00e9sif avec particules min\u00e9rales. Adapt\u00e9e pour les ustensiles de cuisine m\u00e9talliques. Les poign\u00e9es peuvent \u00eatre pli\u00e9es et d\u00e9pli\u00e9es d&rsquo;un simple mouvement. Vous avez ainsi toujours de la place dans les placards de la cuisine, le r\u00e9frig\u00e9rateur ou le lave-vaisselle. Le dispositif [&hellip;]\" \/>\n<meta property=\"og:url\" content=\"https:\/\/shop.bantam.ch\/fr\/produit\/poele-granitium-click-cook\/\" \/>\n<meta property=\"og:site_name\" content=\"Bantam Wankm\u00fcller SA\" \/>\n<meta property=\"article:modified_time\" content=\"2026-04-17T19:34:40+00:00\" \/>\n<meta property=\"og:image\" content=\"https:\/\/shop.bantam.ch\/wp-content\/uploads\/2023\/02\/9950711-Pfanne_Ballarini_Click_Cook_Granitium_24_cm-Standard-01.jpg\" \/>\n\t<meta property=\"og:image:width\" content=\"1000\" \/>\n\t<meta property=\"og:image:height\" content=\"665\" \/>\n\t<meta property=\"og:image:type\" content=\"image\/jpeg\" \/>\n<meta name=\"twitter:card\" content=\"summary_large_image\" \/>\n<script type=\"application\/ld+json\" class=\"yoast-schema-graph\">{\"@context\":\"https:\\\/\\\/schema.org\",\"@graph\":[{\"@type\":\"WebPage\",\"@id\":\"https:\\\/\\\/shop.bantam.ch\\\/fr\\\/produit\\\/poele-granitium-click-cook\\\/\",\"url\":\"https:\\\/\\\/shop.bantam.ch\\\/fr\\\/produit\\\/poele-granitium-click-cook\\\/\",\"name\":\"Po\u00eale Granitium Click &amp; Cook - Bantam Wankm\u00fcller SA\",\"isPartOf\":{\"@id\":\"https:\\\/\\\/shop.bantam.ch\\\/fr\\\/#website\"},\"primaryImageOfPage\":{\"@id\":\"https:\\\/\\\/shop.bantam.ch\\\/fr\\\/produit\\\/poele-granitium-click-cook\\\/#primaryimage\"},\"image\":{\"@id\":\"https:\\\/\\\/shop.bantam.ch\\\/fr\\\/produit\\\/poele-granitium-click-cook\\\/#primaryimage\"},\"thumbnailUrl\":\"https:\\\/\\\/shop.bantam.ch\\\/wp-content\\\/uploads\\\/2023\\\/02\\\/9950711-Pfanne_Ballarini_Click_Cook_Granitium_24_cm-Standard-01.jpg\",\"datePublished\":\"2023-02-23T14:00:59+00:00\",\"dateModified\":\"2026-04-17T19:34:40+00:00\",\"breadcrumb\":{\"@id\":\"https:\\\/\\\/shop.bantam.ch\\\/fr\\\/produit\\\/poele-granitium-click-cook\\\/#breadcrumb\"},\"inLanguage\":\"fr-FR\",\"potentialAction\":[{\"@type\":\"ReadAction\",\"target\":[\"https:\\\/\\\/shop.bantam.ch\\\/fr\\\/produit\\\/poele-granitium-click-cook\\\/\"]}]},{\"@type\":\"ImageObject\",\"inLanguage\":\"fr-FR\",\"@id\":\"https:\\\/\\\/shop.bantam.ch\\\/fr\\\/produit\\\/poele-granitium-click-cook\\\/#primaryimage\",\"url\":\"https:\\\/\\\/shop.bantam.ch\\\/wp-content\\\/uploads\\\/2023\\\/02\\\/9950711-Pfanne_Ballarini_Click_Cook_Granitium_24_cm-Standard-01.jpg\",\"contentUrl\":\"https:\\\/\\\/shop.bantam.ch\\\/wp-content\\\/uploads\\\/2023\\\/02\\\/9950711-Pfanne_Ballarini_Click_Cook_Granitium_24_cm-Standard-01.jpg\",\"width\":1000,\"height\":665},{\"@type\":\"BreadcrumbList\",\"@id\":\"https:\\\/\\\/shop.bantam.ch\\\/fr\\\/produit\\\/poele-granitium-click-cook\\\/#breadcrumb\",\"itemListElement\":[{\"@type\":\"ListItem\",\"position\":1,\"name\":\"Accueil\",\"item\":\"https:\\\/\\\/shop.bantam.ch\\\/fr\\\/\"},{\"@type\":\"ListItem\",\"position\":2,\"name\":\"Boutique\",\"item\":\"https:\\\/\\\/shop.bantam.ch\\\/fr\\\/boutique\\\/\"},{\"@type\":\"ListItem\",\"position\":3,\"name\":\"Po\u00eale Granitium Click &amp; Cook\"}]},{\"@type\":\"WebSite\",\"@id\":\"https:\\\/\\\/shop.bantam.ch\\\/fr\\\/#website\",\"url\":\"https:\\\/\\\/shop.bantam.ch\\\/fr\\\/\",\"name\":\"Bantam Wankm\u00fcller SA\",\"description\":\"\",\"publisher\":{\"@id\":\"https:\\\/\\\/shop.bantam.ch\\\/fr\\\/#organization\"},\"inLanguage\":\"fr-FR\"},{\"@type\":\"Organization\",\"@id\":\"https:\\\/\\\/shop.bantam.ch\\\/fr\\\/#organization\",\"name\":\"Bantam Wankm\u00fcller SA\",\"url\":\"https:\\\/\\\/shop.bantam.ch\\\/fr\\\/\",\"logo\":{\"@type\":\"ImageObject\",\"inLanguage\":\"fr-FR\",\"@id\":\"https:\\\/\\\/shop.bantam.ch\\\/fr\\\/#\\\/schema\\\/logo\\\/image\\\/\",\"url\":\"https:\\\/\\\/shop.bantam.ch\\\/wp-content\\\/uploads\\\/2022\\\/12\\\/bantam-logo.png\",\"contentUrl\":\"https:\\\/\\\/shop.bantam.ch\\\/wp-content\\\/uploads\\\/2022\\\/12\\\/bantam-logo.png\",\"width\":320,\"height\":71,\"caption\":\"Bantam Wankm\u00fcller SA\"},\"image\":{\"@id\":\"https:\\\/\\\/shop.bantam.ch\\\/fr\\\/#\\\/schema\\\/logo\\\/image\\\/\"}}]}<\/script>\n<!-- \/ Yoast SEO plugin. -->","yoast_head_json":{"title":"Po\u00eale Granitium Click &amp; Cook - Bantam Wankm\u00fcller SA","robots":{"index":"index","follow":"follow","max-snippet":"max-snippet:-1","max-image-preview":"max-image-preview:large","max-video-preview":"max-video-preview:-1"},"canonical":"https:\/\/shop.bantam.ch\/fr\/produit\/poele-granitium-click-cook\/","og_locale":"fr_FR","og_type":"article","og_title":"Po\u00eale Granitium Click &amp; Cook - Bantam Wankm\u00fcller SA","og_description":"Poign\u00e9es pliantes, batterie de cuisine empilable. Po\u00eale en aluminium aspect pierre avec quintuple rev\u00eatement antiadh\u00e9sif avec particules min\u00e9rales. Adapt\u00e9e pour les ustensiles de cuisine m\u00e9talliques. Les poign\u00e9es peuvent \u00eatre pli\u00e9es et d\u00e9pli\u00e9es d&rsquo;un simple mouvement. Vous avez ainsi toujours de la place dans les placards de la cuisine, le r\u00e9frig\u00e9rateur ou le lave-vaisselle. Le dispositif [&hellip;]","og_url":"https:\/\/shop.bantam.ch\/fr\/produit\/poele-granitium-click-cook\/","og_site_name":"Bantam Wankm\u00fcller SA","article_modified_time":"2026-04-17T19:34:40+00:00","og_image":[{"width":1000,"height":665,"url":"https:\/\/shop.bantam.ch\/wp-content\/uploads\/2023\/02\/9950711-Pfanne_Ballarini_Click_Cook_Granitium_24_cm-Standard-01.jpg","type":"image\/jpeg"}],"twitter_card":"summary_large_image","schema":{"@context":"https:\/\/schema.org","@graph":[{"@type":"WebPage","@id":"https:\/\/shop.bantam.ch\/fr\/produit\/poele-granitium-click-cook\/","url":"https:\/\/shop.bantam.ch\/fr\/produit\/poele-granitium-click-cook\/","name":"Po\u00eale Granitium Click &amp; Cook - Bantam Wankm\u00fcller SA","isPartOf":{"@id":"https:\/\/shop.bantam.ch\/fr\/#website"},"primaryImageOfPage":{"@id":"https:\/\/shop.bantam.ch\/fr\/produit\/poele-granitium-click-cook\/#primaryimage"},"image":{"@id":"https:\/\/shop.bantam.ch\/fr\/produit\/poele-granitium-click-cook\/#primaryimage"},"thumbnailUrl":"https:\/\/shop.bantam.ch\/wp-content\/uploads\/2023\/02\/9950711-Pfanne_Ballarini_Click_Cook_Granitium_24_cm-Standard-01.jpg","datePublished":"2023-02-23T14:00:59+00:00","dateModified":"2026-04-17T19:34:40+00:00","breadcrumb":{"@id":"https:\/\/shop.bantam.ch\/fr\/produit\/poele-granitium-click-cook\/#breadcrumb"},"inLanguage":"fr-FR","potentialAction":[{"@type":"ReadAction","target":["https:\/\/shop.bantam.ch\/fr\/produit\/poele-granitium-click-cook\/"]}]},{"@type":"ImageObject","inLanguage":"fr-FR","@id":"https:\/\/shop.bantam.ch\/fr\/produit\/poele-granitium-click-cook\/#primaryimage","url":"https:\/\/shop.bantam.ch\/wp-content\/uploads\/2023\/02\/9950711-Pfanne_Ballarini_Click_Cook_Granitium_24_cm-Standard-01.jpg","contentUrl":"https:\/\/shop.bantam.ch\/wp-content\/uploads\/2023\/02\/9950711-Pfanne_Ballarini_Click_Cook_Granitium_24_cm-Standard-01.jpg","width":1000,"height":665},{"@type":"BreadcrumbList","@id":"https:\/\/shop.bantam.ch\/fr\/produit\/poele-granitium-click-cook\/#breadcrumb","itemListElement":[{"@type":"ListItem","position":1,"name":"Accueil","item":"https:\/\/shop.bantam.ch\/fr\/"},{"@type":"ListItem","position":2,"name":"Boutique","item":"https:\/\/shop.bantam.ch\/fr\/boutique\/"},{"@type":"ListItem","position":3,"name":"Po\u00eale Granitium Click &amp; Cook"}]},{"@type":"WebSite","@id":"https:\/\/shop.bantam.ch\/fr\/#website","url":"https:\/\/shop.bantam.ch\/fr\/","name":"Bantam Wankm\u00fcller SA","description":"","publisher":{"@id":"https:\/\/shop.bantam.ch\/fr\/#organization"},"inLanguage":"fr-FR"},{"@type":"Organization","@id":"https:\/\/shop.bantam.ch\/fr\/#organization","name":"Bantam Wankm\u00fcller SA","url":"https:\/\/shop.bantam.ch\/fr\/","logo":{"@type":"ImageObject","inLanguage":"fr-FR","@id":"https:\/\/shop.bantam.ch\/fr\/#\/schema\/logo\/image\/","url":"https:\/\/shop.bantam.ch\/wp-content\/uploads\/2022\/12\/bantam-logo.png","contentUrl":"https:\/\/shop.bantam.ch\/wp-content\/uploads\/2022\/12\/bantam-logo.png","width":320,"height":71,"caption":"Bantam Wankm\u00fcller SA"},"image":{"@id":"https:\/\/shop.bantam.ch\/fr\/#\/schema\/logo\/image\/"}}]}},"_links":{"self":[{"href":"https:\/\/shop.bantam.ch\/fr\/wp-json\/wp\/v2\/product\/54673","targetHints":{"allow":["GET"]}}],"collection":[{"href":"https:\/\/shop.bantam.ch\/fr\/wp-json\/wp\/v2\/product"}],"about":[{"href":"https:\/\/shop.bantam.ch\/fr\/wp-json\/wp\/v2\/types\/product"}],"wp:featuredmedia":[{"embeddable":true,"href":"https:\/\/shop.bantam.ch\/fr\/wp-json\/wp\/v2\/media\/54661"}],"wp:attachment":[{"href":"https:\/\/shop.bantam.ch\/fr\/wp-json\/wp\/v2\/media?parent=54673"}],"wp:term":[{"taxonomy":"product_featured_cat","embeddable":true,"href":"https:\/\/shop.bantam.ch\/fr\/wp-json\/wp\/v2\/product_featured_cat?post=54673"},{"taxonomy":"product_brand","embeddable":true,"href":"https:\/\/shop.bantam.ch\/fr\/wp-json\/wp\/v2\/product_brand?post=54673"},{"taxonomy":"product_cat","embeddable":true,"href":"https:\/\/shop.bantam.ch\/fr\/wp-json\/wp\/v2\/product_cat?post=54673"},{"taxonomy":"product_tag","embeddable":true,"href":"https:\/\/shop.bantam.ch\/fr\/wp-json\/wp\/v2\/product_tag?post=54673"}],"curies":[{"name":"wp","href":"https:\/\/api.w.org\/{rel}","templated":true}]}}