{"id":53507,"date":"2023-02-23T14:40:45","date_gmt":"2023-02-23T13:40:45","guid":{"rendered":"http:\/\/preprod-dev.sh1.hidora.com\/webshop\/produit\/trappe-dacces-sk4-fiat-bianco\/"},"modified":"2026-04-18T21:29:58","modified_gmt":"2026-04-18T19:29:58","slug":"trappe-dacces-sk4-fiat-bianco","status":"publish","type":"product","link":"https:\/\/shop.bantam.ch\/fr\/produit\/trappe-dacces-sk4-fiat-bianco\/","title":{"rendered":"Trappe d&rsquo;acc\u00e8s SK4, Fiat bianco"},"content":{"rendered":"<p>L&rsquo;installation s\u2019effectue en position horizontale ou verticale. Avec syst\u00e8me de verrouillage multipoint (sauf dimensions de commande 37,5\u00a0x 30,5\u00a0cm). La d\u00e9coupe est replac\u00e9e dans la trappe pour faire office de rembourrage. Cylindre de serrure adapt\u00e9\u00a09991684.<\/p>\n","protected":false},"excerpt":{"rendered":"<p>L&rsquo;installation s\u2019effectue en position horizontale ou verticale. Avec syst\u00e8me de verrouillage multipoint (sauf dimensions de commande 37,5\u00a0x 30,5\u00a0cm). La d\u00e9coupe est replac\u00e9e dans la trappe pour faire office de rembourrage. Cylindre de serrure adapt\u00e9\u00a09991684.<\/p>\n","protected":false},"featured_media":53497,"template":"","meta":{"_acf_changed":false},"product_featured_cat":[],"product_brand":[3028],"product_cat":[4787],"product_tag":[],"class_list":{"0":"post-53507","1":"product","2":"type-product","3":"status-publish","4":"has-post-thumbnail","6":"product_brand-dometic","7":"product_cat-trappes-de-service","9":"first","10":"instock","11":"taxable","12":"shipping-taxable","13":"purchasable","14":"product-type-variable"},"acf":[],"yoast_head":"<!-- This site is optimized with the Yoast SEO plugin v27.4 - https:\/\/yoast.com\/product\/yoast-seo-wordpress\/ -->\n<title>Trappe d&#039;acc\u00e8s SK4, Fiat bianco - Bantam Wankm\u00fcller SA<\/title>\n<meta name=\"robots\" content=\"index, follow, max-snippet:-1, max-image-preview:large, max-video-preview:-1\" \/>\n<link rel=\"canonical\" href=\"https:\/\/shop.bantam.ch\/fr\/produit\/trappe-dacces-sk4-fiat-bianco\/\" \/>\n<meta property=\"og:locale\" content=\"fr_FR\" \/>\n<meta property=\"og:type\" content=\"article\" \/>\n<meta property=\"og:title\" content=\"Trappe d&#039;acc\u00e8s SK4, Fiat bianco - Bantam Wankm\u00fcller SA\" \/>\n<meta property=\"og:description\" content=\"L&rsquo;installation s\u2019effectue en position horizontale ou verticale. Avec syst\u00e8me de verrouillage multipoint (sauf dimensions de commande 37,5\u00a0x 30,5\u00a0cm). La d\u00e9coupe est replac\u00e9e dans la trappe pour faire office de rembourrage. Cylindre de serrure adapt\u00e9\u00a09991684.\" \/>\n<meta property=\"og:url\" content=\"https:\/\/shop.bantam.ch\/fr\/produit\/trappe-dacces-sk4-fiat-bianco\/\" \/>\n<meta property=\"og:site_name\" content=\"Bantam Wankm\u00fcller SA\" \/>\n<meta property=\"article:modified_time\" content=\"2026-04-18T19:29:58+00:00\" \/>\n<meta property=\"og:image\" content=\"https:\/\/shop.bantam.ch\/wp-content\/uploads\/2023\/02\/9963500-Serviceklappe_SK_4_375x305mm_Fiat_bianco-Standard-01.jpg\" \/>\n\t<meta property=\"og:image:width\" content=\"853\" \/>\n\t<meta property=\"og:image:height\" content=\"1000\" \/>\n\t<meta property=\"og:image:type\" content=\"image\/jpeg\" \/>\n<meta name=\"twitter:card\" content=\"summary_large_image\" \/>\n<script type=\"application\/ld+json\" class=\"yoast-schema-graph\">{\"@context\":\"https:\\\/\\\/schema.org\",\"@graph\":[{\"@type\":\"WebPage\",\"@id\":\"https:\\\/\\\/shop.bantam.ch\\\/fr\\\/produit\\\/trappe-dacces-sk4-fiat-bianco\\\/\",\"url\":\"https:\\\/\\\/shop.bantam.ch\\\/fr\\\/produit\\\/trappe-dacces-sk4-fiat-bianco\\\/\",\"name\":\"Trappe d'acc\u00e8s SK4, Fiat bianco - Bantam Wankm\u00fcller SA\",\"isPartOf\":{\"@id\":\"https:\\\/\\\/shop.bantam.ch\\\/fr\\\/#website\"},\"primaryImageOfPage\":{\"@id\":\"https:\\\/\\\/shop.bantam.ch\\\/fr\\\/produit\\\/trappe-dacces-sk4-fiat-bianco\\\/#primaryimage\"},\"image\":{\"@id\":\"https:\\\/\\\/shop.bantam.ch\\\/fr\\\/produit\\\/trappe-dacces-sk4-fiat-bianco\\\/#primaryimage\"},\"thumbnailUrl\":\"https:\\\/\\\/shop.bantam.ch\\\/wp-content\\\/uploads\\\/2023\\\/02\\\/9963500-Serviceklappe_SK_4_375x305mm_Fiat_bianco-Standard-01.jpg\",\"datePublished\":\"2023-02-23T13:40:45+00:00\",\"dateModified\":\"2026-04-18T19:29:58+00:00\",\"breadcrumb\":{\"@id\":\"https:\\\/\\\/shop.bantam.ch\\\/fr\\\/produit\\\/trappe-dacces-sk4-fiat-bianco\\\/#breadcrumb\"},\"inLanguage\":\"fr-FR\",\"potentialAction\":[{\"@type\":\"ReadAction\",\"target\":[\"https:\\\/\\\/shop.bantam.ch\\\/fr\\\/produit\\\/trappe-dacces-sk4-fiat-bianco\\\/\"]}]},{\"@type\":\"ImageObject\",\"inLanguage\":\"fr-FR\",\"@id\":\"https:\\\/\\\/shop.bantam.ch\\\/fr\\\/produit\\\/trappe-dacces-sk4-fiat-bianco\\\/#primaryimage\",\"url\":\"https:\\\/\\\/shop.bantam.ch\\\/wp-content\\\/uploads\\\/2023\\\/02\\\/9963500-Serviceklappe_SK_4_375x305mm_Fiat_bianco-Standard-01.jpg\",\"contentUrl\":\"https:\\\/\\\/shop.bantam.ch\\\/wp-content\\\/uploads\\\/2023\\\/02\\\/9963500-Serviceklappe_SK_4_375x305mm_Fiat_bianco-Standard-01.jpg\",\"width\":853,\"height\":1000},{\"@type\":\"BreadcrumbList\",\"@id\":\"https:\\\/\\\/shop.bantam.ch\\\/fr\\\/produit\\\/trappe-dacces-sk4-fiat-bianco\\\/#breadcrumb\",\"itemListElement\":[{\"@type\":\"ListItem\",\"position\":1,\"name\":\"Accueil\",\"item\":\"https:\\\/\\\/shop.bantam.ch\\\/fr\\\/\"},{\"@type\":\"ListItem\",\"position\":2,\"name\":\"Boutique\",\"item\":\"https:\\\/\\\/shop.bantam.ch\\\/fr\\\/boutique\\\/\"},{\"@type\":\"ListItem\",\"position\":3,\"name\":\"Trappe d&rsquo;acc\u00e8s SK4, Fiat bianco\"}]},{\"@type\":\"WebSite\",\"@id\":\"https:\\\/\\\/shop.bantam.ch\\\/fr\\\/#website\",\"url\":\"https:\\\/\\\/shop.bantam.ch\\\/fr\\\/\",\"name\":\"Bantam Wankm\u00fcller SA\",\"description\":\"\",\"publisher\":{\"@id\":\"https:\\\/\\\/shop.bantam.ch\\\/fr\\\/#organization\"},\"inLanguage\":\"fr-FR\"},{\"@type\":\"Organization\",\"@id\":\"https:\\\/\\\/shop.bantam.ch\\\/fr\\\/#organization\",\"name\":\"Bantam Wankm\u00fcller SA\",\"url\":\"https:\\\/\\\/shop.bantam.ch\\\/fr\\\/\",\"logo\":{\"@type\":\"ImageObject\",\"inLanguage\":\"fr-FR\",\"@id\":\"https:\\\/\\\/shop.bantam.ch\\\/fr\\\/#\\\/schema\\\/logo\\\/image\\\/\",\"url\":\"https:\\\/\\\/shop.bantam.ch\\\/wp-content\\\/uploads\\\/2022\\\/12\\\/bantam-logo.png\",\"contentUrl\":\"https:\\\/\\\/shop.bantam.ch\\\/wp-content\\\/uploads\\\/2022\\\/12\\\/bantam-logo.png\",\"width\":320,\"height\":71,\"caption\":\"Bantam Wankm\u00fcller SA\"},\"image\":{\"@id\":\"https:\\\/\\\/shop.bantam.ch\\\/fr\\\/#\\\/schema\\\/logo\\\/image\\\/\"}}]}<\/script>\n<!-- \/ Yoast SEO plugin. -->","yoast_head_json":{"title":"Trappe d'acc\u00e8s SK4, Fiat bianco - Bantam Wankm\u00fcller SA","robots":{"index":"index","follow":"follow","max-snippet":"max-snippet:-1","max-image-preview":"max-image-preview:large","max-video-preview":"max-video-preview:-1"},"canonical":"https:\/\/shop.bantam.ch\/fr\/produit\/trappe-dacces-sk4-fiat-bianco\/","og_locale":"fr_FR","og_type":"article","og_title":"Trappe d'acc\u00e8s SK4, Fiat bianco - Bantam Wankm\u00fcller SA","og_description":"L&rsquo;installation s\u2019effectue en position horizontale ou verticale. Avec syst\u00e8me de verrouillage multipoint (sauf dimensions de commande 37,5\u00a0x 30,5\u00a0cm). La d\u00e9coupe est replac\u00e9e dans la trappe pour faire office de rembourrage. Cylindre de serrure adapt\u00e9\u00a09991684.","og_url":"https:\/\/shop.bantam.ch\/fr\/produit\/trappe-dacces-sk4-fiat-bianco\/","og_site_name":"Bantam Wankm\u00fcller SA","article_modified_time":"2026-04-18T19:29:58+00:00","og_image":[{"width":853,"height":1000,"url":"https:\/\/shop.bantam.ch\/wp-content\/uploads\/2023\/02\/9963500-Serviceklappe_SK_4_375x305mm_Fiat_bianco-Standard-01.jpg","type":"image\/jpeg"}],"twitter_card":"summary_large_image","schema":{"@context":"https:\/\/schema.org","@graph":[{"@type":"WebPage","@id":"https:\/\/shop.bantam.ch\/fr\/produit\/trappe-dacces-sk4-fiat-bianco\/","url":"https:\/\/shop.bantam.ch\/fr\/produit\/trappe-dacces-sk4-fiat-bianco\/","name":"Trappe d'acc\u00e8s SK4, Fiat bianco - Bantam Wankm\u00fcller SA","isPartOf":{"@id":"https:\/\/shop.bantam.ch\/fr\/#website"},"primaryImageOfPage":{"@id":"https:\/\/shop.bantam.ch\/fr\/produit\/trappe-dacces-sk4-fiat-bianco\/#primaryimage"},"image":{"@id":"https:\/\/shop.bantam.ch\/fr\/produit\/trappe-dacces-sk4-fiat-bianco\/#primaryimage"},"thumbnailUrl":"https:\/\/shop.bantam.ch\/wp-content\/uploads\/2023\/02\/9963500-Serviceklappe_SK_4_375x305mm_Fiat_bianco-Standard-01.jpg","datePublished":"2023-02-23T13:40:45+00:00","dateModified":"2026-04-18T19:29:58+00:00","breadcrumb":{"@id":"https:\/\/shop.bantam.ch\/fr\/produit\/trappe-dacces-sk4-fiat-bianco\/#breadcrumb"},"inLanguage":"fr-FR","potentialAction":[{"@type":"ReadAction","target":["https:\/\/shop.bantam.ch\/fr\/produit\/trappe-dacces-sk4-fiat-bianco\/"]}]},{"@type":"ImageObject","inLanguage":"fr-FR","@id":"https:\/\/shop.bantam.ch\/fr\/produit\/trappe-dacces-sk4-fiat-bianco\/#primaryimage","url":"https:\/\/shop.bantam.ch\/wp-content\/uploads\/2023\/02\/9963500-Serviceklappe_SK_4_375x305mm_Fiat_bianco-Standard-01.jpg","contentUrl":"https:\/\/shop.bantam.ch\/wp-content\/uploads\/2023\/02\/9963500-Serviceklappe_SK_4_375x305mm_Fiat_bianco-Standard-01.jpg","width":853,"height":1000},{"@type":"BreadcrumbList","@id":"https:\/\/shop.bantam.ch\/fr\/produit\/trappe-dacces-sk4-fiat-bianco\/#breadcrumb","itemListElement":[{"@type":"ListItem","position":1,"name":"Accueil","item":"https:\/\/shop.bantam.ch\/fr\/"},{"@type":"ListItem","position":2,"name":"Boutique","item":"https:\/\/shop.bantam.ch\/fr\/boutique\/"},{"@type":"ListItem","position":3,"name":"Trappe d&rsquo;acc\u00e8s SK4, Fiat bianco"}]},{"@type":"WebSite","@id":"https:\/\/shop.bantam.ch\/fr\/#website","url":"https:\/\/shop.bantam.ch\/fr\/","name":"Bantam Wankm\u00fcller SA","description":"","publisher":{"@id":"https:\/\/shop.bantam.ch\/fr\/#organization"},"inLanguage":"fr-FR"},{"@type":"Organization","@id":"https:\/\/shop.bantam.ch\/fr\/#organization","name":"Bantam Wankm\u00fcller SA","url":"https:\/\/shop.bantam.ch\/fr\/","logo":{"@type":"ImageObject","inLanguage":"fr-FR","@id":"https:\/\/shop.bantam.ch\/fr\/#\/schema\/logo\/image\/","url":"https:\/\/shop.bantam.ch\/wp-content\/uploads\/2022\/12\/bantam-logo.png","contentUrl":"https:\/\/shop.bantam.ch\/wp-content\/uploads\/2022\/12\/bantam-logo.png","width":320,"height":71,"caption":"Bantam Wankm\u00fcller SA"},"image":{"@id":"https:\/\/shop.bantam.ch\/fr\/#\/schema\/logo\/image\/"}}]}},"_links":{"self":[{"href":"https:\/\/shop.bantam.ch\/fr\/wp-json\/wp\/v2\/product\/53507","targetHints":{"allow":["GET"]}}],"collection":[{"href":"https:\/\/shop.bantam.ch\/fr\/wp-json\/wp\/v2\/product"}],"about":[{"href":"https:\/\/shop.bantam.ch\/fr\/wp-json\/wp\/v2\/types\/product"}],"wp:featuredmedia":[{"embeddable":true,"href":"https:\/\/shop.bantam.ch\/fr\/wp-json\/wp\/v2\/media\/53497"}],"wp:attachment":[{"href":"https:\/\/shop.bantam.ch\/fr\/wp-json\/wp\/v2\/media?parent=53507"}],"wp:term":[{"taxonomy":"product_featured_cat","embeddable":true,"href":"https:\/\/shop.bantam.ch\/fr\/wp-json\/wp\/v2\/product_featured_cat?post=53507"},{"taxonomy":"product_brand","embeddable":true,"href":"https:\/\/shop.bantam.ch\/fr\/wp-json\/wp\/v2\/product_brand?post=53507"},{"taxonomy":"product_cat","embeddable":true,"href":"https:\/\/shop.bantam.ch\/fr\/wp-json\/wp\/v2\/product_cat?post=53507"},{"taxonomy":"product_tag","embeddable":true,"href":"https:\/\/shop.bantam.ch\/fr\/wp-json\/wp\/v2\/product_tag?post=53507"}],"curies":[{"name":"wp","href":"https:\/\/api.w.org\/{rel}","templated":true}]}}