{"id":53043,"date":"2023-02-23T14:32:45","date_gmt":"2023-02-23T13:32:45","guid":{"rendered":"http:\/\/preprod-dev.sh1.hidora.com\/webshop\/produit\/echelle-suspendue-pour-capucine-et-lit-pavillon\/"},"modified":"2026-04-18T21:28:02","modified_gmt":"2026-04-18T19:28:02","slug":"echelle-suspendue-pour-capucine-et-lit-pavillon","status":"publish","type":"product","link":"https:\/\/shop.bantam.ch\/fr\/produit\/echelle-suspendue-pour-capucine-et-lit-pavillon\/","title":{"rendered":"\u00c9chelle suspendue pour capucine et lit pavillon"},"content":{"rendered":"<p>\u00c9chelle en aluminium avec syst\u00e8me de suspension \u00e0 installer ult\u00e9rieurement pour un acc\u00e8s s\u00e9curis\u00e9 \u00e0 la capucine et au lit pavillon. Le syst\u00e8me de suspension est viss\u00e9 \u00e0 la paroi du lit avec les vis fournies et permet ainsi de maintenir solidement l&rsquo;\u00e9chelle en place. Il suffit de mesurer la hauteur verticale jusqu&rsquo;au milieu de la fixation \u00e0 vis et de choisir l&rsquo;\u00e9chelle appropri\u00e9e.<br \/>Attention : pour des raisons de s\u00e9curit\u00e9, l&rsquo;\u00e9chelle ne doit pas \u00eatre inclin\u00e9e \u00e0 plus de 12 degr\u00e9s !<br \/>\u00c9chelle en aluminium avec syst\u00e8me de suspension \u00e0 installer ult\u00e9rieurement pour un acc\u00e8s s\u00e9curis\u00e9 \u00e0 la capucine et au lit pavillon. livr\u00e9 avec support d\u2019\u00e9chelle (9980237). <\/p>\n<p>Surface de marche 25 x 5 cm (l x p)<\/p>\n","protected":false},"excerpt":{"rendered":"<p>\u00c9chelle en aluminium avec syst\u00e8me de suspension \u00e0 installer ult\u00e9rieurement pour un acc\u00e8s s\u00e9curis\u00e9 \u00e0 la capucine et au lit pavillon. Le syst\u00e8me de suspension est viss\u00e9 \u00e0 la paroi du lit avec les vis fournies et permet ainsi de maintenir solidement l&rsquo;\u00e9chelle en place. Il suffit de mesurer la hauteur verticale jusqu&rsquo;au milieu de [&hellip;]<\/p>\n","protected":false},"featured_media":53013,"template":"","meta":{"_acf_changed":false},"product_featured_cat":[],"product_brand":[3150],"product_cat":[4805],"product_tag":[],"class_list":{"0":"post-53043","1":"product","2":"type-product","3":"status-publish","4":"has-post-thumbnail","6":"product_brand-hymer","7":"product_cat-echelles","9":"first","10":"instock","11":"taxable","12":"shipping-taxable","13":"purchasable","14":"product-type-variable"},"acf":[],"yoast_head":"<!-- This site is optimized with the Yoast SEO plugin v27.4 - https:\/\/yoast.com\/product\/yoast-seo-wordpress\/ -->\n<title>\u00c9chelle suspendue pour capucine et lit pavillon - Bantam Wankm\u00fcller SA<\/title>\n<meta name=\"robots\" content=\"index, follow, max-snippet:-1, max-image-preview:large, max-video-preview:-1\" \/>\n<link rel=\"canonical\" href=\"https:\/\/shop.bantam.ch\/fr\/produit\/echelle-suspendue-pour-capucine-et-lit-pavillon\/\" \/>\n<meta property=\"og:locale\" content=\"fr_FR\" \/>\n<meta property=\"og:type\" content=\"article\" \/>\n<meta property=\"og:title\" content=\"\u00c9chelle suspendue pour capucine et lit pavillon - Bantam Wankm\u00fcller SA\" \/>\n<meta property=\"og:description\" content=\"\u00c9chelle en aluminium avec syst\u00e8me de suspension \u00e0 installer ult\u00e9rieurement pour un acc\u00e8s s\u00e9curis\u00e9 \u00e0 la capucine et au lit pavillon. Le syst\u00e8me de suspension est viss\u00e9 \u00e0 la paroi du lit avec les vis fournies et permet ainsi de maintenir solidement l&rsquo;\u00e9chelle en place. Il suffit de mesurer la hauteur verticale jusqu&rsquo;au milieu de [&hellip;]\" \/>\n<meta property=\"og:url\" content=\"https:\/\/shop.bantam.ch\/fr\/produit\/echelle-suspendue-pour-capucine-et-lit-pavillon\/\" \/>\n<meta property=\"og:site_name\" content=\"Bantam Wankm\u00fcller SA\" \/>\n<meta property=\"article:modified_time\" content=\"2026-04-18T19:28:02+00:00\" \/>\n<meta property=\"og:image\" content=\"https:\/\/shop.bantam.ch\/wp-content\/uploads\/2023\/02\/9980234-Einhaengeleiter_147_cm_lang-Standard-01.jpg\" \/>\n\t<meta property=\"og:image:width\" content=\"435\" \/>\n\t<meta property=\"og:image:height\" content=\"1000\" \/>\n\t<meta property=\"og:image:type\" content=\"image\/jpeg\" \/>\n<meta name=\"twitter:card\" content=\"summary_large_image\" \/>\n<meta name=\"twitter:label1\" content=\"Dur\u00e9e de lecture estim\u00e9e\" \/>\n\t<meta name=\"twitter:data1\" content=\"1 minute\" \/>\n<script type=\"application\/ld+json\" class=\"yoast-schema-graph\">{\"@context\":\"https:\\\/\\\/schema.org\",\"@graph\":[{\"@type\":\"WebPage\",\"@id\":\"https:\\\/\\\/shop.bantam.ch\\\/fr\\\/produit\\\/echelle-suspendue-pour-capucine-et-lit-pavillon\\\/\",\"url\":\"https:\\\/\\\/shop.bantam.ch\\\/fr\\\/produit\\\/echelle-suspendue-pour-capucine-et-lit-pavillon\\\/\",\"name\":\"\u00c9chelle suspendue pour capucine et lit pavillon - Bantam Wankm\u00fcller SA\",\"isPartOf\":{\"@id\":\"https:\\\/\\\/shop.bantam.ch\\\/fr\\\/#website\"},\"primaryImageOfPage\":{\"@id\":\"https:\\\/\\\/shop.bantam.ch\\\/fr\\\/produit\\\/echelle-suspendue-pour-capucine-et-lit-pavillon\\\/#primaryimage\"},\"image\":{\"@id\":\"https:\\\/\\\/shop.bantam.ch\\\/fr\\\/produit\\\/echelle-suspendue-pour-capucine-et-lit-pavillon\\\/#primaryimage\"},\"thumbnailUrl\":\"https:\\\/\\\/shop.bantam.ch\\\/wp-content\\\/uploads\\\/2023\\\/02\\\/9980234-Einhaengeleiter_147_cm_lang-Standard-01.jpg\",\"datePublished\":\"2023-02-23T13:32:45+00:00\",\"dateModified\":\"2026-04-18T19:28:02+00:00\",\"breadcrumb\":{\"@id\":\"https:\\\/\\\/shop.bantam.ch\\\/fr\\\/produit\\\/echelle-suspendue-pour-capucine-et-lit-pavillon\\\/#breadcrumb\"},\"inLanguage\":\"fr-FR\",\"potentialAction\":[{\"@type\":\"ReadAction\",\"target\":[\"https:\\\/\\\/shop.bantam.ch\\\/fr\\\/produit\\\/echelle-suspendue-pour-capucine-et-lit-pavillon\\\/\"]}]},{\"@type\":\"ImageObject\",\"inLanguage\":\"fr-FR\",\"@id\":\"https:\\\/\\\/shop.bantam.ch\\\/fr\\\/produit\\\/echelle-suspendue-pour-capucine-et-lit-pavillon\\\/#primaryimage\",\"url\":\"https:\\\/\\\/shop.bantam.ch\\\/wp-content\\\/uploads\\\/2023\\\/02\\\/9980234-Einhaengeleiter_147_cm_lang-Standard-01.jpg\",\"contentUrl\":\"https:\\\/\\\/shop.bantam.ch\\\/wp-content\\\/uploads\\\/2023\\\/02\\\/9980234-Einhaengeleiter_147_cm_lang-Standard-01.jpg\",\"width\":435,\"height\":1000},{\"@type\":\"BreadcrumbList\",\"@id\":\"https:\\\/\\\/shop.bantam.ch\\\/fr\\\/produit\\\/echelle-suspendue-pour-capucine-et-lit-pavillon\\\/#breadcrumb\",\"itemListElement\":[{\"@type\":\"ListItem\",\"position\":1,\"name\":\"Accueil\",\"item\":\"https:\\\/\\\/shop.bantam.ch\\\/fr\\\/\"},{\"@type\":\"ListItem\",\"position\":2,\"name\":\"Boutique\",\"item\":\"https:\\\/\\\/shop.bantam.ch\\\/fr\\\/boutique\\\/\"},{\"@type\":\"ListItem\",\"position\":3,\"name\":\"\u00c9chelle suspendue pour capucine et lit pavillon\"}]},{\"@type\":\"WebSite\",\"@id\":\"https:\\\/\\\/shop.bantam.ch\\\/fr\\\/#website\",\"url\":\"https:\\\/\\\/shop.bantam.ch\\\/fr\\\/\",\"name\":\"Bantam Wankm\u00fcller SA\",\"description\":\"\",\"publisher\":{\"@id\":\"https:\\\/\\\/shop.bantam.ch\\\/fr\\\/#organization\"},\"inLanguage\":\"fr-FR\"},{\"@type\":\"Organization\",\"@id\":\"https:\\\/\\\/shop.bantam.ch\\\/fr\\\/#organization\",\"name\":\"Bantam Wankm\u00fcller SA\",\"url\":\"https:\\\/\\\/shop.bantam.ch\\\/fr\\\/\",\"logo\":{\"@type\":\"ImageObject\",\"inLanguage\":\"fr-FR\",\"@id\":\"https:\\\/\\\/shop.bantam.ch\\\/fr\\\/#\\\/schema\\\/logo\\\/image\\\/\",\"url\":\"https:\\\/\\\/shop.bantam.ch\\\/wp-content\\\/uploads\\\/2022\\\/12\\\/bantam-logo.png\",\"contentUrl\":\"https:\\\/\\\/shop.bantam.ch\\\/wp-content\\\/uploads\\\/2022\\\/12\\\/bantam-logo.png\",\"width\":320,\"height\":71,\"caption\":\"Bantam Wankm\u00fcller SA\"},\"image\":{\"@id\":\"https:\\\/\\\/shop.bantam.ch\\\/fr\\\/#\\\/schema\\\/logo\\\/image\\\/\"}}]}<\/script>\n<!-- \/ Yoast SEO plugin. -->","yoast_head_json":{"title":"\u00c9chelle suspendue pour capucine et lit pavillon - Bantam Wankm\u00fcller SA","robots":{"index":"index","follow":"follow","max-snippet":"max-snippet:-1","max-image-preview":"max-image-preview:large","max-video-preview":"max-video-preview:-1"},"canonical":"https:\/\/shop.bantam.ch\/fr\/produit\/echelle-suspendue-pour-capucine-et-lit-pavillon\/","og_locale":"fr_FR","og_type":"article","og_title":"\u00c9chelle suspendue pour capucine et lit pavillon - Bantam Wankm\u00fcller SA","og_description":"\u00c9chelle en aluminium avec syst\u00e8me de suspension \u00e0 installer ult\u00e9rieurement pour un acc\u00e8s s\u00e9curis\u00e9 \u00e0 la capucine et au lit pavillon. Le syst\u00e8me de suspension est viss\u00e9 \u00e0 la paroi du lit avec les vis fournies et permet ainsi de maintenir solidement l&rsquo;\u00e9chelle en place. Il suffit de mesurer la hauteur verticale jusqu&rsquo;au milieu de [&hellip;]","og_url":"https:\/\/shop.bantam.ch\/fr\/produit\/echelle-suspendue-pour-capucine-et-lit-pavillon\/","og_site_name":"Bantam Wankm\u00fcller SA","article_modified_time":"2026-04-18T19:28:02+00:00","og_image":[{"width":435,"height":1000,"url":"https:\/\/shop.bantam.ch\/wp-content\/uploads\/2023\/02\/9980234-Einhaengeleiter_147_cm_lang-Standard-01.jpg","type":"image\/jpeg"}],"twitter_card":"summary_large_image","twitter_misc":{"Dur\u00e9e de lecture estim\u00e9e":"1 minute"},"schema":{"@context":"https:\/\/schema.org","@graph":[{"@type":"WebPage","@id":"https:\/\/shop.bantam.ch\/fr\/produit\/echelle-suspendue-pour-capucine-et-lit-pavillon\/","url":"https:\/\/shop.bantam.ch\/fr\/produit\/echelle-suspendue-pour-capucine-et-lit-pavillon\/","name":"\u00c9chelle suspendue pour capucine et lit pavillon - Bantam Wankm\u00fcller SA","isPartOf":{"@id":"https:\/\/shop.bantam.ch\/fr\/#website"},"primaryImageOfPage":{"@id":"https:\/\/shop.bantam.ch\/fr\/produit\/echelle-suspendue-pour-capucine-et-lit-pavillon\/#primaryimage"},"image":{"@id":"https:\/\/shop.bantam.ch\/fr\/produit\/echelle-suspendue-pour-capucine-et-lit-pavillon\/#primaryimage"},"thumbnailUrl":"https:\/\/shop.bantam.ch\/wp-content\/uploads\/2023\/02\/9980234-Einhaengeleiter_147_cm_lang-Standard-01.jpg","datePublished":"2023-02-23T13:32:45+00:00","dateModified":"2026-04-18T19:28:02+00:00","breadcrumb":{"@id":"https:\/\/shop.bantam.ch\/fr\/produit\/echelle-suspendue-pour-capucine-et-lit-pavillon\/#breadcrumb"},"inLanguage":"fr-FR","potentialAction":[{"@type":"ReadAction","target":["https:\/\/shop.bantam.ch\/fr\/produit\/echelle-suspendue-pour-capucine-et-lit-pavillon\/"]}]},{"@type":"ImageObject","inLanguage":"fr-FR","@id":"https:\/\/shop.bantam.ch\/fr\/produit\/echelle-suspendue-pour-capucine-et-lit-pavillon\/#primaryimage","url":"https:\/\/shop.bantam.ch\/wp-content\/uploads\/2023\/02\/9980234-Einhaengeleiter_147_cm_lang-Standard-01.jpg","contentUrl":"https:\/\/shop.bantam.ch\/wp-content\/uploads\/2023\/02\/9980234-Einhaengeleiter_147_cm_lang-Standard-01.jpg","width":435,"height":1000},{"@type":"BreadcrumbList","@id":"https:\/\/shop.bantam.ch\/fr\/produit\/echelle-suspendue-pour-capucine-et-lit-pavillon\/#breadcrumb","itemListElement":[{"@type":"ListItem","position":1,"name":"Accueil","item":"https:\/\/shop.bantam.ch\/fr\/"},{"@type":"ListItem","position":2,"name":"Boutique","item":"https:\/\/shop.bantam.ch\/fr\/boutique\/"},{"@type":"ListItem","position":3,"name":"\u00c9chelle suspendue pour capucine et lit pavillon"}]},{"@type":"WebSite","@id":"https:\/\/shop.bantam.ch\/fr\/#website","url":"https:\/\/shop.bantam.ch\/fr\/","name":"Bantam Wankm\u00fcller SA","description":"","publisher":{"@id":"https:\/\/shop.bantam.ch\/fr\/#organization"},"inLanguage":"fr-FR"},{"@type":"Organization","@id":"https:\/\/shop.bantam.ch\/fr\/#organization","name":"Bantam Wankm\u00fcller SA","url":"https:\/\/shop.bantam.ch\/fr\/","logo":{"@type":"ImageObject","inLanguage":"fr-FR","@id":"https:\/\/shop.bantam.ch\/fr\/#\/schema\/logo\/image\/","url":"https:\/\/shop.bantam.ch\/wp-content\/uploads\/2022\/12\/bantam-logo.png","contentUrl":"https:\/\/shop.bantam.ch\/wp-content\/uploads\/2022\/12\/bantam-logo.png","width":320,"height":71,"caption":"Bantam Wankm\u00fcller SA"},"image":{"@id":"https:\/\/shop.bantam.ch\/fr\/#\/schema\/logo\/image\/"}}]}},"_links":{"self":[{"href":"https:\/\/shop.bantam.ch\/fr\/wp-json\/wp\/v2\/product\/53043","targetHints":{"allow":["GET"]}}],"collection":[{"href":"https:\/\/shop.bantam.ch\/fr\/wp-json\/wp\/v2\/product"}],"about":[{"href":"https:\/\/shop.bantam.ch\/fr\/wp-json\/wp\/v2\/types\/product"}],"wp:featuredmedia":[{"embeddable":true,"href":"https:\/\/shop.bantam.ch\/fr\/wp-json\/wp\/v2\/media\/53013"}],"wp:attachment":[{"href":"https:\/\/shop.bantam.ch\/fr\/wp-json\/wp\/v2\/media?parent=53043"}],"wp:term":[{"taxonomy":"product_featured_cat","embeddable":true,"href":"https:\/\/shop.bantam.ch\/fr\/wp-json\/wp\/v2\/product_featured_cat?post=53043"},{"taxonomy":"product_brand","embeddable":true,"href":"https:\/\/shop.bantam.ch\/fr\/wp-json\/wp\/v2\/product_brand?post=53043"},{"taxonomy":"product_cat","embeddable":true,"href":"https:\/\/shop.bantam.ch\/fr\/wp-json\/wp\/v2\/product_cat?post=53043"},{"taxonomy":"product_tag","embeddable":true,"href":"https:\/\/shop.bantam.ch\/fr\/wp-json\/wp\/v2\/product_tag?post=53043"}],"curies":[{"name":"wp","href":"https:\/\/api.w.org\/{rel}","templated":true}]}}