{"id":52797,"date":"2023-02-23T14:29:23","date_gmt":"2023-02-23T13:29:23","guid":{"rendered":"http:\/\/preprod-dev.sh1.hidora.com\/webshop\/produit\/amarrage-dencadrement-de-porte-door-frame-lock\/"},"modified":"2026-04-18T21:26:51","modified_gmt":"2026-04-18T19:26:51","slug":"amarrage-dencadrement-de-porte-door-frame-lock","status":"publish","type":"product","link":"https:\/\/shop.bantam.ch\/fr\/produit\/amarrage-dencadrement-de-porte-door-frame-lock\/","title":{"rendered":"Amarrage d&rsquo;encadrement de porte Door Frame Lock"},"content":{"rendered":"<p>Semblable \u00e0 la serrure Thule, mais \u00e0 installer sur le cadre de porte, s\u2019il est impossible de l\u2019installer en raison des meubles ajout\u00e9s \u00e0 l\u2019int\u00e9rieur. Convient aux portes s\u2019ouvrant vers la gauche ou la droite. Une fente de 5\u00a0mm est n\u00e9cessaire pour le montage.<\/p>\n<p>Mat\u00e9riau\u00a0:<br \/>Aluminium laqu\u00e9 robuste<\/p>\n","protected":false},"excerpt":{"rendered":"<p>Semblable \u00e0 la serrure Thule, mais \u00e0 installer sur le cadre de porte, s\u2019il est impossible de l\u2019installer en raison des meubles ajout\u00e9s \u00e0 l\u2019int\u00e9rieur. Convient aux portes s\u2019ouvrant vers la gauche ou la droite. Une fente de 5\u00a0mm est n\u00e9cessaire pour le montage. Mat\u00e9riau\u00a0:Aluminium laqu\u00e9 robuste<\/p>\n","protected":false},"featured_media":52793,"template":"","meta":{"_acf_changed":false},"product_featured_cat":[],"product_brand":[3046],"product_cat":[4667],"product_tag":[],"class_list":{"0":"post-52797","1":"product","2":"type-product","3":"status-publish","4":"has-post-thumbnail","6":"product_brand-thule","7":"product_cat-securisation-des-portes","9":"first","10":"instock","11":"taxable","12":"shipping-taxable","13":"purchasable","14":"product-type-variable"},"acf":[],"yoast_head":"<!-- This site is optimized with the Yoast SEO plugin v27.4 - https:\/\/yoast.com\/product\/yoast-seo-wordpress\/ -->\n<title>Amarrage d&#039;encadrement de porte Door Frame Lock - Bantam Wankm\u00fcller SA<\/title>\n<meta name=\"robots\" content=\"index, follow, max-snippet:-1, max-image-preview:large, max-video-preview:-1\" \/>\n<link rel=\"canonical\" href=\"https:\/\/shop.bantam.ch\/fr\/produit\/amarrage-dencadrement-de-porte-door-frame-lock\/\" \/>\n<meta property=\"og:locale\" content=\"fr_FR\" \/>\n<meta property=\"og:type\" content=\"article\" \/>\n<meta property=\"og:title\" content=\"Amarrage d&#039;encadrement de porte Door Frame Lock - Bantam Wankm\u00fcller SA\" \/>\n<meta property=\"og:description\" content=\"Semblable \u00e0 la serrure Thule, mais \u00e0 installer sur le cadre de porte, s\u2019il est impossible de l\u2019installer en raison des meubles ajout\u00e9s \u00e0 l\u2019int\u00e9rieur. Convient aux portes s\u2019ouvrant vers la gauche ou la droite. Une fente de 5\u00a0mm est n\u00e9cessaire pour le montage. Mat\u00e9riau\u00a0:Aluminium laqu\u00e9 robuste\" \/>\n<meta property=\"og:url\" content=\"https:\/\/shop.bantam.ch\/fr\/produit\/amarrage-dencadrement-de-porte-door-frame-lock\/\" \/>\n<meta property=\"og:site_name\" content=\"Bantam Wankm\u00fcller SA\" \/>\n<meta property=\"article:modified_time\" content=\"2026-04-18T19:26:51+00:00\" \/>\n<meta property=\"og:image\" content=\"https:\/\/shop.bantam.ch\/wp-content\/uploads\/2023\/02\/9957331-Tuerrahmenbefest_DoorLock-Standard-01.jpg\" \/>\n\t<meta property=\"og:image:width\" content=\"1000\" \/>\n\t<meta property=\"og:image:height\" content=\"667\" \/>\n\t<meta property=\"og:image:type\" content=\"image\/jpeg\" \/>\n<meta name=\"twitter:card\" content=\"summary_large_image\" \/>\n<script type=\"application\/ld+json\" class=\"yoast-schema-graph\">{\"@context\":\"https:\\\/\\\/schema.org\",\"@graph\":[{\"@type\":\"WebPage\",\"@id\":\"https:\\\/\\\/shop.bantam.ch\\\/fr\\\/produit\\\/amarrage-dencadrement-de-porte-door-frame-lock\\\/\",\"url\":\"https:\\\/\\\/shop.bantam.ch\\\/fr\\\/produit\\\/amarrage-dencadrement-de-porte-door-frame-lock\\\/\",\"name\":\"Amarrage d'encadrement de porte Door Frame Lock - Bantam Wankm\u00fcller SA\",\"isPartOf\":{\"@id\":\"https:\\\/\\\/shop.bantam.ch\\\/fr\\\/#website\"},\"primaryImageOfPage\":{\"@id\":\"https:\\\/\\\/shop.bantam.ch\\\/fr\\\/produit\\\/amarrage-dencadrement-de-porte-door-frame-lock\\\/#primaryimage\"},\"image\":{\"@id\":\"https:\\\/\\\/shop.bantam.ch\\\/fr\\\/produit\\\/amarrage-dencadrement-de-porte-door-frame-lock\\\/#primaryimage\"},\"thumbnailUrl\":\"https:\\\/\\\/shop.bantam.ch\\\/wp-content\\\/uploads\\\/2023\\\/02\\\/9957331-Tuerrahmenbefest_DoorLock-Standard-01.jpg\",\"datePublished\":\"2023-02-23T13:29:23+00:00\",\"dateModified\":\"2026-04-18T19:26:51+00:00\",\"breadcrumb\":{\"@id\":\"https:\\\/\\\/shop.bantam.ch\\\/fr\\\/produit\\\/amarrage-dencadrement-de-porte-door-frame-lock\\\/#breadcrumb\"},\"inLanguage\":\"fr-FR\",\"potentialAction\":[{\"@type\":\"ReadAction\",\"target\":[\"https:\\\/\\\/shop.bantam.ch\\\/fr\\\/produit\\\/amarrage-dencadrement-de-porte-door-frame-lock\\\/\"]}]},{\"@type\":\"ImageObject\",\"inLanguage\":\"fr-FR\",\"@id\":\"https:\\\/\\\/shop.bantam.ch\\\/fr\\\/produit\\\/amarrage-dencadrement-de-porte-door-frame-lock\\\/#primaryimage\",\"url\":\"https:\\\/\\\/shop.bantam.ch\\\/wp-content\\\/uploads\\\/2023\\\/02\\\/9957331-Tuerrahmenbefest_DoorLock-Standard-01.jpg\",\"contentUrl\":\"https:\\\/\\\/shop.bantam.ch\\\/wp-content\\\/uploads\\\/2023\\\/02\\\/9957331-Tuerrahmenbefest_DoorLock-Standard-01.jpg\",\"width\":1000,\"height\":667},{\"@type\":\"BreadcrumbList\",\"@id\":\"https:\\\/\\\/shop.bantam.ch\\\/fr\\\/produit\\\/amarrage-dencadrement-de-porte-door-frame-lock\\\/#breadcrumb\",\"itemListElement\":[{\"@type\":\"ListItem\",\"position\":1,\"name\":\"Accueil\",\"item\":\"https:\\\/\\\/shop.bantam.ch\\\/fr\\\/\"},{\"@type\":\"ListItem\",\"position\":2,\"name\":\"Boutique\",\"item\":\"https:\\\/\\\/shop.bantam.ch\\\/fr\\\/boutique\\\/\"},{\"@type\":\"ListItem\",\"position\":3,\"name\":\"Amarrage d&rsquo;encadrement de porte Door Frame Lock\"}]},{\"@type\":\"WebSite\",\"@id\":\"https:\\\/\\\/shop.bantam.ch\\\/fr\\\/#website\",\"url\":\"https:\\\/\\\/shop.bantam.ch\\\/fr\\\/\",\"name\":\"Bantam Wankm\u00fcller SA\",\"description\":\"\",\"publisher\":{\"@id\":\"https:\\\/\\\/shop.bantam.ch\\\/fr\\\/#organization\"},\"inLanguage\":\"fr-FR\"},{\"@type\":\"Organization\",\"@id\":\"https:\\\/\\\/shop.bantam.ch\\\/fr\\\/#organization\",\"name\":\"Bantam Wankm\u00fcller SA\",\"url\":\"https:\\\/\\\/shop.bantam.ch\\\/fr\\\/\",\"logo\":{\"@type\":\"ImageObject\",\"inLanguage\":\"fr-FR\",\"@id\":\"https:\\\/\\\/shop.bantam.ch\\\/fr\\\/#\\\/schema\\\/logo\\\/image\\\/\",\"url\":\"https:\\\/\\\/shop.bantam.ch\\\/wp-content\\\/uploads\\\/2022\\\/12\\\/bantam-logo.png\",\"contentUrl\":\"https:\\\/\\\/shop.bantam.ch\\\/wp-content\\\/uploads\\\/2022\\\/12\\\/bantam-logo.png\",\"width\":320,\"height\":71,\"caption\":\"Bantam Wankm\u00fcller SA\"},\"image\":{\"@id\":\"https:\\\/\\\/shop.bantam.ch\\\/fr\\\/#\\\/schema\\\/logo\\\/image\\\/\"}}]}<\/script>\n<!-- \/ Yoast SEO plugin. -->","yoast_head_json":{"title":"Amarrage d'encadrement de porte Door Frame Lock - Bantam Wankm\u00fcller SA","robots":{"index":"index","follow":"follow","max-snippet":"max-snippet:-1","max-image-preview":"max-image-preview:large","max-video-preview":"max-video-preview:-1"},"canonical":"https:\/\/shop.bantam.ch\/fr\/produit\/amarrage-dencadrement-de-porte-door-frame-lock\/","og_locale":"fr_FR","og_type":"article","og_title":"Amarrage d'encadrement de porte Door Frame Lock - Bantam Wankm\u00fcller SA","og_description":"Semblable \u00e0 la serrure Thule, mais \u00e0 installer sur le cadre de porte, s\u2019il est impossible de l\u2019installer en raison des meubles ajout\u00e9s \u00e0 l\u2019int\u00e9rieur. Convient aux portes s\u2019ouvrant vers la gauche ou la droite. Une fente de 5\u00a0mm est n\u00e9cessaire pour le montage. Mat\u00e9riau\u00a0:Aluminium laqu\u00e9 robuste","og_url":"https:\/\/shop.bantam.ch\/fr\/produit\/amarrage-dencadrement-de-porte-door-frame-lock\/","og_site_name":"Bantam Wankm\u00fcller SA","article_modified_time":"2026-04-18T19:26:51+00:00","og_image":[{"width":1000,"height":667,"url":"https:\/\/shop.bantam.ch\/wp-content\/uploads\/2023\/02\/9957331-Tuerrahmenbefest_DoorLock-Standard-01.jpg","type":"image\/jpeg"}],"twitter_card":"summary_large_image","schema":{"@context":"https:\/\/schema.org","@graph":[{"@type":"WebPage","@id":"https:\/\/shop.bantam.ch\/fr\/produit\/amarrage-dencadrement-de-porte-door-frame-lock\/","url":"https:\/\/shop.bantam.ch\/fr\/produit\/amarrage-dencadrement-de-porte-door-frame-lock\/","name":"Amarrage d'encadrement de porte Door Frame Lock - Bantam Wankm\u00fcller SA","isPartOf":{"@id":"https:\/\/shop.bantam.ch\/fr\/#website"},"primaryImageOfPage":{"@id":"https:\/\/shop.bantam.ch\/fr\/produit\/amarrage-dencadrement-de-porte-door-frame-lock\/#primaryimage"},"image":{"@id":"https:\/\/shop.bantam.ch\/fr\/produit\/amarrage-dencadrement-de-porte-door-frame-lock\/#primaryimage"},"thumbnailUrl":"https:\/\/shop.bantam.ch\/wp-content\/uploads\/2023\/02\/9957331-Tuerrahmenbefest_DoorLock-Standard-01.jpg","datePublished":"2023-02-23T13:29:23+00:00","dateModified":"2026-04-18T19:26:51+00:00","breadcrumb":{"@id":"https:\/\/shop.bantam.ch\/fr\/produit\/amarrage-dencadrement-de-porte-door-frame-lock\/#breadcrumb"},"inLanguage":"fr-FR","potentialAction":[{"@type":"ReadAction","target":["https:\/\/shop.bantam.ch\/fr\/produit\/amarrage-dencadrement-de-porte-door-frame-lock\/"]}]},{"@type":"ImageObject","inLanguage":"fr-FR","@id":"https:\/\/shop.bantam.ch\/fr\/produit\/amarrage-dencadrement-de-porte-door-frame-lock\/#primaryimage","url":"https:\/\/shop.bantam.ch\/wp-content\/uploads\/2023\/02\/9957331-Tuerrahmenbefest_DoorLock-Standard-01.jpg","contentUrl":"https:\/\/shop.bantam.ch\/wp-content\/uploads\/2023\/02\/9957331-Tuerrahmenbefest_DoorLock-Standard-01.jpg","width":1000,"height":667},{"@type":"BreadcrumbList","@id":"https:\/\/shop.bantam.ch\/fr\/produit\/amarrage-dencadrement-de-porte-door-frame-lock\/#breadcrumb","itemListElement":[{"@type":"ListItem","position":1,"name":"Accueil","item":"https:\/\/shop.bantam.ch\/fr\/"},{"@type":"ListItem","position":2,"name":"Boutique","item":"https:\/\/shop.bantam.ch\/fr\/boutique\/"},{"@type":"ListItem","position":3,"name":"Amarrage d&rsquo;encadrement de porte Door Frame Lock"}]},{"@type":"WebSite","@id":"https:\/\/shop.bantam.ch\/fr\/#website","url":"https:\/\/shop.bantam.ch\/fr\/","name":"Bantam Wankm\u00fcller SA","description":"","publisher":{"@id":"https:\/\/shop.bantam.ch\/fr\/#organization"},"inLanguage":"fr-FR"},{"@type":"Organization","@id":"https:\/\/shop.bantam.ch\/fr\/#organization","name":"Bantam Wankm\u00fcller SA","url":"https:\/\/shop.bantam.ch\/fr\/","logo":{"@type":"ImageObject","inLanguage":"fr-FR","@id":"https:\/\/shop.bantam.ch\/fr\/#\/schema\/logo\/image\/","url":"https:\/\/shop.bantam.ch\/wp-content\/uploads\/2022\/12\/bantam-logo.png","contentUrl":"https:\/\/shop.bantam.ch\/wp-content\/uploads\/2022\/12\/bantam-logo.png","width":320,"height":71,"caption":"Bantam Wankm\u00fcller SA"},"image":{"@id":"https:\/\/shop.bantam.ch\/fr\/#\/schema\/logo\/image\/"}}]}},"_links":{"self":[{"href":"https:\/\/shop.bantam.ch\/fr\/wp-json\/wp\/v2\/product\/52797","targetHints":{"allow":["GET"]}}],"collection":[{"href":"https:\/\/shop.bantam.ch\/fr\/wp-json\/wp\/v2\/product"}],"about":[{"href":"https:\/\/shop.bantam.ch\/fr\/wp-json\/wp\/v2\/types\/product"}],"wp:featuredmedia":[{"embeddable":true,"href":"https:\/\/shop.bantam.ch\/fr\/wp-json\/wp\/v2\/media\/52793"}],"wp:attachment":[{"href":"https:\/\/shop.bantam.ch\/fr\/wp-json\/wp\/v2\/media?parent=52797"}],"wp:term":[{"taxonomy":"product_featured_cat","embeddable":true,"href":"https:\/\/shop.bantam.ch\/fr\/wp-json\/wp\/v2\/product_featured_cat?post=52797"},{"taxonomy":"product_brand","embeddable":true,"href":"https:\/\/shop.bantam.ch\/fr\/wp-json\/wp\/v2\/product_brand?post=52797"},{"taxonomy":"product_cat","embeddable":true,"href":"https:\/\/shop.bantam.ch\/fr\/wp-json\/wp\/v2\/product_cat?post=52797"},{"taxonomy":"product_tag","embeddable":true,"href":"https:\/\/shop.bantam.ch\/fr\/wp-json\/wp\/v2\/product_tag?post=52797"}],"curies":[{"name":"wp","href":"https:\/\/api.w.org\/{rel}","templated":true}]}}