{"id":52364,"date":"2023-02-23T14:20:25","date_gmt":"2023-02-23T13:20:25","guid":{"rendered":"http:\/\/preprod-dev.sh1.hidora.com\/webshop\/produit\/systeme-satellite-automatique-cytrac-dx-vision\/"},"modified":"2026-04-18T21:23:59","modified_gmt":"2026-04-18T19:23:59","slug":"systeme-satellite-automatique-cytrac-dx-vision","status":"publish","type":"product","link":"https:\/\/shop.bantam.ch\/fr\/produit\/systeme-satellite-automatique-cytrac-dx-vision\/","title":{"rendered":"Syst\u00e8me satellite automatique Cytrac DX Vision"},"content":{"rendered":"<p>Compact, moderne et une gigantesque zone de r\u00e9ception.<br \/>Technologie d&rsquo;antenne brevet\u00e9e pour une plus grande port\u00e9e. Une antenne petite et compacte pour un montage peu encombrant sur le toit du v\u00e9hicule. Simple, l\u00e9ger et facile \u00e0 utiliser. R\u00e9glage compl\u00e8tement automatique et localisation du satellite normalement entre 30 et 60 secondes. Technique LEM : R\u00e9duction du temps de recherche (l&rsquo;antenne cherche le dernier angle d&rsquo;inclinaison configur\u00e9). Mise en marche autonome au d\u00e9marrage du v\u00e9hicule Traitement de qualit\u00e9 pour un \u00e9quipement solide. Construction solide et fiable r\u00e9sistant \u00e9galement \u00e0 la gr\u00eale (gr\u00e2ce \u00e0 la mati\u00e8re plastique PC-ASA)<\/p>\n<p>Technologie de r\u00e9ception brevet\u00e9e<br \/>La pi\u00e8ce ma\u00eetresse du Cytrac DX se compose de 1016\u00a0antennes individuelles coupl\u00e9es et dispos\u00e9es en nid d\u2018abeille. Une s\u00e9paration soigneuse des circuits entre les deux plans de polarisation \u00e9limine toute diaphonie et<br \/>assure une puret\u00e9 du signal encore jamais atteinte, particuli\u00e8rement int\u00e9ressante en ce qui concerne les cha\u00eenes HD. L&rsquo;accumulation de signaux se fait en utilisant des m\u00e9thodes de calcul math\u00e9matiques des plus modernes, garantissant ainsi une qualit\u00e9 de r\u00e9ception incroyable.<\/p>\n<p>Variante de base, sp\u00e9cialement con\u00e7ue pour ceux qui ont uniquement besoin d&rsquo;une installation satellite et qui poss\u00e8dent d\u00e9j\u00e0 leur propre r\u00e9cepteur ou un t\u00e9l\u00e9viseur avec r\u00e9cepteur int\u00e9gr\u00e9.<\/p>\n<p>Caract\u00e9ristiques :<br \/>Panneau de commande s\u00e9par\u00e9 de l&rsquo;installation satellite. Mise \u00e0 jour logiciel via la carte SD. Utilisation tr\u00e8s simple.<\/p>\n<ul>\n<li>Technique \u00e0 un c\u00e2ble<\/li>\n<li>Condition APPLI<\/li>\n<li>Mises \u00e0 jour automatiques via APPLI<\/li>\n<li>Technologie de r\u00e9ception brevet\u00e9e pour une port\u00e9e incroyable<\/li>\n<li>Montage peu encombrant sur pratiquement tous les toits de v\u00e9hicules<\/li>\n<li>Hauteur de montage tr\u00e8s faible<\/li>\n<li>Orientation et recherche des satellites enti\u00e8rement automatiques<\/li>\n<li>Mise en marche autonome au d\u00e9marrage du v\u00e9hicule<\/li>\n<li>Changement de satellite automatique.<\/li>\n<li>Traitement de qualit\u00e9 pour un \u00e9quipement solide.<\/li>\n<li>Fabricant certifi\u00e9 QM selon ISO 9001<\/li>\n<li>3 ans de garantie fabricant et service client \u00e0 l&rsquo;\u00e9coute.<\/li>\n<li>Tension de raccordement (tension \u00e0 bord) 12 \/ 24 volts<\/li>\n<li>Marque de r\u00e9ception par type<\/li>\n<\/ul>\n<p>Commande via APPLI incluse<br \/>L\u2019application ten haaft est maintenant disponible pour une commande ais\u00e9e de la Cytrac. Elle permet \u00e9galement d\u2019installer des mises \u00e0 jour en toute simplicit\u00e9 afin que votre installation soit toujours actuelle du point de vue logiciel.<br \/>Compatible Android et iOS.<br data-mce-bogus=\"1\"><\/p>\n","protected":false},"excerpt":{"rendered":"<p>Compact, moderne et une gigantesque zone de r\u00e9ception.Technologie d&rsquo;antenne brevet\u00e9e pour une plus grande port\u00e9e. Une antenne petite et compacte pour un montage peu encombrant sur le toit du v\u00e9hicule. Simple, l\u00e9ger et facile \u00e0 utiliser. R\u00e9glage compl\u00e8tement automatique et localisation du satellite normalement entre 30 et 60 secondes. Technique LEM : R\u00e9duction du temps [&hellip;]<\/p>\n","protected":false},"featured_media":52344,"template":"","meta":{"_acf_changed":false},"product_featured_cat":[],"product_brand":[3126],"product_cat":[4523],"product_tag":[],"class_list":{"0":"post-52364","1":"product","2":"type-product","3":"status-publish","4":"has-post-thumbnail","6":"product_brand-oyster","7":"product_cat-systemes-satellitaires","9":"first","10":"instock","11":"taxable","12":"shipping-taxable","13":"purchasable","14":"product-type-variable"},"acf":[],"yoast_head":"<!-- This site is optimized with the Yoast SEO plugin v27.4 - https:\/\/yoast.com\/product\/yoast-seo-wordpress\/ -->\n<title>Syst\u00e8me satellite automatique Cytrac DX Vision - Bantam Wankm\u00fcller SA<\/title>\n<meta name=\"robots\" content=\"index, follow, max-snippet:-1, max-image-preview:large, max-video-preview:-1\" \/>\n<link rel=\"canonical\" href=\"https:\/\/shop.bantam.ch\/fr\/produit\/systeme-satellite-automatique-cytrac-dx-vision\/\" \/>\n<meta property=\"og:locale\" content=\"fr_FR\" \/>\n<meta property=\"og:type\" content=\"article\" \/>\n<meta property=\"og:title\" content=\"Syst\u00e8me satellite automatique Cytrac DX Vision - Bantam Wankm\u00fcller SA\" \/>\n<meta property=\"og:description\" content=\"Compact, moderne et une gigantesque zone de r\u00e9ception.Technologie d&rsquo;antenne brevet\u00e9e pour une plus grande port\u00e9e. Une antenne petite et compacte pour un montage peu encombrant sur le toit du v\u00e9hicule. Simple, l\u00e9ger et facile \u00e0 utiliser. R\u00e9glage compl\u00e8tement automatique et localisation du satellite normalement entre 30 et 60 secondes. Technique LEM : R\u00e9duction du temps [&hellip;]\" \/>\n<meta property=\"og:url\" content=\"https:\/\/shop.bantam.ch\/fr\/produit\/systeme-satellite-automatique-cytrac-dx-vision\/\" \/>\n<meta property=\"og:site_name\" content=\"Bantam Wankm\u00fcller SA\" \/>\n<meta property=\"article:modified_time\" content=\"2026-04-18T19:23:59+00:00\" \/>\n<meta property=\"og:image\" content=\"https:\/\/shop.bantam.ch\/wp-content\/uploads\/2023\/02\/9941500-100-1-3-4.jpg\" \/>\n\t<meta property=\"og:image:width\" content=\"1000\" \/>\n\t<meta property=\"og:image:height\" content=\"900\" \/>\n\t<meta property=\"og:image:type\" content=\"image\/jpeg\" \/>\n<meta name=\"twitter:card\" content=\"summary_large_image\" \/>\n<meta name=\"twitter:label1\" content=\"Dur\u00e9e de lecture estim\u00e9e\" \/>\n\t<meta name=\"twitter:data1\" content=\"2 minutes\" \/>\n<script type=\"application\/ld+json\" class=\"yoast-schema-graph\">{\"@context\":\"https:\\\/\\\/schema.org\",\"@graph\":[{\"@type\":\"WebPage\",\"@id\":\"https:\\\/\\\/shop.bantam.ch\\\/fr\\\/produit\\\/systeme-satellite-automatique-cytrac-dx-vision\\\/\",\"url\":\"https:\\\/\\\/shop.bantam.ch\\\/fr\\\/produit\\\/systeme-satellite-automatique-cytrac-dx-vision\\\/\",\"name\":\"Syst\u00e8me satellite automatique Cytrac DX Vision - Bantam Wankm\u00fcller SA\",\"isPartOf\":{\"@id\":\"https:\\\/\\\/shop.bantam.ch\\\/fr\\\/#website\"},\"primaryImageOfPage\":{\"@id\":\"https:\\\/\\\/shop.bantam.ch\\\/fr\\\/produit\\\/systeme-satellite-automatique-cytrac-dx-vision\\\/#primaryimage\"},\"image\":{\"@id\":\"https:\\\/\\\/shop.bantam.ch\\\/fr\\\/produit\\\/systeme-satellite-automatique-cytrac-dx-vision\\\/#primaryimage\"},\"thumbnailUrl\":\"https:\\\/\\\/shop.bantam.ch\\\/wp-content\\\/uploads\\\/2023\\\/02\\\/9941500-100-1-3-4.jpg\",\"datePublished\":\"2023-02-23T13:20:25+00:00\",\"dateModified\":\"2026-04-18T19:23:59+00:00\",\"breadcrumb\":{\"@id\":\"https:\\\/\\\/shop.bantam.ch\\\/fr\\\/produit\\\/systeme-satellite-automatique-cytrac-dx-vision\\\/#breadcrumb\"},\"inLanguage\":\"fr-FR\",\"potentialAction\":[{\"@type\":\"ReadAction\",\"target\":[\"https:\\\/\\\/shop.bantam.ch\\\/fr\\\/produit\\\/systeme-satellite-automatique-cytrac-dx-vision\\\/\"]}]},{\"@type\":\"ImageObject\",\"inLanguage\":\"fr-FR\",\"@id\":\"https:\\\/\\\/shop.bantam.ch\\\/fr\\\/produit\\\/systeme-satellite-automatique-cytrac-dx-vision\\\/#primaryimage\",\"url\":\"https:\\\/\\\/shop.bantam.ch\\\/wp-content\\\/uploads\\\/2023\\\/02\\\/9941500-100-1-3-4.jpg\",\"contentUrl\":\"https:\\\/\\\/shop.bantam.ch\\\/wp-content\\\/uploads\\\/2023\\\/02\\\/9941500-100-1-3-4.jpg\",\"width\":1000,\"height\":900},{\"@type\":\"BreadcrumbList\",\"@id\":\"https:\\\/\\\/shop.bantam.ch\\\/fr\\\/produit\\\/systeme-satellite-automatique-cytrac-dx-vision\\\/#breadcrumb\",\"itemListElement\":[{\"@type\":\"ListItem\",\"position\":1,\"name\":\"Accueil\",\"item\":\"https:\\\/\\\/shop.bantam.ch\\\/fr\\\/\"},{\"@type\":\"ListItem\",\"position\":2,\"name\":\"Boutique\",\"item\":\"https:\\\/\\\/shop.bantam.ch\\\/fr\\\/boutique\\\/\"},{\"@type\":\"ListItem\",\"position\":3,\"name\":\"Syst\u00e8me satellite automatique Cytrac DX Vision\"}]},{\"@type\":\"WebSite\",\"@id\":\"https:\\\/\\\/shop.bantam.ch\\\/fr\\\/#website\",\"url\":\"https:\\\/\\\/shop.bantam.ch\\\/fr\\\/\",\"name\":\"Bantam Wankm\u00fcller SA\",\"description\":\"\",\"publisher\":{\"@id\":\"https:\\\/\\\/shop.bantam.ch\\\/fr\\\/#organization\"},\"inLanguage\":\"fr-FR\"},{\"@type\":\"Organization\",\"@id\":\"https:\\\/\\\/shop.bantam.ch\\\/fr\\\/#organization\",\"name\":\"Bantam Wankm\u00fcller SA\",\"url\":\"https:\\\/\\\/shop.bantam.ch\\\/fr\\\/\",\"logo\":{\"@type\":\"ImageObject\",\"inLanguage\":\"fr-FR\",\"@id\":\"https:\\\/\\\/shop.bantam.ch\\\/fr\\\/#\\\/schema\\\/logo\\\/image\\\/\",\"url\":\"https:\\\/\\\/shop.bantam.ch\\\/wp-content\\\/uploads\\\/2022\\\/12\\\/bantam-logo.png\",\"contentUrl\":\"https:\\\/\\\/shop.bantam.ch\\\/wp-content\\\/uploads\\\/2022\\\/12\\\/bantam-logo.png\",\"width\":320,\"height\":71,\"caption\":\"Bantam Wankm\u00fcller SA\"},\"image\":{\"@id\":\"https:\\\/\\\/shop.bantam.ch\\\/fr\\\/#\\\/schema\\\/logo\\\/image\\\/\"}}]}<\/script>\n<!-- \/ Yoast SEO plugin. -->","yoast_head_json":{"title":"Syst\u00e8me satellite automatique Cytrac DX Vision - Bantam Wankm\u00fcller SA","robots":{"index":"index","follow":"follow","max-snippet":"max-snippet:-1","max-image-preview":"max-image-preview:large","max-video-preview":"max-video-preview:-1"},"canonical":"https:\/\/shop.bantam.ch\/fr\/produit\/systeme-satellite-automatique-cytrac-dx-vision\/","og_locale":"fr_FR","og_type":"article","og_title":"Syst\u00e8me satellite automatique Cytrac DX Vision - Bantam Wankm\u00fcller SA","og_description":"Compact, moderne et une gigantesque zone de r\u00e9ception.Technologie d&rsquo;antenne brevet\u00e9e pour une plus grande port\u00e9e. Une antenne petite et compacte pour un montage peu encombrant sur le toit du v\u00e9hicule. Simple, l\u00e9ger et facile \u00e0 utiliser. R\u00e9glage compl\u00e8tement automatique et localisation du satellite normalement entre 30 et 60 secondes. Technique LEM : R\u00e9duction du temps [&hellip;]","og_url":"https:\/\/shop.bantam.ch\/fr\/produit\/systeme-satellite-automatique-cytrac-dx-vision\/","og_site_name":"Bantam Wankm\u00fcller SA","article_modified_time":"2026-04-18T19:23:59+00:00","og_image":[{"width":1000,"height":900,"url":"https:\/\/shop.bantam.ch\/wp-content\/uploads\/2023\/02\/9941500-100-1-3-4.jpg","type":"image\/jpeg"}],"twitter_card":"summary_large_image","twitter_misc":{"Dur\u00e9e de lecture estim\u00e9e":"2 minutes"},"schema":{"@context":"https:\/\/schema.org","@graph":[{"@type":"WebPage","@id":"https:\/\/shop.bantam.ch\/fr\/produit\/systeme-satellite-automatique-cytrac-dx-vision\/","url":"https:\/\/shop.bantam.ch\/fr\/produit\/systeme-satellite-automatique-cytrac-dx-vision\/","name":"Syst\u00e8me satellite automatique Cytrac DX Vision - Bantam Wankm\u00fcller SA","isPartOf":{"@id":"https:\/\/shop.bantam.ch\/fr\/#website"},"primaryImageOfPage":{"@id":"https:\/\/shop.bantam.ch\/fr\/produit\/systeme-satellite-automatique-cytrac-dx-vision\/#primaryimage"},"image":{"@id":"https:\/\/shop.bantam.ch\/fr\/produit\/systeme-satellite-automatique-cytrac-dx-vision\/#primaryimage"},"thumbnailUrl":"https:\/\/shop.bantam.ch\/wp-content\/uploads\/2023\/02\/9941500-100-1-3-4.jpg","datePublished":"2023-02-23T13:20:25+00:00","dateModified":"2026-04-18T19:23:59+00:00","breadcrumb":{"@id":"https:\/\/shop.bantam.ch\/fr\/produit\/systeme-satellite-automatique-cytrac-dx-vision\/#breadcrumb"},"inLanguage":"fr-FR","potentialAction":[{"@type":"ReadAction","target":["https:\/\/shop.bantam.ch\/fr\/produit\/systeme-satellite-automatique-cytrac-dx-vision\/"]}]},{"@type":"ImageObject","inLanguage":"fr-FR","@id":"https:\/\/shop.bantam.ch\/fr\/produit\/systeme-satellite-automatique-cytrac-dx-vision\/#primaryimage","url":"https:\/\/shop.bantam.ch\/wp-content\/uploads\/2023\/02\/9941500-100-1-3-4.jpg","contentUrl":"https:\/\/shop.bantam.ch\/wp-content\/uploads\/2023\/02\/9941500-100-1-3-4.jpg","width":1000,"height":900},{"@type":"BreadcrumbList","@id":"https:\/\/shop.bantam.ch\/fr\/produit\/systeme-satellite-automatique-cytrac-dx-vision\/#breadcrumb","itemListElement":[{"@type":"ListItem","position":1,"name":"Accueil","item":"https:\/\/shop.bantam.ch\/fr\/"},{"@type":"ListItem","position":2,"name":"Boutique","item":"https:\/\/shop.bantam.ch\/fr\/boutique\/"},{"@type":"ListItem","position":3,"name":"Syst\u00e8me satellite automatique Cytrac DX Vision"}]},{"@type":"WebSite","@id":"https:\/\/shop.bantam.ch\/fr\/#website","url":"https:\/\/shop.bantam.ch\/fr\/","name":"Bantam Wankm\u00fcller SA","description":"","publisher":{"@id":"https:\/\/shop.bantam.ch\/fr\/#organization"},"inLanguage":"fr-FR"},{"@type":"Organization","@id":"https:\/\/shop.bantam.ch\/fr\/#organization","name":"Bantam Wankm\u00fcller SA","url":"https:\/\/shop.bantam.ch\/fr\/","logo":{"@type":"ImageObject","inLanguage":"fr-FR","@id":"https:\/\/shop.bantam.ch\/fr\/#\/schema\/logo\/image\/","url":"https:\/\/shop.bantam.ch\/wp-content\/uploads\/2022\/12\/bantam-logo.png","contentUrl":"https:\/\/shop.bantam.ch\/wp-content\/uploads\/2022\/12\/bantam-logo.png","width":320,"height":71,"caption":"Bantam Wankm\u00fcller SA"},"image":{"@id":"https:\/\/shop.bantam.ch\/fr\/#\/schema\/logo\/image\/"}}]}},"_links":{"self":[{"href":"https:\/\/shop.bantam.ch\/fr\/wp-json\/wp\/v2\/product\/52364","targetHints":{"allow":["GET"]}}],"collection":[{"href":"https:\/\/shop.bantam.ch\/fr\/wp-json\/wp\/v2\/product"}],"about":[{"href":"https:\/\/shop.bantam.ch\/fr\/wp-json\/wp\/v2\/types\/product"}],"wp:featuredmedia":[{"embeddable":true,"href":"https:\/\/shop.bantam.ch\/fr\/wp-json\/wp\/v2\/media\/52344"}],"wp:attachment":[{"href":"https:\/\/shop.bantam.ch\/fr\/wp-json\/wp\/v2\/media?parent=52364"}],"wp:term":[{"taxonomy":"product_featured_cat","embeddable":true,"href":"https:\/\/shop.bantam.ch\/fr\/wp-json\/wp\/v2\/product_featured_cat?post=52364"},{"taxonomy":"product_brand","embeddable":true,"href":"https:\/\/shop.bantam.ch\/fr\/wp-json\/wp\/v2\/product_brand?post=52364"},{"taxonomy":"product_cat","embeddable":true,"href":"https:\/\/shop.bantam.ch\/fr\/wp-json\/wp\/v2\/product_cat?post=52364"},{"taxonomy":"product_tag","embeddable":true,"href":"https:\/\/shop.bantam.ch\/fr\/wp-json\/wp\/v2\/product_tag?post=52364"}],"curies":[{"name":"wp","href":"https:\/\/api.w.org\/{rel}","templated":true}]}}