{"id":51854,"date":"2023-02-23T14:12:02","date_gmt":"2023-02-23T13:12:02","guid":{"rendered":"http:\/\/preprod-dev.sh1.hidora.com\/webshop\/produit\/porte-velo-lift-v-16\/"},"modified":"2026-04-18T21:21:59","modified_gmt":"2026-04-18T19:21:59","slug":"porte-velo-lift-v-16","status":"publish","type":"product","link":"https:\/\/shop.bantam.ch\/fr\/produit\/porte-velo-lift-v-16\/","title":{"rendered":"Porte-v\u00e9lo Lift V 16"},"content":{"rendered":"<p>Le Thule Lift V16 est manuel, sans moteur. Le verrou de la plate-forme offre un excellent contr\u00f4le dynamique de la charge et prot\u00e8ge vos v\u00e9los classiques et \u00e9lectriques pendant le transport. La plate-forme est verrouill\u00e9e manuellement et peut facilement \u00eatre verrouill\u00e9e en position redress\u00e9e quand elle n\u2019est pas utilis\u00e9e. Le cadre de levage est fix\u00e9 de mani\u00e8re stable et s\u00fbre lors du trajet par des ceintures de s\u00e9curit\u00e9 int\u00e9gr\u00e9es.<br \/>Gr\u00e2ce aux fixations de roue r\u00e9glables, vous pouvez facilement choisir le r\u00e9glage parfait pour vos v\u00e9los classiques et \u00e9lectriques. Les supports de roue r\u00e9glables \u00e0 l&rsquo;infini permettent de fixer presque tous les v\u00e9los classiques et \u00e9lectriques sur le porte-v\u00e9los. <br \/>Les sangles \u00e0 cliquet de jante Thule, extr\u00eamement conviviales, permettent une fixation facile et rapide des roues. Les porte-cadres de v\u00e9lo verrouillables \u00e0 surface souple peuvent facilement \u00eatre d\u00e9plac\u00e9s lat\u00e9ralement pour s&rsquo;aligner sur le cadre de v\u00e9lo. Extensible \u00e0 3 v\u00e9los.<\/p>\n","protected":false},"excerpt":{"rendered":"<p>Le Thule Lift V16 est manuel, sans moteur. Le verrou de la plate-forme offre un excellent contr\u00f4le dynamique de la charge et prot\u00e8ge vos v\u00e9los classiques et \u00e9lectriques pendant le transport. La plate-forme est verrouill\u00e9e manuellement et peut facilement \u00eatre verrouill\u00e9e en position redress\u00e9e quand elle n\u2019est pas utilis\u00e9e. Le cadre de levage est fix\u00e9 [&hellip;]<\/p>\n","protected":false},"featured_media":51842,"template":"","meta":{"_acf_changed":false},"product_featured_cat":[],"product_brand":[3046],"product_cat":[5137],"product_tag":[],"class_list":{"0":"post-51854","1":"product","2":"type-product","3":"status-publish","4":"has-post-thumbnail","6":"product_brand-thule","7":"product_cat-porte-velos-arriere","9":"first","10":"instock","11":"taxable","12":"shipping-taxable","13":"purchasable","14":"product-type-variable"},"acf":[],"yoast_head":"<!-- This site is optimized with the Yoast SEO plugin v27.4 - https:\/\/yoast.com\/product\/yoast-seo-wordpress\/ -->\n<title>Porte-v\u00e9lo Lift V 16 - Bantam Wankm\u00fcller SA<\/title>\n<meta name=\"robots\" content=\"index, follow, max-snippet:-1, max-image-preview:large, max-video-preview:-1\" \/>\n<link rel=\"canonical\" href=\"https:\/\/shop.bantam.ch\/fr\/produit\/porte-velo-lift-v-16\/\" \/>\n<meta property=\"og:locale\" content=\"fr_FR\" \/>\n<meta property=\"og:type\" content=\"article\" \/>\n<meta property=\"og:title\" content=\"Porte-v\u00e9lo Lift V 16 - Bantam Wankm\u00fcller SA\" \/>\n<meta property=\"og:description\" content=\"Le Thule Lift V16 est manuel, sans moteur. Le verrou de la plate-forme offre un excellent contr\u00f4le dynamique de la charge et prot\u00e8ge vos v\u00e9los classiques et \u00e9lectriques pendant le transport. La plate-forme est verrouill\u00e9e manuellement et peut facilement \u00eatre verrouill\u00e9e en position redress\u00e9e quand elle n\u2019est pas utilis\u00e9e. Le cadre de levage est fix\u00e9 [&hellip;]\" \/>\n<meta property=\"og:url\" content=\"https:\/\/shop.bantam.ch\/fr\/produit\/porte-velo-lift-v-16\/\" \/>\n<meta property=\"og:site_name\" content=\"Bantam Wankm\u00fcller SA\" \/>\n<meta property=\"article:modified_time\" content=\"2026-04-18T19:21:59+00:00\" \/>\n<meta property=\"og:image\" content=\"https:\/\/shop.bantam.ch\/wp-content\/uploads\/2023\/02\/9940636-Fahrradtraeger_Thule_Lift_V16_manuell_ohne_Motor_2_Raeder_oder_2_E-Bikes_Traglast_50_kg_-Standard-01-2.jpg\" \/>\n\t<meta property=\"og:image:width\" content=\"1000\" \/>\n\t<meta property=\"og:image:height\" content=\"662\" \/>\n\t<meta property=\"og:image:type\" content=\"image\/jpeg\" \/>\n<meta name=\"twitter:card\" content=\"summary_large_image\" \/>\n<meta name=\"twitter:label1\" content=\"Dur\u00e9e de lecture estim\u00e9e\" \/>\n\t<meta name=\"twitter:data1\" content=\"1 minute\" \/>\n<script type=\"application\/ld+json\" class=\"yoast-schema-graph\">{\"@context\":\"https:\\\/\\\/schema.org\",\"@graph\":[{\"@type\":\"WebPage\",\"@id\":\"https:\\\/\\\/shop.bantam.ch\\\/fr\\\/produit\\\/porte-velo-lift-v-16\\\/\",\"url\":\"https:\\\/\\\/shop.bantam.ch\\\/fr\\\/produit\\\/porte-velo-lift-v-16\\\/\",\"name\":\"Porte-v\u00e9lo Lift V 16 - Bantam Wankm\u00fcller SA\",\"isPartOf\":{\"@id\":\"https:\\\/\\\/shop.bantam.ch\\\/fr\\\/#website\"},\"primaryImageOfPage\":{\"@id\":\"https:\\\/\\\/shop.bantam.ch\\\/fr\\\/produit\\\/porte-velo-lift-v-16\\\/#primaryimage\"},\"image\":{\"@id\":\"https:\\\/\\\/shop.bantam.ch\\\/fr\\\/produit\\\/porte-velo-lift-v-16\\\/#primaryimage\"},\"thumbnailUrl\":\"https:\\\/\\\/shop.bantam.ch\\\/wp-content\\\/uploads\\\/2023\\\/02\\\/9940636-Fahrradtraeger_Thule_Lift_V16_manuell_ohne_Motor_2_Raeder_oder_2_E-Bikes_Traglast_50_kg_-Standard-01-2.jpg\",\"datePublished\":\"2023-02-23T13:12:02+00:00\",\"dateModified\":\"2026-04-18T19:21:59+00:00\",\"breadcrumb\":{\"@id\":\"https:\\\/\\\/shop.bantam.ch\\\/fr\\\/produit\\\/porte-velo-lift-v-16\\\/#breadcrumb\"},\"inLanguage\":\"fr-FR\",\"potentialAction\":[{\"@type\":\"ReadAction\",\"target\":[\"https:\\\/\\\/shop.bantam.ch\\\/fr\\\/produit\\\/porte-velo-lift-v-16\\\/\"]}]},{\"@type\":\"ImageObject\",\"inLanguage\":\"fr-FR\",\"@id\":\"https:\\\/\\\/shop.bantam.ch\\\/fr\\\/produit\\\/porte-velo-lift-v-16\\\/#primaryimage\",\"url\":\"https:\\\/\\\/shop.bantam.ch\\\/wp-content\\\/uploads\\\/2023\\\/02\\\/9940636-Fahrradtraeger_Thule_Lift_V16_manuell_ohne_Motor_2_Raeder_oder_2_E-Bikes_Traglast_50_kg_-Standard-01-2.jpg\",\"contentUrl\":\"https:\\\/\\\/shop.bantam.ch\\\/wp-content\\\/uploads\\\/2023\\\/02\\\/9940636-Fahrradtraeger_Thule_Lift_V16_manuell_ohne_Motor_2_Raeder_oder_2_E-Bikes_Traglast_50_kg_-Standard-01-2.jpg\",\"width\":1000,\"height\":662},{\"@type\":\"BreadcrumbList\",\"@id\":\"https:\\\/\\\/shop.bantam.ch\\\/fr\\\/produit\\\/porte-velo-lift-v-16\\\/#breadcrumb\",\"itemListElement\":[{\"@type\":\"ListItem\",\"position\":1,\"name\":\"Accueil\",\"item\":\"https:\\\/\\\/shop.bantam.ch\\\/fr\\\/\"},{\"@type\":\"ListItem\",\"position\":2,\"name\":\"Boutique\",\"item\":\"https:\\\/\\\/shop.bantam.ch\\\/fr\\\/boutique\\\/\"},{\"@type\":\"ListItem\",\"position\":3,\"name\":\"Porte-v\u00e9lo Lift V 16\"}]},{\"@type\":\"WebSite\",\"@id\":\"https:\\\/\\\/shop.bantam.ch\\\/fr\\\/#website\",\"url\":\"https:\\\/\\\/shop.bantam.ch\\\/fr\\\/\",\"name\":\"Bantam Wankm\u00fcller SA\",\"description\":\"\",\"publisher\":{\"@id\":\"https:\\\/\\\/shop.bantam.ch\\\/fr\\\/#organization\"},\"inLanguage\":\"fr-FR\"},{\"@type\":\"Organization\",\"@id\":\"https:\\\/\\\/shop.bantam.ch\\\/fr\\\/#organization\",\"name\":\"Bantam Wankm\u00fcller SA\",\"url\":\"https:\\\/\\\/shop.bantam.ch\\\/fr\\\/\",\"logo\":{\"@type\":\"ImageObject\",\"inLanguage\":\"fr-FR\",\"@id\":\"https:\\\/\\\/shop.bantam.ch\\\/fr\\\/#\\\/schema\\\/logo\\\/image\\\/\",\"url\":\"https:\\\/\\\/shop.bantam.ch\\\/wp-content\\\/uploads\\\/2022\\\/12\\\/bantam-logo.png\",\"contentUrl\":\"https:\\\/\\\/shop.bantam.ch\\\/wp-content\\\/uploads\\\/2022\\\/12\\\/bantam-logo.png\",\"width\":320,\"height\":71,\"caption\":\"Bantam Wankm\u00fcller SA\"},\"image\":{\"@id\":\"https:\\\/\\\/shop.bantam.ch\\\/fr\\\/#\\\/schema\\\/logo\\\/image\\\/\"}}]}<\/script>\n<!-- \/ Yoast SEO plugin. -->","yoast_head_json":{"title":"Porte-v\u00e9lo Lift V 16 - Bantam Wankm\u00fcller SA","robots":{"index":"index","follow":"follow","max-snippet":"max-snippet:-1","max-image-preview":"max-image-preview:large","max-video-preview":"max-video-preview:-1"},"canonical":"https:\/\/shop.bantam.ch\/fr\/produit\/porte-velo-lift-v-16\/","og_locale":"fr_FR","og_type":"article","og_title":"Porte-v\u00e9lo Lift V 16 - Bantam Wankm\u00fcller SA","og_description":"Le Thule Lift V16 est manuel, sans moteur. Le verrou de la plate-forme offre un excellent contr\u00f4le dynamique de la charge et prot\u00e8ge vos v\u00e9los classiques et \u00e9lectriques pendant le transport. La plate-forme est verrouill\u00e9e manuellement et peut facilement \u00eatre verrouill\u00e9e en position redress\u00e9e quand elle n\u2019est pas utilis\u00e9e. Le cadre de levage est fix\u00e9 [&hellip;]","og_url":"https:\/\/shop.bantam.ch\/fr\/produit\/porte-velo-lift-v-16\/","og_site_name":"Bantam Wankm\u00fcller SA","article_modified_time":"2026-04-18T19:21:59+00:00","og_image":[{"width":1000,"height":662,"url":"https:\/\/shop.bantam.ch\/wp-content\/uploads\/2023\/02\/9940636-Fahrradtraeger_Thule_Lift_V16_manuell_ohne_Motor_2_Raeder_oder_2_E-Bikes_Traglast_50_kg_-Standard-01-2.jpg","type":"image\/jpeg"}],"twitter_card":"summary_large_image","twitter_misc":{"Dur\u00e9e de lecture estim\u00e9e":"1 minute"},"schema":{"@context":"https:\/\/schema.org","@graph":[{"@type":"WebPage","@id":"https:\/\/shop.bantam.ch\/fr\/produit\/porte-velo-lift-v-16\/","url":"https:\/\/shop.bantam.ch\/fr\/produit\/porte-velo-lift-v-16\/","name":"Porte-v\u00e9lo Lift V 16 - Bantam Wankm\u00fcller SA","isPartOf":{"@id":"https:\/\/shop.bantam.ch\/fr\/#website"},"primaryImageOfPage":{"@id":"https:\/\/shop.bantam.ch\/fr\/produit\/porte-velo-lift-v-16\/#primaryimage"},"image":{"@id":"https:\/\/shop.bantam.ch\/fr\/produit\/porte-velo-lift-v-16\/#primaryimage"},"thumbnailUrl":"https:\/\/shop.bantam.ch\/wp-content\/uploads\/2023\/02\/9940636-Fahrradtraeger_Thule_Lift_V16_manuell_ohne_Motor_2_Raeder_oder_2_E-Bikes_Traglast_50_kg_-Standard-01-2.jpg","datePublished":"2023-02-23T13:12:02+00:00","dateModified":"2026-04-18T19:21:59+00:00","breadcrumb":{"@id":"https:\/\/shop.bantam.ch\/fr\/produit\/porte-velo-lift-v-16\/#breadcrumb"},"inLanguage":"fr-FR","potentialAction":[{"@type":"ReadAction","target":["https:\/\/shop.bantam.ch\/fr\/produit\/porte-velo-lift-v-16\/"]}]},{"@type":"ImageObject","inLanguage":"fr-FR","@id":"https:\/\/shop.bantam.ch\/fr\/produit\/porte-velo-lift-v-16\/#primaryimage","url":"https:\/\/shop.bantam.ch\/wp-content\/uploads\/2023\/02\/9940636-Fahrradtraeger_Thule_Lift_V16_manuell_ohne_Motor_2_Raeder_oder_2_E-Bikes_Traglast_50_kg_-Standard-01-2.jpg","contentUrl":"https:\/\/shop.bantam.ch\/wp-content\/uploads\/2023\/02\/9940636-Fahrradtraeger_Thule_Lift_V16_manuell_ohne_Motor_2_Raeder_oder_2_E-Bikes_Traglast_50_kg_-Standard-01-2.jpg","width":1000,"height":662},{"@type":"BreadcrumbList","@id":"https:\/\/shop.bantam.ch\/fr\/produit\/porte-velo-lift-v-16\/#breadcrumb","itemListElement":[{"@type":"ListItem","position":1,"name":"Accueil","item":"https:\/\/shop.bantam.ch\/fr\/"},{"@type":"ListItem","position":2,"name":"Boutique","item":"https:\/\/shop.bantam.ch\/fr\/boutique\/"},{"@type":"ListItem","position":3,"name":"Porte-v\u00e9lo Lift V 16"}]},{"@type":"WebSite","@id":"https:\/\/shop.bantam.ch\/fr\/#website","url":"https:\/\/shop.bantam.ch\/fr\/","name":"Bantam Wankm\u00fcller SA","description":"","publisher":{"@id":"https:\/\/shop.bantam.ch\/fr\/#organization"},"inLanguage":"fr-FR"},{"@type":"Organization","@id":"https:\/\/shop.bantam.ch\/fr\/#organization","name":"Bantam Wankm\u00fcller SA","url":"https:\/\/shop.bantam.ch\/fr\/","logo":{"@type":"ImageObject","inLanguage":"fr-FR","@id":"https:\/\/shop.bantam.ch\/fr\/#\/schema\/logo\/image\/","url":"https:\/\/shop.bantam.ch\/wp-content\/uploads\/2022\/12\/bantam-logo.png","contentUrl":"https:\/\/shop.bantam.ch\/wp-content\/uploads\/2022\/12\/bantam-logo.png","width":320,"height":71,"caption":"Bantam Wankm\u00fcller SA"},"image":{"@id":"https:\/\/shop.bantam.ch\/fr\/#\/schema\/logo\/image\/"}}]}},"_links":{"self":[{"href":"https:\/\/shop.bantam.ch\/fr\/wp-json\/wp\/v2\/product\/51854","targetHints":{"allow":["GET"]}}],"collection":[{"href":"https:\/\/shop.bantam.ch\/fr\/wp-json\/wp\/v2\/product"}],"about":[{"href":"https:\/\/shop.bantam.ch\/fr\/wp-json\/wp\/v2\/types\/product"}],"wp:featuredmedia":[{"embeddable":true,"href":"https:\/\/shop.bantam.ch\/fr\/wp-json\/wp\/v2\/media\/51842"}],"wp:attachment":[{"href":"https:\/\/shop.bantam.ch\/fr\/wp-json\/wp\/v2\/media?parent=51854"}],"wp:term":[{"taxonomy":"product_featured_cat","embeddable":true,"href":"https:\/\/shop.bantam.ch\/fr\/wp-json\/wp\/v2\/product_featured_cat?post=51854"},{"taxonomy":"product_brand","embeddable":true,"href":"https:\/\/shop.bantam.ch\/fr\/wp-json\/wp\/v2\/product_brand?post=51854"},{"taxonomy":"product_cat","embeddable":true,"href":"https:\/\/shop.bantam.ch\/fr\/wp-json\/wp\/v2\/product_cat?post=51854"},{"taxonomy":"product_tag","embeddable":true,"href":"https:\/\/shop.bantam.ch\/fr\/wp-json\/wp\/v2\/product_tag?post=51854"}],"curies":[{"name":"wp","href":"https:\/\/api.w.org\/{rel}","templated":true}]}}