{"id":51616,"date":"2023-02-23T14:07:16","date_gmt":"2023-02-23T13:07:16","guid":{"rendered":"http:\/\/preprod-dev.sh1.hidora.com\/webshop\/produit\/solette-leine\/"},"modified":"2026-04-18T21:20:37","modified_gmt":"2026-04-18T19:20:37","slug":"solette-leine","status":"publish","type":"product","link":"https:\/\/shop.bantam.ch\/fr\/produit\/solette-leine\/","title":{"rendered":"Solette Leine"},"content":{"rendered":"<p>Elle est \u00e9galement disponible dans le coloris gris \u00e9prouv\u00e9 avec montage unilat\u00e9ral. Gr\u00e2ce \u00e0 ses nombreuses fonctions, notre Leine peut servir de solette, garage, couverture de timon ou toit de hayon.<\/p>\n<p>Utilisation et fonction :<br \/>Extr\u00eamement r\u00e9sistante aux d\u00e9chirures et \u00e0 la corrosion, lavable, l\u00e9g\u00e8re, r\u00e9sistante \u00e0 la lumi\u00e8re et aux intemp\u00e9ries, \u00e9tanche.<br \/>Peut servir de solette gr\u00e2ce au rail d\u2019insertion et selon vos besoins.<br \/>Peut servir de tente-abri \u00e0 l\u2019arri\u00e8re du v\u00e9hicule, m\u00eame sur les auvents int\u00e9gr\u00e9s<br \/>Tendue depuis le coffre du v\u00e9hicule, elle peut recouvrir la r\u00e9serve de gaz et le timon et servir de protection pour le grill et les v\u00e9los<br \/>Utilisable sur les mod\u00e8les Touring Hymer<br \/>Pour tous les camping-cars dot\u00e9s de rails d\u2019insertion<\/p>\n<p>\u00a0<\/p>\n<p>Mat\u00e9riau\u00a0:<br \/>100 % polyester<\/p>\n<p>\u00a0<\/p>\n<p>Contenu de la livraison :<br \/>solette<br \/>2 piquets de montage*<br \/>haubanage<br \/>sac d\u2019accessoires<br \/>haubanage<br \/>sac d\u2019accessoires<\/p>\n<p>* 2 barres sont incluses pour une largeur de tente jusqu&rsquo;\u00e0 300 cm, 3 barres sont incluses \u00e0 partir d\u2019une largeur de tente de 350 cm.<\/p>\n","protected":false},"excerpt":{"rendered":"<p>Elle est \u00e9galement disponible dans le coloris gris \u00e9prouv\u00e9 avec montage unilat\u00e9ral. Gr\u00e2ce \u00e0 ses nombreuses fonctions, notre Leine peut servir de solette, garage, couverture de timon ou toit de hayon. Utilisation et fonction :Extr\u00eamement r\u00e9sistante aux d\u00e9chirures et \u00e0 la corrosion, lavable, l\u00e9g\u00e8re, r\u00e9sistante \u00e0 la lumi\u00e8re et aux intemp\u00e9ries, \u00e9tanche.Peut servir de solette [&hellip;]<\/p>\n","protected":false},"featured_media":51596,"template":"","meta":{"_acf_changed":false},"product_featured_cat":[],"product_brand":[3042],"product_cat":[4251],"product_tag":[],"class_list":{"0":"post-51616","1":"product","2":"type-product","3":"status-publish","4":"has-post-thumbnail","6":"product_brand-wigo","7":"product_cat-voile-dombrage-pour-camping-cars","9":"first","10":"instock","11":"taxable","12":"shipping-taxable","13":"purchasable","14":"product-type-variable"},"acf":[],"yoast_head":"<!-- This site is optimized with the Yoast SEO plugin v27.4 - https:\/\/yoast.com\/product\/yoast-seo-wordpress\/ -->\n<title>Solette Leine - Bantam Wankm\u00fcller SA<\/title>\n<meta name=\"robots\" content=\"index, follow, max-snippet:-1, max-image-preview:large, max-video-preview:-1\" \/>\n<link rel=\"canonical\" href=\"https:\/\/shop.bantam.ch\/fr\/produit\/solette-leine\/\" \/>\n<meta property=\"og:locale\" content=\"fr_FR\" \/>\n<meta property=\"og:type\" content=\"article\" \/>\n<meta property=\"og:title\" content=\"Solette Leine - Bantam Wankm\u00fcller SA\" \/>\n<meta property=\"og:description\" content=\"Elle est \u00e9galement disponible dans le coloris gris \u00e9prouv\u00e9 avec montage unilat\u00e9ral. Gr\u00e2ce \u00e0 ses nombreuses fonctions, notre Leine peut servir de solette, garage, couverture de timon ou toit de hayon. Utilisation et fonction :Extr\u00eamement r\u00e9sistante aux d\u00e9chirures et \u00e0 la corrosion, lavable, l\u00e9g\u00e8re, r\u00e9sistante \u00e0 la lumi\u00e8re et aux intemp\u00e9ries, \u00e9tanche.Peut servir de solette [&hellip;]\" \/>\n<meta property=\"og:url\" content=\"https:\/\/shop.bantam.ch\/fr\/produit\/solette-leine\/\" \/>\n<meta property=\"og:site_name\" content=\"Bantam Wankm\u00fcller SA\" \/>\n<meta property=\"article:modified_time\" content=\"2026-04-18T19:20:37+00:00\" \/>\n<meta property=\"og:image\" content=\"https:\/\/shop.bantam.ch\/wp-content\/uploads\/2023\/02\/9903180-Sonnendach_LEINE_425_Fb_grau-Standard-01-10.jpg\" \/>\n\t<meta property=\"og:image:width\" content=\"1000\" \/>\n\t<meta property=\"og:image:height\" content=\"667\" \/>\n\t<meta property=\"og:image:type\" content=\"image\/jpeg\" \/>\n<meta name=\"twitter:card\" content=\"summary_large_image\" \/>\n<meta name=\"twitter:label1\" content=\"Dur\u00e9e de lecture estim\u00e9e\" \/>\n\t<meta name=\"twitter:data1\" content=\"1 minute\" \/>\n<script type=\"application\/ld+json\" class=\"yoast-schema-graph\">{\"@context\":\"https:\\\/\\\/schema.org\",\"@graph\":[{\"@type\":\"WebPage\",\"@id\":\"https:\\\/\\\/shop.bantam.ch\\\/fr\\\/produit\\\/solette-leine\\\/\",\"url\":\"https:\\\/\\\/shop.bantam.ch\\\/fr\\\/produit\\\/solette-leine\\\/\",\"name\":\"Solette Leine - Bantam Wankm\u00fcller SA\",\"isPartOf\":{\"@id\":\"https:\\\/\\\/shop.bantam.ch\\\/fr\\\/#website\"},\"primaryImageOfPage\":{\"@id\":\"https:\\\/\\\/shop.bantam.ch\\\/fr\\\/produit\\\/solette-leine\\\/#primaryimage\"},\"image\":{\"@id\":\"https:\\\/\\\/shop.bantam.ch\\\/fr\\\/produit\\\/solette-leine\\\/#primaryimage\"},\"thumbnailUrl\":\"https:\\\/\\\/shop.bantam.ch\\\/wp-content\\\/uploads\\\/2023\\\/02\\\/9903180-Sonnendach_LEINE_425_Fb_grau-Standard-01-10.jpg\",\"datePublished\":\"2023-02-23T13:07:16+00:00\",\"dateModified\":\"2026-04-18T19:20:37+00:00\",\"breadcrumb\":{\"@id\":\"https:\\\/\\\/shop.bantam.ch\\\/fr\\\/produit\\\/solette-leine\\\/#breadcrumb\"},\"inLanguage\":\"fr-FR\",\"potentialAction\":[{\"@type\":\"ReadAction\",\"target\":[\"https:\\\/\\\/shop.bantam.ch\\\/fr\\\/produit\\\/solette-leine\\\/\"]}]},{\"@type\":\"ImageObject\",\"inLanguage\":\"fr-FR\",\"@id\":\"https:\\\/\\\/shop.bantam.ch\\\/fr\\\/produit\\\/solette-leine\\\/#primaryimage\",\"url\":\"https:\\\/\\\/shop.bantam.ch\\\/wp-content\\\/uploads\\\/2023\\\/02\\\/9903180-Sonnendach_LEINE_425_Fb_grau-Standard-01-10.jpg\",\"contentUrl\":\"https:\\\/\\\/shop.bantam.ch\\\/wp-content\\\/uploads\\\/2023\\\/02\\\/9903180-Sonnendach_LEINE_425_Fb_grau-Standard-01-10.jpg\",\"width\":1000,\"height\":667},{\"@type\":\"BreadcrumbList\",\"@id\":\"https:\\\/\\\/shop.bantam.ch\\\/fr\\\/produit\\\/solette-leine\\\/#breadcrumb\",\"itemListElement\":[{\"@type\":\"ListItem\",\"position\":1,\"name\":\"Accueil\",\"item\":\"https:\\\/\\\/shop.bantam.ch\\\/fr\\\/\"},{\"@type\":\"ListItem\",\"position\":2,\"name\":\"Boutique\",\"item\":\"https:\\\/\\\/shop.bantam.ch\\\/fr\\\/boutique\\\/\"},{\"@type\":\"ListItem\",\"position\":3,\"name\":\"Solette Leine\"}]},{\"@type\":\"WebSite\",\"@id\":\"https:\\\/\\\/shop.bantam.ch\\\/fr\\\/#website\",\"url\":\"https:\\\/\\\/shop.bantam.ch\\\/fr\\\/\",\"name\":\"Bantam Wankm\u00fcller SA\",\"description\":\"\",\"publisher\":{\"@id\":\"https:\\\/\\\/shop.bantam.ch\\\/fr\\\/#organization\"},\"inLanguage\":\"fr-FR\"},{\"@type\":\"Organization\",\"@id\":\"https:\\\/\\\/shop.bantam.ch\\\/fr\\\/#organization\",\"name\":\"Bantam Wankm\u00fcller SA\",\"url\":\"https:\\\/\\\/shop.bantam.ch\\\/fr\\\/\",\"logo\":{\"@type\":\"ImageObject\",\"inLanguage\":\"fr-FR\",\"@id\":\"https:\\\/\\\/shop.bantam.ch\\\/fr\\\/#\\\/schema\\\/logo\\\/image\\\/\",\"url\":\"https:\\\/\\\/shop.bantam.ch\\\/wp-content\\\/uploads\\\/2022\\\/12\\\/bantam-logo.png\",\"contentUrl\":\"https:\\\/\\\/shop.bantam.ch\\\/wp-content\\\/uploads\\\/2022\\\/12\\\/bantam-logo.png\",\"width\":320,\"height\":71,\"caption\":\"Bantam Wankm\u00fcller SA\"},\"image\":{\"@id\":\"https:\\\/\\\/shop.bantam.ch\\\/fr\\\/#\\\/schema\\\/logo\\\/image\\\/\"}}]}<\/script>\n<!-- \/ Yoast SEO plugin. -->","yoast_head_json":{"title":"Solette Leine - Bantam Wankm\u00fcller SA","robots":{"index":"index","follow":"follow","max-snippet":"max-snippet:-1","max-image-preview":"max-image-preview:large","max-video-preview":"max-video-preview:-1"},"canonical":"https:\/\/shop.bantam.ch\/fr\/produit\/solette-leine\/","og_locale":"fr_FR","og_type":"article","og_title":"Solette Leine - Bantam Wankm\u00fcller SA","og_description":"Elle est \u00e9galement disponible dans le coloris gris \u00e9prouv\u00e9 avec montage unilat\u00e9ral. Gr\u00e2ce \u00e0 ses nombreuses fonctions, notre Leine peut servir de solette, garage, couverture de timon ou toit de hayon. Utilisation et fonction :Extr\u00eamement r\u00e9sistante aux d\u00e9chirures et \u00e0 la corrosion, lavable, l\u00e9g\u00e8re, r\u00e9sistante \u00e0 la lumi\u00e8re et aux intemp\u00e9ries, \u00e9tanche.Peut servir de solette [&hellip;]","og_url":"https:\/\/shop.bantam.ch\/fr\/produit\/solette-leine\/","og_site_name":"Bantam Wankm\u00fcller SA","article_modified_time":"2026-04-18T19:20:37+00:00","og_image":[{"width":1000,"height":667,"url":"https:\/\/shop.bantam.ch\/wp-content\/uploads\/2023\/02\/9903180-Sonnendach_LEINE_425_Fb_grau-Standard-01-10.jpg","type":"image\/jpeg"}],"twitter_card":"summary_large_image","twitter_misc":{"Dur\u00e9e de lecture estim\u00e9e":"1 minute"},"schema":{"@context":"https:\/\/schema.org","@graph":[{"@type":"WebPage","@id":"https:\/\/shop.bantam.ch\/fr\/produit\/solette-leine\/","url":"https:\/\/shop.bantam.ch\/fr\/produit\/solette-leine\/","name":"Solette Leine - Bantam Wankm\u00fcller SA","isPartOf":{"@id":"https:\/\/shop.bantam.ch\/fr\/#website"},"primaryImageOfPage":{"@id":"https:\/\/shop.bantam.ch\/fr\/produit\/solette-leine\/#primaryimage"},"image":{"@id":"https:\/\/shop.bantam.ch\/fr\/produit\/solette-leine\/#primaryimage"},"thumbnailUrl":"https:\/\/shop.bantam.ch\/wp-content\/uploads\/2023\/02\/9903180-Sonnendach_LEINE_425_Fb_grau-Standard-01-10.jpg","datePublished":"2023-02-23T13:07:16+00:00","dateModified":"2026-04-18T19:20:37+00:00","breadcrumb":{"@id":"https:\/\/shop.bantam.ch\/fr\/produit\/solette-leine\/#breadcrumb"},"inLanguage":"fr-FR","potentialAction":[{"@type":"ReadAction","target":["https:\/\/shop.bantam.ch\/fr\/produit\/solette-leine\/"]}]},{"@type":"ImageObject","inLanguage":"fr-FR","@id":"https:\/\/shop.bantam.ch\/fr\/produit\/solette-leine\/#primaryimage","url":"https:\/\/shop.bantam.ch\/wp-content\/uploads\/2023\/02\/9903180-Sonnendach_LEINE_425_Fb_grau-Standard-01-10.jpg","contentUrl":"https:\/\/shop.bantam.ch\/wp-content\/uploads\/2023\/02\/9903180-Sonnendach_LEINE_425_Fb_grau-Standard-01-10.jpg","width":1000,"height":667},{"@type":"BreadcrumbList","@id":"https:\/\/shop.bantam.ch\/fr\/produit\/solette-leine\/#breadcrumb","itemListElement":[{"@type":"ListItem","position":1,"name":"Accueil","item":"https:\/\/shop.bantam.ch\/fr\/"},{"@type":"ListItem","position":2,"name":"Boutique","item":"https:\/\/shop.bantam.ch\/fr\/boutique\/"},{"@type":"ListItem","position":3,"name":"Solette Leine"}]},{"@type":"WebSite","@id":"https:\/\/shop.bantam.ch\/fr\/#website","url":"https:\/\/shop.bantam.ch\/fr\/","name":"Bantam Wankm\u00fcller SA","description":"","publisher":{"@id":"https:\/\/shop.bantam.ch\/fr\/#organization"},"inLanguage":"fr-FR"},{"@type":"Organization","@id":"https:\/\/shop.bantam.ch\/fr\/#organization","name":"Bantam Wankm\u00fcller SA","url":"https:\/\/shop.bantam.ch\/fr\/","logo":{"@type":"ImageObject","inLanguage":"fr-FR","@id":"https:\/\/shop.bantam.ch\/fr\/#\/schema\/logo\/image\/","url":"https:\/\/shop.bantam.ch\/wp-content\/uploads\/2022\/12\/bantam-logo.png","contentUrl":"https:\/\/shop.bantam.ch\/wp-content\/uploads\/2022\/12\/bantam-logo.png","width":320,"height":71,"caption":"Bantam Wankm\u00fcller SA"},"image":{"@id":"https:\/\/shop.bantam.ch\/fr\/#\/schema\/logo\/image\/"}}]}},"_links":{"self":[{"href":"https:\/\/shop.bantam.ch\/fr\/wp-json\/wp\/v2\/product\/51616","targetHints":{"allow":["GET"]}}],"collection":[{"href":"https:\/\/shop.bantam.ch\/fr\/wp-json\/wp\/v2\/product"}],"about":[{"href":"https:\/\/shop.bantam.ch\/fr\/wp-json\/wp\/v2\/types\/product"}],"wp:featuredmedia":[{"embeddable":true,"href":"https:\/\/shop.bantam.ch\/fr\/wp-json\/wp\/v2\/media\/51596"}],"wp:attachment":[{"href":"https:\/\/shop.bantam.ch\/fr\/wp-json\/wp\/v2\/media?parent=51616"}],"wp:term":[{"taxonomy":"product_featured_cat","embeddable":true,"href":"https:\/\/shop.bantam.ch\/fr\/wp-json\/wp\/v2\/product_featured_cat?post=51616"},{"taxonomy":"product_brand","embeddable":true,"href":"https:\/\/shop.bantam.ch\/fr\/wp-json\/wp\/v2\/product_brand?post=51616"},{"taxonomy":"product_cat","embeddable":true,"href":"https:\/\/shop.bantam.ch\/fr\/wp-json\/wp\/v2\/product_cat?post=51616"},{"taxonomy":"product_tag","embeddable":true,"href":"https:\/\/shop.bantam.ch\/fr\/wp-json\/wp\/v2\/product_tag?post=51616"}],"curies":[{"name":"wp","href":"https:\/\/api.w.org\/{rel}","templated":true}]}}