{"id":50551,"date":"2023-02-23T13:50:25","date_gmt":"2023-02-23T12:50:25","guid":{"rendered":"http:\/\/preprod-dev.sh1.hidora.com\/webshop\/produit\/retroviseur-opel-special-pour-caravanes\/"},"modified":"2026-04-18T21:15:50","modified_gmt":"2026-04-18T19:15:50","slug":"retroviseur-opel-special-pour-caravanes","status":"publish","type":"product","link":"https:\/\/shop.bantam.ch\/fr\/produit\/retroviseur-opel-special-pour-caravanes\/","title":{"rendered":"R\u00e9troviseur Opel sp\u00e9cial pour caravanes"},"content":{"rendered":"<p>Le support ou miroir (en aluminium moul\u00e9) sp\u00e9cialement adapt\u00e9 \u00e0 chaque r\u00e9troviseur permet une installation pr\u00e9cise et garantit un ajustement parfait sans vibration. Installation rapide sans outil. Toutes les pi\u00e8ces du r\u00e9troviseur sont fabriqu\u00e9es dans des mat\u00e9riaux r\u00e9sistants \u00e0 la corrosion, ce qui leur garantit une longue dur\u00e9e de vie.<\/p>\n<p>Vos avantages\u00a0:<br \/>Les r\u00e9troviseurs EMUK peuvent \u00eatre install\u00e9s c\u00f4t\u00e9 conducteur ou passager et offrent un reflet clair et sans vibrations, ainsi qu\u2019un large champ de vision. Ils sont homologu\u00e9s CEE, un gage de s\u00fbret\u00e9 et de fiabilit\u00e9.<\/p>\n<p>Tous les r\u00e9troviseurs sp\u00e9ciaux pour caravane pr\u00e9sent\u00e9s sont \u00e9galement disponibles dans la couleur du v\u00e9hicule (suppl\u00e9ment de 68,25\u00a0\u20ac). D\u00e9lai de livraison env. 15 jours ouvrables. Adressez-vous \u00e0 votre revendeur sp\u00e9cialis\u00e9.<\/p>\n<p>\u00a0<\/p>\n","protected":false},"excerpt":{"rendered":"<p>Le support ou miroir (en aluminium moul\u00e9) sp\u00e9cialement adapt\u00e9 \u00e0 chaque r\u00e9troviseur permet une installation pr\u00e9cise et garantit un ajustement parfait sans vibration. Installation rapide sans outil. Toutes les pi\u00e8ces du r\u00e9troviseur sont fabriqu\u00e9es dans des mat\u00e9riaux r\u00e9sistants \u00e0 la corrosion, ce qui leur garantit une longue dur\u00e9e de vie. Vos avantages\u00a0:Les r\u00e9troviseurs EMUK peuvent [&hellip;]<\/p>\n","protected":false},"featured_media":50543,"template":"","meta":{"_acf_changed":false},"product_featured_cat":[],"product_brand":[3144],"product_cat":[4831],"product_tag":[],"class_list":{"0":"post-50551","1":"product","2":"type-product","3":"status-publish","4":"has-post-thumbnail","6":"product_brand-emuk","7":"product_cat-retroviseurs-de-caravane","9":"first","10":"instock","11":"taxable","12":"shipping-taxable","13":"purchasable","14":"product-type-variable"},"acf":[],"yoast_head":"<!-- This site is optimized with the Yoast SEO plugin v27.4 - https:\/\/yoast.com\/product\/yoast-seo-wordpress\/ -->\n<title>R\u00e9troviseur Opel sp\u00e9cial pour caravanes - Bantam Wankm\u00fcller SA<\/title>\n<meta name=\"robots\" content=\"index, follow, max-snippet:-1, max-image-preview:large, max-video-preview:-1\" \/>\n<link rel=\"canonical\" href=\"https:\/\/shop.bantam.ch\/fr\/produit\/retroviseur-opel-special-pour-caravanes\/\" \/>\n<meta property=\"og:locale\" content=\"fr_FR\" \/>\n<meta property=\"og:type\" content=\"article\" \/>\n<meta property=\"og:title\" content=\"R\u00e9troviseur Opel sp\u00e9cial pour caravanes - Bantam Wankm\u00fcller SA\" \/>\n<meta property=\"og:description\" content=\"Le support ou miroir (en aluminium moul\u00e9) sp\u00e9cialement adapt\u00e9 \u00e0 chaque r\u00e9troviseur permet une installation pr\u00e9cise et garantit un ajustement parfait sans vibration. Installation rapide sans outil. Toutes les pi\u00e8ces du r\u00e9troviseur sont fabriqu\u00e9es dans des mat\u00e9riaux r\u00e9sistants \u00e0 la corrosion, ce qui leur garantit une longue dur\u00e9e de vie. Vos avantages\u00a0:Les r\u00e9troviseurs EMUK peuvent [&hellip;]\" \/>\n<meta property=\"og:url\" content=\"https:\/\/shop.bantam.ch\/fr\/produit\/retroviseur-opel-special-pour-caravanes\/\" \/>\n<meta property=\"og:site_name\" content=\"Bantam Wankm\u00fcller SA\" \/>\n<meta property=\"article:modified_time\" content=\"2026-04-18T19:15:50+00:00\" \/>\n<meta property=\"og:image\" content=\"https:\/\/shop.bantam.ch\/wp-content\/uploads\/2023\/02\/9981929-Spezialspiegel_Opel_Zafira_ab_08_2005_bis_09_09-Standard-01-4.jpg\" \/>\n\t<meta property=\"og:image:width\" content=\"1000\" \/>\n\t<meta property=\"og:image:height\" content=\"814\" \/>\n\t<meta property=\"og:image:type\" content=\"image\/jpeg\" \/>\n<meta name=\"twitter:card\" content=\"summary_large_image\" \/>\n<meta name=\"twitter:label1\" content=\"Dur\u00e9e de lecture estim\u00e9e\" \/>\n\t<meta name=\"twitter:data1\" content=\"1 minute\" \/>\n<script type=\"application\/ld+json\" class=\"yoast-schema-graph\">{\"@context\":\"https:\\\/\\\/schema.org\",\"@graph\":[{\"@type\":\"WebPage\",\"@id\":\"https:\\\/\\\/shop.bantam.ch\\\/fr\\\/produit\\\/retroviseur-opel-special-pour-caravanes\\\/\",\"url\":\"https:\\\/\\\/shop.bantam.ch\\\/fr\\\/produit\\\/retroviseur-opel-special-pour-caravanes\\\/\",\"name\":\"R\u00e9troviseur Opel sp\u00e9cial pour caravanes - Bantam Wankm\u00fcller SA\",\"isPartOf\":{\"@id\":\"https:\\\/\\\/shop.bantam.ch\\\/fr\\\/#website\"},\"primaryImageOfPage\":{\"@id\":\"https:\\\/\\\/shop.bantam.ch\\\/fr\\\/produit\\\/retroviseur-opel-special-pour-caravanes\\\/#primaryimage\"},\"image\":{\"@id\":\"https:\\\/\\\/shop.bantam.ch\\\/fr\\\/produit\\\/retroviseur-opel-special-pour-caravanes\\\/#primaryimage\"},\"thumbnailUrl\":\"https:\\\/\\\/shop.bantam.ch\\\/wp-content\\\/uploads\\\/2023\\\/02\\\/9981929-Spezialspiegel_Opel_Zafira_ab_08_2005_bis_09_09-Standard-01-4.jpg\",\"datePublished\":\"2023-02-23T12:50:25+00:00\",\"dateModified\":\"2026-04-18T19:15:50+00:00\",\"breadcrumb\":{\"@id\":\"https:\\\/\\\/shop.bantam.ch\\\/fr\\\/produit\\\/retroviseur-opel-special-pour-caravanes\\\/#breadcrumb\"},\"inLanguage\":\"fr-FR\",\"potentialAction\":[{\"@type\":\"ReadAction\",\"target\":[\"https:\\\/\\\/shop.bantam.ch\\\/fr\\\/produit\\\/retroviseur-opel-special-pour-caravanes\\\/\"]}]},{\"@type\":\"ImageObject\",\"inLanguage\":\"fr-FR\",\"@id\":\"https:\\\/\\\/shop.bantam.ch\\\/fr\\\/produit\\\/retroviseur-opel-special-pour-caravanes\\\/#primaryimage\",\"url\":\"https:\\\/\\\/shop.bantam.ch\\\/wp-content\\\/uploads\\\/2023\\\/02\\\/9981929-Spezialspiegel_Opel_Zafira_ab_08_2005_bis_09_09-Standard-01-4.jpg\",\"contentUrl\":\"https:\\\/\\\/shop.bantam.ch\\\/wp-content\\\/uploads\\\/2023\\\/02\\\/9981929-Spezialspiegel_Opel_Zafira_ab_08_2005_bis_09_09-Standard-01-4.jpg\",\"width\":1000,\"height\":814},{\"@type\":\"BreadcrumbList\",\"@id\":\"https:\\\/\\\/shop.bantam.ch\\\/fr\\\/produit\\\/retroviseur-opel-special-pour-caravanes\\\/#breadcrumb\",\"itemListElement\":[{\"@type\":\"ListItem\",\"position\":1,\"name\":\"Accueil\",\"item\":\"https:\\\/\\\/shop.bantam.ch\\\/fr\\\/\"},{\"@type\":\"ListItem\",\"position\":2,\"name\":\"Boutique\",\"item\":\"https:\\\/\\\/shop.bantam.ch\\\/fr\\\/boutique\\\/\"},{\"@type\":\"ListItem\",\"position\":3,\"name\":\"R\u00e9troviseur Opel sp\u00e9cial pour caravanes\"}]},{\"@type\":\"WebSite\",\"@id\":\"https:\\\/\\\/shop.bantam.ch\\\/fr\\\/#website\",\"url\":\"https:\\\/\\\/shop.bantam.ch\\\/fr\\\/\",\"name\":\"Bantam Wankm\u00fcller SA\",\"description\":\"\",\"publisher\":{\"@id\":\"https:\\\/\\\/shop.bantam.ch\\\/fr\\\/#organization\"},\"inLanguage\":\"fr-FR\"},{\"@type\":\"Organization\",\"@id\":\"https:\\\/\\\/shop.bantam.ch\\\/fr\\\/#organization\",\"name\":\"Bantam Wankm\u00fcller SA\",\"url\":\"https:\\\/\\\/shop.bantam.ch\\\/fr\\\/\",\"logo\":{\"@type\":\"ImageObject\",\"inLanguage\":\"fr-FR\",\"@id\":\"https:\\\/\\\/shop.bantam.ch\\\/fr\\\/#\\\/schema\\\/logo\\\/image\\\/\",\"url\":\"https:\\\/\\\/shop.bantam.ch\\\/wp-content\\\/uploads\\\/2022\\\/12\\\/bantam-logo.png\",\"contentUrl\":\"https:\\\/\\\/shop.bantam.ch\\\/wp-content\\\/uploads\\\/2022\\\/12\\\/bantam-logo.png\",\"width\":320,\"height\":71,\"caption\":\"Bantam Wankm\u00fcller SA\"},\"image\":{\"@id\":\"https:\\\/\\\/shop.bantam.ch\\\/fr\\\/#\\\/schema\\\/logo\\\/image\\\/\"}}]}<\/script>\n<!-- \/ Yoast SEO plugin. -->","yoast_head_json":{"title":"R\u00e9troviseur Opel sp\u00e9cial pour caravanes - Bantam Wankm\u00fcller SA","robots":{"index":"index","follow":"follow","max-snippet":"max-snippet:-1","max-image-preview":"max-image-preview:large","max-video-preview":"max-video-preview:-1"},"canonical":"https:\/\/shop.bantam.ch\/fr\/produit\/retroviseur-opel-special-pour-caravanes\/","og_locale":"fr_FR","og_type":"article","og_title":"R\u00e9troviseur Opel sp\u00e9cial pour caravanes - Bantam Wankm\u00fcller SA","og_description":"Le support ou miroir (en aluminium moul\u00e9) sp\u00e9cialement adapt\u00e9 \u00e0 chaque r\u00e9troviseur permet une installation pr\u00e9cise et garantit un ajustement parfait sans vibration. Installation rapide sans outil. Toutes les pi\u00e8ces du r\u00e9troviseur sont fabriqu\u00e9es dans des mat\u00e9riaux r\u00e9sistants \u00e0 la corrosion, ce qui leur garantit une longue dur\u00e9e de vie. Vos avantages\u00a0:Les r\u00e9troviseurs EMUK peuvent [&hellip;]","og_url":"https:\/\/shop.bantam.ch\/fr\/produit\/retroviseur-opel-special-pour-caravanes\/","og_site_name":"Bantam Wankm\u00fcller SA","article_modified_time":"2026-04-18T19:15:50+00:00","og_image":[{"width":1000,"height":814,"url":"https:\/\/shop.bantam.ch\/wp-content\/uploads\/2023\/02\/9981929-Spezialspiegel_Opel_Zafira_ab_08_2005_bis_09_09-Standard-01-4.jpg","type":"image\/jpeg"}],"twitter_card":"summary_large_image","twitter_misc":{"Dur\u00e9e de lecture estim\u00e9e":"1 minute"},"schema":{"@context":"https:\/\/schema.org","@graph":[{"@type":"WebPage","@id":"https:\/\/shop.bantam.ch\/fr\/produit\/retroviseur-opel-special-pour-caravanes\/","url":"https:\/\/shop.bantam.ch\/fr\/produit\/retroviseur-opel-special-pour-caravanes\/","name":"R\u00e9troviseur Opel sp\u00e9cial pour caravanes - Bantam Wankm\u00fcller SA","isPartOf":{"@id":"https:\/\/shop.bantam.ch\/fr\/#website"},"primaryImageOfPage":{"@id":"https:\/\/shop.bantam.ch\/fr\/produit\/retroviseur-opel-special-pour-caravanes\/#primaryimage"},"image":{"@id":"https:\/\/shop.bantam.ch\/fr\/produit\/retroviseur-opel-special-pour-caravanes\/#primaryimage"},"thumbnailUrl":"https:\/\/shop.bantam.ch\/wp-content\/uploads\/2023\/02\/9981929-Spezialspiegel_Opel_Zafira_ab_08_2005_bis_09_09-Standard-01-4.jpg","datePublished":"2023-02-23T12:50:25+00:00","dateModified":"2026-04-18T19:15:50+00:00","breadcrumb":{"@id":"https:\/\/shop.bantam.ch\/fr\/produit\/retroviseur-opel-special-pour-caravanes\/#breadcrumb"},"inLanguage":"fr-FR","potentialAction":[{"@type":"ReadAction","target":["https:\/\/shop.bantam.ch\/fr\/produit\/retroviseur-opel-special-pour-caravanes\/"]}]},{"@type":"ImageObject","inLanguage":"fr-FR","@id":"https:\/\/shop.bantam.ch\/fr\/produit\/retroviseur-opel-special-pour-caravanes\/#primaryimage","url":"https:\/\/shop.bantam.ch\/wp-content\/uploads\/2023\/02\/9981929-Spezialspiegel_Opel_Zafira_ab_08_2005_bis_09_09-Standard-01-4.jpg","contentUrl":"https:\/\/shop.bantam.ch\/wp-content\/uploads\/2023\/02\/9981929-Spezialspiegel_Opel_Zafira_ab_08_2005_bis_09_09-Standard-01-4.jpg","width":1000,"height":814},{"@type":"BreadcrumbList","@id":"https:\/\/shop.bantam.ch\/fr\/produit\/retroviseur-opel-special-pour-caravanes\/#breadcrumb","itemListElement":[{"@type":"ListItem","position":1,"name":"Accueil","item":"https:\/\/shop.bantam.ch\/fr\/"},{"@type":"ListItem","position":2,"name":"Boutique","item":"https:\/\/shop.bantam.ch\/fr\/boutique\/"},{"@type":"ListItem","position":3,"name":"R\u00e9troviseur Opel sp\u00e9cial pour caravanes"}]},{"@type":"WebSite","@id":"https:\/\/shop.bantam.ch\/fr\/#website","url":"https:\/\/shop.bantam.ch\/fr\/","name":"Bantam Wankm\u00fcller SA","description":"","publisher":{"@id":"https:\/\/shop.bantam.ch\/fr\/#organization"},"inLanguage":"fr-FR"},{"@type":"Organization","@id":"https:\/\/shop.bantam.ch\/fr\/#organization","name":"Bantam Wankm\u00fcller SA","url":"https:\/\/shop.bantam.ch\/fr\/","logo":{"@type":"ImageObject","inLanguage":"fr-FR","@id":"https:\/\/shop.bantam.ch\/fr\/#\/schema\/logo\/image\/","url":"https:\/\/shop.bantam.ch\/wp-content\/uploads\/2022\/12\/bantam-logo.png","contentUrl":"https:\/\/shop.bantam.ch\/wp-content\/uploads\/2022\/12\/bantam-logo.png","width":320,"height":71,"caption":"Bantam Wankm\u00fcller SA"},"image":{"@id":"https:\/\/shop.bantam.ch\/fr\/#\/schema\/logo\/image\/"}}]}},"_links":{"self":[{"href":"https:\/\/shop.bantam.ch\/fr\/wp-json\/wp\/v2\/product\/50551","targetHints":{"allow":["GET"]}}],"collection":[{"href":"https:\/\/shop.bantam.ch\/fr\/wp-json\/wp\/v2\/product"}],"about":[{"href":"https:\/\/shop.bantam.ch\/fr\/wp-json\/wp\/v2\/types\/product"}],"wp:featuredmedia":[{"embeddable":true,"href":"https:\/\/shop.bantam.ch\/fr\/wp-json\/wp\/v2\/media\/50543"}],"wp:attachment":[{"href":"https:\/\/shop.bantam.ch\/fr\/wp-json\/wp\/v2\/media?parent=50551"}],"wp:term":[{"taxonomy":"product_featured_cat","embeddable":true,"href":"https:\/\/shop.bantam.ch\/fr\/wp-json\/wp\/v2\/product_featured_cat?post=50551"},{"taxonomy":"product_brand","embeddable":true,"href":"https:\/\/shop.bantam.ch\/fr\/wp-json\/wp\/v2\/product_brand?post=50551"},{"taxonomy":"product_cat","embeddable":true,"href":"https:\/\/shop.bantam.ch\/fr\/wp-json\/wp\/v2\/product_cat?post=50551"},{"taxonomy":"product_tag","embeddable":true,"href":"https:\/\/shop.bantam.ch\/fr\/wp-json\/wp\/v2\/product_tag?post=50551"}],"curies":[{"name":"wp","href":"https:\/\/api.w.org\/{rel}","templated":true}]}}