{"id":50525,"date":"2023-02-23T13:49:54","date_gmt":"2023-02-23T12:49:54","guid":{"rendered":"http:\/\/preprod-dev.sh1.hidora.com\/webshop\/produit\/kit-de-protection-pour-retroviseurs\/"},"modified":"2026-05-05T21:14:49","modified_gmt":"2026-05-05T19:14:49","slug":"kit-de-protection-pour-retroviseurs","status":"publish","type":"product","link":"https:\/\/shop.bantam.ch\/fr\/produit\/kit-de-protection-pour-retroviseurs\/","title":{"rendered":"Kit de protection pour r\u00e9troviseurs"},"content":{"rendered":"<p>Kit de protection pour r\u00e9troviseurs \u00e0 monter simplement sur les r\u00e9troviseurs ext\u00e9rieurs gauche et droit dans le cas de camping-cars semi-int\u00e9gr\u00e9s et de v\u00e9hicules \u00e0 capucine sur la base du Fiat Ducato X250. Les protections pr\u00e9servent les r\u00e9troviseurs, par exemple de dommages pouvant \u00eatre caus\u00e9s par le trafic en sens inverse, des panneaux de circulation ou des branches. Montage simple et s\u00fbr gr\u00e2ce \u00e0 une forme parfaitement adapt\u00e9e et un support viss\u00e9. Aucune perforation et aucun vissage dans le r\u00e9troviseur d\u2018origine ne sont n\u00e9cessaires.<\/p>\n<p>Contenu de la livraison :<br \/>pour chaque r\u00e9troviseur 1 protecteur gauche et un protecteur droit<br \/>avec pastille autocollante, baguette de s\u00e9curit\u00e9 et 2 vis<\/p>\n","protected":false},"excerpt":{"rendered":"<p>Kit de protection pour r\u00e9troviseurs \u00e0 monter simplement sur les r\u00e9troviseurs ext\u00e9rieurs gauche et droit dans le cas de camping-cars semi-int\u00e9gr\u00e9s et de v\u00e9hicules \u00e0 capucine sur la base du Fiat Ducato X250. Les protections pr\u00e9servent les r\u00e9troviseurs, par exemple de dommages pouvant \u00eatre caus\u00e9s par le trafic en sens inverse, des panneaux de circulation [&hellip;]<\/p>\n","protected":false},"featured_media":50515,"template":"","meta":{"_acf_changed":false},"product_featured_cat":[],"product_brand":[3142],"product_cat":[4833],"product_tag":[],"class_list":{"0":"post-50525","1":"product","2":"type-product","3":"status-publish","4":"has-post-thumbnail","6":"product_brand-milenco","7":"product_cat-accessoires-pour-retroviseurs-de-caravane","9":"first","10":"instock","11":"taxable","12":"shipping-taxable","13":"purchasable","14":"product-type-variable"},"acf":[],"yoast_head":"<!-- This site is optimized with the Yoast SEO plugin v27.5 - https:\/\/yoast.com\/product\/yoast-seo-wordpress\/ -->\n<title>Kit de protection pour r\u00e9troviseurs - Bantam<\/title>\n<meta name=\"robots\" content=\"index, follow, max-snippet:-1, max-image-preview:large, max-video-preview:-1\" \/>\n<link rel=\"canonical\" href=\"https:\/\/shop.bantam.ch\/fr\/produit\/kit-de-protection-pour-retroviseurs\/\" \/>\n<meta property=\"og:locale\" content=\"fr_FR\" \/>\n<meta property=\"og:type\" content=\"article\" \/>\n<meta property=\"og:title\" content=\"Kit de protection pour r\u00e9troviseurs - Bantam\" \/>\n<meta property=\"og:description\" content=\"Kit de protection pour r\u00e9troviseurs \u00e0 monter simplement sur les r\u00e9troviseurs ext\u00e9rieurs gauche et droit dans le cas de camping-cars semi-int\u00e9gr\u00e9s et de v\u00e9hicules \u00e0 capucine sur la base du Fiat Ducato X250. Les protections pr\u00e9servent les r\u00e9troviseurs, par exemple de dommages pouvant \u00eatre caus\u00e9s par le trafic en sens inverse, des panneaux de circulation [&hellip;]\" \/>\n<meta property=\"og:url\" content=\"https:\/\/shop.bantam.ch\/fr\/produit\/kit-de-protection-pour-retroviseurs\/\" \/>\n<meta property=\"og:site_name\" content=\"Bantam\" \/>\n<meta property=\"article:modified_time\" content=\"2026-05-05T19:14:49+00:00\" \/>\n<meta property=\"og:image\" content=\"https:\/\/shop.bantam.ch\/wp-content\/uploads\/2023\/02\/9918372-Spiegelprotectorsatz_Milenco-Standard-01-2.jpg\" \/>\n\t<meta property=\"og:image:width\" content=\"750\" \/>\n\t<meta property=\"og:image:height\" content=\"1000\" \/>\n\t<meta property=\"og:image:type\" content=\"image\/jpeg\" \/>\n<meta name=\"twitter:card\" content=\"summary_large_image\" \/>\n<meta name=\"twitter:label1\" content=\"Dur\u00e9e de lecture estim\u00e9e\" \/>\n\t<meta name=\"twitter:data1\" content=\"1 minute\" \/>\n<script type=\"application\/ld+json\" class=\"yoast-schema-graph\">{\"@context\":\"https:\\\/\\\/schema.org\",\"@graph\":[{\"@type\":\"WebPage\",\"@id\":\"https:\\\/\\\/shop.bantam.ch\\\/fr\\\/produit\\\/kit-de-protection-pour-retroviseurs\\\/\",\"url\":\"https:\\\/\\\/shop.bantam.ch\\\/fr\\\/produit\\\/kit-de-protection-pour-retroviseurs\\\/\",\"name\":\"Kit de protection pour r\u00e9troviseurs - Bantam\",\"isPartOf\":{\"@id\":\"https:\\\/\\\/shop.bantam.ch\\\/fr\\\/#website\"},\"primaryImageOfPage\":{\"@id\":\"https:\\\/\\\/shop.bantam.ch\\\/fr\\\/produit\\\/kit-de-protection-pour-retroviseurs\\\/#primaryimage\"},\"image\":{\"@id\":\"https:\\\/\\\/shop.bantam.ch\\\/fr\\\/produit\\\/kit-de-protection-pour-retroviseurs\\\/#primaryimage\"},\"thumbnailUrl\":\"https:\\\/\\\/shop.bantam.ch\\\/wp-content\\\/uploads\\\/2023\\\/02\\\/9918372-Spiegelprotectorsatz_Milenco-Standard-01-2.jpg\",\"datePublished\":\"2023-02-23T12:49:54+00:00\",\"dateModified\":\"2026-05-05T19:14:49+00:00\",\"breadcrumb\":{\"@id\":\"https:\\\/\\\/shop.bantam.ch\\\/fr\\\/produit\\\/kit-de-protection-pour-retroviseurs\\\/#breadcrumb\"},\"inLanguage\":\"fr-FR\",\"potentialAction\":[{\"@type\":\"ReadAction\",\"target\":[\"https:\\\/\\\/shop.bantam.ch\\\/fr\\\/produit\\\/kit-de-protection-pour-retroviseurs\\\/\"]}]},{\"@type\":\"ImageObject\",\"inLanguage\":\"fr-FR\",\"@id\":\"https:\\\/\\\/shop.bantam.ch\\\/fr\\\/produit\\\/kit-de-protection-pour-retroviseurs\\\/#primaryimage\",\"url\":\"https:\\\/\\\/shop.bantam.ch\\\/wp-content\\\/uploads\\\/2023\\\/02\\\/9918372-Spiegelprotectorsatz_Milenco-Standard-01-2.jpg\",\"contentUrl\":\"https:\\\/\\\/shop.bantam.ch\\\/wp-content\\\/uploads\\\/2023\\\/02\\\/9918372-Spiegelprotectorsatz_Milenco-Standard-01-2.jpg\",\"width\":750,\"height\":1000},{\"@type\":\"BreadcrumbList\",\"@id\":\"https:\\\/\\\/shop.bantam.ch\\\/fr\\\/produit\\\/kit-de-protection-pour-retroviseurs\\\/#breadcrumb\",\"itemListElement\":[{\"@type\":\"ListItem\",\"position\":1,\"name\":\"Accueil\",\"item\":\"https:\\\/\\\/shop.bantam.ch\\\/fr\\\/\"},{\"@type\":\"ListItem\",\"position\":2,\"name\":\"Boutique\",\"item\":\"https:\\\/\\\/shop.bantam.ch\\\/fr\\\/boutique\\\/\"},{\"@type\":\"ListItem\",\"position\":3,\"name\":\"Kit de protection pour r\u00e9troviseurs\"}]},{\"@type\":\"WebSite\",\"@id\":\"https:\\\/\\\/shop.bantam.ch\\\/fr\\\/#website\",\"url\":\"https:\\\/\\\/shop.bantam.ch\\\/fr\\\/\",\"name\":\"Bantam\",\"description\":\"\",\"publisher\":{\"@id\":\"https:\\\/\\\/shop.bantam.ch\\\/fr\\\/#organization\"},\"inLanguage\":\"fr-FR\"},{\"@type\":\"Organization\",\"@id\":\"https:\\\/\\\/shop.bantam.ch\\\/fr\\\/#organization\",\"name\":\"Bantam\",\"url\":\"https:\\\/\\\/shop.bantam.ch\\\/fr\\\/\",\"logo\":{\"@type\":\"ImageObject\",\"inLanguage\":\"fr-FR\",\"@id\":\"https:\\\/\\\/shop.bantam.ch\\\/fr\\\/#\\\/schema\\\/logo\\\/image\\\/\",\"url\":\"https:\\\/\\\/shop.bantam.ch\\\/wp-content\\\/uploads\\\/2022\\\/12\\\/bantam-logo.png\",\"contentUrl\":\"https:\\\/\\\/shop.bantam.ch\\\/wp-content\\\/uploads\\\/2022\\\/12\\\/bantam-logo.png\",\"width\":320,\"height\":71,\"caption\":\"Bantam\"},\"image\":{\"@id\":\"https:\\\/\\\/shop.bantam.ch\\\/fr\\\/#\\\/schema\\\/logo\\\/image\\\/\"}}]}<\/script>\n<!-- \/ Yoast SEO plugin. -->","yoast_head_json":{"title":"Kit de protection pour r\u00e9troviseurs - Bantam","robots":{"index":"index","follow":"follow","max-snippet":"max-snippet:-1","max-image-preview":"max-image-preview:large","max-video-preview":"max-video-preview:-1"},"canonical":"https:\/\/shop.bantam.ch\/fr\/produit\/kit-de-protection-pour-retroviseurs\/","og_locale":"fr_FR","og_type":"article","og_title":"Kit de protection pour r\u00e9troviseurs - Bantam","og_description":"Kit de protection pour r\u00e9troviseurs \u00e0 monter simplement sur les r\u00e9troviseurs ext\u00e9rieurs gauche et droit dans le cas de camping-cars semi-int\u00e9gr\u00e9s et de v\u00e9hicules \u00e0 capucine sur la base du Fiat Ducato X250. Les protections pr\u00e9servent les r\u00e9troviseurs, par exemple de dommages pouvant \u00eatre caus\u00e9s par le trafic en sens inverse, des panneaux de circulation [&hellip;]","og_url":"https:\/\/shop.bantam.ch\/fr\/produit\/kit-de-protection-pour-retroviseurs\/","og_site_name":"Bantam","article_modified_time":"2026-05-05T19:14:49+00:00","og_image":[{"width":750,"height":1000,"url":"https:\/\/shop.bantam.ch\/wp-content\/uploads\/2023\/02\/9918372-Spiegelprotectorsatz_Milenco-Standard-01-2.jpg","type":"image\/jpeg"}],"twitter_card":"summary_large_image","twitter_misc":{"Dur\u00e9e de lecture estim\u00e9e":"1 minute"},"schema":{"@context":"https:\/\/schema.org","@graph":[{"@type":"WebPage","@id":"https:\/\/shop.bantam.ch\/fr\/produit\/kit-de-protection-pour-retroviseurs\/","url":"https:\/\/shop.bantam.ch\/fr\/produit\/kit-de-protection-pour-retroviseurs\/","name":"Kit de protection pour r\u00e9troviseurs - Bantam","isPartOf":{"@id":"https:\/\/shop.bantam.ch\/fr\/#website"},"primaryImageOfPage":{"@id":"https:\/\/shop.bantam.ch\/fr\/produit\/kit-de-protection-pour-retroviseurs\/#primaryimage"},"image":{"@id":"https:\/\/shop.bantam.ch\/fr\/produit\/kit-de-protection-pour-retroviseurs\/#primaryimage"},"thumbnailUrl":"https:\/\/shop.bantam.ch\/wp-content\/uploads\/2023\/02\/9918372-Spiegelprotectorsatz_Milenco-Standard-01-2.jpg","datePublished":"2023-02-23T12:49:54+00:00","dateModified":"2026-05-05T19:14:49+00:00","breadcrumb":{"@id":"https:\/\/shop.bantam.ch\/fr\/produit\/kit-de-protection-pour-retroviseurs\/#breadcrumb"},"inLanguage":"fr-FR","potentialAction":[{"@type":"ReadAction","target":["https:\/\/shop.bantam.ch\/fr\/produit\/kit-de-protection-pour-retroviseurs\/"]}]},{"@type":"ImageObject","inLanguage":"fr-FR","@id":"https:\/\/shop.bantam.ch\/fr\/produit\/kit-de-protection-pour-retroviseurs\/#primaryimage","url":"https:\/\/shop.bantam.ch\/wp-content\/uploads\/2023\/02\/9918372-Spiegelprotectorsatz_Milenco-Standard-01-2.jpg","contentUrl":"https:\/\/shop.bantam.ch\/wp-content\/uploads\/2023\/02\/9918372-Spiegelprotectorsatz_Milenco-Standard-01-2.jpg","width":750,"height":1000},{"@type":"BreadcrumbList","@id":"https:\/\/shop.bantam.ch\/fr\/produit\/kit-de-protection-pour-retroviseurs\/#breadcrumb","itemListElement":[{"@type":"ListItem","position":1,"name":"Accueil","item":"https:\/\/shop.bantam.ch\/fr\/"},{"@type":"ListItem","position":2,"name":"Boutique","item":"https:\/\/shop.bantam.ch\/fr\/boutique\/"},{"@type":"ListItem","position":3,"name":"Kit de protection pour r\u00e9troviseurs"}]},{"@type":"WebSite","@id":"https:\/\/shop.bantam.ch\/fr\/#website","url":"https:\/\/shop.bantam.ch\/fr\/","name":"Bantam","description":"","publisher":{"@id":"https:\/\/shop.bantam.ch\/fr\/#organization"},"inLanguage":"fr-FR"},{"@type":"Organization","@id":"https:\/\/shop.bantam.ch\/fr\/#organization","name":"Bantam","url":"https:\/\/shop.bantam.ch\/fr\/","logo":{"@type":"ImageObject","inLanguage":"fr-FR","@id":"https:\/\/shop.bantam.ch\/fr\/#\/schema\/logo\/image\/","url":"https:\/\/shop.bantam.ch\/wp-content\/uploads\/2022\/12\/bantam-logo.png","contentUrl":"https:\/\/shop.bantam.ch\/wp-content\/uploads\/2022\/12\/bantam-logo.png","width":320,"height":71,"caption":"Bantam"},"image":{"@id":"https:\/\/shop.bantam.ch\/fr\/#\/schema\/logo\/image\/"}}]}},"_links":{"self":[{"href":"https:\/\/shop.bantam.ch\/fr\/wp-json\/wp\/v2\/product\/50525","targetHints":{"allow":["GET"]}}],"collection":[{"href":"https:\/\/shop.bantam.ch\/fr\/wp-json\/wp\/v2\/product"}],"about":[{"href":"https:\/\/shop.bantam.ch\/fr\/wp-json\/wp\/v2\/types\/product"}],"wp:featuredmedia":[{"embeddable":true,"href":"https:\/\/shop.bantam.ch\/fr\/wp-json\/wp\/v2\/media\/50515"}],"wp:attachment":[{"href":"https:\/\/shop.bantam.ch\/fr\/wp-json\/wp\/v2\/media?parent=50525"}],"wp:term":[{"taxonomy":"product_featured_cat","embeddable":true,"href":"https:\/\/shop.bantam.ch\/fr\/wp-json\/wp\/v2\/product_featured_cat?post=50525"},{"taxonomy":"product_brand","embeddable":true,"href":"https:\/\/shop.bantam.ch\/fr\/wp-json\/wp\/v2\/product_brand?post=50525"},{"taxonomy":"product_cat","embeddable":true,"href":"https:\/\/shop.bantam.ch\/fr\/wp-json\/wp\/v2\/product_cat?post=50525"},{"taxonomy":"product_tag","embeddable":true,"href":"https:\/\/shop.bantam.ch\/fr\/wp-json\/wp\/v2\/product_tag?post=50525"}],"curies":[{"name":"wp","href":"https:\/\/api.w.org\/{rel}","templated":true}]}}