{"id":50246,"date":"2023-02-23T13:44:39","date_gmt":"2023-02-23T12:44:39","guid":{"rendered":"http:\/\/preprod-dev.sh1.hidora.com\/webshop\/produit\/repose-pieds-multifibre\/"},"modified":"2026-04-17T21:14:09","modified_gmt":"2026-04-17T19:14:09","slug":"repose-pieds-multifibre","status":"publish","type":"product","link":"https:\/\/shop.bantam.ch\/fr\/produit\/repose-pieds-multifibre\/","title":{"rendered":"Repose-pieds multifibre"},"content":{"rendered":"<p>Repose-pieds ind\u00e9pendant, entretien facile, petites dimensions \u00e0 l\u2019\u00e9tat pli\u00e9, design ergonomique pour un meilleur confort des pieds, son design ind\u00e9pendant permet une utilisation plus simple lorsque l\u2018utilisateur est assis, il peut en outre \u00eatre utilis\u00e9 comme tabouret.<\/p>\n<p>Mat\u00e9riau\u00a0:<br \/>Rev\u00eatement : 100 % polyester, armature\u00a0: aluminium<\/p>\n","protected":false},"excerpt":{"rendered":"<p>Repose-pieds ind\u00e9pendant, entretien facile, petites dimensions \u00e0 l\u2019\u00e9tat pli\u00e9, design ergonomique pour un meilleur confort des pieds, son design ind\u00e9pendant permet une utilisation plus simple lorsque l\u2018utilisateur est assis, il peut en outre \u00eatre utilis\u00e9 comme tabouret. Mat\u00e9riau\u00a0:Rev\u00eatement : 100 % polyester, armature\u00a0: aluminium<\/p>\n","protected":false},"featured_media":50236,"template":"","meta":{"_acf_changed":false},"product_featured_cat":[],"product_brand":[3084],"product_cat":[4973],"product_tag":[],"class_list":{"0":"post-50246","1":"product","2":"type-product","3":"status-publish","4":"has-post-thumbnail","6":"product_brand-crespo","7":"product_cat-repose-jambes","9":"first","10":"instock","11":"taxable","12":"shipping-taxable","13":"purchasable","14":"product-type-variable"},"acf":[],"yoast_head":"<!-- This site is optimized with the Yoast SEO plugin v27.4 - https:\/\/yoast.com\/product\/yoast-seo-wordpress\/ -->\n<title>Repose-pieds multifibre - Bantam Wankm\u00fcller SA<\/title>\n<meta name=\"robots\" content=\"index, follow, max-snippet:-1, max-image-preview:large, max-video-preview:-1\" \/>\n<link rel=\"canonical\" href=\"https:\/\/shop.bantam.ch\/fr\/produit\/repose-pieds-multifibre\/\" \/>\n<meta property=\"og:locale\" content=\"fr_FR\" \/>\n<meta property=\"og:type\" content=\"article\" \/>\n<meta property=\"og:title\" content=\"Repose-pieds multifibre - Bantam Wankm\u00fcller SA\" \/>\n<meta property=\"og:description\" content=\"Repose-pieds ind\u00e9pendant, entretien facile, petites dimensions \u00e0 l\u2019\u00e9tat pli\u00e9, design ergonomique pour un meilleur confort des pieds, son design ind\u00e9pendant permet une utilisation plus simple lorsque l\u2018utilisateur est assis, il peut en outre \u00eatre utilis\u00e9 comme tabouret. Mat\u00e9riau\u00a0:Rev\u00eatement : 100 % polyester, armature\u00a0: aluminium\" \/>\n<meta property=\"og:url\" content=\"https:\/\/shop.bantam.ch\/fr\/produit\/repose-pieds-multifibre\/\" \/>\n<meta property=\"og:site_name\" content=\"Bantam Wankm\u00fcller SA\" \/>\n<meta property=\"article:modified_time\" content=\"2026-04-17T19:14:09+00:00\" \/>\n<meta property=\"og:image\" content=\"https:\/\/shop.bantam.ch\/wp-content\/uploads\/2023\/02\/9919685-Beinauflage_Crespo_Multifiber_anthrazit_-Standard-01-2.jpg\" \/>\n\t<meta property=\"og:image:width\" content=\"1000\" \/>\n\t<meta property=\"og:image:height\" content=\"909\" \/>\n\t<meta property=\"og:image:type\" content=\"image\/jpeg\" \/>\n<meta name=\"twitter:card\" content=\"summary_large_image\" \/>\n<script type=\"application\/ld+json\" class=\"yoast-schema-graph\">{\"@context\":\"https:\\\/\\\/schema.org\",\"@graph\":[{\"@type\":\"WebPage\",\"@id\":\"https:\\\/\\\/shop.bantam.ch\\\/fr\\\/produit\\\/repose-pieds-multifibre\\\/\",\"url\":\"https:\\\/\\\/shop.bantam.ch\\\/fr\\\/produit\\\/repose-pieds-multifibre\\\/\",\"name\":\"Repose-pieds multifibre - Bantam Wankm\u00fcller SA\",\"isPartOf\":{\"@id\":\"https:\\\/\\\/shop.bantam.ch\\\/fr\\\/#website\"},\"primaryImageOfPage\":{\"@id\":\"https:\\\/\\\/shop.bantam.ch\\\/fr\\\/produit\\\/repose-pieds-multifibre\\\/#primaryimage\"},\"image\":{\"@id\":\"https:\\\/\\\/shop.bantam.ch\\\/fr\\\/produit\\\/repose-pieds-multifibre\\\/#primaryimage\"},\"thumbnailUrl\":\"https:\\\/\\\/shop.bantam.ch\\\/wp-content\\\/uploads\\\/2023\\\/02\\\/9919685-Beinauflage_Crespo_Multifiber_anthrazit_-Standard-01-2.jpg\",\"datePublished\":\"2023-02-23T12:44:39+00:00\",\"dateModified\":\"2026-04-17T19:14:09+00:00\",\"breadcrumb\":{\"@id\":\"https:\\\/\\\/shop.bantam.ch\\\/fr\\\/produit\\\/repose-pieds-multifibre\\\/#breadcrumb\"},\"inLanguage\":\"fr-FR\",\"potentialAction\":[{\"@type\":\"ReadAction\",\"target\":[\"https:\\\/\\\/shop.bantam.ch\\\/fr\\\/produit\\\/repose-pieds-multifibre\\\/\"]}]},{\"@type\":\"ImageObject\",\"inLanguage\":\"fr-FR\",\"@id\":\"https:\\\/\\\/shop.bantam.ch\\\/fr\\\/produit\\\/repose-pieds-multifibre\\\/#primaryimage\",\"url\":\"https:\\\/\\\/shop.bantam.ch\\\/wp-content\\\/uploads\\\/2023\\\/02\\\/9919685-Beinauflage_Crespo_Multifiber_anthrazit_-Standard-01-2.jpg\",\"contentUrl\":\"https:\\\/\\\/shop.bantam.ch\\\/wp-content\\\/uploads\\\/2023\\\/02\\\/9919685-Beinauflage_Crespo_Multifiber_anthrazit_-Standard-01-2.jpg\",\"width\":1000,\"height\":909},{\"@type\":\"BreadcrumbList\",\"@id\":\"https:\\\/\\\/shop.bantam.ch\\\/fr\\\/produit\\\/repose-pieds-multifibre\\\/#breadcrumb\",\"itemListElement\":[{\"@type\":\"ListItem\",\"position\":1,\"name\":\"Accueil\",\"item\":\"https:\\\/\\\/shop.bantam.ch\\\/fr\\\/\"},{\"@type\":\"ListItem\",\"position\":2,\"name\":\"Boutique\",\"item\":\"https:\\\/\\\/shop.bantam.ch\\\/fr\\\/boutique\\\/\"},{\"@type\":\"ListItem\",\"position\":3,\"name\":\"Repose-pieds multifibre\"}]},{\"@type\":\"WebSite\",\"@id\":\"https:\\\/\\\/shop.bantam.ch\\\/fr\\\/#website\",\"url\":\"https:\\\/\\\/shop.bantam.ch\\\/fr\\\/\",\"name\":\"Bantam Wankm\u00fcller SA\",\"description\":\"\",\"publisher\":{\"@id\":\"https:\\\/\\\/shop.bantam.ch\\\/fr\\\/#organization\"},\"inLanguage\":\"fr-FR\"},{\"@type\":\"Organization\",\"@id\":\"https:\\\/\\\/shop.bantam.ch\\\/fr\\\/#organization\",\"name\":\"Bantam Wankm\u00fcller SA\",\"url\":\"https:\\\/\\\/shop.bantam.ch\\\/fr\\\/\",\"logo\":{\"@type\":\"ImageObject\",\"inLanguage\":\"fr-FR\",\"@id\":\"https:\\\/\\\/shop.bantam.ch\\\/fr\\\/#\\\/schema\\\/logo\\\/image\\\/\",\"url\":\"https:\\\/\\\/shop.bantam.ch\\\/wp-content\\\/uploads\\\/2022\\\/12\\\/bantam-logo.png\",\"contentUrl\":\"https:\\\/\\\/shop.bantam.ch\\\/wp-content\\\/uploads\\\/2022\\\/12\\\/bantam-logo.png\",\"width\":320,\"height\":71,\"caption\":\"Bantam Wankm\u00fcller SA\"},\"image\":{\"@id\":\"https:\\\/\\\/shop.bantam.ch\\\/fr\\\/#\\\/schema\\\/logo\\\/image\\\/\"}}]}<\/script>\n<!-- \/ Yoast SEO plugin. -->","yoast_head_json":{"title":"Repose-pieds multifibre - Bantam Wankm\u00fcller SA","robots":{"index":"index","follow":"follow","max-snippet":"max-snippet:-1","max-image-preview":"max-image-preview:large","max-video-preview":"max-video-preview:-1"},"canonical":"https:\/\/shop.bantam.ch\/fr\/produit\/repose-pieds-multifibre\/","og_locale":"fr_FR","og_type":"article","og_title":"Repose-pieds multifibre - Bantam Wankm\u00fcller SA","og_description":"Repose-pieds ind\u00e9pendant, entretien facile, petites dimensions \u00e0 l\u2019\u00e9tat pli\u00e9, design ergonomique pour un meilleur confort des pieds, son design ind\u00e9pendant permet une utilisation plus simple lorsque l\u2018utilisateur est assis, il peut en outre \u00eatre utilis\u00e9 comme tabouret. Mat\u00e9riau\u00a0:Rev\u00eatement : 100 % polyester, armature\u00a0: aluminium","og_url":"https:\/\/shop.bantam.ch\/fr\/produit\/repose-pieds-multifibre\/","og_site_name":"Bantam Wankm\u00fcller SA","article_modified_time":"2026-04-17T19:14:09+00:00","og_image":[{"width":1000,"height":909,"url":"https:\/\/shop.bantam.ch\/wp-content\/uploads\/2023\/02\/9919685-Beinauflage_Crespo_Multifiber_anthrazit_-Standard-01-2.jpg","type":"image\/jpeg"}],"twitter_card":"summary_large_image","schema":{"@context":"https:\/\/schema.org","@graph":[{"@type":"WebPage","@id":"https:\/\/shop.bantam.ch\/fr\/produit\/repose-pieds-multifibre\/","url":"https:\/\/shop.bantam.ch\/fr\/produit\/repose-pieds-multifibre\/","name":"Repose-pieds multifibre - Bantam Wankm\u00fcller SA","isPartOf":{"@id":"https:\/\/shop.bantam.ch\/fr\/#website"},"primaryImageOfPage":{"@id":"https:\/\/shop.bantam.ch\/fr\/produit\/repose-pieds-multifibre\/#primaryimage"},"image":{"@id":"https:\/\/shop.bantam.ch\/fr\/produit\/repose-pieds-multifibre\/#primaryimage"},"thumbnailUrl":"https:\/\/shop.bantam.ch\/wp-content\/uploads\/2023\/02\/9919685-Beinauflage_Crespo_Multifiber_anthrazit_-Standard-01-2.jpg","datePublished":"2023-02-23T12:44:39+00:00","dateModified":"2026-04-17T19:14:09+00:00","breadcrumb":{"@id":"https:\/\/shop.bantam.ch\/fr\/produit\/repose-pieds-multifibre\/#breadcrumb"},"inLanguage":"fr-FR","potentialAction":[{"@type":"ReadAction","target":["https:\/\/shop.bantam.ch\/fr\/produit\/repose-pieds-multifibre\/"]}]},{"@type":"ImageObject","inLanguage":"fr-FR","@id":"https:\/\/shop.bantam.ch\/fr\/produit\/repose-pieds-multifibre\/#primaryimage","url":"https:\/\/shop.bantam.ch\/wp-content\/uploads\/2023\/02\/9919685-Beinauflage_Crespo_Multifiber_anthrazit_-Standard-01-2.jpg","contentUrl":"https:\/\/shop.bantam.ch\/wp-content\/uploads\/2023\/02\/9919685-Beinauflage_Crespo_Multifiber_anthrazit_-Standard-01-2.jpg","width":1000,"height":909},{"@type":"BreadcrumbList","@id":"https:\/\/shop.bantam.ch\/fr\/produit\/repose-pieds-multifibre\/#breadcrumb","itemListElement":[{"@type":"ListItem","position":1,"name":"Accueil","item":"https:\/\/shop.bantam.ch\/fr\/"},{"@type":"ListItem","position":2,"name":"Boutique","item":"https:\/\/shop.bantam.ch\/fr\/boutique\/"},{"@type":"ListItem","position":3,"name":"Repose-pieds multifibre"}]},{"@type":"WebSite","@id":"https:\/\/shop.bantam.ch\/fr\/#website","url":"https:\/\/shop.bantam.ch\/fr\/","name":"Bantam Wankm\u00fcller SA","description":"","publisher":{"@id":"https:\/\/shop.bantam.ch\/fr\/#organization"},"inLanguage":"fr-FR"},{"@type":"Organization","@id":"https:\/\/shop.bantam.ch\/fr\/#organization","name":"Bantam Wankm\u00fcller SA","url":"https:\/\/shop.bantam.ch\/fr\/","logo":{"@type":"ImageObject","inLanguage":"fr-FR","@id":"https:\/\/shop.bantam.ch\/fr\/#\/schema\/logo\/image\/","url":"https:\/\/shop.bantam.ch\/wp-content\/uploads\/2022\/12\/bantam-logo.png","contentUrl":"https:\/\/shop.bantam.ch\/wp-content\/uploads\/2022\/12\/bantam-logo.png","width":320,"height":71,"caption":"Bantam Wankm\u00fcller SA"},"image":{"@id":"https:\/\/shop.bantam.ch\/fr\/#\/schema\/logo\/image\/"}}]}},"_links":{"self":[{"href":"https:\/\/shop.bantam.ch\/fr\/wp-json\/wp\/v2\/product\/50246","targetHints":{"allow":["GET"]}}],"collection":[{"href":"https:\/\/shop.bantam.ch\/fr\/wp-json\/wp\/v2\/product"}],"about":[{"href":"https:\/\/shop.bantam.ch\/fr\/wp-json\/wp\/v2\/types\/product"}],"wp:featuredmedia":[{"embeddable":true,"href":"https:\/\/shop.bantam.ch\/fr\/wp-json\/wp\/v2\/media\/50236"}],"wp:attachment":[{"href":"https:\/\/shop.bantam.ch\/fr\/wp-json\/wp\/v2\/media?parent=50246"}],"wp:term":[{"taxonomy":"product_featured_cat","embeddable":true,"href":"https:\/\/shop.bantam.ch\/fr\/wp-json\/wp\/v2\/product_featured_cat?post=50246"},{"taxonomy":"product_brand","embeddable":true,"href":"https:\/\/shop.bantam.ch\/fr\/wp-json\/wp\/v2\/product_brand?post=50246"},{"taxonomy":"product_cat","embeddable":true,"href":"https:\/\/shop.bantam.ch\/fr\/wp-json\/wp\/v2\/product_cat?post=50246"},{"taxonomy":"product_tag","embeddable":true,"href":"https:\/\/shop.bantam.ch\/fr\/wp-json\/wp\/v2\/product_tag?post=50246"}],"curies":[{"name":"wp","href":"https:\/\/api.w.org\/{rel}","templated":true}]}}