{"id":50022,"date":"2023-02-23T13:40:44","date_gmt":"2023-02-23T12:40:44","guid":{"rendered":"http:\/\/preprod-dev.sh1.hidora.com\/webshop\/produit\/systeme-de-conservation-de-leau-silvernet\/"},"modified":"2026-04-17T21:13:34","modified_gmt":"2026-04-17T19:13:34","slug":"systeme-de-conservation-de-leau-silvernet","status":"publish","type":"product","link":"https:\/\/shop.bantam.ch\/fr\/produit\/systeme-de-conservation-de-leau-silvernet\/","title":{"rendered":"Syst\u00e8me de conservation de l\u2019eau Silvernet"},"content":{"rendered":"<p>Les ions d&rsquo;argent purs (Ag+) assurent la conservation automatique de l&rsquo;eau douce \u00e0 chaque nouveau remplissage du r\u00e9servoir. Le syst\u00e8me d&rsquo;ions d&rsquo;argent prot\u00e8ge efficacement l&rsquo;eau et le syst\u00e8me d&rsquo;eau douce contre les germes. Le produit convient \u00e0 toutes les tailles de r\u00e9cipients et de r\u00e9servoirs et ne doit \u00eatre chang\u00e9 qu&rsquo;une fois par an.<\/p>\n<p>Le syst\u00e8me Silvernet, qui repose sur une technologie \u00e0 effet biocide, est un tissu \u00e0 mailles en 3 dimensions compos\u00e9 de fibres \u00e0 structure en polyester et de fils recouverts d&rsquo;argent par une m\u00e9thode de chimie par voie humide.  L&rsquo;argent constitue le r\u00e9servoir pour la lib\u00e9ration progressive dans le fluide environnant d&rsquo;ions argent \u00e0 effet biocide. Cette technologie innovante assure l\u2019\u00e9limination \/ la d\u00e9sactivation des bact\u00e9ries, virus et champignons d\u00e9j\u00e0 pr\u00e9sents dans le r\u00e9servoir de stockage de l&rsquo;eau brute. La dur\u00e9e de vie de l&rsquo;eau ainsi obtenue s&rsquo;\u00e9tend sur l&rsquo;ensemble du syst\u00e8me aquif\u00e8re, de sorte qu&rsquo;une protection efficace contre la contamination ou la formation de biofilms est garantie.<\/p>\n<p>Le syst\u00e8me Silvernet \u00e0 usage mobile a \u00e9t\u00e9 sp\u00e9cialement d\u00e9velopp\u00e9 pour la conservation de l&rsquo;eau douce dans les camping-cars, les caravanes, les fourgons, les v\u00e9hicules tout-terrain et les bateaux. Il assure le dosage automatique des ions d\u2018argent purs \u00e0 chaque remplissage de r\u00e9servoir. ll est \u00e9galement utilis\u00e9 dans les purificateurs d&rsquo;air, les humidificateurs, les piscines et les syst\u00e8mes d\u00e9di\u00e9s \u00e0 la circulation de fluides dans l&rsquo;industrie.<\/p>\n<p>\u00a0<\/p>\n<ul>\n<li>Dosage automatique des ions d\u2018argent purs \u00e0 chaque remplissage de r\u00e9servoir<\/li>\n<li>Protection efficace contre la contamination de l&rsquo;eau et de l&rsquo;ensemble du syst\u00e8me d&rsquo;eau douce<\/li>\n<li>Permet la conservation de l\u2019eau dans le r\u00e9servoir pendant 6\u00a0mois<\/li>\n<li>\u00c9change du produit une fois par an recommand\u00e9<\/li>\n<li>Ions d\u2019argent purs \u2013 sans additifs comme le chlore, les sels min\u00e9raux, etc.<\/li>\n<li>D\u00e9velopp\u00e9 et test\u00e9 en coop\u00e9ration avec l&rsquo;Institut de microbiologie m\u00e9dicale et d&rsquo;hygi\u00e8ne de l\u2019Universit\u00e9 de Dresde<\/li>\n<\/ul>\n<p>\u00a0<\/p>\n","protected":false},"excerpt":{"rendered":"<p>Les ions d&rsquo;argent purs (Ag+) assurent la conservation automatique de l&rsquo;eau douce \u00e0 chaque nouveau remplissage du r\u00e9servoir. Le syst\u00e8me d&rsquo;ions d&rsquo;argent prot\u00e8ge efficacement l&rsquo;eau et le syst\u00e8me d&rsquo;eau douce contre les germes. Le produit convient \u00e0 toutes les tailles de r\u00e9cipients et de r\u00e9servoirs et ne doit \u00eatre chang\u00e9 qu&rsquo;une fois par an. Le [&hellip;]<\/p>\n","protected":false},"featured_media":49976,"template":"","meta":{"_acf_changed":false},"product_featured_cat":[],"product_brand":[3274],"product_cat":[4613],"product_tag":[],"class_list":{"0":"post-50022","1":"product","2":"type-product","3":"status-publish","4":"has-post-thumbnail","6":"product_brand-wm-aquatec","7":"product_cat-desinfection-de-leau","9":"first","10":"instock","11":"taxable","12":"shipping-taxable","13":"purchasable","14":"product-type-variable"},"acf":[],"yoast_head":"<!-- This site is optimized with the Yoast SEO plugin v27.4 - https:\/\/yoast.com\/product\/yoast-seo-wordpress\/ -->\n<title>Syst\u00e8me de conservation de l\u2019eau Silvernet - Bantam Wankm\u00fcller SA<\/title>\n<meta name=\"robots\" content=\"index, follow, max-snippet:-1, max-image-preview:large, max-video-preview:-1\" \/>\n<link rel=\"canonical\" href=\"https:\/\/shop.bantam.ch\/fr\/produit\/systeme-de-conservation-de-leau-silvernet\/\" \/>\n<meta property=\"og:locale\" content=\"fr_FR\" \/>\n<meta property=\"og:type\" content=\"article\" \/>\n<meta property=\"og:title\" content=\"Syst\u00e8me de conservation de l\u2019eau Silvernet - Bantam Wankm\u00fcller SA\" \/>\n<meta property=\"og:description\" content=\"Les ions d&rsquo;argent purs (Ag+) assurent la conservation automatique de l&rsquo;eau douce \u00e0 chaque nouveau remplissage du r\u00e9servoir. Le syst\u00e8me d&rsquo;ions d&rsquo;argent prot\u00e8ge efficacement l&rsquo;eau et le syst\u00e8me d&rsquo;eau douce contre les germes. Le produit convient \u00e0 toutes les tailles de r\u00e9cipients et de r\u00e9servoirs et ne doit \u00eatre chang\u00e9 qu&rsquo;une fois par an. Le [&hellip;]\" \/>\n<meta property=\"og:url\" content=\"https:\/\/shop.bantam.ch\/fr\/produit\/systeme-de-conservation-de-leau-silvernet\/\" \/>\n<meta property=\"og:site_name\" content=\"Bantam Wankm\u00fcller SA\" \/>\n<meta property=\"article:modified_time\" content=\"2026-04-17T19:13:34+00:00\" \/>\n<meta property=\"og:image\" content=\"https:\/\/shop.bantam.ch\/wp-content\/uploads\/2023\/02\/995400811-2.jpg\" \/>\n\t<meta property=\"og:image:width\" content=\"719\" \/>\n\t<meta property=\"og:image:height\" content=\"1000\" \/>\n\t<meta property=\"og:image:type\" content=\"image\/jpeg\" \/>\n<meta name=\"twitter:card\" content=\"summary_large_image\" \/>\n<meta name=\"twitter:label1\" content=\"Dur\u00e9e de lecture estim\u00e9e\" \/>\n\t<meta name=\"twitter:data1\" content=\"2 minutes\" \/>\n<script type=\"application\/ld+json\" class=\"yoast-schema-graph\">{\"@context\":\"https:\\\/\\\/schema.org\",\"@graph\":[{\"@type\":\"WebPage\",\"@id\":\"https:\\\/\\\/shop.bantam.ch\\\/fr\\\/produit\\\/systeme-de-conservation-de-leau-silvernet\\\/\",\"url\":\"https:\\\/\\\/shop.bantam.ch\\\/fr\\\/produit\\\/systeme-de-conservation-de-leau-silvernet\\\/\",\"name\":\"Syst\u00e8me de conservation de l\u2019eau Silvernet - Bantam Wankm\u00fcller SA\",\"isPartOf\":{\"@id\":\"https:\\\/\\\/shop.bantam.ch\\\/fr\\\/#website\"},\"primaryImageOfPage\":{\"@id\":\"https:\\\/\\\/shop.bantam.ch\\\/fr\\\/produit\\\/systeme-de-conservation-de-leau-silvernet\\\/#primaryimage\"},\"image\":{\"@id\":\"https:\\\/\\\/shop.bantam.ch\\\/fr\\\/produit\\\/systeme-de-conservation-de-leau-silvernet\\\/#primaryimage\"},\"thumbnailUrl\":\"https:\\\/\\\/shop.bantam.ch\\\/wp-content\\\/uploads\\\/2023\\\/02\\\/995400811-2.jpg\",\"datePublished\":\"2023-02-23T12:40:44+00:00\",\"dateModified\":\"2026-04-17T19:13:34+00:00\",\"breadcrumb\":{\"@id\":\"https:\\\/\\\/shop.bantam.ch\\\/fr\\\/produit\\\/systeme-de-conservation-de-leau-silvernet\\\/#breadcrumb\"},\"inLanguage\":\"fr-FR\",\"potentialAction\":[{\"@type\":\"ReadAction\",\"target\":[\"https:\\\/\\\/shop.bantam.ch\\\/fr\\\/produit\\\/systeme-de-conservation-de-leau-silvernet\\\/\"]}]},{\"@type\":\"ImageObject\",\"inLanguage\":\"fr-FR\",\"@id\":\"https:\\\/\\\/shop.bantam.ch\\\/fr\\\/produit\\\/systeme-de-conservation-de-leau-silvernet\\\/#primaryimage\",\"url\":\"https:\\\/\\\/shop.bantam.ch\\\/wp-content\\\/uploads\\\/2023\\\/02\\\/995400811-2.jpg\",\"contentUrl\":\"https:\\\/\\\/shop.bantam.ch\\\/wp-content\\\/uploads\\\/2023\\\/02\\\/995400811-2.jpg\",\"width\":719,\"height\":1000},{\"@type\":\"BreadcrumbList\",\"@id\":\"https:\\\/\\\/shop.bantam.ch\\\/fr\\\/produit\\\/systeme-de-conservation-de-leau-silvernet\\\/#breadcrumb\",\"itemListElement\":[{\"@type\":\"ListItem\",\"position\":1,\"name\":\"Accueil\",\"item\":\"https:\\\/\\\/shop.bantam.ch\\\/fr\\\/\"},{\"@type\":\"ListItem\",\"position\":2,\"name\":\"Boutique\",\"item\":\"https:\\\/\\\/shop.bantam.ch\\\/fr\\\/boutique\\\/\"},{\"@type\":\"ListItem\",\"position\":3,\"name\":\"Syst\u00e8me de conservation de l\u2019eau Silvernet\"}]},{\"@type\":\"WebSite\",\"@id\":\"https:\\\/\\\/shop.bantam.ch\\\/fr\\\/#website\",\"url\":\"https:\\\/\\\/shop.bantam.ch\\\/fr\\\/\",\"name\":\"Bantam Wankm\u00fcller SA\",\"description\":\"\",\"publisher\":{\"@id\":\"https:\\\/\\\/shop.bantam.ch\\\/fr\\\/#organization\"},\"inLanguage\":\"fr-FR\"},{\"@type\":\"Organization\",\"@id\":\"https:\\\/\\\/shop.bantam.ch\\\/fr\\\/#organization\",\"name\":\"Bantam Wankm\u00fcller SA\",\"url\":\"https:\\\/\\\/shop.bantam.ch\\\/fr\\\/\",\"logo\":{\"@type\":\"ImageObject\",\"inLanguage\":\"fr-FR\",\"@id\":\"https:\\\/\\\/shop.bantam.ch\\\/fr\\\/#\\\/schema\\\/logo\\\/image\\\/\",\"url\":\"https:\\\/\\\/shop.bantam.ch\\\/wp-content\\\/uploads\\\/2022\\\/12\\\/bantam-logo.png\",\"contentUrl\":\"https:\\\/\\\/shop.bantam.ch\\\/wp-content\\\/uploads\\\/2022\\\/12\\\/bantam-logo.png\",\"width\":320,\"height\":71,\"caption\":\"Bantam Wankm\u00fcller SA\"},\"image\":{\"@id\":\"https:\\\/\\\/shop.bantam.ch\\\/fr\\\/#\\\/schema\\\/logo\\\/image\\\/\"}}]}<\/script>\n<!-- \/ Yoast SEO plugin. -->","yoast_head_json":{"title":"Syst\u00e8me de conservation de l\u2019eau Silvernet - Bantam Wankm\u00fcller SA","robots":{"index":"index","follow":"follow","max-snippet":"max-snippet:-1","max-image-preview":"max-image-preview:large","max-video-preview":"max-video-preview:-1"},"canonical":"https:\/\/shop.bantam.ch\/fr\/produit\/systeme-de-conservation-de-leau-silvernet\/","og_locale":"fr_FR","og_type":"article","og_title":"Syst\u00e8me de conservation de l\u2019eau Silvernet - Bantam Wankm\u00fcller SA","og_description":"Les ions d&rsquo;argent purs (Ag+) assurent la conservation automatique de l&rsquo;eau douce \u00e0 chaque nouveau remplissage du r\u00e9servoir. Le syst\u00e8me d&rsquo;ions d&rsquo;argent prot\u00e8ge efficacement l&rsquo;eau et le syst\u00e8me d&rsquo;eau douce contre les germes. Le produit convient \u00e0 toutes les tailles de r\u00e9cipients et de r\u00e9servoirs et ne doit \u00eatre chang\u00e9 qu&rsquo;une fois par an. Le [&hellip;]","og_url":"https:\/\/shop.bantam.ch\/fr\/produit\/systeme-de-conservation-de-leau-silvernet\/","og_site_name":"Bantam Wankm\u00fcller SA","article_modified_time":"2026-04-17T19:13:34+00:00","og_image":[{"width":719,"height":1000,"url":"https:\/\/shop.bantam.ch\/wp-content\/uploads\/2023\/02\/995400811-2.jpg","type":"image\/jpeg"}],"twitter_card":"summary_large_image","twitter_misc":{"Dur\u00e9e de lecture estim\u00e9e":"2 minutes"},"schema":{"@context":"https:\/\/schema.org","@graph":[{"@type":"WebPage","@id":"https:\/\/shop.bantam.ch\/fr\/produit\/systeme-de-conservation-de-leau-silvernet\/","url":"https:\/\/shop.bantam.ch\/fr\/produit\/systeme-de-conservation-de-leau-silvernet\/","name":"Syst\u00e8me de conservation de l\u2019eau Silvernet - Bantam Wankm\u00fcller SA","isPartOf":{"@id":"https:\/\/shop.bantam.ch\/fr\/#website"},"primaryImageOfPage":{"@id":"https:\/\/shop.bantam.ch\/fr\/produit\/systeme-de-conservation-de-leau-silvernet\/#primaryimage"},"image":{"@id":"https:\/\/shop.bantam.ch\/fr\/produit\/systeme-de-conservation-de-leau-silvernet\/#primaryimage"},"thumbnailUrl":"https:\/\/shop.bantam.ch\/wp-content\/uploads\/2023\/02\/995400811-2.jpg","datePublished":"2023-02-23T12:40:44+00:00","dateModified":"2026-04-17T19:13:34+00:00","breadcrumb":{"@id":"https:\/\/shop.bantam.ch\/fr\/produit\/systeme-de-conservation-de-leau-silvernet\/#breadcrumb"},"inLanguage":"fr-FR","potentialAction":[{"@type":"ReadAction","target":["https:\/\/shop.bantam.ch\/fr\/produit\/systeme-de-conservation-de-leau-silvernet\/"]}]},{"@type":"ImageObject","inLanguage":"fr-FR","@id":"https:\/\/shop.bantam.ch\/fr\/produit\/systeme-de-conservation-de-leau-silvernet\/#primaryimage","url":"https:\/\/shop.bantam.ch\/wp-content\/uploads\/2023\/02\/995400811-2.jpg","contentUrl":"https:\/\/shop.bantam.ch\/wp-content\/uploads\/2023\/02\/995400811-2.jpg","width":719,"height":1000},{"@type":"BreadcrumbList","@id":"https:\/\/shop.bantam.ch\/fr\/produit\/systeme-de-conservation-de-leau-silvernet\/#breadcrumb","itemListElement":[{"@type":"ListItem","position":1,"name":"Accueil","item":"https:\/\/shop.bantam.ch\/fr\/"},{"@type":"ListItem","position":2,"name":"Boutique","item":"https:\/\/shop.bantam.ch\/fr\/boutique\/"},{"@type":"ListItem","position":3,"name":"Syst\u00e8me de conservation de l\u2019eau Silvernet"}]},{"@type":"WebSite","@id":"https:\/\/shop.bantam.ch\/fr\/#website","url":"https:\/\/shop.bantam.ch\/fr\/","name":"Bantam Wankm\u00fcller SA","description":"","publisher":{"@id":"https:\/\/shop.bantam.ch\/fr\/#organization"},"inLanguage":"fr-FR"},{"@type":"Organization","@id":"https:\/\/shop.bantam.ch\/fr\/#organization","name":"Bantam Wankm\u00fcller SA","url":"https:\/\/shop.bantam.ch\/fr\/","logo":{"@type":"ImageObject","inLanguage":"fr-FR","@id":"https:\/\/shop.bantam.ch\/fr\/#\/schema\/logo\/image\/","url":"https:\/\/shop.bantam.ch\/wp-content\/uploads\/2022\/12\/bantam-logo.png","contentUrl":"https:\/\/shop.bantam.ch\/wp-content\/uploads\/2022\/12\/bantam-logo.png","width":320,"height":71,"caption":"Bantam Wankm\u00fcller SA"},"image":{"@id":"https:\/\/shop.bantam.ch\/fr\/#\/schema\/logo\/image\/"}}]}},"_links":{"self":[{"href":"https:\/\/shop.bantam.ch\/fr\/wp-json\/wp\/v2\/product\/50022","targetHints":{"allow":["GET"]}}],"collection":[{"href":"https:\/\/shop.bantam.ch\/fr\/wp-json\/wp\/v2\/product"}],"about":[{"href":"https:\/\/shop.bantam.ch\/fr\/wp-json\/wp\/v2\/types\/product"}],"wp:featuredmedia":[{"embeddable":true,"href":"https:\/\/shop.bantam.ch\/fr\/wp-json\/wp\/v2\/media\/49976"}],"wp:attachment":[{"href":"https:\/\/shop.bantam.ch\/fr\/wp-json\/wp\/v2\/media?parent=50022"}],"wp:term":[{"taxonomy":"product_featured_cat","embeddable":true,"href":"https:\/\/shop.bantam.ch\/fr\/wp-json\/wp\/v2\/product_featured_cat?post=50022"},{"taxonomy":"product_brand","embeddable":true,"href":"https:\/\/shop.bantam.ch\/fr\/wp-json\/wp\/v2\/product_brand?post=50022"},{"taxonomy":"product_cat","embeddable":true,"href":"https:\/\/shop.bantam.ch\/fr\/wp-json\/wp\/v2\/product_cat?post=50022"},{"taxonomy":"product_tag","embeddable":true,"href":"https:\/\/shop.bantam.ch\/fr\/wp-json\/wp\/v2\/product_tag?post=50022"}],"curies":[{"name":"wp","href":"https:\/\/api.w.org\/{rel}","templated":true}]}}