{"id":49200,"date":"2023-02-23T13:26:13","date_gmt":"2023-02-23T12:26:13","guid":{"rendered":"http:\/\/preprod-dev.sh1.hidora.com\/webshop\/produit\/bache-wintertime-universelle-3-epaisseurs-pour-caravanes-et-camping-cars\/"},"modified":"2026-05-06T21:10:37","modified_gmt":"2026-05-06T19:10:37","slug":"bache-wintertime-universelle-3-epaisseurs-pour-caravanes-et-camping-cars","status":"publish","type":"product","link":"https:\/\/shop.bantam.ch\/fr\/produit\/bache-wintertime-universelle-3-epaisseurs-pour-caravanes-et-camping-cars\/","title":{"rendered":"B\u00e2che Wintertime universelle 3 \u00e9paisseurs pour caravanes et camping-cars"},"content":{"rendered":"<p>La b\u00e2che de toit universelle pour camping-car et caravanes est en SFS-3 NONWOVEN respirant, en 3 \u00e9paisseurs et se caract\u00e9rise par une bonne r\u00e9sistance au d\u00e9chirement et un poids r\u00e9duit. Elle est \u00e9quip\u00e9e en outre de languettes triangulaires pour la mise sous tension.<\/p>\n<p>Contenu de la livraison :<br \/>livr\u00e9 avec de serrage et sac de rangement inclus<\/p>\n","protected":false},"excerpt":{"rendered":"<p>La b\u00e2che de toit universelle pour camping-car et caravanes est en SFS-3 NONWOVEN respirant, en 3 \u00e9paisseurs et se caract\u00e9rise par une bonne r\u00e9sistance au d\u00e9chirement et un poids r\u00e9duit. Elle est \u00e9quip\u00e9e en outre de languettes triangulaires pour la mise sous tension. Contenu de la livraison :livr\u00e9 avec de serrage et sac de rangement [&hellip;]<\/p>\n","protected":false},"featured_media":49170,"template":"","meta":{"_acf_changed":false},"product_featured_cat":[],"product_brand":[3040],"product_cat":[4643],"product_tag":[],"class_list":{"0":"post-49200","1":"product","2":"type-product","3":"status-publish","4":"has-post-thumbnail","6":"product_brand-hindermann","7":"product_cat-housses-de-protection","9":"first","10":"instock","11":"taxable","12":"shipping-taxable","13":"purchasable","14":"product-type-variable"},"acf":[],"yoast_head":"<!-- This site is optimized with the Yoast SEO plugin v27.5 - https:\/\/yoast.com\/product\/yoast-seo-wordpress\/ -->\n<title>B\u00e2che Wintertime universelle 3 \u00e9paisseurs pour caravanes et camping-cars - Bantam<\/title>\n<meta name=\"robots\" content=\"index, follow, max-snippet:-1, max-image-preview:large, max-video-preview:-1\" \/>\n<link rel=\"canonical\" href=\"https:\/\/shop.bantam.ch\/fr\/produit\/bache-wintertime-universelle-3-epaisseurs-pour-caravanes-et-camping-cars\/\" \/>\n<meta property=\"og:locale\" content=\"fr_FR\" \/>\n<meta property=\"og:type\" content=\"article\" \/>\n<meta property=\"og:title\" content=\"B\u00e2che Wintertime universelle 3 \u00e9paisseurs pour caravanes et camping-cars - Bantam\" \/>\n<meta property=\"og:description\" content=\"La b\u00e2che de toit universelle pour camping-car et caravanes est en SFS-3 NONWOVEN respirant, en 3 \u00e9paisseurs et se caract\u00e9rise par une bonne r\u00e9sistance au d\u00e9chirement et un poids r\u00e9duit. Elle est \u00e9quip\u00e9e en outre de languettes triangulaires pour la mise sous tension. Contenu de la livraison :livr\u00e9 avec de serrage et sac de rangement [&hellip;]\" \/>\n<meta property=\"og:url\" content=\"https:\/\/shop.bantam.ch\/fr\/produit\/bache-wintertime-universelle-3-epaisseurs-pour-caravanes-et-camping-cars\/\" \/>\n<meta property=\"og:site_name\" content=\"Bantam\" \/>\n<meta property=\"article:modified_time\" content=\"2026-05-06T19:10:37+00:00\" \/>\n<meta property=\"og:image\" content=\"https:\/\/shop.bantam.ch\/wp-content\/uploads\/2023\/02\/991721211-10.jpg\" \/>\n\t<meta property=\"og:image:width\" content=\"6016\" \/>\n\t<meta property=\"og:image:height\" content=\"4016\" \/>\n\t<meta property=\"og:image:type\" content=\"image\/jpeg\" \/>\n<meta name=\"twitter:card\" content=\"summary_large_image\" \/>\n<script type=\"application\/ld+json\" class=\"yoast-schema-graph\">{\"@context\":\"https:\\\/\\\/schema.org\",\"@graph\":[{\"@type\":\"WebPage\",\"@id\":\"https:\\\/\\\/shop.bantam.ch\\\/fr\\\/produit\\\/bache-wintertime-universelle-3-epaisseurs-pour-caravanes-et-camping-cars\\\/\",\"url\":\"https:\\\/\\\/shop.bantam.ch\\\/fr\\\/produit\\\/bache-wintertime-universelle-3-epaisseurs-pour-caravanes-et-camping-cars\\\/\",\"name\":\"B\u00e2che Wintertime universelle 3 \u00e9paisseurs pour caravanes et camping-cars - Bantam\",\"isPartOf\":{\"@id\":\"https:\\\/\\\/shop.bantam.ch\\\/fr\\\/#website\"},\"primaryImageOfPage\":{\"@id\":\"https:\\\/\\\/shop.bantam.ch\\\/fr\\\/produit\\\/bache-wintertime-universelle-3-epaisseurs-pour-caravanes-et-camping-cars\\\/#primaryimage\"},\"image\":{\"@id\":\"https:\\\/\\\/shop.bantam.ch\\\/fr\\\/produit\\\/bache-wintertime-universelle-3-epaisseurs-pour-caravanes-et-camping-cars\\\/#primaryimage\"},\"thumbnailUrl\":\"https:\\\/\\\/shop.bantam.ch\\\/wp-content\\\/uploads\\\/2023\\\/02\\\/991721211-10-scaled.jpg\",\"datePublished\":\"2023-02-23T12:26:13+00:00\",\"dateModified\":\"2026-05-06T19:10:37+00:00\",\"breadcrumb\":{\"@id\":\"https:\\\/\\\/shop.bantam.ch\\\/fr\\\/produit\\\/bache-wintertime-universelle-3-epaisseurs-pour-caravanes-et-camping-cars\\\/#breadcrumb\"},\"inLanguage\":\"fr-FR\",\"potentialAction\":[{\"@type\":\"ReadAction\",\"target\":[\"https:\\\/\\\/shop.bantam.ch\\\/fr\\\/produit\\\/bache-wintertime-universelle-3-epaisseurs-pour-caravanes-et-camping-cars\\\/\"]}]},{\"@type\":\"ImageObject\",\"inLanguage\":\"fr-FR\",\"@id\":\"https:\\\/\\\/shop.bantam.ch\\\/fr\\\/produit\\\/bache-wintertime-universelle-3-epaisseurs-pour-caravanes-et-camping-cars\\\/#primaryimage\",\"url\":\"https:\\\/\\\/shop.bantam.ch\\\/wp-content\\\/uploads\\\/2023\\\/02\\\/991721211-10-scaled.jpg\",\"contentUrl\":\"https:\\\/\\\/shop.bantam.ch\\\/wp-content\\\/uploads\\\/2023\\\/02\\\/991721211-10-scaled.jpg\",\"width\":2048,\"height\":1367},{\"@type\":\"BreadcrumbList\",\"@id\":\"https:\\\/\\\/shop.bantam.ch\\\/fr\\\/produit\\\/bache-wintertime-universelle-3-epaisseurs-pour-caravanes-et-camping-cars\\\/#breadcrumb\",\"itemListElement\":[{\"@type\":\"ListItem\",\"position\":1,\"name\":\"Accueil\",\"item\":\"https:\\\/\\\/shop.bantam.ch\\\/fr\\\/\"},{\"@type\":\"ListItem\",\"position\":2,\"name\":\"Boutique\",\"item\":\"https:\\\/\\\/shop.bantam.ch\\\/fr\\\/boutique\\\/\"},{\"@type\":\"ListItem\",\"position\":3,\"name\":\"B\u00e2che Wintertime universelle 3 \u00e9paisseurs pour caravanes et camping-cars\"}]},{\"@type\":\"WebSite\",\"@id\":\"https:\\\/\\\/shop.bantam.ch\\\/fr\\\/#website\",\"url\":\"https:\\\/\\\/shop.bantam.ch\\\/fr\\\/\",\"name\":\"Bantam\",\"description\":\"\",\"publisher\":{\"@id\":\"https:\\\/\\\/shop.bantam.ch\\\/fr\\\/#organization\"},\"inLanguage\":\"fr-FR\"},{\"@type\":\"Organization\",\"@id\":\"https:\\\/\\\/shop.bantam.ch\\\/fr\\\/#organization\",\"name\":\"Bantam\",\"url\":\"https:\\\/\\\/shop.bantam.ch\\\/fr\\\/\",\"logo\":{\"@type\":\"ImageObject\",\"inLanguage\":\"fr-FR\",\"@id\":\"https:\\\/\\\/shop.bantam.ch\\\/fr\\\/#\\\/schema\\\/logo\\\/image\\\/\",\"url\":\"https:\\\/\\\/shop.bantam.ch\\\/wp-content\\\/uploads\\\/2022\\\/12\\\/bantam-logo.png\",\"contentUrl\":\"https:\\\/\\\/shop.bantam.ch\\\/wp-content\\\/uploads\\\/2022\\\/12\\\/bantam-logo.png\",\"width\":320,\"height\":71,\"caption\":\"Bantam\"},\"image\":{\"@id\":\"https:\\\/\\\/shop.bantam.ch\\\/fr\\\/#\\\/schema\\\/logo\\\/image\\\/\"}}]}<\/script>\n<!-- \/ Yoast SEO plugin. -->","yoast_head_json":{"title":"B\u00e2che Wintertime universelle 3 \u00e9paisseurs pour caravanes et camping-cars - Bantam","robots":{"index":"index","follow":"follow","max-snippet":"max-snippet:-1","max-image-preview":"max-image-preview:large","max-video-preview":"max-video-preview:-1"},"canonical":"https:\/\/shop.bantam.ch\/fr\/produit\/bache-wintertime-universelle-3-epaisseurs-pour-caravanes-et-camping-cars\/","og_locale":"fr_FR","og_type":"article","og_title":"B\u00e2che Wintertime universelle 3 \u00e9paisseurs pour caravanes et camping-cars - Bantam","og_description":"La b\u00e2che de toit universelle pour camping-car et caravanes est en SFS-3 NONWOVEN respirant, en 3 \u00e9paisseurs et se caract\u00e9rise par une bonne r\u00e9sistance au d\u00e9chirement et un poids r\u00e9duit. Elle est \u00e9quip\u00e9e en outre de languettes triangulaires pour la mise sous tension. Contenu de la livraison :livr\u00e9 avec de serrage et sac de rangement [&hellip;]","og_url":"https:\/\/shop.bantam.ch\/fr\/produit\/bache-wintertime-universelle-3-epaisseurs-pour-caravanes-et-camping-cars\/","og_site_name":"Bantam","article_modified_time":"2026-05-06T19:10:37+00:00","og_image":[{"width":6016,"height":4016,"url":"https:\/\/shop.bantam.ch\/wp-content\/uploads\/2023\/02\/991721211-10.jpg","type":"image\/jpeg"}],"twitter_card":"summary_large_image","schema":{"@context":"https:\/\/schema.org","@graph":[{"@type":"WebPage","@id":"https:\/\/shop.bantam.ch\/fr\/produit\/bache-wintertime-universelle-3-epaisseurs-pour-caravanes-et-camping-cars\/","url":"https:\/\/shop.bantam.ch\/fr\/produit\/bache-wintertime-universelle-3-epaisseurs-pour-caravanes-et-camping-cars\/","name":"B\u00e2che Wintertime universelle 3 \u00e9paisseurs pour caravanes et camping-cars - Bantam","isPartOf":{"@id":"https:\/\/shop.bantam.ch\/fr\/#website"},"primaryImageOfPage":{"@id":"https:\/\/shop.bantam.ch\/fr\/produit\/bache-wintertime-universelle-3-epaisseurs-pour-caravanes-et-camping-cars\/#primaryimage"},"image":{"@id":"https:\/\/shop.bantam.ch\/fr\/produit\/bache-wintertime-universelle-3-epaisseurs-pour-caravanes-et-camping-cars\/#primaryimage"},"thumbnailUrl":"https:\/\/shop.bantam.ch\/wp-content\/uploads\/2023\/02\/991721211-10-scaled.jpg","datePublished":"2023-02-23T12:26:13+00:00","dateModified":"2026-05-06T19:10:37+00:00","breadcrumb":{"@id":"https:\/\/shop.bantam.ch\/fr\/produit\/bache-wintertime-universelle-3-epaisseurs-pour-caravanes-et-camping-cars\/#breadcrumb"},"inLanguage":"fr-FR","potentialAction":[{"@type":"ReadAction","target":["https:\/\/shop.bantam.ch\/fr\/produit\/bache-wintertime-universelle-3-epaisseurs-pour-caravanes-et-camping-cars\/"]}]},{"@type":"ImageObject","inLanguage":"fr-FR","@id":"https:\/\/shop.bantam.ch\/fr\/produit\/bache-wintertime-universelle-3-epaisseurs-pour-caravanes-et-camping-cars\/#primaryimage","url":"https:\/\/shop.bantam.ch\/wp-content\/uploads\/2023\/02\/991721211-10-scaled.jpg","contentUrl":"https:\/\/shop.bantam.ch\/wp-content\/uploads\/2023\/02\/991721211-10-scaled.jpg","width":2048,"height":1367},{"@type":"BreadcrumbList","@id":"https:\/\/shop.bantam.ch\/fr\/produit\/bache-wintertime-universelle-3-epaisseurs-pour-caravanes-et-camping-cars\/#breadcrumb","itemListElement":[{"@type":"ListItem","position":1,"name":"Accueil","item":"https:\/\/shop.bantam.ch\/fr\/"},{"@type":"ListItem","position":2,"name":"Boutique","item":"https:\/\/shop.bantam.ch\/fr\/boutique\/"},{"@type":"ListItem","position":3,"name":"B\u00e2che Wintertime universelle 3 \u00e9paisseurs pour caravanes et camping-cars"}]},{"@type":"WebSite","@id":"https:\/\/shop.bantam.ch\/fr\/#website","url":"https:\/\/shop.bantam.ch\/fr\/","name":"Bantam","description":"","publisher":{"@id":"https:\/\/shop.bantam.ch\/fr\/#organization"},"inLanguage":"fr-FR"},{"@type":"Organization","@id":"https:\/\/shop.bantam.ch\/fr\/#organization","name":"Bantam","url":"https:\/\/shop.bantam.ch\/fr\/","logo":{"@type":"ImageObject","inLanguage":"fr-FR","@id":"https:\/\/shop.bantam.ch\/fr\/#\/schema\/logo\/image\/","url":"https:\/\/shop.bantam.ch\/wp-content\/uploads\/2022\/12\/bantam-logo.png","contentUrl":"https:\/\/shop.bantam.ch\/wp-content\/uploads\/2022\/12\/bantam-logo.png","width":320,"height":71,"caption":"Bantam"},"image":{"@id":"https:\/\/shop.bantam.ch\/fr\/#\/schema\/logo\/image\/"}}]}},"_links":{"self":[{"href":"https:\/\/shop.bantam.ch\/fr\/wp-json\/wp\/v2\/product\/49200","targetHints":{"allow":["GET"]}}],"collection":[{"href":"https:\/\/shop.bantam.ch\/fr\/wp-json\/wp\/v2\/product"}],"about":[{"href":"https:\/\/shop.bantam.ch\/fr\/wp-json\/wp\/v2\/types\/product"}],"wp:featuredmedia":[{"embeddable":true,"href":"https:\/\/shop.bantam.ch\/fr\/wp-json\/wp\/v2\/media\/49170"}],"wp:attachment":[{"href":"https:\/\/shop.bantam.ch\/fr\/wp-json\/wp\/v2\/media?parent=49200"}],"wp:term":[{"taxonomy":"product_featured_cat","embeddable":true,"href":"https:\/\/shop.bantam.ch\/fr\/wp-json\/wp\/v2\/product_featured_cat?post=49200"},{"taxonomy":"product_brand","embeddable":true,"href":"https:\/\/shop.bantam.ch\/fr\/wp-json\/wp\/v2\/product_brand?post=49200"},{"taxonomy":"product_cat","embeddable":true,"href":"https:\/\/shop.bantam.ch\/fr\/wp-json\/wp\/v2\/product_cat?post=49200"},{"taxonomy":"product_tag","embeddable":true,"href":"https:\/\/shop.bantam.ch\/fr\/wp-json\/wp\/v2\/product_tag?post=49200"}],"curies":[{"name":"wp","href":"https:\/\/api.w.org\/{rel}","templated":true}]}}