{"id":48720,"date":"2023-02-23T13:17:58","date_gmt":"2023-02-23T12:17:58","guid":{"rendered":"http:\/\/preprod-dev.sh1.hidora.com\/webshop\/produit\/pompe-immergee-a-haute-performance-conforme-a-la-reglementation-sur-leau-potable\/"},"modified":"2026-04-16T21:10:44","modified_gmt":"2026-04-16T19:10:44","slug":"pompe-immergee-a-haute-performance-conforme-a-la-reglementation-sur-leau-potable","status":"publish","type":"product","link":"https:\/\/shop.bantam.ch\/fr\/produit\/pompe-immergee-a-haute-performance-conforme-a-la-reglementation-sur-leau-potable\/","title":{"rendered":"Pompe submersible 15 l, Europwer avec anti-retour KTWC &amp; DVGW W270"},"content":{"rendered":"<p>Pompe immerg\u00e9e \u00e0 haute performance avec joint longue dur\u00e9e. Bo\u00eetier hygi\u00e9nique facile \u00e0 nettoyer. L\u2019a\u00e9ration automatique brevet\u00e9e garantit un pompage imm\u00e9diat de l\u2019eau. Le clapet anti-retour automatique int\u00e9gr\u00e9 assure une pression constante dans la tuyauterie, m\u00eame lorsque la pompe est \u00e9teinte. Vis incluses. La pompe id\u00e9ale pour une alimentation fluide en eau.<\/p>\n<ul>\n<li>Intensit\u00e9\u00a0: 3,0 \u2013 3,8\u00a0A<\/li>\n<li>Hauteur de refoulement\u00a0: 10\u00a0m<\/li>\n<\/ul>\n","protected":false},"excerpt":{"rendered":"<p>Pompe immerg\u00e9e \u00e0 haute performance avec joint longue dur\u00e9e. Bo\u00eetier hygi\u00e9nique facile \u00e0 nettoyer. L\u2019a\u00e9ration automatique brevet\u00e9e garantit un pompage imm\u00e9diat de l\u2019eau. Le clapet anti-retour automatique int\u00e9gr\u00e9 assure une pression constante dans la tuyauterie, m\u00eame lorsque la pompe est \u00e9teinte. Vis incluses. La pompe id\u00e9ale pour une alimentation fluide en eau. Intensit\u00e9\u00a0: 3,0 \u2013 [&hellip;]<\/p>\n","protected":false},"featured_media":48718,"template":"","meta":{"_acf_changed":false},"product_featured_cat":[],"product_brand":[3112],"product_cat":[4631],"product_tag":[],"class_list":{"0":"post-48720","1":"product","2":"type-product","3":"status-publish","4":"has-post-thumbnail","6":"product_brand-reich","7":"product_cat-pompes-submersibles","9":"first","10":"instock","11":"taxable","12":"shipping-taxable","13":"purchasable","14":"product-type-simple"},"acf":[],"yoast_head":"<!-- This site is optimized with the Yoast SEO plugin v27.4 - https:\/\/yoast.com\/product\/yoast-seo-wordpress\/ -->\n<title>Pompe submersible 15 l, Europwer avec anti-retour KTWC &amp; DVGW W270 - Bantam Wankm\u00fcller SA<\/title>\n<meta name=\"robots\" content=\"index, follow, max-snippet:-1, max-image-preview:large, max-video-preview:-1\" \/>\n<link rel=\"canonical\" href=\"https:\/\/shop.bantam.ch\/fr\/produit\/pompe-immergee-a-haute-performance-conforme-a-la-reglementation-sur-leau-potable\/\" \/>\n<meta property=\"og:locale\" content=\"fr_FR\" \/>\n<meta property=\"og:type\" content=\"article\" \/>\n<meta property=\"og:title\" content=\"Pompe submersible 15 l, Europwer avec anti-retour KTWC &amp; DVGW W270 - Bantam Wankm\u00fcller SA\" \/>\n<meta property=\"og:description\" content=\"Pompe immerg\u00e9e \u00e0 haute performance avec joint longue dur\u00e9e. Bo\u00eetier hygi\u00e9nique facile \u00e0 nettoyer. L\u2019a\u00e9ration automatique brevet\u00e9e garantit un pompage imm\u00e9diat de l\u2019eau. Le clapet anti-retour automatique int\u00e9gr\u00e9 assure une pression constante dans la tuyauterie, m\u00eame lorsque la pompe est \u00e9teinte. Vis incluses. La pompe id\u00e9ale pour une alimentation fluide en eau. Intensit\u00e9\u00a0: 3,0 \u2013 [&hellip;]\" \/>\n<meta property=\"og:url\" content=\"https:\/\/shop.bantam.ch\/fr\/produit\/pompe-immergee-a-haute-performance-conforme-a-la-reglementation-sur-leau-potable\/\" \/>\n<meta property=\"og:site_name\" content=\"Bantam Wankm\u00fcller SA\" \/>\n<meta property=\"article:modified_time\" content=\"2026-04-16T19:10:44+00:00\" \/>\n<meta property=\"og:image\" content=\"https:\/\/shop.bantam.ch\/wp-content\/uploads\/2023\/02\/9971816-Tauchpumpe_15_l_Europower_m_Rueckschlag_KTWC_u_DVGW_W270-Standard-01-1.jpg\" \/>\n\t<meta property=\"og:image:width\" content=\"236\" \/>\n\t<meta property=\"og:image:height\" content=\"1000\" \/>\n\t<meta property=\"og:image:type\" content=\"image\/jpeg\" \/>\n<meta name=\"twitter:card\" content=\"summary_large_image\" \/>\n<script type=\"application\/ld+json\" class=\"yoast-schema-graph\">{\"@context\":\"https:\\\/\\\/schema.org\",\"@graph\":[{\"@type\":\"WebPage\",\"@id\":\"https:\\\/\\\/shop.bantam.ch\\\/fr\\\/produit\\\/pompe-immergee-a-haute-performance-conforme-a-la-reglementation-sur-leau-potable\\\/\",\"url\":\"https:\\\/\\\/shop.bantam.ch\\\/fr\\\/produit\\\/pompe-immergee-a-haute-performance-conforme-a-la-reglementation-sur-leau-potable\\\/\",\"name\":\"Pompe submersible 15 l, Europwer avec anti-retour KTWC &amp; DVGW W270 - Bantam Wankm\u00fcller SA\",\"isPartOf\":{\"@id\":\"https:\\\/\\\/shop.bantam.ch\\\/fr\\\/#website\"},\"primaryImageOfPage\":{\"@id\":\"https:\\\/\\\/shop.bantam.ch\\\/fr\\\/produit\\\/pompe-immergee-a-haute-performance-conforme-a-la-reglementation-sur-leau-potable\\\/#primaryimage\"},\"image\":{\"@id\":\"https:\\\/\\\/shop.bantam.ch\\\/fr\\\/produit\\\/pompe-immergee-a-haute-performance-conforme-a-la-reglementation-sur-leau-potable\\\/#primaryimage\"},\"thumbnailUrl\":\"https:\\\/\\\/shop.bantam.ch\\\/wp-content\\\/uploads\\\/2023\\\/02\\\/9971816-Tauchpumpe_15_l_Europower_m_Rueckschlag_KTWC_u_DVGW_W270-Standard-01-1.jpg\",\"datePublished\":\"2023-02-23T12:17:58+00:00\",\"dateModified\":\"2026-04-16T19:10:44+00:00\",\"breadcrumb\":{\"@id\":\"https:\\\/\\\/shop.bantam.ch\\\/fr\\\/produit\\\/pompe-immergee-a-haute-performance-conforme-a-la-reglementation-sur-leau-potable\\\/#breadcrumb\"},\"inLanguage\":\"fr-FR\",\"potentialAction\":[{\"@type\":\"ReadAction\",\"target\":[\"https:\\\/\\\/shop.bantam.ch\\\/fr\\\/produit\\\/pompe-immergee-a-haute-performance-conforme-a-la-reglementation-sur-leau-potable\\\/\"]}]},{\"@type\":\"ImageObject\",\"inLanguage\":\"fr-FR\",\"@id\":\"https:\\\/\\\/shop.bantam.ch\\\/fr\\\/produit\\\/pompe-immergee-a-haute-performance-conforme-a-la-reglementation-sur-leau-potable\\\/#primaryimage\",\"url\":\"https:\\\/\\\/shop.bantam.ch\\\/wp-content\\\/uploads\\\/2023\\\/02\\\/9971816-Tauchpumpe_15_l_Europower_m_Rueckschlag_KTWC_u_DVGW_W270-Standard-01-1.jpg\",\"contentUrl\":\"https:\\\/\\\/shop.bantam.ch\\\/wp-content\\\/uploads\\\/2023\\\/02\\\/9971816-Tauchpumpe_15_l_Europower_m_Rueckschlag_KTWC_u_DVGW_W270-Standard-01-1.jpg\",\"width\":236,\"height\":1000},{\"@type\":\"BreadcrumbList\",\"@id\":\"https:\\\/\\\/shop.bantam.ch\\\/fr\\\/produit\\\/pompe-immergee-a-haute-performance-conforme-a-la-reglementation-sur-leau-potable\\\/#breadcrumb\",\"itemListElement\":[{\"@type\":\"ListItem\",\"position\":1,\"name\":\"Accueil\",\"item\":\"https:\\\/\\\/shop.bantam.ch\\\/fr\\\/\"},{\"@type\":\"ListItem\",\"position\":2,\"name\":\"Boutique\",\"item\":\"https:\\\/\\\/shop.bantam.ch\\\/fr\\\/boutique\\\/\"},{\"@type\":\"ListItem\",\"position\":3,\"name\":\"Pompe submersible 15 l, Europwer avec anti-retour KTWC &amp; DVGW W270\"}]},{\"@type\":\"WebSite\",\"@id\":\"https:\\\/\\\/shop.bantam.ch\\\/fr\\\/#website\",\"url\":\"https:\\\/\\\/shop.bantam.ch\\\/fr\\\/\",\"name\":\"Bantam Wankm\u00fcller SA\",\"description\":\"\",\"publisher\":{\"@id\":\"https:\\\/\\\/shop.bantam.ch\\\/fr\\\/#organization\"},\"inLanguage\":\"fr-FR\"},{\"@type\":\"Organization\",\"@id\":\"https:\\\/\\\/shop.bantam.ch\\\/fr\\\/#organization\",\"name\":\"Bantam Wankm\u00fcller SA\",\"url\":\"https:\\\/\\\/shop.bantam.ch\\\/fr\\\/\",\"logo\":{\"@type\":\"ImageObject\",\"inLanguage\":\"fr-FR\",\"@id\":\"https:\\\/\\\/shop.bantam.ch\\\/fr\\\/#\\\/schema\\\/logo\\\/image\\\/\",\"url\":\"https:\\\/\\\/shop.bantam.ch\\\/wp-content\\\/uploads\\\/2022\\\/12\\\/bantam-logo.png\",\"contentUrl\":\"https:\\\/\\\/shop.bantam.ch\\\/wp-content\\\/uploads\\\/2022\\\/12\\\/bantam-logo.png\",\"width\":320,\"height\":71,\"caption\":\"Bantam Wankm\u00fcller SA\"},\"image\":{\"@id\":\"https:\\\/\\\/shop.bantam.ch\\\/fr\\\/#\\\/schema\\\/logo\\\/image\\\/\"}}]}<\/script>\n<!-- \/ Yoast SEO plugin. -->","yoast_head_json":{"title":"Pompe submersible 15 l, Europwer avec anti-retour KTWC &amp; DVGW W270 - Bantam Wankm\u00fcller SA","robots":{"index":"index","follow":"follow","max-snippet":"max-snippet:-1","max-image-preview":"max-image-preview:large","max-video-preview":"max-video-preview:-1"},"canonical":"https:\/\/shop.bantam.ch\/fr\/produit\/pompe-immergee-a-haute-performance-conforme-a-la-reglementation-sur-leau-potable\/","og_locale":"fr_FR","og_type":"article","og_title":"Pompe submersible 15 l, Europwer avec anti-retour KTWC &amp; DVGW W270 - Bantam Wankm\u00fcller SA","og_description":"Pompe immerg\u00e9e \u00e0 haute performance avec joint longue dur\u00e9e. Bo\u00eetier hygi\u00e9nique facile \u00e0 nettoyer. L\u2019a\u00e9ration automatique brevet\u00e9e garantit un pompage imm\u00e9diat de l\u2019eau. Le clapet anti-retour automatique int\u00e9gr\u00e9 assure une pression constante dans la tuyauterie, m\u00eame lorsque la pompe est \u00e9teinte. Vis incluses. La pompe id\u00e9ale pour une alimentation fluide en eau. Intensit\u00e9\u00a0: 3,0 \u2013 [&hellip;]","og_url":"https:\/\/shop.bantam.ch\/fr\/produit\/pompe-immergee-a-haute-performance-conforme-a-la-reglementation-sur-leau-potable\/","og_site_name":"Bantam Wankm\u00fcller SA","article_modified_time":"2026-04-16T19:10:44+00:00","og_image":[{"width":236,"height":1000,"url":"https:\/\/shop.bantam.ch\/wp-content\/uploads\/2023\/02\/9971816-Tauchpumpe_15_l_Europower_m_Rueckschlag_KTWC_u_DVGW_W270-Standard-01-1.jpg","type":"image\/jpeg"}],"twitter_card":"summary_large_image","schema":{"@context":"https:\/\/schema.org","@graph":[{"@type":"WebPage","@id":"https:\/\/shop.bantam.ch\/fr\/produit\/pompe-immergee-a-haute-performance-conforme-a-la-reglementation-sur-leau-potable\/","url":"https:\/\/shop.bantam.ch\/fr\/produit\/pompe-immergee-a-haute-performance-conforme-a-la-reglementation-sur-leau-potable\/","name":"Pompe submersible 15 l, Europwer avec anti-retour KTWC &amp; DVGW W270 - Bantam Wankm\u00fcller SA","isPartOf":{"@id":"https:\/\/shop.bantam.ch\/fr\/#website"},"primaryImageOfPage":{"@id":"https:\/\/shop.bantam.ch\/fr\/produit\/pompe-immergee-a-haute-performance-conforme-a-la-reglementation-sur-leau-potable\/#primaryimage"},"image":{"@id":"https:\/\/shop.bantam.ch\/fr\/produit\/pompe-immergee-a-haute-performance-conforme-a-la-reglementation-sur-leau-potable\/#primaryimage"},"thumbnailUrl":"https:\/\/shop.bantam.ch\/wp-content\/uploads\/2023\/02\/9971816-Tauchpumpe_15_l_Europower_m_Rueckschlag_KTWC_u_DVGW_W270-Standard-01-1.jpg","datePublished":"2023-02-23T12:17:58+00:00","dateModified":"2026-04-16T19:10:44+00:00","breadcrumb":{"@id":"https:\/\/shop.bantam.ch\/fr\/produit\/pompe-immergee-a-haute-performance-conforme-a-la-reglementation-sur-leau-potable\/#breadcrumb"},"inLanguage":"fr-FR","potentialAction":[{"@type":"ReadAction","target":["https:\/\/shop.bantam.ch\/fr\/produit\/pompe-immergee-a-haute-performance-conforme-a-la-reglementation-sur-leau-potable\/"]}]},{"@type":"ImageObject","inLanguage":"fr-FR","@id":"https:\/\/shop.bantam.ch\/fr\/produit\/pompe-immergee-a-haute-performance-conforme-a-la-reglementation-sur-leau-potable\/#primaryimage","url":"https:\/\/shop.bantam.ch\/wp-content\/uploads\/2023\/02\/9971816-Tauchpumpe_15_l_Europower_m_Rueckschlag_KTWC_u_DVGW_W270-Standard-01-1.jpg","contentUrl":"https:\/\/shop.bantam.ch\/wp-content\/uploads\/2023\/02\/9971816-Tauchpumpe_15_l_Europower_m_Rueckschlag_KTWC_u_DVGW_W270-Standard-01-1.jpg","width":236,"height":1000},{"@type":"BreadcrumbList","@id":"https:\/\/shop.bantam.ch\/fr\/produit\/pompe-immergee-a-haute-performance-conforme-a-la-reglementation-sur-leau-potable\/#breadcrumb","itemListElement":[{"@type":"ListItem","position":1,"name":"Accueil","item":"https:\/\/shop.bantam.ch\/fr\/"},{"@type":"ListItem","position":2,"name":"Boutique","item":"https:\/\/shop.bantam.ch\/fr\/boutique\/"},{"@type":"ListItem","position":3,"name":"Pompe submersible 15 l, Europwer avec anti-retour KTWC &amp; DVGW W270"}]},{"@type":"WebSite","@id":"https:\/\/shop.bantam.ch\/fr\/#website","url":"https:\/\/shop.bantam.ch\/fr\/","name":"Bantam Wankm\u00fcller SA","description":"","publisher":{"@id":"https:\/\/shop.bantam.ch\/fr\/#organization"},"inLanguage":"fr-FR"},{"@type":"Organization","@id":"https:\/\/shop.bantam.ch\/fr\/#organization","name":"Bantam Wankm\u00fcller SA","url":"https:\/\/shop.bantam.ch\/fr\/","logo":{"@type":"ImageObject","inLanguage":"fr-FR","@id":"https:\/\/shop.bantam.ch\/fr\/#\/schema\/logo\/image\/","url":"https:\/\/shop.bantam.ch\/wp-content\/uploads\/2022\/12\/bantam-logo.png","contentUrl":"https:\/\/shop.bantam.ch\/wp-content\/uploads\/2022\/12\/bantam-logo.png","width":320,"height":71,"caption":"Bantam Wankm\u00fcller SA"},"image":{"@id":"https:\/\/shop.bantam.ch\/fr\/#\/schema\/logo\/image\/"}}]}},"_links":{"self":[{"href":"https:\/\/shop.bantam.ch\/fr\/wp-json\/wp\/v2\/product\/48720","targetHints":{"allow":["GET"]}}],"collection":[{"href":"https:\/\/shop.bantam.ch\/fr\/wp-json\/wp\/v2\/product"}],"about":[{"href":"https:\/\/shop.bantam.ch\/fr\/wp-json\/wp\/v2\/types\/product"}],"wp:featuredmedia":[{"embeddable":true,"href":"https:\/\/shop.bantam.ch\/fr\/wp-json\/wp\/v2\/media\/48718"}],"wp:attachment":[{"href":"https:\/\/shop.bantam.ch\/fr\/wp-json\/wp\/v2\/media?parent=48720"}],"wp:term":[{"taxonomy":"product_featured_cat","embeddable":true,"href":"https:\/\/shop.bantam.ch\/fr\/wp-json\/wp\/v2\/product_featured_cat?post=48720"},{"taxonomy":"product_brand","embeddable":true,"href":"https:\/\/shop.bantam.ch\/fr\/wp-json\/wp\/v2\/product_brand?post=48720"},{"taxonomy":"product_cat","embeddable":true,"href":"https:\/\/shop.bantam.ch\/fr\/wp-json\/wp\/v2\/product_cat?post=48720"},{"taxonomy":"product_tag","embeddable":true,"href":"https:\/\/shop.bantam.ch\/fr\/wp-json\/wp\/v2\/product_tag?post=48720"}],"curies":[{"name":"wp","href":"https:\/\/api.w.org\/{rel}","templated":true}]}}