{"id":48708,"date":"2023-02-23T13:17:40","date_gmt":"2023-02-23T12:17:40","guid":{"rendered":"http:\/\/preprod-dev.sh1.hidora.com\/webshop\/produit\/adaptateur-pour-montage-de-contact-magnetique-radio\/"},"modified":"2026-04-21T21:08:57","modified_gmt":"2026-04-21T19:08:57","slug":"adaptateur-pour-montage-de-contact-magnetique-radio","status":"publish","type":"product","link":"https:\/\/shop.bantam.ch\/fr\/produit\/adaptateur-pour-montage-de-contact-magnetique-radio\/","title":{"rendered":"Adaptateur pour montage de contact magn\u00e9tique radio"},"content":{"rendered":"<p>Petits accessoires pratiques sur les trappes de soutes arri\u00e8re et et les cadres de portes<\/p>\n<p>Lors de la fixation des contacts magn\u00e9tiques radio aux trappes de soutes arri\u00e8re, les adaptateurs de montage permettent de compenser les plus grandes distances. Ils simplifient \u00e9galement le montage sur des joints de porte larges et garantissent un alignement optimal de l&rsquo;antenne \u00e9mettrice avec l&rsquo;unit\u00e9 centrale. Cela permet d&rsquo;assurer une r\u00e9ception optimale m\u00eame sur de gros v\u00e9hicules ou dans des conditions de transmission difficiles. Pr\u00e9voir le 2e kit de montage pour les soutes arri\u00e8re.<\/p>\n<p>Set compos\u00e9 de :<br \/>2 pi\u00e8ces A, 2 pi\u00e8ces B et vis adapt\u00e9es<\/p>\n","protected":false},"excerpt":{"rendered":"<p>Petits accessoires pratiques sur les trappes de soutes arri\u00e8re et et les cadres de portes Lors de la fixation des contacts magn\u00e9tiques radio aux trappes de soutes arri\u00e8re, les adaptateurs de montage permettent de compenser les plus grandes distances. Ils simplifient \u00e9galement le montage sur des joints de porte larges et garantissent un alignement optimal [&hellip;]<\/p>\n","protected":false},"featured_media":48704,"template":"","meta":{"_acf_changed":false},"product_featured_cat":[],"product_brand":[3216],"product_cat":[5051],"product_tag":[],"class_list":{"0":"post-48708","1":"product","2":"type-product","3":"status-publish","4":"has-post-thumbnail","6":"product_brand-thitronik","7":"product_cat-systemes-dalarmes","9":"first","10":"instock","11":"taxable","12":"shipping-taxable","13":"purchasable","14":"product-type-variable"},"acf":[],"yoast_head":"<!-- This site is optimized with the Yoast SEO plugin v27.4 - https:\/\/yoast.com\/product\/yoast-seo-wordpress\/ -->\n<title>Adaptateur pour montage de contact magn\u00e9tique radio - Bantam Wankm\u00fcller SA<\/title>\n<meta name=\"robots\" content=\"index, follow, max-snippet:-1, max-image-preview:large, max-video-preview:-1\" \/>\n<link rel=\"canonical\" href=\"https:\/\/shop.bantam.ch\/fr\/produit\/adaptateur-pour-montage-de-contact-magnetique-radio\/\" \/>\n<meta property=\"og:locale\" content=\"fr_FR\" \/>\n<meta property=\"og:type\" content=\"article\" \/>\n<meta property=\"og:title\" content=\"Adaptateur pour montage de contact magn\u00e9tique radio - Bantam Wankm\u00fcller SA\" \/>\n<meta property=\"og:description\" content=\"Petits accessoires pratiques sur les trappes de soutes arri\u00e8re et et les cadres de portes Lors de la fixation des contacts magn\u00e9tiques radio aux trappes de soutes arri\u00e8re, les adaptateurs de montage permettent de compenser les plus grandes distances. Ils simplifient \u00e9galement le montage sur des joints de porte larges et garantissent un alignement optimal [&hellip;]\" \/>\n<meta property=\"og:url\" content=\"https:\/\/shop.bantam.ch\/fr\/produit\/adaptateur-pour-montage-de-contact-magnetique-radio\/\" \/>\n<meta property=\"og:site_name\" content=\"Bantam Wankm\u00fcller SA\" \/>\n<meta property=\"article:modified_time\" content=\"2026-04-21T19:08:57+00:00\" \/>\n<meta property=\"og:image\" content=\"https:\/\/shop.bantam.ch\/wp-content\/uploads\/2023\/02\/9984047-Montageadatper_weiss-Standard-02-2.jpg\" \/>\n\t<meta property=\"og:image:width\" content=\"1000\" \/>\n\t<meta property=\"og:image:height\" content=\"967\" \/>\n\t<meta property=\"og:image:type\" content=\"image\/jpeg\" \/>\n<meta name=\"twitter:card\" content=\"summary_large_image\" \/>\n<meta name=\"twitter:label1\" content=\"Dur\u00e9e de lecture estim\u00e9e\" \/>\n\t<meta name=\"twitter:data1\" content=\"1 minute\" \/>\n<script type=\"application\/ld+json\" class=\"yoast-schema-graph\">{\"@context\":\"https:\\\/\\\/schema.org\",\"@graph\":[{\"@type\":\"WebPage\",\"@id\":\"https:\\\/\\\/shop.bantam.ch\\\/fr\\\/produit\\\/adaptateur-pour-montage-de-contact-magnetique-radio\\\/\",\"url\":\"https:\\\/\\\/shop.bantam.ch\\\/fr\\\/produit\\\/adaptateur-pour-montage-de-contact-magnetique-radio\\\/\",\"name\":\"Adaptateur pour montage de contact magn\u00e9tique radio - Bantam Wankm\u00fcller SA\",\"isPartOf\":{\"@id\":\"https:\\\/\\\/shop.bantam.ch\\\/fr\\\/#website\"},\"primaryImageOfPage\":{\"@id\":\"https:\\\/\\\/shop.bantam.ch\\\/fr\\\/produit\\\/adaptateur-pour-montage-de-contact-magnetique-radio\\\/#primaryimage\"},\"image\":{\"@id\":\"https:\\\/\\\/shop.bantam.ch\\\/fr\\\/produit\\\/adaptateur-pour-montage-de-contact-magnetique-radio\\\/#primaryimage\"},\"thumbnailUrl\":\"https:\\\/\\\/shop.bantam.ch\\\/wp-content\\\/uploads\\\/2023\\\/02\\\/9984047-Montageadatper_weiss-Standard-02-2.jpg\",\"datePublished\":\"2023-02-23T12:17:40+00:00\",\"dateModified\":\"2026-04-21T19:08:57+00:00\",\"breadcrumb\":{\"@id\":\"https:\\\/\\\/shop.bantam.ch\\\/fr\\\/produit\\\/adaptateur-pour-montage-de-contact-magnetique-radio\\\/#breadcrumb\"},\"inLanguage\":\"fr-FR\",\"potentialAction\":[{\"@type\":\"ReadAction\",\"target\":[\"https:\\\/\\\/shop.bantam.ch\\\/fr\\\/produit\\\/adaptateur-pour-montage-de-contact-magnetique-radio\\\/\"]}]},{\"@type\":\"ImageObject\",\"inLanguage\":\"fr-FR\",\"@id\":\"https:\\\/\\\/shop.bantam.ch\\\/fr\\\/produit\\\/adaptateur-pour-montage-de-contact-magnetique-radio\\\/#primaryimage\",\"url\":\"https:\\\/\\\/shop.bantam.ch\\\/wp-content\\\/uploads\\\/2023\\\/02\\\/9984047-Montageadatper_weiss-Standard-02-2.jpg\",\"contentUrl\":\"https:\\\/\\\/shop.bantam.ch\\\/wp-content\\\/uploads\\\/2023\\\/02\\\/9984047-Montageadatper_weiss-Standard-02-2.jpg\",\"width\":1000,\"height\":967},{\"@type\":\"BreadcrumbList\",\"@id\":\"https:\\\/\\\/shop.bantam.ch\\\/fr\\\/produit\\\/adaptateur-pour-montage-de-contact-magnetique-radio\\\/#breadcrumb\",\"itemListElement\":[{\"@type\":\"ListItem\",\"position\":1,\"name\":\"Accueil\",\"item\":\"https:\\\/\\\/shop.bantam.ch\\\/fr\\\/\"},{\"@type\":\"ListItem\",\"position\":2,\"name\":\"Boutique\",\"item\":\"https:\\\/\\\/shop.bantam.ch\\\/fr\\\/boutique\\\/\"},{\"@type\":\"ListItem\",\"position\":3,\"name\":\"Adaptateur pour montage de contact magn\u00e9tique radio\"}]},{\"@type\":\"WebSite\",\"@id\":\"https:\\\/\\\/shop.bantam.ch\\\/fr\\\/#website\",\"url\":\"https:\\\/\\\/shop.bantam.ch\\\/fr\\\/\",\"name\":\"Bantam Wankm\u00fcller SA\",\"description\":\"\",\"publisher\":{\"@id\":\"https:\\\/\\\/shop.bantam.ch\\\/fr\\\/#organization\"},\"inLanguage\":\"fr-FR\"},{\"@type\":\"Organization\",\"@id\":\"https:\\\/\\\/shop.bantam.ch\\\/fr\\\/#organization\",\"name\":\"Bantam Wankm\u00fcller SA\",\"url\":\"https:\\\/\\\/shop.bantam.ch\\\/fr\\\/\",\"logo\":{\"@type\":\"ImageObject\",\"inLanguage\":\"fr-FR\",\"@id\":\"https:\\\/\\\/shop.bantam.ch\\\/fr\\\/#\\\/schema\\\/logo\\\/image\\\/\",\"url\":\"https:\\\/\\\/shop.bantam.ch\\\/wp-content\\\/uploads\\\/2022\\\/12\\\/bantam-logo.png\",\"contentUrl\":\"https:\\\/\\\/shop.bantam.ch\\\/wp-content\\\/uploads\\\/2022\\\/12\\\/bantam-logo.png\",\"width\":320,\"height\":71,\"caption\":\"Bantam Wankm\u00fcller SA\"},\"image\":{\"@id\":\"https:\\\/\\\/shop.bantam.ch\\\/fr\\\/#\\\/schema\\\/logo\\\/image\\\/\"}}]}<\/script>\n<!-- \/ Yoast SEO plugin. -->","yoast_head_json":{"title":"Adaptateur pour montage de contact magn\u00e9tique radio - Bantam Wankm\u00fcller SA","robots":{"index":"index","follow":"follow","max-snippet":"max-snippet:-1","max-image-preview":"max-image-preview:large","max-video-preview":"max-video-preview:-1"},"canonical":"https:\/\/shop.bantam.ch\/fr\/produit\/adaptateur-pour-montage-de-contact-magnetique-radio\/","og_locale":"fr_FR","og_type":"article","og_title":"Adaptateur pour montage de contact magn\u00e9tique radio - Bantam Wankm\u00fcller SA","og_description":"Petits accessoires pratiques sur les trappes de soutes arri\u00e8re et et les cadres de portes Lors de la fixation des contacts magn\u00e9tiques radio aux trappes de soutes arri\u00e8re, les adaptateurs de montage permettent de compenser les plus grandes distances. Ils simplifient \u00e9galement le montage sur des joints de porte larges et garantissent un alignement optimal [&hellip;]","og_url":"https:\/\/shop.bantam.ch\/fr\/produit\/adaptateur-pour-montage-de-contact-magnetique-radio\/","og_site_name":"Bantam Wankm\u00fcller SA","article_modified_time":"2026-04-21T19:08:57+00:00","og_image":[{"width":1000,"height":967,"url":"https:\/\/shop.bantam.ch\/wp-content\/uploads\/2023\/02\/9984047-Montageadatper_weiss-Standard-02-2.jpg","type":"image\/jpeg"}],"twitter_card":"summary_large_image","twitter_misc":{"Dur\u00e9e de lecture estim\u00e9e":"1 minute"},"schema":{"@context":"https:\/\/schema.org","@graph":[{"@type":"WebPage","@id":"https:\/\/shop.bantam.ch\/fr\/produit\/adaptateur-pour-montage-de-contact-magnetique-radio\/","url":"https:\/\/shop.bantam.ch\/fr\/produit\/adaptateur-pour-montage-de-contact-magnetique-radio\/","name":"Adaptateur pour montage de contact magn\u00e9tique radio - Bantam Wankm\u00fcller SA","isPartOf":{"@id":"https:\/\/shop.bantam.ch\/fr\/#website"},"primaryImageOfPage":{"@id":"https:\/\/shop.bantam.ch\/fr\/produit\/adaptateur-pour-montage-de-contact-magnetique-radio\/#primaryimage"},"image":{"@id":"https:\/\/shop.bantam.ch\/fr\/produit\/adaptateur-pour-montage-de-contact-magnetique-radio\/#primaryimage"},"thumbnailUrl":"https:\/\/shop.bantam.ch\/wp-content\/uploads\/2023\/02\/9984047-Montageadatper_weiss-Standard-02-2.jpg","datePublished":"2023-02-23T12:17:40+00:00","dateModified":"2026-04-21T19:08:57+00:00","breadcrumb":{"@id":"https:\/\/shop.bantam.ch\/fr\/produit\/adaptateur-pour-montage-de-contact-magnetique-radio\/#breadcrumb"},"inLanguage":"fr-FR","potentialAction":[{"@type":"ReadAction","target":["https:\/\/shop.bantam.ch\/fr\/produit\/adaptateur-pour-montage-de-contact-magnetique-radio\/"]}]},{"@type":"ImageObject","inLanguage":"fr-FR","@id":"https:\/\/shop.bantam.ch\/fr\/produit\/adaptateur-pour-montage-de-contact-magnetique-radio\/#primaryimage","url":"https:\/\/shop.bantam.ch\/wp-content\/uploads\/2023\/02\/9984047-Montageadatper_weiss-Standard-02-2.jpg","contentUrl":"https:\/\/shop.bantam.ch\/wp-content\/uploads\/2023\/02\/9984047-Montageadatper_weiss-Standard-02-2.jpg","width":1000,"height":967},{"@type":"BreadcrumbList","@id":"https:\/\/shop.bantam.ch\/fr\/produit\/adaptateur-pour-montage-de-contact-magnetique-radio\/#breadcrumb","itemListElement":[{"@type":"ListItem","position":1,"name":"Accueil","item":"https:\/\/shop.bantam.ch\/fr\/"},{"@type":"ListItem","position":2,"name":"Boutique","item":"https:\/\/shop.bantam.ch\/fr\/boutique\/"},{"@type":"ListItem","position":3,"name":"Adaptateur pour montage de contact magn\u00e9tique radio"}]},{"@type":"WebSite","@id":"https:\/\/shop.bantam.ch\/fr\/#website","url":"https:\/\/shop.bantam.ch\/fr\/","name":"Bantam Wankm\u00fcller SA","description":"","publisher":{"@id":"https:\/\/shop.bantam.ch\/fr\/#organization"},"inLanguage":"fr-FR"},{"@type":"Organization","@id":"https:\/\/shop.bantam.ch\/fr\/#organization","name":"Bantam Wankm\u00fcller SA","url":"https:\/\/shop.bantam.ch\/fr\/","logo":{"@type":"ImageObject","inLanguage":"fr-FR","@id":"https:\/\/shop.bantam.ch\/fr\/#\/schema\/logo\/image\/","url":"https:\/\/shop.bantam.ch\/wp-content\/uploads\/2022\/12\/bantam-logo.png","contentUrl":"https:\/\/shop.bantam.ch\/wp-content\/uploads\/2022\/12\/bantam-logo.png","width":320,"height":71,"caption":"Bantam Wankm\u00fcller SA"},"image":{"@id":"https:\/\/shop.bantam.ch\/fr\/#\/schema\/logo\/image\/"}}]}},"_links":{"self":[{"href":"https:\/\/shop.bantam.ch\/fr\/wp-json\/wp\/v2\/product\/48708","targetHints":{"allow":["GET"]}}],"collection":[{"href":"https:\/\/shop.bantam.ch\/fr\/wp-json\/wp\/v2\/product"}],"about":[{"href":"https:\/\/shop.bantam.ch\/fr\/wp-json\/wp\/v2\/types\/product"}],"wp:featuredmedia":[{"embeddable":true,"href":"https:\/\/shop.bantam.ch\/fr\/wp-json\/wp\/v2\/media\/48704"}],"wp:attachment":[{"href":"https:\/\/shop.bantam.ch\/fr\/wp-json\/wp\/v2\/media?parent=48708"}],"wp:term":[{"taxonomy":"product_featured_cat","embeddable":true,"href":"https:\/\/shop.bantam.ch\/fr\/wp-json\/wp\/v2\/product_featured_cat?post=48708"},{"taxonomy":"product_brand","embeddable":true,"href":"https:\/\/shop.bantam.ch\/fr\/wp-json\/wp\/v2\/product_brand?post=48708"},{"taxonomy":"product_cat","embeddable":true,"href":"https:\/\/shop.bantam.ch\/fr\/wp-json\/wp\/v2\/product_cat?post=48708"},{"taxonomy":"product_tag","embeddable":true,"href":"https:\/\/shop.bantam.ch\/fr\/wp-json\/wp\/v2\/product_tag?post=48708"}],"curies":[{"name":"wp","href":"https:\/\/api.w.org\/{rel}","templated":true}]}}