{"id":48400,"date":"2023-02-23T13:12:06","date_gmt":"2023-02-23T12:12:06","guid":{"rendered":"http:\/\/preprod-dev.sh1.hidora.com\/webshop\/produit\/boucle-de-cable-radio-pour-wipro-all-in-one\/"},"modified":"2026-04-18T21:07:21","modified_gmt":"2026-04-18T19:07:21","slug":"boucle-de-cable-radio-pour-wipro-all-in-one","status":"publish","type":"product","link":"https:\/\/shop.bantam.ch\/fr\/produit\/boucle-de-cable-radio-pour-wipro-all-in-one\/","title":{"rendered":"Boucle de c\u00e2ble radio pour WiPro all in one"},"content":{"rendered":"<p>Une boucle de c\u00e2ble radio est disponible afin de s\u00e9curiser vos accessoires mobiles en dehors du v\u00e9hicule, tels que v\u00e9los, planches de surf, mobilier de camping.<br \/>Le c\u00e2ble est guid\u00e9 \u00e0 travers l\u2019objet \u00e0 s\u00e9curiser (cadre de la bicyclette, accoudoir), l\u2019\u00e9metteur puis \u00e0 travers la boucle situ\u00e9e \u00e0 l\u2019extr\u00e9mit\u00e9 du c\u00e2ble.<br \/>Vous pouvez maintenant accrocher l\u2019\u00e9metteur au support.<br \/>Un aimant dans le support assure la m\u00eame fonction que le contact magn\u00e9tique sans fil. Quand le syst\u00e8me d\u2019alarme est activ\u00e9, l\u2019\u00e9metteur signale si la boucle de c\u00e2ble est retir\u00e9e du support ou si le c\u00e2ble est sectionn\u00e9 ou d\u00e9chir\u00e9 ou s\u2019il y a des champs magn\u00e9tiques \u00e9trangers.<br \/>Cela vous informera de toute tentative et, pour la premi\u00e8re fois, vous permettra de r\u00e9agir \u00e0 un tel vol.<br \/>WiPro III &#8211; Accessoires &#8211; Boucle de c\u00e2ble radio &#8211; convient uniquement pour WiPro III<\/p>\n<p>\u00a0<\/p>\n<ul>\n<li>Tension d&rsquo;alimentation\u00a0: 1x CR2032<\/li>\n<li>Port\u00e9e (champ libre) : approx. 75 m<\/li>\n<li>Fr\u00e9quence d\u2019\u00e9mission : 868,35 MHz (&lt; 10mW)<\/li>\n<li>Plage de temp\u00e9rature\u00a0:\u00a0-10 \u00b0C \u00e0 +80 \u00b0C<\/li>\n<li>Classe de protection : IP44<\/li>\n<\/ul>\n<p>\u00a0<\/p>\n","protected":false},"excerpt":{"rendered":"<p>Une boucle de c\u00e2ble radio est disponible afin de s\u00e9curiser vos accessoires mobiles en dehors du v\u00e9hicule, tels que v\u00e9los, planches de surf, mobilier de camping.Le c\u00e2ble est guid\u00e9 \u00e0 travers l\u2019objet \u00e0 s\u00e9curiser (cadre de la bicyclette, accoudoir), l\u2019\u00e9metteur puis \u00e0 travers la boucle situ\u00e9e \u00e0 l\u2019extr\u00e9mit\u00e9 du c\u00e2ble.Vous pouvez maintenant accrocher l\u2019\u00e9metteur au [&hellip;]<\/p>\n","protected":false},"featured_media":48376,"template":"","meta":{"_acf_changed":false},"product_featured_cat":[],"product_brand":[3216],"product_cat":[5051],"product_tag":[],"class_list":{"0":"post-48400","1":"product","2":"type-product","3":"status-publish","4":"has-post-thumbnail","6":"product_brand-thitronik","7":"product_cat-systemes-dalarmes","9":"first","10":"instock","11":"taxable","12":"shipping-taxable","13":"purchasable","14":"product-type-variable"},"acf":[],"yoast_head":"<!-- This site is optimized with the Yoast SEO plugin v27.4 - https:\/\/yoast.com\/product\/yoast-seo-wordpress\/ -->\n<title>Boucle de c\u00e2ble radio pour WiPro all in one - Bantam Wankm\u00fcller SA<\/title>\n<meta name=\"robots\" content=\"index, follow, max-snippet:-1, max-image-preview:large, max-video-preview:-1\" \/>\n<link rel=\"canonical\" href=\"https:\/\/shop.bantam.ch\/fr\/produit\/boucle-de-cable-radio-pour-wipro-all-in-one\/\" \/>\n<meta property=\"og:locale\" content=\"fr_FR\" \/>\n<meta property=\"og:type\" content=\"article\" \/>\n<meta property=\"og:title\" content=\"Boucle de c\u00e2ble radio pour WiPro all in one - Bantam Wankm\u00fcller SA\" \/>\n<meta property=\"og:description\" content=\"Une boucle de c\u00e2ble radio est disponible afin de s\u00e9curiser vos accessoires mobiles en dehors du v\u00e9hicule, tels que v\u00e9los, planches de surf, mobilier de camping.Le c\u00e2ble est guid\u00e9 \u00e0 travers l\u2019objet \u00e0 s\u00e9curiser (cadre de la bicyclette, accoudoir), l\u2019\u00e9metteur puis \u00e0 travers la boucle situ\u00e9e \u00e0 l\u2019extr\u00e9mit\u00e9 du c\u00e2ble.Vous pouvez maintenant accrocher l\u2019\u00e9metteur au [&hellip;]\" \/>\n<meta property=\"og:url\" content=\"https:\/\/shop.bantam.ch\/fr\/produit\/boucle-de-cable-radio-pour-wipro-all-in-one\/\" \/>\n<meta property=\"og:site_name\" content=\"Bantam Wankm\u00fcller SA\" \/>\n<meta property=\"article:modified_time\" content=\"2026-04-18T19:07:21+00:00\" \/>\n<meta property=\"og:image\" content=\"https:\/\/shop.bantam.ch\/wp-content\/uploads\/2023\/02\/9980416-Funk-Kabelschleife_868Mhz-Standard-01-4.jpg\" \/>\n\t<meta property=\"og:image:width\" content=\"1000\" \/>\n\t<meta property=\"og:image:height\" content=\"932\" \/>\n\t<meta property=\"og:image:type\" content=\"image\/jpeg\" \/>\n<meta name=\"twitter:card\" content=\"summary_large_image\" \/>\n<meta name=\"twitter:label1\" content=\"Dur\u00e9e de lecture estim\u00e9e\" \/>\n\t<meta name=\"twitter:data1\" content=\"1 minute\" \/>\n<script type=\"application\/ld+json\" class=\"yoast-schema-graph\">{\"@context\":\"https:\\\/\\\/schema.org\",\"@graph\":[{\"@type\":\"WebPage\",\"@id\":\"https:\\\/\\\/shop.bantam.ch\\\/fr\\\/produit\\\/boucle-de-cable-radio-pour-wipro-all-in-one\\\/\",\"url\":\"https:\\\/\\\/shop.bantam.ch\\\/fr\\\/produit\\\/boucle-de-cable-radio-pour-wipro-all-in-one\\\/\",\"name\":\"Boucle de c\u00e2ble radio pour WiPro all in one - Bantam Wankm\u00fcller SA\",\"isPartOf\":{\"@id\":\"https:\\\/\\\/shop.bantam.ch\\\/fr\\\/#website\"},\"primaryImageOfPage\":{\"@id\":\"https:\\\/\\\/shop.bantam.ch\\\/fr\\\/produit\\\/boucle-de-cable-radio-pour-wipro-all-in-one\\\/#primaryimage\"},\"image\":{\"@id\":\"https:\\\/\\\/shop.bantam.ch\\\/fr\\\/produit\\\/boucle-de-cable-radio-pour-wipro-all-in-one\\\/#primaryimage\"},\"thumbnailUrl\":\"https:\\\/\\\/shop.bantam.ch\\\/wp-content\\\/uploads\\\/2023\\\/02\\\/9980416-Funk-Kabelschleife_868Mhz-Standard-01-4.jpg\",\"datePublished\":\"2023-02-23T12:12:06+00:00\",\"dateModified\":\"2026-04-18T19:07:21+00:00\",\"breadcrumb\":{\"@id\":\"https:\\\/\\\/shop.bantam.ch\\\/fr\\\/produit\\\/boucle-de-cable-radio-pour-wipro-all-in-one\\\/#breadcrumb\"},\"inLanguage\":\"fr-FR\",\"potentialAction\":[{\"@type\":\"ReadAction\",\"target\":[\"https:\\\/\\\/shop.bantam.ch\\\/fr\\\/produit\\\/boucle-de-cable-radio-pour-wipro-all-in-one\\\/\"]}]},{\"@type\":\"ImageObject\",\"inLanguage\":\"fr-FR\",\"@id\":\"https:\\\/\\\/shop.bantam.ch\\\/fr\\\/produit\\\/boucle-de-cable-radio-pour-wipro-all-in-one\\\/#primaryimage\",\"url\":\"https:\\\/\\\/shop.bantam.ch\\\/wp-content\\\/uploads\\\/2023\\\/02\\\/9980416-Funk-Kabelschleife_868Mhz-Standard-01-4.jpg\",\"contentUrl\":\"https:\\\/\\\/shop.bantam.ch\\\/wp-content\\\/uploads\\\/2023\\\/02\\\/9980416-Funk-Kabelschleife_868Mhz-Standard-01-4.jpg\",\"width\":1000,\"height\":932},{\"@type\":\"BreadcrumbList\",\"@id\":\"https:\\\/\\\/shop.bantam.ch\\\/fr\\\/produit\\\/boucle-de-cable-radio-pour-wipro-all-in-one\\\/#breadcrumb\",\"itemListElement\":[{\"@type\":\"ListItem\",\"position\":1,\"name\":\"Accueil\",\"item\":\"https:\\\/\\\/shop.bantam.ch\\\/fr\\\/\"},{\"@type\":\"ListItem\",\"position\":2,\"name\":\"Boutique\",\"item\":\"https:\\\/\\\/shop.bantam.ch\\\/fr\\\/boutique\\\/\"},{\"@type\":\"ListItem\",\"position\":3,\"name\":\"Boucle de c\u00e2ble radio pour WiPro all in one\"}]},{\"@type\":\"WebSite\",\"@id\":\"https:\\\/\\\/shop.bantam.ch\\\/fr\\\/#website\",\"url\":\"https:\\\/\\\/shop.bantam.ch\\\/fr\\\/\",\"name\":\"Bantam Wankm\u00fcller SA\",\"description\":\"\",\"publisher\":{\"@id\":\"https:\\\/\\\/shop.bantam.ch\\\/fr\\\/#organization\"},\"inLanguage\":\"fr-FR\"},{\"@type\":\"Organization\",\"@id\":\"https:\\\/\\\/shop.bantam.ch\\\/fr\\\/#organization\",\"name\":\"Bantam Wankm\u00fcller SA\",\"url\":\"https:\\\/\\\/shop.bantam.ch\\\/fr\\\/\",\"logo\":{\"@type\":\"ImageObject\",\"inLanguage\":\"fr-FR\",\"@id\":\"https:\\\/\\\/shop.bantam.ch\\\/fr\\\/#\\\/schema\\\/logo\\\/image\\\/\",\"url\":\"https:\\\/\\\/shop.bantam.ch\\\/wp-content\\\/uploads\\\/2022\\\/12\\\/bantam-logo.png\",\"contentUrl\":\"https:\\\/\\\/shop.bantam.ch\\\/wp-content\\\/uploads\\\/2022\\\/12\\\/bantam-logo.png\",\"width\":320,\"height\":71,\"caption\":\"Bantam Wankm\u00fcller SA\"},\"image\":{\"@id\":\"https:\\\/\\\/shop.bantam.ch\\\/fr\\\/#\\\/schema\\\/logo\\\/image\\\/\"}}]}<\/script>\n<!-- \/ Yoast SEO plugin. -->","yoast_head_json":{"title":"Boucle de c\u00e2ble radio pour WiPro all in one - Bantam Wankm\u00fcller SA","robots":{"index":"index","follow":"follow","max-snippet":"max-snippet:-1","max-image-preview":"max-image-preview:large","max-video-preview":"max-video-preview:-1"},"canonical":"https:\/\/shop.bantam.ch\/fr\/produit\/boucle-de-cable-radio-pour-wipro-all-in-one\/","og_locale":"fr_FR","og_type":"article","og_title":"Boucle de c\u00e2ble radio pour WiPro all in one - Bantam Wankm\u00fcller SA","og_description":"Une boucle de c\u00e2ble radio est disponible afin de s\u00e9curiser vos accessoires mobiles en dehors du v\u00e9hicule, tels que v\u00e9los, planches de surf, mobilier de camping.Le c\u00e2ble est guid\u00e9 \u00e0 travers l\u2019objet \u00e0 s\u00e9curiser (cadre de la bicyclette, accoudoir), l\u2019\u00e9metteur puis \u00e0 travers la boucle situ\u00e9e \u00e0 l\u2019extr\u00e9mit\u00e9 du c\u00e2ble.Vous pouvez maintenant accrocher l\u2019\u00e9metteur au [&hellip;]","og_url":"https:\/\/shop.bantam.ch\/fr\/produit\/boucle-de-cable-radio-pour-wipro-all-in-one\/","og_site_name":"Bantam Wankm\u00fcller SA","article_modified_time":"2026-04-18T19:07:21+00:00","og_image":[{"width":1000,"height":932,"url":"https:\/\/shop.bantam.ch\/wp-content\/uploads\/2023\/02\/9980416-Funk-Kabelschleife_868Mhz-Standard-01-4.jpg","type":"image\/jpeg"}],"twitter_card":"summary_large_image","twitter_misc":{"Dur\u00e9e de lecture estim\u00e9e":"1 minute"},"schema":{"@context":"https:\/\/schema.org","@graph":[{"@type":"WebPage","@id":"https:\/\/shop.bantam.ch\/fr\/produit\/boucle-de-cable-radio-pour-wipro-all-in-one\/","url":"https:\/\/shop.bantam.ch\/fr\/produit\/boucle-de-cable-radio-pour-wipro-all-in-one\/","name":"Boucle de c\u00e2ble radio pour WiPro all in one - Bantam Wankm\u00fcller SA","isPartOf":{"@id":"https:\/\/shop.bantam.ch\/fr\/#website"},"primaryImageOfPage":{"@id":"https:\/\/shop.bantam.ch\/fr\/produit\/boucle-de-cable-radio-pour-wipro-all-in-one\/#primaryimage"},"image":{"@id":"https:\/\/shop.bantam.ch\/fr\/produit\/boucle-de-cable-radio-pour-wipro-all-in-one\/#primaryimage"},"thumbnailUrl":"https:\/\/shop.bantam.ch\/wp-content\/uploads\/2023\/02\/9980416-Funk-Kabelschleife_868Mhz-Standard-01-4.jpg","datePublished":"2023-02-23T12:12:06+00:00","dateModified":"2026-04-18T19:07:21+00:00","breadcrumb":{"@id":"https:\/\/shop.bantam.ch\/fr\/produit\/boucle-de-cable-radio-pour-wipro-all-in-one\/#breadcrumb"},"inLanguage":"fr-FR","potentialAction":[{"@type":"ReadAction","target":["https:\/\/shop.bantam.ch\/fr\/produit\/boucle-de-cable-radio-pour-wipro-all-in-one\/"]}]},{"@type":"ImageObject","inLanguage":"fr-FR","@id":"https:\/\/shop.bantam.ch\/fr\/produit\/boucle-de-cable-radio-pour-wipro-all-in-one\/#primaryimage","url":"https:\/\/shop.bantam.ch\/wp-content\/uploads\/2023\/02\/9980416-Funk-Kabelschleife_868Mhz-Standard-01-4.jpg","contentUrl":"https:\/\/shop.bantam.ch\/wp-content\/uploads\/2023\/02\/9980416-Funk-Kabelschleife_868Mhz-Standard-01-4.jpg","width":1000,"height":932},{"@type":"BreadcrumbList","@id":"https:\/\/shop.bantam.ch\/fr\/produit\/boucle-de-cable-radio-pour-wipro-all-in-one\/#breadcrumb","itemListElement":[{"@type":"ListItem","position":1,"name":"Accueil","item":"https:\/\/shop.bantam.ch\/fr\/"},{"@type":"ListItem","position":2,"name":"Boutique","item":"https:\/\/shop.bantam.ch\/fr\/boutique\/"},{"@type":"ListItem","position":3,"name":"Boucle de c\u00e2ble radio pour WiPro all in one"}]},{"@type":"WebSite","@id":"https:\/\/shop.bantam.ch\/fr\/#website","url":"https:\/\/shop.bantam.ch\/fr\/","name":"Bantam Wankm\u00fcller SA","description":"","publisher":{"@id":"https:\/\/shop.bantam.ch\/fr\/#organization"},"inLanguage":"fr-FR"},{"@type":"Organization","@id":"https:\/\/shop.bantam.ch\/fr\/#organization","name":"Bantam Wankm\u00fcller SA","url":"https:\/\/shop.bantam.ch\/fr\/","logo":{"@type":"ImageObject","inLanguage":"fr-FR","@id":"https:\/\/shop.bantam.ch\/fr\/#\/schema\/logo\/image\/","url":"https:\/\/shop.bantam.ch\/wp-content\/uploads\/2022\/12\/bantam-logo.png","contentUrl":"https:\/\/shop.bantam.ch\/wp-content\/uploads\/2022\/12\/bantam-logo.png","width":320,"height":71,"caption":"Bantam Wankm\u00fcller SA"},"image":{"@id":"https:\/\/shop.bantam.ch\/fr\/#\/schema\/logo\/image\/"}}]}},"_links":{"self":[{"href":"https:\/\/shop.bantam.ch\/fr\/wp-json\/wp\/v2\/product\/48400","targetHints":{"allow":["GET"]}}],"collection":[{"href":"https:\/\/shop.bantam.ch\/fr\/wp-json\/wp\/v2\/product"}],"about":[{"href":"https:\/\/shop.bantam.ch\/fr\/wp-json\/wp\/v2\/types\/product"}],"wp:featuredmedia":[{"embeddable":true,"href":"https:\/\/shop.bantam.ch\/fr\/wp-json\/wp\/v2\/media\/48376"}],"wp:attachment":[{"href":"https:\/\/shop.bantam.ch\/fr\/wp-json\/wp\/v2\/media?parent=48400"}],"wp:term":[{"taxonomy":"product_featured_cat","embeddable":true,"href":"https:\/\/shop.bantam.ch\/fr\/wp-json\/wp\/v2\/product_featured_cat?post=48400"},{"taxonomy":"product_brand","embeddable":true,"href":"https:\/\/shop.bantam.ch\/fr\/wp-json\/wp\/v2\/product_brand?post=48400"},{"taxonomy":"product_cat","embeddable":true,"href":"https:\/\/shop.bantam.ch\/fr\/wp-json\/wp\/v2\/product_cat?post=48400"},{"taxonomy":"product_tag","embeddable":true,"href":"https:\/\/shop.bantam.ch\/fr\/wp-json\/wp\/v2\/product_tag?post=48400"}],"curies":[{"name":"wp","href":"https:\/\/api.w.org\/{rel}","templated":true}]}}