{"id":47544,"date":"2023-02-23T12:59:48","date_gmt":"2023-02-23T11:59:48","guid":{"rendered":"http:\/\/preprod-dev.sh1.hidora.com\/webshop\/produit\/auvent-panorama-pour-fiat-ducato-pour-omnistor-6200-6300\/"},"modified":"2026-04-19T21:06:11","modified_gmt":"2026-04-19T19:06:11","slug":"auvent-panorama-pour-fiat-ducato-pour-omnistor-6200-6300","status":"publish","type":"product","link":"https:\/\/shop.bantam.ch\/fr\/produit\/auvent-panorama-pour-fiat-ducato-pour-omnistor-6200-6300\/","title":{"rendered":"Auvent Panorama pour Fiat Ducato pour Omnistor 6200\/6300"},"content":{"rendered":"<p>Technique \u00e9prouv\u00e9e et innovation du store pour auvent Panorama. Convient pour stores de toit 6200\/6300 en association avec Fiat Ducato et les mod\u00e8les similaires (\u00e0pd 2006). <br \/>La forme sp\u00e9ciale des parois lat\u00e9rales emp\u00eache toute intrusion du vent et des intemp\u00e9ries de l\u2018auvent au v\u00e9hicule. <\/p>\n<p>Mat\u00e9riau<\/p>\n<ul>\n<li>100 % polyester (avec rev\u00eatement acrylique sur une face)<\/li>\n<\/ul>\n<p>\u00a0<\/p>\n","protected":false},"excerpt":{"rendered":"<p>Technique \u00e9prouv\u00e9e et innovation du store pour auvent Panorama. Convient pour stores de toit 6200\/6300 en association avec Fiat Ducato et les mod\u00e8les similaires (\u00e0pd 2006). La forme sp\u00e9ciale des parois lat\u00e9rales emp\u00eache toute intrusion du vent et des intemp\u00e9ries de l\u2018auvent au v\u00e9hicule. Mat\u00e9riau 100 % polyester (avec rev\u00eatement acrylique sur une face) \u00a0<\/p>\n","protected":false},"featured_media":47538,"template":"","meta":{"_acf_changed":false},"product_featured_cat":[],"product_brand":[3046],"product_cat":[4223],"product_tag":[],"class_list":{"0":"post-47544","1":"product","2":"type-product","3":"status-publish","4":"has-post-thumbnail","6":"product_brand-thule","7":"product_cat-stores-et-auvents","9":"first","10":"instock","11":"taxable","12":"shipping-taxable","13":"purchasable","14":"product-type-variable"},"acf":[],"yoast_head":"<!-- This site is optimized with the Yoast SEO plugin v27.4 - https:\/\/yoast.com\/product\/yoast-seo-wordpress\/ -->\n<title>Auvent Panorama pour Fiat Ducato pour Omnistor 6200\/6300 - Bantam Wankm\u00fcller SA<\/title>\n<meta name=\"robots\" content=\"index, follow, max-snippet:-1, max-image-preview:large, max-video-preview:-1\" \/>\n<link rel=\"canonical\" href=\"https:\/\/shop.bantam.ch\/fr\/produit\/auvent-panorama-pour-fiat-ducato-pour-omnistor-6200-6300\/\" \/>\n<meta property=\"og:locale\" content=\"fr_FR\" \/>\n<meta property=\"og:type\" content=\"article\" \/>\n<meta property=\"og:title\" content=\"Auvent Panorama pour Fiat Ducato pour Omnistor 6200\/6300 - Bantam Wankm\u00fcller SA\" \/>\n<meta property=\"og:description\" content=\"Technique \u00e9prouv\u00e9e et innovation du store pour auvent Panorama. Convient pour stores de toit 6200\/6300 en association avec Fiat Ducato et les mod\u00e8les similaires (\u00e0pd 2006). La forme sp\u00e9ciale des parois lat\u00e9rales emp\u00eache toute intrusion du vent et des intemp\u00e9ries de l\u2018auvent au v\u00e9hicule. Mat\u00e9riau 100 % polyester (avec rev\u00eatement acrylique sur une face) \u00a0\" \/>\n<meta property=\"og:url\" content=\"https:\/\/shop.bantam.ch\/fr\/produit\/auvent-panorama-pour-fiat-ducato-pour-omnistor-6200-6300\/\" \/>\n<meta property=\"og:site_name\" content=\"Bantam Wankm\u00fcller SA\" \/>\n<meta property=\"article:modified_time\" content=\"2026-04-19T19:06:11+00:00\" \/>\n<meta property=\"og:image\" content=\"https:\/\/shop.bantam.ch\/wp-content\/uploads\/2023\/02\/9913391-Thule_Safari_Panorama_Fiat_Ducato-Standard-01-2.jpg\" \/>\n\t<meta property=\"og:image:width\" content=\"1000\" \/>\n\t<meta property=\"og:image:height\" content=\"679\" \/>\n\t<meta property=\"og:image:type\" content=\"image\/jpeg\" \/>\n<meta name=\"twitter:card\" content=\"summary_large_image\" \/>\n<script type=\"application\/ld+json\" class=\"yoast-schema-graph\">{\"@context\":\"https:\\\/\\\/schema.org\",\"@graph\":[{\"@type\":\"WebPage\",\"@id\":\"https:\\\/\\\/shop.bantam.ch\\\/fr\\\/produit\\\/auvent-panorama-pour-fiat-ducato-pour-omnistor-6200-6300\\\/\",\"url\":\"https:\\\/\\\/shop.bantam.ch\\\/fr\\\/produit\\\/auvent-panorama-pour-fiat-ducato-pour-omnistor-6200-6300\\\/\",\"name\":\"Auvent Panorama pour Fiat Ducato pour Omnistor 6200\\\/6300 - Bantam Wankm\u00fcller SA\",\"isPartOf\":{\"@id\":\"https:\\\/\\\/shop.bantam.ch\\\/fr\\\/#website\"},\"primaryImageOfPage\":{\"@id\":\"https:\\\/\\\/shop.bantam.ch\\\/fr\\\/produit\\\/auvent-panorama-pour-fiat-ducato-pour-omnistor-6200-6300\\\/#primaryimage\"},\"image\":{\"@id\":\"https:\\\/\\\/shop.bantam.ch\\\/fr\\\/produit\\\/auvent-panorama-pour-fiat-ducato-pour-omnistor-6200-6300\\\/#primaryimage\"},\"thumbnailUrl\":\"https:\\\/\\\/shop.bantam.ch\\\/wp-content\\\/uploads\\\/2023\\\/02\\\/9913391-Thule_Safari_Panorama_Fiat_Ducato-Standard-01-2.jpg\",\"datePublished\":\"2023-02-23T11:59:48+00:00\",\"dateModified\":\"2026-04-19T19:06:11+00:00\",\"breadcrumb\":{\"@id\":\"https:\\\/\\\/shop.bantam.ch\\\/fr\\\/produit\\\/auvent-panorama-pour-fiat-ducato-pour-omnistor-6200-6300\\\/#breadcrumb\"},\"inLanguage\":\"fr-FR\",\"potentialAction\":[{\"@type\":\"ReadAction\",\"target\":[\"https:\\\/\\\/shop.bantam.ch\\\/fr\\\/produit\\\/auvent-panorama-pour-fiat-ducato-pour-omnistor-6200-6300\\\/\"]}]},{\"@type\":\"ImageObject\",\"inLanguage\":\"fr-FR\",\"@id\":\"https:\\\/\\\/shop.bantam.ch\\\/fr\\\/produit\\\/auvent-panorama-pour-fiat-ducato-pour-omnistor-6200-6300\\\/#primaryimage\",\"url\":\"https:\\\/\\\/shop.bantam.ch\\\/wp-content\\\/uploads\\\/2023\\\/02\\\/9913391-Thule_Safari_Panorama_Fiat_Ducato-Standard-01-2.jpg\",\"contentUrl\":\"https:\\\/\\\/shop.bantam.ch\\\/wp-content\\\/uploads\\\/2023\\\/02\\\/9913391-Thule_Safari_Panorama_Fiat_Ducato-Standard-01-2.jpg\",\"width\":1000,\"height\":679},{\"@type\":\"BreadcrumbList\",\"@id\":\"https:\\\/\\\/shop.bantam.ch\\\/fr\\\/produit\\\/auvent-panorama-pour-fiat-ducato-pour-omnistor-6200-6300\\\/#breadcrumb\",\"itemListElement\":[{\"@type\":\"ListItem\",\"position\":1,\"name\":\"Accueil\",\"item\":\"https:\\\/\\\/shop.bantam.ch\\\/fr\\\/\"},{\"@type\":\"ListItem\",\"position\":2,\"name\":\"Boutique\",\"item\":\"https:\\\/\\\/shop.bantam.ch\\\/fr\\\/boutique\\\/\"},{\"@type\":\"ListItem\",\"position\":3,\"name\":\"Auvent Panorama pour Fiat Ducato pour Omnistor 6200\\\/6300\"}]},{\"@type\":\"WebSite\",\"@id\":\"https:\\\/\\\/shop.bantam.ch\\\/fr\\\/#website\",\"url\":\"https:\\\/\\\/shop.bantam.ch\\\/fr\\\/\",\"name\":\"Bantam Wankm\u00fcller SA\",\"description\":\"\",\"publisher\":{\"@id\":\"https:\\\/\\\/shop.bantam.ch\\\/fr\\\/#organization\"},\"inLanguage\":\"fr-FR\"},{\"@type\":\"Organization\",\"@id\":\"https:\\\/\\\/shop.bantam.ch\\\/fr\\\/#organization\",\"name\":\"Bantam Wankm\u00fcller SA\",\"url\":\"https:\\\/\\\/shop.bantam.ch\\\/fr\\\/\",\"logo\":{\"@type\":\"ImageObject\",\"inLanguage\":\"fr-FR\",\"@id\":\"https:\\\/\\\/shop.bantam.ch\\\/fr\\\/#\\\/schema\\\/logo\\\/image\\\/\",\"url\":\"https:\\\/\\\/shop.bantam.ch\\\/wp-content\\\/uploads\\\/2022\\\/12\\\/bantam-logo.png\",\"contentUrl\":\"https:\\\/\\\/shop.bantam.ch\\\/wp-content\\\/uploads\\\/2022\\\/12\\\/bantam-logo.png\",\"width\":320,\"height\":71,\"caption\":\"Bantam Wankm\u00fcller SA\"},\"image\":{\"@id\":\"https:\\\/\\\/shop.bantam.ch\\\/fr\\\/#\\\/schema\\\/logo\\\/image\\\/\"}}]}<\/script>\n<!-- \/ Yoast SEO plugin. -->","yoast_head_json":{"title":"Auvent Panorama pour Fiat Ducato pour Omnistor 6200\/6300 - Bantam Wankm\u00fcller SA","robots":{"index":"index","follow":"follow","max-snippet":"max-snippet:-1","max-image-preview":"max-image-preview:large","max-video-preview":"max-video-preview:-1"},"canonical":"https:\/\/shop.bantam.ch\/fr\/produit\/auvent-panorama-pour-fiat-ducato-pour-omnistor-6200-6300\/","og_locale":"fr_FR","og_type":"article","og_title":"Auvent Panorama pour Fiat Ducato pour Omnistor 6200\/6300 - Bantam Wankm\u00fcller SA","og_description":"Technique \u00e9prouv\u00e9e et innovation du store pour auvent Panorama. Convient pour stores de toit 6200\/6300 en association avec Fiat Ducato et les mod\u00e8les similaires (\u00e0pd 2006). La forme sp\u00e9ciale des parois lat\u00e9rales emp\u00eache toute intrusion du vent et des intemp\u00e9ries de l\u2018auvent au v\u00e9hicule. Mat\u00e9riau 100 % polyester (avec rev\u00eatement acrylique sur une face) \u00a0","og_url":"https:\/\/shop.bantam.ch\/fr\/produit\/auvent-panorama-pour-fiat-ducato-pour-omnistor-6200-6300\/","og_site_name":"Bantam Wankm\u00fcller SA","article_modified_time":"2026-04-19T19:06:11+00:00","og_image":[{"width":1000,"height":679,"url":"https:\/\/shop.bantam.ch\/wp-content\/uploads\/2023\/02\/9913391-Thule_Safari_Panorama_Fiat_Ducato-Standard-01-2.jpg","type":"image\/jpeg"}],"twitter_card":"summary_large_image","schema":{"@context":"https:\/\/schema.org","@graph":[{"@type":"WebPage","@id":"https:\/\/shop.bantam.ch\/fr\/produit\/auvent-panorama-pour-fiat-ducato-pour-omnistor-6200-6300\/","url":"https:\/\/shop.bantam.ch\/fr\/produit\/auvent-panorama-pour-fiat-ducato-pour-omnistor-6200-6300\/","name":"Auvent Panorama pour Fiat Ducato pour Omnistor 6200\/6300 - Bantam Wankm\u00fcller SA","isPartOf":{"@id":"https:\/\/shop.bantam.ch\/fr\/#website"},"primaryImageOfPage":{"@id":"https:\/\/shop.bantam.ch\/fr\/produit\/auvent-panorama-pour-fiat-ducato-pour-omnistor-6200-6300\/#primaryimage"},"image":{"@id":"https:\/\/shop.bantam.ch\/fr\/produit\/auvent-panorama-pour-fiat-ducato-pour-omnistor-6200-6300\/#primaryimage"},"thumbnailUrl":"https:\/\/shop.bantam.ch\/wp-content\/uploads\/2023\/02\/9913391-Thule_Safari_Panorama_Fiat_Ducato-Standard-01-2.jpg","datePublished":"2023-02-23T11:59:48+00:00","dateModified":"2026-04-19T19:06:11+00:00","breadcrumb":{"@id":"https:\/\/shop.bantam.ch\/fr\/produit\/auvent-panorama-pour-fiat-ducato-pour-omnistor-6200-6300\/#breadcrumb"},"inLanguage":"fr-FR","potentialAction":[{"@type":"ReadAction","target":["https:\/\/shop.bantam.ch\/fr\/produit\/auvent-panorama-pour-fiat-ducato-pour-omnistor-6200-6300\/"]}]},{"@type":"ImageObject","inLanguage":"fr-FR","@id":"https:\/\/shop.bantam.ch\/fr\/produit\/auvent-panorama-pour-fiat-ducato-pour-omnistor-6200-6300\/#primaryimage","url":"https:\/\/shop.bantam.ch\/wp-content\/uploads\/2023\/02\/9913391-Thule_Safari_Panorama_Fiat_Ducato-Standard-01-2.jpg","contentUrl":"https:\/\/shop.bantam.ch\/wp-content\/uploads\/2023\/02\/9913391-Thule_Safari_Panorama_Fiat_Ducato-Standard-01-2.jpg","width":1000,"height":679},{"@type":"BreadcrumbList","@id":"https:\/\/shop.bantam.ch\/fr\/produit\/auvent-panorama-pour-fiat-ducato-pour-omnistor-6200-6300\/#breadcrumb","itemListElement":[{"@type":"ListItem","position":1,"name":"Accueil","item":"https:\/\/shop.bantam.ch\/fr\/"},{"@type":"ListItem","position":2,"name":"Boutique","item":"https:\/\/shop.bantam.ch\/fr\/boutique\/"},{"@type":"ListItem","position":3,"name":"Auvent Panorama pour Fiat Ducato pour Omnistor 6200\/6300"}]},{"@type":"WebSite","@id":"https:\/\/shop.bantam.ch\/fr\/#website","url":"https:\/\/shop.bantam.ch\/fr\/","name":"Bantam Wankm\u00fcller SA","description":"","publisher":{"@id":"https:\/\/shop.bantam.ch\/fr\/#organization"},"inLanguage":"fr-FR"},{"@type":"Organization","@id":"https:\/\/shop.bantam.ch\/fr\/#organization","name":"Bantam Wankm\u00fcller SA","url":"https:\/\/shop.bantam.ch\/fr\/","logo":{"@type":"ImageObject","inLanguage":"fr-FR","@id":"https:\/\/shop.bantam.ch\/fr\/#\/schema\/logo\/image\/","url":"https:\/\/shop.bantam.ch\/wp-content\/uploads\/2022\/12\/bantam-logo.png","contentUrl":"https:\/\/shop.bantam.ch\/wp-content\/uploads\/2022\/12\/bantam-logo.png","width":320,"height":71,"caption":"Bantam Wankm\u00fcller SA"},"image":{"@id":"https:\/\/shop.bantam.ch\/fr\/#\/schema\/logo\/image\/"}}]}},"_links":{"self":[{"href":"https:\/\/shop.bantam.ch\/fr\/wp-json\/wp\/v2\/product\/47544","targetHints":{"allow":["GET"]}}],"collection":[{"href":"https:\/\/shop.bantam.ch\/fr\/wp-json\/wp\/v2\/product"}],"about":[{"href":"https:\/\/shop.bantam.ch\/fr\/wp-json\/wp\/v2\/types\/product"}],"wp:featuredmedia":[{"embeddable":true,"href":"https:\/\/shop.bantam.ch\/fr\/wp-json\/wp\/v2\/media\/47538"}],"wp:attachment":[{"href":"https:\/\/shop.bantam.ch\/fr\/wp-json\/wp\/v2\/media?parent=47544"}],"wp:term":[{"taxonomy":"product_featured_cat","embeddable":true,"href":"https:\/\/shop.bantam.ch\/fr\/wp-json\/wp\/v2\/product_featured_cat?post=47544"},{"taxonomy":"product_brand","embeddable":true,"href":"https:\/\/shop.bantam.ch\/fr\/wp-json\/wp\/v2\/product_brand?post=47544"},{"taxonomy":"product_cat","embeddable":true,"href":"https:\/\/shop.bantam.ch\/fr\/wp-json\/wp\/v2\/product_cat?post=47544"},{"taxonomy":"product_tag","embeddable":true,"href":"https:\/\/shop.bantam.ch\/fr\/wp-json\/wp\/v2\/product_tag?post=47544"}],"curies":[{"name":"wp","href":"https:\/\/api.w.org\/{rel}","templated":true}]}}