{"id":47097,"date":"2023-02-23T12:52:07","date_gmt":"2023-02-23T11:52:07","guid":{"rendered":"http:\/\/preprod-dev.sh1.hidora.com\/webshop\/produit\/isolation-plancher-fiat-ducato-x250-a-partir-de-2007-x290-a-partir-de-2014\/"},"modified":"2026-04-19T21:04:15","modified_gmt":"2026-04-19T19:04:15","slug":"isolation-plancher-fiat-ducato-x250-a-partir-de-2007-x290-a-partir-de-2014","status":"publish","type":"product","link":"https:\/\/shop.bantam.ch\/fr\/produit\/isolation-plancher-fiat-ducato-x250-a-partir-de-2007-x290-a-partir-de-2014\/","title":{"rendered":"Isolation plancher Fiat Ducato X250 \u00e0 partir de 2007 \/ X290 \u00e0 partir de 2014"},"content":{"rendered":"<p>Un compl\u00e9ment efficace au rideau thermique. Exactement comme ce dernier, les tapis de s\u00e9paration isolent contre les rayonnements du froid et les pertes de chaleur dans l&rsquo;espace pour les pieds. Pour la zone des pieds situ\u00e9e sous le tableau de bord et le plancher de la cabine entre les si\u00e8ges. Gr\u00e2ce \u00e0 la forme tridimensionnelle en forme de cuvette, l\u2019isolation se ferme herm\u00e9tiquement dans la zone des portes de la cabine et emp\u00eache la p\u00e9n\u00e9tration des courants d\u2019air froid au niveau du plancher.<\/p>\n<p>Mat\u00e9riau\u00a0:<br \/>couche sup\u00e9rieure 100% polyester<br \/>couche inf\u00e9rieure 100 % polyur\u00e9thane<\/p>\n","protected":false},"excerpt":{"rendered":"<p>Un compl\u00e9ment efficace au rideau thermique. Exactement comme ce dernier, les tapis de s\u00e9paration isolent contre les rayonnements du froid et les pertes de chaleur dans l&rsquo;espace pour les pieds. Pour la zone des pieds situ\u00e9e sous le tableau de bord et le plancher de la cabine entre les si\u00e8ges. Gr\u00e2ce \u00e0 la forme tridimensionnelle [&hellip;]<\/p>\n","protected":false},"featured_media":47093,"template":"","meta":{"_acf_changed":false},"product_featured_cat":[],"product_brand":[3040],"product_cat":[4637],"product_tag":[],"class_list":{"0":"post-47097","1":"product","2":"type-product","3":"status-publish","4":"has-post-thumbnail","6":"product_brand-hindermann","7":"product_cat-isolations-des-pieds","9":"first","10":"instock","11":"taxable","12":"shipping-taxable","13":"purchasable","14":"product-type-variable"},"acf":[],"yoast_head":"<!-- This site is optimized with the Yoast SEO plugin v27.4 - https:\/\/yoast.com\/product\/yoast-seo-wordpress\/ -->\n<title>Isolation plancher Fiat Ducato X250 \u00e0 partir de 2007 \/ X290 \u00e0 partir de 2014 - Bantam Wankm\u00fcller SA<\/title>\n<meta name=\"robots\" content=\"index, follow, max-snippet:-1, max-image-preview:large, max-video-preview:-1\" \/>\n<link rel=\"canonical\" href=\"https:\/\/shop.bantam.ch\/fr\/produit\/isolation-plancher-fiat-ducato-x250-a-partir-de-2007-x290-a-partir-de-2014\/\" \/>\n<meta property=\"og:locale\" content=\"fr_FR\" \/>\n<meta property=\"og:type\" content=\"article\" \/>\n<meta property=\"og:title\" content=\"Isolation plancher Fiat Ducato X250 \u00e0 partir de 2007 \/ X290 \u00e0 partir de 2014 - Bantam Wankm\u00fcller SA\" \/>\n<meta property=\"og:description\" content=\"Un compl\u00e9ment efficace au rideau thermique. Exactement comme ce dernier, les tapis de s\u00e9paration isolent contre les rayonnements du froid et les pertes de chaleur dans l&rsquo;espace pour les pieds. Pour la zone des pieds situ\u00e9e sous le tableau de bord et le plancher de la cabine entre les si\u00e8ges. Gr\u00e2ce \u00e0 la forme tridimensionnelle [&hellip;]\" \/>\n<meta property=\"og:url\" content=\"https:\/\/shop.bantam.ch\/fr\/produit\/isolation-plancher-fiat-ducato-x250-a-partir-de-2007-x290-a-partir-de-2014\/\" \/>\n<meta property=\"og:site_name\" content=\"Bantam Wankm\u00fcller SA\" \/>\n<meta property=\"article:modified_time\" content=\"2026-04-19T19:04:15+00:00\" \/>\n<meta property=\"og:image\" content=\"https:\/\/shop.bantam.ch\/wp-content\/uploads\/2023\/02\/9940570-Fussraumisolierung-Standard-04-2.jpg\" \/>\n\t<meta property=\"og:image:width\" content=\"667\" \/>\n\t<meta property=\"og:image:height\" content=\"1000\" \/>\n\t<meta property=\"og:image:type\" content=\"image\/jpeg\" \/>\n<meta name=\"twitter:card\" content=\"summary_large_image\" \/>\n<meta name=\"twitter:label1\" content=\"Dur\u00e9e de lecture estim\u00e9e\" \/>\n\t<meta name=\"twitter:data1\" content=\"1 minute\" \/>\n<script type=\"application\/ld+json\" class=\"yoast-schema-graph\">{\"@context\":\"https:\\\/\\\/schema.org\",\"@graph\":[{\"@type\":\"WebPage\",\"@id\":\"https:\\\/\\\/shop.bantam.ch\\\/fr\\\/produit\\\/isolation-plancher-fiat-ducato-x250-a-partir-de-2007-x290-a-partir-de-2014\\\/\",\"url\":\"https:\\\/\\\/shop.bantam.ch\\\/fr\\\/produit\\\/isolation-plancher-fiat-ducato-x250-a-partir-de-2007-x290-a-partir-de-2014\\\/\",\"name\":\"Isolation plancher Fiat Ducato X250 \u00e0 partir de 2007 \\\/ X290 \u00e0 partir de 2014 - Bantam Wankm\u00fcller SA\",\"isPartOf\":{\"@id\":\"https:\\\/\\\/shop.bantam.ch\\\/fr\\\/#website\"},\"primaryImageOfPage\":{\"@id\":\"https:\\\/\\\/shop.bantam.ch\\\/fr\\\/produit\\\/isolation-plancher-fiat-ducato-x250-a-partir-de-2007-x290-a-partir-de-2014\\\/#primaryimage\"},\"image\":{\"@id\":\"https:\\\/\\\/shop.bantam.ch\\\/fr\\\/produit\\\/isolation-plancher-fiat-ducato-x250-a-partir-de-2007-x290-a-partir-de-2014\\\/#primaryimage\"},\"thumbnailUrl\":\"https:\\\/\\\/shop.bantam.ch\\\/wp-content\\\/uploads\\\/2023\\\/02\\\/9940570-Fussraumisolierung-Standard-04-2.jpg\",\"datePublished\":\"2023-02-23T11:52:07+00:00\",\"dateModified\":\"2026-04-19T19:04:15+00:00\",\"breadcrumb\":{\"@id\":\"https:\\\/\\\/shop.bantam.ch\\\/fr\\\/produit\\\/isolation-plancher-fiat-ducato-x250-a-partir-de-2007-x290-a-partir-de-2014\\\/#breadcrumb\"},\"inLanguage\":\"fr-FR\",\"potentialAction\":[{\"@type\":\"ReadAction\",\"target\":[\"https:\\\/\\\/shop.bantam.ch\\\/fr\\\/produit\\\/isolation-plancher-fiat-ducato-x250-a-partir-de-2007-x290-a-partir-de-2014\\\/\"]}]},{\"@type\":\"ImageObject\",\"inLanguage\":\"fr-FR\",\"@id\":\"https:\\\/\\\/shop.bantam.ch\\\/fr\\\/produit\\\/isolation-plancher-fiat-ducato-x250-a-partir-de-2007-x290-a-partir-de-2014\\\/#primaryimage\",\"url\":\"https:\\\/\\\/shop.bantam.ch\\\/wp-content\\\/uploads\\\/2023\\\/02\\\/9940570-Fussraumisolierung-Standard-04-2.jpg\",\"contentUrl\":\"https:\\\/\\\/shop.bantam.ch\\\/wp-content\\\/uploads\\\/2023\\\/02\\\/9940570-Fussraumisolierung-Standard-04-2.jpg\",\"width\":667,\"height\":1000},{\"@type\":\"BreadcrumbList\",\"@id\":\"https:\\\/\\\/shop.bantam.ch\\\/fr\\\/produit\\\/isolation-plancher-fiat-ducato-x250-a-partir-de-2007-x290-a-partir-de-2014\\\/#breadcrumb\",\"itemListElement\":[{\"@type\":\"ListItem\",\"position\":1,\"name\":\"Accueil\",\"item\":\"https:\\\/\\\/shop.bantam.ch\\\/fr\\\/\"},{\"@type\":\"ListItem\",\"position\":2,\"name\":\"Boutique\",\"item\":\"https:\\\/\\\/shop.bantam.ch\\\/fr\\\/boutique\\\/\"},{\"@type\":\"ListItem\",\"position\":3,\"name\":\"Isolation plancher Fiat Ducato X250 \u00e0 partir de 2007 \\\/ X290 \u00e0 partir de 2014\"}]},{\"@type\":\"WebSite\",\"@id\":\"https:\\\/\\\/shop.bantam.ch\\\/fr\\\/#website\",\"url\":\"https:\\\/\\\/shop.bantam.ch\\\/fr\\\/\",\"name\":\"Bantam Wankm\u00fcller SA\",\"description\":\"\",\"publisher\":{\"@id\":\"https:\\\/\\\/shop.bantam.ch\\\/fr\\\/#organization\"},\"inLanguage\":\"fr-FR\"},{\"@type\":\"Organization\",\"@id\":\"https:\\\/\\\/shop.bantam.ch\\\/fr\\\/#organization\",\"name\":\"Bantam Wankm\u00fcller SA\",\"url\":\"https:\\\/\\\/shop.bantam.ch\\\/fr\\\/\",\"logo\":{\"@type\":\"ImageObject\",\"inLanguage\":\"fr-FR\",\"@id\":\"https:\\\/\\\/shop.bantam.ch\\\/fr\\\/#\\\/schema\\\/logo\\\/image\\\/\",\"url\":\"https:\\\/\\\/shop.bantam.ch\\\/wp-content\\\/uploads\\\/2022\\\/12\\\/bantam-logo.png\",\"contentUrl\":\"https:\\\/\\\/shop.bantam.ch\\\/wp-content\\\/uploads\\\/2022\\\/12\\\/bantam-logo.png\",\"width\":320,\"height\":71,\"caption\":\"Bantam Wankm\u00fcller SA\"},\"image\":{\"@id\":\"https:\\\/\\\/shop.bantam.ch\\\/fr\\\/#\\\/schema\\\/logo\\\/image\\\/\"}}]}<\/script>\n<!-- \/ Yoast SEO plugin. -->","yoast_head_json":{"title":"Isolation plancher Fiat Ducato X250 \u00e0 partir de 2007 \/ X290 \u00e0 partir de 2014 - Bantam Wankm\u00fcller SA","robots":{"index":"index","follow":"follow","max-snippet":"max-snippet:-1","max-image-preview":"max-image-preview:large","max-video-preview":"max-video-preview:-1"},"canonical":"https:\/\/shop.bantam.ch\/fr\/produit\/isolation-plancher-fiat-ducato-x250-a-partir-de-2007-x290-a-partir-de-2014\/","og_locale":"fr_FR","og_type":"article","og_title":"Isolation plancher Fiat Ducato X250 \u00e0 partir de 2007 \/ X290 \u00e0 partir de 2014 - Bantam Wankm\u00fcller SA","og_description":"Un compl\u00e9ment efficace au rideau thermique. Exactement comme ce dernier, les tapis de s\u00e9paration isolent contre les rayonnements du froid et les pertes de chaleur dans l&rsquo;espace pour les pieds. Pour la zone des pieds situ\u00e9e sous le tableau de bord et le plancher de la cabine entre les si\u00e8ges. Gr\u00e2ce \u00e0 la forme tridimensionnelle [&hellip;]","og_url":"https:\/\/shop.bantam.ch\/fr\/produit\/isolation-plancher-fiat-ducato-x250-a-partir-de-2007-x290-a-partir-de-2014\/","og_site_name":"Bantam Wankm\u00fcller SA","article_modified_time":"2026-04-19T19:04:15+00:00","og_image":[{"width":667,"height":1000,"url":"https:\/\/shop.bantam.ch\/wp-content\/uploads\/2023\/02\/9940570-Fussraumisolierung-Standard-04-2.jpg","type":"image\/jpeg"}],"twitter_card":"summary_large_image","twitter_misc":{"Dur\u00e9e de lecture estim\u00e9e":"1 minute"},"schema":{"@context":"https:\/\/schema.org","@graph":[{"@type":"WebPage","@id":"https:\/\/shop.bantam.ch\/fr\/produit\/isolation-plancher-fiat-ducato-x250-a-partir-de-2007-x290-a-partir-de-2014\/","url":"https:\/\/shop.bantam.ch\/fr\/produit\/isolation-plancher-fiat-ducato-x250-a-partir-de-2007-x290-a-partir-de-2014\/","name":"Isolation plancher Fiat Ducato X250 \u00e0 partir de 2007 \/ X290 \u00e0 partir de 2014 - Bantam Wankm\u00fcller SA","isPartOf":{"@id":"https:\/\/shop.bantam.ch\/fr\/#website"},"primaryImageOfPage":{"@id":"https:\/\/shop.bantam.ch\/fr\/produit\/isolation-plancher-fiat-ducato-x250-a-partir-de-2007-x290-a-partir-de-2014\/#primaryimage"},"image":{"@id":"https:\/\/shop.bantam.ch\/fr\/produit\/isolation-plancher-fiat-ducato-x250-a-partir-de-2007-x290-a-partir-de-2014\/#primaryimage"},"thumbnailUrl":"https:\/\/shop.bantam.ch\/wp-content\/uploads\/2023\/02\/9940570-Fussraumisolierung-Standard-04-2.jpg","datePublished":"2023-02-23T11:52:07+00:00","dateModified":"2026-04-19T19:04:15+00:00","breadcrumb":{"@id":"https:\/\/shop.bantam.ch\/fr\/produit\/isolation-plancher-fiat-ducato-x250-a-partir-de-2007-x290-a-partir-de-2014\/#breadcrumb"},"inLanguage":"fr-FR","potentialAction":[{"@type":"ReadAction","target":["https:\/\/shop.bantam.ch\/fr\/produit\/isolation-plancher-fiat-ducato-x250-a-partir-de-2007-x290-a-partir-de-2014\/"]}]},{"@type":"ImageObject","inLanguage":"fr-FR","@id":"https:\/\/shop.bantam.ch\/fr\/produit\/isolation-plancher-fiat-ducato-x250-a-partir-de-2007-x290-a-partir-de-2014\/#primaryimage","url":"https:\/\/shop.bantam.ch\/wp-content\/uploads\/2023\/02\/9940570-Fussraumisolierung-Standard-04-2.jpg","contentUrl":"https:\/\/shop.bantam.ch\/wp-content\/uploads\/2023\/02\/9940570-Fussraumisolierung-Standard-04-2.jpg","width":667,"height":1000},{"@type":"BreadcrumbList","@id":"https:\/\/shop.bantam.ch\/fr\/produit\/isolation-plancher-fiat-ducato-x250-a-partir-de-2007-x290-a-partir-de-2014\/#breadcrumb","itemListElement":[{"@type":"ListItem","position":1,"name":"Accueil","item":"https:\/\/shop.bantam.ch\/fr\/"},{"@type":"ListItem","position":2,"name":"Boutique","item":"https:\/\/shop.bantam.ch\/fr\/boutique\/"},{"@type":"ListItem","position":3,"name":"Isolation plancher Fiat Ducato X250 \u00e0 partir de 2007 \/ X290 \u00e0 partir de 2014"}]},{"@type":"WebSite","@id":"https:\/\/shop.bantam.ch\/fr\/#website","url":"https:\/\/shop.bantam.ch\/fr\/","name":"Bantam Wankm\u00fcller SA","description":"","publisher":{"@id":"https:\/\/shop.bantam.ch\/fr\/#organization"},"inLanguage":"fr-FR"},{"@type":"Organization","@id":"https:\/\/shop.bantam.ch\/fr\/#organization","name":"Bantam Wankm\u00fcller SA","url":"https:\/\/shop.bantam.ch\/fr\/","logo":{"@type":"ImageObject","inLanguage":"fr-FR","@id":"https:\/\/shop.bantam.ch\/fr\/#\/schema\/logo\/image\/","url":"https:\/\/shop.bantam.ch\/wp-content\/uploads\/2022\/12\/bantam-logo.png","contentUrl":"https:\/\/shop.bantam.ch\/wp-content\/uploads\/2022\/12\/bantam-logo.png","width":320,"height":71,"caption":"Bantam Wankm\u00fcller SA"},"image":{"@id":"https:\/\/shop.bantam.ch\/fr\/#\/schema\/logo\/image\/"}}]}},"_links":{"self":[{"href":"https:\/\/shop.bantam.ch\/fr\/wp-json\/wp\/v2\/product\/47097","targetHints":{"allow":["GET"]}}],"collection":[{"href":"https:\/\/shop.bantam.ch\/fr\/wp-json\/wp\/v2\/product"}],"about":[{"href":"https:\/\/shop.bantam.ch\/fr\/wp-json\/wp\/v2\/types\/product"}],"wp:featuredmedia":[{"embeddable":true,"href":"https:\/\/shop.bantam.ch\/fr\/wp-json\/wp\/v2\/media\/47093"}],"wp:attachment":[{"href":"https:\/\/shop.bantam.ch\/fr\/wp-json\/wp\/v2\/media?parent=47097"}],"wp:term":[{"taxonomy":"product_featured_cat","embeddable":true,"href":"https:\/\/shop.bantam.ch\/fr\/wp-json\/wp\/v2\/product_featured_cat?post=47097"},{"taxonomy":"product_brand","embeddable":true,"href":"https:\/\/shop.bantam.ch\/fr\/wp-json\/wp\/v2\/product_brand?post=47097"},{"taxonomy":"product_cat","embeddable":true,"href":"https:\/\/shop.bantam.ch\/fr\/wp-json\/wp\/v2\/product_cat?post=47097"},{"taxonomy":"product_tag","embeddable":true,"href":"https:\/\/shop.bantam.ch\/fr\/wp-json\/wp\/v2\/product_tag?post=47097"}],"curies":[{"name":"wp","href":"https:\/\/api.w.org\/{rel}","templated":true}]}}