{"id":47049,"date":"2023-02-23T12:50:51","date_gmt":"2023-02-23T11:50:51","guid":{"rendered":"http:\/\/preprod-dev.sh1.hidora.com\/webshop\/produit\/porte-velos-support-arriere-strada-evo\/"},"modified":"2026-04-17T21:02:59","modified_gmt":"2026-04-17T19:02:59","slug":"porte-velos-support-arriere-strada-evo","status":"publish","type":"product","link":"https:\/\/shop.bantam.ch\/fr\/produit\/porte-velos-support-arriere-strada-evo\/","title":{"rendered":"Porte-v\u00e9los support arri\u00e8re Strada EVO"},"content":{"rendered":"<p>Sa structure tr\u00e8s stable en acier et en aluminium pr\u00e9sente des caract\u00e9ristiques compactes et l\u00e9g\u00e8res in\u00e9gal\u00e9es. La glissi\u00e8re, de fonctionnement souple, permet un acc\u00e8s rapide au coffre &#8211; qu\u2019il soit charg\u00e9 ou non.\u00a0\u00a0\u00a0 <\/p>\n<p>\u00c9quipement et fonctions :<\/p>\n<ul>\n<li>Verrouillage rapide AHK<\/li>\n<li>Compatible avec tous les attelages de remorque<\/li>\n<li>Impossible de faire une erreur lors du montage<\/li>\n<li>S\u00e9curit\u00e9 contre le rabattement et l\u2019extraction<\/li>\n<li>Support de roue Wheel Protection\n<\/li>\n<li>Barre de retenue Frame Protection<\/li>\n<li>Sangles avec syst\u00e8me \u00e0 cliquet<\/li>\n<li>Positionnement simple des pneus<\/li>\n<li>Kits d\u2019extension<\/li>\n<li>Peut \u00eatre rang\u00e9 dans le coffre\n<\/li>\n<li>Compl\u00e8tement assembl\u00e9<\/li>\n<li>Dispositif antivol pour le support et les v\u00e9los<\/li>\n<li>Autorisation d\u2019exploitation UE<\/li>\n<li>Certification T\u00dcV<\/li>\n<li>Fiche 13 p\u00f4les\n<\/li>\n<li>Toutes tailles de v\u00e9los\/pneus 16 &#8211; 29&Prime;<\/li>\n<li>Cadre de base en acier\/aluminium<\/li>\n<li>\u00c9paisseur du cadre\u00a0: 25 &#8211; 80 mm<\/li>\n<li>2 rails de v\u00e9los en aluminium anodis\u00e9 mat<\/li>\n<li>Espacement des rails du v\u00e9lo\u00a0: 190\u00a0mm<\/li>\n<li>2 bras de maintien verrouillables<\/li>\n<li>Extensible et rabattable<\/li>\n<\/ul>\n","protected":false},"excerpt":{"rendered":"<p>Sa structure tr\u00e8s stable en acier et en aluminium pr\u00e9sente des caract\u00e9ristiques compactes et l\u00e9g\u00e8res in\u00e9gal\u00e9es. La glissi\u00e8re, de fonctionnement souple, permet un acc\u00e8s rapide au coffre &#8211; qu\u2019il soit charg\u00e9 ou non.\u00a0\u00a0\u00a0 \u00c9quipement et fonctions : Verrouillage rapide AHK Compatible avec tous les attelages de remorque Impossible de faire une erreur lors du montage [&hellip;]<\/p>\n","protected":false},"featured_media":47039,"template":"","meta":{"_acf_changed":false},"product_featured_cat":[],"product_brand":[3344],"product_cat":[4693],"product_tag":[],"class_list":{"0":"post-47049","1":"product","2":"type-product","3":"status-publish","4":"has-post-thumbnail","6":"product_brand-atera","7":"product_cat-porte-velos-dattelage","9":"first","10":"instock","11":"taxable","12":"shipping-taxable","13":"purchasable","14":"product-type-variable"},"acf":[],"yoast_head":"<!-- This site is optimized with the Yoast SEO plugin v27.4 - https:\/\/yoast.com\/product\/yoast-seo-wordpress\/ -->\n<title>Porte-v\u00e9los support arri\u00e8re Strada EVO - Bantam Wankm\u00fcller SA<\/title>\n<meta name=\"robots\" content=\"index, follow, max-snippet:-1, max-image-preview:large, max-video-preview:-1\" \/>\n<link rel=\"canonical\" href=\"https:\/\/shop.bantam.ch\/fr\/produit\/porte-velos-support-arriere-strada-evo\/\" \/>\n<meta property=\"og:locale\" content=\"fr_FR\" \/>\n<meta property=\"og:type\" content=\"article\" \/>\n<meta property=\"og:title\" content=\"Porte-v\u00e9los support arri\u00e8re Strada EVO - Bantam Wankm\u00fcller SA\" \/>\n<meta property=\"og:description\" content=\"Sa structure tr\u00e8s stable en acier et en aluminium pr\u00e9sente des caract\u00e9ristiques compactes et l\u00e9g\u00e8res in\u00e9gal\u00e9es. La glissi\u00e8re, de fonctionnement souple, permet un acc\u00e8s rapide au coffre &#8211; qu\u2019il soit charg\u00e9 ou non.\u00a0\u00a0\u00a0 \u00c9quipement et fonctions : Verrouillage rapide AHK Compatible avec tous les attelages de remorque Impossible de faire une erreur lors du montage [&hellip;]\" \/>\n<meta property=\"og:url\" content=\"https:\/\/shop.bantam.ch\/fr\/produit\/porte-velos-support-arriere-strada-evo\/\" \/>\n<meta property=\"og:site_name\" content=\"Bantam Wankm\u00fcller SA\" \/>\n<meta property=\"article:modified_time\" content=\"2026-04-17T19:02:59+00:00\" \/>\n<meta property=\"og:image\" content=\"https:\/\/shop.bantam.ch\/wp-content\/uploads\/2023\/02\/9907490-Heckfahrradtraeger_STRADA_EVO_2-Standard-01-2.jpg\" \/>\n\t<meta property=\"og:image:width\" content=\"1000\" \/>\n\t<meta property=\"og:image:height\" content=\"755\" \/>\n\t<meta property=\"og:image:type\" content=\"image\/jpeg\" \/>\n<meta name=\"twitter:card\" content=\"summary_large_image\" \/>\n<meta name=\"twitter:label1\" content=\"Dur\u00e9e de lecture estim\u00e9e\" \/>\n\t<meta name=\"twitter:data1\" content=\"1 minute\" \/>\n<script type=\"application\/ld+json\" class=\"yoast-schema-graph\">{\"@context\":\"https:\\\/\\\/schema.org\",\"@graph\":[{\"@type\":\"WebPage\",\"@id\":\"https:\\\/\\\/shop.bantam.ch\\\/fr\\\/produit\\\/porte-velos-support-arriere-strada-evo\\\/\",\"url\":\"https:\\\/\\\/shop.bantam.ch\\\/fr\\\/produit\\\/porte-velos-support-arriere-strada-evo\\\/\",\"name\":\"Porte-v\u00e9los support arri\u00e8re Strada EVO - Bantam Wankm\u00fcller SA\",\"isPartOf\":{\"@id\":\"https:\\\/\\\/shop.bantam.ch\\\/fr\\\/#website\"},\"primaryImageOfPage\":{\"@id\":\"https:\\\/\\\/shop.bantam.ch\\\/fr\\\/produit\\\/porte-velos-support-arriere-strada-evo\\\/#primaryimage\"},\"image\":{\"@id\":\"https:\\\/\\\/shop.bantam.ch\\\/fr\\\/produit\\\/porte-velos-support-arriere-strada-evo\\\/#primaryimage\"},\"thumbnailUrl\":\"https:\\\/\\\/shop.bantam.ch\\\/wp-content\\\/uploads\\\/2023\\\/02\\\/9907490-Heckfahrradtraeger_STRADA_EVO_2-Standard-01-2.jpg\",\"datePublished\":\"2023-02-23T11:50:51+00:00\",\"dateModified\":\"2026-04-17T19:02:59+00:00\",\"breadcrumb\":{\"@id\":\"https:\\\/\\\/shop.bantam.ch\\\/fr\\\/produit\\\/porte-velos-support-arriere-strada-evo\\\/#breadcrumb\"},\"inLanguage\":\"fr-FR\",\"potentialAction\":[{\"@type\":\"ReadAction\",\"target\":[\"https:\\\/\\\/shop.bantam.ch\\\/fr\\\/produit\\\/porte-velos-support-arriere-strada-evo\\\/\"]}]},{\"@type\":\"ImageObject\",\"inLanguage\":\"fr-FR\",\"@id\":\"https:\\\/\\\/shop.bantam.ch\\\/fr\\\/produit\\\/porte-velos-support-arriere-strada-evo\\\/#primaryimage\",\"url\":\"https:\\\/\\\/shop.bantam.ch\\\/wp-content\\\/uploads\\\/2023\\\/02\\\/9907490-Heckfahrradtraeger_STRADA_EVO_2-Standard-01-2.jpg\",\"contentUrl\":\"https:\\\/\\\/shop.bantam.ch\\\/wp-content\\\/uploads\\\/2023\\\/02\\\/9907490-Heckfahrradtraeger_STRADA_EVO_2-Standard-01-2.jpg\",\"width\":1000,\"height\":755},{\"@type\":\"BreadcrumbList\",\"@id\":\"https:\\\/\\\/shop.bantam.ch\\\/fr\\\/produit\\\/porte-velos-support-arriere-strada-evo\\\/#breadcrumb\",\"itemListElement\":[{\"@type\":\"ListItem\",\"position\":1,\"name\":\"Accueil\",\"item\":\"https:\\\/\\\/shop.bantam.ch\\\/fr\\\/\"},{\"@type\":\"ListItem\",\"position\":2,\"name\":\"Boutique\",\"item\":\"https:\\\/\\\/shop.bantam.ch\\\/fr\\\/boutique\\\/\"},{\"@type\":\"ListItem\",\"position\":3,\"name\":\"Porte-v\u00e9los support arri\u00e8re Strada EVO\"}]},{\"@type\":\"WebSite\",\"@id\":\"https:\\\/\\\/shop.bantam.ch\\\/fr\\\/#website\",\"url\":\"https:\\\/\\\/shop.bantam.ch\\\/fr\\\/\",\"name\":\"Bantam Wankm\u00fcller SA\",\"description\":\"\",\"publisher\":{\"@id\":\"https:\\\/\\\/shop.bantam.ch\\\/fr\\\/#organization\"},\"inLanguage\":\"fr-FR\"},{\"@type\":\"Organization\",\"@id\":\"https:\\\/\\\/shop.bantam.ch\\\/fr\\\/#organization\",\"name\":\"Bantam Wankm\u00fcller SA\",\"url\":\"https:\\\/\\\/shop.bantam.ch\\\/fr\\\/\",\"logo\":{\"@type\":\"ImageObject\",\"inLanguage\":\"fr-FR\",\"@id\":\"https:\\\/\\\/shop.bantam.ch\\\/fr\\\/#\\\/schema\\\/logo\\\/image\\\/\",\"url\":\"https:\\\/\\\/shop.bantam.ch\\\/wp-content\\\/uploads\\\/2022\\\/12\\\/bantam-logo.png\",\"contentUrl\":\"https:\\\/\\\/shop.bantam.ch\\\/wp-content\\\/uploads\\\/2022\\\/12\\\/bantam-logo.png\",\"width\":320,\"height\":71,\"caption\":\"Bantam Wankm\u00fcller SA\"},\"image\":{\"@id\":\"https:\\\/\\\/shop.bantam.ch\\\/fr\\\/#\\\/schema\\\/logo\\\/image\\\/\"}}]}<\/script>\n<!-- \/ Yoast SEO plugin. -->","yoast_head_json":{"title":"Porte-v\u00e9los support arri\u00e8re Strada EVO - Bantam Wankm\u00fcller SA","robots":{"index":"index","follow":"follow","max-snippet":"max-snippet:-1","max-image-preview":"max-image-preview:large","max-video-preview":"max-video-preview:-1"},"canonical":"https:\/\/shop.bantam.ch\/fr\/produit\/porte-velos-support-arriere-strada-evo\/","og_locale":"fr_FR","og_type":"article","og_title":"Porte-v\u00e9los support arri\u00e8re Strada EVO - Bantam Wankm\u00fcller SA","og_description":"Sa structure tr\u00e8s stable en acier et en aluminium pr\u00e9sente des caract\u00e9ristiques compactes et l\u00e9g\u00e8res in\u00e9gal\u00e9es. La glissi\u00e8re, de fonctionnement souple, permet un acc\u00e8s rapide au coffre &#8211; qu\u2019il soit charg\u00e9 ou non.\u00a0\u00a0\u00a0 \u00c9quipement et fonctions : Verrouillage rapide AHK Compatible avec tous les attelages de remorque Impossible de faire une erreur lors du montage [&hellip;]","og_url":"https:\/\/shop.bantam.ch\/fr\/produit\/porte-velos-support-arriere-strada-evo\/","og_site_name":"Bantam Wankm\u00fcller SA","article_modified_time":"2026-04-17T19:02:59+00:00","og_image":[{"width":1000,"height":755,"url":"https:\/\/shop.bantam.ch\/wp-content\/uploads\/2023\/02\/9907490-Heckfahrradtraeger_STRADA_EVO_2-Standard-01-2.jpg","type":"image\/jpeg"}],"twitter_card":"summary_large_image","twitter_misc":{"Dur\u00e9e de lecture estim\u00e9e":"1 minute"},"schema":{"@context":"https:\/\/schema.org","@graph":[{"@type":"WebPage","@id":"https:\/\/shop.bantam.ch\/fr\/produit\/porte-velos-support-arriere-strada-evo\/","url":"https:\/\/shop.bantam.ch\/fr\/produit\/porte-velos-support-arriere-strada-evo\/","name":"Porte-v\u00e9los support arri\u00e8re Strada EVO - Bantam Wankm\u00fcller SA","isPartOf":{"@id":"https:\/\/shop.bantam.ch\/fr\/#website"},"primaryImageOfPage":{"@id":"https:\/\/shop.bantam.ch\/fr\/produit\/porte-velos-support-arriere-strada-evo\/#primaryimage"},"image":{"@id":"https:\/\/shop.bantam.ch\/fr\/produit\/porte-velos-support-arriere-strada-evo\/#primaryimage"},"thumbnailUrl":"https:\/\/shop.bantam.ch\/wp-content\/uploads\/2023\/02\/9907490-Heckfahrradtraeger_STRADA_EVO_2-Standard-01-2.jpg","datePublished":"2023-02-23T11:50:51+00:00","dateModified":"2026-04-17T19:02:59+00:00","breadcrumb":{"@id":"https:\/\/shop.bantam.ch\/fr\/produit\/porte-velos-support-arriere-strada-evo\/#breadcrumb"},"inLanguage":"fr-FR","potentialAction":[{"@type":"ReadAction","target":["https:\/\/shop.bantam.ch\/fr\/produit\/porte-velos-support-arriere-strada-evo\/"]}]},{"@type":"ImageObject","inLanguage":"fr-FR","@id":"https:\/\/shop.bantam.ch\/fr\/produit\/porte-velos-support-arriere-strada-evo\/#primaryimage","url":"https:\/\/shop.bantam.ch\/wp-content\/uploads\/2023\/02\/9907490-Heckfahrradtraeger_STRADA_EVO_2-Standard-01-2.jpg","contentUrl":"https:\/\/shop.bantam.ch\/wp-content\/uploads\/2023\/02\/9907490-Heckfahrradtraeger_STRADA_EVO_2-Standard-01-2.jpg","width":1000,"height":755},{"@type":"BreadcrumbList","@id":"https:\/\/shop.bantam.ch\/fr\/produit\/porte-velos-support-arriere-strada-evo\/#breadcrumb","itemListElement":[{"@type":"ListItem","position":1,"name":"Accueil","item":"https:\/\/shop.bantam.ch\/fr\/"},{"@type":"ListItem","position":2,"name":"Boutique","item":"https:\/\/shop.bantam.ch\/fr\/boutique\/"},{"@type":"ListItem","position":3,"name":"Porte-v\u00e9los support arri\u00e8re Strada EVO"}]},{"@type":"WebSite","@id":"https:\/\/shop.bantam.ch\/fr\/#website","url":"https:\/\/shop.bantam.ch\/fr\/","name":"Bantam Wankm\u00fcller SA","description":"","publisher":{"@id":"https:\/\/shop.bantam.ch\/fr\/#organization"},"inLanguage":"fr-FR"},{"@type":"Organization","@id":"https:\/\/shop.bantam.ch\/fr\/#organization","name":"Bantam Wankm\u00fcller SA","url":"https:\/\/shop.bantam.ch\/fr\/","logo":{"@type":"ImageObject","inLanguage":"fr-FR","@id":"https:\/\/shop.bantam.ch\/fr\/#\/schema\/logo\/image\/","url":"https:\/\/shop.bantam.ch\/wp-content\/uploads\/2022\/12\/bantam-logo.png","contentUrl":"https:\/\/shop.bantam.ch\/wp-content\/uploads\/2022\/12\/bantam-logo.png","width":320,"height":71,"caption":"Bantam Wankm\u00fcller SA"},"image":{"@id":"https:\/\/shop.bantam.ch\/fr\/#\/schema\/logo\/image\/"}}]}},"_links":{"self":[{"href":"https:\/\/shop.bantam.ch\/fr\/wp-json\/wp\/v2\/product\/47049","targetHints":{"allow":["GET"]}}],"collection":[{"href":"https:\/\/shop.bantam.ch\/fr\/wp-json\/wp\/v2\/product"}],"about":[{"href":"https:\/\/shop.bantam.ch\/fr\/wp-json\/wp\/v2\/types\/product"}],"wp:featuredmedia":[{"embeddable":true,"href":"https:\/\/shop.bantam.ch\/fr\/wp-json\/wp\/v2\/media\/47039"}],"wp:attachment":[{"href":"https:\/\/shop.bantam.ch\/fr\/wp-json\/wp\/v2\/media?parent=47049"}],"wp:term":[{"taxonomy":"product_featured_cat","embeddable":true,"href":"https:\/\/shop.bantam.ch\/fr\/wp-json\/wp\/v2\/product_featured_cat?post=47049"},{"taxonomy":"product_brand","embeddable":true,"href":"https:\/\/shop.bantam.ch\/fr\/wp-json\/wp\/v2\/product_brand?post=47049"},{"taxonomy":"product_cat","embeddable":true,"href":"https:\/\/shop.bantam.ch\/fr\/wp-json\/wp\/v2\/product_cat?post=47049"},{"taxonomy":"product_tag","embeddable":true,"href":"https:\/\/shop.bantam.ch\/fr\/wp-json\/wp\/v2\/product_tag?post=47049"}],"curies":[{"name":"wp","href":"https:\/\/api.w.org\/{rel}","templated":true}]}}