{"id":46949,"date":"2023-02-23T12:48:36","date_gmt":"2023-02-23T11:48:36","guid":{"rendered":"http:\/\/preprod-dev.sh1.hidora.com\/webshop\/produit\/systeme-daide-a-la-manoeuvre-mammut-tandem\/"},"modified":"2026-04-22T21:03:06","modified_gmt":"2026-04-22T19:03:06","slug":"systeme-daide-a-la-manoeuvre-mammut-tandem","status":"publish","type":"product","link":"https:\/\/shop.bantam.ch\/fr\/produit\/systeme-daide-a-la-manoeuvre-mammut-tandem\/","title":{"rendered":"Syst\u00e8me d&rsquo;aide \u00e0 la manoeuvre Mammut Tandem"},"content":{"rendered":"<p>Avec le syst\u00e8me de stationnement AL-KO AMS MAMMUT, vous pouvez stationner votre caravane au millim\u00e8tre pr\u00e8s &#8211; sur des morceaux de bois et des pierres ou en position fortement inclin\u00e9e. En utilisant seulement vos pouces et sans aide ext\u00e9rieure.<br \/>Les ch\u00e2ssis AL-KO avec le marquage \u00ab M \u00bb sur le longeron du ch\u00e2ssis (simple essieu \u00e0 partir de 2010 \/ double essieu \u00e0 partir de 2015 ) disposent en s\u00e9rie de perforations de fixation pour le syst\u00e8me MAMMUT La traverse n\u00e9cessaire \u00e0 la stabilit\u00e9 ne prend pas de place sous le ch\u00e2ssis. Ainsi, la garde au sol reste maximale.<br \/>Entra\u00eenements robustes en aluminium avec rouleaux \u00e0 deux paliers. Protection parfaite contre les risques de dommages et l&rsquo;humidit\u00e9 (IP65).<\/p>\n","protected":false},"excerpt":{"rendered":"<p>Avec le syst\u00e8me de stationnement AL-KO AMS MAMMUT, vous pouvez stationner votre caravane au millim\u00e8tre pr\u00e8s &#8211; sur des morceaux de bois et des pierres ou en position fortement inclin\u00e9e. En utilisant seulement vos pouces et sans aide ext\u00e9rieure.Les ch\u00e2ssis AL-KO avec le marquage \u00ab M \u00bb sur le longeron du ch\u00e2ssis (simple essieu \u00e0 [&hellip;]<\/p>\n","protected":false},"featured_media":46907,"template":"","meta":{"_acf_changed":false},"product_featured_cat":[],"product_brand":[3134],"product_cat":[4821],"product_tag":[],"class_list":{"0":"post-46949","1":"product","2":"type-product","3":"status-publish","4":"has-post-thumbnail","6":"product_brand-al-ko","7":"product_cat-aide-a-la-manoeuvre","9":"first","10":"instock","11":"taxable","12":"shipping-taxable","13":"purchasable","14":"product-type-variable"},"acf":[],"yoast_head":"<!-- This site is optimized with the Yoast SEO plugin v27.4 - https:\/\/yoast.com\/product\/yoast-seo-wordpress\/ -->\n<title>Syst\u00e8me d&#039;aide \u00e0 la manoeuvre Mammut Tandem - Bantam Wankm\u00fcller SA<\/title>\n<meta name=\"robots\" content=\"index, follow, max-snippet:-1, max-image-preview:large, max-video-preview:-1\" \/>\n<link rel=\"canonical\" href=\"https:\/\/shop.bantam.ch\/fr\/produit\/systeme-daide-a-la-manoeuvre-mammut-tandem\/\" \/>\n<meta property=\"og:locale\" content=\"fr_FR\" \/>\n<meta property=\"og:type\" content=\"article\" \/>\n<meta property=\"og:title\" content=\"Syst\u00e8me d&#039;aide \u00e0 la manoeuvre Mammut Tandem - Bantam Wankm\u00fcller SA\" \/>\n<meta property=\"og:description\" content=\"Avec le syst\u00e8me de stationnement AL-KO AMS MAMMUT, vous pouvez stationner votre caravane au millim\u00e8tre pr\u00e8s &#8211; sur des morceaux de bois et des pierres ou en position fortement inclin\u00e9e. En utilisant seulement vos pouces et sans aide ext\u00e9rieure.Les ch\u00e2ssis AL-KO avec le marquage \u00ab M \u00bb sur le longeron du ch\u00e2ssis (simple essieu \u00e0 [&hellip;]\" \/>\n<meta property=\"og:url\" content=\"https:\/\/shop.bantam.ch\/fr\/produit\/systeme-daide-a-la-manoeuvre-mammut-tandem\/\" \/>\n<meta property=\"og:site_name\" content=\"Bantam Wankm\u00fcller SA\" \/>\n<meta property=\"article:modified_time\" content=\"2026-04-22T19:03:06+00:00\" \/>\n<meta property=\"og:image\" content=\"https:\/\/shop.bantam.ch\/wp-content\/uploads\/2023\/02\/9978057-Rangiersystem_Mammut_Tandem_TS_412-Standard-01-10.jpg\" \/>\n\t<meta property=\"og:image:width\" content=\"1000\" \/>\n\t<meta property=\"og:image:height\" content=\"667\" \/>\n\t<meta property=\"og:image:type\" content=\"image\/jpeg\" \/>\n<meta name=\"twitter:card\" content=\"summary_large_image\" \/>\n<meta name=\"twitter:label1\" content=\"Dur\u00e9e de lecture estim\u00e9e\" \/>\n\t<meta name=\"twitter:data1\" content=\"1 minute\" \/>\n<script type=\"application\/ld+json\" class=\"yoast-schema-graph\">{\"@context\":\"https:\\\/\\\/schema.org\",\"@graph\":[{\"@type\":\"WebPage\",\"@id\":\"https:\\\/\\\/shop.bantam.ch\\\/fr\\\/produit\\\/systeme-daide-a-la-manoeuvre-mammut-tandem\\\/\",\"url\":\"https:\\\/\\\/shop.bantam.ch\\\/fr\\\/produit\\\/systeme-daide-a-la-manoeuvre-mammut-tandem\\\/\",\"name\":\"Syst\u00e8me d'aide \u00e0 la manoeuvre Mammut Tandem - Bantam Wankm\u00fcller SA\",\"isPartOf\":{\"@id\":\"https:\\\/\\\/shop.bantam.ch\\\/fr\\\/#website\"},\"primaryImageOfPage\":{\"@id\":\"https:\\\/\\\/shop.bantam.ch\\\/fr\\\/produit\\\/systeme-daide-a-la-manoeuvre-mammut-tandem\\\/#primaryimage\"},\"image\":{\"@id\":\"https:\\\/\\\/shop.bantam.ch\\\/fr\\\/produit\\\/systeme-daide-a-la-manoeuvre-mammut-tandem\\\/#primaryimage\"},\"thumbnailUrl\":\"https:\\\/\\\/shop.bantam.ch\\\/wp-content\\\/uploads\\\/2023\\\/02\\\/9978057-Rangiersystem_Mammut_Tandem_TS_412-Standard-01-10.jpg\",\"datePublished\":\"2023-02-23T11:48:36+00:00\",\"dateModified\":\"2026-04-22T19:03:06+00:00\",\"breadcrumb\":{\"@id\":\"https:\\\/\\\/shop.bantam.ch\\\/fr\\\/produit\\\/systeme-daide-a-la-manoeuvre-mammut-tandem\\\/#breadcrumb\"},\"inLanguage\":\"fr-FR\",\"potentialAction\":[{\"@type\":\"ReadAction\",\"target\":[\"https:\\\/\\\/shop.bantam.ch\\\/fr\\\/produit\\\/systeme-daide-a-la-manoeuvre-mammut-tandem\\\/\"]}]},{\"@type\":\"ImageObject\",\"inLanguage\":\"fr-FR\",\"@id\":\"https:\\\/\\\/shop.bantam.ch\\\/fr\\\/produit\\\/systeme-daide-a-la-manoeuvre-mammut-tandem\\\/#primaryimage\",\"url\":\"https:\\\/\\\/shop.bantam.ch\\\/wp-content\\\/uploads\\\/2023\\\/02\\\/9978057-Rangiersystem_Mammut_Tandem_TS_412-Standard-01-10.jpg\",\"contentUrl\":\"https:\\\/\\\/shop.bantam.ch\\\/wp-content\\\/uploads\\\/2023\\\/02\\\/9978057-Rangiersystem_Mammut_Tandem_TS_412-Standard-01-10.jpg\",\"width\":1000,\"height\":667},{\"@type\":\"BreadcrumbList\",\"@id\":\"https:\\\/\\\/shop.bantam.ch\\\/fr\\\/produit\\\/systeme-daide-a-la-manoeuvre-mammut-tandem\\\/#breadcrumb\",\"itemListElement\":[{\"@type\":\"ListItem\",\"position\":1,\"name\":\"Accueil\",\"item\":\"https:\\\/\\\/shop.bantam.ch\\\/fr\\\/\"},{\"@type\":\"ListItem\",\"position\":2,\"name\":\"Boutique\",\"item\":\"https:\\\/\\\/shop.bantam.ch\\\/fr\\\/boutique\\\/\"},{\"@type\":\"ListItem\",\"position\":3,\"name\":\"Syst\u00e8me d&rsquo;aide \u00e0 la manoeuvre Mammut Tandem\"}]},{\"@type\":\"WebSite\",\"@id\":\"https:\\\/\\\/shop.bantam.ch\\\/fr\\\/#website\",\"url\":\"https:\\\/\\\/shop.bantam.ch\\\/fr\\\/\",\"name\":\"Bantam Wankm\u00fcller SA\",\"description\":\"\",\"publisher\":{\"@id\":\"https:\\\/\\\/shop.bantam.ch\\\/fr\\\/#organization\"},\"inLanguage\":\"fr-FR\"},{\"@type\":\"Organization\",\"@id\":\"https:\\\/\\\/shop.bantam.ch\\\/fr\\\/#organization\",\"name\":\"Bantam Wankm\u00fcller SA\",\"url\":\"https:\\\/\\\/shop.bantam.ch\\\/fr\\\/\",\"logo\":{\"@type\":\"ImageObject\",\"inLanguage\":\"fr-FR\",\"@id\":\"https:\\\/\\\/shop.bantam.ch\\\/fr\\\/#\\\/schema\\\/logo\\\/image\\\/\",\"url\":\"https:\\\/\\\/shop.bantam.ch\\\/wp-content\\\/uploads\\\/2022\\\/12\\\/bantam-logo.png\",\"contentUrl\":\"https:\\\/\\\/shop.bantam.ch\\\/wp-content\\\/uploads\\\/2022\\\/12\\\/bantam-logo.png\",\"width\":320,\"height\":71,\"caption\":\"Bantam Wankm\u00fcller SA\"},\"image\":{\"@id\":\"https:\\\/\\\/shop.bantam.ch\\\/fr\\\/#\\\/schema\\\/logo\\\/image\\\/\"}}]}<\/script>\n<!-- \/ Yoast SEO plugin. -->","yoast_head_json":{"title":"Syst\u00e8me d'aide \u00e0 la manoeuvre Mammut Tandem - Bantam Wankm\u00fcller SA","robots":{"index":"index","follow":"follow","max-snippet":"max-snippet:-1","max-image-preview":"max-image-preview:large","max-video-preview":"max-video-preview:-1"},"canonical":"https:\/\/shop.bantam.ch\/fr\/produit\/systeme-daide-a-la-manoeuvre-mammut-tandem\/","og_locale":"fr_FR","og_type":"article","og_title":"Syst\u00e8me d'aide \u00e0 la manoeuvre Mammut Tandem - Bantam Wankm\u00fcller SA","og_description":"Avec le syst\u00e8me de stationnement AL-KO AMS MAMMUT, vous pouvez stationner votre caravane au millim\u00e8tre pr\u00e8s &#8211; sur des morceaux de bois et des pierres ou en position fortement inclin\u00e9e. En utilisant seulement vos pouces et sans aide ext\u00e9rieure.Les ch\u00e2ssis AL-KO avec le marquage \u00ab M \u00bb sur le longeron du ch\u00e2ssis (simple essieu \u00e0 [&hellip;]","og_url":"https:\/\/shop.bantam.ch\/fr\/produit\/systeme-daide-a-la-manoeuvre-mammut-tandem\/","og_site_name":"Bantam Wankm\u00fcller SA","article_modified_time":"2026-04-22T19:03:06+00:00","og_image":[{"width":1000,"height":667,"url":"https:\/\/shop.bantam.ch\/wp-content\/uploads\/2023\/02\/9978057-Rangiersystem_Mammut_Tandem_TS_412-Standard-01-10.jpg","type":"image\/jpeg"}],"twitter_card":"summary_large_image","twitter_misc":{"Dur\u00e9e de lecture estim\u00e9e":"1 minute"},"schema":{"@context":"https:\/\/schema.org","@graph":[{"@type":"WebPage","@id":"https:\/\/shop.bantam.ch\/fr\/produit\/systeme-daide-a-la-manoeuvre-mammut-tandem\/","url":"https:\/\/shop.bantam.ch\/fr\/produit\/systeme-daide-a-la-manoeuvre-mammut-tandem\/","name":"Syst\u00e8me d'aide \u00e0 la manoeuvre Mammut Tandem - Bantam Wankm\u00fcller SA","isPartOf":{"@id":"https:\/\/shop.bantam.ch\/fr\/#website"},"primaryImageOfPage":{"@id":"https:\/\/shop.bantam.ch\/fr\/produit\/systeme-daide-a-la-manoeuvre-mammut-tandem\/#primaryimage"},"image":{"@id":"https:\/\/shop.bantam.ch\/fr\/produit\/systeme-daide-a-la-manoeuvre-mammut-tandem\/#primaryimage"},"thumbnailUrl":"https:\/\/shop.bantam.ch\/wp-content\/uploads\/2023\/02\/9978057-Rangiersystem_Mammut_Tandem_TS_412-Standard-01-10.jpg","datePublished":"2023-02-23T11:48:36+00:00","dateModified":"2026-04-22T19:03:06+00:00","breadcrumb":{"@id":"https:\/\/shop.bantam.ch\/fr\/produit\/systeme-daide-a-la-manoeuvre-mammut-tandem\/#breadcrumb"},"inLanguage":"fr-FR","potentialAction":[{"@type":"ReadAction","target":["https:\/\/shop.bantam.ch\/fr\/produit\/systeme-daide-a-la-manoeuvre-mammut-tandem\/"]}]},{"@type":"ImageObject","inLanguage":"fr-FR","@id":"https:\/\/shop.bantam.ch\/fr\/produit\/systeme-daide-a-la-manoeuvre-mammut-tandem\/#primaryimage","url":"https:\/\/shop.bantam.ch\/wp-content\/uploads\/2023\/02\/9978057-Rangiersystem_Mammut_Tandem_TS_412-Standard-01-10.jpg","contentUrl":"https:\/\/shop.bantam.ch\/wp-content\/uploads\/2023\/02\/9978057-Rangiersystem_Mammut_Tandem_TS_412-Standard-01-10.jpg","width":1000,"height":667},{"@type":"BreadcrumbList","@id":"https:\/\/shop.bantam.ch\/fr\/produit\/systeme-daide-a-la-manoeuvre-mammut-tandem\/#breadcrumb","itemListElement":[{"@type":"ListItem","position":1,"name":"Accueil","item":"https:\/\/shop.bantam.ch\/fr\/"},{"@type":"ListItem","position":2,"name":"Boutique","item":"https:\/\/shop.bantam.ch\/fr\/boutique\/"},{"@type":"ListItem","position":3,"name":"Syst\u00e8me d&rsquo;aide \u00e0 la manoeuvre Mammut Tandem"}]},{"@type":"WebSite","@id":"https:\/\/shop.bantam.ch\/fr\/#website","url":"https:\/\/shop.bantam.ch\/fr\/","name":"Bantam Wankm\u00fcller SA","description":"","publisher":{"@id":"https:\/\/shop.bantam.ch\/fr\/#organization"},"inLanguage":"fr-FR"},{"@type":"Organization","@id":"https:\/\/shop.bantam.ch\/fr\/#organization","name":"Bantam Wankm\u00fcller SA","url":"https:\/\/shop.bantam.ch\/fr\/","logo":{"@type":"ImageObject","inLanguage":"fr-FR","@id":"https:\/\/shop.bantam.ch\/fr\/#\/schema\/logo\/image\/","url":"https:\/\/shop.bantam.ch\/wp-content\/uploads\/2022\/12\/bantam-logo.png","contentUrl":"https:\/\/shop.bantam.ch\/wp-content\/uploads\/2022\/12\/bantam-logo.png","width":320,"height":71,"caption":"Bantam Wankm\u00fcller SA"},"image":{"@id":"https:\/\/shop.bantam.ch\/fr\/#\/schema\/logo\/image\/"}}]}},"_links":{"self":[{"href":"https:\/\/shop.bantam.ch\/fr\/wp-json\/wp\/v2\/product\/46949","targetHints":{"allow":["GET"]}}],"collection":[{"href":"https:\/\/shop.bantam.ch\/fr\/wp-json\/wp\/v2\/product"}],"about":[{"href":"https:\/\/shop.bantam.ch\/fr\/wp-json\/wp\/v2\/types\/product"}],"wp:featuredmedia":[{"embeddable":true,"href":"https:\/\/shop.bantam.ch\/fr\/wp-json\/wp\/v2\/media\/46907"}],"wp:attachment":[{"href":"https:\/\/shop.bantam.ch\/fr\/wp-json\/wp\/v2\/media?parent=46949"}],"wp:term":[{"taxonomy":"product_featured_cat","embeddable":true,"href":"https:\/\/shop.bantam.ch\/fr\/wp-json\/wp\/v2\/product_featured_cat?post=46949"},{"taxonomy":"product_brand","embeddable":true,"href":"https:\/\/shop.bantam.ch\/fr\/wp-json\/wp\/v2\/product_brand?post=46949"},{"taxonomy":"product_cat","embeddable":true,"href":"https:\/\/shop.bantam.ch\/fr\/wp-json\/wp\/v2\/product_cat?post=46949"},{"taxonomy":"product_tag","embeddable":true,"href":"https:\/\/shop.bantam.ch\/fr\/wp-json\/wp\/v2\/product_tag?post=46949"}],"curies":[{"name":"wp","href":"https:\/\/api.w.org\/{rel}","templated":true}]}}