{"id":46889,"date":"2023-02-23T12:48:03","date_gmt":"2023-02-23T11:48:03","guid":{"rendered":"http:\/\/preprod-dev.sh1.hidora.com\/webshop\/produit\/systeme-daide-a-la-manoeuvre-easydriver-pro\/"},"modified":"2026-05-01T21:02:43","modified_gmt":"2026-05-01T19:02:43","slug":"systeme-daide-a-la-manoeuvre-easydriver-pro","status":"publish","type":"product","link":"https:\/\/shop.bantam.ch\/fr\/produit\/systeme-daide-a-la-manoeuvre-easydriver-pro\/","title":{"rendered":"Syst\u00e8me d\u2019aide \u00e0 la man\u0153uvre Easydriver pro"},"content":{"rendered":"<p>Tout simplement g\u00e9nial !<br \/>Guidage \u00e0 jeu r\u00e9duit pour une transmission de puissance id\u00e9ale. M\u00e9canisme de man\u0153uvre unique transmis aux galets d&rsquo;entrainement hautement performants. Manivelle ou visseuse sans fil : il suffit de pivoter sur marche ou arr\u00eat  Avec votre syst\u00e8me d\u2019aide \u00e0 la man\u0153uvre easydriver basic, vous \u00e9conomisez de l&rsquo;argent mais vous ne perdez rien en terme de confort. Pour les v\u00e9hicules de toutes dimensions.<\/p>\n<p>Un syst\u00e8me unique en son genre !<br \/>La protection anticorrosion easydriver. Au lieu de couvrir uniquement les effets de la corrosion, le bo\u00eetier easydriver en mat\u00e9riau high-tech pr\u00e9vient simplement la formation de rouille.<\/p>\n<p>Nouvelle t\u00e9l\u00e9commande radio avec le concept de commande easydriver : commandes couleur encore plus pr\u00e9cises, claires et intuitives, m\u00eame dans les virages avec la nouvelle commande de gestion des virages ; affichage de l&rsquo;\u00e9tat du syst\u00e8me sur la t\u00e9l\u00e9commande (\u00e9tat de charge de la batterie de la caravane et de la t\u00e9l\u00e9commande, surveillance radio et protection contre la surcharge).<\/p>\n","protected":false},"excerpt":{"rendered":"<p>Tout simplement g\u00e9nial !Guidage \u00e0 jeu r\u00e9duit pour une transmission de puissance id\u00e9ale. M\u00e9canisme de man\u0153uvre unique transmis aux galets d&rsquo;entrainement hautement performants. Manivelle ou visseuse sans fil : il suffit de pivoter sur marche ou arr\u00eat Avec votre syst\u00e8me d\u2019aide \u00e0 la man\u0153uvre easydriver basic, vous \u00e9conomisez de l&rsquo;argent mais vous ne perdez rien [&hellip;]<\/p>\n","protected":false},"featured_media":46825,"template":"","meta":{"_acf_changed":false},"product_featured_cat":[],"product_brand":[3132],"product_cat":[4821],"product_tag":[],"class_list":{"0":"post-46889","1":"product","2":"type-product","3":"status-publish","4":"has-post-thumbnail","6":"product_brand-easydriver","7":"product_cat-aide-a-la-manoeuvre","9":"first","10":"instock","11":"featured","12":"taxable","13":"shipping-taxable","14":"purchasable","15":"product-type-variable"},"acf":[],"yoast_head":"<!-- This site is optimized with the Yoast SEO plugin v27.5 - https:\/\/yoast.com\/product\/yoast-seo-wordpress\/ -->\n<title>Syst\u00e8me d\u2019aide \u00e0 la man\u0153uvre Easydriver pro - Bantam<\/title>\n<meta name=\"robots\" content=\"index, follow, max-snippet:-1, max-image-preview:large, max-video-preview:-1\" \/>\n<link rel=\"canonical\" href=\"https:\/\/shop.bantam.ch\/fr\/produit\/systeme-daide-a-la-manoeuvre-easydriver-pro\/\" \/>\n<meta property=\"og:locale\" content=\"fr_FR\" \/>\n<meta property=\"og:type\" content=\"article\" \/>\n<meta property=\"og:title\" content=\"Syst\u00e8me d\u2019aide \u00e0 la man\u0153uvre Easydriver pro - Bantam\" \/>\n<meta property=\"og:description\" content=\"Tout simplement g\u00e9nial !Guidage \u00e0 jeu r\u00e9duit pour une transmission de puissance id\u00e9ale. M\u00e9canisme de man\u0153uvre unique transmis aux galets d&rsquo;entrainement hautement performants. Manivelle ou visseuse sans fil : il suffit de pivoter sur marche ou arr\u00eat Avec votre syst\u00e8me d\u2019aide \u00e0 la man\u0153uvre easydriver basic, vous \u00e9conomisez de l&rsquo;argent mais vous ne perdez rien [&hellip;]\" \/>\n<meta property=\"og:url\" content=\"https:\/\/shop.bantam.ch\/fr\/produit\/systeme-daide-a-la-manoeuvre-easydriver-pro\/\" \/>\n<meta property=\"og:site_name\" content=\"Bantam\" \/>\n<meta property=\"article:modified_time\" content=\"2026-05-01T19:02:43+00:00\" \/>\n<meta property=\"og:image\" content=\"https:\/\/shop.bantam.ch\/wp-content\/uploads\/2023\/02\/9983728-Easydriver_pro_1_8_Einachser-Standard-01-2.jpg\" \/>\n\t<meta property=\"og:image:width\" content=\"1000\" \/>\n\t<meta property=\"og:image:height\" content=\"589\" \/>\n\t<meta property=\"og:image:type\" content=\"image\/jpeg\" \/>\n<meta name=\"twitter:card\" content=\"summary_large_image\" \/>\n<meta name=\"twitter:label1\" content=\"Dur\u00e9e de lecture estim\u00e9e\" \/>\n\t<meta name=\"twitter:data1\" content=\"1 minute\" \/>\n<script type=\"application\/ld+json\" class=\"yoast-schema-graph\">{\"@context\":\"https:\\\/\\\/schema.org\",\"@graph\":[{\"@type\":\"WebPage\",\"@id\":\"https:\\\/\\\/shop.bantam.ch\\\/fr\\\/produit\\\/systeme-daide-a-la-manoeuvre-easydriver-pro\\\/\",\"url\":\"https:\\\/\\\/shop.bantam.ch\\\/fr\\\/produit\\\/systeme-daide-a-la-manoeuvre-easydriver-pro\\\/\",\"name\":\"Syst\u00e8me d\u2019aide \u00e0 la man\u0153uvre Easydriver pro - Bantam\",\"isPartOf\":{\"@id\":\"https:\\\/\\\/shop.bantam.ch\\\/fr\\\/#website\"},\"primaryImageOfPage\":{\"@id\":\"https:\\\/\\\/shop.bantam.ch\\\/fr\\\/produit\\\/systeme-daide-a-la-manoeuvre-easydriver-pro\\\/#primaryimage\"},\"image\":{\"@id\":\"https:\\\/\\\/shop.bantam.ch\\\/fr\\\/produit\\\/systeme-daide-a-la-manoeuvre-easydriver-pro\\\/#primaryimage\"},\"thumbnailUrl\":\"https:\\\/\\\/shop.bantam.ch\\\/wp-content\\\/uploads\\\/2023\\\/02\\\/9983728-Easydriver_pro_1_8_Einachser-Standard-01-2.jpg\",\"datePublished\":\"2023-02-23T11:48:03+00:00\",\"dateModified\":\"2026-05-01T19:02:43+00:00\",\"breadcrumb\":{\"@id\":\"https:\\\/\\\/shop.bantam.ch\\\/fr\\\/produit\\\/systeme-daide-a-la-manoeuvre-easydriver-pro\\\/#breadcrumb\"},\"inLanguage\":\"fr-FR\",\"potentialAction\":[{\"@type\":\"ReadAction\",\"target\":[\"https:\\\/\\\/shop.bantam.ch\\\/fr\\\/produit\\\/systeme-daide-a-la-manoeuvre-easydriver-pro\\\/\"]}]},{\"@type\":\"ImageObject\",\"inLanguage\":\"fr-FR\",\"@id\":\"https:\\\/\\\/shop.bantam.ch\\\/fr\\\/produit\\\/systeme-daide-a-la-manoeuvre-easydriver-pro\\\/#primaryimage\",\"url\":\"https:\\\/\\\/shop.bantam.ch\\\/wp-content\\\/uploads\\\/2023\\\/02\\\/9983728-Easydriver_pro_1_8_Einachser-Standard-01-2.jpg\",\"contentUrl\":\"https:\\\/\\\/shop.bantam.ch\\\/wp-content\\\/uploads\\\/2023\\\/02\\\/9983728-Easydriver_pro_1_8_Einachser-Standard-01-2.jpg\",\"width\":1000,\"height\":589},{\"@type\":\"BreadcrumbList\",\"@id\":\"https:\\\/\\\/shop.bantam.ch\\\/fr\\\/produit\\\/systeme-daide-a-la-manoeuvre-easydriver-pro\\\/#breadcrumb\",\"itemListElement\":[{\"@type\":\"ListItem\",\"position\":1,\"name\":\"Accueil\",\"item\":\"https:\\\/\\\/shop.bantam.ch\\\/fr\\\/\"},{\"@type\":\"ListItem\",\"position\":2,\"name\":\"Boutique\",\"item\":\"https:\\\/\\\/shop.bantam.ch\\\/fr\\\/boutique\\\/\"},{\"@type\":\"ListItem\",\"position\":3,\"name\":\"Syst\u00e8me d\u2019aide \u00e0 la man\u0153uvre Easydriver pro\"}]},{\"@type\":\"WebSite\",\"@id\":\"https:\\\/\\\/shop.bantam.ch\\\/fr\\\/#website\",\"url\":\"https:\\\/\\\/shop.bantam.ch\\\/fr\\\/\",\"name\":\"Bantam\",\"description\":\"\",\"publisher\":{\"@id\":\"https:\\\/\\\/shop.bantam.ch\\\/fr\\\/#organization\"},\"inLanguage\":\"fr-FR\"},{\"@type\":\"Organization\",\"@id\":\"https:\\\/\\\/shop.bantam.ch\\\/fr\\\/#organization\",\"name\":\"Bantam\",\"url\":\"https:\\\/\\\/shop.bantam.ch\\\/fr\\\/\",\"logo\":{\"@type\":\"ImageObject\",\"inLanguage\":\"fr-FR\",\"@id\":\"https:\\\/\\\/shop.bantam.ch\\\/fr\\\/#\\\/schema\\\/logo\\\/image\\\/\",\"url\":\"https:\\\/\\\/shop.bantam.ch\\\/wp-content\\\/uploads\\\/2022\\\/12\\\/bantam-logo.png\",\"contentUrl\":\"https:\\\/\\\/shop.bantam.ch\\\/wp-content\\\/uploads\\\/2022\\\/12\\\/bantam-logo.png\",\"width\":320,\"height\":71,\"caption\":\"Bantam\"},\"image\":{\"@id\":\"https:\\\/\\\/shop.bantam.ch\\\/fr\\\/#\\\/schema\\\/logo\\\/image\\\/\"}}]}<\/script>\n<!-- \/ Yoast SEO plugin. -->","yoast_head_json":{"title":"Syst\u00e8me d\u2019aide \u00e0 la man\u0153uvre Easydriver pro - Bantam","robots":{"index":"index","follow":"follow","max-snippet":"max-snippet:-1","max-image-preview":"max-image-preview:large","max-video-preview":"max-video-preview:-1"},"canonical":"https:\/\/shop.bantam.ch\/fr\/produit\/systeme-daide-a-la-manoeuvre-easydriver-pro\/","og_locale":"fr_FR","og_type":"article","og_title":"Syst\u00e8me d\u2019aide \u00e0 la man\u0153uvre Easydriver pro - Bantam","og_description":"Tout simplement g\u00e9nial !Guidage \u00e0 jeu r\u00e9duit pour une transmission de puissance id\u00e9ale. M\u00e9canisme de man\u0153uvre unique transmis aux galets d&rsquo;entrainement hautement performants. Manivelle ou visseuse sans fil : il suffit de pivoter sur marche ou arr\u00eat Avec votre syst\u00e8me d\u2019aide \u00e0 la man\u0153uvre easydriver basic, vous \u00e9conomisez de l&rsquo;argent mais vous ne perdez rien [&hellip;]","og_url":"https:\/\/shop.bantam.ch\/fr\/produit\/systeme-daide-a-la-manoeuvre-easydriver-pro\/","og_site_name":"Bantam","article_modified_time":"2026-05-01T19:02:43+00:00","og_image":[{"width":1000,"height":589,"url":"https:\/\/shop.bantam.ch\/wp-content\/uploads\/2023\/02\/9983728-Easydriver_pro_1_8_Einachser-Standard-01-2.jpg","type":"image\/jpeg"}],"twitter_card":"summary_large_image","twitter_misc":{"Dur\u00e9e de lecture estim\u00e9e":"1 minute"},"schema":{"@context":"https:\/\/schema.org","@graph":[{"@type":"WebPage","@id":"https:\/\/shop.bantam.ch\/fr\/produit\/systeme-daide-a-la-manoeuvre-easydriver-pro\/","url":"https:\/\/shop.bantam.ch\/fr\/produit\/systeme-daide-a-la-manoeuvre-easydriver-pro\/","name":"Syst\u00e8me d\u2019aide \u00e0 la man\u0153uvre Easydriver pro - Bantam","isPartOf":{"@id":"https:\/\/shop.bantam.ch\/fr\/#website"},"primaryImageOfPage":{"@id":"https:\/\/shop.bantam.ch\/fr\/produit\/systeme-daide-a-la-manoeuvre-easydriver-pro\/#primaryimage"},"image":{"@id":"https:\/\/shop.bantam.ch\/fr\/produit\/systeme-daide-a-la-manoeuvre-easydriver-pro\/#primaryimage"},"thumbnailUrl":"https:\/\/shop.bantam.ch\/wp-content\/uploads\/2023\/02\/9983728-Easydriver_pro_1_8_Einachser-Standard-01-2.jpg","datePublished":"2023-02-23T11:48:03+00:00","dateModified":"2026-05-01T19:02:43+00:00","breadcrumb":{"@id":"https:\/\/shop.bantam.ch\/fr\/produit\/systeme-daide-a-la-manoeuvre-easydriver-pro\/#breadcrumb"},"inLanguage":"fr-FR","potentialAction":[{"@type":"ReadAction","target":["https:\/\/shop.bantam.ch\/fr\/produit\/systeme-daide-a-la-manoeuvre-easydriver-pro\/"]}]},{"@type":"ImageObject","inLanguage":"fr-FR","@id":"https:\/\/shop.bantam.ch\/fr\/produit\/systeme-daide-a-la-manoeuvre-easydriver-pro\/#primaryimage","url":"https:\/\/shop.bantam.ch\/wp-content\/uploads\/2023\/02\/9983728-Easydriver_pro_1_8_Einachser-Standard-01-2.jpg","contentUrl":"https:\/\/shop.bantam.ch\/wp-content\/uploads\/2023\/02\/9983728-Easydriver_pro_1_8_Einachser-Standard-01-2.jpg","width":1000,"height":589},{"@type":"BreadcrumbList","@id":"https:\/\/shop.bantam.ch\/fr\/produit\/systeme-daide-a-la-manoeuvre-easydriver-pro\/#breadcrumb","itemListElement":[{"@type":"ListItem","position":1,"name":"Accueil","item":"https:\/\/shop.bantam.ch\/fr\/"},{"@type":"ListItem","position":2,"name":"Boutique","item":"https:\/\/shop.bantam.ch\/fr\/boutique\/"},{"@type":"ListItem","position":3,"name":"Syst\u00e8me d\u2019aide \u00e0 la man\u0153uvre Easydriver pro"}]},{"@type":"WebSite","@id":"https:\/\/shop.bantam.ch\/fr\/#website","url":"https:\/\/shop.bantam.ch\/fr\/","name":"Bantam","description":"","publisher":{"@id":"https:\/\/shop.bantam.ch\/fr\/#organization"},"inLanguage":"fr-FR"},{"@type":"Organization","@id":"https:\/\/shop.bantam.ch\/fr\/#organization","name":"Bantam","url":"https:\/\/shop.bantam.ch\/fr\/","logo":{"@type":"ImageObject","inLanguage":"fr-FR","@id":"https:\/\/shop.bantam.ch\/fr\/#\/schema\/logo\/image\/","url":"https:\/\/shop.bantam.ch\/wp-content\/uploads\/2022\/12\/bantam-logo.png","contentUrl":"https:\/\/shop.bantam.ch\/wp-content\/uploads\/2022\/12\/bantam-logo.png","width":320,"height":71,"caption":"Bantam"},"image":{"@id":"https:\/\/shop.bantam.ch\/fr\/#\/schema\/logo\/image\/"}}]}},"_links":{"self":[{"href":"https:\/\/shop.bantam.ch\/fr\/wp-json\/wp\/v2\/product\/46889","targetHints":{"allow":["GET"]}}],"collection":[{"href":"https:\/\/shop.bantam.ch\/fr\/wp-json\/wp\/v2\/product"}],"about":[{"href":"https:\/\/shop.bantam.ch\/fr\/wp-json\/wp\/v2\/types\/product"}],"wp:featuredmedia":[{"embeddable":true,"href":"https:\/\/shop.bantam.ch\/fr\/wp-json\/wp\/v2\/media\/46825"}],"wp:attachment":[{"href":"https:\/\/shop.bantam.ch\/fr\/wp-json\/wp\/v2\/media?parent=46889"}],"wp:term":[{"taxonomy":"product_featured_cat","embeddable":true,"href":"https:\/\/shop.bantam.ch\/fr\/wp-json\/wp\/v2\/product_featured_cat?post=46889"},{"taxonomy":"product_brand","embeddable":true,"href":"https:\/\/shop.bantam.ch\/fr\/wp-json\/wp\/v2\/product_brand?post=46889"},{"taxonomy":"product_cat","embeddable":true,"href":"https:\/\/shop.bantam.ch\/fr\/wp-json\/wp\/v2\/product_cat?post=46889"},{"taxonomy":"product_tag","embeddable":true,"href":"https:\/\/shop.bantam.ch\/fr\/wp-json\/wp\/v2\/product_tag?post=46889"}],"curies":[{"name":"wp","href":"https:\/\/api.w.org\/{rel}","templated":true}]}}