{"id":46609,"date":"2023-02-23T12:43:26","date_gmt":"2023-02-23T11:43:26","guid":{"rendered":"http:\/\/preprod-dev.sh1.hidora.com\/webshop\/produit\/auvent-privacy-room-ultra-light\/"},"modified":"2026-04-21T21:01:58","modified_gmt":"2026-04-21T19:01:58","slug":"auvent-privacy-room-ultra-light","status":"publish","type":"product","link":"https:\/\/shop.bantam.ch\/fr\/produit\/auvent-privacy-room-ultra-light\/","title":{"rendered":"Auvent Privacy Room Ultra Light"},"content":{"rendered":"<p>Gr\u00e2ce \u00e0 son poids l\u00e9ger, l&rsquo;auvent peut \u00eatre mont\u00e9 rapidement et facilement par une seule personne. Le toit double compos\u00e9 d\u2018un tissu de store et d\u2018un toit d\u2018auvent en ripstop cr\u00e9e un espace vide \u00e0 ventilation constante et r\u00e9duit agr\u00e9ablement la temp\u00e9rature int\u00e9rieure dans l\u2018auvent Privacy. Les parois lat\u00e9rales, \u00e9quip\u00e9es de moustiquaires, peuvent \u00eatre enti\u00e8rement enroul\u00e9es et offrent ainsi une fra\u00eecheur confortable.  Le Privacy Ultra Light permet d\u2018ouvrir compl\u00e8tement les parois lat\u00e9rales pour agrandir l\u2018espace ombrag\u00e9. Vous pouvez en outre ajouter des panneaux suppl\u00e9mentaires tels qu\u2018un bloqueur ou un Sun View \u00e0 la paroi avant.<\/p>\n<p>Mat\u00e9riau :<br \/>100 % polyester<\/p>\n","protected":false},"excerpt":{"rendered":"<p>Gr\u00e2ce \u00e0 son poids l\u00e9ger, l&rsquo;auvent peut \u00eatre mont\u00e9 rapidement et facilement par une seule personne. Le toit double compos\u00e9 d\u2018un tissu de store et d\u2018un toit d\u2018auvent en ripstop cr\u00e9e un espace vide \u00e0 ventilation constante et r\u00e9duit agr\u00e9ablement la temp\u00e9rature int\u00e9rieure dans l\u2018auvent Privacy. Les parois lat\u00e9rales, \u00e9quip\u00e9es de moustiquaires, peuvent \u00eatre enti\u00e8rement [&hellip;]<\/p>\n","protected":false},"featured_media":46499,"template":"","meta":{"_acf_changed":false},"product_featured_cat":[],"product_brand":[3034],"product_cat":[4223],"product_tag":[],"class_list":{"0":"post-46609","1":"product","2":"type-product","3":"status-publish","4":"has-post-thumbnail","6":"product_brand-fiamma","7":"product_cat-stores-et-auvents","9":"first","10":"instock","11":"taxable","12":"shipping-taxable","13":"purchasable","14":"product-type-variable"},"acf":[],"yoast_head":"<!-- This site is optimized with the Yoast SEO plugin v27.4 - https:\/\/yoast.com\/product\/yoast-seo-wordpress\/ -->\n<title>Auvent Privacy Room Ultra Light - Bantam Wankm\u00fcller SA<\/title>\n<meta name=\"robots\" content=\"index, follow, max-snippet:-1, max-image-preview:large, max-video-preview:-1\" \/>\n<link rel=\"canonical\" href=\"https:\/\/shop.bantam.ch\/fr\/produit\/auvent-privacy-room-ultra-light\/\" \/>\n<meta property=\"og:locale\" content=\"fr_FR\" \/>\n<meta property=\"og:type\" content=\"article\" \/>\n<meta property=\"og:title\" content=\"Auvent Privacy Room Ultra Light - Bantam Wankm\u00fcller SA\" \/>\n<meta property=\"og:description\" content=\"Gr\u00e2ce \u00e0 son poids l\u00e9ger, l&rsquo;auvent peut \u00eatre mont\u00e9 rapidement et facilement par une seule personne. Le toit double compos\u00e9 d\u2018un tissu de store et d\u2018un toit d\u2018auvent en ripstop cr\u00e9e un espace vide \u00e0 ventilation constante et r\u00e9duit agr\u00e9ablement la temp\u00e9rature int\u00e9rieure dans l\u2018auvent Privacy. Les parois lat\u00e9rales, \u00e9quip\u00e9es de moustiquaires, peuvent \u00eatre enti\u00e8rement [&hellip;]\" \/>\n<meta property=\"og:url\" content=\"https:\/\/shop.bantam.ch\/fr\/produit\/auvent-privacy-room-ultra-light\/\" \/>\n<meta property=\"og:site_name\" content=\"Bantam Wankm\u00fcller SA\" \/>\n<meta property=\"article:modified_time\" content=\"2026-04-21T19:01:58+00:00\" \/>\n<meta property=\"og:image\" content=\"https:\/\/shop.bantam.ch\/wp-content\/uploads\/2023\/02\/9941470-Vorzelt_Fiamma_Privacy_Room_Ultra_Light_Van_260-Standard-01-1.jpg\" \/>\n\t<meta property=\"og:image:width\" content=\"1000\" \/>\n\t<meta property=\"og:image:height\" content=\"667\" \/>\n\t<meta property=\"og:image:type\" content=\"image\/jpeg\" \/>\n<meta name=\"twitter:card\" content=\"summary_large_image\" \/>\n<meta name=\"twitter:label1\" content=\"Dur\u00e9e de lecture estim\u00e9e\" \/>\n\t<meta name=\"twitter:data1\" content=\"1 minute\" \/>\n<script type=\"application\/ld+json\" class=\"yoast-schema-graph\">{\"@context\":\"https:\\\/\\\/schema.org\",\"@graph\":[{\"@type\":\"WebPage\",\"@id\":\"https:\\\/\\\/shop.bantam.ch\\\/fr\\\/produit\\\/auvent-privacy-room-ultra-light\\\/\",\"url\":\"https:\\\/\\\/shop.bantam.ch\\\/fr\\\/produit\\\/auvent-privacy-room-ultra-light\\\/\",\"name\":\"Auvent Privacy Room Ultra Light - Bantam Wankm\u00fcller SA\",\"isPartOf\":{\"@id\":\"https:\\\/\\\/shop.bantam.ch\\\/fr\\\/#website\"},\"primaryImageOfPage\":{\"@id\":\"https:\\\/\\\/shop.bantam.ch\\\/fr\\\/produit\\\/auvent-privacy-room-ultra-light\\\/#primaryimage\"},\"image\":{\"@id\":\"https:\\\/\\\/shop.bantam.ch\\\/fr\\\/produit\\\/auvent-privacy-room-ultra-light\\\/#primaryimage\"},\"thumbnailUrl\":\"https:\\\/\\\/shop.bantam.ch\\\/wp-content\\\/uploads\\\/2023\\\/02\\\/9941470-Vorzelt_Fiamma_Privacy_Room_Ultra_Light_Van_260-Standard-01-1.jpg\",\"datePublished\":\"2023-02-23T11:43:26+00:00\",\"dateModified\":\"2026-04-21T19:01:58+00:00\",\"breadcrumb\":{\"@id\":\"https:\\\/\\\/shop.bantam.ch\\\/fr\\\/produit\\\/auvent-privacy-room-ultra-light\\\/#breadcrumb\"},\"inLanguage\":\"fr-FR\",\"potentialAction\":[{\"@type\":\"ReadAction\",\"target\":[\"https:\\\/\\\/shop.bantam.ch\\\/fr\\\/produit\\\/auvent-privacy-room-ultra-light\\\/\"]}]},{\"@type\":\"ImageObject\",\"inLanguage\":\"fr-FR\",\"@id\":\"https:\\\/\\\/shop.bantam.ch\\\/fr\\\/produit\\\/auvent-privacy-room-ultra-light\\\/#primaryimage\",\"url\":\"https:\\\/\\\/shop.bantam.ch\\\/wp-content\\\/uploads\\\/2023\\\/02\\\/9941470-Vorzelt_Fiamma_Privacy_Room_Ultra_Light_Van_260-Standard-01-1.jpg\",\"contentUrl\":\"https:\\\/\\\/shop.bantam.ch\\\/wp-content\\\/uploads\\\/2023\\\/02\\\/9941470-Vorzelt_Fiamma_Privacy_Room_Ultra_Light_Van_260-Standard-01-1.jpg\",\"width\":1000,\"height\":667},{\"@type\":\"BreadcrumbList\",\"@id\":\"https:\\\/\\\/shop.bantam.ch\\\/fr\\\/produit\\\/auvent-privacy-room-ultra-light\\\/#breadcrumb\",\"itemListElement\":[{\"@type\":\"ListItem\",\"position\":1,\"name\":\"Accueil\",\"item\":\"https:\\\/\\\/shop.bantam.ch\\\/fr\\\/\"},{\"@type\":\"ListItem\",\"position\":2,\"name\":\"Boutique\",\"item\":\"https:\\\/\\\/shop.bantam.ch\\\/fr\\\/boutique\\\/\"},{\"@type\":\"ListItem\",\"position\":3,\"name\":\"Auvent Privacy Room Ultra Light\"}]},{\"@type\":\"WebSite\",\"@id\":\"https:\\\/\\\/shop.bantam.ch\\\/fr\\\/#website\",\"url\":\"https:\\\/\\\/shop.bantam.ch\\\/fr\\\/\",\"name\":\"Bantam Wankm\u00fcller SA\",\"description\":\"\",\"publisher\":{\"@id\":\"https:\\\/\\\/shop.bantam.ch\\\/fr\\\/#organization\"},\"inLanguage\":\"fr-FR\"},{\"@type\":\"Organization\",\"@id\":\"https:\\\/\\\/shop.bantam.ch\\\/fr\\\/#organization\",\"name\":\"Bantam Wankm\u00fcller SA\",\"url\":\"https:\\\/\\\/shop.bantam.ch\\\/fr\\\/\",\"logo\":{\"@type\":\"ImageObject\",\"inLanguage\":\"fr-FR\",\"@id\":\"https:\\\/\\\/shop.bantam.ch\\\/fr\\\/#\\\/schema\\\/logo\\\/image\\\/\",\"url\":\"https:\\\/\\\/shop.bantam.ch\\\/wp-content\\\/uploads\\\/2022\\\/12\\\/bantam-logo.png\",\"contentUrl\":\"https:\\\/\\\/shop.bantam.ch\\\/wp-content\\\/uploads\\\/2022\\\/12\\\/bantam-logo.png\",\"width\":320,\"height\":71,\"caption\":\"Bantam Wankm\u00fcller SA\"},\"image\":{\"@id\":\"https:\\\/\\\/shop.bantam.ch\\\/fr\\\/#\\\/schema\\\/logo\\\/image\\\/\"}}]}<\/script>\n<!-- \/ Yoast SEO plugin. -->","yoast_head_json":{"title":"Auvent Privacy Room Ultra Light - Bantam Wankm\u00fcller SA","robots":{"index":"index","follow":"follow","max-snippet":"max-snippet:-1","max-image-preview":"max-image-preview:large","max-video-preview":"max-video-preview:-1"},"canonical":"https:\/\/shop.bantam.ch\/fr\/produit\/auvent-privacy-room-ultra-light\/","og_locale":"fr_FR","og_type":"article","og_title":"Auvent Privacy Room Ultra Light - Bantam Wankm\u00fcller SA","og_description":"Gr\u00e2ce \u00e0 son poids l\u00e9ger, l&rsquo;auvent peut \u00eatre mont\u00e9 rapidement et facilement par une seule personne. Le toit double compos\u00e9 d\u2018un tissu de store et d\u2018un toit d\u2018auvent en ripstop cr\u00e9e un espace vide \u00e0 ventilation constante et r\u00e9duit agr\u00e9ablement la temp\u00e9rature int\u00e9rieure dans l\u2018auvent Privacy. Les parois lat\u00e9rales, \u00e9quip\u00e9es de moustiquaires, peuvent \u00eatre enti\u00e8rement [&hellip;]","og_url":"https:\/\/shop.bantam.ch\/fr\/produit\/auvent-privacy-room-ultra-light\/","og_site_name":"Bantam Wankm\u00fcller SA","article_modified_time":"2026-04-21T19:01:58+00:00","og_image":[{"width":1000,"height":667,"url":"https:\/\/shop.bantam.ch\/wp-content\/uploads\/2023\/02\/9941470-Vorzelt_Fiamma_Privacy_Room_Ultra_Light_Van_260-Standard-01-1.jpg","type":"image\/jpeg"}],"twitter_card":"summary_large_image","twitter_misc":{"Dur\u00e9e de lecture estim\u00e9e":"1 minute"},"schema":{"@context":"https:\/\/schema.org","@graph":[{"@type":"WebPage","@id":"https:\/\/shop.bantam.ch\/fr\/produit\/auvent-privacy-room-ultra-light\/","url":"https:\/\/shop.bantam.ch\/fr\/produit\/auvent-privacy-room-ultra-light\/","name":"Auvent Privacy Room Ultra Light - Bantam Wankm\u00fcller SA","isPartOf":{"@id":"https:\/\/shop.bantam.ch\/fr\/#website"},"primaryImageOfPage":{"@id":"https:\/\/shop.bantam.ch\/fr\/produit\/auvent-privacy-room-ultra-light\/#primaryimage"},"image":{"@id":"https:\/\/shop.bantam.ch\/fr\/produit\/auvent-privacy-room-ultra-light\/#primaryimage"},"thumbnailUrl":"https:\/\/shop.bantam.ch\/wp-content\/uploads\/2023\/02\/9941470-Vorzelt_Fiamma_Privacy_Room_Ultra_Light_Van_260-Standard-01-1.jpg","datePublished":"2023-02-23T11:43:26+00:00","dateModified":"2026-04-21T19:01:58+00:00","breadcrumb":{"@id":"https:\/\/shop.bantam.ch\/fr\/produit\/auvent-privacy-room-ultra-light\/#breadcrumb"},"inLanguage":"fr-FR","potentialAction":[{"@type":"ReadAction","target":["https:\/\/shop.bantam.ch\/fr\/produit\/auvent-privacy-room-ultra-light\/"]}]},{"@type":"ImageObject","inLanguage":"fr-FR","@id":"https:\/\/shop.bantam.ch\/fr\/produit\/auvent-privacy-room-ultra-light\/#primaryimage","url":"https:\/\/shop.bantam.ch\/wp-content\/uploads\/2023\/02\/9941470-Vorzelt_Fiamma_Privacy_Room_Ultra_Light_Van_260-Standard-01-1.jpg","contentUrl":"https:\/\/shop.bantam.ch\/wp-content\/uploads\/2023\/02\/9941470-Vorzelt_Fiamma_Privacy_Room_Ultra_Light_Van_260-Standard-01-1.jpg","width":1000,"height":667},{"@type":"BreadcrumbList","@id":"https:\/\/shop.bantam.ch\/fr\/produit\/auvent-privacy-room-ultra-light\/#breadcrumb","itemListElement":[{"@type":"ListItem","position":1,"name":"Accueil","item":"https:\/\/shop.bantam.ch\/fr\/"},{"@type":"ListItem","position":2,"name":"Boutique","item":"https:\/\/shop.bantam.ch\/fr\/boutique\/"},{"@type":"ListItem","position":3,"name":"Auvent Privacy Room Ultra Light"}]},{"@type":"WebSite","@id":"https:\/\/shop.bantam.ch\/fr\/#website","url":"https:\/\/shop.bantam.ch\/fr\/","name":"Bantam Wankm\u00fcller SA","description":"","publisher":{"@id":"https:\/\/shop.bantam.ch\/fr\/#organization"},"inLanguage":"fr-FR"},{"@type":"Organization","@id":"https:\/\/shop.bantam.ch\/fr\/#organization","name":"Bantam Wankm\u00fcller SA","url":"https:\/\/shop.bantam.ch\/fr\/","logo":{"@type":"ImageObject","inLanguage":"fr-FR","@id":"https:\/\/shop.bantam.ch\/fr\/#\/schema\/logo\/image\/","url":"https:\/\/shop.bantam.ch\/wp-content\/uploads\/2022\/12\/bantam-logo.png","contentUrl":"https:\/\/shop.bantam.ch\/wp-content\/uploads\/2022\/12\/bantam-logo.png","width":320,"height":71,"caption":"Bantam Wankm\u00fcller SA"},"image":{"@id":"https:\/\/shop.bantam.ch\/fr\/#\/schema\/logo\/image\/"}}]}},"_links":{"self":[{"href":"https:\/\/shop.bantam.ch\/fr\/wp-json\/wp\/v2\/product\/46609","targetHints":{"allow":["GET"]}}],"collection":[{"href":"https:\/\/shop.bantam.ch\/fr\/wp-json\/wp\/v2\/product"}],"about":[{"href":"https:\/\/shop.bantam.ch\/fr\/wp-json\/wp\/v2\/types\/product"}],"wp:featuredmedia":[{"embeddable":true,"href":"https:\/\/shop.bantam.ch\/fr\/wp-json\/wp\/v2\/media\/46499"}],"wp:attachment":[{"href":"https:\/\/shop.bantam.ch\/fr\/wp-json\/wp\/v2\/media?parent=46609"}],"wp:term":[{"taxonomy":"product_featured_cat","embeddable":true,"href":"https:\/\/shop.bantam.ch\/fr\/wp-json\/wp\/v2\/product_featured_cat?post=46609"},{"taxonomy":"product_brand","embeddable":true,"href":"https:\/\/shop.bantam.ch\/fr\/wp-json\/wp\/v2\/product_brand?post=46609"},{"taxonomy":"product_cat","embeddable":true,"href":"https:\/\/shop.bantam.ch\/fr\/wp-json\/wp\/v2\/product_cat?post=46609"},{"taxonomy":"product_tag","embeddable":true,"href":"https:\/\/shop.bantam.ch\/fr\/wp-json\/wp\/v2\/product_tag?post=46609"}],"curies":[{"name":"wp","href":"https:\/\/api.w.org\/{rel}","templated":true}]}}