{"id":46189,"date":"2023-02-23T12:36:38","date_gmt":"2023-02-23T11:36:38","guid":{"rendered":"http:\/\/preprod-dev.sh1.hidora.com\/webshop\/produit\/parasol-locarno-rectangulaire-180-x-120-cm\/"},"modified":"2026-04-17T20:59:33","modified_gmt":"2026-04-17T18:59:33","slug":"parasol-locarno-rectangulaire-180-x-120-cm","status":"publish","type":"product","link":"https:\/\/shop.bantam.ch\/fr\/produit\/parasol-locarno-rectangulaire-180-x-120-cm\/","title":{"rendered":"Parasol Locarno rectangulaire 180 x 120 cm"},"content":{"rendered":"<p>Parasol avec volant et bordure.<\/p>\n<p>Equipement et fonctions :<\/p>\n<ul>\n<li>Toile polyester, env. 160 g\/m\u00b2<\/li>\n<li>R\u00e9sistant \u00e0 la corrosion<\/li>\n<li>Toile impr\u00e9gn\u00e9e d\u00e9perlante<\/li>\n<li>UPF 50+<\/li>\n<li>M\u00e2t peint par poudrage en gris argent\u00e9<\/li>\n<li>Toutes les pi\u00e8ces plastique en gris anthracite<\/li>\n<li>Large curseur de r\u00e9glage avec bouton<\/li>\n<li>Dispositif de verrouillage rotatif<\/li>\n<li>Haut boule<\/li>\n<li>Tilt d&rsquo;inclinaison en m\u00e9tal avec bouton \u00e0 pression <\/li>\n<li>Tige en 2 parties, \u00d8 22\/25 mm<\/li>\n<\/ul>\n<p>Mat\u00e9riau\u00a0:<br \/>100 % polyester<\/p>\n","protected":false},"excerpt":{"rendered":"<p>Parasol avec volant et bordure. Equipement et fonctions : Toile polyester, env. 160 g\/m\u00b2 R\u00e9sistant \u00e0 la corrosion Toile impr\u00e9gn\u00e9e d\u00e9perlante UPF 50+ M\u00e2t peint par poudrage en gris argent\u00e9 Toutes les pi\u00e8ces plastique en gris anthracite Large curseur de r\u00e9glage avec bouton Dispositif de verrouillage rotatif Haut boule Tilt d&rsquo;inclinaison en m\u00e9tal avec bouton [&hellip;]<\/p>\n","protected":false},"featured_media":46183,"template":"","meta":{"_acf_changed":false},"product_featured_cat":[],"product_brand":[3306],"product_cat":[4463],"product_tag":[],"class_list":{"0":"post-46189","1":"product","2":"type-product","3":"status-publish","4":"has-post-thumbnail","6":"product_brand-schneider-schirme","7":"product_cat-parasols","9":"first","10":"instock","11":"taxable","12":"shipping-taxable","13":"purchasable","14":"product-type-variable"},"acf":[],"yoast_head":"<!-- This site is optimized with the Yoast SEO plugin v27.4 - https:\/\/yoast.com\/product\/yoast-seo-wordpress\/ -->\n<title>Parasol Locarno rectangulaire 180 x 120 cm - Bantam Wankm\u00fcller SA<\/title>\n<meta name=\"robots\" content=\"index, follow, max-snippet:-1, max-image-preview:large, max-video-preview:-1\" \/>\n<link rel=\"canonical\" href=\"https:\/\/shop.bantam.ch\/fr\/produit\/parasol-locarno-rectangulaire-180-x-120-cm\/\" \/>\n<meta property=\"og:locale\" content=\"fr_FR\" \/>\n<meta property=\"og:type\" content=\"article\" \/>\n<meta property=\"og:title\" content=\"Parasol Locarno rectangulaire 180 x 120 cm - Bantam Wankm\u00fcller SA\" \/>\n<meta property=\"og:description\" content=\"Parasol avec volant et bordure. Equipement et fonctions : Toile polyester, env. 160 g\/m\u00b2 R\u00e9sistant \u00e0 la corrosion Toile impr\u00e9gn\u00e9e d\u00e9perlante UPF 50+ M\u00e2t peint par poudrage en gris argent\u00e9 Toutes les pi\u00e8ces plastique en gris anthracite Large curseur de r\u00e9glage avec bouton Dispositif de verrouillage rotatif Haut boule Tilt d&rsquo;inclinaison en m\u00e9tal avec bouton [&hellip;]\" \/>\n<meta property=\"og:url\" content=\"https:\/\/shop.bantam.ch\/fr\/produit\/parasol-locarno-rectangulaire-180-x-120-cm\/\" \/>\n<meta property=\"og:site_name\" content=\"Bantam Wankm\u00fcller SA\" \/>\n<meta property=\"article:modified_time\" content=\"2026-04-17T18:59:33+00:00\" \/>\n<meta property=\"og:image\" content=\"https:\/\/shop.bantam.ch\/wp-content\/uploads\/2023\/02\/9911645-Sonnenschirm_Locarno_ca_180_x_120_cm_natur-Standard-01-2.jpg\" \/>\n\t<meta property=\"og:image:width\" content=\"1000\" \/>\n\t<meta property=\"og:image:height\" content=\"945\" \/>\n\t<meta property=\"og:image:type\" content=\"image\/jpeg\" \/>\n<meta name=\"twitter:card\" content=\"summary_large_image\" \/>\n<script type=\"application\/ld+json\" class=\"yoast-schema-graph\">{\"@context\":\"https:\\\/\\\/schema.org\",\"@graph\":[{\"@type\":\"WebPage\",\"@id\":\"https:\\\/\\\/shop.bantam.ch\\\/fr\\\/produit\\\/parasol-locarno-rectangulaire-180-x-120-cm\\\/\",\"url\":\"https:\\\/\\\/shop.bantam.ch\\\/fr\\\/produit\\\/parasol-locarno-rectangulaire-180-x-120-cm\\\/\",\"name\":\"Parasol Locarno rectangulaire 180 x 120 cm - Bantam Wankm\u00fcller SA\",\"isPartOf\":{\"@id\":\"https:\\\/\\\/shop.bantam.ch\\\/fr\\\/#website\"},\"primaryImageOfPage\":{\"@id\":\"https:\\\/\\\/shop.bantam.ch\\\/fr\\\/produit\\\/parasol-locarno-rectangulaire-180-x-120-cm\\\/#primaryimage\"},\"image\":{\"@id\":\"https:\\\/\\\/shop.bantam.ch\\\/fr\\\/produit\\\/parasol-locarno-rectangulaire-180-x-120-cm\\\/#primaryimage\"},\"thumbnailUrl\":\"https:\\\/\\\/shop.bantam.ch\\\/wp-content\\\/uploads\\\/2023\\\/02\\\/9911645-Sonnenschirm_Locarno_ca_180_x_120_cm_natur-Standard-01-2.jpg\",\"datePublished\":\"2023-02-23T11:36:38+00:00\",\"dateModified\":\"2026-04-17T18:59:33+00:00\",\"breadcrumb\":{\"@id\":\"https:\\\/\\\/shop.bantam.ch\\\/fr\\\/produit\\\/parasol-locarno-rectangulaire-180-x-120-cm\\\/#breadcrumb\"},\"inLanguage\":\"fr-FR\",\"potentialAction\":[{\"@type\":\"ReadAction\",\"target\":[\"https:\\\/\\\/shop.bantam.ch\\\/fr\\\/produit\\\/parasol-locarno-rectangulaire-180-x-120-cm\\\/\"]}]},{\"@type\":\"ImageObject\",\"inLanguage\":\"fr-FR\",\"@id\":\"https:\\\/\\\/shop.bantam.ch\\\/fr\\\/produit\\\/parasol-locarno-rectangulaire-180-x-120-cm\\\/#primaryimage\",\"url\":\"https:\\\/\\\/shop.bantam.ch\\\/wp-content\\\/uploads\\\/2023\\\/02\\\/9911645-Sonnenschirm_Locarno_ca_180_x_120_cm_natur-Standard-01-2.jpg\",\"contentUrl\":\"https:\\\/\\\/shop.bantam.ch\\\/wp-content\\\/uploads\\\/2023\\\/02\\\/9911645-Sonnenschirm_Locarno_ca_180_x_120_cm_natur-Standard-01-2.jpg\",\"width\":1000,\"height\":945},{\"@type\":\"BreadcrumbList\",\"@id\":\"https:\\\/\\\/shop.bantam.ch\\\/fr\\\/produit\\\/parasol-locarno-rectangulaire-180-x-120-cm\\\/#breadcrumb\",\"itemListElement\":[{\"@type\":\"ListItem\",\"position\":1,\"name\":\"Accueil\",\"item\":\"https:\\\/\\\/shop.bantam.ch\\\/fr\\\/\"},{\"@type\":\"ListItem\",\"position\":2,\"name\":\"Boutique\",\"item\":\"https:\\\/\\\/shop.bantam.ch\\\/fr\\\/boutique\\\/\"},{\"@type\":\"ListItem\",\"position\":3,\"name\":\"Parasol Locarno rectangulaire 180 x 120 cm\"}]},{\"@type\":\"WebSite\",\"@id\":\"https:\\\/\\\/shop.bantam.ch\\\/fr\\\/#website\",\"url\":\"https:\\\/\\\/shop.bantam.ch\\\/fr\\\/\",\"name\":\"Bantam Wankm\u00fcller SA\",\"description\":\"\",\"publisher\":{\"@id\":\"https:\\\/\\\/shop.bantam.ch\\\/fr\\\/#organization\"},\"inLanguage\":\"fr-FR\"},{\"@type\":\"Organization\",\"@id\":\"https:\\\/\\\/shop.bantam.ch\\\/fr\\\/#organization\",\"name\":\"Bantam Wankm\u00fcller SA\",\"url\":\"https:\\\/\\\/shop.bantam.ch\\\/fr\\\/\",\"logo\":{\"@type\":\"ImageObject\",\"inLanguage\":\"fr-FR\",\"@id\":\"https:\\\/\\\/shop.bantam.ch\\\/fr\\\/#\\\/schema\\\/logo\\\/image\\\/\",\"url\":\"https:\\\/\\\/shop.bantam.ch\\\/wp-content\\\/uploads\\\/2022\\\/12\\\/bantam-logo.png\",\"contentUrl\":\"https:\\\/\\\/shop.bantam.ch\\\/wp-content\\\/uploads\\\/2022\\\/12\\\/bantam-logo.png\",\"width\":320,\"height\":71,\"caption\":\"Bantam Wankm\u00fcller SA\"},\"image\":{\"@id\":\"https:\\\/\\\/shop.bantam.ch\\\/fr\\\/#\\\/schema\\\/logo\\\/image\\\/\"}}]}<\/script>\n<!-- \/ Yoast SEO plugin. -->","yoast_head_json":{"title":"Parasol Locarno rectangulaire 180 x 120 cm - Bantam Wankm\u00fcller SA","robots":{"index":"index","follow":"follow","max-snippet":"max-snippet:-1","max-image-preview":"max-image-preview:large","max-video-preview":"max-video-preview:-1"},"canonical":"https:\/\/shop.bantam.ch\/fr\/produit\/parasol-locarno-rectangulaire-180-x-120-cm\/","og_locale":"fr_FR","og_type":"article","og_title":"Parasol Locarno rectangulaire 180 x 120 cm - Bantam Wankm\u00fcller SA","og_description":"Parasol avec volant et bordure. Equipement et fonctions : Toile polyester, env. 160 g\/m\u00b2 R\u00e9sistant \u00e0 la corrosion Toile impr\u00e9gn\u00e9e d\u00e9perlante UPF 50+ M\u00e2t peint par poudrage en gris argent\u00e9 Toutes les pi\u00e8ces plastique en gris anthracite Large curseur de r\u00e9glage avec bouton Dispositif de verrouillage rotatif Haut boule Tilt d&rsquo;inclinaison en m\u00e9tal avec bouton [&hellip;]","og_url":"https:\/\/shop.bantam.ch\/fr\/produit\/parasol-locarno-rectangulaire-180-x-120-cm\/","og_site_name":"Bantam Wankm\u00fcller SA","article_modified_time":"2026-04-17T18:59:33+00:00","og_image":[{"width":1000,"height":945,"url":"https:\/\/shop.bantam.ch\/wp-content\/uploads\/2023\/02\/9911645-Sonnenschirm_Locarno_ca_180_x_120_cm_natur-Standard-01-2.jpg","type":"image\/jpeg"}],"twitter_card":"summary_large_image","schema":{"@context":"https:\/\/schema.org","@graph":[{"@type":"WebPage","@id":"https:\/\/shop.bantam.ch\/fr\/produit\/parasol-locarno-rectangulaire-180-x-120-cm\/","url":"https:\/\/shop.bantam.ch\/fr\/produit\/parasol-locarno-rectangulaire-180-x-120-cm\/","name":"Parasol Locarno rectangulaire 180 x 120 cm - Bantam Wankm\u00fcller SA","isPartOf":{"@id":"https:\/\/shop.bantam.ch\/fr\/#website"},"primaryImageOfPage":{"@id":"https:\/\/shop.bantam.ch\/fr\/produit\/parasol-locarno-rectangulaire-180-x-120-cm\/#primaryimage"},"image":{"@id":"https:\/\/shop.bantam.ch\/fr\/produit\/parasol-locarno-rectangulaire-180-x-120-cm\/#primaryimage"},"thumbnailUrl":"https:\/\/shop.bantam.ch\/wp-content\/uploads\/2023\/02\/9911645-Sonnenschirm_Locarno_ca_180_x_120_cm_natur-Standard-01-2.jpg","datePublished":"2023-02-23T11:36:38+00:00","dateModified":"2026-04-17T18:59:33+00:00","breadcrumb":{"@id":"https:\/\/shop.bantam.ch\/fr\/produit\/parasol-locarno-rectangulaire-180-x-120-cm\/#breadcrumb"},"inLanguage":"fr-FR","potentialAction":[{"@type":"ReadAction","target":["https:\/\/shop.bantam.ch\/fr\/produit\/parasol-locarno-rectangulaire-180-x-120-cm\/"]}]},{"@type":"ImageObject","inLanguage":"fr-FR","@id":"https:\/\/shop.bantam.ch\/fr\/produit\/parasol-locarno-rectangulaire-180-x-120-cm\/#primaryimage","url":"https:\/\/shop.bantam.ch\/wp-content\/uploads\/2023\/02\/9911645-Sonnenschirm_Locarno_ca_180_x_120_cm_natur-Standard-01-2.jpg","contentUrl":"https:\/\/shop.bantam.ch\/wp-content\/uploads\/2023\/02\/9911645-Sonnenschirm_Locarno_ca_180_x_120_cm_natur-Standard-01-2.jpg","width":1000,"height":945},{"@type":"BreadcrumbList","@id":"https:\/\/shop.bantam.ch\/fr\/produit\/parasol-locarno-rectangulaire-180-x-120-cm\/#breadcrumb","itemListElement":[{"@type":"ListItem","position":1,"name":"Accueil","item":"https:\/\/shop.bantam.ch\/fr\/"},{"@type":"ListItem","position":2,"name":"Boutique","item":"https:\/\/shop.bantam.ch\/fr\/boutique\/"},{"@type":"ListItem","position":3,"name":"Parasol Locarno rectangulaire 180 x 120 cm"}]},{"@type":"WebSite","@id":"https:\/\/shop.bantam.ch\/fr\/#website","url":"https:\/\/shop.bantam.ch\/fr\/","name":"Bantam Wankm\u00fcller SA","description":"","publisher":{"@id":"https:\/\/shop.bantam.ch\/fr\/#organization"},"inLanguage":"fr-FR"},{"@type":"Organization","@id":"https:\/\/shop.bantam.ch\/fr\/#organization","name":"Bantam Wankm\u00fcller SA","url":"https:\/\/shop.bantam.ch\/fr\/","logo":{"@type":"ImageObject","inLanguage":"fr-FR","@id":"https:\/\/shop.bantam.ch\/fr\/#\/schema\/logo\/image\/","url":"https:\/\/shop.bantam.ch\/wp-content\/uploads\/2022\/12\/bantam-logo.png","contentUrl":"https:\/\/shop.bantam.ch\/wp-content\/uploads\/2022\/12\/bantam-logo.png","width":320,"height":71,"caption":"Bantam Wankm\u00fcller SA"},"image":{"@id":"https:\/\/shop.bantam.ch\/fr\/#\/schema\/logo\/image\/"}}]}},"_links":{"self":[{"href":"https:\/\/shop.bantam.ch\/fr\/wp-json\/wp\/v2\/product\/46189","targetHints":{"allow":["GET"]}}],"collection":[{"href":"https:\/\/shop.bantam.ch\/fr\/wp-json\/wp\/v2\/product"}],"about":[{"href":"https:\/\/shop.bantam.ch\/fr\/wp-json\/wp\/v2\/types\/product"}],"wp:featuredmedia":[{"embeddable":true,"href":"https:\/\/shop.bantam.ch\/fr\/wp-json\/wp\/v2\/media\/46183"}],"wp:attachment":[{"href":"https:\/\/shop.bantam.ch\/fr\/wp-json\/wp\/v2\/media?parent=46189"}],"wp:term":[{"taxonomy":"product_featured_cat","embeddable":true,"href":"https:\/\/shop.bantam.ch\/fr\/wp-json\/wp\/v2\/product_featured_cat?post=46189"},{"taxonomy":"product_brand","embeddable":true,"href":"https:\/\/shop.bantam.ch\/fr\/wp-json\/wp\/v2\/product_brand?post=46189"},{"taxonomy":"product_cat","embeddable":true,"href":"https:\/\/shop.bantam.ch\/fr\/wp-json\/wp\/v2\/product_cat?post=46189"},{"taxonomy":"product_tag","embeddable":true,"href":"https:\/\/shop.bantam.ch\/fr\/wp-json\/wp\/v2\/product_tag?post=46189"}],"curies":[{"name":"wp","href":"https:\/\/api.w.org\/{rel}","templated":true}]}}