{"id":45332,"date":"2023-02-23T12:20:19","date_gmt":"2023-02-23T11:20:19","guid":{"rendered":"http:\/\/preprod-dev.sh1.hidora.com\/webshop\/produit\/pied-de-store-supplementaire-pour-store-banne-a-partir-de-35-m\/"},"modified":"2026-04-18T21:07:05","modified_gmt":"2026-04-18T19:07:05","slug":"pied-de-store-supplementaire-pour-store-banne-a-partir-de-35-m","status":"publish","type":"product","link":"https:\/\/shop.bantam.ch\/fr\/produit\/pied-de-store-supplementaire-pour-store-banne-a-partir-de-35-m\/","title":{"rendered":"Pied de marquise suppl\u00e9m. pour marquises \u00e0 partir de 3,75 m"},"content":{"rendered":"<p>Les stores Thule Omnistor de toutes les longueurs disposent d&rsquo;une attache int\u00e9gr\u00e9e pour un troisi\u00e8me pied en option de mani\u00e8re \u00e0 obtenir une meilleure stabilit\u00e9. <br \/>Il est recommand\u00e9 d\u2019utiliser le troisi\u00e8me pied pour un store d\u2019une longueur sup\u00e9rieure \u00e0 3,50\u00a0m, en combinaison avec une tente Thule, afin d\u2019am\u00e9liorer la stabilit\u00e9 du store.<br \/>Gr\u00e2ce au syst\u00e8me Quick-Lock de Thule, les pieds peuvent \u00eatre r\u00e9gl\u00e9s \u00e0 la bonne hauteur.<\/p>\n","protected":false},"excerpt":{"rendered":"<p>Les stores Thule Omnistor de toutes les longueurs disposent d&rsquo;une attache int\u00e9gr\u00e9e pour un troisi\u00e8me pied en option de mani\u00e8re \u00e0 obtenir une meilleure stabilit\u00e9. Il est recommand\u00e9 d\u2019utiliser le troisi\u00e8me pied pour un store d\u2019une longueur sup\u00e9rieure \u00e0 3,50\u00a0m, en combinaison avec une tente Thule, afin d\u2019am\u00e9liorer la stabilit\u00e9 du store.Gr\u00e2ce au syst\u00e8me Quick-Lock [&hellip;]<\/p>\n","protected":false},"featured_media":45330,"template":"","meta":{"_acf_changed":false},"product_featured_cat":[],"product_brand":[3046],"product_cat":[4227],"product_tag":[],"class_list":{"0":"post-45332","1":"product","2":"type-product","3":"status-publish","4":"has-post-thumbnail","6":"product_brand-thule","7":"product_cat-fixations-de-store","9":"first","10":"instock","11":"taxable","12":"shipping-taxable","13":"purchasable","14":"product-type-simple"},"acf":[],"yoast_head":"<!-- This site is optimized with the Yoast SEO plugin v27.4 - https:\/\/yoast.com\/product\/yoast-seo-wordpress\/ -->\n<title>Pied de marquise suppl\u00e9m. pour marquises \u00e0 partir de 3,75 m - Bantam Wankm\u00fcller SA<\/title>\n<meta name=\"robots\" content=\"index, follow, max-snippet:-1, max-image-preview:large, max-video-preview:-1\" \/>\n<link rel=\"canonical\" href=\"https:\/\/shop.bantam.ch\/fr\/produit\/pied-de-store-supplementaire-pour-store-banne-a-partir-de-35-m\/\" \/>\n<meta property=\"og:locale\" content=\"fr_FR\" \/>\n<meta property=\"og:type\" content=\"article\" \/>\n<meta property=\"og:title\" content=\"Pied de marquise suppl\u00e9m. pour marquises \u00e0 partir de 3,75 m - Bantam Wankm\u00fcller SA\" \/>\n<meta property=\"og:description\" content=\"Les stores Thule Omnistor de toutes les longueurs disposent d&rsquo;une attache int\u00e9gr\u00e9e pour un troisi\u00e8me pied en option de mani\u00e8re \u00e0 obtenir une meilleure stabilit\u00e9. Il est recommand\u00e9 d\u2019utiliser le troisi\u00e8me pied pour un store d\u2019une longueur sup\u00e9rieure \u00e0 3,50\u00a0m, en combinaison avec une tente Thule, afin d\u2019am\u00e9liorer la stabilit\u00e9 du store.Gr\u00e2ce au syst\u00e8me Quick-Lock [&hellip;]\" \/>\n<meta property=\"og:url\" content=\"https:\/\/shop.bantam.ch\/fr\/produit\/pied-de-store-supplementaire-pour-store-banne-a-partir-de-35-m\/\" \/>\n<meta property=\"og:site_name\" content=\"Bantam Wankm\u00fcller SA\" \/>\n<meta property=\"article:modified_time\" content=\"2026-04-18T19:07:05+00:00\" \/>\n<meta property=\"og:image\" content=\"https:\/\/shop.bantam.ch\/wp-content\/uploads\/2023\/02\/9909625-100-1-3-1-scaled.jpg\" \/>\n\t<meta property=\"og:image:width\" content=\"4367\" \/>\n\t<meta property=\"og:image:height\" content=\"3272\" \/>\n\t<meta property=\"og:image:type\" content=\"image\/jpeg\" \/>\n<meta name=\"twitter:card\" content=\"summary_large_image\" \/>\n<script type=\"application\/ld+json\" class=\"yoast-schema-graph\">{\"@context\":\"https:\\\/\\\/schema.org\",\"@graph\":[{\"@type\":\"WebPage\",\"@id\":\"https:\\\/\\\/shop.bantam.ch\\\/fr\\\/produit\\\/pied-de-store-supplementaire-pour-store-banne-a-partir-de-35-m\\\/\",\"url\":\"https:\\\/\\\/shop.bantam.ch\\\/fr\\\/produit\\\/pied-de-store-supplementaire-pour-store-banne-a-partir-de-35-m\\\/\",\"name\":\"Pied de marquise suppl\u00e9m. pour marquises \u00e0 partir de 3,75 m - Bantam Wankm\u00fcller SA\",\"isPartOf\":{\"@id\":\"https:\\\/\\\/shop.bantam.ch\\\/fr\\\/#website\"},\"primaryImageOfPage\":{\"@id\":\"https:\\\/\\\/shop.bantam.ch\\\/fr\\\/produit\\\/pied-de-store-supplementaire-pour-store-banne-a-partir-de-35-m\\\/#primaryimage\"},\"image\":{\"@id\":\"https:\\\/\\\/shop.bantam.ch\\\/fr\\\/produit\\\/pied-de-store-supplementaire-pour-store-banne-a-partir-de-35-m\\\/#primaryimage\"},\"thumbnailUrl\":\"https:\\\/\\\/shop.bantam.ch\\\/wp-content\\\/uploads\\\/2023\\\/02\\\/9909625-100-1-3-1-scaled.jpg\",\"datePublished\":\"2023-02-23T11:20:19+00:00\",\"dateModified\":\"2026-04-18T19:07:05+00:00\",\"breadcrumb\":{\"@id\":\"https:\\\/\\\/shop.bantam.ch\\\/fr\\\/produit\\\/pied-de-store-supplementaire-pour-store-banne-a-partir-de-35-m\\\/#breadcrumb\"},\"inLanguage\":\"fr-FR\",\"potentialAction\":[{\"@type\":\"ReadAction\",\"target\":[\"https:\\\/\\\/shop.bantam.ch\\\/fr\\\/produit\\\/pied-de-store-supplementaire-pour-store-banne-a-partir-de-35-m\\\/\"]}]},{\"@type\":\"ImageObject\",\"inLanguage\":\"fr-FR\",\"@id\":\"https:\\\/\\\/shop.bantam.ch\\\/fr\\\/produit\\\/pied-de-store-supplementaire-pour-store-banne-a-partir-de-35-m\\\/#primaryimage\",\"url\":\"https:\\\/\\\/shop.bantam.ch\\\/wp-content\\\/uploads\\\/2023\\\/02\\\/9909625-100-1-3-1-scaled.jpg\",\"contentUrl\":\"https:\\\/\\\/shop.bantam.ch\\\/wp-content\\\/uploads\\\/2023\\\/02\\\/9909625-100-1-3-1-scaled.jpg\",\"width\":2048,\"height\":1534},{\"@type\":\"BreadcrumbList\",\"@id\":\"https:\\\/\\\/shop.bantam.ch\\\/fr\\\/produit\\\/pied-de-store-supplementaire-pour-store-banne-a-partir-de-35-m\\\/#breadcrumb\",\"itemListElement\":[{\"@type\":\"ListItem\",\"position\":1,\"name\":\"Accueil\",\"item\":\"https:\\\/\\\/shop.bantam.ch\\\/fr\\\/\"},{\"@type\":\"ListItem\",\"position\":2,\"name\":\"Boutique\",\"item\":\"https:\\\/\\\/shop.bantam.ch\\\/fr\\\/boutique\\\/\"},{\"@type\":\"ListItem\",\"position\":3,\"name\":\"Pied de marquise suppl\u00e9m. pour marquises \u00e0 partir de 3,75 m\"}]},{\"@type\":\"WebSite\",\"@id\":\"https:\\\/\\\/shop.bantam.ch\\\/fr\\\/#website\",\"url\":\"https:\\\/\\\/shop.bantam.ch\\\/fr\\\/\",\"name\":\"Bantam Wankm\u00fcller SA\",\"description\":\"\",\"publisher\":{\"@id\":\"https:\\\/\\\/shop.bantam.ch\\\/fr\\\/#organization\"},\"inLanguage\":\"fr-FR\"},{\"@type\":\"Organization\",\"@id\":\"https:\\\/\\\/shop.bantam.ch\\\/fr\\\/#organization\",\"name\":\"Bantam Wankm\u00fcller SA\",\"url\":\"https:\\\/\\\/shop.bantam.ch\\\/fr\\\/\",\"logo\":{\"@type\":\"ImageObject\",\"inLanguage\":\"fr-FR\",\"@id\":\"https:\\\/\\\/shop.bantam.ch\\\/fr\\\/#\\\/schema\\\/logo\\\/image\\\/\",\"url\":\"https:\\\/\\\/shop.bantam.ch\\\/wp-content\\\/uploads\\\/2022\\\/12\\\/bantam-logo.png\",\"contentUrl\":\"https:\\\/\\\/shop.bantam.ch\\\/wp-content\\\/uploads\\\/2022\\\/12\\\/bantam-logo.png\",\"width\":320,\"height\":71,\"caption\":\"Bantam Wankm\u00fcller SA\"},\"image\":{\"@id\":\"https:\\\/\\\/shop.bantam.ch\\\/fr\\\/#\\\/schema\\\/logo\\\/image\\\/\"}}]}<\/script>\n<!-- \/ Yoast SEO plugin. -->","yoast_head_json":{"title":"Pied de marquise suppl\u00e9m. pour marquises \u00e0 partir de 3,75 m - Bantam Wankm\u00fcller SA","robots":{"index":"index","follow":"follow","max-snippet":"max-snippet:-1","max-image-preview":"max-image-preview:large","max-video-preview":"max-video-preview:-1"},"canonical":"https:\/\/shop.bantam.ch\/fr\/produit\/pied-de-store-supplementaire-pour-store-banne-a-partir-de-35-m\/","og_locale":"fr_FR","og_type":"article","og_title":"Pied de marquise suppl\u00e9m. pour marquises \u00e0 partir de 3,75 m - Bantam Wankm\u00fcller SA","og_description":"Les stores Thule Omnistor de toutes les longueurs disposent d&rsquo;une attache int\u00e9gr\u00e9e pour un troisi\u00e8me pied en option de mani\u00e8re \u00e0 obtenir une meilleure stabilit\u00e9. Il est recommand\u00e9 d\u2019utiliser le troisi\u00e8me pied pour un store d\u2019une longueur sup\u00e9rieure \u00e0 3,50\u00a0m, en combinaison avec une tente Thule, afin d\u2019am\u00e9liorer la stabilit\u00e9 du store.Gr\u00e2ce au syst\u00e8me Quick-Lock [&hellip;]","og_url":"https:\/\/shop.bantam.ch\/fr\/produit\/pied-de-store-supplementaire-pour-store-banne-a-partir-de-35-m\/","og_site_name":"Bantam Wankm\u00fcller SA","article_modified_time":"2026-04-18T19:07:05+00:00","og_image":[{"width":4367,"height":3272,"url":"https:\/\/shop.bantam.ch\/wp-content\/uploads\/2023\/02\/9909625-100-1-3-1-scaled.jpg","type":"image\/jpeg"}],"twitter_card":"summary_large_image","schema":{"@context":"https:\/\/schema.org","@graph":[{"@type":"WebPage","@id":"https:\/\/shop.bantam.ch\/fr\/produit\/pied-de-store-supplementaire-pour-store-banne-a-partir-de-35-m\/","url":"https:\/\/shop.bantam.ch\/fr\/produit\/pied-de-store-supplementaire-pour-store-banne-a-partir-de-35-m\/","name":"Pied de marquise suppl\u00e9m. pour marquises \u00e0 partir de 3,75 m - Bantam Wankm\u00fcller SA","isPartOf":{"@id":"https:\/\/shop.bantam.ch\/fr\/#website"},"primaryImageOfPage":{"@id":"https:\/\/shop.bantam.ch\/fr\/produit\/pied-de-store-supplementaire-pour-store-banne-a-partir-de-35-m\/#primaryimage"},"image":{"@id":"https:\/\/shop.bantam.ch\/fr\/produit\/pied-de-store-supplementaire-pour-store-banne-a-partir-de-35-m\/#primaryimage"},"thumbnailUrl":"https:\/\/shop.bantam.ch\/wp-content\/uploads\/2023\/02\/9909625-100-1-3-1-scaled.jpg","datePublished":"2023-02-23T11:20:19+00:00","dateModified":"2026-04-18T19:07:05+00:00","breadcrumb":{"@id":"https:\/\/shop.bantam.ch\/fr\/produit\/pied-de-store-supplementaire-pour-store-banne-a-partir-de-35-m\/#breadcrumb"},"inLanguage":"fr-FR","potentialAction":[{"@type":"ReadAction","target":["https:\/\/shop.bantam.ch\/fr\/produit\/pied-de-store-supplementaire-pour-store-banne-a-partir-de-35-m\/"]}]},{"@type":"ImageObject","inLanguage":"fr-FR","@id":"https:\/\/shop.bantam.ch\/fr\/produit\/pied-de-store-supplementaire-pour-store-banne-a-partir-de-35-m\/#primaryimage","url":"https:\/\/shop.bantam.ch\/wp-content\/uploads\/2023\/02\/9909625-100-1-3-1-scaled.jpg","contentUrl":"https:\/\/shop.bantam.ch\/wp-content\/uploads\/2023\/02\/9909625-100-1-3-1-scaled.jpg","width":2048,"height":1534},{"@type":"BreadcrumbList","@id":"https:\/\/shop.bantam.ch\/fr\/produit\/pied-de-store-supplementaire-pour-store-banne-a-partir-de-35-m\/#breadcrumb","itemListElement":[{"@type":"ListItem","position":1,"name":"Accueil","item":"https:\/\/shop.bantam.ch\/fr\/"},{"@type":"ListItem","position":2,"name":"Boutique","item":"https:\/\/shop.bantam.ch\/fr\/boutique\/"},{"@type":"ListItem","position":3,"name":"Pied de marquise suppl\u00e9m. pour marquises \u00e0 partir de 3,75 m"}]},{"@type":"WebSite","@id":"https:\/\/shop.bantam.ch\/fr\/#website","url":"https:\/\/shop.bantam.ch\/fr\/","name":"Bantam Wankm\u00fcller SA","description":"","publisher":{"@id":"https:\/\/shop.bantam.ch\/fr\/#organization"},"inLanguage":"fr-FR"},{"@type":"Organization","@id":"https:\/\/shop.bantam.ch\/fr\/#organization","name":"Bantam Wankm\u00fcller SA","url":"https:\/\/shop.bantam.ch\/fr\/","logo":{"@type":"ImageObject","inLanguage":"fr-FR","@id":"https:\/\/shop.bantam.ch\/fr\/#\/schema\/logo\/image\/","url":"https:\/\/shop.bantam.ch\/wp-content\/uploads\/2022\/12\/bantam-logo.png","contentUrl":"https:\/\/shop.bantam.ch\/wp-content\/uploads\/2022\/12\/bantam-logo.png","width":320,"height":71,"caption":"Bantam Wankm\u00fcller SA"},"image":{"@id":"https:\/\/shop.bantam.ch\/fr\/#\/schema\/logo\/image\/"}}]}},"_links":{"self":[{"href":"https:\/\/shop.bantam.ch\/fr\/wp-json\/wp\/v2\/product\/45332","targetHints":{"allow":["GET"]}}],"collection":[{"href":"https:\/\/shop.bantam.ch\/fr\/wp-json\/wp\/v2\/product"}],"about":[{"href":"https:\/\/shop.bantam.ch\/fr\/wp-json\/wp\/v2\/types\/product"}],"wp:featuredmedia":[{"embeddable":true,"href":"https:\/\/shop.bantam.ch\/fr\/wp-json\/wp\/v2\/media\/45330"}],"wp:attachment":[{"href":"https:\/\/shop.bantam.ch\/fr\/wp-json\/wp\/v2\/media?parent=45332"}],"wp:term":[{"taxonomy":"product_featured_cat","embeddable":true,"href":"https:\/\/shop.bantam.ch\/fr\/wp-json\/wp\/v2\/product_featured_cat?post=45332"},{"taxonomy":"product_brand","embeddable":true,"href":"https:\/\/shop.bantam.ch\/fr\/wp-json\/wp\/v2\/product_brand?post=45332"},{"taxonomy":"product_cat","embeddable":true,"href":"https:\/\/shop.bantam.ch\/fr\/wp-json\/wp\/v2\/product_cat?post=45332"},{"taxonomy":"product_tag","embeddable":true,"href":"https:\/\/shop.bantam.ch\/fr\/wp-json\/wp\/v2\/product_tag?post=45332"}],"curies":[{"name":"wp","href":"https:\/\/api.w.org\/{rel}","templated":true}]}}