{"id":45308,"date":"2023-02-23T12:19:50","date_gmt":"2023-02-23T11:19:50","guid":{"rendered":"http:\/\/preprod-dev.sh1.hidora.com\/webshop\/produit\/tapis-en-caoutchouc-pour-ford-transit-chassis-a-partir-de-07-2014\/"},"modified":"2026-04-18T21:06:58","modified_gmt":"2026-04-18T19:06:58","slug":"tapis-en-caoutchouc-pour-ford-transit-chassis-a-partir-de-07-2014","status":"publish","type":"product","link":"https:\/\/shop.bantam.ch\/fr\/produit\/tapis-en-caoutchouc-pour-ford-transit-chassis-a-partir-de-07-2014\/","title":{"rendered":"Tapis de sol plastique anthracite, pr Ford Transit depuis 07\/14"},"content":{"rendered":"<p>Les tapis dans la cabine conducteur emp\u00eachent l&rsquo;encrassement et <br \/>l&rsquo;usure des sols en PVC d&rsquo;origine ou des pr\u00e9cieux tapis en velours.<br \/>Les tapis sont faciles \u00e0 enlever, peuvent \u00eatre secou\u00e9s, aspir\u00e9s et m\u00eame nettoy\u00e9s avec un appareil haute pression. Dans le cas de tapis de sol textiles, un rev\u00eatement antid\u00e9rapant et imperm\u00e9able \u00e0 l&rsquo;eau sur le dos emp\u00eache l&rsquo;humidit\u00e9 de p\u00e9n\u00e9trer dans le rev\u00eatement de plancher d\u2019origine.<\/p>\n<ul>\n<li>D\u00e9coupe universelle<\/li>\n<\/ul>\n","protected":false},"excerpt":{"rendered":"<p>Les tapis dans la cabine conducteur emp\u00eachent l&rsquo;encrassement et l&rsquo;usure des sols en PVC d&rsquo;origine ou des pr\u00e9cieux tapis en velours.Les tapis sont faciles \u00e0 enlever, peuvent \u00eatre secou\u00e9s, aspir\u00e9s et m\u00eame nettoy\u00e9s avec un appareil haute pression. Dans le cas de tapis de sol textiles, un rev\u00eatement antid\u00e9rapant et imperm\u00e9able \u00e0 l&rsquo;eau sur le [&hellip;]<\/p>\n","protected":false},"featured_media":45304,"template":"","meta":{"_acf_changed":false},"product_featured_cat":[],"product_brand":[3316],"product_cat":[4685],"product_tag":[],"class_list":{"0":"post-45308","1":"product","2":"type-product","3":"status-publish","4":"has-post-thumbnail","6":"product_brand-art","7":"product_cat-tapis-de-cabine","9":"first","10":"instock","11":"taxable","12":"shipping-taxable","13":"purchasable","14":"product-type-simple"},"acf":[],"yoast_head":"<!-- This site is optimized with the Yoast SEO plugin v27.4 - https:\/\/yoast.com\/product\/yoast-seo-wordpress\/ -->\n<title>Tapis de sol plastique anthracite, pr Ford Transit depuis 07\/14 - Bantam Wankm\u00fcller SA<\/title>\n<meta name=\"robots\" content=\"index, follow, max-snippet:-1, max-image-preview:large, max-video-preview:-1\" \/>\n<link rel=\"canonical\" href=\"https:\/\/shop.bantam.ch\/fr\/produit\/tapis-en-caoutchouc-pour-ford-transit-chassis-a-partir-de-07-2014\/\" \/>\n<meta property=\"og:locale\" content=\"fr_FR\" \/>\n<meta property=\"og:type\" content=\"article\" \/>\n<meta property=\"og:title\" content=\"Tapis de sol plastique anthracite, pr Ford Transit depuis 07\/14 - Bantam Wankm\u00fcller SA\" \/>\n<meta property=\"og:description\" content=\"Les tapis dans la cabine conducteur emp\u00eachent l&rsquo;encrassement et l&rsquo;usure des sols en PVC d&rsquo;origine ou des pr\u00e9cieux tapis en velours.Les tapis sont faciles \u00e0 enlever, peuvent \u00eatre secou\u00e9s, aspir\u00e9s et m\u00eame nettoy\u00e9s avec un appareil haute pression. Dans le cas de tapis de sol textiles, un rev\u00eatement antid\u00e9rapant et imperm\u00e9able \u00e0 l&rsquo;eau sur le [&hellip;]\" \/>\n<meta property=\"og:url\" content=\"https:\/\/shop.bantam.ch\/fr\/produit\/tapis-en-caoutchouc-pour-ford-transit-chassis-a-partir-de-07-2014\/\" \/>\n<meta property=\"og:site_name\" content=\"Bantam Wankm\u00fcller SA\" \/>\n<meta property=\"article:modified_time\" content=\"2026-04-18T19:06:58+00:00\" \/>\n<meta property=\"og:image\" content=\"https:\/\/shop.bantam.ch\/wp-content\/uploads\/2023\/02\/99172984011-1.jpg\" \/>\n\t<meta property=\"og:image:width\" content=\"1000\" \/>\n\t<meta property=\"og:image:height\" content=\"593\" \/>\n\t<meta property=\"og:image:type\" content=\"image\/jpeg\" \/>\n<meta name=\"twitter:card\" content=\"summary_large_image\" \/>\n<script type=\"application\/ld+json\" class=\"yoast-schema-graph\">{\"@context\":\"https:\\\/\\\/schema.org\",\"@graph\":[{\"@type\":\"WebPage\",\"@id\":\"https:\\\/\\\/shop.bantam.ch\\\/fr\\\/produit\\\/tapis-en-caoutchouc-pour-ford-transit-chassis-a-partir-de-07-2014\\\/\",\"url\":\"https:\\\/\\\/shop.bantam.ch\\\/fr\\\/produit\\\/tapis-en-caoutchouc-pour-ford-transit-chassis-a-partir-de-07-2014\\\/\",\"name\":\"Tapis de sol plastique anthracite, pr Ford Transit depuis 07\\\/14 - Bantam Wankm\u00fcller SA\",\"isPartOf\":{\"@id\":\"https:\\\/\\\/shop.bantam.ch\\\/fr\\\/#website\"},\"primaryImageOfPage\":{\"@id\":\"https:\\\/\\\/shop.bantam.ch\\\/fr\\\/produit\\\/tapis-en-caoutchouc-pour-ford-transit-chassis-a-partir-de-07-2014\\\/#primaryimage\"},\"image\":{\"@id\":\"https:\\\/\\\/shop.bantam.ch\\\/fr\\\/produit\\\/tapis-en-caoutchouc-pour-ford-transit-chassis-a-partir-de-07-2014\\\/#primaryimage\"},\"thumbnailUrl\":\"https:\\\/\\\/shop.bantam.ch\\\/wp-content\\\/uploads\\\/2023\\\/02\\\/99172984011-1.jpg\",\"datePublished\":\"2023-02-23T11:19:50+00:00\",\"dateModified\":\"2026-04-18T19:06:58+00:00\",\"breadcrumb\":{\"@id\":\"https:\\\/\\\/shop.bantam.ch\\\/fr\\\/produit\\\/tapis-en-caoutchouc-pour-ford-transit-chassis-a-partir-de-07-2014\\\/#breadcrumb\"},\"inLanguage\":\"fr-FR\",\"potentialAction\":[{\"@type\":\"ReadAction\",\"target\":[\"https:\\\/\\\/shop.bantam.ch\\\/fr\\\/produit\\\/tapis-en-caoutchouc-pour-ford-transit-chassis-a-partir-de-07-2014\\\/\"]}]},{\"@type\":\"ImageObject\",\"inLanguage\":\"fr-FR\",\"@id\":\"https:\\\/\\\/shop.bantam.ch\\\/fr\\\/produit\\\/tapis-en-caoutchouc-pour-ford-transit-chassis-a-partir-de-07-2014\\\/#primaryimage\",\"url\":\"https:\\\/\\\/shop.bantam.ch\\\/wp-content\\\/uploads\\\/2023\\\/02\\\/99172984011-1.jpg\",\"contentUrl\":\"https:\\\/\\\/shop.bantam.ch\\\/wp-content\\\/uploads\\\/2023\\\/02\\\/99172984011-1.jpg\",\"width\":1000,\"height\":593},{\"@type\":\"BreadcrumbList\",\"@id\":\"https:\\\/\\\/shop.bantam.ch\\\/fr\\\/produit\\\/tapis-en-caoutchouc-pour-ford-transit-chassis-a-partir-de-07-2014\\\/#breadcrumb\",\"itemListElement\":[{\"@type\":\"ListItem\",\"position\":1,\"name\":\"Accueil\",\"item\":\"https:\\\/\\\/shop.bantam.ch\\\/fr\\\/\"},{\"@type\":\"ListItem\",\"position\":2,\"name\":\"Boutique\",\"item\":\"https:\\\/\\\/shop.bantam.ch\\\/fr\\\/boutique\\\/\"},{\"@type\":\"ListItem\",\"position\":3,\"name\":\"Tapis de sol plastique anthracite, pr Ford Transit depuis 07\\\/14\"}]},{\"@type\":\"WebSite\",\"@id\":\"https:\\\/\\\/shop.bantam.ch\\\/fr\\\/#website\",\"url\":\"https:\\\/\\\/shop.bantam.ch\\\/fr\\\/\",\"name\":\"Bantam Wankm\u00fcller SA\",\"description\":\"\",\"publisher\":{\"@id\":\"https:\\\/\\\/shop.bantam.ch\\\/fr\\\/#organization\"},\"inLanguage\":\"fr-FR\"},{\"@type\":\"Organization\",\"@id\":\"https:\\\/\\\/shop.bantam.ch\\\/fr\\\/#organization\",\"name\":\"Bantam Wankm\u00fcller SA\",\"url\":\"https:\\\/\\\/shop.bantam.ch\\\/fr\\\/\",\"logo\":{\"@type\":\"ImageObject\",\"inLanguage\":\"fr-FR\",\"@id\":\"https:\\\/\\\/shop.bantam.ch\\\/fr\\\/#\\\/schema\\\/logo\\\/image\\\/\",\"url\":\"https:\\\/\\\/shop.bantam.ch\\\/wp-content\\\/uploads\\\/2022\\\/12\\\/bantam-logo.png\",\"contentUrl\":\"https:\\\/\\\/shop.bantam.ch\\\/wp-content\\\/uploads\\\/2022\\\/12\\\/bantam-logo.png\",\"width\":320,\"height\":71,\"caption\":\"Bantam Wankm\u00fcller SA\"},\"image\":{\"@id\":\"https:\\\/\\\/shop.bantam.ch\\\/fr\\\/#\\\/schema\\\/logo\\\/image\\\/\"}}]}<\/script>\n<!-- \/ Yoast SEO plugin. -->","yoast_head_json":{"title":"Tapis de sol plastique anthracite, pr Ford Transit depuis 07\/14 - Bantam Wankm\u00fcller SA","robots":{"index":"index","follow":"follow","max-snippet":"max-snippet:-1","max-image-preview":"max-image-preview:large","max-video-preview":"max-video-preview:-1"},"canonical":"https:\/\/shop.bantam.ch\/fr\/produit\/tapis-en-caoutchouc-pour-ford-transit-chassis-a-partir-de-07-2014\/","og_locale":"fr_FR","og_type":"article","og_title":"Tapis de sol plastique anthracite, pr Ford Transit depuis 07\/14 - Bantam Wankm\u00fcller SA","og_description":"Les tapis dans la cabine conducteur emp\u00eachent l&rsquo;encrassement et l&rsquo;usure des sols en PVC d&rsquo;origine ou des pr\u00e9cieux tapis en velours.Les tapis sont faciles \u00e0 enlever, peuvent \u00eatre secou\u00e9s, aspir\u00e9s et m\u00eame nettoy\u00e9s avec un appareil haute pression. Dans le cas de tapis de sol textiles, un rev\u00eatement antid\u00e9rapant et imperm\u00e9able \u00e0 l&rsquo;eau sur le [&hellip;]","og_url":"https:\/\/shop.bantam.ch\/fr\/produit\/tapis-en-caoutchouc-pour-ford-transit-chassis-a-partir-de-07-2014\/","og_site_name":"Bantam Wankm\u00fcller SA","article_modified_time":"2026-04-18T19:06:58+00:00","og_image":[{"width":1000,"height":593,"url":"https:\/\/shop.bantam.ch\/wp-content\/uploads\/2023\/02\/99172984011-1.jpg","type":"image\/jpeg"}],"twitter_card":"summary_large_image","schema":{"@context":"https:\/\/schema.org","@graph":[{"@type":"WebPage","@id":"https:\/\/shop.bantam.ch\/fr\/produit\/tapis-en-caoutchouc-pour-ford-transit-chassis-a-partir-de-07-2014\/","url":"https:\/\/shop.bantam.ch\/fr\/produit\/tapis-en-caoutchouc-pour-ford-transit-chassis-a-partir-de-07-2014\/","name":"Tapis de sol plastique anthracite, pr Ford Transit depuis 07\/14 - Bantam Wankm\u00fcller SA","isPartOf":{"@id":"https:\/\/shop.bantam.ch\/fr\/#website"},"primaryImageOfPage":{"@id":"https:\/\/shop.bantam.ch\/fr\/produit\/tapis-en-caoutchouc-pour-ford-transit-chassis-a-partir-de-07-2014\/#primaryimage"},"image":{"@id":"https:\/\/shop.bantam.ch\/fr\/produit\/tapis-en-caoutchouc-pour-ford-transit-chassis-a-partir-de-07-2014\/#primaryimage"},"thumbnailUrl":"https:\/\/shop.bantam.ch\/wp-content\/uploads\/2023\/02\/99172984011-1.jpg","datePublished":"2023-02-23T11:19:50+00:00","dateModified":"2026-04-18T19:06:58+00:00","breadcrumb":{"@id":"https:\/\/shop.bantam.ch\/fr\/produit\/tapis-en-caoutchouc-pour-ford-transit-chassis-a-partir-de-07-2014\/#breadcrumb"},"inLanguage":"fr-FR","potentialAction":[{"@type":"ReadAction","target":["https:\/\/shop.bantam.ch\/fr\/produit\/tapis-en-caoutchouc-pour-ford-transit-chassis-a-partir-de-07-2014\/"]}]},{"@type":"ImageObject","inLanguage":"fr-FR","@id":"https:\/\/shop.bantam.ch\/fr\/produit\/tapis-en-caoutchouc-pour-ford-transit-chassis-a-partir-de-07-2014\/#primaryimage","url":"https:\/\/shop.bantam.ch\/wp-content\/uploads\/2023\/02\/99172984011-1.jpg","contentUrl":"https:\/\/shop.bantam.ch\/wp-content\/uploads\/2023\/02\/99172984011-1.jpg","width":1000,"height":593},{"@type":"BreadcrumbList","@id":"https:\/\/shop.bantam.ch\/fr\/produit\/tapis-en-caoutchouc-pour-ford-transit-chassis-a-partir-de-07-2014\/#breadcrumb","itemListElement":[{"@type":"ListItem","position":1,"name":"Accueil","item":"https:\/\/shop.bantam.ch\/fr\/"},{"@type":"ListItem","position":2,"name":"Boutique","item":"https:\/\/shop.bantam.ch\/fr\/boutique\/"},{"@type":"ListItem","position":3,"name":"Tapis de sol plastique anthracite, pr Ford Transit depuis 07\/14"}]},{"@type":"WebSite","@id":"https:\/\/shop.bantam.ch\/fr\/#website","url":"https:\/\/shop.bantam.ch\/fr\/","name":"Bantam Wankm\u00fcller SA","description":"","publisher":{"@id":"https:\/\/shop.bantam.ch\/fr\/#organization"},"inLanguage":"fr-FR"},{"@type":"Organization","@id":"https:\/\/shop.bantam.ch\/fr\/#organization","name":"Bantam Wankm\u00fcller SA","url":"https:\/\/shop.bantam.ch\/fr\/","logo":{"@type":"ImageObject","inLanguage":"fr-FR","@id":"https:\/\/shop.bantam.ch\/fr\/#\/schema\/logo\/image\/","url":"https:\/\/shop.bantam.ch\/wp-content\/uploads\/2022\/12\/bantam-logo.png","contentUrl":"https:\/\/shop.bantam.ch\/wp-content\/uploads\/2022\/12\/bantam-logo.png","width":320,"height":71,"caption":"Bantam Wankm\u00fcller SA"},"image":{"@id":"https:\/\/shop.bantam.ch\/fr\/#\/schema\/logo\/image\/"}}]}},"_links":{"self":[{"href":"https:\/\/shop.bantam.ch\/fr\/wp-json\/wp\/v2\/product\/45308","targetHints":{"allow":["GET"]}}],"collection":[{"href":"https:\/\/shop.bantam.ch\/fr\/wp-json\/wp\/v2\/product"}],"about":[{"href":"https:\/\/shop.bantam.ch\/fr\/wp-json\/wp\/v2\/types\/product"}],"wp:featuredmedia":[{"embeddable":true,"href":"https:\/\/shop.bantam.ch\/fr\/wp-json\/wp\/v2\/media\/45304"}],"wp:attachment":[{"href":"https:\/\/shop.bantam.ch\/fr\/wp-json\/wp\/v2\/media?parent=45308"}],"wp:term":[{"taxonomy":"product_featured_cat","embeddable":true,"href":"https:\/\/shop.bantam.ch\/fr\/wp-json\/wp\/v2\/product_featured_cat?post=45308"},{"taxonomy":"product_brand","embeddable":true,"href":"https:\/\/shop.bantam.ch\/fr\/wp-json\/wp\/v2\/product_brand?post=45308"},{"taxonomy":"product_cat","embeddable":true,"href":"https:\/\/shop.bantam.ch\/fr\/wp-json\/wp\/v2\/product_cat?post=45308"},{"taxonomy":"product_tag","embeddable":true,"href":"https:\/\/shop.bantam.ch\/fr\/wp-json\/wp\/v2\/product_tag?post=45308"}],"curies":[{"name":"wp","href":"https:\/\/api.w.org\/{rel}","templated":true}]}}