{"id":45260,"date":"2023-02-23T12:18:36","date_gmt":"2023-02-23T11:18:36","guid":{"rendered":"http:\/\/preprod-dev.sh1.hidora.com\/webshop\/produit\/systeme-de-rail-darrimage-rail-darrimage-aj-standard\/"},"modified":"2026-04-17T20:55:23","modified_gmt":"2026-04-17T18:55:23","slug":"systeme-de-rail-darrimage-rail-darrimage-aj-standard","status":"publish","type":"product","link":"https:\/\/shop.bantam.ch\/fr\/produit\/systeme-de-rail-darrimage-rail-darrimage-aj-standard\/","title":{"rendered":"Syst\u00e8me de rail d\u2019arrimage &#8211; rail d\u2019arrimage AJ standard"},"content":{"rendered":"<p>Le syst\u00e8me de rails d\u2018arrimage est con\u00e7u sur le principe de la construction modulaire et s\u2018\u00e9tend en fonction de vos besoins.  Un seul rail vous ouvre la voie vers un syst\u00e8me de rangement ing\u00e9nieux et confortable. Montage simple des rails de base par collage, vissage et agrafage. Tous les rails d\u2018arrimage ont une trame de 25 mm. Les \u0153illets d\u2018arrimage peuvent \u00eatre install\u00e9s d\u2018une main \u00e0 n\u2018importe quel endroit du rail. En d\u00e9pla\u00e7ant d\u2018un demi-intervalle, le boulon se bloque lui-m\u00eame dans le rail.<\/p>\n","protected":false},"excerpt":{"rendered":"<p>Le syst\u00e8me de rails d\u2018arrimage est con\u00e7u sur le principe de la construction modulaire et s\u2018\u00e9tend en fonction de vos besoins. Un seul rail vous ouvre la voie vers un syst\u00e8me de rangement ing\u00e9nieux et confortable. Montage simple des rails de base par collage, vissage et agrafage. Tous les rails d\u2018arrimage ont une trame de [&hellip;]<\/p>\n","protected":false},"featured_media":45250,"template":"","meta":{"_acf_changed":false},"product_featured_cat":[],"product_brand":[3148],"product_cat":[5141],"product_tag":[],"class_list":{"0":"post-45260","1":"product","2":"type-product","3":"status-publish","4":"has-post-thumbnail","6":"product_brand-allsafe","7":"product_cat-fixations-de-garage-arriere","9":"first","10":"instock","11":"taxable","12":"shipping-taxable","13":"purchasable","14":"product-type-variable"},"acf":[],"yoast_head":"<!-- This site is optimized with the Yoast SEO plugin v27.4 - https:\/\/yoast.com\/product\/yoast-seo-wordpress\/ -->\n<title>Syst\u00e8me de rail d\u2019arrimage - rail d\u2019arrimage AJ standard - Bantam Wankm\u00fcller SA<\/title>\n<meta name=\"robots\" content=\"index, follow, max-snippet:-1, max-image-preview:large, max-video-preview:-1\" \/>\n<link rel=\"canonical\" href=\"https:\/\/shop.bantam.ch\/fr\/produit\/systeme-de-rail-darrimage-rail-darrimage-aj-standard\/\" \/>\n<meta property=\"og:locale\" content=\"fr_FR\" \/>\n<meta property=\"og:type\" content=\"article\" \/>\n<meta property=\"og:title\" content=\"Syst\u00e8me de rail d\u2019arrimage - rail d\u2019arrimage AJ standard - Bantam Wankm\u00fcller SA\" \/>\n<meta property=\"og:description\" content=\"Le syst\u00e8me de rails d\u2018arrimage est con\u00e7u sur le principe de la construction modulaire et s\u2018\u00e9tend en fonction de vos besoins. Un seul rail vous ouvre la voie vers un syst\u00e8me de rangement ing\u00e9nieux et confortable. Montage simple des rails de base par collage, vissage et agrafage. Tous les rails d\u2018arrimage ont une trame de [&hellip;]\" \/>\n<meta property=\"og:url\" content=\"https:\/\/shop.bantam.ch\/fr\/produit\/systeme-de-rail-darrimage-rail-darrimage-aj-standard\/\" \/>\n<meta property=\"og:site_name\" content=\"Bantam Wankm\u00fcller SA\" \/>\n<meta property=\"article:modified_time\" content=\"2026-04-17T18:55:23+00:00\" \/>\n<meta property=\"og:image\" content=\"https:\/\/shop.bantam.ch\/wp-content\/uploads\/2023\/02\/9939004-Zurrschiene_AJ_Standard-Standard-01-4.jpg\" \/>\n\t<meta property=\"og:image:width\" content=\"1000\" \/>\n\t<meta property=\"og:image:height\" content=\"648\" \/>\n\t<meta property=\"og:image:type\" content=\"image\/jpeg\" \/>\n<meta name=\"twitter:card\" content=\"summary_large_image\" \/>\n<script type=\"application\/ld+json\" class=\"yoast-schema-graph\">{\"@context\":\"https:\\\/\\\/schema.org\",\"@graph\":[{\"@type\":\"WebPage\",\"@id\":\"https:\\\/\\\/shop.bantam.ch\\\/fr\\\/produit\\\/systeme-de-rail-darrimage-rail-darrimage-aj-standard\\\/\",\"url\":\"https:\\\/\\\/shop.bantam.ch\\\/fr\\\/produit\\\/systeme-de-rail-darrimage-rail-darrimage-aj-standard\\\/\",\"name\":\"Syst\u00e8me de rail d\u2019arrimage - rail d\u2019arrimage AJ standard - Bantam Wankm\u00fcller SA\",\"isPartOf\":{\"@id\":\"https:\\\/\\\/shop.bantam.ch\\\/fr\\\/#website\"},\"primaryImageOfPage\":{\"@id\":\"https:\\\/\\\/shop.bantam.ch\\\/fr\\\/produit\\\/systeme-de-rail-darrimage-rail-darrimage-aj-standard\\\/#primaryimage\"},\"image\":{\"@id\":\"https:\\\/\\\/shop.bantam.ch\\\/fr\\\/produit\\\/systeme-de-rail-darrimage-rail-darrimage-aj-standard\\\/#primaryimage\"},\"thumbnailUrl\":\"https:\\\/\\\/shop.bantam.ch\\\/wp-content\\\/uploads\\\/2023\\\/02\\\/9939004-Zurrschiene_AJ_Standard-Standard-01-4.jpg\",\"datePublished\":\"2023-02-23T11:18:36+00:00\",\"dateModified\":\"2026-04-17T18:55:23+00:00\",\"breadcrumb\":{\"@id\":\"https:\\\/\\\/shop.bantam.ch\\\/fr\\\/produit\\\/systeme-de-rail-darrimage-rail-darrimage-aj-standard\\\/#breadcrumb\"},\"inLanguage\":\"fr-FR\",\"potentialAction\":[{\"@type\":\"ReadAction\",\"target\":[\"https:\\\/\\\/shop.bantam.ch\\\/fr\\\/produit\\\/systeme-de-rail-darrimage-rail-darrimage-aj-standard\\\/\"]}]},{\"@type\":\"ImageObject\",\"inLanguage\":\"fr-FR\",\"@id\":\"https:\\\/\\\/shop.bantam.ch\\\/fr\\\/produit\\\/systeme-de-rail-darrimage-rail-darrimage-aj-standard\\\/#primaryimage\",\"url\":\"https:\\\/\\\/shop.bantam.ch\\\/wp-content\\\/uploads\\\/2023\\\/02\\\/9939004-Zurrschiene_AJ_Standard-Standard-01-4.jpg\",\"contentUrl\":\"https:\\\/\\\/shop.bantam.ch\\\/wp-content\\\/uploads\\\/2023\\\/02\\\/9939004-Zurrschiene_AJ_Standard-Standard-01-4.jpg\",\"width\":1000,\"height\":648},{\"@type\":\"BreadcrumbList\",\"@id\":\"https:\\\/\\\/shop.bantam.ch\\\/fr\\\/produit\\\/systeme-de-rail-darrimage-rail-darrimage-aj-standard\\\/#breadcrumb\",\"itemListElement\":[{\"@type\":\"ListItem\",\"position\":1,\"name\":\"Accueil\",\"item\":\"https:\\\/\\\/shop.bantam.ch\\\/fr\\\/\"},{\"@type\":\"ListItem\",\"position\":2,\"name\":\"Boutique\",\"item\":\"https:\\\/\\\/shop.bantam.ch\\\/fr\\\/boutique\\\/\"},{\"@type\":\"ListItem\",\"position\":3,\"name\":\"Syst\u00e8me de rail d\u2019arrimage &#8211; rail d\u2019arrimage AJ standard\"}]},{\"@type\":\"WebSite\",\"@id\":\"https:\\\/\\\/shop.bantam.ch\\\/fr\\\/#website\",\"url\":\"https:\\\/\\\/shop.bantam.ch\\\/fr\\\/\",\"name\":\"Bantam Wankm\u00fcller SA\",\"description\":\"\",\"publisher\":{\"@id\":\"https:\\\/\\\/shop.bantam.ch\\\/fr\\\/#organization\"},\"inLanguage\":\"fr-FR\"},{\"@type\":\"Organization\",\"@id\":\"https:\\\/\\\/shop.bantam.ch\\\/fr\\\/#organization\",\"name\":\"Bantam Wankm\u00fcller SA\",\"url\":\"https:\\\/\\\/shop.bantam.ch\\\/fr\\\/\",\"logo\":{\"@type\":\"ImageObject\",\"inLanguage\":\"fr-FR\",\"@id\":\"https:\\\/\\\/shop.bantam.ch\\\/fr\\\/#\\\/schema\\\/logo\\\/image\\\/\",\"url\":\"https:\\\/\\\/shop.bantam.ch\\\/wp-content\\\/uploads\\\/2022\\\/12\\\/bantam-logo.png\",\"contentUrl\":\"https:\\\/\\\/shop.bantam.ch\\\/wp-content\\\/uploads\\\/2022\\\/12\\\/bantam-logo.png\",\"width\":320,\"height\":71,\"caption\":\"Bantam Wankm\u00fcller SA\"},\"image\":{\"@id\":\"https:\\\/\\\/shop.bantam.ch\\\/fr\\\/#\\\/schema\\\/logo\\\/image\\\/\"}}]}<\/script>\n<!-- \/ Yoast SEO plugin. -->","yoast_head_json":{"title":"Syst\u00e8me de rail d\u2019arrimage - rail d\u2019arrimage AJ standard - Bantam Wankm\u00fcller SA","robots":{"index":"index","follow":"follow","max-snippet":"max-snippet:-1","max-image-preview":"max-image-preview:large","max-video-preview":"max-video-preview:-1"},"canonical":"https:\/\/shop.bantam.ch\/fr\/produit\/systeme-de-rail-darrimage-rail-darrimage-aj-standard\/","og_locale":"fr_FR","og_type":"article","og_title":"Syst\u00e8me de rail d\u2019arrimage - rail d\u2019arrimage AJ standard - Bantam Wankm\u00fcller SA","og_description":"Le syst\u00e8me de rails d\u2018arrimage est con\u00e7u sur le principe de la construction modulaire et s\u2018\u00e9tend en fonction de vos besoins. Un seul rail vous ouvre la voie vers un syst\u00e8me de rangement ing\u00e9nieux et confortable. Montage simple des rails de base par collage, vissage et agrafage. Tous les rails d\u2018arrimage ont une trame de [&hellip;]","og_url":"https:\/\/shop.bantam.ch\/fr\/produit\/systeme-de-rail-darrimage-rail-darrimage-aj-standard\/","og_site_name":"Bantam Wankm\u00fcller SA","article_modified_time":"2026-04-17T18:55:23+00:00","og_image":[{"width":1000,"height":648,"url":"https:\/\/shop.bantam.ch\/wp-content\/uploads\/2023\/02\/9939004-Zurrschiene_AJ_Standard-Standard-01-4.jpg","type":"image\/jpeg"}],"twitter_card":"summary_large_image","schema":{"@context":"https:\/\/schema.org","@graph":[{"@type":"WebPage","@id":"https:\/\/shop.bantam.ch\/fr\/produit\/systeme-de-rail-darrimage-rail-darrimage-aj-standard\/","url":"https:\/\/shop.bantam.ch\/fr\/produit\/systeme-de-rail-darrimage-rail-darrimage-aj-standard\/","name":"Syst\u00e8me de rail d\u2019arrimage - rail d\u2019arrimage AJ standard - Bantam Wankm\u00fcller SA","isPartOf":{"@id":"https:\/\/shop.bantam.ch\/fr\/#website"},"primaryImageOfPage":{"@id":"https:\/\/shop.bantam.ch\/fr\/produit\/systeme-de-rail-darrimage-rail-darrimage-aj-standard\/#primaryimage"},"image":{"@id":"https:\/\/shop.bantam.ch\/fr\/produit\/systeme-de-rail-darrimage-rail-darrimage-aj-standard\/#primaryimage"},"thumbnailUrl":"https:\/\/shop.bantam.ch\/wp-content\/uploads\/2023\/02\/9939004-Zurrschiene_AJ_Standard-Standard-01-4.jpg","datePublished":"2023-02-23T11:18:36+00:00","dateModified":"2026-04-17T18:55:23+00:00","breadcrumb":{"@id":"https:\/\/shop.bantam.ch\/fr\/produit\/systeme-de-rail-darrimage-rail-darrimage-aj-standard\/#breadcrumb"},"inLanguage":"fr-FR","potentialAction":[{"@type":"ReadAction","target":["https:\/\/shop.bantam.ch\/fr\/produit\/systeme-de-rail-darrimage-rail-darrimage-aj-standard\/"]}]},{"@type":"ImageObject","inLanguage":"fr-FR","@id":"https:\/\/shop.bantam.ch\/fr\/produit\/systeme-de-rail-darrimage-rail-darrimage-aj-standard\/#primaryimage","url":"https:\/\/shop.bantam.ch\/wp-content\/uploads\/2023\/02\/9939004-Zurrschiene_AJ_Standard-Standard-01-4.jpg","contentUrl":"https:\/\/shop.bantam.ch\/wp-content\/uploads\/2023\/02\/9939004-Zurrschiene_AJ_Standard-Standard-01-4.jpg","width":1000,"height":648},{"@type":"BreadcrumbList","@id":"https:\/\/shop.bantam.ch\/fr\/produit\/systeme-de-rail-darrimage-rail-darrimage-aj-standard\/#breadcrumb","itemListElement":[{"@type":"ListItem","position":1,"name":"Accueil","item":"https:\/\/shop.bantam.ch\/fr\/"},{"@type":"ListItem","position":2,"name":"Boutique","item":"https:\/\/shop.bantam.ch\/fr\/boutique\/"},{"@type":"ListItem","position":3,"name":"Syst\u00e8me de rail d\u2019arrimage &#8211; rail d\u2019arrimage AJ standard"}]},{"@type":"WebSite","@id":"https:\/\/shop.bantam.ch\/fr\/#website","url":"https:\/\/shop.bantam.ch\/fr\/","name":"Bantam Wankm\u00fcller SA","description":"","publisher":{"@id":"https:\/\/shop.bantam.ch\/fr\/#organization"},"inLanguage":"fr-FR"},{"@type":"Organization","@id":"https:\/\/shop.bantam.ch\/fr\/#organization","name":"Bantam Wankm\u00fcller SA","url":"https:\/\/shop.bantam.ch\/fr\/","logo":{"@type":"ImageObject","inLanguage":"fr-FR","@id":"https:\/\/shop.bantam.ch\/fr\/#\/schema\/logo\/image\/","url":"https:\/\/shop.bantam.ch\/wp-content\/uploads\/2022\/12\/bantam-logo.png","contentUrl":"https:\/\/shop.bantam.ch\/wp-content\/uploads\/2022\/12\/bantam-logo.png","width":320,"height":71,"caption":"Bantam Wankm\u00fcller SA"},"image":{"@id":"https:\/\/shop.bantam.ch\/fr\/#\/schema\/logo\/image\/"}}]}},"_links":{"self":[{"href":"https:\/\/shop.bantam.ch\/fr\/wp-json\/wp\/v2\/product\/45260","targetHints":{"allow":["GET"]}}],"collection":[{"href":"https:\/\/shop.bantam.ch\/fr\/wp-json\/wp\/v2\/product"}],"about":[{"href":"https:\/\/shop.bantam.ch\/fr\/wp-json\/wp\/v2\/types\/product"}],"wp:featuredmedia":[{"embeddable":true,"href":"https:\/\/shop.bantam.ch\/fr\/wp-json\/wp\/v2\/media\/45250"}],"wp:attachment":[{"href":"https:\/\/shop.bantam.ch\/fr\/wp-json\/wp\/v2\/media?parent=45260"}],"wp:term":[{"taxonomy":"product_featured_cat","embeddable":true,"href":"https:\/\/shop.bantam.ch\/fr\/wp-json\/wp\/v2\/product_featured_cat?post=45260"},{"taxonomy":"product_brand","embeddable":true,"href":"https:\/\/shop.bantam.ch\/fr\/wp-json\/wp\/v2\/product_brand?post=45260"},{"taxonomy":"product_cat","embeddable":true,"href":"https:\/\/shop.bantam.ch\/fr\/wp-json\/wp\/v2\/product_cat?post=45260"},{"taxonomy":"product_tag","embeddable":true,"href":"https:\/\/shop.bantam.ch\/fr\/wp-json\/wp\/v2\/product_tag?post=45260"}],"curies":[{"name":"wp","href":"https:\/\/api.w.org\/{rel}","templated":true}]}}