{"id":44954,"date":"2023-02-23T12:11:47","date_gmt":"2023-02-23T11:11:47","guid":{"rendered":"http:\/\/preprod-dev.sh1.hidora.com\/webshop\/produit\/double-prise-usb-coudee-12-24-v-dc-5-v-dc\/"},"modified":"2026-05-06T21:06:29","modified_gmt":"2026-05-06T19:06:29","slug":"double-prise-usb-coudee-12-24-v-dc-5-v-dc","status":"publish","type":"product","link":"https:\/\/shop.bantam.ch\/fr\/produit\/double-prise-usb-coudee-12-24-v-dc-5-v-dc\/","title":{"rendered":"Chargeur double prise USB Pro Car coud\u00e9e 12 &#8211; 24 V DC \/ 5 V DC"},"content":{"rendered":"<p>Double Prise USB coud\u00e9e (2\u2009x\u20092.500 mA), allume-cigare et prise standard de voiture et bateaux pour le chargement et le fonctionnement par exemple de t\u00e9l\u00e9phones portables, de smartphones, de GPS, de lecteurs MP3, d\u2018appareils photo et de tablettes n\u00e9cessitant un courant de charge \u00e9lev\u00e9.<\/p>\n","protected":false},"excerpt":{"rendered":"<p>Double Prise USB coud\u00e9e (2\u2009x\u20092.500 mA), allume-cigare et prise standard de voiture et bateaux pour le chargement et le fonctionnement par exemple de t\u00e9l\u00e9phones portables, de smartphones, de GPS, de lecteurs MP3, d\u2018appareils photo et de tablettes n\u00e9cessitant un courant de charge \u00e9lev\u00e9.<\/p>\n","protected":false},"featured_media":44952,"template":"","meta":{"_acf_changed":false},"product_featured_cat":[],"product_brand":[3104],"product_cat":[4193],"product_tag":[],"class_list":{"0":"post-44954","1":"product","2":"type-product","3":"status-publish","4":"has-post-thumbnail","6":"product_brand-pro-car","7":"product_cat-fiche-12-24-v","9":"first","10":"instock","11":"taxable","12":"shipping-taxable","13":"purchasable","14":"product-type-simple"},"acf":[],"yoast_head":"<!-- This site is optimized with the Yoast SEO plugin v27.5 - https:\/\/yoast.com\/product\/yoast-seo-wordpress\/ -->\n<title>Chargeur double prise USB Pro Car coud\u00e9e 12 - 24 V DC \/ 5 V DC - Bantam<\/title>\n<meta name=\"robots\" content=\"index, follow, max-snippet:-1, max-image-preview:large, max-video-preview:-1\" \/>\n<link rel=\"canonical\" href=\"https:\/\/shop.bantam.ch\/fr\/produit\/double-prise-usb-coudee-12-24-v-dc-5-v-dc\/\" \/>\n<meta property=\"og:locale\" content=\"fr_FR\" \/>\n<meta property=\"og:type\" content=\"article\" \/>\n<meta property=\"og:title\" content=\"Chargeur double prise USB Pro Car coud\u00e9e 12 - 24 V DC \/ 5 V DC - Bantam\" \/>\n<meta property=\"og:description\" content=\"Double Prise USB coud\u00e9e (2\u2009x\u20092.500 mA), allume-cigare et prise standard de voiture et bateaux pour le chargement et le fonctionnement par exemple de t\u00e9l\u00e9phones portables, de smartphones, de GPS, de lecteurs MP3, d\u2018appareils photo et de tablettes n\u00e9cessitant un courant de charge \u00e9lev\u00e9.\" \/>\n<meta property=\"og:url\" content=\"https:\/\/shop.bantam.ch\/fr\/produit\/double-prise-usb-coudee-12-24-v-dc-5-v-dc\/\" \/>\n<meta property=\"og:site_name\" content=\"Bantam\" \/>\n<meta property=\"article:modified_time\" content=\"2026-05-06T19:06:29+00:00\" \/>\n<meta property=\"og:image\" content=\"https:\/\/shop.bantam.ch\/wp-content\/uploads\/2023\/02\/9917404-Winkelbaerer_Doppel_USB_Ladestecker_12_-_24_V_DC_5_V_DC-Standard-01-1.jpg\" \/>\n\t<meta property=\"og:image:width\" content=\"1000\" \/>\n\t<meta property=\"og:image:height\" content=\"512\" \/>\n\t<meta property=\"og:image:type\" content=\"image\/jpeg\" \/>\n<meta name=\"twitter:card\" content=\"summary_large_image\" \/>\n<script type=\"application\/ld+json\" class=\"yoast-schema-graph\">{\"@context\":\"https:\\\/\\\/schema.org\",\"@graph\":[{\"@type\":\"WebPage\",\"@id\":\"https:\\\/\\\/shop.bantam.ch\\\/fr\\\/produit\\\/double-prise-usb-coudee-12-24-v-dc-5-v-dc\\\/\",\"url\":\"https:\\\/\\\/shop.bantam.ch\\\/fr\\\/produit\\\/double-prise-usb-coudee-12-24-v-dc-5-v-dc\\\/\",\"name\":\"Chargeur double prise USB Pro Car coud\u00e9e 12 - 24 V DC \\\/ 5 V DC - Bantam\",\"isPartOf\":{\"@id\":\"https:\\\/\\\/shop.bantam.ch\\\/fr\\\/#website\"},\"primaryImageOfPage\":{\"@id\":\"https:\\\/\\\/shop.bantam.ch\\\/fr\\\/produit\\\/double-prise-usb-coudee-12-24-v-dc-5-v-dc\\\/#primaryimage\"},\"image\":{\"@id\":\"https:\\\/\\\/shop.bantam.ch\\\/fr\\\/produit\\\/double-prise-usb-coudee-12-24-v-dc-5-v-dc\\\/#primaryimage\"},\"thumbnailUrl\":\"https:\\\/\\\/shop.bantam.ch\\\/wp-content\\\/uploads\\\/2023\\\/02\\\/9917404-Winkelbaerer_Doppel_USB_Ladestecker_12_-_24_V_DC_5_V_DC-Standard-01-1.jpg\",\"datePublished\":\"2023-02-23T11:11:47+00:00\",\"dateModified\":\"2026-05-06T19:06:29+00:00\",\"breadcrumb\":{\"@id\":\"https:\\\/\\\/shop.bantam.ch\\\/fr\\\/produit\\\/double-prise-usb-coudee-12-24-v-dc-5-v-dc\\\/#breadcrumb\"},\"inLanguage\":\"fr-FR\",\"potentialAction\":[{\"@type\":\"ReadAction\",\"target\":[\"https:\\\/\\\/shop.bantam.ch\\\/fr\\\/produit\\\/double-prise-usb-coudee-12-24-v-dc-5-v-dc\\\/\"]}]},{\"@type\":\"ImageObject\",\"inLanguage\":\"fr-FR\",\"@id\":\"https:\\\/\\\/shop.bantam.ch\\\/fr\\\/produit\\\/double-prise-usb-coudee-12-24-v-dc-5-v-dc\\\/#primaryimage\",\"url\":\"https:\\\/\\\/shop.bantam.ch\\\/wp-content\\\/uploads\\\/2023\\\/02\\\/9917404-Winkelbaerer_Doppel_USB_Ladestecker_12_-_24_V_DC_5_V_DC-Standard-01-1.jpg\",\"contentUrl\":\"https:\\\/\\\/shop.bantam.ch\\\/wp-content\\\/uploads\\\/2023\\\/02\\\/9917404-Winkelbaerer_Doppel_USB_Ladestecker_12_-_24_V_DC_5_V_DC-Standard-01-1.jpg\",\"width\":1000,\"height\":512},{\"@type\":\"BreadcrumbList\",\"@id\":\"https:\\\/\\\/shop.bantam.ch\\\/fr\\\/produit\\\/double-prise-usb-coudee-12-24-v-dc-5-v-dc\\\/#breadcrumb\",\"itemListElement\":[{\"@type\":\"ListItem\",\"position\":1,\"name\":\"Accueil\",\"item\":\"https:\\\/\\\/shop.bantam.ch\\\/fr\\\/\"},{\"@type\":\"ListItem\",\"position\":2,\"name\":\"Boutique\",\"item\":\"https:\\\/\\\/shop.bantam.ch\\\/fr\\\/boutique\\\/\"},{\"@type\":\"ListItem\",\"position\":3,\"name\":\"Chargeur double prise USB Pro Car coud\u00e9e 12 &#8211; 24 V DC \\\/ 5 V DC\"}]},{\"@type\":\"WebSite\",\"@id\":\"https:\\\/\\\/shop.bantam.ch\\\/fr\\\/#website\",\"url\":\"https:\\\/\\\/shop.bantam.ch\\\/fr\\\/\",\"name\":\"Bantam\",\"description\":\"\",\"publisher\":{\"@id\":\"https:\\\/\\\/shop.bantam.ch\\\/fr\\\/#organization\"},\"inLanguage\":\"fr-FR\"},{\"@type\":\"Organization\",\"@id\":\"https:\\\/\\\/shop.bantam.ch\\\/fr\\\/#organization\",\"name\":\"Bantam\",\"url\":\"https:\\\/\\\/shop.bantam.ch\\\/fr\\\/\",\"logo\":{\"@type\":\"ImageObject\",\"inLanguage\":\"fr-FR\",\"@id\":\"https:\\\/\\\/shop.bantam.ch\\\/fr\\\/#\\\/schema\\\/logo\\\/image\\\/\",\"url\":\"https:\\\/\\\/shop.bantam.ch\\\/wp-content\\\/uploads\\\/2022\\\/12\\\/bantam-logo.png\",\"contentUrl\":\"https:\\\/\\\/shop.bantam.ch\\\/wp-content\\\/uploads\\\/2022\\\/12\\\/bantam-logo.png\",\"width\":320,\"height\":71,\"caption\":\"Bantam\"},\"image\":{\"@id\":\"https:\\\/\\\/shop.bantam.ch\\\/fr\\\/#\\\/schema\\\/logo\\\/image\\\/\"}}]}<\/script>\n<!-- \/ Yoast SEO plugin. -->","yoast_head_json":{"title":"Chargeur double prise USB Pro Car coud\u00e9e 12 - 24 V DC \/ 5 V DC - Bantam","robots":{"index":"index","follow":"follow","max-snippet":"max-snippet:-1","max-image-preview":"max-image-preview:large","max-video-preview":"max-video-preview:-1"},"canonical":"https:\/\/shop.bantam.ch\/fr\/produit\/double-prise-usb-coudee-12-24-v-dc-5-v-dc\/","og_locale":"fr_FR","og_type":"article","og_title":"Chargeur double prise USB Pro Car coud\u00e9e 12 - 24 V DC \/ 5 V DC - Bantam","og_description":"Double Prise USB coud\u00e9e (2\u2009x\u20092.500 mA), allume-cigare et prise standard de voiture et bateaux pour le chargement et le fonctionnement par exemple de t\u00e9l\u00e9phones portables, de smartphones, de GPS, de lecteurs MP3, d\u2018appareils photo et de tablettes n\u00e9cessitant un courant de charge \u00e9lev\u00e9.","og_url":"https:\/\/shop.bantam.ch\/fr\/produit\/double-prise-usb-coudee-12-24-v-dc-5-v-dc\/","og_site_name":"Bantam","article_modified_time":"2026-05-06T19:06:29+00:00","og_image":[{"width":1000,"height":512,"url":"https:\/\/shop.bantam.ch\/wp-content\/uploads\/2023\/02\/9917404-Winkelbaerer_Doppel_USB_Ladestecker_12_-_24_V_DC_5_V_DC-Standard-01-1.jpg","type":"image\/jpeg"}],"twitter_card":"summary_large_image","schema":{"@context":"https:\/\/schema.org","@graph":[{"@type":"WebPage","@id":"https:\/\/shop.bantam.ch\/fr\/produit\/double-prise-usb-coudee-12-24-v-dc-5-v-dc\/","url":"https:\/\/shop.bantam.ch\/fr\/produit\/double-prise-usb-coudee-12-24-v-dc-5-v-dc\/","name":"Chargeur double prise USB Pro Car coud\u00e9e 12 - 24 V DC \/ 5 V DC - Bantam","isPartOf":{"@id":"https:\/\/shop.bantam.ch\/fr\/#website"},"primaryImageOfPage":{"@id":"https:\/\/shop.bantam.ch\/fr\/produit\/double-prise-usb-coudee-12-24-v-dc-5-v-dc\/#primaryimage"},"image":{"@id":"https:\/\/shop.bantam.ch\/fr\/produit\/double-prise-usb-coudee-12-24-v-dc-5-v-dc\/#primaryimage"},"thumbnailUrl":"https:\/\/shop.bantam.ch\/wp-content\/uploads\/2023\/02\/9917404-Winkelbaerer_Doppel_USB_Ladestecker_12_-_24_V_DC_5_V_DC-Standard-01-1.jpg","datePublished":"2023-02-23T11:11:47+00:00","dateModified":"2026-05-06T19:06:29+00:00","breadcrumb":{"@id":"https:\/\/shop.bantam.ch\/fr\/produit\/double-prise-usb-coudee-12-24-v-dc-5-v-dc\/#breadcrumb"},"inLanguage":"fr-FR","potentialAction":[{"@type":"ReadAction","target":["https:\/\/shop.bantam.ch\/fr\/produit\/double-prise-usb-coudee-12-24-v-dc-5-v-dc\/"]}]},{"@type":"ImageObject","inLanguage":"fr-FR","@id":"https:\/\/shop.bantam.ch\/fr\/produit\/double-prise-usb-coudee-12-24-v-dc-5-v-dc\/#primaryimage","url":"https:\/\/shop.bantam.ch\/wp-content\/uploads\/2023\/02\/9917404-Winkelbaerer_Doppel_USB_Ladestecker_12_-_24_V_DC_5_V_DC-Standard-01-1.jpg","contentUrl":"https:\/\/shop.bantam.ch\/wp-content\/uploads\/2023\/02\/9917404-Winkelbaerer_Doppel_USB_Ladestecker_12_-_24_V_DC_5_V_DC-Standard-01-1.jpg","width":1000,"height":512},{"@type":"BreadcrumbList","@id":"https:\/\/shop.bantam.ch\/fr\/produit\/double-prise-usb-coudee-12-24-v-dc-5-v-dc\/#breadcrumb","itemListElement":[{"@type":"ListItem","position":1,"name":"Accueil","item":"https:\/\/shop.bantam.ch\/fr\/"},{"@type":"ListItem","position":2,"name":"Boutique","item":"https:\/\/shop.bantam.ch\/fr\/boutique\/"},{"@type":"ListItem","position":3,"name":"Chargeur double prise USB Pro Car coud\u00e9e 12 &#8211; 24 V DC \/ 5 V DC"}]},{"@type":"WebSite","@id":"https:\/\/shop.bantam.ch\/fr\/#website","url":"https:\/\/shop.bantam.ch\/fr\/","name":"Bantam","description":"","publisher":{"@id":"https:\/\/shop.bantam.ch\/fr\/#organization"},"inLanguage":"fr-FR"},{"@type":"Organization","@id":"https:\/\/shop.bantam.ch\/fr\/#organization","name":"Bantam","url":"https:\/\/shop.bantam.ch\/fr\/","logo":{"@type":"ImageObject","inLanguage":"fr-FR","@id":"https:\/\/shop.bantam.ch\/fr\/#\/schema\/logo\/image\/","url":"https:\/\/shop.bantam.ch\/wp-content\/uploads\/2022\/12\/bantam-logo.png","contentUrl":"https:\/\/shop.bantam.ch\/wp-content\/uploads\/2022\/12\/bantam-logo.png","width":320,"height":71,"caption":"Bantam"},"image":{"@id":"https:\/\/shop.bantam.ch\/fr\/#\/schema\/logo\/image\/"}}]}},"_links":{"self":[{"href":"https:\/\/shop.bantam.ch\/fr\/wp-json\/wp\/v2\/product\/44954","targetHints":{"allow":["GET"]}}],"collection":[{"href":"https:\/\/shop.bantam.ch\/fr\/wp-json\/wp\/v2\/product"}],"about":[{"href":"https:\/\/shop.bantam.ch\/fr\/wp-json\/wp\/v2\/types\/product"}],"wp:featuredmedia":[{"embeddable":true,"href":"https:\/\/shop.bantam.ch\/fr\/wp-json\/wp\/v2\/media\/44952"}],"wp:attachment":[{"href":"https:\/\/shop.bantam.ch\/fr\/wp-json\/wp\/v2\/media?parent=44954"}],"wp:term":[{"taxonomy":"product_featured_cat","embeddable":true,"href":"https:\/\/shop.bantam.ch\/fr\/wp-json\/wp\/v2\/product_featured_cat?post=44954"},{"taxonomy":"product_brand","embeddable":true,"href":"https:\/\/shop.bantam.ch\/fr\/wp-json\/wp\/v2\/product_brand?post=44954"},{"taxonomy":"product_cat","embeddable":true,"href":"https:\/\/shop.bantam.ch\/fr\/wp-json\/wp\/v2\/product_cat?post=44954"},{"taxonomy":"product_tag","embeddable":true,"href":"https:\/\/shop.bantam.ch\/fr\/wp-json\/wp\/v2\/product_tag?post=44954"}],"curies":[{"name":"wp","href":"https:\/\/api.w.org\/{rel}","templated":true}]}}