{"id":44950,"date":"2023-02-23T12:11:41","date_gmt":"2023-02-23T11:11:41","guid":{"rendered":"http:\/\/preprod-dev.sh1.hidora.com\/webshop\/produit\/prise-a-encastrer-avec-prise-double-power-usb-12-24-v\/"},"modified":"2026-05-01T21:06:15","modified_gmt":"2026-05-01T19:06:15","slug":"prise-a-encastrer-avec-prise-double-power-usb-12-24-v","status":"publish","type":"product","link":"https:\/\/shop.bantam.ch\/fr\/produit\/prise-a-encastrer-avec-prise-double-power-usb-12-24-v\/","title":{"rendered":"Prise montage saillie Pro Car avec prise double Power USB 12 &#8211; 24 V"},"content":{"rendered":"<p>Prise \u00e0 encastrer avec prise double Power USB (2 x 2.500 mA), convertisseur de fr\u00e9quence int\u00e9gr\u00e9 pour charger et faire fonctionner smartphones, appareils de navigation, appareils photos num\u00e9riques, t\u00e9l\u00e9phones portables, lecteurs MP3, appareils photo, tablettes et autres appareils \u00e9lectroniques qui peuvent \u00eatre charg\u00e9s via USB. Fixation au moyen de 2 vis. C\u00e2ble de raccordement d\u2019env. 150 mm, pr\u00e9-confectionn\u00e9.<\/p>\n<p>Contenu de la livraison :<br \/>2 vis fournies<\/p>\n","protected":false},"excerpt":{"rendered":"<p>Prise \u00e0 encastrer avec prise double Power USB (2 x 2.500 mA), convertisseur de fr\u00e9quence int\u00e9gr\u00e9 pour charger et faire fonctionner smartphones, appareils de navigation, appareils photos num\u00e9riques, t\u00e9l\u00e9phones portables, lecteurs MP3, appareils photo, tablettes et autres appareils \u00e9lectroniques qui peuvent \u00eatre charg\u00e9s via USB. Fixation au moyen de 2 vis. C\u00e2ble de raccordement d\u2019env. [&hellip;]<\/p>\n","protected":false},"featured_media":44948,"template":"","meta":{"_acf_changed":false},"product_featured_cat":[],"product_brand":[3104],"product_cat":[4193],"product_tag":[],"class_list":{"0":"post-44950","1":"product","2":"type-product","3":"status-publish","4":"has-post-thumbnail","6":"product_brand-pro-car","7":"product_cat-fiche-12-24-v","9":"first","10":"instock","11":"taxable","12":"shipping-taxable","13":"purchasable","14":"product-type-simple"},"acf":[],"yoast_head":"<!-- This site is optimized with the Yoast SEO plugin v27.5 - https:\/\/yoast.com\/product\/yoast-seo-wordpress\/ -->\n<title>Prise montage saillie Pro Car avec prise double Power USB 12 - 24 V - Bantam<\/title>\n<meta name=\"robots\" content=\"index, follow, max-snippet:-1, max-image-preview:large, max-video-preview:-1\" \/>\n<link rel=\"canonical\" href=\"https:\/\/shop.bantam.ch\/fr\/produit\/prise-a-encastrer-avec-prise-double-power-usb-12-24-v\/\" \/>\n<meta property=\"og:locale\" content=\"fr_FR\" \/>\n<meta property=\"og:type\" content=\"article\" \/>\n<meta property=\"og:title\" content=\"Prise montage saillie Pro Car avec prise double Power USB 12 - 24 V - Bantam\" \/>\n<meta property=\"og:description\" content=\"Prise \u00e0 encastrer avec prise double Power USB (2 x 2.500 mA), convertisseur de fr\u00e9quence int\u00e9gr\u00e9 pour charger et faire fonctionner smartphones, appareils de navigation, appareils photos num\u00e9riques, t\u00e9l\u00e9phones portables, lecteurs MP3, appareils photo, tablettes et autres appareils \u00e9lectroniques qui peuvent \u00eatre charg\u00e9s via USB. Fixation au moyen de 2 vis. C\u00e2ble de raccordement d\u2019env. [&hellip;]\" \/>\n<meta property=\"og:url\" content=\"https:\/\/shop.bantam.ch\/fr\/produit\/prise-a-encastrer-avec-prise-double-power-usb-12-24-v\/\" \/>\n<meta property=\"og:site_name\" content=\"Bantam\" \/>\n<meta property=\"article:modified_time\" content=\"2026-05-01T19:06:15+00:00\" \/>\n<meta property=\"og:image\" content=\"https:\/\/shop.bantam.ch\/wp-content\/uploads\/2023\/02\/9912554-Aufbau-Steckdose_mit_Power_USB_Doppelsteckdose_12-24_V_DC_5_V_DC_5_000_mA_2x_2_500_mA_-Standard-01-1.jpg\" \/>\n\t<meta property=\"og:image:width\" content=\"1000\" \/>\n\t<meta property=\"og:image:height\" content=\"876\" \/>\n\t<meta property=\"og:image:type\" content=\"image\/jpeg\" \/>\n<meta name=\"twitter:card\" content=\"summary_large_image\" \/>\n<script type=\"application\/ld+json\" class=\"yoast-schema-graph\">{\"@context\":\"https:\\\/\\\/schema.org\",\"@graph\":[{\"@type\":\"WebPage\",\"@id\":\"https:\\\/\\\/shop.bantam.ch\\\/fr\\\/produit\\\/prise-a-encastrer-avec-prise-double-power-usb-12-24-v\\\/\",\"url\":\"https:\\\/\\\/shop.bantam.ch\\\/fr\\\/produit\\\/prise-a-encastrer-avec-prise-double-power-usb-12-24-v\\\/\",\"name\":\"Prise montage saillie Pro Car avec prise double Power USB 12 - 24 V - Bantam\",\"isPartOf\":{\"@id\":\"https:\\\/\\\/shop.bantam.ch\\\/fr\\\/#website\"},\"primaryImageOfPage\":{\"@id\":\"https:\\\/\\\/shop.bantam.ch\\\/fr\\\/produit\\\/prise-a-encastrer-avec-prise-double-power-usb-12-24-v\\\/#primaryimage\"},\"image\":{\"@id\":\"https:\\\/\\\/shop.bantam.ch\\\/fr\\\/produit\\\/prise-a-encastrer-avec-prise-double-power-usb-12-24-v\\\/#primaryimage\"},\"thumbnailUrl\":\"https:\\\/\\\/shop.bantam.ch\\\/wp-content\\\/uploads\\\/2023\\\/02\\\/9912554-Aufbau-Steckdose_mit_Power_USB_Doppelsteckdose_12-24_V_DC_5_V_DC_5_000_mA_2x_2_500_mA_-Standard-01-1.jpg\",\"datePublished\":\"2023-02-23T11:11:41+00:00\",\"dateModified\":\"2026-05-01T19:06:15+00:00\",\"breadcrumb\":{\"@id\":\"https:\\\/\\\/shop.bantam.ch\\\/fr\\\/produit\\\/prise-a-encastrer-avec-prise-double-power-usb-12-24-v\\\/#breadcrumb\"},\"inLanguage\":\"fr-FR\",\"potentialAction\":[{\"@type\":\"ReadAction\",\"target\":[\"https:\\\/\\\/shop.bantam.ch\\\/fr\\\/produit\\\/prise-a-encastrer-avec-prise-double-power-usb-12-24-v\\\/\"]}]},{\"@type\":\"ImageObject\",\"inLanguage\":\"fr-FR\",\"@id\":\"https:\\\/\\\/shop.bantam.ch\\\/fr\\\/produit\\\/prise-a-encastrer-avec-prise-double-power-usb-12-24-v\\\/#primaryimage\",\"url\":\"https:\\\/\\\/shop.bantam.ch\\\/wp-content\\\/uploads\\\/2023\\\/02\\\/9912554-Aufbau-Steckdose_mit_Power_USB_Doppelsteckdose_12-24_V_DC_5_V_DC_5_000_mA_2x_2_500_mA_-Standard-01-1.jpg\",\"contentUrl\":\"https:\\\/\\\/shop.bantam.ch\\\/wp-content\\\/uploads\\\/2023\\\/02\\\/9912554-Aufbau-Steckdose_mit_Power_USB_Doppelsteckdose_12-24_V_DC_5_V_DC_5_000_mA_2x_2_500_mA_-Standard-01-1.jpg\",\"width\":1000,\"height\":876},{\"@type\":\"BreadcrumbList\",\"@id\":\"https:\\\/\\\/shop.bantam.ch\\\/fr\\\/produit\\\/prise-a-encastrer-avec-prise-double-power-usb-12-24-v\\\/#breadcrumb\",\"itemListElement\":[{\"@type\":\"ListItem\",\"position\":1,\"name\":\"Accueil\",\"item\":\"https:\\\/\\\/shop.bantam.ch\\\/fr\\\/\"},{\"@type\":\"ListItem\",\"position\":2,\"name\":\"Boutique\",\"item\":\"https:\\\/\\\/shop.bantam.ch\\\/fr\\\/boutique\\\/\"},{\"@type\":\"ListItem\",\"position\":3,\"name\":\"Prise montage saillie Pro Car avec prise double Power USB 12 &#8211; 24 V\"}]},{\"@type\":\"WebSite\",\"@id\":\"https:\\\/\\\/shop.bantam.ch\\\/fr\\\/#website\",\"url\":\"https:\\\/\\\/shop.bantam.ch\\\/fr\\\/\",\"name\":\"Bantam\",\"description\":\"\",\"publisher\":{\"@id\":\"https:\\\/\\\/shop.bantam.ch\\\/fr\\\/#organization\"},\"inLanguage\":\"fr-FR\"},{\"@type\":\"Organization\",\"@id\":\"https:\\\/\\\/shop.bantam.ch\\\/fr\\\/#organization\",\"name\":\"Bantam\",\"url\":\"https:\\\/\\\/shop.bantam.ch\\\/fr\\\/\",\"logo\":{\"@type\":\"ImageObject\",\"inLanguage\":\"fr-FR\",\"@id\":\"https:\\\/\\\/shop.bantam.ch\\\/fr\\\/#\\\/schema\\\/logo\\\/image\\\/\",\"url\":\"https:\\\/\\\/shop.bantam.ch\\\/wp-content\\\/uploads\\\/2022\\\/12\\\/bantam-logo.png\",\"contentUrl\":\"https:\\\/\\\/shop.bantam.ch\\\/wp-content\\\/uploads\\\/2022\\\/12\\\/bantam-logo.png\",\"width\":320,\"height\":71,\"caption\":\"Bantam\"},\"image\":{\"@id\":\"https:\\\/\\\/shop.bantam.ch\\\/fr\\\/#\\\/schema\\\/logo\\\/image\\\/\"}}]}<\/script>\n<!-- \/ Yoast SEO plugin. -->","yoast_head_json":{"title":"Prise montage saillie Pro Car avec prise double Power USB 12 - 24 V - Bantam","robots":{"index":"index","follow":"follow","max-snippet":"max-snippet:-1","max-image-preview":"max-image-preview:large","max-video-preview":"max-video-preview:-1"},"canonical":"https:\/\/shop.bantam.ch\/fr\/produit\/prise-a-encastrer-avec-prise-double-power-usb-12-24-v\/","og_locale":"fr_FR","og_type":"article","og_title":"Prise montage saillie Pro Car avec prise double Power USB 12 - 24 V - Bantam","og_description":"Prise \u00e0 encastrer avec prise double Power USB (2 x 2.500 mA), convertisseur de fr\u00e9quence int\u00e9gr\u00e9 pour charger et faire fonctionner smartphones, appareils de navigation, appareils photos num\u00e9riques, t\u00e9l\u00e9phones portables, lecteurs MP3, appareils photo, tablettes et autres appareils \u00e9lectroniques qui peuvent \u00eatre charg\u00e9s via USB. Fixation au moyen de 2 vis. C\u00e2ble de raccordement d\u2019env. [&hellip;]","og_url":"https:\/\/shop.bantam.ch\/fr\/produit\/prise-a-encastrer-avec-prise-double-power-usb-12-24-v\/","og_site_name":"Bantam","article_modified_time":"2026-05-01T19:06:15+00:00","og_image":[{"width":1000,"height":876,"url":"https:\/\/shop.bantam.ch\/wp-content\/uploads\/2023\/02\/9912554-Aufbau-Steckdose_mit_Power_USB_Doppelsteckdose_12-24_V_DC_5_V_DC_5_000_mA_2x_2_500_mA_-Standard-01-1.jpg","type":"image\/jpeg"}],"twitter_card":"summary_large_image","schema":{"@context":"https:\/\/schema.org","@graph":[{"@type":"WebPage","@id":"https:\/\/shop.bantam.ch\/fr\/produit\/prise-a-encastrer-avec-prise-double-power-usb-12-24-v\/","url":"https:\/\/shop.bantam.ch\/fr\/produit\/prise-a-encastrer-avec-prise-double-power-usb-12-24-v\/","name":"Prise montage saillie Pro Car avec prise double Power USB 12 - 24 V - Bantam","isPartOf":{"@id":"https:\/\/shop.bantam.ch\/fr\/#website"},"primaryImageOfPage":{"@id":"https:\/\/shop.bantam.ch\/fr\/produit\/prise-a-encastrer-avec-prise-double-power-usb-12-24-v\/#primaryimage"},"image":{"@id":"https:\/\/shop.bantam.ch\/fr\/produit\/prise-a-encastrer-avec-prise-double-power-usb-12-24-v\/#primaryimage"},"thumbnailUrl":"https:\/\/shop.bantam.ch\/wp-content\/uploads\/2023\/02\/9912554-Aufbau-Steckdose_mit_Power_USB_Doppelsteckdose_12-24_V_DC_5_V_DC_5_000_mA_2x_2_500_mA_-Standard-01-1.jpg","datePublished":"2023-02-23T11:11:41+00:00","dateModified":"2026-05-01T19:06:15+00:00","breadcrumb":{"@id":"https:\/\/shop.bantam.ch\/fr\/produit\/prise-a-encastrer-avec-prise-double-power-usb-12-24-v\/#breadcrumb"},"inLanguage":"fr-FR","potentialAction":[{"@type":"ReadAction","target":["https:\/\/shop.bantam.ch\/fr\/produit\/prise-a-encastrer-avec-prise-double-power-usb-12-24-v\/"]}]},{"@type":"ImageObject","inLanguage":"fr-FR","@id":"https:\/\/shop.bantam.ch\/fr\/produit\/prise-a-encastrer-avec-prise-double-power-usb-12-24-v\/#primaryimage","url":"https:\/\/shop.bantam.ch\/wp-content\/uploads\/2023\/02\/9912554-Aufbau-Steckdose_mit_Power_USB_Doppelsteckdose_12-24_V_DC_5_V_DC_5_000_mA_2x_2_500_mA_-Standard-01-1.jpg","contentUrl":"https:\/\/shop.bantam.ch\/wp-content\/uploads\/2023\/02\/9912554-Aufbau-Steckdose_mit_Power_USB_Doppelsteckdose_12-24_V_DC_5_V_DC_5_000_mA_2x_2_500_mA_-Standard-01-1.jpg","width":1000,"height":876},{"@type":"BreadcrumbList","@id":"https:\/\/shop.bantam.ch\/fr\/produit\/prise-a-encastrer-avec-prise-double-power-usb-12-24-v\/#breadcrumb","itemListElement":[{"@type":"ListItem","position":1,"name":"Accueil","item":"https:\/\/shop.bantam.ch\/fr\/"},{"@type":"ListItem","position":2,"name":"Boutique","item":"https:\/\/shop.bantam.ch\/fr\/boutique\/"},{"@type":"ListItem","position":3,"name":"Prise montage saillie Pro Car avec prise double Power USB 12 &#8211; 24 V"}]},{"@type":"WebSite","@id":"https:\/\/shop.bantam.ch\/fr\/#website","url":"https:\/\/shop.bantam.ch\/fr\/","name":"Bantam","description":"","publisher":{"@id":"https:\/\/shop.bantam.ch\/fr\/#organization"},"inLanguage":"fr-FR"},{"@type":"Organization","@id":"https:\/\/shop.bantam.ch\/fr\/#organization","name":"Bantam","url":"https:\/\/shop.bantam.ch\/fr\/","logo":{"@type":"ImageObject","inLanguage":"fr-FR","@id":"https:\/\/shop.bantam.ch\/fr\/#\/schema\/logo\/image\/","url":"https:\/\/shop.bantam.ch\/wp-content\/uploads\/2022\/12\/bantam-logo.png","contentUrl":"https:\/\/shop.bantam.ch\/wp-content\/uploads\/2022\/12\/bantam-logo.png","width":320,"height":71,"caption":"Bantam"},"image":{"@id":"https:\/\/shop.bantam.ch\/fr\/#\/schema\/logo\/image\/"}}]}},"_links":{"self":[{"href":"https:\/\/shop.bantam.ch\/fr\/wp-json\/wp\/v2\/product\/44950","targetHints":{"allow":["GET"]}}],"collection":[{"href":"https:\/\/shop.bantam.ch\/fr\/wp-json\/wp\/v2\/product"}],"about":[{"href":"https:\/\/shop.bantam.ch\/fr\/wp-json\/wp\/v2\/types\/product"}],"wp:featuredmedia":[{"embeddable":true,"href":"https:\/\/shop.bantam.ch\/fr\/wp-json\/wp\/v2\/media\/44948"}],"wp:attachment":[{"href":"https:\/\/shop.bantam.ch\/fr\/wp-json\/wp\/v2\/media?parent=44950"}],"wp:term":[{"taxonomy":"product_featured_cat","embeddable":true,"href":"https:\/\/shop.bantam.ch\/fr\/wp-json\/wp\/v2\/product_featured_cat?post=44950"},{"taxonomy":"product_brand","embeddable":true,"href":"https:\/\/shop.bantam.ch\/fr\/wp-json\/wp\/v2\/product_brand?post=44950"},{"taxonomy":"product_cat","embeddable":true,"href":"https:\/\/shop.bantam.ch\/fr\/wp-json\/wp\/v2\/product_cat?post=44950"},{"taxonomy":"product_tag","embeddable":true,"href":"https:\/\/shop.bantam.ch\/fr\/wp-json\/wp\/v2\/product_tag?post=44950"}],"curies":[{"name":"wp","href":"https:\/\/api.w.org\/{rel}","templated":true}]}}