{"id":44926,"date":"2023-02-23T12:11:13","date_gmt":"2023-02-23T11:11:13","guid":{"rendered":"http:\/\/preprod-dev.sh1.hidora.com\/webshop\/produit\/generateur-energy-8012-gaz-avec-panneau-de-commande-asp\/"},"modified":"2026-04-19T21:07:07","modified_gmt":"2026-04-19T19:07:07","slug":"generateur-energy-8012-gaz-avec-panneau-de-commande-asp","status":"publish","type":"product","link":"https:\/\/shop.bantam.ch\/fr\/produit\/generateur-energy-8012-gaz-avec-panneau-de-commande-asp\/","title":{"rendered":"Generateur ENERGY 8012 ASP"},"content":{"rendered":"<p>Ce g\u00e9n\u00e9rateur fonctionnant avec du gaz liquide (LPG) peut g\u00e9n\u00e9rer du courant jusqu\u2018\u00e0 70 amp\u00e8res pour une tension d\u2018env. 13,5 Volt.  Il peut \u00eatre utilis\u00e9 autant comme source de puissance \u2013 par exemple pour l\u2018alimentation d\u2018un climatiseur 12-Vdc \u2013 que comme chargeur de batterie avec activation automatique (en cas de batterie d\u00e9charg\u00e9e) et d\u00e9sactivation automatique (en cas de batterie charg\u00e9e). L\u2018accent a pour cela \u00e9t\u00e9 mis sur une g\u00e9n\u00e9ration de bruits la plus faible possible.  Cet objectif est atteint par un syst\u00e8me sp\u00e9cifique de silencieux. Le panneau ASP inclus permet la mise en marche et l&rsquo;arr\u00eat automatique si le g\u00e9n\u00e9rateur est connect\u00e9 \u00e0 un chargeur de batterie ( 230 \/ 12 V) avec la batterie correspondante.<\/p>\n<ul>\n<li>Moteur : Yamaha MZ175 Gaz<\/li>\n<li>Puissance max. : 70 A A \/ 13,5 V DC<\/li>\n<li>D\u00e9marrage : \u00e9lectrique<\/li>\n<li>Niveau sonore : 56 dBA (7m)<\/li>\n<li>Consommation max. : 0,8 kg\/h gaz<\/li>\n<\/ul>\n","protected":false},"excerpt":{"rendered":"<p>Ce g\u00e9n\u00e9rateur fonctionnant avec du gaz liquide (LPG) peut g\u00e9n\u00e9rer du courant jusqu\u2018\u00e0 70 amp\u00e8res pour une tension d\u2018env. 13,5 Volt. Il peut \u00eatre utilis\u00e9 autant comme source de puissance \u2013 par exemple pour l\u2018alimentation d\u2018un climatiseur 12-Vdc \u2013 que comme chargeur de batterie avec activation automatique (en cas de batterie d\u00e9charg\u00e9e) et d\u00e9sactivation automatique [&hellip;]<\/p>\n","protected":false},"featured_media":44924,"template":"","meta":{"_acf_changed":false},"product_featured_cat":[],"product_brand":[3228],"product_cat":[4859],"product_tag":[],"class_list":{"0":"post-44926","1":"product","2":"type-product","3":"status-publish","4":"has-post-thumbnail","6":"product_brand-telair","7":"product_cat-generateurs-gaz","9":"first","10":"instock","11":"taxable","12":"shipping-taxable","13":"purchasable","14":"product-type-simple"},"acf":[],"yoast_head":"<!-- This site is optimized with the Yoast SEO plugin v27.4 - https:\/\/yoast.com\/product\/yoast-seo-wordpress\/ -->\n<title>Generateur ENERGY 8012 ASP - Bantam Wankm\u00fcller SA<\/title>\n<meta name=\"robots\" content=\"index, follow, max-snippet:-1, max-image-preview:large, max-video-preview:-1\" \/>\n<link rel=\"canonical\" href=\"https:\/\/shop.bantam.ch\/fr\/produit\/generateur-energy-8012-gaz-avec-panneau-de-commande-asp\/\" \/>\n<meta property=\"og:locale\" content=\"fr_FR\" \/>\n<meta property=\"og:type\" content=\"article\" \/>\n<meta property=\"og:title\" content=\"Generateur ENERGY 8012 ASP - Bantam Wankm\u00fcller SA\" \/>\n<meta property=\"og:description\" content=\"Ce g\u00e9n\u00e9rateur fonctionnant avec du gaz liquide (LPG) peut g\u00e9n\u00e9rer du courant jusqu\u2018\u00e0 70 amp\u00e8res pour une tension d\u2018env. 13,5 Volt. Il peut \u00eatre utilis\u00e9 autant comme source de puissance \u2013 par exemple pour l\u2018alimentation d\u2018un climatiseur 12-Vdc \u2013 que comme chargeur de batterie avec activation automatique (en cas de batterie d\u00e9charg\u00e9e) et d\u00e9sactivation automatique [&hellip;]\" \/>\n<meta property=\"og:url\" content=\"https:\/\/shop.bantam.ch\/fr\/produit\/generateur-energy-8012-gaz-avec-panneau-de-commande-asp\/\" \/>\n<meta property=\"og:site_name\" content=\"Bantam Wankm\u00fcller SA\" \/>\n<meta property=\"article:modified_time\" content=\"2026-04-19T19:07:07+00:00\" \/>\n<meta property=\"og:image\" content=\"https:\/\/shop.bantam.ch\/wp-content\/uploads\/2023\/02\/9952257-Generator_ENERGY_8012_ASP-Standard-01-1.jpg\" \/>\n\t<meta property=\"og:image:width\" content=\"1000\" \/>\n\t<meta property=\"og:image:height\" content=\"455\" \/>\n\t<meta property=\"og:image:type\" content=\"image\/jpeg\" \/>\n<meta name=\"twitter:card\" content=\"summary_large_image\" \/>\n<meta name=\"twitter:label1\" content=\"Dur\u00e9e de lecture estim\u00e9e\" \/>\n\t<meta name=\"twitter:data1\" content=\"1 minute\" \/>\n<script type=\"application\/ld+json\" class=\"yoast-schema-graph\">{\"@context\":\"https:\\\/\\\/schema.org\",\"@graph\":[{\"@type\":\"WebPage\",\"@id\":\"https:\\\/\\\/shop.bantam.ch\\\/fr\\\/produit\\\/generateur-energy-8012-gaz-avec-panneau-de-commande-asp\\\/\",\"url\":\"https:\\\/\\\/shop.bantam.ch\\\/fr\\\/produit\\\/generateur-energy-8012-gaz-avec-panneau-de-commande-asp\\\/\",\"name\":\"Generateur ENERGY 8012 ASP - Bantam Wankm\u00fcller SA\",\"isPartOf\":{\"@id\":\"https:\\\/\\\/shop.bantam.ch\\\/fr\\\/#website\"},\"primaryImageOfPage\":{\"@id\":\"https:\\\/\\\/shop.bantam.ch\\\/fr\\\/produit\\\/generateur-energy-8012-gaz-avec-panneau-de-commande-asp\\\/#primaryimage\"},\"image\":{\"@id\":\"https:\\\/\\\/shop.bantam.ch\\\/fr\\\/produit\\\/generateur-energy-8012-gaz-avec-panneau-de-commande-asp\\\/#primaryimage\"},\"thumbnailUrl\":\"https:\\\/\\\/shop.bantam.ch\\\/wp-content\\\/uploads\\\/2023\\\/02\\\/9952257-Generator_ENERGY_8012_ASP-Standard-01-1.jpg\",\"datePublished\":\"2023-02-23T11:11:13+00:00\",\"dateModified\":\"2026-04-19T19:07:07+00:00\",\"breadcrumb\":{\"@id\":\"https:\\\/\\\/shop.bantam.ch\\\/fr\\\/produit\\\/generateur-energy-8012-gaz-avec-panneau-de-commande-asp\\\/#breadcrumb\"},\"inLanguage\":\"fr-FR\",\"potentialAction\":[{\"@type\":\"ReadAction\",\"target\":[\"https:\\\/\\\/shop.bantam.ch\\\/fr\\\/produit\\\/generateur-energy-8012-gaz-avec-panneau-de-commande-asp\\\/\"]}]},{\"@type\":\"ImageObject\",\"inLanguage\":\"fr-FR\",\"@id\":\"https:\\\/\\\/shop.bantam.ch\\\/fr\\\/produit\\\/generateur-energy-8012-gaz-avec-panneau-de-commande-asp\\\/#primaryimage\",\"url\":\"https:\\\/\\\/shop.bantam.ch\\\/wp-content\\\/uploads\\\/2023\\\/02\\\/9952257-Generator_ENERGY_8012_ASP-Standard-01-1.jpg\",\"contentUrl\":\"https:\\\/\\\/shop.bantam.ch\\\/wp-content\\\/uploads\\\/2023\\\/02\\\/9952257-Generator_ENERGY_8012_ASP-Standard-01-1.jpg\",\"width\":1000,\"height\":455},{\"@type\":\"BreadcrumbList\",\"@id\":\"https:\\\/\\\/shop.bantam.ch\\\/fr\\\/produit\\\/generateur-energy-8012-gaz-avec-panneau-de-commande-asp\\\/#breadcrumb\",\"itemListElement\":[{\"@type\":\"ListItem\",\"position\":1,\"name\":\"Accueil\",\"item\":\"https:\\\/\\\/shop.bantam.ch\\\/fr\\\/\"},{\"@type\":\"ListItem\",\"position\":2,\"name\":\"Boutique\",\"item\":\"https:\\\/\\\/shop.bantam.ch\\\/fr\\\/boutique\\\/\"},{\"@type\":\"ListItem\",\"position\":3,\"name\":\"Generateur ENERGY 8012 ASP\"}]},{\"@type\":\"WebSite\",\"@id\":\"https:\\\/\\\/shop.bantam.ch\\\/fr\\\/#website\",\"url\":\"https:\\\/\\\/shop.bantam.ch\\\/fr\\\/\",\"name\":\"Bantam Wankm\u00fcller SA\",\"description\":\"\",\"publisher\":{\"@id\":\"https:\\\/\\\/shop.bantam.ch\\\/fr\\\/#organization\"},\"inLanguage\":\"fr-FR\"},{\"@type\":\"Organization\",\"@id\":\"https:\\\/\\\/shop.bantam.ch\\\/fr\\\/#organization\",\"name\":\"Bantam Wankm\u00fcller SA\",\"url\":\"https:\\\/\\\/shop.bantam.ch\\\/fr\\\/\",\"logo\":{\"@type\":\"ImageObject\",\"inLanguage\":\"fr-FR\",\"@id\":\"https:\\\/\\\/shop.bantam.ch\\\/fr\\\/#\\\/schema\\\/logo\\\/image\\\/\",\"url\":\"https:\\\/\\\/shop.bantam.ch\\\/wp-content\\\/uploads\\\/2022\\\/12\\\/bantam-logo.png\",\"contentUrl\":\"https:\\\/\\\/shop.bantam.ch\\\/wp-content\\\/uploads\\\/2022\\\/12\\\/bantam-logo.png\",\"width\":320,\"height\":71,\"caption\":\"Bantam Wankm\u00fcller SA\"},\"image\":{\"@id\":\"https:\\\/\\\/shop.bantam.ch\\\/fr\\\/#\\\/schema\\\/logo\\\/image\\\/\"}}]}<\/script>\n<!-- \/ Yoast SEO plugin. -->","yoast_head_json":{"title":"Generateur ENERGY 8012 ASP - Bantam Wankm\u00fcller SA","robots":{"index":"index","follow":"follow","max-snippet":"max-snippet:-1","max-image-preview":"max-image-preview:large","max-video-preview":"max-video-preview:-1"},"canonical":"https:\/\/shop.bantam.ch\/fr\/produit\/generateur-energy-8012-gaz-avec-panneau-de-commande-asp\/","og_locale":"fr_FR","og_type":"article","og_title":"Generateur ENERGY 8012 ASP - Bantam Wankm\u00fcller SA","og_description":"Ce g\u00e9n\u00e9rateur fonctionnant avec du gaz liquide (LPG) peut g\u00e9n\u00e9rer du courant jusqu\u2018\u00e0 70 amp\u00e8res pour une tension d\u2018env. 13,5 Volt. Il peut \u00eatre utilis\u00e9 autant comme source de puissance \u2013 par exemple pour l\u2018alimentation d\u2018un climatiseur 12-Vdc \u2013 que comme chargeur de batterie avec activation automatique (en cas de batterie d\u00e9charg\u00e9e) et d\u00e9sactivation automatique [&hellip;]","og_url":"https:\/\/shop.bantam.ch\/fr\/produit\/generateur-energy-8012-gaz-avec-panneau-de-commande-asp\/","og_site_name":"Bantam Wankm\u00fcller SA","article_modified_time":"2026-04-19T19:07:07+00:00","og_image":[{"width":1000,"height":455,"url":"https:\/\/shop.bantam.ch\/wp-content\/uploads\/2023\/02\/9952257-Generator_ENERGY_8012_ASP-Standard-01-1.jpg","type":"image\/jpeg"}],"twitter_card":"summary_large_image","twitter_misc":{"Dur\u00e9e de lecture estim\u00e9e":"1 minute"},"schema":{"@context":"https:\/\/schema.org","@graph":[{"@type":"WebPage","@id":"https:\/\/shop.bantam.ch\/fr\/produit\/generateur-energy-8012-gaz-avec-panneau-de-commande-asp\/","url":"https:\/\/shop.bantam.ch\/fr\/produit\/generateur-energy-8012-gaz-avec-panneau-de-commande-asp\/","name":"Generateur ENERGY 8012 ASP - Bantam Wankm\u00fcller SA","isPartOf":{"@id":"https:\/\/shop.bantam.ch\/fr\/#website"},"primaryImageOfPage":{"@id":"https:\/\/shop.bantam.ch\/fr\/produit\/generateur-energy-8012-gaz-avec-panneau-de-commande-asp\/#primaryimage"},"image":{"@id":"https:\/\/shop.bantam.ch\/fr\/produit\/generateur-energy-8012-gaz-avec-panneau-de-commande-asp\/#primaryimage"},"thumbnailUrl":"https:\/\/shop.bantam.ch\/wp-content\/uploads\/2023\/02\/9952257-Generator_ENERGY_8012_ASP-Standard-01-1.jpg","datePublished":"2023-02-23T11:11:13+00:00","dateModified":"2026-04-19T19:07:07+00:00","breadcrumb":{"@id":"https:\/\/shop.bantam.ch\/fr\/produit\/generateur-energy-8012-gaz-avec-panneau-de-commande-asp\/#breadcrumb"},"inLanguage":"fr-FR","potentialAction":[{"@type":"ReadAction","target":["https:\/\/shop.bantam.ch\/fr\/produit\/generateur-energy-8012-gaz-avec-panneau-de-commande-asp\/"]}]},{"@type":"ImageObject","inLanguage":"fr-FR","@id":"https:\/\/shop.bantam.ch\/fr\/produit\/generateur-energy-8012-gaz-avec-panneau-de-commande-asp\/#primaryimage","url":"https:\/\/shop.bantam.ch\/wp-content\/uploads\/2023\/02\/9952257-Generator_ENERGY_8012_ASP-Standard-01-1.jpg","contentUrl":"https:\/\/shop.bantam.ch\/wp-content\/uploads\/2023\/02\/9952257-Generator_ENERGY_8012_ASP-Standard-01-1.jpg","width":1000,"height":455},{"@type":"BreadcrumbList","@id":"https:\/\/shop.bantam.ch\/fr\/produit\/generateur-energy-8012-gaz-avec-panneau-de-commande-asp\/#breadcrumb","itemListElement":[{"@type":"ListItem","position":1,"name":"Accueil","item":"https:\/\/shop.bantam.ch\/fr\/"},{"@type":"ListItem","position":2,"name":"Boutique","item":"https:\/\/shop.bantam.ch\/fr\/boutique\/"},{"@type":"ListItem","position":3,"name":"Generateur ENERGY 8012 ASP"}]},{"@type":"WebSite","@id":"https:\/\/shop.bantam.ch\/fr\/#website","url":"https:\/\/shop.bantam.ch\/fr\/","name":"Bantam Wankm\u00fcller SA","description":"","publisher":{"@id":"https:\/\/shop.bantam.ch\/fr\/#organization"},"inLanguage":"fr-FR"},{"@type":"Organization","@id":"https:\/\/shop.bantam.ch\/fr\/#organization","name":"Bantam Wankm\u00fcller SA","url":"https:\/\/shop.bantam.ch\/fr\/","logo":{"@type":"ImageObject","inLanguage":"fr-FR","@id":"https:\/\/shop.bantam.ch\/fr\/#\/schema\/logo\/image\/","url":"https:\/\/shop.bantam.ch\/wp-content\/uploads\/2022\/12\/bantam-logo.png","contentUrl":"https:\/\/shop.bantam.ch\/wp-content\/uploads\/2022\/12\/bantam-logo.png","width":320,"height":71,"caption":"Bantam Wankm\u00fcller SA"},"image":{"@id":"https:\/\/shop.bantam.ch\/fr\/#\/schema\/logo\/image\/"}}]}},"_links":{"self":[{"href":"https:\/\/shop.bantam.ch\/fr\/wp-json\/wp\/v2\/product\/44926","targetHints":{"allow":["GET"]}}],"collection":[{"href":"https:\/\/shop.bantam.ch\/fr\/wp-json\/wp\/v2\/product"}],"about":[{"href":"https:\/\/shop.bantam.ch\/fr\/wp-json\/wp\/v2\/types\/product"}],"wp:featuredmedia":[{"embeddable":true,"href":"https:\/\/shop.bantam.ch\/fr\/wp-json\/wp\/v2\/media\/44924"}],"wp:attachment":[{"href":"https:\/\/shop.bantam.ch\/fr\/wp-json\/wp\/v2\/media?parent=44926"}],"wp:term":[{"taxonomy":"product_featured_cat","embeddable":true,"href":"https:\/\/shop.bantam.ch\/fr\/wp-json\/wp\/v2\/product_featured_cat?post=44926"},{"taxonomy":"product_brand","embeddable":true,"href":"https:\/\/shop.bantam.ch\/fr\/wp-json\/wp\/v2\/product_brand?post=44926"},{"taxonomy":"product_cat","embeddable":true,"href":"https:\/\/shop.bantam.ch\/fr\/wp-json\/wp\/v2\/product_cat?post=44926"},{"taxonomy":"product_tag","embeddable":true,"href":"https:\/\/shop.bantam.ch\/fr\/wp-json\/wp\/v2\/product_tag?post=44926"}],"curies":[{"name":"wp","href":"https:\/\/api.w.org\/{rel}","templated":true}]}}