{"id":44910,"date":"2023-02-23T12:10:51","date_gmt":"2023-02-23T11:10:51","guid":{"rendered":"http:\/\/preprod-dev.sh1.hidora.com\/webshop\/produit\/generateur-energy-2510-essence-avec-panneau-de-commande-asp\/"},"modified":"2026-04-17T21:05:52","modified_gmt":"2026-04-17T19:05:52","slug":"generateur-energy-2510-essence-avec-panneau-de-commande-asp","status":"publish","type":"product","link":"https:\/\/shop.bantam.ch\/fr\/produit\/generateur-energy-2510-essence-avec-panneau-de-commande-asp\/","title":{"rendered":"Generateur ENERGY 2510B ASP"},"content":{"rendered":"<p>G\u00e9n\u00e9rateur de courant extr\u00eamement silencieux fonctionnant \u00e0 l\u2019essence avec moteur Yamaha, bo\u00eetier en m\u00e9tal isol\u00e9. Enti\u00e8rement automatique, d\u00e9marrage \u00e9lectronique, module de commande pouvant \u00eatre install\u00e9 \u00e0 une distance de 5 m max. Compteur horaire (nombre total d\u2019heures et nombre partiel), t\u00e9moins lumineux de contr\u00f4le de la temp\u00e9rature du moteur avec verrouillage automatique, indicateur du niveau d\u2019huile, de gaz et d\u2019essence.  Chargeur de batterie 12 V \/ 10 A int\u00e9gr\u00e9. Fond coulissant extractible pour une maintenance facile du g\u00e9n\u00e9rateur. Le panneau ASP inclus permet la mise en marche et l&rsquo;arr\u00eat automatique si le g\u00e9n\u00e9rateur est connect\u00e9 \u00e0 un chargeur de batterie ( 230 \/ 12 V) avec la batterie correspondante.<\/p>\n<ul>\n<li>Moteur : Yamaha MZ175<\/li>\n<li>Puissance max. : 2,5 kW &#8211; 230 V , 10 A \/ 12 V DC<\/li>\n<li>Fr\u00e9quence : 50 Hz<\/li>\n<li>D\u00e9marrage : \u00e9lectrique &#8211; manuel<\/li>\n<li>Niveau sonore : 58 dBA (7m)<\/li>\n<li>Consommation max. : 1,2 l\/h essence<\/li>\n<\/ul>\n","protected":false},"excerpt":{"rendered":"<p>G\u00e9n\u00e9rateur de courant extr\u00eamement silencieux fonctionnant \u00e0 l\u2019essence avec moteur Yamaha, bo\u00eetier en m\u00e9tal isol\u00e9. Enti\u00e8rement automatique, d\u00e9marrage \u00e9lectronique, module de commande pouvant \u00eatre install\u00e9 \u00e0 une distance de 5 m max. Compteur horaire (nombre total d\u2019heures et nombre partiel), t\u00e9moins lumineux de contr\u00f4le de la temp\u00e9rature du moteur avec verrouillage automatique, indicateur du niveau [&hellip;]<\/p>\n","protected":false},"featured_media":44906,"template":"","meta":{"_acf_changed":false},"product_featured_cat":[],"product_brand":[3228],"product_cat":[4855],"product_tag":[],"class_list":{"0":"post-44910","1":"product","2":"type-product","3":"status-publish","4":"has-post-thumbnail","6":"product_brand-telair","7":"product_cat-generateurs-essence","9":"first","10":"instock","11":"taxable","12":"shipping-taxable","13":"purchasable","14":"product-type-simple"},"acf":[],"yoast_head":"<!-- This site is optimized with the Yoast SEO plugin v27.4 - https:\/\/yoast.com\/product\/yoast-seo-wordpress\/ -->\n<title>Generateur ENERGY 2510B ASP - Bantam Wankm\u00fcller SA<\/title>\n<meta name=\"robots\" content=\"index, follow, max-snippet:-1, max-image-preview:large, max-video-preview:-1\" \/>\n<link rel=\"canonical\" href=\"https:\/\/shop.bantam.ch\/fr\/produit\/generateur-energy-2510-essence-avec-panneau-de-commande-asp\/\" \/>\n<meta property=\"og:locale\" content=\"fr_FR\" \/>\n<meta property=\"og:type\" content=\"article\" \/>\n<meta property=\"og:title\" content=\"Generateur ENERGY 2510B ASP - Bantam Wankm\u00fcller SA\" \/>\n<meta property=\"og:description\" content=\"G\u00e9n\u00e9rateur de courant extr\u00eamement silencieux fonctionnant \u00e0 l\u2019essence avec moteur Yamaha, bo\u00eetier en m\u00e9tal isol\u00e9. Enti\u00e8rement automatique, d\u00e9marrage \u00e9lectronique, module de commande pouvant \u00eatre install\u00e9 \u00e0 une distance de 5 m max. Compteur horaire (nombre total d\u2019heures et nombre partiel), t\u00e9moins lumineux de contr\u00f4le de la temp\u00e9rature du moteur avec verrouillage automatique, indicateur du niveau [&hellip;]\" \/>\n<meta property=\"og:url\" content=\"https:\/\/shop.bantam.ch\/fr\/produit\/generateur-energy-2510-essence-avec-panneau-de-commande-asp\/\" \/>\n<meta property=\"og:site_name\" content=\"Bantam Wankm\u00fcller SA\" \/>\n<meta property=\"article:modified_time\" content=\"2026-04-17T19:05:52+00:00\" \/>\n<meta property=\"og:image\" content=\"https:\/\/shop.bantam.ch\/wp-content\/uploads\/2023\/02\/9952251-Generator_ENERGY_2510B_ASP-Standard-01-1.jpg\" \/>\n\t<meta property=\"og:image:width\" content=\"1000\" \/>\n\t<meta property=\"og:image:height\" content=\"593\" \/>\n\t<meta property=\"og:image:type\" content=\"image\/jpeg\" \/>\n<meta name=\"twitter:card\" content=\"summary_large_image\" \/>\n<meta name=\"twitter:label1\" content=\"Dur\u00e9e de lecture estim\u00e9e\" \/>\n\t<meta name=\"twitter:data1\" content=\"1 minute\" \/>\n<script type=\"application\/ld+json\" class=\"yoast-schema-graph\">{\"@context\":\"https:\\\/\\\/schema.org\",\"@graph\":[{\"@type\":\"WebPage\",\"@id\":\"https:\\\/\\\/shop.bantam.ch\\\/fr\\\/produit\\\/generateur-energy-2510-essence-avec-panneau-de-commande-asp\\\/\",\"url\":\"https:\\\/\\\/shop.bantam.ch\\\/fr\\\/produit\\\/generateur-energy-2510-essence-avec-panneau-de-commande-asp\\\/\",\"name\":\"Generateur ENERGY 2510B ASP - Bantam Wankm\u00fcller SA\",\"isPartOf\":{\"@id\":\"https:\\\/\\\/shop.bantam.ch\\\/fr\\\/#website\"},\"primaryImageOfPage\":{\"@id\":\"https:\\\/\\\/shop.bantam.ch\\\/fr\\\/produit\\\/generateur-energy-2510-essence-avec-panneau-de-commande-asp\\\/#primaryimage\"},\"image\":{\"@id\":\"https:\\\/\\\/shop.bantam.ch\\\/fr\\\/produit\\\/generateur-energy-2510-essence-avec-panneau-de-commande-asp\\\/#primaryimage\"},\"thumbnailUrl\":\"https:\\\/\\\/shop.bantam.ch\\\/wp-content\\\/uploads\\\/2023\\\/02\\\/9952251-Generator_ENERGY_2510B_ASP-Standard-01-1.jpg\",\"datePublished\":\"2023-02-23T11:10:51+00:00\",\"dateModified\":\"2026-04-17T19:05:52+00:00\",\"breadcrumb\":{\"@id\":\"https:\\\/\\\/shop.bantam.ch\\\/fr\\\/produit\\\/generateur-energy-2510-essence-avec-panneau-de-commande-asp\\\/#breadcrumb\"},\"inLanguage\":\"fr-FR\",\"potentialAction\":[{\"@type\":\"ReadAction\",\"target\":[\"https:\\\/\\\/shop.bantam.ch\\\/fr\\\/produit\\\/generateur-energy-2510-essence-avec-panneau-de-commande-asp\\\/\"]}]},{\"@type\":\"ImageObject\",\"inLanguage\":\"fr-FR\",\"@id\":\"https:\\\/\\\/shop.bantam.ch\\\/fr\\\/produit\\\/generateur-energy-2510-essence-avec-panneau-de-commande-asp\\\/#primaryimage\",\"url\":\"https:\\\/\\\/shop.bantam.ch\\\/wp-content\\\/uploads\\\/2023\\\/02\\\/9952251-Generator_ENERGY_2510B_ASP-Standard-01-1.jpg\",\"contentUrl\":\"https:\\\/\\\/shop.bantam.ch\\\/wp-content\\\/uploads\\\/2023\\\/02\\\/9952251-Generator_ENERGY_2510B_ASP-Standard-01-1.jpg\",\"width\":1000,\"height\":593},{\"@type\":\"BreadcrumbList\",\"@id\":\"https:\\\/\\\/shop.bantam.ch\\\/fr\\\/produit\\\/generateur-energy-2510-essence-avec-panneau-de-commande-asp\\\/#breadcrumb\",\"itemListElement\":[{\"@type\":\"ListItem\",\"position\":1,\"name\":\"Accueil\",\"item\":\"https:\\\/\\\/shop.bantam.ch\\\/fr\\\/\"},{\"@type\":\"ListItem\",\"position\":2,\"name\":\"Boutique\",\"item\":\"https:\\\/\\\/shop.bantam.ch\\\/fr\\\/boutique\\\/\"},{\"@type\":\"ListItem\",\"position\":3,\"name\":\"Generateur ENERGY 2510B ASP\"}]},{\"@type\":\"WebSite\",\"@id\":\"https:\\\/\\\/shop.bantam.ch\\\/fr\\\/#website\",\"url\":\"https:\\\/\\\/shop.bantam.ch\\\/fr\\\/\",\"name\":\"Bantam Wankm\u00fcller SA\",\"description\":\"\",\"publisher\":{\"@id\":\"https:\\\/\\\/shop.bantam.ch\\\/fr\\\/#organization\"},\"inLanguage\":\"fr-FR\"},{\"@type\":\"Organization\",\"@id\":\"https:\\\/\\\/shop.bantam.ch\\\/fr\\\/#organization\",\"name\":\"Bantam Wankm\u00fcller SA\",\"url\":\"https:\\\/\\\/shop.bantam.ch\\\/fr\\\/\",\"logo\":{\"@type\":\"ImageObject\",\"inLanguage\":\"fr-FR\",\"@id\":\"https:\\\/\\\/shop.bantam.ch\\\/fr\\\/#\\\/schema\\\/logo\\\/image\\\/\",\"url\":\"https:\\\/\\\/shop.bantam.ch\\\/wp-content\\\/uploads\\\/2022\\\/12\\\/bantam-logo.png\",\"contentUrl\":\"https:\\\/\\\/shop.bantam.ch\\\/wp-content\\\/uploads\\\/2022\\\/12\\\/bantam-logo.png\",\"width\":320,\"height\":71,\"caption\":\"Bantam Wankm\u00fcller SA\"},\"image\":{\"@id\":\"https:\\\/\\\/shop.bantam.ch\\\/fr\\\/#\\\/schema\\\/logo\\\/image\\\/\"}}]}<\/script>\n<!-- \/ Yoast SEO plugin. -->","yoast_head_json":{"title":"Generateur ENERGY 2510B ASP - Bantam Wankm\u00fcller SA","robots":{"index":"index","follow":"follow","max-snippet":"max-snippet:-1","max-image-preview":"max-image-preview:large","max-video-preview":"max-video-preview:-1"},"canonical":"https:\/\/shop.bantam.ch\/fr\/produit\/generateur-energy-2510-essence-avec-panneau-de-commande-asp\/","og_locale":"fr_FR","og_type":"article","og_title":"Generateur ENERGY 2510B ASP - Bantam Wankm\u00fcller SA","og_description":"G\u00e9n\u00e9rateur de courant extr\u00eamement silencieux fonctionnant \u00e0 l\u2019essence avec moteur Yamaha, bo\u00eetier en m\u00e9tal isol\u00e9. Enti\u00e8rement automatique, d\u00e9marrage \u00e9lectronique, module de commande pouvant \u00eatre install\u00e9 \u00e0 une distance de 5 m max. Compteur horaire (nombre total d\u2019heures et nombre partiel), t\u00e9moins lumineux de contr\u00f4le de la temp\u00e9rature du moteur avec verrouillage automatique, indicateur du niveau [&hellip;]","og_url":"https:\/\/shop.bantam.ch\/fr\/produit\/generateur-energy-2510-essence-avec-panneau-de-commande-asp\/","og_site_name":"Bantam Wankm\u00fcller SA","article_modified_time":"2026-04-17T19:05:52+00:00","og_image":[{"width":1000,"height":593,"url":"https:\/\/shop.bantam.ch\/wp-content\/uploads\/2023\/02\/9952251-Generator_ENERGY_2510B_ASP-Standard-01-1.jpg","type":"image\/jpeg"}],"twitter_card":"summary_large_image","twitter_misc":{"Dur\u00e9e de lecture estim\u00e9e":"1 minute"},"schema":{"@context":"https:\/\/schema.org","@graph":[{"@type":"WebPage","@id":"https:\/\/shop.bantam.ch\/fr\/produit\/generateur-energy-2510-essence-avec-panneau-de-commande-asp\/","url":"https:\/\/shop.bantam.ch\/fr\/produit\/generateur-energy-2510-essence-avec-panneau-de-commande-asp\/","name":"Generateur ENERGY 2510B ASP - Bantam Wankm\u00fcller SA","isPartOf":{"@id":"https:\/\/shop.bantam.ch\/fr\/#website"},"primaryImageOfPage":{"@id":"https:\/\/shop.bantam.ch\/fr\/produit\/generateur-energy-2510-essence-avec-panneau-de-commande-asp\/#primaryimage"},"image":{"@id":"https:\/\/shop.bantam.ch\/fr\/produit\/generateur-energy-2510-essence-avec-panneau-de-commande-asp\/#primaryimage"},"thumbnailUrl":"https:\/\/shop.bantam.ch\/wp-content\/uploads\/2023\/02\/9952251-Generator_ENERGY_2510B_ASP-Standard-01-1.jpg","datePublished":"2023-02-23T11:10:51+00:00","dateModified":"2026-04-17T19:05:52+00:00","breadcrumb":{"@id":"https:\/\/shop.bantam.ch\/fr\/produit\/generateur-energy-2510-essence-avec-panneau-de-commande-asp\/#breadcrumb"},"inLanguage":"fr-FR","potentialAction":[{"@type":"ReadAction","target":["https:\/\/shop.bantam.ch\/fr\/produit\/generateur-energy-2510-essence-avec-panneau-de-commande-asp\/"]}]},{"@type":"ImageObject","inLanguage":"fr-FR","@id":"https:\/\/shop.bantam.ch\/fr\/produit\/generateur-energy-2510-essence-avec-panneau-de-commande-asp\/#primaryimage","url":"https:\/\/shop.bantam.ch\/wp-content\/uploads\/2023\/02\/9952251-Generator_ENERGY_2510B_ASP-Standard-01-1.jpg","contentUrl":"https:\/\/shop.bantam.ch\/wp-content\/uploads\/2023\/02\/9952251-Generator_ENERGY_2510B_ASP-Standard-01-1.jpg","width":1000,"height":593},{"@type":"BreadcrumbList","@id":"https:\/\/shop.bantam.ch\/fr\/produit\/generateur-energy-2510-essence-avec-panneau-de-commande-asp\/#breadcrumb","itemListElement":[{"@type":"ListItem","position":1,"name":"Accueil","item":"https:\/\/shop.bantam.ch\/fr\/"},{"@type":"ListItem","position":2,"name":"Boutique","item":"https:\/\/shop.bantam.ch\/fr\/boutique\/"},{"@type":"ListItem","position":3,"name":"Generateur ENERGY 2510B ASP"}]},{"@type":"WebSite","@id":"https:\/\/shop.bantam.ch\/fr\/#website","url":"https:\/\/shop.bantam.ch\/fr\/","name":"Bantam Wankm\u00fcller SA","description":"","publisher":{"@id":"https:\/\/shop.bantam.ch\/fr\/#organization"},"inLanguage":"fr-FR"},{"@type":"Organization","@id":"https:\/\/shop.bantam.ch\/fr\/#organization","name":"Bantam Wankm\u00fcller SA","url":"https:\/\/shop.bantam.ch\/fr\/","logo":{"@type":"ImageObject","inLanguage":"fr-FR","@id":"https:\/\/shop.bantam.ch\/fr\/#\/schema\/logo\/image\/","url":"https:\/\/shop.bantam.ch\/wp-content\/uploads\/2022\/12\/bantam-logo.png","contentUrl":"https:\/\/shop.bantam.ch\/wp-content\/uploads\/2022\/12\/bantam-logo.png","width":320,"height":71,"caption":"Bantam Wankm\u00fcller SA"},"image":{"@id":"https:\/\/shop.bantam.ch\/fr\/#\/schema\/logo\/image\/"}}]}},"_links":{"self":[{"href":"https:\/\/shop.bantam.ch\/fr\/wp-json\/wp\/v2\/product\/44910","targetHints":{"allow":["GET"]}}],"collection":[{"href":"https:\/\/shop.bantam.ch\/fr\/wp-json\/wp\/v2\/product"}],"about":[{"href":"https:\/\/shop.bantam.ch\/fr\/wp-json\/wp\/v2\/types\/product"}],"wp:featuredmedia":[{"embeddable":true,"href":"https:\/\/shop.bantam.ch\/fr\/wp-json\/wp\/v2\/media\/44906"}],"wp:attachment":[{"href":"https:\/\/shop.bantam.ch\/fr\/wp-json\/wp\/v2\/media?parent=44910"}],"wp:term":[{"taxonomy":"product_featured_cat","embeddable":true,"href":"https:\/\/shop.bantam.ch\/fr\/wp-json\/wp\/v2\/product_featured_cat?post=44910"},{"taxonomy":"product_brand","embeddable":true,"href":"https:\/\/shop.bantam.ch\/fr\/wp-json\/wp\/v2\/product_brand?post=44910"},{"taxonomy":"product_cat","embeddable":true,"href":"https:\/\/shop.bantam.ch\/fr\/wp-json\/wp\/v2\/product_cat?post=44910"},{"taxonomy":"product_tag","embeddable":true,"href":"https:\/\/shop.bantam.ch\/fr\/wp-json\/wp\/v2\/product_tag?post=44910"}],"curies":[{"name":"wp","href":"https:\/\/api.w.org\/{rel}","templated":true}]}}