{"id":44460,"date":"2023-02-23T12:00:35","date_gmt":"2023-02-23T11:00:35","guid":{"rendered":"http:\/\/preprod-dev.sh1.hidora.com\/webshop\/produit\/four-de-camping-omnia\/"},"modified":"2026-04-21T21:05:33","modified_gmt":"2026-04-21T19:05:33","slug":"four-de-camping-omnia","status":"publish","type":"product","link":"https:\/\/shop.bantam.ch\/fr\/produit\/four-de-camping-omnia\/","title":{"rendered":"four de camping Omnia"},"content":{"rendered":"<p>Le four de camping OMNIA peut aussi bien \u00eatre utilis\u00e9 sur une flamme ouverte (par exemple sur la gazini\u00e8re) que sur les plaques \u00e9lectriques ou c\u00e9ramiques (pas sur les plaques \u00e0 induction) \u00e0 la maison. Le four se compose de trois parties qui, ensemble, fonctionnent comme un four. Cette conception intelligente r\u00e9partit la chaleur de mani\u00e8re homog\u00e8ne. La chaleur vient du dessus et du dessous.<\/p>\n","protected":false},"excerpt":{"rendered":"<p>Le four de camping OMNIA peut aussi bien \u00eatre utilis\u00e9 sur une flamme ouverte (par exemple sur la gazini\u00e8re) que sur les plaques \u00e9lectriques ou c\u00e9ramiques (pas sur les plaques \u00e0 induction) \u00e0 la maison. Le four se compose de trois parties qui, ensemble, fonctionnent comme un four. Cette conception intelligente r\u00e9partit la chaleur de [&hellip;]<\/p>\n","protected":false},"featured_media":44454,"template":"","meta":{"_acf_changed":false},"product_featured_cat":[1857],"product_brand":[3292],"product_cat":[4339,4341,4265],"product_tag":[],"class_list":{"0":"post-44460","1":"product","2":"type-product","3":"status-publish","4":"has-post-thumbnail","6":"product_featured_cat-equipement-du-camping-cariste","7":"product_brand-omnia","8":"product_cat-accessoires-pour-barbecue","9":"product_cat-accessoires-pour-rechaud","10":"product_cat-casseroles-poeles-et-sets","12":"first","13":"instock","14":"taxable","15":"shipping-taxable","16":"purchasable","17":"product-type-simple"},"acf":[],"yoast_head":"<!-- This site is optimized with the Yoast SEO plugin v27.4 - https:\/\/yoast.com\/product\/yoast-seo-wordpress\/ -->\n<title>four de camping Omnia - Bantam Wankm\u00fcller SA<\/title>\n<meta name=\"robots\" content=\"index, follow, max-snippet:-1, max-image-preview:large, max-video-preview:-1\" \/>\n<link rel=\"canonical\" href=\"https:\/\/shop.bantam.ch\/fr\/produit\/four-de-camping-omnia\/\" \/>\n<meta property=\"og:locale\" content=\"fr_FR\" \/>\n<meta property=\"og:type\" content=\"article\" \/>\n<meta property=\"og:title\" content=\"four de camping Omnia - Bantam Wankm\u00fcller SA\" \/>\n<meta property=\"og:description\" content=\"Le four de camping OMNIA peut aussi bien \u00eatre utilis\u00e9 sur une flamme ouverte (par exemple sur la gazini\u00e8re) que sur les plaques \u00e9lectriques ou c\u00e9ramiques (pas sur les plaques \u00e0 induction) \u00e0 la maison. Le four se compose de trois parties qui, ensemble, fonctionnent comme un four. Cette conception intelligente r\u00e9partit la chaleur de [&hellip;]\" \/>\n<meta property=\"og:url\" content=\"https:\/\/shop.bantam.ch\/fr\/produit\/four-de-camping-omnia\/\" \/>\n<meta property=\"og:site_name\" content=\"Bantam Wankm\u00fcller SA\" \/>\n<meta property=\"article:modified_time\" content=\"2026-04-21T19:05:33+00:00\" \/>\n<meta property=\"og:image\" content=\"https:\/\/shop.bantam.ch\/wp-content\/uploads\/2023\/02\/9973475-OMNIA_Camping_Backofen-Standard-01-1.jpg\" \/>\n\t<meta property=\"og:image:width\" content=\"1000\" \/>\n\t<meta property=\"og:image:height\" content=\"834\" \/>\n\t<meta property=\"og:image:type\" content=\"image\/jpeg\" \/>\n<meta name=\"twitter:card\" content=\"summary_large_image\" \/>\n<meta name=\"twitter:label1\" content=\"Dur\u00e9e de lecture estim\u00e9e\" \/>\n\t<meta name=\"twitter:data1\" content=\"1 minute\" \/>\n<script type=\"application\/ld+json\" class=\"yoast-schema-graph\">{\"@context\":\"https:\\\/\\\/schema.org\",\"@graph\":[{\"@type\":\"WebPage\",\"@id\":\"https:\\\/\\\/shop.bantam.ch\\\/fr\\\/produit\\\/four-de-camping-omnia\\\/\",\"url\":\"https:\\\/\\\/shop.bantam.ch\\\/fr\\\/produit\\\/four-de-camping-omnia\\\/\",\"name\":\"four de camping Omnia - Bantam Wankm\u00fcller SA\",\"isPartOf\":{\"@id\":\"https:\\\/\\\/shop.bantam.ch\\\/fr\\\/#website\"},\"primaryImageOfPage\":{\"@id\":\"https:\\\/\\\/shop.bantam.ch\\\/fr\\\/produit\\\/four-de-camping-omnia\\\/#primaryimage\"},\"image\":{\"@id\":\"https:\\\/\\\/shop.bantam.ch\\\/fr\\\/produit\\\/four-de-camping-omnia\\\/#primaryimage\"},\"thumbnailUrl\":\"https:\\\/\\\/shop.bantam.ch\\\/wp-content\\\/uploads\\\/2023\\\/02\\\/9973475-OMNIA_Camping_Backofen-Standard-01-1.jpg\",\"datePublished\":\"2023-02-23T11:00:35+00:00\",\"dateModified\":\"2026-04-21T19:05:33+00:00\",\"breadcrumb\":{\"@id\":\"https:\\\/\\\/shop.bantam.ch\\\/fr\\\/produit\\\/four-de-camping-omnia\\\/#breadcrumb\"},\"inLanguage\":\"fr-FR\",\"potentialAction\":[{\"@type\":\"ReadAction\",\"target\":[\"https:\\\/\\\/shop.bantam.ch\\\/fr\\\/produit\\\/four-de-camping-omnia\\\/\"]}]},{\"@type\":\"ImageObject\",\"inLanguage\":\"fr-FR\",\"@id\":\"https:\\\/\\\/shop.bantam.ch\\\/fr\\\/produit\\\/four-de-camping-omnia\\\/#primaryimage\",\"url\":\"https:\\\/\\\/shop.bantam.ch\\\/wp-content\\\/uploads\\\/2023\\\/02\\\/9973475-OMNIA_Camping_Backofen-Standard-01-1.jpg\",\"contentUrl\":\"https:\\\/\\\/shop.bantam.ch\\\/wp-content\\\/uploads\\\/2023\\\/02\\\/9973475-OMNIA_Camping_Backofen-Standard-01-1.jpg\",\"width\":1000,\"height\":834},{\"@type\":\"BreadcrumbList\",\"@id\":\"https:\\\/\\\/shop.bantam.ch\\\/fr\\\/produit\\\/four-de-camping-omnia\\\/#breadcrumb\",\"itemListElement\":[{\"@type\":\"ListItem\",\"position\":1,\"name\":\"Accueil\",\"item\":\"https:\\\/\\\/shop.bantam.ch\\\/fr\\\/\"},{\"@type\":\"ListItem\",\"position\":2,\"name\":\"Boutique\",\"item\":\"https:\\\/\\\/shop.bantam.ch\\\/fr\\\/boutique\\\/\"},{\"@type\":\"ListItem\",\"position\":3,\"name\":\"four de camping Omnia\"}]},{\"@type\":\"WebSite\",\"@id\":\"https:\\\/\\\/shop.bantam.ch\\\/fr\\\/#website\",\"url\":\"https:\\\/\\\/shop.bantam.ch\\\/fr\\\/\",\"name\":\"Bantam Wankm\u00fcller SA\",\"description\":\"\",\"publisher\":{\"@id\":\"https:\\\/\\\/shop.bantam.ch\\\/fr\\\/#organization\"},\"inLanguage\":\"fr-FR\"},{\"@type\":\"Organization\",\"@id\":\"https:\\\/\\\/shop.bantam.ch\\\/fr\\\/#organization\",\"name\":\"Bantam Wankm\u00fcller SA\",\"url\":\"https:\\\/\\\/shop.bantam.ch\\\/fr\\\/\",\"logo\":{\"@type\":\"ImageObject\",\"inLanguage\":\"fr-FR\",\"@id\":\"https:\\\/\\\/shop.bantam.ch\\\/fr\\\/#\\\/schema\\\/logo\\\/image\\\/\",\"url\":\"https:\\\/\\\/shop.bantam.ch\\\/wp-content\\\/uploads\\\/2022\\\/12\\\/bantam-logo.png\",\"contentUrl\":\"https:\\\/\\\/shop.bantam.ch\\\/wp-content\\\/uploads\\\/2022\\\/12\\\/bantam-logo.png\",\"width\":320,\"height\":71,\"caption\":\"Bantam Wankm\u00fcller SA\"},\"image\":{\"@id\":\"https:\\\/\\\/shop.bantam.ch\\\/fr\\\/#\\\/schema\\\/logo\\\/image\\\/\"}}]}<\/script>\n<!-- \/ Yoast SEO plugin. -->","yoast_head_json":{"title":"four de camping Omnia - Bantam Wankm\u00fcller SA","robots":{"index":"index","follow":"follow","max-snippet":"max-snippet:-1","max-image-preview":"max-image-preview:large","max-video-preview":"max-video-preview:-1"},"canonical":"https:\/\/shop.bantam.ch\/fr\/produit\/four-de-camping-omnia\/","og_locale":"fr_FR","og_type":"article","og_title":"four de camping Omnia - Bantam Wankm\u00fcller SA","og_description":"Le four de camping OMNIA peut aussi bien \u00eatre utilis\u00e9 sur une flamme ouverte (par exemple sur la gazini\u00e8re) que sur les plaques \u00e9lectriques ou c\u00e9ramiques (pas sur les plaques \u00e0 induction) \u00e0 la maison. Le four se compose de trois parties qui, ensemble, fonctionnent comme un four. Cette conception intelligente r\u00e9partit la chaleur de [&hellip;]","og_url":"https:\/\/shop.bantam.ch\/fr\/produit\/four-de-camping-omnia\/","og_site_name":"Bantam Wankm\u00fcller SA","article_modified_time":"2026-04-21T19:05:33+00:00","og_image":[{"width":1000,"height":834,"url":"https:\/\/shop.bantam.ch\/wp-content\/uploads\/2023\/02\/9973475-OMNIA_Camping_Backofen-Standard-01-1.jpg","type":"image\/jpeg"}],"twitter_card":"summary_large_image","twitter_misc":{"Dur\u00e9e de lecture estim\u00e9e":"1 minute"},"schema":{"@context":"https:\/\/schema.org","@graph":[{"@type":"WebPage","@id":"https:\/\/shop.bantam.ch\/fr\/produit\/four-de-camping-omnia\/","url":"https:\/\/shop.bantam.ch\/fr\/produit\/four-de-camping-omnia\/","name":"four de camping Omnia - Bantam Wankm\u00fcller SA","isPartOf":{"@id":"https:\/\/shop.bantam.ch\/fr\/#website"},"primaryImageOfPage":{"@id":"https:\/\/shop.bantam.ch\/fr\/produit\/four-de-camping-omnia\/#primaryimage"},"image":{"@id":"https:\/\/shop.bantam.ch\/fr\/produit\/four-de-camping-omnia\/#primaryimage"},"thumbnailUrl":"https:\/\/shop.bantam.ch\/wp-content\/uploads\/2023\/02\/9973475-OMNIA_Camping_Backofen-Standard-01-1.jpg","datePublished":"2023-02-23T11:00:35+00:00","dateModified":"2026-04-21T19:05:33+00:00","breadcrumb":{"@id":"https:\/\/shop.bantam.ch\/fr\/produit\/four-de-camping-omnia\/#breadcrumb"},"inLanguage":"fr-FR","potentialAction":[{"@type":"ReadAction","target":["https:\/\/shop.bantam.ch\/fr\/produit\/four-de-camping-omnia\/"]}]},{"@type":"ImageObject","inLanguage":"fr-FR","@id":"https:\/\/shop.bantam.ch\/fr\/produit\/four-de-camping-omnia\/#primaryimage","url":"https:\/\/shop.bantam.ch\/wp-content\/uploads\/2023\/02\/9973475-OMNIA_Camping_Backofen-Standard-01-1.jpg","contentUrl":"https:\/\/shop.bantam.ch\/wp-content\/uploads\/2023\/02\/9973475-OMNIA_Camping_Backofen-Standard-01-1.jpg","width":1000,"height":834},{"@type":"BreadcrumbList","@id":"https:\/\/shop.bantam.ch\/fr\/produit\/four-de-camping-omnia\/#breadcrumb","itemListElement":[{"@type":"ListItem","position":1,"name":"Accueil","item":"https:\/\/shop.bantam.ch\/fr\/"},{"@type":"ListItem","position":2,"name":"Boutique","item":"https:\/\/shop.bantam.ch\/fr\/boutique\/"},{"@type":"ListItem","position":3,"name":"four de camping Omnia"}]},{"@type":"WebSite","@id":"https:\/\/shop.bantam.ch\/fr\/#website","url":"https:\/\/shop.bantam.ch\/fr\/","name":"Bantam Wankm\u00fcller SA","description":"","publisher":{"@id":"https:\/\/shop.bantam.ch\/fr\/#organization"},"inLanguage":"fr-FR"},{"@type":"Organization","@id":"https:\/\/shop.bantam.ch\/fr\/#organization","name":"Bantam Wankm\u00fcller SA","url":"https:\/\/shop.bantam.ch\/fr\/","logo":{"@type":"ImageObject","inLanguage":"fr-FR","@id":"https:\/\/shop.bantam.ch\/fr\/#\/schema\/logo\/image\/","url":"https:\/\/shop.bantam.ch\/wp-content\/uploads\/2022\/12\/bantam-logo.png","contentUrl":"https:\/\/shop.bantam.ch\/wp-content\/uploads\/2022\/12\/bantam-logo.png","width":320,"height":71,"caption":"Bantam Wankm\u00fcller SA"},"image":{"@id":"https:\/\/shop.bantam.ch\/fr\/#\/schema\/logo\/image\/"}}]}},"_links":{"self":[{"href":"https:\/\/shop.bantam.ch\/fr\/wp-json\/wp\/v2\/product\/44460","targetHints":{"allow":["GET"]}}],"collection":[{"href":"https:\/\/shop.bantam.ch\/fr\/wp-json\/wp\/v2\/product"}],"about":[{"href":"https:\/\/shop.bantam.ch\/fr\/wp-json\/wp\/v2\/types\/product"}],"wp:featuredmedia":[{"embeddable":true,"href":"https:\/\/shop.bantam.ch\/fr\/wp-json\/wp\/v2\/media\/44454"}],"wp:attachment":[{"href":"https:\/\/shop.bantam.ch\/fr\/wp-json\/wp\/v2\/media?parent=44460"}],"wp:term":[{"taxonomy":"product_featured_cat","embeddable":true,"href":"https:\/\/shop.bantam.ch\/fr\/wp-json\/wp\/v2\/product_featured_cat?post=44460"},{"taxonomy":"product_brand","embeddable":true,"href":"https:\/\/shop.bantam.ch\/fr\/wp-json\/wp\/v2\/product_brand?post=44460"},{"taxonomy":"product_cat","embeddable":true,"href":"https:\/\/shop.bantam.ch\/fr\/wp-json\/wp\/v2\/product_cat?post=44460"},{"taxonomy":"product_tag","embeddable":true,"href":"https:\/\/shop.bantam.ch\/fr\/wp-json\/wp\/v2\/product_tag?post=44460"}],"curies":[{"name":"wp","href":"https:\/\/api.w.org\/{rel}","templated":true}]}}