{"id":44186,"date":"2023-02-23T11:55:11","date_gmt":"2023-02-23T10:55:11","guid":{"rendered":"http:\/\/preprod-dev.sh1.hidora.com\/webshop\/produit\/sac-pour-enrouleur-gris-clair-gris-fonce\/"},"modified":"2026-04-17T21:04:07","modified_gmt":"2026-04-17T19:04:07","slug":"sac-pour-enrouleur-gris-clair-gris-fonce","status":"publish","type":"product","link":"https:\/\/shop.bantam.ch\/fr\/produit\/sac-pour-enrouleur-gris-clair-gris-fonce\/","title":{"rendered":"Sac Hindermann pour enrouleur de camping 25 m"},"content":{"rendered":"<p>Un emplacement de rangement pratique qui prot\u00e8ge l\u2019enrouleur de l&rsquo;humidit\u00e9, de la salet\u00e9 et du sable. L\u2019enrouleur est simplement rang\u00e9 dans le sac. La fermeture \u00e0 glissi\u00e8re \u00e0 4 voies donne acc\u00e8s \u00e0 la poign\u00e9e de transport et les c\u00e2bles peuvent \u00eatre achemin\u00e9s. Une ouverture lat\u00e9rale suppl\u00e9mentaire avec clapet de protection permet le raccordement au r\u00e9seau. L\u2019enrouleur reste ainsi prot\u00e9g\u00e9 m\u00eame en ext\u00e9rieur et \u00e0 port\u00e9e de main.<\/p>\n<p>Mat\u00e9riau :<br \/>b\u00e2che l\u00e9g\u00e8re 100 % PVC<\/p>\n","protected":false},"excerpt":{"rendered":"<p>Un emplacement de rangement pratique qui prot\u00e8ge l\u2019enrouleur de l&rsquo;humidit\u00e9, de la salet\u00e9 et du sable. L\u2019enrouleur est simplement rang\u00e9 dans le sac. La fermeture \u00e0 glissi\u00e8re \u00e0 4 voies donne acc\u00e8s \u00e0 la poign\u00e9e de transport et les c\u00e2bles peuvent \u00eatre achemin\u00e9s. Une ouverture lat\u00e9rale suppl\u00e9mentaire avec clapet de protection permet le raccordement au [&hellip;]<\/p>\n","protected":false},"featured_media":44184,"template":"","meta":{"_acf_changed":false},"product_featured_cat":[],"product_brand":[3040],"product_cat":[4871],"product_tag":[],"class_list":{"0":"post-44186","1":"product","2":"type-product","3":"status-publish","4":"has-post-thumbnail","6":"product_brand-hindermann","7":"product_cat-enrouleurs-de-cable","9":"first","10":"instock","11":"taxable","12":"shipping-taxable","13":"purchasable","14":"product-type-simple"},"acf":[],"yoast_head":"<!-- This site is optimized with the Yoast SEO plugin v27.4 - https:\/\/yoast.com\/product\/yoast-seo-wordpress\/ -->\n<title>Sac Hindermann pour enrouleur de camping 25 m - Bantam Wankm\u00fcller SA<\/title>\n<meta name=\"robots\" content=\"index, follow, max-snippet:-1, max-image-preview:large, max-video-preview:-1\" \/>\n<link rel=\"canonical\" href=\"https:\/\/shop.bantam.ch\/fr\/produit\/sac-pour-enrouleur-gris-clair-gris-fonce\/\" \/>\n<meta property=\"og:locale\" content=\"fr_FR\" \/>\n<meta property=\"og:type\" content=\"article\" \/>\n<meta property=\"og:title\" content=\"Sac Hindermann pour enrouleur de camping 25 m - Bantam Wankm\u00fcller SA\" \/>\n<meta property=\"og:description\" content=\"Un emplacement de rangement pratique qui prot\u00e8ge l\u2019enrouleur de l&rsquo;humidit\u00e9, de la salet\u00e9 et du sable. L\u2019enrouleur est simplement rang\u00e9 dans le sac. La fermeture \u00e0 glissi\u00e8re \u00e0 4 voies donne acc\u00e8s \u00e0 la poign\u00e9e de transport et les c\u00e2bles peuvent \u00eatre achemin\u00e9s. Une ouverture lat\u00e9rale suppl\u00e9mentaire avec clapet de protection permet le raccordement au [&hellip;]\" \/>\n<meta property=\"og:url\" content=\"https:\/\/shop.bantam.ch\/fr\/produit\/sac-pour-enrouleur-gris-clair-gris-fonce\/\" \/>\n<meta property=\"og:site_name\" content=\"Bantam Wankm\u00fcller SA\" \/>\n<meta property=\"article:modified_time\" content=\"2026-04-17T19:04:07+00:00\" \/>\n<meta property=\"og:image\" content=\"https:\/\/shop.bantam.ch\/wp-content\/uploads\/2023\/02\/9920289-Kabeltrommel-Tasche_fuer_25_m_Camper-Kabeltrommel-Standard-01-1.jpg\" \/>\n\t<meta property=\"og:image:width\" content=\"774\" \/>\n\t<meta property=\"og:image:height\" content=\"1000\" \/>\n\t<meta property=\"og:image:type\" content=\"image\/jpeg\" \/>\n<meta name=\"twitter:card\" content=\"summary_large_image\" \/>\n<script type=\"application\/ld+json\" class=\"yoast-schema-graph\">{\"@context\":\"https:\\\/\\\/schema.org\",\"@graph\":[{\"@type\":\"WebPage\",\"@id\":\"https:\\\/\\\/shop.bantam.ch\\\/fr\\\/produit\\\/sac-pour-enrouleur-gris-clair-gris-fonce\\\/\",\"url\":\"https:\\\/\\\/shop.bantam.ch\\\/fr\\\/produit\\\/sac-pour-enrouleur-gris-clair-gris-fonce\\\/\",\"name\":\"Sac Hindermann pour enrouleur de camping 25 m - Bantam Wankm\u00fcller SA\",\"isPartOf\":{\"@id\":\"https:\\\/\\\/shop.bantam.ch\\\/fr\\\/#website\"},\"primaryImageOfPage\":{\"@id\":\"https:\\\/\\\/shop.bantam.ch\\\/fr\\\/produit\\\/sac-pour-enrouleur-gris-clair-gris-fonce\\\/#primaryimage\"},\"image\":{\"@id\":\"https:\\\/\\\/shop.bantam.ch\\\/fr\\\/produit\\\/sac-pour-enrouleur-gris-clair-gris-fonce\\\/#primaryimage\"},\"thumbnailUrl\":\"https:\\\/\\\/shop.bantam.ch\\\/wp-content\\\/uploads\\\/2023\\\/02\\\/9920289-Kabeltrommel-Tasche_fuer_25_m_Camper-Kabeltrommel-Standard-01-1.jpg\",\"datePublished\":\"2023-02-23T10:55:11+00:00\",\"dateModified\":\"2026-04-17T19:04:07+00:00\",\"breadcrumb\":{\"@id\":\"https:\\\/\\\/shop.bantam.ch\\\/fr\\\/produit\\\/sac-pour-enrouleur-gris-clair-gris-fonce\\\/#breadcrumb\"},\"inLanguage\":\"fr-FR\",\"potentialAction\":[{\"@type\":\"ReadAction\",\"target\":[\"https:\\\/\\\/shop.bantam.ch\\\/fr\\\/produit\\\/sac-pour-enrouleur-gris-clair-gris-fonce\\\/\"]}]},{\"@type\":\"ImageObject\",\"inLanguage\":\"fr-FR\",\"@id\":\"https:\\\/\\\/shop.bantam.ch\\\/fr\\\/produit\\\/sac-pour-enrouleur-gris-clair-gris-fonce\\\/#primaryimage\",\"url\":\"https:\\\/\\\/shop.bantam.ch\\\/wp-content\\\/uploads\\\/2023\\\/02\\\/9920289-Kabeltrommel-Tasche_fuer_25_m_Camper-Kabeltrommel-Standard-01-1.jpg\",\"contentUrl\":\"https:\\\/\\\/shop.bantam.ch\\\/wp-content\\\/uploads\\\/2023\\\/02\\\/9920289-Kabeltrommel-Tasche_fuer_25_m_Camper-Kabeltrommel-Standard-01-1.jpg\",\"width\":774,\"height\":1000},{\"@type\":\"BreadcrumbList\",\"@id\":\"https:\\\/\\\/shop.bantam.ch\\\/fr\\\/produit\\\/sac-pour-enrouleur-gris-clair-gris-fonce\\\/#breadcrumb\",\"itemListElement\":[{\"@type\":\"ListItem\",\"position\":1,\"name\":\"Accueil\",\"item\":\"https:\\\/\\\/shop.bantam.ch\\\/fr\\\/\"},{\"@type\":\"ListItem\",\"position\":2,\"name\":\"Boutique\",\"item\":\"https:\\\/\\\/shop.bantam.ch\\\/fr\\\/boutique\\\/\"},{\"@type\":\"ListItem\",\"position\":3,\"name\":\"Sac Hindermann pour enrouleur de camping 25 m\"}]},{\"@type\":\"WebSite\",\"@id\":\"https:\\\/\\\/shop.bantam.ch\\\/fr\\\/#website\",\"url\":\"https:\\\/\\\/shop.bantam.ch\\\/fr\\\/\",\"name\":\"Bantam Wankm\u00fcller SA\",\"description\":\"\",\"publisher\":{\"@id\":\"https:\\\/\\\/shop.bantam.ch\\\/fr\\\/#organization\"},\"inLanguage\":\"fr-FR\"},{\"@type\":\"Organization\",\"@id\":\"https:\\\/\\\/shop.bantam.ch\\\/fr\\\/#organization\",\"name\":\"Bantam Wankm\u00fcller SA\",\"url\":\"https:\\\/\\\/shop.bantam.ch\\\/fr\\\/\",\"logo\":{\"@type\":\"ImageObject\",\"inLanguage\":\"fr-FR\",\"@id\":\"https:\\\/\\\/shop.bantam.ch\\\/fr\\\/#\\\/schema\\\/logo\\\/image\\\/\",\"url\":\"https:\\\/\\\/shop.bantam.ch\\\/wp-content\\\/uploads\\\/2022\\\/12\\\/bantam-logo.png\",\"contentUrl\":\"https:\\\/\\\/shop.bantam.ch\\\/wp-content\\\/uploads\\\/2022\\\/12\\\/bantam-logo.png\",\"width\":320,\"height\":71,\"caption\":\"Bantam Wankm\u00fcller SA\"},\"image\":{\"@id\":\"https:\\\/\\\/shop.bantam.ch\\\/fr\\\/#\\\/schema\\\/logo\\\/image\\\/\"}}]}<\/script>\n<!-- \/ Yoast SEO plugin. -->","yoast_head_json":{"title":"Sac Hindermann pour enrouleur de camping 25 m - Bantam Wankm\u00fcller SA","robots":{"index":"index","follow":"follow","max-snippet":"max-snippet:-1","max-image-preview":"max-image-preview:large","max-video-preview":"max-video-preview:-1"},"canonical":"https:\/\/shop.bantam.ch\/fr\/produit\/sac-pour-enrouleur-gris-clair-gris-fonce\/","og_locale":"fr_FR","og_type":"article","og_title":"Sac Hindermann pour enrouleur de camping 25 m - Bantam Wankm\u00fcller SA","og_description":"Un emplacement de rangement pratique qui prot\u00e8ge l\u2019enrouleur de l&rsquo;humidit\u00e9, de la salet\u00e9 et du sable. L\u2019enrouleur est simplement rang\u00e9 dans le sac. La fermeture \u00e0 glissi\u00e8re \u00e0 4 voies donne acc\u00e8s \u00e0 la poign\u00e9e de transport et les c\u00e2bles peuvent \u00eatre achemin\u00e9s. Une ouverture lat\u00e9rale suppl\u00e9mentaire avec clapet de protection permet le raccordement au [&hellip;]","og_url":"https:\/\/shop.bantam.ch\/fr\/produit\/sac-pour-enrouleur-gris-clair-gris-fonce\/","og_site_name":"Bantam Wankm\u00fcller SA","article_modified_time":"2026-04-17T19:04:07+00:00","og_image":[{"width":774,"height":1000,"url":"https:\/\/shop.bantam.ch\/wp-content\/uploads\/2023\/02\/9920289-Kabeltrommel-Tasche_fuer_25_m_Camper-Kabeltrommel-Standard-01-1.jpg","type":"image\/jpeg"}],"twitter_card":"summary_large_image","schema":{"@context":"https:\/\/schema.org","@graph":[{"@type":"WebPage","@id":"https:\/\/shop.bantam.ch\/fr\/produit\/sac-pour-enrouleur-gris-clair-gris-fonce\/","url":"https:\/\/shop.bantam.ch\/fr\/produit\/sac-pour-enrouleur-gris-clair-gris-fonce\/","name":"Sac Hindermann pour enrouleur de camping 25 m - Bantam Wankm\u00fcller SA","isPartOf":{"@id":"https:\/\/shop.bantam.ch\/fr\/#website"},"primaryImageOfPage":{"@id":"https:\/\/shop.bantam.ch\/fr\/produit\/sac-pour-enrouleur-gris-clair-gris-fonce\/#primaryimage"},"image":{"@id":"https:\/\/shop.bantam.ch\/fr\/produit\/sac-pour-enrouleur-gris-clair-gris-fonce\/#primaryimage"},"thumbnailUrl":"https:\/\/shop.bantam.ch\/wp-content\/uploads\/2023\/02\/9920289-Kabeltrommel-Tasche_fuer_25_m_Camper-Kabeltrommel-Standard-01-1.jpg","datePublished":"2023-02-23T10:55:11+00:00","dateModified":"2026-04-17T19:04:07+00:00","breadcrumb":{"@id":"https:\/\/shop.bantam.ch\/fr\/produit\/sac-pour-enrouleur-gris-clair-gris-fonce\/#breadcrumb"},"inLanguage":"fr-FR","potentialAction":[{"@type":"ReadAction","target":["https:\/\/shop.bantam.ch\/fr\/produit\/sac-pour-enrouleur-gris-clair-gris-fonce\/"]}]},{"@type":"ImageObject","inLanguage":"fr-FR","@id":"https:\/\/shop.bantam.ch\/fr\/produit\/sac-pour-enrouleur-gris-clair-gris-fonce\/#primaryimage","url":"https:\/\/shop.bantam.ch\/wp-content\/uploads\/2023\/02\/9920289-Kabeltrommel-Tasche_fuer_25_m_Camper-Kabeltrommel-Standard-01-1.jpg","contentUrl":"https:\/\/shop.bantam.ch\/wp-content\/uploads\/2023\/02\/9920289-Kabeltrommel-Tasche_fuer_25_m_Camper-Kabeltrommel-Standard-01-1.jpg","width":774,"height":1000},{"@type":"BreadcrumbList","@id":"https:\/\/shop.bantam.ch\/fr\/produit\/sac-pour-enrouleur-gris-clair-gris-fonce\/#breadcrumb","itemListElement":[{"@type":"ListItem","position":1,"name":"Accueil","item":"https:\/\/shop.bantam.ch\/fr\/"},{"@type":"ListItem","position":2,"name":"Boutique","item":"https:\/\/shop.bantam.ch\/fr\/boutique\/"},{"@type":"ListItem","position":3,"name":"Sac Hindermann pour enrouleur de camping 25 m"}]},{"@type":"WebSite","@id":"https:\/\/shop.bantam.ch\/fr\/#website","url":"https:\/\/shop.bantam.ch\/fr\/","name":"Bantam Wankm\u00fcller SA","description":"","publisher":{"@id":"https:\/\/shop.bantam.ch\/fr\/#organization"},"inLanguage":"fr-FR"},{"@type":"Organization","@id":"https:\/\/shop.bantam.ch\/fr\/#organization","name":"Bantam Wankm\u00fcller SA","url":"https:\/\/shop.bantam.ch\/fr\/","logo":{"@type":"ImageObject","inLanguage":"fr-FR","@id":"https:\/\/shop.bantam.ch\/fr\/#\/schema\/logo\/image\/","url":"https:\/\/shop.bantam.ch\/wp-content\/uploads\/2022\/12\/bantam-logo.png","contentUrl":"https:\/\/shop.bantam.ch\/wp-content\/uploads\/2022\/12\/bantam-logo.png","width":320,"height":71,"caption":"Bantam Wankm\u00fcller SA"},"image":{"@id":"https:\/\/shop.bantam.ch\/fr\/#\/schema\/logo\/image\/"}}]}},"_links":{"self":[{"href":"https:\/\/shop.bantam.ch\/fr\/wp-json\/wp\/v2\/product\/44186","targetHints":{"allow":["GET"]}}],"collection":[{"href":"https:\/\/shop.bantam.ch\/fr\/wp-json\/wp\/v2\/product"}],"about":[{"href":"https:\/\/shop.bantam.ch\/fr\/wp-json\/wp\/v2\/types\/product"}],"wp:featuredmedia":[{"embeddable":true,"href":"https:\/\/shop.bantam.ch\/fr\/wp-json\/wp\/v2\/media\/44184"}],"wp:attachment":[{"href":"https:\/\/shop.bantam.ch\/fr\/wp-json\/wp\/v2\/media?parent=44186"}],"wp:term":[{"taxonomy":"product_featured_cat","embeddable":true,"href":"https:\/\/shop.bantam.ch\/fr\/wp-json\/wp\/v2\/product_featured_cat?post=44186"},{"taxonomy":"product_brand","embeddable":true,"href":"https:\/\/shop.bantam.ch\/fr\/wp-json\/wp\/v2\/product_brand?post=44186"},{"taxonomy":"product_cat","embeddable":true,"href":"https:\/\/shop.bantam.ch\/fr\/wp-json\/wp\/v2\/product_cat?post=44186"},{"taxonomy":"product_tag","embeddable":true,"href":"https:\/\/shop.bantam.ch\/fr\/wp-json\/wp\/v2\/product_tag?post=44186"}],"curies":[{"name":"wp","href":"https:\/\/api.w.org\/{rel}","templated":true}]}}