{"id":44182,"date":"2023-02-23T11:55:05","date_gmt":"2023-02-23T10:55:05","guid":{"rendered":"http:\/\/preprod-dev.sh1.hidora.com\/webshop\/produit\/pare-vent-winwall\/"},"modified":"2026-04-18T21:04:29","modified_gmt":"2026-04-18T19:04:29","slug":"pare-vent-winwall","status":"publish","type":"product","link":"https:\/\/shop.bantam.ch\/fr\/produit\/pare-vent-winwall\/","title":{"rendered":"Pare-vent Winwall"},"content":{"rendered":"<p>Protection autoportante contre le vent pour r\u00e9chaud avec plateau r\u00e9sistant \u00e0 la chaleur.  Tous les \u00e9l\u00e9ments sont pliables et fabriqu\u00e9s en m\u00e9tal avec rev\u00eatement par poudrage. Des ouvertures pratiques pour le tuyau de raccordement de gaz se trouvent \u00e0 l&rsquo;arri\u00e8re. Id\u00e9al pour les cuisini\u00e8res et les tables avec plateau en fibre stratifi\u00e9. Pour r\u00e9chauds classiques \u00e0 2 ou 3 br\u00fbleurs.<\/p>\n","protected":false},"excerpt":{"rendered":"<p>Protection autoportante contre le vent pour r\u00e9chaud avec plateau r\u00e9sistant \u00e0 la chaleur. Tous les \u00e9l\u00e9ments sont pliables et fabriqu\u00e9s en m\u00e9tal avec rev\u00eatement par poudrage. Des ouvertures pratiques pour le tuyau de raccordement de gaz se trouvent \u00e0 l&rsquo;arri\u00e8re. Id\u00e9al pour les cuisini\u00e8res et les tables avec plateau en fibre stratifi\u00e9. Pour r\u00e9chauds classiques [&hellip;]<\/p>\n","protected":false},"featured_media":44180,"template":"","meta":{"_acf_changed":false},"product_featured_cat":[],"product_brand":[3080],"product_cat":[4059],"product_tag":[],"class_list":{"0":"post-44182","1":"product","2":"type-product","3":"status-publish","4":"has-post-thumbnail","6":"product_brand-brunner","7":"product_cat-accessoires-meubles-de-camping","9":"first","10":"instock","11":"taxable","12":"shipping-taxable","13":"purchasable","14":"product-type-simple"},"acf":[],"yoast_head":"<!-- This site is optimized with the Yoast SEO plugin v27.4 - https:\/\/yoast.com\/product\/yoast-seo-wordpress\/ -->\n<title>Pare-vent Winwall - Bantam Wankm\u00fcller SA<\/title>\n<meta name=\"robots\" content=\"index, follow, max-snippet:-1, max-image-preview:large, max-video-preview:-1\" \/>\n<link rel=\"canonical\" href=\"https:\/\/shop.bantam.ch\/fr\/produit\/pare-vent-winwall\/\" \/>\n<meta property=\"og:locale\" content=\"fr_FR\" \/>\n<meta property=\"og:type\" content=\"article\" \/>\n<meta property=\"og:title\" content=\"Pare-vent Winwall - Bantam Wankm\u00fcller SA\" \/>\n<meta property=\"og:description\" content=\"Protection autoportante contre le vent pour r\u00e9chaud avec plateau r\u00e9sistant \u00e0 la chaleur. Tous les \u00e9l\u00e9ments sont pliables et fabriqu\u00e9s en m\u00e9tal avec rev\u00eatement par poudrage. Des ouvertures pratiques pour le tuyau de raccordement de gaz se trouvent \u00e0 l&rsquo;arri\u00e8re. Id\u00e9al pour les cuisini\u00e8res et les tables avec plateau en fibre stratifi\u00e9. Pour r\u00e9chauds classiques [&hellip;]\" \/>\n<meta property=\"og:url\" content=\"https:\/\/shop.bantam.ch\/fr\/produit\/pare-vent-winwall\/\" \/>\n<meta property=\"og:site_name\" content=\"Bantam Wankm\u00fcller SA\" \/>\n<meta property=\"article:modified_time\" content=\"2026-04-18T19:04:29+00:00\" \/>\n<meta property=\"og:image\" content=\"https:\/\/shop.bantam.ch\/wp-content\/uploads\/2023\/02\/9920169-Windschutz_Winwall_grau_H25_B63_5_T32_cm-Standard-01-1.jpg\" \/>\n\t<meta property=\"og:image:width\" content=\"1000\" \/>\n\t<meta property=\"og:image:height\" content=\"519\" \/>\n\t<meta property=\"og:image:type\" content=\"image\/jpeg\" \/>\n<meta name=\"twitter:card\" content=\"summary_large_image\" \/>\n<script type=\"application\/ld+json\" class=\"yoast-schema-graph\">{\"@context\":\"https:\\\/\\\/schema.org\",\"@graph\":[{\"@type\":\"WebPage\",\"@id\":\"https:\\\/\\\/shop.bantam.ch\\\/fr\\\/produit\\\/pare-vent-winwall\\\/\",\"url\":\"https:\\\/\\\/shop.bantam.ch\\\/fr\\\/produit\\\/pare-vent-winwall\\\/\",\"name\":\"Pare-vent Winwall - Bantam Wankm\u00fcller SA\",\"isPartOf\":{\"@id\":\"https:\\\/\\\/shop.bantam.ch\\\/fr\\\/#website\"},\"primaryImageOfPage\":{\"@id\":\"https:\\\/\\\/shop.bantam.ch\\\/fr\\\/produit\\\/pare-vent-winwall\\\/#primaryimage\"},\"image\":{\"@id\":\"https:\\\/\\\/shop.bantam.ch\\\/fr\\\/produit\\\/pare-vent-winwall\\\/#primaryimage\"},\"thumbnailUrl\":\"https:\\\/\\\/shop.bantam.ch\\\/wp-content\\\/uploads\\\/2023\\\/02\\\/9920169-Windschutz_Winwall_grau_H25_B63_5_T32_cm-Standard-01-1.jpg\",\"datePublished\":\"2023-02-23T10:55:05+00:00\",\"dateModified\":\"2026-04-18T19:04:29+00:00\",\"breadcrumb\":{\"@id\":\"https:\\\/\\\/shop.bantam.ch\\\/fr\\\/produit\\\/pare-vent-winwall\\\/#breadcrumb\"},\"inLanguage\":\"fr-FR\",\"potentialAction\":[{\"@type\":\"ReadAction\",\"target\":[\"https:\\\/\\\/shop.bantam.ch\\\/fr\\\/produit\\\/pare-vent-winwall\\\/\"]}]},{\"@type\":\"ImageObject\",\"inLanguage\":\"fr-FR\",\"@id\":\"https:\\\/\\\/shop.bantam.ch\\\/fr\\\/produit\\\/pare-vent-winwall\\\/#primaryimage\",\"url\":\"https:\\\/\\\/shop.bantam.ch\\\/wp-content\\\/uploads\\\/2023\\\/02\\\/9920169-Windschutz_Winwall_grau_H25_B63_5_T32_cm-Standard-01-1.jpg\",\"contentUrl\":\"https:\\\/\\\/shop.bantam.ch\\\/wp-content\\\/uploads\\\/2023\\\/02\\\/9920169-Windschutz_Winwall_grau_H25_B63_5_T32_cm-Standard-01-1.jpg\",\"width\":1000,\"height\":519},{\"@type\":\"BreadcrumbList\",\"@id\":\"https:\\\/\\\/shop.bantam.ch\\\/fr\\\/produit\\\/pare-vent-winwall\\\/#breadcrumb\",\"itemListElement\":[{\"@type\":\"ListItem\",\"position\":1,\"name\":\"Accueil\",\"item\":\"https:\\\/\\\/shop.bantam.ch\\\/fr\\\/\"},{\"@type\":\"ListItem\",\"position\":2,\"name\":\"Boutique\",\"item\":\"https:\\\/\\\/shop.bantam.ch\\\/fr\\\/boutique\\\/\"},{\"@type\":\"ListItem\",\"position\":3,\"name\":\"Pare-vent Winwall\"}]},{\"@type\":\"WebSite\",\"@id\":\"https:\\\/\\\/shop.bantam.ch\\\/fr\\\/#website\",\"url\":\"https:\\\/\\\/shop.bantam.ch\\\/fr\\\/\",\"name\":\"Bantam Wankm\u00fcller SA\",\"description\":\"\",\"publisher\":{\"@id\":\"https:\\\/\\\/shop.bantam.ch\\\/fr\\\/#organization\"},\"inLanguage\":\"fr-FR\"},{\"@type\":\"Organization\",\"@id\":\"https:\\\/\\\/shop.bantam.ch\\\/fr\\\/#organization\",\"name\":\"Bantam Wankm\u00fcller SA\",\"url\":\"https:\\\/\\\/shop.bantam.ch\\\/fr\\\/\",\"logo\":{\"@type\":\"ImageObject\",\"inLanguage\":\"fr-FR\",\"@id\":\"https:\\\/\\\/shop.bantam.ch\\\/fr\\\/#\\\/schema\\\/logo\\\/image\\\/\",\"url\":\"https:\\\/\\\/shop.bantam.ch\\\/wp-content\\\/uploads\\\/2022\\\/12\\\/bantam-logo.png\",\"contentUrl\":\"https:\\\/\\\/shop.bantam.ch\\\/wp-content\\\/uploads\\\/2022\\\/12\\\/bantam-logo.png\",\"width\":320,\"height\":71,\"caption\":\"Bantam Wankm\u00fcller SA\"},\"image\":{\"@id\":\"https:\\\/\\\/shop.bantam.ch\\\/fr\\\/#\\\/schema\\\/logo\\\/image\\\/\"}}]}<\/script>\n<!-- \/ Yoast SEO plugin. -->","yoast_head_json":{"title":"Pare-vent Winwall - Bantam Wankm\u00fcller SA","robots":{"index":"index","follow":"follow","max-snippet":"max-snippet:-1","max-image-preview":"max-image-preview:large","max-video-preview":"max-video-preview:-1"},"canonical":"https:\/\/shop.bantam.ch\/fr\/produit\/pare-vent-winwall\/","og_locale":"fr_FR","og_type":"article","og_title":"Pare-vent Winwall - Bantam Wankm\u00fcller SA","og_description":"Protection autoportante contre le vent pour r\u00e9chaud avec plateau r\u00e9sistant \u00e0 la chaleur. Tous les \u00e9l\u00e9ments sont pliables et fabriqu\u00e9s en m\u00e9tal avec rev\u00eatement par poudrage. Des ouvertures pratiques pour le tuyau de raccordement de gaz se trouvent \u00e0 l&rsquo;arri\u00e8re. Id\u00e9al pour les cuisini\u00e8res et les tables avec plateau en fibre stratifi\u00e9. Pour r\u00e9chauds classiques [&hellip;]","og_url":"https:\/\/shop.bantam.ch\/fr\/produit\/pare-vent-winwall\/","og_site_name":"Bantam Wankm\u00fcller SA","article_modified_time":"2026-04-18T19:04:29+00:00","og_image":[{"width":1000,"height":519,"url":"https:\/\/shop.bantam.ch\/wp-content\/uploads\/2023\/02\/9920169-Windschutz_Winwall_grau_H25_B63_5_T32_cm-Standard-01-1.jpg","type":"image\/jpeg"}],"twitter_card":"summary_large_image","schema":{"@context":"https:\/\/schema.org","@graph":[{"@type":"WebPage","@id":"https:\/\/shop.bantam.ch\/fr\/produit\/pare-vent-winwall\/","url":"https:\/\/shop.bantam.ch\/fr\/produit\/pare-vent-winwall\/","name":"Pare-vent Winwall - Bantam Wankm\u00fcller SA","isPartOf":{"@id":"https:\/\/shop.bantam.ch\/fr\/#website"},"primaryImageOfPage":{"@id":"https:\/\/shop.bantam.ch\/fr\/produit\/pare-vent-winwall\/#primaryimage"},"image":{"@id":"https:\/\/shop.bantam.ch\/fr\/produit\/pare-vent-winwall\/#primaryimage"},"thumbnailUrl":"https:\/\/shop.bantam.ch\/wp-content\/uploads\/2023\/02\/9920169-Windschutz_Winwall_grau_H25_B63_5_T32_cm-Standard-01-1.jpg","datePublished":"2023-02-23T10:55:05+00:00","dateModified":"2026-04-18T19:04:29+00:00","breadcrumb":{"@id":"https:\/\/shop.bantam.ch\/fr\/produit\/pare-vent-winwall\/#breadcrumb"},"inLanguage":"fr-FR","potentialAction":[{"@type":"ReadAction","target":["https:\/\/shop.bantam.ch\/fr\/produit\/pare-vent-winwall\/"]}]},{"@type":"ImageObject","inLanguage":"fr-FR","@id":"https:\/\/shop.bantam.ch\/fr\/produit\/pare-vent-winwall\/#primaryimage","url":"https:\/\/shop.bantam.ch\/wp-content\/uploads\/2023\/02\/9920169-Windschutz_Winwall_grau_H25_B63_5_T32_cm-Standard-01-1.jpg","contentUrl":"https:\/\/shop.bantam.ch\/wp-content\/uploads\/2023\/02\/9920169-Windschutz_Winwall_grau_H25_B63_5_T32_cm-Standard-01-1.jpg","width":1000,"height":519},{"@type":"BreadcrumbList","@id":"https:\/\/shop.bantam.ch\/fr\/produit\/pare-vent-winwall\/#breadcrumb","itemListElement":[{"@type":"ListItem","position":1,"name":"Accueil","item":"https:\/\/shop.bantam.ch\/fr\/"},{"@type":"ListItem","position":2,"name":"Boutique","item":"https:\/\/shop.bantam.ch\/fr\/boutique\/"},{"@type":"ListItem","position":3,"name":"Pare-vent Winwall"}]},{"@type":"WebSite","@id":"https:\/\/shop.bantam.ch\/fr\/#website","url":"https:\/\/shop.bantam.ch\/fr\/","name":"Bantam Wankm\u00fcller SA","description":"","publisher":{"@id":"https:\/\/shop.bantam.ch\/fr\/#organization"},"inLanguage":"fr-FR"},{"@type":"Organization","@id":"https:\/\/shop.bantam.ch\/fr\/#organization","name":"Bantam Wankm\u00fcller SA","url":"https:\/\/shop.bantam.ch\/fr\/","logo":{"@type":"ImageObject","inLanguage":"fr-FR","@id":"https:\/\/shop.bantam.ch\/fr\/#\/schema\/logo\/image\/","url":"https:\/\/shop.bantam.ch\/wp-content\/uploads\/2022\/12\/bantam-logo.png","contentUrl":"https:\/\/shop.bantam.ch\/wp-content\/uploads\/2022\/12\/bantam-logo.png","width":320,"height":71,"caption":"Bantam Wankm\u00fcller SA"},"image":{"@id":"https:\/\/shop.bantam.ch\/fr\/#\/schema\/logo\/image\/"}}]}},"_links":{"self":[{"href":"https:\/\/shop.bantam.ch\/fr\/wp-json\/wp\/v2\/product\/44182","targetHints":{"allow":["GET"]}}],"collection":[{"href":"https:\/\/shop.bantam.ch\/fr\/wp-json\/wp\/v2\/product"}],"about":[{"href":"https:\/\/shop.bantam.ch\/fr\/wp-json\/wp\/v2\/types\/product"}],"wp:featuredmedia":[{"embeddable":true,"href":"https:\/\/shop.bantam.ch\/fr\/wp-json\/wp\/v2\/media\/44180"}],"wp:attachment":[{"href":"https:\/\/shop.bantam.ch\/fr\/wp-json\/wp\/v2\/media?parent=44182"}],"wp:term":[{"taxonomy":"product_featured_cat","embeddable":true,"href":"https:\/\/shop.bantam.ch\/fr\/wp-json\/wp\/v2\/product_featured_cat?post=44182"},{"taxonomy":"product_brand","embeddable":true,"href":"https:\/\/shop.bantam.ch\/fr\/wp-json\/wp\/v2\/product_brand?post=44182"},{"taxonomy":"product_cat","embeddable":true,"href":"https:\/\/shop.bantam.ch\/fr\/wp-json\/wp\/v2\/product_cat?post=44182"},{"taxonomy":"product_tag","embeddable":true,"href":"https:\/\/shop.bantam.ch\/fr\/wp-json\/wp\/v2\/product_tag?post=44182"}],"curies":[{"name":"wp","href":"https:\/\/api.w.org\/{rel}","templated":true}]}}