{"id":43832,"date":"2023-02-23T11:48:06","date_gmt":"2023-02-23T10:48:06","guid":{"rendered":"http:\/\/preprod-dev.sh1.hidora.com\/webshop\/produit\/coussin-a-air-comprime-air-lift-coussin-a-air-rehausseur-capacite-de-charge-11-t\/"},"modified":"2026-04-18T21:03:38","modified_gmt":"2026-04-18T19:03:38","slug":"coussin-a-air-comprime-air-lift-coussin-a-air-rehausseur-capacite-de-charge-11-t","status":"publish","type":"product","link":"https:\/\/shop.bantam.ch\/fr\/produit\/coussin-a-air-comprime-air-lift-coussin-a-air-rehausseur-capacite-de-charge-11-t\/","title":{"rendered":"Coussin levage \u00e0 air comprim\u00e9 Coussin levage \u00e0 air comprim\u00e9 Charge admissible 11 t"},"content":{"rendered":"<p>L\u2019Air-Lift est un coussin rehausseur \u00e0 air sous pression extr\u00eamement robuste, r\u00e9sistant \u00e0 l&rsquo;usure, \u00e0 l&rsquo;essence, \u00e0 l&rsquo;huile et aux acides. Il a \u00e9t\u00e9 d\u00e9velopp\u00e9 sp\u00e9cialement pour les caravanes et les camping-cars.  Tous les reliefs de terrain peuvent \u00eatre compens\u00e9es au centim\u00e8tre pr\u00e8s pour une hauteur comprise entre 1,5 et 20 cm.<\/p>\n<p>Gonflage et d\u00e9gonflage via la valve automatique. Contr\u00f4l\u00e9 \u00e0 l\u2018\u00e9preuve de la pression :  48 h \u00e0 5 bar.<\/p>\n<ul>\n<li>Capacit\u00e9 de charge\u00a0: 11 000 kg pour 6 bar<\/li>\n<li>Hauteur : Dimensions gonfl\u00e9 max. 20 cm, non gonfl\u00e9 1,5 cm<\/li>\n<li>Volume : non gonfl\u00e9 3,6 l<\/li>\n<li>Temp\u00e9rature d\u2018utilisation : -20 \u00b0 C \u00e0 + 60 \u00b0 C<\/li>\n<\/ul>\n","protected":false},"excerpt":{"rendered":"<p>L\u2019Air-Lift est un coussin rehausseur \u00e0 air sous pression extr\u00eamement robuste, r\u00e9sistant \u00e0 l&rsquo;usure, \u00e0 l&rsquo;essence, \u00e0 l&rsquo;huile et aux acides. Il a \u00e9t\u00e9 d\u00e9velopp\u00e9 sp\u00e9cialement pour les caravanes et les camping-cars. Tous les reliefs de terrain peuvent \u00eatre compens\u00e9es au centim\u00e8tre pr\u00e8s pour une hauteur comprise entre 1,5 et 20 cm. Gonflage et d\u00e9gonflage [&hellip;]<\/p>\n","protected":false},"featured_media":43826,"template":"","meta":{"_acf_changed":false},"product_featured_cat":[],"product_brand":[3144],"product_cat":[4769],"product_tag":[],"class_list":{"0":"post-43832","1":"product","2":"type-product","3":"status-publish","4":"has-post-thumbnail","6":"product_brand-emuk","7":"product_cat-cales-dacces","9":"first","10":"instock","11":"taxable","12":"shipping-taxable","13":"purchasable","14":"product-type-simple"},"acf":[],"yoast_head":"<!-- This site is optimized with the Yoast SEO plugin v27.4 - https:\/\/yoast.com\/product\/yoast-seo-wordpress\/ -->\n<title>Coussin levage \u00e0 air comprim\u00e9 Coussin levage \u00e0 air comprim\u00e9 Charge admissible 11 t - Bantam Wankm\u00fcller SA<\/title>\n<meta name=\"robots\" content=\"index, follow, max-snippet:-1, max-image-preview:large, max-video-preview:-1\" \/>\n<link rel=\"canonical\" href=\"https:\/\/shop.bantam.ch\/fr\/produit\/coussin-a-air-comprime-air-lift-coussin-a-air-rehausseur-capacite-de-charge-11-t\/\" \/>\n<meta property=\"og:locale\" content=\"fr_FR\" \/>\n<meta property=\"og:type\" content=\"article\" \/>\n<meta property=\"og:title\" content=\"Coussin levage \u00e0 air comprim\u00e9 Coussin levage \u00e0 air comprim\u00e9 Charge admissible 11 t - Bantam Wankm\u00fcller SA\" \/>\n<meta property=\"og:description\" content=\"L\u2019Air-Lift est un coussin rehausseur \u00e0 air sous pression extr\u00eamement robuste, r\u00e9sistant \u00e0 l&rsquo;usure, \u00e0 l&rsquo;essence, \u00e0 l&rsquo;huile et aux acides. Il a \u00e9t\u00e9 d\u00e9velopp\u00e9 sp\u00e9cialement pour les caravanes et les camping-cars. Tous les reliefs de terrain peuvent \u00eatre compens\u00e9es au centim\u00e8tre pr\u00e8s pour une hauteur comprise entre 1,5 et 20 cm. Gonflage et d\u00e9gonflage [&hellip;]\" \/>\n<meta property=\"og:url\" content=\"https:\/\/shop.bantam.ch\/fr\/produit\/coussin-a-air-comprime-air-lift-coussin-a-air-rehausseur-capacite-de-charge-11-t\/\" \/>\n<meta property=\"og:site_name\" content=\"Bantam Wankm\u00fcller SA\" \/>\n<meta property=\"article:modified_time\" content=\"2026-04-18T19:03:38+00:00\" \/>\n<meta property=\"og:image\" content=\"https:\/\/shop.bantam.ch\/wp-content\/uploads\/2023\/02\/9981189-EMUK_Air_Lift_Druckluft_Hebekissen_Tragkraft_11_t-Standard-01-1.jpg\" \/>\n\t<meta property=\"og:image:width\" content=\"1000\" \/>\n\t<meta property=\"og:image:height\" content=\"521\" \/>\n\t<meta property=\"og:image:type\" content=\"image\/jpeg\" \/>\n<meta name=\"twitter:card\" content=\"summary_large_image\" \/>\n<script type=\"application\/ld+json\" class=\"yoast-schema-graph\">{\"@context\":\"https:\\\/\\\/schema.org\",\"@graph\":[{\"@type\":\"WebPage\",\"@id\":\"https:\\\/\\\/shop.bantam.ch\\\/fr\\\/produit\\\/coussin-a-air-comprime-air-lift-coussin-a-air-rehausseur-capacite-de-charge-11-t\\\/\",\"url\":\"https:\\\/\\\/shop.bantam.ch\\\/fr\\\/produit\\\/coussin-a-air-comprime-air-lift-coussin-a-air-rehausseur-capacite-de-charge-11-t\\\/\",\"name\":\"Coussin levage \u00e0 air comprim\u00e9 Coussin levage \u00e0 air comprim\u00e9 Charge admissible 11 t - Bantam Wankm\u00fcller SA\",\"isPartOf\":{\"@id\":\"https:\\\/\\\/shop.bantam.ch\\\/fr\\\/#website\"},\"primaryImageOfPage\":{\"@id\":\"https:\\\/\\\/shop.bantam.ch\\\/fr\\\/produit\\\/coussin-a-air-comprime-air-lift-coussin-a-air-rehausseur-capacite-de-charge-11-t\\\/#primaryimage\"},\"image\":{\"@id\":\"https:\\\/\\\/shop.bantam.ch\\\/fr\\\/produit\\\/coussin-a-air-comprime-air-lift-coussin-a-air-rehausseur-capacite-de-charge-11-t\\\/#primaryimage\"},\"thumbnailUrl\":\"https:\\\/\\\/shop.bantam.ch\\\/wp-content\\\/uploads\\\/2023\\\/02\\\/9981189-EMUK_Air_Lift_Druckluft_Hebekissen_Tragkraft_11_t-Standard-01-1.jpg\",\"datePublished\":\"2023-02-23T10:48:06+00:00\",\"dateModified\":\"2026-04-18T19:03:38+00:00\",\"breadcrumb\":{\"@id\":\"https:\\\/\\\/shop.bantam.ch\\\/fr\\\/produit\\\/coussin-a-air-comprime-air-lift-coussin-a-air-rehausseur-capacite-de-charge-11-t\\\/#breadcrumb\"},\"inLanguage\":\"fr-FR\",\"potentialAction\":[{\"@type\":\"ReadAction\",\"target\":[\"https:\\\/\\\/shop.bantam.ch\\\/fr\\\/produit\\\/coussin-a-air-comprime-air-lift-coussin-a-air-rehausseur-capacite-de-charge-11-t\\\/\"]}]},{\"@type\":\"ImageObject\",\"inLanguage\":\"fr-FR\",\"@id\":\"https:\\\/\\\/shop.bantam.ch\\\/fr\\\/produit\\\/coussin-a-air-comprime-air-lift-coussin-a-air-rehausseur-capacite-de-charge-11-t\\\/#primaryimage\",\"url\":\"https:\\\/\\\/shop.bantam.ch\\\/wp-content\\\/uploads\\\/2023\\\/02\\\/9981189-EMUK_Air_Lift_Druckluft_Hebekissen_Tragkraft_11_t-Standard-01-1.jpg\",\"contentUrl\":\"https:\\\/\\\/shop.bantam.ch\\\/wp-content\\\/uploads\\\/2023\\\/02\\\/9981189-EMUK_Air_Lift_Druckluft_Hebekissen_Tragkraft_11_t-Standard-01-1.jpg\",\"width\":1000,\"height\":521},{\"@type\":\"BreadcrumbList\",\"@id\":\"https:\\\/\\\/shop.bantam.ch\\\/fr\\\/produit\\\/coussin-a-air-comprime-air-lift-coussin-a-air-rehausseur-capacite-de-charge-11-t\\\/#breadcrumb\",\"itemListElement\":[{\"@type\":\"ListItem\",\"position\":1,\"name\":\"Accueil\",\"item\":\"https:\\\/\\\/shop.bantam.ch\\\/fr\\\/\"},{\"@type\":\"ListItem\",\"position\":2,\"name\":\"Boutique\",\"item\":\"https:\\\/\\\/shop.bantam.ch\\\/fr\\\/boutique\\\/\"},{\"@type\":\"ListItem\",\"position\":3,\"name\":\"Coussin levage \u00e0 air comprim\u00e9 Coussin levage \u00e0 air comprim\u00e9 Charge admissible 11 t\"}]},{\"@type\":\"WebSite\",\"@id\":\"https:\\\/\\\/shop.bantam.ch\\\/fr\\\/#website\",\"url\":\"https:\\\/\\\/shop.bantam.ch\\\/fr\\\/\",\"name\":\"Bantam Wankm\u00fcller SA\",\"description\":\"\",\"publisher\":{\"@id\":\"https:\\\/\\\/shop.bantam.ch\\\/fr\\\/#organization\"},\"inLanguage\":\"fr-FR\"},{\"@type\":\"Organization\",\"@id\":\"https:\\\/\\\/shop.bantam.ch\\\/fr\\\/#organization\",\"name\":\"Bantam Wankm\u00fcller SA\",\"url\":\"https:\\\/\\\/shop.bantam.ch\\\/fr\\\/\",\"logo\":{\"@type\":\"ImageObject\",\"inLanguage\":\"fr-FR\",\"@id\":\"https:\\\/\\\/shop.bantam.ch\\\/fr\\\/#\\\/schema\\\/logo\\\/image\\\/\",\"url\":\"https:\\\/\\\/shop.bantam.ch\\\/wp-content\\\/uploads\\\/2022\\\/12\\\/bantam-logo.png\",\"contentUrl\":\"https:\\\/\\\/shop.bantam.ch\\\/wp-content\\\/uploads\\\/2022\\\/12\\\/bantam-logo.png\",\"width\":320,\"height\":71,\"caption\":\"Bantam Wankm\u00fcller SA\"},\"image\":{\"@id\":\"https:\\\/\\\/shop.bantam.ch\\\/fr\\\/#\\\/schema\\\/logo\\\/image\\\/\"}}]}<\/script>\n<!-- \/ Yoast SEO plugin. -->","yoast_head_json":{"title":"Coussin levage \u00e0 air comprim\u00e9 Coussin levage \u00e0 air comprim\u00e9 Charge admissible 11 t - Bantam Wankm\u00fcller SA","robots":{"index":"index","follow":"follow","max-snippet":"max-snippet:-1","max-image-preview":"max-image-preview:large","max-video-preview":"max-video-preview:-1"},"canonical":"https:\/\/shop.bantam.ch\/fr\/produit\/coussin-a-air-comprime-air-lift-coussin-a-air-rehausseur-capacite-de-charge-11-t\/","og_locale":"fr_FR","og_type":"article","og_title":"Coussin levage \u00e0 air comprim\u00e9 Coussin levage \u00e0 air comprim\u00e9 Charge admissible 11 t - Bantam Wankm\u00fcller SA","og_description":"L\u2019Air-Lift est un coussin rehausseur \u00e0 air sous pression extr\u00eamement robuste, r\u00e9sistant \u00e0 l&rsquo;usure, \u00e0 l&rsquo;essence, \u00e0 l&rsquo;huile et aux acides. Il a \u00e9t\u00e9 d\u00e9velopp\u00e9 sp\u00e9cialement pour les caravanes et les camping-cars. Tous les reliefs de terrain peuvent \u00eatre compens\u00e9es au centim\u00e8tre pr\u00e8s pour une hauteur comprise entre 1,5 et 20 cm. Gonflage et d\u00e9gonflage [&hellip;]","og_url":"https:\/\/shop.bantam.ch\/fr\/produit\/coussin-a-air-comprime-air-lift-coussin-a-air-rehausseur-capacite-de-charge-11-t\/","og_site_name":"Bantam Wankm\u00fcller SA","article_modified_time":"2026-04-18T19:03:38+00:00","og_image":[{"width":1000,"height":521,"url":"https:\/\/shop.bantam.ch\/wp-content\/uploads\/2023\/02\/9981189-EMUK_Air_Lift_Druckluft_Hebekissen_Tragkraft_11_t-Standard-01-1.jpg","type":"image\/jpeg"}],"twitter_card":"summary_large_image","schema":{"@context":"https:\/\/schema.org","@graph":[{"@type":"WebPage","@id":"https:\/\/shop.bantam.ch\/fr\/produit\/coussin-a-air-comprime-air-lift-coussin-a-air-rehausseur-capacite-de-charge-11-t\/","url":"https:\/\/shop.bantam.ch\/fr\/produit\/coussin-a-air-comprime-air-lift-coussin-a-air-rehausseur-capacite-de-charge-11-t\/","name":"Coussin levage \u00e0 air comprim\u00e9 Coussin levage \u00e0 air comprim\u00e9 Charge admissible 11 t - Bantam Wankm\u00fcller SA","isPartOf":{"@id":"https:\/\/shop.bantam.ch\/fr\/#website"},"primaryImageOfPage":{"@id":"https:\/\/shop.bantam.ch\/fr\/produit\/coussin-a-air-comprime-air-lift-coussin-a-air-rehausseur-capacite-de-charge-11-t\/#primaryimage"},"image":{"@id":"https:\/\/shop.bantam.ch\/fr\/produit\/coussin-a-air-comprime-air-lift-coussin-a-air-rehausseur-capacite-de-charge-11-t\/#primaryimage"},"thumbnailUrl":"https:\/\/shop.bantam.ch\/wp-content\/uploads\/2023\/02\/9981189-EMUK_Air_Lift_Druckluft_Hebekissen_Tragkraft_11_t-Standard-01-1.jpg","datePublished":"2023-02-23T10:48:06+00:00","dateModified":"2026-04-18T19:03:38+00:00","breadcrumb":{"@id":"https:\/\/shop.bantam.ch\/fr\/produit\/coussin-a-air-comprime-air-lift-coussin-a-air-rehausseur-capacite-de-charge-11-t\/#breadcrumb"},"inLanguage":"fr-FR","potentialAction":[{"@type":"ReadAction","target":["https:\/\/shop.bantam.ch\/fr\/produit\/coussin-a-air-comprime-air-lift-coussin-a-air-rehausseur-capacite-de-charge-11-t\/"]}]},{"@type":"ImageObject","inLanguage":"fr-FR","@id":"https:\/\/shop.bantam.ch\/fr\/produit\/coussin-a-air-comprime-air-lift-coussin-a-air-rehausseur-capacite-de-charge-11-t\/#primaryimage","url":"https:\/\/shop.bantam.ch\/wp-content\/uploads\/2023\/02\/9981189-EMUK_Air_Lift_Druckluft_Hebekissen_Tragkraft_11_t-Standard-01-1.jpg","contentUrl":"https:\/\/shop.bantam.ch\/wp-content\/uploads\/2023\/02\/9981189-EMUK_Air_Lift_Druckluft_Hebekissen_Tragkraft_11_t-Standard-01-1.jpg","width":1000,"height":521},{"@type":"BreadcrumbList","@id":"https:\/\/shop.bantam.ch\/fr\/produit\/coussin-a-air-comprime-air-lift-coussin-a-air-rehausseur-capacite-de-charge-11-t\/#breadcrumb","itemListElement":[{"@type":"ListItem","position":1,"name":"Accueil","item":"https:\/\/shop.bantam.ch\/fr\/"},{"@type":"ListItem","position":2,"name":"Boutique","item":"https:\/\/shop.bantam.ch\/fr\/boutique\/"},{"@type":"ListItem","position":3,"name":"Coussin levage \u00e0 air comprim\u00e9 Coussin levage \u00e0 air comprim\u00e9 Charge admissible 11 t"}]},{"@type":"WebSite","@id":"https:\/\/shop.bantam.ch\/fr\/#website","url":"https:\/\/shop.bantam.ch\/fr\/","name":"Bantam Wankm\u00fcller SA","description":"","publisher":{"@id":"https:\/\/shop.bantam.ch\/fr\/#organization"},"inLanguage":"fr-FR"},{"@type":"Organization","@id":"https:\/\/shop.bantam.ch\/fr\/#organization","name":"Bantam Wankm\u00fcller SA","url":"https:\/\/shop.bantam.ch\/fr\/","logo":{"@type":"ImageObject","inLanguage":"fr-FR","@id":"https:\/\/shop.bantam.ch\/fr\/#\/schema\/logo\/image\/","url":"https:\/\/shop.bantam.ch\/wp-content\/uploads\/2022\/12\/bantam-logo.png","contentUrl":"https:\/\/shop.bantam.ch\/wp-content\/uploads\/2022\/12\/bantam-logo.png","width":320,"height":71,"caption":"Bantam Wankm\u00fcller SA"},"image":{"@id":"https:\/\/shop.bantam.ch\/fr\/#\/schema\/logo\/image\/"}}]}},"_links":{"self":[{"href":"https:\/\/shop.bantam.ch\/fr\/wp-json\/wp\/v2\/product\/43832","targetHints":{"allow":["GET"]}}],"collection":[{"href":"https:\/\/shop.bantam.ch\/fr\/wp-json\/wp\/v2\/product"}],"about":[{"href":"https:\/\/shop.bantam.ch\/fr\/wp-json\/wp\/v2\/types\/product"}],"wp:featuredmedia":[{"embeddable":true,"href":"https:\/\/shop.bantam.ch\/fr\/wp-json\/wp\/v2\/media\/43826"}],"wp:attachment":[{"href":"https:\/\/shop.bantam.ch\/fr\/wp-json\/wp\/v2\/media?parent=43832"}],"wp:term":[{"taxonomy":"product_featured_cat","embeddable":true,"href":"https:\/\/shop.bantam.ch\/fr\/wp-json\/wp\/v2\/product_featured_cat?post=43832"},{"taxonomy":"product_brand","embeddable":true,"href":"https:\/\/shop.bantam.ch\/fr\/wp-json\/wp\/v2\/product_brand?post=43832"},{"taxonomy":"product_cat","embeddable":true,"href":"https:\/\/shop.bantam.ch\/fr\/wp-json\/wp\/v2\/product_cat?post=43832"},{"taxonomy":"product_tag","embeddable":true,"href":"https:\/\/shop.bantam.ch\/fr\/wp-json\/wp\/v2\/product_tag?post=43832"}],"curies":[{"name":"wp","href":"https:\/\/api.w.org\/{rel}","templated":true}]}}