{"id":43714,"date":"2023-02-23T11:45:49","date_gmt":"2023-02-23T10:45:49","guid":{"rendered":"http:\/\/preprod-dev.sh1.hidora.com\/webshop\/produit\/coussins-dair-flat-jack-camper-edition\/"},"modified":"2026-04-18T21:03:10","modified_gmt":"2026-04-18T19:03:10","slug":"coussins-dair-flat-jack-camper-edition","status":"publish","type":"product","link":"https:\/\/shop.bantam.ch\/fr\/produit\/coussins-dair-flat-jack-camper-edition\/","title":{"rendered":"Coussin Flat-Jack"},"content":{"rendered":"<p>Le coussin d&rsquo;air de pneu permettant d&rsquo;\u00e9viter les crevaisons \u00e0 l&rsquo;arr\u00eat est double \u00e9paisseur. Les membranes internes servent \u00e0 assurer une \u00e9tanch\u00e9it\u00e9 maximale. L&rsquo;enveloppe ext\u00e9rieure est responsable de la long\u00e9vit\u00e9 et de la stabilit\u00e9 de la forme.\u00a0 Le coussin d&rsquo;air de pneu permet une adaptation optimale \u00e0 chaque contour de pneu gr\u00e2ce \u00e0 des chambres de diff\u00e9rentes dimensions. La surface de contact est augment\u00e9e, la pression d&rsquo;appui est efficacement r\u00e9duite et uniform\u00e9ment r\u00e9partie. Les forces lat\u00e9rales sont efficacement r\u00e9duites et les tensions dans le v\u00e9hicule sont compens\u00e9es. La version Camper poss\u00e8de une structure interne sp\u00e9cialement con\u00e7ue pour les v\u00e9hicules lourds (fourgonnette de camping, caravane). Les camping-cars peuvent donc \u00eatre mont\u00e9s sans probl\u00e8me avec des coussins de pneus plac\u00e9s en dessous et utilis\u00e9s comme compensateurs de niveau sur l&#8217;emplacement de camping.<\/p>\n<ul>\n<li>Unique en son genre : tr\u00e8s grande surface de contact avec r\u00e9partition uniforme<\/li>\n<li>de la pression sur toute la surface de contact<\/li>\n<li>Isolation thermique optimale : protection du mat\u00e9riau du pneu contre le froid<\/li>\n<li>D\u00e9couplage complet du sol. Les forces agissant sur les c\u00f4t\u00e9s peuvent dispara\u00eetre gr\u00e2ce au rembourrage souple<\/li>\n<li>D\u00e9charge de la suspension et du roulement<\/li>\n<li>Mat\u00e9riau haut de gamme et finitions<\/li>\n<li>Grande capacit\u00e9 portante et de charge : convient aux v\u00e9hicules jusqu&rsquo;\u00e0 7,5 t<\/li>\n<li>Utilisation conviviale<\/li>\n<li>Impression sur le produit pour aider au centrage.<\/li>\n<li>Faible encombrement<\/li>\n<li>Nivellement des terrains accident\u00e9s jusqu&rsquo;\u00e0 6 cm<\/li>\n<\/ul>\n","protected":false},"excerpt":{"rendered":"<p>Le coussin d&rsquo;air de pneu permettant d&rsquo;\u00e9viter les crevaisons \u00e0 l&rsquo;arr\u00eat est double \u00e9paisseur. Les membranes internes servent \u00e0 assurer une \u00e9tanch\u00e9it\u00e9 maximale. L&rsquo;enveloppe ext\u00e9rieure est responsable de la long\u00e9vit\u00e9 et de la stabilit\u00e9 de la forme.\u00a0 Le coussin d&rsquo;air de pneu permet une adaptation optimale \u00e0 chaque contour de pneu gr\u00e2ce \u00e0 des chambres [&hellip;]<\/p>\n","protected":false},"featured_media":43710,"template":"","meta":{"_acf_changed":false},"product_featured_cat":[],"product_brand":[3100],"product_cat":[4769],"product_tag":[],"class_list":{"0":"post-43714","1":"product","2":"type-product","3":"status-publish","4":"has-post-thumbnail","6":"product_brand-flat-jack","7":"product_cat-cales-dacces","9":"first","10":"instock","11":"taxable","12":"shipping-taxable","13":"purchasable","14":"product-type-simple"},"acf":[],"yoast_head":"<!-- This site is optimized with the Yoast SEO plugin v27.4 - https:\/\/yoast.com\/product\/yoast-seo-wordpress\/ -->\n<title>Coussin Flat-Jack - Bantam Wankm\u00fcller SA<\/title>\n<meta name=\"robots\" content=\"index, follow, max-snippet:-1, max-image-preview:large, max-video-preview:-1\" \/>\n<link rel=\"canonical\" href=\"https:\/\/shop.bantam.ch\/fr\/produit\/coussins-dair-flat-jack-camper-edition\/\" \/>\n<meta property=\"og:locale\" content=\"fr_FR\" \/>\n<meta property=\"og:type\" content=\"article\" \/>\n<meta property=\"og:title\" content=\"Coussin Flat-Jack - Bantam Wankm\u00fcller SA\" \/>\n<meta property=\"og:description\" content=\"Le coussin d&rsquo;air de pneu permettant d&rsquo;\u00e9viter les crevaisons \u00e0 l&rsquo;arr\u00eat est double \u00e9paisseur. Les membranes internes servent \u00e0 assurer une \u00e9tanch\u00e9it\u00e9 maximale. L&rsquo;enveloppe ext\u00e9rieure est responsable de la long\u00e9vit\u00e9 et de la stabilit\u00e9 de la forme.\u00a0 Le coussin d&rsquo;air de pneu permet une adaptation optimale \u00e0 chaque contour de pneu gr\u00e2ce \u00e0 des chambres [&hellip;]\" \/>\n<meta property=\"og:url\" content=\"https:\/\/shop.bantam.ch\/fr\/produit\/coussins-dair-flat-jack-camper-edition\/\" \/>\n<meta property=\"og:site_name\" content=\"Bantam Wankm\u00fcller SA\" \/>\n<meta property=\"article:modified_time\" content=\"2026-04-18T19:03:10+00:00\" \/>\n<meta property=\"og:image\" content=\"https:\/\/shop.bantam.ch\/wp-content\/uploads\/2023\/02\/9960068-flat-jack_Luftkissen_Camper-Edition-Standard-01-1.jpg\" \/>\n\t<meta property=\"og:image:width\" content=\"1000\" \/>\n\t<meta property=\"og:image:height\" content=\"669\" \/>\n\t<meta property=\"og:image:type\" content=\"image\/jpeg\" \/>\n<meta name=\"twitter:card\" content=\"summary_large_image\" \/>\n<meta name=\"twitter:label1\" content=\"Dur\u00e9e de lecture estim\u00e9e\" \/>\n\t<meta name=\"twitter:data1\" content=\"1 minute\" \/>\n<script type=\"application\/ld+json\" class=\"yoast-schema-graph\">{\"@context\":\"https:\\\/\\\/schema.org\",\"@graph\":[{\"@type\":\"WebPage\",\"@id\":\"https:\\\/\\\/shop.bantam.ch\\\/fr\\\/produit\\\/coussins-dair-flat-jack-camper-edition\\\/\",\"url\":\"https:\\\/\\\/shop.bantam.ch\\\/fr\\\/produit\\\/coussins-dair-flat-jack-camper-edition\\\/\",\"name\":\"Coussin Flat-Jack - Bantam Wankm\u00fcller SA\",\"isPartOf\":{\"@id\":\"https:\\\/\\\/shop.bantam.ch\\\/fr\\\/#website\"},\"primaryImageOfPage\":{\"@id\":\"https:\\\/\\\/shop.bantam.ch\\\/fr\\\/produit\\\/coussins-dair-flat-jack-camper-edition\\\/#primaryimage\"},\"image\":{\"@id\":\"https:\\\/\\\/shop.bantam.ch\\\/fr\\\/produit\\\/coussins-dair-flat-jack-camper-edition\\\/#primaryimage\"},\"thumbnailUrl\":\"https:\\\/\\\/shop.bantam.ch\\\/wp-content\\\/uploads\\\/2023\\\/02\\\/9960068-flat-jack_Luftkissen_Camper-Edition-Standard-01-1.jpg\",\"datePublished\":\"2023-02-23T10:45:49+00:00\",\"dateModified\":\"2026-04-18T19:03:10+00:00\",\"breadcrumb\":{\"@id\":\"https:\\\/\\\/shop.bantam.ch\\\/fr\\\/produit\\\/coussins-dair-flat-jack-camper-edition\\\/#breadcrumb\"},\"inLanguage\":\"fr-FR\",\"potentialAction\":[{\"@type\":\"ReadAction\",\"target\":[\"https:\\\/\\\/shop.bantam.ch\\\/fr\\\/produit\\\/coussins-dair-flat-jack-camper-edition\\\/\"]}]},{\"@type\":\"ImageObject\",\"inLanguage\":\"fr-FR\",\"@id\":\"https:\\\/\\\/shop.bantam.ch\\\/fr\\\/produit\\\/coussins-dair-flat-jack-camper-edition\\\/#primaryimage\",\"url\":\"https:\\\/\\\/shop.bantam.ch\\\/wp-content\\\/uploads\\\/2023\\\/02\\\/9960068-flat-jack_Luftkissen_Camper-Edition-Standard-01-1.jpg\",\"contentUrl\":\"https:\\\/\\\/shop.bantam.ch\\\/wp-content\\\/uploads\\\/2023\\\/02\\\/9960068-flat-jack_Luftkissen_Camper-Edition-Standard-01-1.jpg\",\"width\":1000,\"height\":669},{\"@type\":\"BreadcrumbList\",\"@id\":\"https:\\\/\\\/shop.bantam.ch\\\/fr\\\/produit\\\/coussins-dair-flat-jack-camper-edition\\\/#breadcrumb\",\"itemListElement\":[{\"@type\":\"ListItem\",\"position\":1,\"name\":\"Accueil\",\"item\":\"https:\\\/\\\/shop.bantam.ch\\\/fr\\\/\"},{\"@type\":\"ListItem\",\"position\":2,\"name\":\"Boutique\",\"item\":\"https:\\\/\\\/shop.bantam.ch\\\/fr\\\/boutique\\\/\"},{\"@type\":\"ListItem\",\"position\":3,\"name\":\"Coussin Flat-Jack\"}]},{\"@type\":\"WebSite\",\"@id\":\"https:\\\/\\\/shop.bantam.ch\\\/fr\\\/#website\",\"url\":\"https:\\\/\\\/shop.bantam.ch\\\/fr\\\/\",\"name\":\"Bantam Wankm\u00fcller SA\",\"description\":\"\",\"publisher\":{\"@id\":\"https:\\\/\\\/shop.bantam.ch\\\/fr\\\/#organization\"},\"inLanguage\":\"fr-FR\"},{\"@type\":\"Organization\",\"@id\":\"https:\\\/\\\/shop.bantam.ch\\\/fr\\\/#organization\",\"name\":\"Bantam Wankm\u00fcller SA\",\"url\":\"https:\\\/\\\/shop.bantam.ch\\\/fr\\\/\",\"logo\":{\"@type\":\"ImageObject\",\"inLanguage\":\"fr-FR\",\"@id\":\"https:\\\/\\\/shop.bantam.ch\\\/fr\\\/#\\\/schema\\\/logo\\\/image\\\/\",\"url\":\"https:\\\/\\\/shop.bantam.ch\\\/wp-content\\\/uploads\\\/2022\\\/12\\\/bantam-logo.png\",\"contentUrl\":\"https:\\\/\\\/shop.bantam.ch\\\/wp-content\\\/uploads\\\/2022\\\/12\\\/bantam-logo.png\",\"width\":320,\"height\":71,\"caption\":\"Bantam Wankm\u00fcller SA\"},\"image\":{\"@id\":\"https:\\\/\\\/shop.bantam.ch\\\/fr\\\/#\\\/schema\\\/logo\\\/image\\\/\"}}]}<\/script>\n<!-- \/ Yoast SEO plugin. -->","yoast_head_json":{"title":"Coussin Flat-Jack - Bantam Wankm\u00fcller SA","robots":{"index":"index","follow":"follow","max-snippet":"max-snippet:-1","max-image-preview":"max-image-preview:large","max-video-preview":"max-video-preview:-1"},"canonical":"https:\/\/shop.bantam.ch\/fr\/produit\/coussins-dair-flat-jack-camper-edition\/","og_locale":"fr_FR","og_type":"article","og_title":"Coussin Flat-Jack - Bantam Wankm\u00fcller SA","og_description":"Le coussin d&rsquo;air de pneu permettant d&rsquo;\u00e9viter les crevaisons \u00e0 l&rsquo;arr\u00eat est double \u00e9paisseur. Les membranes internes servent \u00e0 assurer une \u00e9tanch\u00e9it\u00e9 maximale. L&rsquo;enveloppe ext\u00e9rieure est responsable de la long\u00e9vit\u00e9 et de la stabilit\u00e9 de la forme.\u00a0 Le coussin d&rsquo;air de pneu permet une adaptation optimale \u00e0 chaque contour de pneu gr\u00e2ce \u00e0 des chambres [&hellip;]","og_url":"https:\/\/shop.bantam.ch\/fr\/produit\/coussins-dair-flat-jack-camper-edition\/","og_site_name":"Bantam Wankm\u00fcller SA","article_modified_time":"2026-04-18T19:03:10+00:00","og_image":[{"width":1000,"height":669,"url":"https:\/\/shop.bantam.ch\/wp-content\/uploads\/2023\/02\/9960068-flat-jack_Luftkissen_Camper-Edition-Standard-01-1.jpg","type":"image\/jpeg"}],"twitter_card":"summary_large_image","twitter_misc":{"Dur\u00e9e de lecture estim\u00e9e":"1 minute"},"schema":{"@context":"https:\/\/schema.org","@graph":[{"@type":"WebPage","@id":"https:\/\/shop.bantam.ch\/fr\/produit\/coussins-dair-flat-jack-camper-edition\/","url":"https:\/\/shop.bantam.ch\/fr\/produit\/coussins-dair-flat-jack-camper-edition\/","name":"Coussin Flat-Jack - Bantam Wankm\u00fcller SA","isPartOf":{"@id":"https:\/\/shop.bantam.ch\/fr\/#website"},"primaryImageOfPage":{"@id":"https:\/\/shop.bantam.ch\/fr\/produit\/coussins-dair-flat-jack-camper-edition\/#primaryimage"},"image":{"@id":"https:\/\/shop.bantam.ch\/fr\/produit\/coussins-dair-flat-jack-camper-edition\/#primaryimage"},"thumbnailUrl":"https:\/\/shop.bantam.ch\/wp-content\/uploads\/2023\/02\/9960068-flat-jack_Luftkissen_Camper-Edition-Standard-01-1.jpg","datePublished":"2023-02-23T10:45:49+00:00","dateModified":"2026-04-18T19:03:10+00:00","breadcrumb":{"@id":"https:\/\/shop.bantam.ch\/fr\/produit\/coussins-dair-flat-jack-camper-edition\/#breadcrumb"},"inLanguage":"fr-FR","potentialAction":[{"@type":"ReadAction","target":["https:\/\/shop.bantam.ch\/fr\/produit\/coussins-dair-flat-jack-camper-edition\/"]}]},{"@type":"ImageObject","inLanguage":"fr-FR","@id":"https:\/\/shop.bantam.ch\/fr\/produit\/coussins-dair-flat-jack-camper-edition\/#primaryimage","url":"https:\/\/shop.bantam.ch\/wp-content\/uploads\/2023\/02\/9960068-flat-jack_Luftkissen_Camper-Edition-Standard-01-1.jpg","contentUrl":"https:\/\/shop.bantam.ch\/wp-content\/uploads\/2023\/02\/9960068-flat-jack_Luftkissen_Camper-Edition-Standard-01-1.jpg","width":1000,"height":669},{"@type":"BreadcrumbList","@id":"https:\/\/shop.bantam.ch\/fr\/produit\/coussins-dair-flat-jack-camper-edition\/#breadcrumb","itemListElement":[{"@type":"ListItem","position":1,"name":"Accueil","item":"https:\/\/shop.bantam.ch\/fr\/"},{"@type":"ListItem","position":2,"name":"Boutique","item":"https:\/\/shop.bantam.ch\/fr\/boutique\/"},{"@type":"ListItem","position":3,"name":"Coussin Flat-Jack"}]},{"@type":"WebSite","@id":"https:\/\/shop.bantam.ch\/fr\/#website","url":"https:\/\/shop.bantam.ch\/fr\/","name":"Bantam Wankm\u00fcller SA","description":"","publisher":{"@id":"https:\/\/shop.bantam.ch\/fr\/#organization"},"inLanguage":"fr-FR"},{"@type":"Organization","@id":"https:\/\/shop.bantam.ch\/fr\/#organization","name":"Bantam Wankm\u00fcller SA","url":"https:\/\/shop.bantam.ch\/fr\/","logo":{"@type":"ImageObject","inLanguage":"fr-FR","@id":"https:\/\/shop.bantam.ch\/fr\/#\/schema\/logo\/image\/","url":"https:\/\/shop.bantam.ch\/wp-content\/uploads\/2022\/12\/bantam-logo.png","contentUrl":"https:\/\/shop.bantam.ch\/wp-content\/uploads\/2022\/12\/bantam-logo.png","width":320,"height":71,"caption":"Bantam Wankm\u00fcller SA"},"image":{"@id":"https:\/\/shop.bantam.ch\/fr\/#\/schema\/logo\/image\/"}}]}},"_links":{"self":[{"href":"https:\/\/shop.bantam.ch\/fr\/wp-json\/wp\/v2\/product\/43714","targetHints":{"allow":["GET"]}}],"collection":[{"href":"https:\/\/shop.bantam.ch\/fr\/wp-json\/wp\/v2\/product"}],"about":[{"href":"https:\/\/shop.bantam.ch\/fr\/wp-json\/wp\/v2\/types\/product"}],"wp:featuredmedia":[{"embeddable":true,"href":"https:\/\/shop.bantam.ch\/fr\/wp-json\/wp\/v2\/media\/43710"}],"wp:attachment":[{"href":"https:\/\/shop.bantam.ch\/fr\/wp-json\/wp\/v2\/media?parent=43714"}],"wp:term":[{"taxonomy":"product_featured_cat","embeddable":true,"href":"https:\/\/shop.bantam.ch\/fr\/wp-json\/wp\/v2\/product_featured_cat?post=43714"},{"taxonomy":"product_brand","embeddable":true,"href":"https:\/\/shop.bantam.ch\/fr\/wp-json\/wp\/v2\/product_brand?post=43714"},{"taxonomy":"product_cat","embeddable":true,"href":"https:\/\/shop.bantam.ch\/fr\/wp-json\/wp\/v2\/product_cat?post=43714"},{"taxonomy":"product_tag","embeddable":true,"href":"https:\/\/shop.bantam.ch\/fr\/wp-json\/wp\/v2\/product_tag?post=43714"}],"curies":[{"name":"wp","href":"https:\/\/api.w.org\/{rel}","templated":true}]}}