{"id":43680,"date":"2023-02-23T11:45:07","date_gmt":"2023-02-23T10:45:07","guid":{"rendered":"http:\/\/preprod-dev.sh1.hidora.com\/webshop\/produit\/volet-isolant-exterieur-isolux-universel-pour-camping-car-integral\/"},"modified":"2026-04-18T21:03:10","modified_gmt":"2026-04-18T19:03:10","slug":"volet-isolant-exterieur-isolux-universel-pour-camping-car-integral","status":"publish","type":"product","link":"https:\/\/shop.bantam.ch\/fr\/produit\/volet-isolant-exterieur-isolux-universel-pour-camping-car-integral\/","title":{"rendered":"Isolation exterieure Isolux Pour camping-car int\u00e9gral"},"content":{"rendered":"<p>Isole les vitres de la cabine de conduite de diff\u00e9rents camping-cars contre le froid et la chaleur et m\u00eame contre les rayons du soleil. Fixation sans percer la carrosserie et sans adh\u00e9sif non d\u00e9tachable. Emball\u00e9 dans un \u00ab\u00a0sac de marin\u00a0\u00bb durable et utile avec fermeture \u00e9clair.<\/p>\n<ul>\n<li>Possibilit\u00e9 d\u2019adapter le volet isolant au niveau du montant A sur de nombreux mod\u00e8les comme N+B Arto, B\u00fcrstner Viseo, LMC Liberty et Explorer, Laika Kreos, Hymer classe\u00a0B, Excis-I, Starline, Dethleffs Globebus, Knaus Van-TI et bien d\u2019autres.<\/li>\n<li>Aucune modification de la carrosserie n\u2019est n\u00e9cessaire<\/li>\n<li>Fixation \u00e0 l\u2019aide de ventouses sur les parois lat\u00e9rales et les vitres<\/li>\n<li>Isolation thermique optimale et r\u00e9sistance au froid<\/li>\n<li>Possibilit\u00e9 de l\u2019utiliser sur un nouveau v\u00e9hicule, en cas de changement<\/li>\n<li>Avec emballage de transport pratique, dimensions et poids r\u00e9duits<\/li>\n<li>Sans PVC<\/li>\n<\/ul>\n<p>Contenu de la livraison :<\/p>\n<ul>\n<li>Volet thermique, une pi\u00e8ce<\/li>\n<li>4\u00a0ventouses \u00e0 visser<\/li>\n<li>6\u00a0ventouses transparentes<\/li>\n<li>4\u00a0ventouses rondes \u00e0 coller<\/li>\n<li>Notice de montage<\/li>\n<li>Sac de transport<\/li>\n<\/ul>\n<p>\u00a0<\/p>\n","protected":false},"excerpt":{"rendered":"<p>Isole les vitres de la cabine de conduite de diff\u00e9rents camping-cars contre le froid et la chaleur et m\u00eame contre les rayons du soleil. Fixation sans percer la carrosserie et sans adh\u00e9sif non d\u00e9tachable. Emball\u00e9 dans un \u00ab\u00a0sac de marin\u00a0\u00bb durable et utile avec fermeture \u00e9clair. Possibilit\u00e9 d\u2019adapter le volet isolant au niveau du montant [&hellip;]<\/p>\n","protected":false},"featured_media":43676,"template":"","meta":{"_acf_changed":false},"product_featured_cat":[],"product_brand":[3030],"product_cat":[4641],"product_tag":[],"class_list":{"0":"post-43680","1":"product","2":"type-product","3":"status-publish","4":"has-post-thumbnail","6":"product_brand-tecon-covercraft","7":"product_cat-matelas-et-rideaux-thermiques","9":"first","10":"instock","11":"taxable","12":"shipping-taxable","13":"purchasable","14":"product-type-simple"},"acf":[],"yoast_head":"<!-- This site is optimized with the Yoast SEO plugin v27.4 - https:\/\/yoast.com\/product\/yoast-seo-wordpress\/ -->\n<title>Isolation exterieure Isolux Pour camping-car int\u00e9gral - Bantam Wankm\u00fcller SA<\/title>\n<meta name=\"robots\" content=\"index, follow, max-snippet:-1, max-image-preview:large, max-video-preview:-1\" \/>\n<link rel=\"canonical\" href=\"https:\/\/shop.bantam.ch\/fr\/produit\/volet-isolant-exterieur-isolux-universel-pour-camping-car-integral\/\" \/>\n<meta property=\"og:locale\" content=\"fr_FR\" \/>\n<meta property=\"og:type\" content=\"article\" \/>\n<meta property=\"og:title\" content=\"Isolation exterieure Isolux Pour camping-car int\u00e9gral - Bantam Wankm\u00fcller SA\" \/>\n<meta property=\"og:description\" content=\"Isole les vitres de la cabine de conduite de diff\u00e9rents camping-cars contre le froid et la chaleur et m\u00eame contre les rayons du soleil. Fixation sans percer la carrosserie et sans adh\u00e9sif non d\u00e9tachable. Emball\u00e9 dans un \u00ab\u00a0sac de marin\u00a0\u00bb durable et utile avec fermeture \u00e9clair. Possibilit\u00e9 d\u2019adapter le volet isolant au niveau du montant [&hellip;]\" \/>\n<meta property=\"og:url\" content=\"https:\/\/shop.bantam.ch\/fr\/produit\/volet-isolant-exterieur-isolux-universel-pour-camping-car-integral\/\" \/>\n<meta property=\"og:site_name\" content=\"Bantam Wankm\u00fcller SA\" \/>\n<meta property=\"article:modified_time\" content=\"2026-04-18T19:03:10+00:00\" \/>\n<meta property=\"og:image\" content=\"https:\/\/shop.bantam.ch\/wp-content\/uploads\/2023\/02\/9965003-Isolux_Aussenisoliermatte_Fahrerhaus_integrierte_Wohnmobile-Standard-01-1.jpg\" \/>\n\t<meta property=\"og:image:width\" content=\"1000\" \/>\n\t<meta property=\"og:image:height\" content=\"563\" \/>\n\t<meta property=\"og:image:type\" content=\"image\/jpeg\" \/>\n<meta name=\"twitter:card\" content=\"summary_large_image\" \/>\n<meta name=\"twitter:label1\" content=\"Dur\u00e9e de lecture estim\u00e9e\" \/>\n\t<meta name=\"twitter:data1\" content=\"1 minute\" \/>\n<script type=\"application\/ld+json\" class=\"yoast-schema-graph\">{\"@context\":\"https:\\\/\\\/schema.org\",\"@graph\":[{\"@type\":\"WebPage\",\"@id\":\"https:\\\/\\\/shop.bantam.ch\\\/fr\\\/produit\\\/volet-isolant-exterieur-isolux-universel-pour-camping-car-integral\\\/\",\"url\":\"https:\\\/\\\/shop.bantam.ch\\\/fr\\\/produit\\\/volet-isolant-exterieur-isolux-universel-pour-camping-car-integral\\\/\",\"name\":\"Isolation exterieure Isolux Pour camping-car int\u00e9gral - Bantam Wankm\u00fcller SA\",\"isPartOf\":{\"@id\":\"https:\\\/\\\/shop.bantam.ch\\\/fr\\\/#website\"},\"primaryImageOfPage\":{\"@id\":\"https:\\\/\\\/shop.bantam.ch\\\/fr\\\/produit\\\/volet-isolant-exterieur-isolux-universel-pour-camping-car-integral\\\/#primaryimage\"},\"image\":{\"@id\":\"https:\\\/\\\/shop.bantam.ch\\\/fr\\\/produit\\\/volet-isolant-exterieur-isolux-universel-pour-camping-car-integral\\\/#primaryimage\"},\"thumbnailUrl\":\"https:\\\/\\\/shop.bantam.ch\\\/wp-content\\\/uploads\\\/2023\\\/02\\\/9965003-Isolux_Aussenisoliermatte_Fahrerhaus_integrierte_Wohnmobile-Standard-01-1.jpg\",\"datePublished\":\"2023-02-23T10:45:07+00:00\",\"dateModified\":\"2026-04-18T19:03:10+00:00\",\"breadcrumb\":{\"@id\":\"https:\\\/\\\/shop.bantam.ch\\\/fr\\\/produit\\\/volet-isolant-exterieur-isolux-universel-pour-camping-car-integral\\\/#breadcrumb\"},\"inLanguage\":\"fr-FR\",\"potentialAction\":[{\"@type\":\"ReadAction\",\"target\":[\"https:\\\/\\\/shop.bantam.ch\\\/fr\\\/produit\\\/volet-isolant-exterieur-isolux-universel-pour-camping-car-integral\\\/\"]}]},{\"@type\":\"ImageObject\",\"inLanguage\":\"fr-FR\",\"@id\":\"https:\\\/\\\/shop.bantam.ch\\\/fr\\\/produit\\\/volet-isolant-exterieur-isolux-universel-pour-camping-car-integral\\\/#primaryimage\",\"url\":\"https:\\\/\\\/shop.bantam.ch\\\/wp-content\\\/uploads\\\/2023\\\/02\\\/9965003-Isolux_Aussenisoliermatte_Fahrerhaus_integrierte_Wohnmobile-Standard-01-1.jpg\",\"contentUrl\":\"https:\\\/\\\/shop.bantam.ch\\\/wp-content\\\/uploads\\\/2023\\\/02\\\/9965003-Isolux_Aussenisoliermatte_Fahrerhaus_integrierte_Wohnmobile-Standard-01-1.jpg\",\"width\":1000,\"height\":563},{\"@type\":\"BreadcrumbList\",\"@id\":\"https:\\\/\\\/shop.bantam.ch\\\/fr\\\/produit\\\/volet-isolant-exterieur-isolux-universel-pour-camping-car-integral\\\/#breadcrumb\",\"itemListElement\":[{\"@type\":\"ListItem\",\"position\":1,\"name\":\"Accueil\",\"item\":\"https:\\\/\\\/shop.bantam.ch\\\/fr\\\/\"},{\"@type\":\"ListItem\",\"position\":2,\"name\":\"Boutique\",\"item\":\"https:\\\/\\\/shop.bantam.ch\\\/fr\\\/boutique\\\/\"},{\"@type\":\"ListItem\",\"position\":3,\"name\":\"Isolation exterieure Isolux Pour camping-car int\u00e9gral\"}]},{\"@type\":\"WebSite\",\"@id\":\"https:\\\/\\\/shop.bantam.ch\\\/fr\\\/#website\",\"url\":\"https:\\\/\\\/shop.bantam.ch\\\/fr\\\/\",\"name\":\"Bantam Wankm\u00fcller SA\",\"description\":\"\",\"publisher\":{\"@id\":\"https:\\\/\\\/shop.bantam.ch\\\/fr\\\/#organization\"},\"inLanguage\":\"fr-FR\"},{\"@type\":\"Organization\",\"@id\":\"https:\\\/\\\/shop.bantam.ch\\\/fr\\\/#organization\",\"name\":\"Bantam Wankm\u00fcller SA\",\"url\":\"https:\\\/\\\/shop.bantam.ch\\\/fr\\\/\",\"logo\":{\"@type\":\"ImageObject\",\"inLanguage\":\"fr-FR\",\"@id\":\"https:\\\/\\\/shop.bantam.ch\\\/fr\\\/#\\\/schema\\\/logo\\\/image\\\/\",\"url\":\"https:\\\/\\\/shop.bantam.ch\\\/wp-content\\\/uploads\\\/2022\\\/12\\\/bantam-logo.png\",\"contentUrl\":\"https:\\\/\\\/shop.bantam.ch\\\/wp-content\\\/uploads\\\/2022\\\/12\\\/bantam-logo.png\",\"width\":320,\"height\":71,\"caption\":\"Bantam Wankm\u00fcller SA\"},\"image\":{\"@id\":\"https:\\\/\\\/shop.bantam.ch\\\/fr\\\/#\\\/schema\\\/logo\\\/image\\\/\"}}]}<\/script>\n<!-- \/ Yoast SEO plugin. -->","yoast_head_json":{"title":"Isolation exterieure Isolux Pour camping-car int\u00e9gral - Bantam Wankm\u00fcller SA","robots":{"index":"index","follow":"follow","max-snippet":"max-snippet:-1","max-image-preview":"max-image-preview:large","max-video-preview":"max-video-preview:-1"},"canonical":"https:\/\/shop.bantam.ch\/fr\/produit\/volet-isolant-exterieur-isolux-universel-pour-camping-car-integral\/","og_locale":"fr_FR","og_type":"article","og_title":"Isolation exterieure Isolux Pour camping-car int\u00e9gral - Bantam Wankm\u00fcller SA","og_description":"Isole les vitres de la cabine de conduite de diff\u00e9rents camping-cars contre le froid et la chaleur et m\u00eame contre les rayons du soleil. Fixation sans percer la carrosserie et sans adh\u00e9sif non d\u00e9tachable. Emball\u00e9 dans un \u00ab\u00a0sac de marin\u00a0\u00bb durable et utile avec fermeture \u00e9clair. Possibilit\u00e9 d\u2019adapter le volet isolant au niveau du montant [&hellip;]","og_url":"https:\/\/shop.bantam.ch\/fr\/produit\/volet-isolant-exterieur-isolux-universel-pour-camping-car-integral\/","og_site_name":"Bantam Wankm\u00fcller SA","article_modified_time":"2026-04-18T19:03:10+00:00","og_image":[{"width":1000,"height":563,"url":"https:\/\/shop.bantam.ch\/wp-content\/uploads\/2023\/02\/9965003-Isolux_Aussenisoliermatte_Fahrerhaus_integrierte_Wohnmobile-Standard-01-1.jpg","type":"image\/jpeg"}],"twitter_card":"summary_large_image","twitter_misc":{"Dur\u00e9e de lecture estim\u00e9e":"1 minute"},"schema":{"@context":"https:\/\/schema.org","@graph":[{"@type":"WebPage","@id":"https:\/\/shop.bantam.ch\/fr\/produit\/volet-isolant-exterieur-isolux-universel-pour-camping-car-integral\/","url":"https:\/\/shop.bantam.ch\/fr\/produit\/volet-isolant-exterieur-isolux-universel-pour-camping-car-integral\/","name":"Isolation exterieure Isolux Pour camping-car int\u00e9gral - Bantam Wankm\u00fcller SA","isPartOf":{"@id":"https:\/\/shop.bantam.ch\/fr\/#website"},"primaryImageOfPage":{"@id":"https:\/\/shop.bantam.ch\/fr\/produit\/volet-isolant-exterieur-isolux-universel-pour-camping-car-integral\/#primaryimage"},"image":{"@id":"https:\/\/shop.bantam.ch\/fr\/produit\/volet-isolant-exterieur-isolux-universel-pour-camping-car-integral\/#primaryimage"},"thumbnailUrl":"https:\/\/shop.bantam.ch\/wp-content\/uploads\/2023\/02\/9965003-Isolux_Aussenisoliermatte_Fahrerhaus_integrierte_Wohnmobile-Standard-01-1.jpg","datePublished":"2023-02-23T10:45:07+00:00","dateModified":"2026-04-18T19:03:10+00:00","breadcrumb":{"@id":"https:\/\/shop.bantam.ch\/fr\/produit\/volet-isolant-exterieur-isolux-universel-pour-camping-car-integral\/#breadcrumb"},"inLanguage":"fr-FR","potentialAction":[{"@type":"ReadAction","target":["https:\/\/shop.bantam.ch\/fr\/produit\/volet-isolant-exterieur-isolux-universel-pour-camping-car-integral\/"]}]},{"@type":"ImageObject","inLanguage":"fr-FR","@id":"https:\/\/shop.bantam.ch\/fr\/produit\/volet-isolant-exterieur-isolux-universel-pour-camping-car-integral\/#primaryimage","url":"https:\/\/shop.bantam.ch\/wp-content\/uploads\/2023\/02\/9965003-Isolux_Aussenisoliermatte_Fahrerhaus_integrierte_Wohnmobile-Standard-01-1.jpg","contentUrl":"https:\/\/shop.bantam.ch\/wp-content\/uploads\/2023\/02\/9965003-Isolux_Aussenisoliermatte_Fahrerhaus_integrierte_Wohnmobile-Standard-01-1.jpg","width":1000,"height":563},{"@type":"BreadcrumbList","@id":"https:\/\/shop.bantam.ch\/fr\/produit\/volet-isolant-exterieur-isolux-universel-pour-camping-car-integral\/#breadcrumb","itemListElement":[{"@type":"ListItem","position":1,"name":"Accueil","item":"https:\/\/shop.bantam.ch\/fr\/"},{"@type":"ListItem","position":2,"name":"Boutique","item":"https:\/\/shop.bantam.ch\/fr\/boutique\/"},{"@type":"ListItem","position":3,"name":"Isolation exterieure Isolux Pour camping-car int\u00e9gral"}]},{"@type":"WebSite","@id":"https:\/\/shop.bantam.ch\/fr\/#website","url":"https:\/\/shop.bantam.ch\/fr\/","name":"Bantam Wankm\u00fcller SA","description":"","publisher":{"@id":"https:\/\/shop.bantam.ch\/fr\/#organization"},"inLanguage":"fr-FR"},{"@type":"Organization","@id":"https:\/\/shop.bantam.ch\/fr\/#organization","name":"Bantam Wankm\u00fcller SA","url":"https:\/\/shop.bantam.ch\/fr\/","logo":{"@type":"ImageObject","inLanguage":"fr-FR","@id":"https:\/\/shop.bantam.ch\/fr\/#\/schema\/logo\/image\/","url":"https:\/\/shop.bantam.ch\/wp-content\/uploads\/2022\/12\/bantam-logo.png","contentUrl":"https:\/\/shop.bantam.ch\/wp-content\/uploads\/2022\/12\/bantam-logo.png","width":320,"height":71,"caption":"Bantam Wankm\u00fcller SA"},"image":{"@id":"https:\/\/shop.bantam.ch\/fr\/#\/schema\/logo\/image\/"}}]}},"_links":{"self":[{"href":"https:\/\/shop.bantam.ch\/fr\/wp-json\/wp\/v2\/product\/43680","targetHints":{"allow":["GET"]}}],"collection":[{"href":"https:\/\/shop.bantam.ch\/fr\/wp-json\/wp\/v2\/product"}],"about":[{"href":"https:\/\/shop.bantam.ch\/fr\/wp-json\/wp\/v2\/types\/product"}],"wp:featuredmedia":[{"embeddable":true,"href":"https:\/\/shop.bantam.ch\/fr\/wp-json\/wp\/v2\/media\/43676"}],"wp:attachment":[{"href":"https:\/\/shop.bantam.ch\/fr\/wp-json\/wp\/v2\/media?parent=43680"}],"wp:term":[{"taxonomy":"product_featured_cat","embeddable":true,"href":"https:\/\/shop.bantam.ch\/fr\/wp-json\/wp\/v2\/product_featured_cat?post=43680"},{"taxonomy":"product_brand","embeddable":true,"href":"https:\/\/shop.bantam.ch\/fr\/wp-json\/wp\/v2\/product_brand?post=43680"},{"taxonomy":"product_cat","embeddable":true,"href":"https:\/\/shop.bantam.ch\/fr\/wp-json\/wp\/v2\/product_cat?post=43680"},{"taxonomy":"product_tag","embeddable":true,"href":"https:\/\/shop.bantam.ch\/fr\/wp-json\/wp\/v2\/product_tag?post=43680"}],"curies":[{"name":"wp","href":"https:\/\/api.w.org\/{rel}","templated":true}]}}