{"id":43580,"date":"2023-02-23T11:42:55","date_gmt":"2023-02-23T10:42:55","guid":{"rendered":"http:\/\/preprod-dev.sh1.hidora.com\/webshop\/produit\/module-de-nivellement-avec-kit-de-4-plaques-dappui\/"},"modified":"2026-05-08T21:02:42","modified_gmt":"2026-05-08T19:02:42","slug":"module-de-nivellement-avec-kit-de-4-plaques-dappui","status":"publish","type":"product","link":"https:\/\/shop.bantam.ch\/fr\/produit\/module-de-nivellement-avec-kit-de-4-plaques-dappui\/","title":{"rendered":"Milenco Blocs niveau pour support de plaques fixes, Jeu de 4 pces"},"content":{"rendered":"<p>Pour compenser les pierres et les in\u00e9galit\u00e9s ou lever encore plus le v\u00e9hicule. Convient \u00e9galement parfaitement pour donner un maintien parfait au jeu de plaques d\u2019appui 9908354 sur sols meubles.<\/p>\n<p>Contenu\u00a0:<br \/>4 pi\u00e8ces<\/p>\n","protected":false},"excerpt":{"rendered":"<p>Pour compenser les pierres et les in\u00e9galit\u00e9s ou lever encore plus le v\u00e9hicule. Convient \u00e9galement parfaitement pour donner un maintien parfait au jeu de plaques d\u2019appui 9908354 sur sols meubles. Contenu\u00a0:4 pi\u00e8ces<\/p>\n","protected":false},"featured_media":43576,"template":"","meta":{"_acf_changed":false},"product_featured_cat":[],"product_brand":[3142],"product_cat":[4769],"product_tag":[],"class_list":{"0":"post-43580","1":"product","2":"type-product","3":"status-publish","4":"has-post-thumbnail","6":"product_brand-milenco","7":"product_cat-cales-dacces","9":"first","10":"instock","11":"taxable","12":"shipping-taxable","13":"purchasable","14":"product-type-simple"},"acf":[],"yoast_head":"<!-- This site is optimized with the Yoast SEO plugin v27.5 - https:\/\/yoast.com\/product\/yoast-seo-wordpress\/ -->\n<title>Milenco Blocs niveau pour support de plaques fixes, Jeu de 4 pces - Bantam<\/title>\n<meta name=\"robots\" content=\"index, follow, max-snippet:-1, max-image-preview:large, max-video-preview:-1\" \/>\n<link rel=\"canonical\" href=\"https:\/\/shop.bantam.ch\/fr\/produit\/module-de-nivellement-avec-kit-de-4-plaques-dappui\/\" \/>\n<meta property=\"og:locale\" content=\"fr_FR\" \/>\n<meta property=\"og:type\" content=\"article\" \/>\n<meta property=\"og:title\" content=\"Milenco Blocs niveau pour support de plaques fixes, Jeu de 4 pces - Bantam\" \/>\n<meta property=\"og:description\" content=\"Pour compenser les pierres et les in\u00e9galit\u00e9s ou lever encore plus le v\u00e9hicule. Convient \u00e9galement parfaitement pour donner un maintien parfait au jeu de plaques d\u2019appui 9908354 sur sols meubles. Contenu\u00a0:4 pi\u00e8ces\" \/>\n<meta property=\"og:url\" content=\"https:\/\/shop.bantam.ch\/fr\/produit\/module-de-nivellement-avec-kit-de-4-plaques-dappui\/\" \/>\n<meta property=\"og:site_name\" content=\"Bantam\" \/>\n<meta property=\"article:modified_time\" content=\"2026-05-08T19:02:42+00:00\" \/>\n<meta property=\"og:image\" content=\"https:\/\/shop.bantam.ch\/wp-content\/uploads\/2023\/02\/9908355-Milenco_Niveau-Bausteine_fuer_Stuetzplattenset_4-er-Set-Standard-01-1.jpg\" \/>\n\t<meta property=\"og:image:width\" content=\"1000\" \/>\n\t<meta property=\"og:image:height\" content=\"829\" \/>\n\t<meta property=\"og:image:type\" content=\"image\/jpeg\" \/>\n<meta name=\"twitter:card\" content=\"summary_large_image\" \/>\n<script type=\"application\/ld+json\" class=\"yoast-schema-graph\">{\"@context\":\"https:\\\/\\\/schema.org\",\"@graph\":[{\"@type\":\"WebPage\",\"@id\":\"https:\\\/\\\/shop.bantam.ch\\\/fr\\\/produit\\\/module-de-nivellement-avec-kit-de-4-plaques-dappui\\\/\",\"url\":\"https:\\\/\\\/shop.bantam.ch\\\/fr\\\/produit\\\/module-de-nivellement-avec-kit-de-4-plaques-dappui\\\/\",\"name\":\"Milenco Blocs niveau pour support de plaques fixes, Jeu de 4 pces - Bantam\",\"isPartOf\":{\"@id\":\"https:\\\/\\\/shop.bantam.ch\\\/fr\\\/#website\"},\"primaryImageOfPage\":{\"@id\":\"https:\\\/\\\/shop.bantam.ch\\\/fr\\\/produit\\\/module-de-nivellement-avec-kit-de-4-plaques-dappui\\\/#primaryimage\"},\"image\":{\"@id\":\"https:\\\/\\\/shop.bantam.ch\\\/fr\\\/produit\\\/module-de-nivellement-avec-kit-de-4-plaques-dappui\\\/#primaryimage\"},\"thumbnailUrl\":\"https:\\\/\\\/shop.bantam.ch\\\/wp-content\\\/uploads\\\/2023\\\/02\\\/9908355-Milenco_Niveau-Bausteine_fuer_Stuetzplattenset_4-er-Set-Standard-01-1.jpg\",\"datePublished\":\"2023-02-23T10:42:55+00:00\",\"dateModified\":\"2026-05-08T19:02:42+00:00\",\"breadcrumb\":{\"@id\":\"https:\\\/\\\/shop.bantam.ch\\\/fr\\\/produit\\\/module-de-nivellement-avec-kit-de-4-plaques-dappui\\\/#breadcrumb\"},\"inLanguage\":\"fr-FR\",\"potentialAction\":[{\"@type\":\"ReadAction\",\"target\":[\"https:\\\/\\\/shop.bantam.ch\\\/fr\\\/produit\\\/module-de-nivellement-avec-kit-de-4-plaques-dappui\\\/\"]}]},{\"@type\":\"ImageObject\",\"inLanguage\":\"fr-FR\",\"@id\":\"https:\\\/\\\/shop.bantam.ch\\\/fr\\\/produit\\\/module-de-nivellement-avec-kit-de-4-plaques-dappui\\\/#primaryimage\",\"url\":\"https:\\\/\\\/shop.bantam.ch\\\/wp-content\\\/uploads\\\/2023\\\/02\\\/9908355-Milenco_Niveau-Bausteine_fuer_Stuetzplattenset_4-er-Set-Standard-01-1.jpg\",\"contentUrl\":\"https:\\\/\\\/shop.bantam.ch\\\/wp-content\\\/uploads\\\/2023\\\/02\\\/9908355-Milenco_Niveau-Bausteine_fuer_Stuetzplattenset_4-er-Set-Standard-01-1.jpg\",\"width\":1000,\"height\":829},{\"@type\":\"BreadcrumbList\",\"@id\":\"https:\\\/\\\/shop.bantam.ch\\\/fr\\\/produit\\\/module-de-nivellement-avec-kit-de-4-plaques-dappui\\\/#breadcrumb\",\"itemListElement\":[{\"@type\":\"ListItem\",\"position\":1,\"name\":\"Accueil\",\"item\":\"https:\\\/\\\/shop.bantam.ch\\\/fr\\\/\"},{\"@type\":\"ListItem\",\"position\":2,\"name\":\"Boutique\",\"item\":\"https:\\\/\\\/shop.bantam.ch\\\/fr\\\/boutique\\\/\"},{\"@type\":\"ListItem\",\"position\":3,\"name\":\"Milenco Blocs niveau pour support de plaques fixes, Jeu de 4 pces\"}]},{\"@type\":\"WebSite\",\"@id\":\"https:\\\/\\\/shop.bantam.ch\\\/fr\\\/#website\",\"url\":\"https:\\\/\\\/shop.bantam.ch\\\/fr\\\/\",\"name\":\"Bantam\",\"description\":\"\",\"publisher\":{\"@id\":\"https:\\\/\\\/shop.bantam.ch\\\/fr\\\/#organization\"},\"inLanguage\":\"fr-FR\"},{\"@type\":\"Organization\",\"@id\":\"https:\\\/\\\/shop.bantam.ch\\\/fr\\\/#organization\",\"name\":\"Bantam\",\"url\":\"https:\\\/\\\/shop.bantam.ch\\\/fr\\\/\",\"logo\":{\"@type\":\"ImageObject\",\"inLanguage\":\"fr-FR\",\"@id\":\"https:\\\/\\\/shop.bantam.ch\\\/fr\\\/#\\\/schema\\\/logo\\\/image\\\/\",\"url\":\"https:\\\/\\\/shop.bantam.ch\\\/wp-content\\\/uploads\\\/2022\\\/12\\\/bantam-logo.png\",\"contentUrl\":\"https:\\\/\\\/shop.bantam.ch\\\/wp-content\\\/uploads\\\/2022\\\/12\\\/bantam-logo.png\",\"width\":320,\"height\":71,\"caption\":\"Bantam\"},\"image\":{\"@id\":\"https:\\\/\\\/shop.bantam.ch\\\/fr\\\/#\\\/schema\\\/logo\\\/image\\\/\"}}]}<\/script>\n<!-- \/ Yoast SEO plugin. -->","yoast_head_json":{"title":"Milenco Blocs niveau pour support de plaques fixes, Jeu de 4 pces - Bantam","robots":{"index":"index","follow":"follow","max-snippet":"max-snippet:-1","max-image-preview":"max-image-preview:large","max-video-preview":"max-video-preview:-1"},"canonical":"https:\/\/shop.bantam.ch\/fr\/produit\/module-de-nivellement-avec-kit-de-4-plaques-dappui\/","og_locale":"fr_FR","og_type":"article","og_title":"Milenco Blocs niveau pour support de plaques fixes, Jeu de 4 pces - Bantam","og_description":"Pour compenser les pierres et les in\u00e9galit\u00e9s ou lever encore plus le v\u00e9hicule. Convient \u00e9galement parfaitement pour donner un maintien parfait au jeu de plaques d\u2019appui 9908354 sur sols meubles. Contenu\u00a0:4 pi\u00e8ces","og_url":"https:\/\/shop.bantam.ch\/fr\/produit\/module-de-nivellement-avec-kit-de-4-plaques-dappui\/","og_site_name":"Bantam","article_modified_time":"2026-05-08T19:02:42+00:00","og_image":[{"width":1000,"height":829,"url":"https:\/\/shop.bantam.ch\/wp-content\/uploads\/2023\/02\/9908355-Milenco_Niveau-Bausteine_fuer_Stuetzplattenset_4-er-Set-Standard-01-1.jpg","type":"image\/jpeg"}],"twitter_card":"summary_large_image","schema":{"@context":"https:\/\/schema.org","@graph":[{"@type":"WebPage","@id":"https:\/\/shop.bantam.ch\/fr\/produit\/module-de-nivellement-avec-kit-de-4-plaques-dappui\/","url":"https:\/\/shop.bantam.ch\/fr\/produit\/module-de-nivellement-avec-kit-de-4-plaques-dappui\/","name":"Milenco Blocs niveau pour support de plaques fixes, Jeu de 4 pces - Bantam","isPartOf":{"@id":"https:\/\/shop.bantam.ch\/fr\/#website"},"primaryImageOfPage":{"@id":"https:\/\/shop.bantam.ch\/fr\/produit\/module-de-nivellement-avec-kit-de-4-plaques-dappui\/#primaryimage"},"image":{"@id":"https:\/\/shop.bantam.ch\/fr\/produit\/module-de-nivellement-avec-kit-de-4-plaques-dappui\/#primaryimage"},"thumbnailUrl":"https:\/\/shop.bantam.ch\/wp-content\/uploads\/2023\/02\/9908355-Milenco_Niveau-Bausteine_fuer_Stuetzplattenset_4-er-Set-Standard-01-1.jpg","datePublished":"2023-02-23T10:42:55+00:00","dateModified":"2026-05-08T19:02:42+00:00","breadcrumb":{"@id":"https:\/\/shop.bantam.ch\/fr\/produit\/module-de-nivellement-avec-kit-de-4-plaques-dappui\/#breadcrumb"},"inLanguage":"fr-FR","potentialAction":[{"@type":"ReadAction","target":["https:\/\/shop.bantam.ch\/fr\/produit\/module-de-nivellement-avec-kit-de-4-plaques-dappui\/"]}]},{"@type":"ImageObject","inLanguage":"fr-FR","@id":"https:\/\/shop.bantam.ch\/fr\/produit\/module-de-nivellement-avec-kit-de-4-plaques-dappui\/#primaryimage","url":"https:\/\/shop.bantam.ch\/wp-content\/uploads\/2023\/02\/9908355-Milenco_Niveau-Bausteine_fuer_Stuetzplattenset_4-er-Set-Standard-01-1.jpg","contentUrl":"https:\/\/shop.bantam.ch\/wp-content\/uploads\/2023\/02\/9908355-Milenco_Niveau-Bausteine_fuer_Stuetzplattenset_4-er-Set-Standard-01-1.jpg","width":1000,"height":829},{"@type":"BreadcrumbList","@id":"https:\/\/shop.bantam.ch\/fr\/produit\/module-de-nivellement-avec-kit-de-4-plaques-dappui\/#breadcrumb","itemListElement":[{"@type":"ListItem","position":1,"name":"Accueil","item":"https:\/\/shop.bantam.ch\/fr\/"},{"@type":"ListItem","position":2,"name":"Boutique","item":"https:\/\/shop.bantam.ch\/fr\/boutique\/"},{"@type":"ListItem","position":3,"name":"Milenco Blocs niveau pour support de plaques fixes, Jeu de 4 pces"}]},{"@type":"WebSite","@id":"https:\/\/shop.bantam.ch\/fr\/#website","url":"https:\/\/shop.bantam.ch\/fr\/","name":"Bantam","description":"","publisher":{"@id":"https:\/\/shop.bantam.ch\/fr\/#organization"},"inLanguage":"fr-FR"},{"@type":"Organization","@id":"https:\/\/shop.bantam.ch\/fr\/#organization","name":"Bantam","url":"https:\/\/shop.bantam.ch\/fr\/","logo":{"@type":"ImageObject","inLanguage":"fr-FR","@id":"https:\/\/shop.bantam.ch\/fr\/#\/schema\/logo\/image\/","url":"https:\/\/shop.bantam.ch\/wp-content\/uploads\/2022\/12\/bantam-logo.png","contentUrl":"https:\/\/shop.bantam.ch\/wp-content\/uploads\/2022\/12\/bantam-logo.png","width":320,"height":71,"caption":"Bantam"},"image":{"@id":"https:\/\/shop.bantam.ch\/fr\/#\/schema\/logo\/image\/"}}]}},"_links":{"self":[{"href":"https:\/\/shop.bantam.ch\/fr\/wp-json\/wp\/v2\/product\/43580","targetHints":{"allow":["GET"]}}],"collection":[{"href":"https:\/\/shop.bantam.ch\/fr\/wp-json\/wp\/v2\/product"}],"about":[{"href":"https:\/\/shop.bantam.ch\/fr\/wp-json\/wp\/v2\/types\/product"}],"wp:featuredmedia":[{"embeddable":true,"href":"https:\/\/shop.bantam.ch\/fr\/wp-json\/wp\/v2\/media\/43576"}],"wp:attachment":[{"href":"https:\/\/shop.bantam.ch\/fr\/wp-json\/wp\/v2\/media?parent=43580"}],"wp:term":[{"taxonomy":"product_featured_cat","embeddable":true,"href":"https:\/\/shop.bantam.ch\/fr\/wp-json\/wp\/v2\/product_featured_cat?post=43580"},{"taxonomy":"product_brand","embeddable":true,"href":"https:\/\/shop.bantam.ch\/fr\/wp-json\/wp\/v2\/product_brand?post=43580"},{"taxonomy":"product_cat","embeddable":true,"href":"https:\/\/shop.bantam.ch\/fr\/wp-json\/wp\/v2\/product_cat?post=43580"},{"taxonomy":"product_tag","embeddable":true,"href":"https:\/\/shop.bantam.ch\/fr\/wp-json\/wp\/v2\/product_tag?post=43580"}],"curies":[{"name":"wp","href":"https:\/\/api.w.org\/{rel}","templated":true}]}}