{"id":43317,"date":"2023-02-23T11:38:32","date_gmt":"2023-02-23T10:38:32","guid":{"rendered":"http:\/\/preprod-dev.sh1.hidora.com\/webshop\/produit\/jeu-de-cables-electriques-fiat-ducato-x250-utilitaires-a-partir-de-02-2011\/"},"modified":"2026-04-17T21:01:46","modified_gmt":"2026-04-17T19:01:46","slug":"jeu-de-cables-electriques-fiat-ducato-x250-utilitaires-a-partir-de-02-2011","status":"publish","type":"product","link":"https:\/\/shop.bantam.ch\/fr\/produit\/jeu-de-cables-electriques-fiat-ducato-x250-utilitaires-a-partir-de-02-2011\/","title":{"rendered":"Faisceau \u00e9lectrique Ducato fourgon X250"},"content":{"rendered":"<p>Pour presque tous les camping-cars sur le march\u00e9 europ\u00e9en, m\u00eame pour les grands porte-\u00e0-faux. Construction plate et \u00e9l\u00e9gante, robuste et r\u00e9sistante \u00e0 la corrosion, valeur D 12,5 kN (charge remorquable jusqu\u2018\u00e0 2.000 kg pour 3.500 kg zGG). Livraison en tant qu&rsquo;unit\u00e9 de montage d\u00e9mont\u00e9e avec certificat CE de type, aucune inscription dans les papiers du v\u00e9hicule n&rsquo;est n\u00e9cessaire. Rotule d\u2019attelage amovible disponible en option. Jeu de c\u00e2bles \u00e9lectriques \u00e0 commander s\u00e9par\u00e9ment.<\/p>\n","protected":false},"excerpt":{"rendered":"<p>Pour presque tous les camping-cars sur le march\u00e9 europ\u00e9en, m\u00eame pour les grands porte-\u00e0-faux. Construction plate et \u00e9l\u00e9gante, robuste et r\u00e9sistante \u00e0 la corrosion, valeur D 12,5 kN (charge remorquable jusqu\u2018\u00e0 2.000 kg pour 3.500 kg zGG). Livraison en tant qu&rsquo;unit\u00e9 de montage d\u00e9mont\u00e9e avec certificat CE de type, aucune inscription dans les papiers du [&hellip;]<\/p>\n","protected":false},"featured_media":204966,"template":"","meta":{"_acf_changed":false},"product_featured_cat":[],"product_brand":[3146],"product_cat":[5103],"product_tag":[],"class_list":{"0":"post-43317","1":"product","2":"type-product","3":"status-publish","4":"has-post-thumbnail","6":"product_brand-linnepe","7":"product_cat-systemes-electriques-pour-remorques","9":"first","10":"instock","11":"taxable","12":"shipping-taxable","13":"purchasable","14":"product-type-simple"},"acf":[],"yoast_head":"<!-- This site is optimized with the Yoast SEO plugin v27.4 - https:\/\/yoast.com\/product\/yoast-seo-wordpress\/ -->\n<title>Faisceau \u00e9lectrique Ducato fourgon X250 - Bantam Wankm\u00fcller SA<\/title>\n<meta name=\"robots\" content=\"index, follow, max-snippet:-1, max-image-preview:large, max-video-preview:-1\" \/>\n<link rel=\"canonical\" href=\"https:\/\/shop.bantam.ch\/fr\/produit\/jeu-de-cables-electriques-fiat-ducato-x250-utilitaires-a-partir-de-02-2011\/\" \/>\n<meta property=\"og:locale\" content=\"fr_FR\" \/>\n<meta property=\"og:type\" content=\"article\" \/>\n<meta property=\"og:title\" content=\"Faisceau \u00e9lectrique Ducato fourgon X250 - Bantam Wankm\u00fcller SA\" \/>\n<meta property=\"og:description\" content=\"Pour presque tous les camping-cars sur le march\u00e9 europ\u00e9en, m\u00eame pour les grands porte-\u00e0-faux. Construction plate et \u00e9l\u00e9gante, robuste et r\u00e9sistante \u00e0 la corrosion, valeur D 12,5 kN (charge remorquable jusqu\u2018\u00e0 2.000 kg pour 3.500 kg zGG). Livraison en tant qu&rsquo;unit\u00e9 de montage d\u00e9mont\u00e9e avec certificat CE de type, aucune inscription dans les papiers du [&hellip;]\" \/>\n<meta property=\"og:url\" content=\"https:\/\/shop.bantam.ch\/fr\/produit\/jeu-de-cables-electriques-fiat-ducato-x250-utilitaires-a-partir-de-02-2011\/\" \/>\n<meta property=\"og:site_name\" content=\"Bantam Wankm\u00fcller SA\" \/>\n<meta property=\"article:modified_time\" content=\"2026-04-17T19:01:46+00:00\" \/>\n<meta name=\"twitter:card\" content=\"summary_large_image\" \/>\n<script type=\"application\/ld+json\" class=\"yoast-schema-graph\">{\"@context\":\"https:\\\/\\\/schema.org\",\"@graph\":[{\"@type\":\"WebPage\",\"@id\":\"https:\\\/\\\/shop.bantam.ch\\\/fr\\\/produit\\\/jeu-de-cables-electriques-fiat-ducato-x250-utilitaires-a-partir-de-02-2011\\\/\",\"url\":\"https:\\\/\\\/shop.bantam.ch\\\/fr\\\/produit\\\/jeu-de-cables-electriques-fiat-ducato-x250-utilitaires-a-partir-de-02-2011\\\/\",\"name\":\"Faisceau \u00e9lectrique Ducato fourgon X250 - Bantam Wankm\u00fcller SA\",\"isPartOf\":{\"@id\":\"https:\\\/\\\/shop.bantam.ch\\\/fr\\\/#website\"},\"primaryImageOfPage\":{\"@id\":\"https:\\\/\\\/shop.bantam.ch\\\/fr\\\/produit\\\/jeu-de-cables-electriques-fiat-ducato-x250-utilitaires-a-partir-de-02-2011\\\/#primaryimage\"},\"image\":{\"@id\":\"https:\\\/\\\/shop.bantam.ch\\\/fr\\\/produit\\\/jeu-de-cables-electriques-fiat-ducato-x250-utilitaires-a-partir-de-02-2011\\\/#primaryimage\"},\"thumbnailUrl\":\"https:\\\/\\\/shop.bantam.ch\\\/wp-content\\\/uploads\\\/2024\\\/09\\\/Movera-L-9907400100.jpg\",\"datePublished\":\"2023-02-23T10:38:32+00:00\",\"dateModified\":\"2026-04-17T19:01:46+00:00\",\"breadcrumb\":{\"@id\":\"https:\\\/\\\/shop.bantam.ch\\\/fr\\\/produit\\\/jeu-de-cables-electriques-fiat-ducato-x250-utilitaires-a-partir-de-02-2011\\\/#breadcrumb\"},\"inLanguage\":\"fr-FR\",\"potentialAction\":[{\"@type\":\"ReadAction\",\"target\":[\"https:\\\/\\\/shop.bantam.ch\\\/fr\\\/produit\\\/jeu-de-cables-electriques-fiat-ducato-x250-utilitaires-a-partir-de-02-2011\\\/\"]}]},{\"@type\":\"ImageObject\",\"inLanguage\":\"fr-FR\",\"@id\":\"https:\\\/\\\/shop.bantam.ch\\\/fr\\\/produit\\\/jeu-de-cables-electriques-fiat-ducato-x250-utilitaires-a-partir-de-02-2011\\\/#primaryimage\",\"url\":\"https:\\\/\\\/shop.bantam.ch\\\/wp-content\\\/uploads\\\/2024\\\/09\\\/Movera-L-9907400100.jpg\",\"contentUrl\":\"https:\\\/\\\/shop.bantam.ch\\\/wp-content\\\/uploads\\\/2024\\\/09\\\/Movera-L-9907400100.jpg\",\"width\":469,\"height\":498},{\"@type\":\"BreadcrumbList\",\"@id\":\"https:\\\/\\\/shop.bantam.ch\\\/fr\\\/produit\\\/jeu-de-cables-electriques-fiat-ducato-x250-utilitaires-a-partir-de-02-2011\\\/#breadcrumb\",\"itemListElement\":[{\"@type\":\"ListItem\",\"position\":1,\"name\":\"Accueil\",\"item\":\"https:\\\/\\\/shop.bantam.ch\\\/fr\\\/\"},{\"@type\":\"ListItem\",\"position\":2,\"name\":\"Boutique\",\"item\":\"https:\\\/\\\/shop.bantam.ch\\\/fr\\\/boutique\\\/\"},{\"@type\":\"ListItem\",\"position\":3,\"name\":\"Faisceau \u00e9lectrique Ducato fourgon X250\"}]},{\"@type\":\"WebSite\",\"@id\":\"https:\\\/\\\/shop.bantam.ch\\\/fr\\\/#website\",\"url\":\"https:\\\/\\\/shop.bantam.ch\\\/fr\\\/\",\"name\":\"Bantam Wankm\u00fcller SA\",\"description\":\"\",\"publisher\":{\"@id\":\"https:\\\/\\\/shop.bantam.ch\\\/fr\\\/#organization\"},\"inLanguage\":\"fr-FR\"},{\"@type\":\"Organization\",\"@id\":\"https:\\\/\\\/shop.bantam.ch\\\/fr\\\/#organization\",\"name\":\"Bantam Wankm\u00fcller SA\",\"url\":\"https:\\\/\\\/shop.bantam.ch\\\/fr\\\/\",\"logo\":{\"@type\":\"ImageObject\",\"inLanguage\":\"fr-FR\",\"@id\":\"https:\\\/\\\/shop.bantam.ch\\\/fr\\\/#\\\/schema\\\/logo\\\/image\\\/\",\"url\":\"https:\\\/\\\/shop.bantam.ch\\\/wp-content\\\/uploads\\\/2022\\\/12\\\/bantam-logo.png\",\"contentUrl\":\"https:\\\/\\\/shop.bantam.ch\\\/wp-content\\\/uploads\\\/2022\\\/12\\\/bantam-logo.png\",\"width\":320,\"height\":71,\"caption\":\"Bantam Wankm\u00fcller SA\"},\"image\":{\"@id\":\"https:\\\/\\\/shop.bantam.ch\\\/fr\\\/#\\\/schema\\\/logo\\\/image\\\/\"}}]}<\/script>\n<!-- \/ Yoast SEO plugin. -->","yoast_head_json":{"title":"Faisceau \u00e9lectrique Ducato fourgon X250 - Bantam Wankm\u00fcller SA","robots":{"index":"index","follow":"follow","max-snippet":"max-snippet:-1","max-image-preview":"max-image-preview:large","max-video-preview":"max-video-preview:-1"},"canonical":"https:\/\/shop.bantam.ch\/fr\/produit\/jeu-de-cables-electriques-fiat-ducato-x250-utilitaires-a-partir-de-02-2011\/","og_locale":"fr_FR","og_type":"article","og_title":"Faisceau \u00e9lectrique Ducato fourgon X250 - Bantam Wankm\u00fcller SA","og_description":"Pour presque tous les camping-cars sur le march\u00e9 europ\u00e9en, m\u00eame pour les grands porte-\u00e0-faux. Construction plate et \u00e9l\u00e9gante, robuste et r\u00e9sistante \u00e0 la corrosion, valeur D 12,5 kN (charge remorquable jusqu\u2018\u00e0 2.000 kg pour 3.500 kg zGG). Livraison en tant qu&rsquo;unit\u00e9 de montage d\u00e9mont\u00e9e avec certificat CE de type, aucune inscription dans les papiers du [&hellip;]","og_url":"https:\/\/shop.bantam.ch\/fr\/produit\/jeu-de-cables-electriques-fiat-ducato-x250-utilitaires-a-partir-de-02-2011\/","og_site_name":"Bantam Wankm\u00fcller SA","article_modified_time":"2026-04-17T19:01:46+00:00","twitter_card":"summary_large_image","schema":{"@context":"https:\/\/schema.org","@graph":[{"@type":"WebPage","@id":"https:\/\/shop.bantam.ch\/fr\/produit\/jeu-de-cables-electriques-fiat-ducato-x250-utilitaires-a-partir-de-02-2011\/","url":"https:\/\/shop.bantam.ch\/fr\/produit\/jeu-de-cables-electriques-fiat-ducato-x250-utilitaires-a-partir-de-02-2011\/","name":"Faisceau \u00e9lectrique Ducato fourgon X250 - Bantam Wankm\u00fcller SA","isPartOf":{"@id":"https:\/\/shop.bantam.ch\/fr\/#website"},"primaryImageOfPage":{"@id":"https:\/\/shop.bantam.ch\/fr\/produit\/jeu-de-cables-electriques-fiat-ducato-x250-utilitaires-a-partir-de-02-2011\/#primaryimage"},"image":{"@id":"https:\/\/shop.bantam.ch\/fr\/produit\/jeu-de-cables-electriques-fiat-ducato-x250-utilitaires-a-partir-de-02-2011\/#primaryimage"},"thumbnailUrl":"https:\/\/shop.bantam.ch\/wp-content\/uploads\/2024\/09\/Movera-L-9907400100.jpg","datePublished":"2023-02-23T10:38:32+00:00","dateModified":"2026-04-17T19:01:46+00:00","breadcrumb":{"@id":"https:\/\/shop.bantam.ch\/fr\/produit\/jeu-de-cables-electriques-fiat-ducato-x250-utilitaires-a-partir-de-02-2011\/#breadcrumb"},"inLanguage":"fr-FR","potentialAction":[{"@type":"ReadAction","target":["https:\/\/shop.bantam.ch\/fr\/produit\/jeu-de-cables-electriques-fiat-ducato-x250-utilitaires-a-partir-de-02-2011\/"]}]},{"@type":"ImageObject","inLanguage":"fr-FR","@id":"https:\/\/shop.bantam.ch\/fr\/produit\/jeu-de-cables-electriques-fiat-ducato-x250-utilitaires-a-partir-de-02-2011\/#primaryimage","url":"https:\/\/shop.bantam.ch\/wp-content\/uploads\/2024\/09\/Movera-L-9907400100.jpg","contentUrl":"https:\/\/shop.bantam.ch\/wp-content\/uploads\/2024\/09\/Movera-L-9907400100.jpg","width":469,"height":498},{"@type":"BreadcrumbList","@id":"https:\/\/shop.bantam.ch\/fr\/produit\/jeu-de-cables-electriques-fiat-ducato-x250-utilitaires-a-partir-de-02-2011\/#breadcrumb","itemListElement":[{"@type":"ListItem","position":1,"name":"Accueil","item":"https:\/\/shop.bantam.ch\/fr\/"},{"@type":"ListItem","position":2,"name":"Boutique","item":"https:\/\/shop.bantam.ch\/fr\/boutique\/"},{"@type":"ListItem","position":3,"name":"Faisceau \u00e9lectrique Ducato fourgon X250"}]},{"@type":"WebSite","@id":"https:\/\/shop.bantam.ch\/fr\/#website","url":"https:\/\/shop.bantam.ch\/fr\/","name":"Bantam Wankm\u00fcller SA","description":"","publisher":{"@id":"https:\/\/shop.bantam.ch\/fr\/#organization"},"inLanguage":"fr-FR"},{"@type":"Organization","@id":"https:\/\/shop.bantam.ch\/fr\/#organization","name":"Bantam Wankm\u00fcller SA","url":"https:\/\/shop.bantam.ch\/fr\/","logo":{"@type":"ImageObject","inLanguage":"fr-FR","@id":"https:\/\/shop.bantam.ch\/fr\/#\/schema\/logo\/image\/","url":"https:\/\/shop.bantam.ch\/wp-content\/uploads\/2022\/12\/bantam-logo.png","contentUrl":"https:\/\/shop.bantam.ch\/wp-content\/uploads\/2022\/12\/bantam-logo.png","width":320,"height":71,"caption":"Bantam Wankm\u00fcller SA"},"image":{"@id":"https:\/\/shop.bantam.ch\/fr\/#\/schema\/logo\/image\/"}}]}},"_links":{"self":[{"href":"https:\/\/shop.bantam.ch\/fr\/wp-json\/wp\/v2\/product\/43317","targetHints":{"allow":["GET"]}}],"collection":[{"href":"https:\/\/shop.bantam.ch\/fr\/wp-json\/wp\/v2\/product"}],"about":[{"href":"https:\/\/shop.bantam.ch\/fr\/wp-json\/wp\/v2\/types\/product"}],"wp:featuredmedia":[{"embeddable":true,"href":"https:\/\/shop.bantam.ch\/fr\/wp-json\/wp\/v2\/media\/204966"}],"wp:attachment":[{"href":"https:\/\/shop.bantam.ch\/fr\/wp-json\/wp\/v2\/media?parent=43317"}],"wp:term":[{"taxonomy":"product_featured_cat","embeddable":true,"href":"https:\/\/shop.bantam.ch\/fr\/wp-json\/wp\/v2\/product_featured_cat?post=43317"},{"taxonomy":"product_brand","embeddable":true,"href":"https:\/\/shop.bantam.ch\/fr\/wp-json\/wp\/v2\/product_brand?post=43317"},{"taxonomy":"product_cat","embeddable":true,"href":"https:\/\/shop.bantam.ch\/fr\/wp-json\/wp\/v2\/product_cat?post=43317"},{"taxonomy":"product_tag","embeddable":true,"href":"https:\/\/shop.bantam.ch\/fr\/wp-json\/wp\/v2\/product_tag?post=43317"}],"curies":[{"name":"wp","href":"https:\/\/api.w.org\/{rel}","templated":true}]}}