{"id":42981,"date":"2023-02-23T11:31:51","date_gmt":"2023-02-23T10:31:51","guid":{"rendered":"http:\/\/preprod-dev.sh1.hidora.com\/webshop\/produit\/antivol-pour-timon-super-heavy-duty-ws-3000\/"},"modified":"2026-04-19T21:02:05","modified_gmt":"2026-04-19T19:02:05","slug":"antivol-pour-timon-super-heavy-duty-ws-3000","status":"publish","type":"product","link":"https:\/\/shop.bantam.ch\/fr\/produit\/antivol-pour-timon-super-heavy-duty-ws-3000\/","title":{"rendered":"Dispositif antivol Milenco Super Heavy Duty Stabilisat. Winterhoff WS 3000"},"content":{"rendered":"<p>Blocage d\u2019accouplement en acier sp\u00e9cial charge lourde 4 mm coupl\u00e9 \u00e0 un m\u00e9canisme de fermeture extr\u00eamement solide. R\u00e9pond aux normes des certifications de qualit\u00e9 MP03 et Sold Secure Gold.<\/p>\n<ul>\n<li>Compatible avec les remorques coupl\u00e9es ou non (le blocage d\u2019accouplement doit \u00eatre retir\u00e9 pendant la conduite).<\/li>\n<li>Pour Winterhoff WS 3000 \u00e0 partir de 2002 (sans levier lat\u00e9ral)<\/li>\n<\/ul>\n<p>Contenu de la livraison :<br \/>boule de s\u00e9curit\u00e9<br \/>serrure de haute s\u00e9curit\u00e9<br \/>3 cl\u00e9s en acier inoxydable<br \/>sac de transport<\/p>\n","protected":false},"excerpt":{"rendered":"<p>Blocage d\u2019accouplement en acier sp\u00e9cial charge lourde 4 mm coupl\u00e9 \u00e0 un m\u00e9canisme de fermeture extr\u00eamement solide. R\u00e9pond aux normes des certifications de qualit\u00e9 MP03 et Sold Secure Gold. Compatible avec les remorques coupl\u00e9es ou non (le blocage d\u2019accouplement doit \u00eatre retir\u00e9 pendant la conduite). Pour Winterhoff WS 3000 \u00e0 partir de 2002 (sans levier [&hellip;]<\/p>\n","protected":false},"featured_media":42979,"template":"","meta":{"_acf_changed":false},"product_featured_cat":[],"product_brand":[3142],"product_cat":[4671],"product_tag":[],"class_list":{"0":"post-42981","1":"product","2":"type-product","3":"status-publish","4":"has-post-thumbnail","6":"product_brand-milenco","7":"product_cat-dispositifs-anti-demarrage","9":"first","10":"instock","11":"taxable","12":"shipping-taxable","13":"purchasable","14":"product-type-simple"},"acf":[],"yoast_head":"<!-- This site is optimized with the Yoast SEO plugin v27.4 - https:\/\/yoast.com\/product\/yoast-seo-wordpress\/ -->\n<title>Dispositif antivol Milenco Super Heavy Duty Stabilisat. Winterhoff WS 3000 - Bantam Wankm\u00fcller SA<\/title>\n<meta name=\"robots\" content=\"index, follow, max-snippet:-1, max-image-preview:large, max-video-preview:-1\" \/>\n<link rel=\"canonical\" href=\"https:\/\/shop.bantam.ch\/fr\/produit\/antivol-pour-timon-super-heavy-duty-ws-3000\/\" \/>\n<meta property=\"og:locale\" content=\"fr_FR\" \/>\n<meta property=\"og:type\" content=\"article\" \/>\n<meta property=\"og:title\" content=\"Dispositif antivol Milenco Super Heavy Duty Stabilisat. Winterhoff WS 3000 - Bantam Wankm\u00fcller SA\" \/>\n<meta property=\"og:description\" content=\"Blocage d\u2019accouplement en acier sp\u00e9cial charge lourde 4 mm coupl\u00e9 \u00e0 un m\u00e9canisme de fermeture extr\u00eamement solide. R\u00e9pond aux normes des certifications de qualit\u00e9 MP03 et Sold Secure Gold. Compatible avec les remorques coupl\u00e9es ou non (le blocage d\u2019accouplement doit \u00eatre retir\u00e9 pendant la conduite). Pour Winterhoff WS 3000 \u00e0 partir de 2002 (sans levier [&hellip;]\" \/>\n<meta property=\"og:url\" content=\"https:\/\/shop.bantam.ch\/fr\/produit\/antivol-pour-timon-super-heavy-duty-ws-3000\/\" \/>\n<meta property=\"og:site_name\" content=\"Bantam Wankm\u00fcller SA\" \/>\n<meta property=\"article:modified_time\" content=\"2026-04-19T19:02:05+00:00\" \/>\n<meta property=\"og:image\" content=\"https:\/\/shop.bantam.ch\/wp-content\/uploads\/2023\/02\/9908350-Milenco_Diebstahlsicherung_fuer_Winterhoff_WS3000_ab_2002_o_seitl_Hebel_Lieferumfang-Standard-01-1.jpg\" \/>\n\t<meta property=\"og:image:width\" content=\"1000\" \/>\n\t<meta property=\"og:image:height\" content=\"849\" \/>\n\t<meta property=\"og:image:type\" content=\"image\/jpeg\" \/>\n<meta name=\"twitter:card\" content=\"summary_large_image\" \/>\n<script type=\"application\/ld+json\" class=\"yoast-schema-graph\">{\"@context\":\"https:\\\/\\\/schema.org\",\"@graph\":[{\"@type\":\"WebPage\",\"@id\":\"https:\\\/\\\/shop.bantam.ch\\\/fr\\\/produit\\\/antivol-pour-timon-super-heavy-duty-ws-3000\\\/\",\"url\":\"https:\\\/\\\/shop.bantam.ch\\\/fr\\\/produit\\\/antivol-pour-timon-super-heavy-duty-ws-3000\\\/\",\"name\":\"Dispositif antivol Milenco Super Heavy Duty Stabilisat. Winterhoff WS 3000 - Bantam Wankm\u00fcller SA\",\"isPartOf\":{\"@id\":\"https:\\\/\\\/shop.bantam.ch\\\/fr\\\/#website\"},\"primaryImageOfPage\":{\"@id\":\"https:\\\/\\\/shop.bantam.ch\\\/fr\\\/produit\\\/antivol-pour-timon-super-heavy-duty-ws-3000\\\/#primaryimage\"},\"image\":{\"@id\":\"https:\\\/\\\/shop.bantam.ch\\\/fr\\\/produit\\\/antivol-pour-timon-super-heavy-duty-ws-3000\\\/#primaryimage\"},\"thumbnailUrl\":\"https:\\\/\\\/shop.bantam.ch\\\/wp-content\\\/uploads\\\/2023\\\/02\\\/9908350-Milenco_Diebstahlsicherung_fuer_Winterhoff_WS3000_ab_2002_o_seitl_Hebel_Lieferumfang-Standard-01-1.jpg\",\"datePublished\":\"2023-02-23T10:31:51+00:00\",\"dateModified\":\"2026-04-19T19:02:05+00:00\",\"breadcrumb\":{\"@id\":\"https:\\\/\\\/shop.bantam.ch\\\/fr\\\/produit\\\/antivol-pour-timon-super-heavy-duty-ws-3000\\\/#breadcrumb\"},\"inLanguage\":\"fr-FR\",\"potentialAction\":[{\"@type\":\"ReadAction\",\"target\":[\"https:\\\/\\\/shop.bantam.ch\\\/fr\\\/produit\\\/antivol-pour-timon-super-heavy-duty-ws-3000\\\/\"]}]},{\"@type\":\"ImageObject\",\"inLanguage\":\"fr-FR\",\"@id\":\"https:\\\/\\\/shop.bantam.ch\\\/fr\\\/produit\\\/antivol-pour-timon-super-heavy-duty-ws-3000\\\/#primaryimage\",\"url\":\"https:\\\/\\\/shop.bantam.ch\\\/wp-content\\\/uploads\\\/2023\\\/02\\\/9908350-Milenco_Diebstahlsicherung_fuer_Winterhoff_WS3000_ab_2002_o_seitl_Hebel_Lieferumfang-Standard-01-1.jpg\",\"contentUrl\":\"https:\\\/\\\/shop.bantam.ch\\\/wp-content\\\/uploads\\\/2023\\\/02\\\/9908350-Milenco_Diebstahlsicherung_fuer_Winterhoff_WS3000_ab_2002_o_seitl_Hebel_Lieferumfang-Standard-01-1.jpg\",\"width\":1000,\"height\":849},{\"@type\":\"BreadcrumbList\",\"@id\":\"https:\\\/\\\/shop.bantam.ch\\\/fr\\\/produit\\\/antivol-pour-timon-super-heavy-duty-ws-3000\\\/#breadcrumb\",\"itemListElement\":[{\"@type\":\"ListItem\",\"position\":1,\"name\":\"Accueil\",\"item\":\"https:\\\/\\\/shop.bantam.ch\\\/fr\\\/\"},{\"@type\":\"ListItem\",\"position\":2,\"name\":\"Boutique\",\"item\":\"https:\\\/\\\/shop.bantam.ch\\\/fr\\\/boutique\\\/\"},{\"@type\":\"ListItem\",\"position\":3,\"name\":\"Dispositif antivol Milenco Super Heavy Duty Stabilisat. Winterhoff WS 3000\"}]},{\"@type\":\"WebSite\",\"@id\":\"https:\\\/\\\/shop.bantam.ch\\\/fr\\\/#website\",\"url\":\"https:\\\/\\\/shop.bantam.ch\\\/fr\\\/\",\"name\":\"Bantam Wankm\u00fcller SA\",\"description\":\"\",\"publisher\":{\"@id\":\"https:\\\/\\\/shop.bantam.ch\\\/fr\\\/#organization\"},\"inLanguage\":\"fr-FR\"},{\"@type\":\"Organization\",\"@id\":\"https:\\\/\\\/shop.bantam.ch\\\/fr\\\/#organization\",\"name\":\"Bantam Wankm\u00fcller SA\",\"url\":\"https:\\\/\\\/shop.bantam.ch\\\/fr\\\/\",\"logo\":{\"@type\":\"ImageObject\",\"inLanguage\":\"fr-FR\",\"@id\":\"https:\\\/\\\/shop.bantam.ch\\\/fr\\\/#\\\/schema\\\/logo\\\/image\\\/\",\"url\":\"https:\\\/\\\/shop.bantam.ch\\\/wp-content\\\/uploads\\\/2022\\\/12\\\/bantam-logo.png\",\"contentUrl\":\"https:\\\/\\\/shop.bantam.ch\\\/wp-content\\\/uploads\\\/2022\\\/12\\\/bantam-logo.png\",\"width\":320,\"height\":71,\"caption\":\"Bantam Wankm\u00fcller SA\"},\"image\":{\"@id\":\"https:\\\/\\\/shop.bantam.ch\\\/fr\\\/#\\\/schema\\\/logo\\\/image\\\/\"}}]}<\/script>\n<!-- \/ Yoast SEO plugin. -->","yoast_head_json":{"title":"Dispositif antivol Milenco Super Heavy Duty Stabilisat. Winterhoff WS 3000 - Bantam Wankm\u00fcller SA","robots":{"index":"index","follow":"follow","max-snippet":"max-snippet:-1","max-image-preview":"max-image-preview:large","max-video-preview":"max-video-preview:-1"},"canonical":"https:\/\/shop.bantam.ch\/fr\/produit\/antivol-pour-timon-super-heavy-duty-ws-3000\/","og_locale":"fr_FR","og_type":"article","og_title":"Dispositif antivol Milenco Super Heavy Duty Stabilisat. Winterhoff WS 3000 - Bantam Wankm\u00fcller SA","og_description":"Blocage d\u2019accouplement en acier sp\u00e9cial charge lourde 4 mm coupl\u00e9 \u00e0 un m\u00e9canisme de fermeture extr\u00eamement solide. R\u00e9pond aux normes des certifications de qualit\u00e9 MP03 et Sold Secure Gold. Compatible avec les remorques coupl\u00e9es ou non (le blocage d\u2019accouplement doit \u00eatre retir\u00e9 pendant la conduite). Pour Winterhoff WS 3000 \u00e0 partir de 2002 (sans levier [&hellip;]","og_url":"https:\/\/shop.bantam.ch\/fr\/produit\/antivol-pour-timon-super-heavy-duty-ws-3000\/","og_site_name":"Bantam Wankm\u00fcller SA","article_modified_time":"2026-04-19T19:02:05+00:00","og_image":[{"width":1000,"height":849,"url":"https:\/\/shop.bantam.ch\/wp-content\/uploads\/2023\/02\/9908350-Milenco_Diebstahlsicherung_fuer_Winterhoff_WS3000_ab_2002_o_seitl_Hebel_Lieferumfang-Standard-01-1.jpg","type":"image\/jpeg"}],"twitter_card":"summary_large_image","schema":{"@context":"https:\/\/schema.org","@graph":[{"@type":"WebPage","@id":"https:\/\/shop.bantam.ch\/fr\/produit\/antivol-pour-timon-super-heavy-duty-ws-3000\/","url":"https:\/\/shop.bantam.ch\/fr\/produit\/antivol-pour-timon-super-heavy-duty-ws-3000\/","name":"Dispositif antivol Milenco Super Heavy Duty Stabilisat. Winterhoff WS 3000 - Bantam Wankm\u00fcller SA","isPartOf":{"@id":"https:\/\/shop.bantam.ch\/fr\/#website"},"primaryImageOfPage":{"@id":"https:\/\/shop.bantam.ch\/fr\/produit\/antivol-pour-timon-super-heavy-duty-ws-3000\/#primaryimage"},"image":{"@id":"https:\/\/shop.bantam.ch\/fr\/produit\/antivol-pour-timon-super-heavy-duty-ws-3000\/#primaryimage"},"thumbnailUrl":"https:\/\/shop.bantam.ch\/wp-content\/uploads\/2023\/02\/9908350-Milenco_Diebstahlsicherung_fuer_Winterhoff_WS3000_ab_2002_o_seitl_Hebel_Lieferumfang-Standard-01-1.jpg","datePublished":"2023-02-23T10:31:51+00:00","dateModified":"2026-04-19T19:02:05+00:00","breadcrumb":{"@id":"https:\/\/shop.bantam.ch\/fr\/produit\/antivol-pour-timon-super-heavy-duty-ws-3000\/#breadcrumb"},"inLanguage":"fr-FR","potentialAction":[{"@type":"ReadAction","target":["https:\/\/shop.bantam.ch\/fr\/produit\/antivol-pour-timon-super-heavy-duty-ws-3000\/"]}]},{"@type":"ImageObject","inLanguage":"fr-FR","@id":"https:\/\/shop.bantam.ch\/fr\/produit\/antivol-pour-timon-super-heavy-duty-ws-3000\/#primaryimage","url":"https:\/\/shop.bantam.ch\/wp-content\/uploads\/2023\/02\/9908350-Milenco_Diebstahlsicherung_fuer_Winterhoff_WS3000_ab_2002_o_seitl_Hebel_Lieferumfang-Standard-01-1.jpg","contentUrl":"https:\/\/shop.bantam.ch\/wp-content\/uploads\/2023\/02\/9908350-Milenco_Diebstahlsicherung_fuer_Winterhoff_WS3000_ab_2002_o_seitl_Hebel_Lieferumfang-Standard-01-1.jpg","width":1000,"height":849},{"@type":"BreadcrumbList","@id":"https:\/\/shop.bantam.ch\/fr\/produit\/antivol-pour-timon-super-heavy-duty-ws-3000\/#breadcrumb","itemListElement":[{"@type":"ListItem","position":1,"name":"Accueil","item":"https:\/\/shop.bantam.ch\/fr\/"},{"@type":"ListItem","position":2,"name":"Boutique","item":"https:\/\/shop.bantam.ch\/fr\/boutique\/"},{"@type":"ListItem","position":3,"name":"Dispositif antivol Milenco Super Heavy Duty Stabilisat. Winterhoff WS 3000"}]},{"@type":"WebSite","@id":"https:\/\/shop.bantam.ch\/fr\/#website","url":"https:\/\/shop.bantam.ch\/fr\/","name":"Bantam Wankm\u00fcller SA","description":"","publisher":{"@id":"https:\/\/shop.bantam.ch\/fr\/#organization"},"inLanguage":"fr-FR"},{"@type":"Organization","@id":"https:\/\/shop.bantam.ch\/fr\/#organization","name":"Bantam Wankm\u00fcller SA","url":"https:\/\/shop.bantam.ch\/fr\/","logo":{"@type":"ImageObject","inLanguage":"fr-FR","@id":"https:\/\/shop.bantam.ch\/fr\/#\/schema\/logo\/image\/","url":"https:\/\/shop.bantam.ch\/wp-content\/uploads\/2022\/12\/bantam-logo.png","contentUrl":"https:\/\/shop.bantam.ch\/wp-content\/uploads\/2022\/12\/bantam-logo.png","width":320,"height":71,"caption":"Bantam Wankm\u00fcller SA"},"image":{"@id":"https:\/\/shop.bantam.ch\/fr\/#\/schema\/logo\/image\/"}}]}},"_links":{"self":[{"href":"https:\/\/shop.bantam.ch\/fr\/wp-json\/wp\/v2\/product\/42981","targetHints":{"allow":["GET"]}}],"collection":[{"href":"https:\/\/shop.bantam.ch\/fr\/wp-json\/wp\/v2\/product"}],"about":[{"href":"https:\/\/shop.bantam.ch\/fr\/wp-json\/wp\/v2\/types\/product"}],"wp:featuredmedia":[{"embeddable":true,"href":"https:\/\/shop.bantam.ch\/fr\/wp-json\/wp\/v2\/media\/42979"}],"wp:attachment":[{"href":"https:\/\/shop.bantam.ch\/fr\/wp-json\/wp\/v2\/media?parent=42981"}],"wp:term":[{"taxonomy":"product_featured_cat","embeddable":true,"href":"https:\/\/shop.bantam.ch\/fr\/wp-json\/wp\/v2\/product_featured_cat?post=42981"},{"taxonomy":"product_brand","embeddable":true,"href":"https:\/\/shop.bantam.ch\/fr\/wp-json\/wp\/v2\/product_brand?post=42981"},{"taxonomy":"product_cat","embeddable":true,"href":"https:\/\/shop.bantam.ch\/fr\/wp-json\/wp\/v2\/product_cat?post=42981"},{"taxonomy":"product_tag","embeddable":true,"href":"https:\/\/shop.bantam.ch\/fr\/wp-json\/wp\/v2\/product_tag?post=42981"}],"curies":[{"name":"wp","href":"https:\/\/api.w.org\/{rel}","templated":true}]}}