{"id":42727,"date":"2023-02-23T11:24:59","date_gmt":"2023-02-23T10:24:59","guid":{"rendered":"http:\/\/preprod-dev.sh1.hidora.com\/webshop\/produit\/etendoir-a-linge-rond-en-inox\/"},"modified":"2026-04-29T21:02:54","modified_gmt":"2026-04-29T19:02:54","slug":"etendoir-a-linge-rond-en-inox","status":"publish","type":"product","link":"https:\/\/shop.bantam.ch\/fr\/produit\/etendoir-a-linge-rond-en-inox\/","title":{"rendered":"\u00e9tendoir linge rond Wenko en inox"},"content":{"rendered":"<p>S\u00e9choir mobile en acier inoxydable pour le petit linge. L\u2019\u00e9tendoir rond extra-large offre beaucoup d&rsquo;espace pour s\u00e9cher vos petites pi\u00e8ces. 18 pinces \u00e0 linge pour attacher chaussettes, serviettes, lingerie, etc. Le crochet sp\u00e9cial avec protection anti-temp\u00eate maintient le tourniquet en place, m\u00eame en p\u00e9riode de temp\u00eate. Id\u00e9al dans la salle de bain, sur le balcon, en voyage ou en camping. Se plie pour prendre moins de place et utilisable imm\u00e9diatement en cas de besoin. Garantie 5\u00a0ans.<\/p>\n","protected":false},"excerpt":{"rendered":"<p>S\u00e9choir mobile en acier inoxydable pour le petit linge. L\u2019\u00e9tendoir rond extra-large offre beaucoup d&rsquo;espace pour s\u00e9cher vos petites pi\u00e8ces. 18 pinces \u00e0 linge pour attacher chaussettes, serviettes, lingerie, etc. Le crochet sp\u00e9cial avec protection anti-temp\u00eate maintient le tourniquet en place, m\u00eame en p\u00e9riode de temp\u00eate. Id\u00e9al dans la salle de bain, sur le balcon, [&hellip;]<\/p>\n","protected":false},"featured_media":42725,"template":"","meta":{"_acf_changed":false},"product_featured_cat":[],"product_brand":[3160],"product_cat":[4291],"product_tag":[],"class_list":{"0":"post-42727","1":"product","2":"type-product","3":"status-publish","4":"has-post-thumbnail","6":"product_brand-wenko","7":"product_cat-linges","9":"first","10":"instock","11":"taxable","12":"shipping-taxable","13":"purchasable","14":"product-type-simple"},"acf":[],"yoast_head":"<!-- This site is optimized with the Yoast SEO plugin v27.5 - https:\/\/yoast.com\/product\/yoast-seo-wordpress\/ -->\n<title>\u00e9tendoir linge rond Wenko en inox - Bantam<\/title>\n<meta name=\"robots\" content=\"index, follow, max-snippet:-1, max-image-preview:large, max-video-preview:-1\" \/>\n<link rel=\"canonical\" href=\"https:\/\/shop.bantam.ch\/fr\/produit\/etendoir-a-linge-rond-en-inox\/\" \/>\n<meta property=\"og:locale\" content=\"fr_FR\" \/>\n<meta property=\"og:type\" content=\"article\" \/>\n<meta property=\"og:title\" content=\"\u00e9tendoir linge rond Wenko en inox - Bantam\" \/>\n<meta property=\"og:description\" content=\"S\u00e9choir mobile en acier inoxydable pour le petit linge. L\u2019\u00e9tendoir rond extra-large offre beaucoup d&rsquo;espace pour s\u00e9cher vos petites pi\u00e8ces. 18 pinces \u00e0 linge pour attacher chaussettes, serviettes, lingerie, etc. Le crochet sp\u00e9cial avec protection anti-temp\u00eate maintient le tourniquet en place, m\u00eame en p\u00e9riode de temp\u00eate. Id\u00e9al dans la salle de bain, sur le balcon, [&hellip;]\" \/>\n<meta property=\"og:url\" content=\"https:\/\/shop.bantam.ch\/fr\/produit\/etendoir-a-linge-rond-en-inox\/\" \/>\n<meta property=\"og:site_name\" content=\"Bantam\" \/>\n<meta property=\"article:modified_time\" content=\"2026-04-29T19:02:54+00:00\" \/>\n<meta property=\"og:image\" content=\"https:\/\/shop.bantam.ch\/wp-content\/uploads\/2023\/02\/9950504-Waesche-Rondell_Wenko_Edelstahl-Standard-01-1.jpg\" \/>\n\t<meta property=\"og:image:width\" content=\"807\" \/>\n\t<meta property=\"og:image:height\" content=\"1000\" \/>\n\t<meta property=\"og:image:type\" content=\"image\/jpeg\" \/>\n<meta name=\"twitter:card\" content=\"summary_large_image\" \/>\n<script type=\"application\/ld+json\" class=\"yoast-schema-graph\">{\"@context\":\"https:\\\/\\\/schema.org\",\"@graph\":[{\"@type\":\"WebPage\",\"@id\":\"https:\\\/\\\/shop.bantam.ch\\\/fr\\\/produit\\\/etendoir-a-linge-rond-en-inox\\\/\",\"url\":\"https:\\\/\\\/shop.bantam.ch\\\/fr\\\/produit\\\/etendoir-a-linge-rond-en-inox\\\/\",\"name\":\"\u00e9tendoir linge rond Wenko en inox - Bantam\",\"isPartOf\":{\"@id\":\"https:\\\/\\\/shop.bantam.ch\\\/fr\\\/#website\"},\"primaryImageOfPage\":{\"@id\":\"https:\\\/\\\/shop.bantam.ch\\\/fr\\\/produit\\\/etendoir-a-linge-rond-en-inox\\\/#primaryimage\"},\"image\":{\"@id\":\"https:\\\/\\\/shop.bantam.ch\\\/fr\\\/produit\\\/etendoir-a-linge-rond-en-inox\\\/#primaryimage\"},\"thumbnailUrl\":\"https:\\\/\\\/shop.bantam.ch\\\/wp-content\\\/uploads\\\/2023\\\/02\\\/9950504-Waesche-Rondell_Wenko_Edelstahl-Standard-01-1.jpg\",\"datePublished\":\"2023-02-23T10:24:59+00:00\",\"dateModified\":\"2026-04-29T19:02:54+00:00\",\"breadcrumb\":{\"@id\":\"https:\\\/\\\/shop.bantam.ch\\\/fr\\\/produit\\\/etendoir-a-linge-rond-en-inox\\\/#breadcrumb\"},\"inLanguage\":\"fr-FR\",\"potentialAction\":[{\"@type\":\"ReadAction\",\"target\":[\"https:\\\/\\\/shop.bantam.ch\\\/fr\\\/produit\\\/etendoir-a-linge-rond-en-inox\\\/\"]}]},{\"@type\":\"ImageObject\",\"inLanguage\":\"fr-FR\",\"@id\":\"https:\\\/\\\/shop.bantam.ch\\\/fr\\\/produit\\\/etendoir-a-linge-rond-en-inox\\\/#primaryimage\",\"url\":\"https:\\\/\\\/shop.bantam.ch\\\/wp-content\\\/uploads\\\/2023\\\/02\\\/9950504-Waesche-Rondell_Wenko_Edelstahl-Standard-01-1.jpg\",\"contentUrl\":\"https:\\\/\\\/shop.bantam.ch\\\/wp-content\\\/uploads\\\/2023\\\/02\\\/9950504-Waesche-Rondell_Wenko_Edelstahl-Standard-01-1.jpg\",\"width\":807,\"height\":1000},{\"@type\":\"BreadcrumbList\",\"@id\":\"https:\\\/\\\/shop.bantam.ch\\\/fr\\\/produit\\\/etendoir-a-linge-rond-en-inox\\\/#breadcrumb\",\"itemListElement\":[{\"@type\":\"ListItem\",\"position\":1,\"name\":\"Accueil\",\"item\":\"https:\\\/\\\/shop.bantam.ch\\\/fr\\\/\"},{\"@type\":\"ListItem\",\"position\":2,\"name\":\"Boutique\",\"item\":\"https:\\\/\\\/shop.bantam.ch\\\/fr\\\/boutique\\\/\"},{\"@type\":\"ListItem\",\"position\":3,\"name\":\"\u00e9tendoir linge rond Wenko en inox\"}]},{\"@type\":\"WebSite\",\"@id\":\"https:\\\/\\\/shop.bantam.ch\\\/fr\\\/#website\",\"url\":\"https:\\\/\\\/shop.bantam.ch\\\/fr\\\/\",\"name\":\"Bantam\",\"description\":\"\",\"publisher\":{\"@id\":\"https:\\\/\\\/shop.bantam.ch\\\/fr\\\/#organization\"},\"inLanguage\":\"fr-FR\"},{\"@type\":\"Organization\",\"@id\":\"https:\\\/\\\/shop.bantam.ch\\\/fr\\\/#organization\",\"name\":\"Bantam\",\"url\":\"https:\\\/\\\/shop.bantam.ch\\\/fr\\\/\",\"logo\":{\"@type\":\"ImageObject\",\"inLanguage\":\"fr-FR\",\"@id\":\"https:\\\/\\\/shop.bantam.ch\\\/fr\\\/#\\\/schema\\\/logo\\\/image\\\/\",\"url\":\"https:\\\/\\\/shop.bantam.ch\\\/wp-content\\\/uploads\\\/2022\\\/12\\\/bantam-logo.png\",\"contentUrl\":\"https:\\\/\\\/shop.bantam.ch\\\/wp-content\\\/uploads\\\/2022\\\/12\\\/bantam-logo.png\",\"width\":320,\"height\":71,\"caption\":\"Bantam\"},\"image\":{\"@id\":\"https:\\\/\\\/shop.bantam.ch\\\/fr\\\/#\\\/schema\\\/logo\\\/image\\\/\"}}]}<\/script>\n<!-- \/ Yoast SEO plugin. -->","yoast_head_json":{"title":"\u00e9tendoir linge rond Wenko en inox - Bantam","robots":{"index":"index","follow":"follow","max-snippet":"max-snippet:-1","max-image-preview":"max-image-preview:large","max-video-preview":"max-video-preview:-1"},"canonical":"https:\/\/shop.bantam.ch\/fr\/produit\/etendoir-a-linge-rond-en-inox\/","og_locale":"fr_FR","og_type":"article","og_title":"\u00e9tendoir linge rond Wenko en inox - Bantam","og_description":"S\u00e9choir mobile en acier inoxydable pour le petit linge. L\u2019\u00e9tendoir rond extra-large offre beaucoup d&rsquo;espace pour s\u00e9cher vos petites pi\u00e8ces. 18 pinces \u00e0 linge pour attacher chaussettes, serviettes, lingerie, etc. Le crochet sp\u00e9cial avec protection anti-temp\u00eate maintient le tourniquet en place, m\u00eame en p\u00e9riode de temp\u00eate. Id\u00e9al dans la salle de bain, sur le balcon, [&hellip;]","og_url":"https:\/\/shop.bantam.ch\/fr\/produit\/etendoir-a-linge-rond-en-inox\/","og_site_name":"Bantam","article_modified_time":"2026-04-29T19:02:54+00:00","og_image":[{"width":807,"height":1000,"url":"https:\/\/shop.bantam.ch\/wp-content\/uploads\/2023\/02\/9950504-Waesche-Rondell_Wenko_Edelstahl-Standard-01-1.jpg","type":"image\/jpeg"}],"twitter_card":"summary_large_image","schema":{"@context":"https:\/\/schema.org","@graph":[{"@type":"WebPage","@id":"https:\/\/shop.bantam.ch\/fr\/produit\/etendoir-a-linge-rond-en-inox\/","url":"https:\/\/shop.bantam.ch\/fr\/produit\/etendoir-a-linge-rond-en-inox\/","name":"\u00e9tendoir linge rond Wenko en inox - Bantam","isPartOf":{"@id":"https:\/\/shop.bantam.ch\/fr\/#website"},"primaryImageOfPage":{"@id":"https:\/\/shop.bantam.ch\/fr\/produit\/etendoir-a-linge-rond-en-inox\/#primaryimage"},"image":{"@id":"https:\/\/shop.bantam.ch\/fr\/produit\/etendoir-a-linge-rond-en-inox\/#primaryimage"},"thumbnailUrl":"https:\/\/shop.bantam.ch\/wp-content\/uploads\/2023\/02\/9950504-Waesche-Rondell_Wenko_Edelstahl-Standard-01-1.jpg","datePublished":"2023-02-23T10:24:59+00:00","dateModified":"2026-04-29T19:02:54+00:00","breadcrumb":{"@id":"https:\/\/shop.bantam.ch\/fr\/produit\/etendoir-a-linge-rond-en-inox\/#breadcrumb"},"inLanguage":"fr-FR","potentialAction":[{"@type":"ReadAction","target":["https:\/\/shop.bantam.ch\/fr\/produit\/etendoir-a-linge-rond-en-inox\/"]}]},{"@type":"ImageObject","inLanguage":"fr-FR","@id":"https:\/\/shop.bantam.ch\/fr\/produit\/etendoir-a-linge-rond-en-inox\/#primaryimage","url":"https:\/\/shop.bantam.ch\/wp-content\/uploads\/2023\/02\/9950504-Waesche-Rondell_Wenko_Edelstahl-Standard-01-1.jpg","contentUrl":"https:\/\/shop.bantam.ch\/wp-content\/uploads\/2023\/02\/9950504-Waesche-Rondell_Wenko_Edelstahl-Standard-01-1.jpg","width":807,"height":1000},{"@type":"BreadcrumbList","@id":"https:\/\/shop.bantam.ch\/fr\/produit\/etendoir-a-linge-rond-en-inox\/#breadcrumb","itemListElement":[{"@type":"ListItem","position":1,"name":"Accueil","item":"https:\/\/shop.bantam.ch\/fr\/"},{"@type":"ListItem","position":2,"name":"Boutique","item":"https:\/\/shop.bantam.ch\/fr\/boutique\/"},{"@type":"ListItem","position":3,"name":"\u00e9tendoir linge rond Wenko en inox"}]},{"@type":"WebSite","@id":"https:\/\/shop.bantam.ch\/fr\/#website","url":"https:\/\/shop.bantam.ch\/fr\/","name":"Bantam","description":"","publisher":{"@id":"https:\/\/shop.bantam.ch\/fr\/#organization"},"inLanguage":"fr-FR"},{"@type":"Organization","@id":"https:\/\/shop.bantam.ch\/fr\/#organization","name":"Bantam","url":"https:\/\/shop.bantam.ch\/fr\/","logo":{"@type":"ImageObject","inLanguage":"fr-FR","@id":"https:\/\/shop.bantam.ch\/fr\/#\/schema\/logo\/image\/","url":"https:\/\/shop.bantam.ch\/wp-content\/uploads\/2022\/12\/bantam-logo.png","contentUrl":"https:\/\/shop.bantam.ch\/wp-content\/uploads\/2022\/12\/bantam-logo.png","width":320,"height":71,"caption":"Bantam"},"image":{"@id":"https:\/\/shop.bantam.ch\/fr\/#\/schema\/logo\/image\/"}}]}},"_links":{"self":[{"href":"https:\/\/shop.bantam.ch\/fr\/wp-json\/wp\/v2\/product\/42727","targetHints":{"allow":["GET"]}}],"collection":[{"href":"https:\/\/shop.bantam.ch\/fr\/wp-json\/wp\/v2\/product"}],"about":[{"href":"https:\/\/shop.bantam.ch\/fr\/wp-json\/wp\/v2\/types\/product"}],"wp:featuredmedia":[{"embeddable":true,"href":"https:\/\/shop.bantam.ch\/fr\/wp-json\/wp\/v2\/media\/42725"}],"wp:attachment":[{"href":"https:\/\/shop.bantam.ch\/fr\/wp-json\/wp\/v2\/media?parent=42727"}],"wp:term":[{"taxonomy":"product_featured_cat","embeddable":true,"href":"https:\/\/shop.bantam.ch\/fr\/wp-json\/wp\/v2\/product_featured_cat?post=42727"},{"taxonomy":"product_brand","embeddable":true,"href":"https:\/\/shop.bantam.ch\/fr\/wp-json\/wp\/v2\/product_brand?post=42727"},{"taxonomy":"product_cat","embeddable":true,"href":"https:\/\/shop.bantam.ch\/fr\/wp-json\/wp\/v2\/product_cat?post=42727"},{"taxonomy":"product_tag","embeddable":true,"href":"https:\/\/shop.bantam.ch\/fr\/wp-json\/wp\/v2\/product_tag?post=42727"}],"curies":[{"name":"wp","href":"https:\/\/api.w.org\/{rel}","templated":true}]}}