{"id":42365,"date":"2023-02-23T11:20:02","date_gmt":"2023-02-23T10:20:02","guid":{"rendered":"http:\/\/preprod-dev.sh1.hidora.com\/webshop\/produit\/solette-de-hayon-rear-door-cover-fiat-ducato\/"},"modified":"2026-04-20T21:00:15","modified_gmt":"2026-04-20T19:00:15","slug":"solette-de-hayon-rear-door-cover-fiat-ducato","status":"publish","type":"product","link":"https:\/\/shop.bantam.ch\/fr\/produit\/solette-de-hayon-rear-door-cover-fiat-ducato\/","title":{"rendered":"Rear Door Cover Ducato"},"content":{"rendered":"<p>Toi ouvrant pour les portes arri\u00e8re des Fiat Ducato, Citro\u00ebn Jumper et Peugeot Boxer \u00e0 toit sur\u00e9lev\u00e9 \u00e0 partir de 06\/2006 et Mercedes Sprinter \u00e0 toit sur\u00e9lev\u00e9 \u00e0 partir de 2006 (jusqu&rsquo;en 2008).<\/p>\n<p>Mont\u00e9 en quelques \u00e9tapes simples, avec fermetures lat\u00e9rales et devant enroulable pour encore plus de densit\u00e9.  Barre de tension Rafter et jonc pour maintenir la tension.  Le rail \u00e0 double jonc est fix\u00e9 \u00e0 l&rsquo;avant-toit du Ducato, la barre de tension en aluminium Rafter bloque l&rsquo;ouverture de la double porte arri\u00e8re et tend le toit ouvrant.<\/p>\n<p>Mat\u00e9riau\u00a0:<br \/>60% polychlorure<br \/>30\u00a0% fibre de verre<br \/>10\u00a0% polyester<\/p>\n<p>Contenu de la livraison :<br \/>Store<br \/>Double rail<br \/>Barre de tension<br \/>Kit de sangles de serrage<br \/>sardines<\/p>\n","protected":false},"excerpt":{"rendered":"<p>Toi ouvrant pour les portes arri\u00e8re des Fiat Ducato, Citro\u00ebn Jumper et Peugeot Boxer \u00e0 toit sur\u00e9lev\u00e9 \u00e0 partir de 06\/2006 et Mercedes Sprinter \u00e0 toit sur\u00e9lev\u00e9 \u00e0 partir de 2006 (jusqu&rsquo;en 2008). Mont\u00e9 en quelques \u00e9tapes simples, avec fermetures lat\u00e9rales et devant enroulable pour encore plus de densit\u00e9. Barre de tension Rafter et jonc [&hellip;]<\/p>\n","protected":false},"featured_media":42355,"template":"","meta":{"_acf_changed":false},"product_featured_cat":[],"product_brand":[3034],"product_cat":[4915],"product_tag":[],"class_list":{"0":"post-42365","1":"product","2":"type-product","3":"status-publish","4":"has-post-thumbnail","6":"product_brand-fiamma","7":"product_cat-auvents-de-bus-et-camping-cars","9":"first","10":"instock","11":"taxable","12":"shipping-taxable","13":"purchasable","14":"product-type-simple"},"acf":[],"yoast_head":"<!-- This site is optimized with the Yoast SEO plugin v27.4 - https:\/\/yoast.com\/product\/yoast-seo-wordpress\/ -->\n<title>Rear Door Cover Ducato - Bantam Wankm\u00fcller SA<\/title>\n<meta name=\"robots\" content=\"index, follow, max-snippet:-1, max-image-preview:large, max-video-preview:-1\" \/>\n<link rel=\"canonical\" href=\"https:\/\/shop.bantam.ch\/fr\/produit\/solette-de-hayon-rear-door-cover-fiat-ducato\/\" \/>\n<meta property=\"og:locale\" content=\"fr_FR\" \/>\n<meta property=\"og:type\" content=\"article\" \/>\n<meta property=\"og:title\" content=\"Rear Door Cover Ducato - Bantam Wankm\u00fcller SA\" \/>\n<meta property=\"og:description\" content=\"Toi ouvrant pour les portes arri\u00e8re des Fiat Ducato, Citro\u00ebn Jumper et Peugeot Boxer \u00e0 toit sur\u00e9lev\u00e9 \u00e0 partir de 06\/2006 et Mercedes Sprinter \u00e0 toit sur\u00e9lev\u00e9 \u00e0 partir de 2006 (jusqu&rsquo;en 2008). Mont\u00e9 en quelques \u00e9tapes simples, avec fermetures lat\u00e9rales et devant enroulable pour encore plus de densit\u00e9. Barre de tension Rafter et jonc [&hellip;]\" \/>\n<meta property=\"og:url\" content=\"https:\/\/shop.bantam.ch\/fr\/produit\/solette-de-hayon-rear-door-cover-fiat-ducato\/\" \/>\n<meta property=\"og:site_name\" content=\"Bantam Wankm\u00fcller SA\" \/>\n<meta property=\"article:modified_time\" content=\"2026-04-20T19:00:15+00:00\" \/>\n<meta property=\"og:image\" content=\"https:\/\/shop.bantam.ch\/wp-content\/uploads\/2023\/02\/9957333-Rear_Door_Cover_Ducato-Standard-01-1.jpg\" \/>\n\t<meta property=\"og:image:width\" content=\"1000\" \/>\n\t<meta property=\"og:image:height\" content=\"667\" \/>\n\t<meta property=\"og:image:type\" content=\"image\/jpeg\" \/>\n<meta name=\"twitter:card\" content=\"summary_large_image\" \/>\n<meta name=\"twitter:label1\" content=\"Dur\u00e9e de lecture estim\u00e9e\" \/>\n\t<meta name=\"twitter:data1\" content=\"1 minute\" \/>\n<script type=\"application\/ld+json\" class=\"yoast-schema-graph\">{\"@context\":\"https:\\\/\\\/schema.org\",\"@graph\":[{\"@type\":\"WebPage\",\"@id\":\"https:\\\/\\\/shop.bantam.ch\\\/fr\\\/produit\\\/solette-de-hayon-rear-door-cover-fiat-ducato\\\/\",\"url\":\"https:\\\/\\\/shop.bantam.ch\\\/fr\\\/produit\\\/solette-de-hayon-rear-door-cover-fiat-ducato\\\/\",\"name\":\"Rear Door Cover Ducato - Bantam Wankm\u00fcller SA\",\"isPartOf\":{\"@id\":\"https:\\\/\\\/shop.bantam.ch\\\/fr\\\/#website\"},\"primaryImageOfPage\":{\"@id\":\"https:\\\/\\\/shop.bantam.ch\\\/fr\\\/produit\\\/solette-de-hayon-rear-door-cover-fiat-ducato\\\/#primaryimage\"},\"image\":{\"@id\":\"https:\\\/\\\/shop.bantam.ch\\\/fr\\\/produit\\\/solette-de-hayon-rear-door-cover-fiat-ducato\\\/#primaryimage\"},\"thumbnailUrl\":\"https:\\\/\\\/shop.bantam.ch\\\/wp-content\\\/uploads\\\/2023\\\/02\\\/9957333-Rear_Door_Cover_Ducato-Standard-01-1.jpg\",\"datePublished\":\"2023-02-23T10:20:02+00:00\",\"dateModified\":\"2026-04-20T19:00:15+00:00\",\"breadcrumb\":{\"@id\":\"https:\\\/\\\/shop.bantam.ch\\\/fr\\\/produit\\\/solette-de-hayon-rear-door-cover-fiat-ducato\\\/#breadcrumb\"},\"inLanguage\":\"fr-FR\",\"potentialAction\":[{\"@type\":\"ReadAction\",\"target\":[\"https:\\\/\\\/shop.bantam.ch\\\/fr\\\/produit\\\/solette-de-hayon-rear-door-cover-fiat-ducato\\\/\"]}]},{\"@type\":\"ImageObject\",\"inLanguage\":\"fr-FR\",\"@id\":\"https:\\\/\\\/shop.bantam.ch\\\/fr\\\/produit\\\/solette-de-hayon-rear-door-cover-fiat-ducato\\\/#primaryimage\",\"url\":\"https:\\\/\\\/shop.bantam.ch\\\/wp-content\\\/uploads\\\/2023\\\/02\\\/9957333-Rear_Door_Cover_Ducato-Standard-01-1.jpg\",\"contentUrl\":\"https:\\\/\\\/shop.bantam.ch\\\/wp-content\\\/uploads\\\/2023\\\/02\\\/9957333-Rear_Door_Cover_Ducato-Standard-01-1.jpg\",\"width\":1000,\"height\":667},{\"@type\":\"BreadcrumbList\",\"@id\":\"https:\\\/\\\/shop.bantam.ch\\\/fr\\\/produit\\\/solette-de-hayon-rear-door-cover-fiat-ducato\\\/#breadcrumb\",\"itemListElement\":[{\"@type\":\"ListItem\",\"position\":1,\"name\":\"Accueil\",\"item\":\"https:\\\/\\\/shop.bantam.ch\\\/fr\\\/\"},{\"@type\":\"ListItem\",\"position\":2,\"name\":\"Boutique\",\"item\":\"https:\\\/\\\/shop.bantam.ch\\\/fr\\\/boutique\\\/\"},{\"@type\":\"ListItem\",\"position\":3,\"name\":\"Rear Door Cover Ducato\"}]},{\"@type\":\"WebSite\",\"@id\":\"https:\\\/\\\/shop.bantam.ch\\\/fr\\\/#website\",\"url\":\"https:\\\/\\\/shop.bantam.ch\\\/fr\\\/\",\"name\":\"Bantam Wankm\u00fcller SA\",\"description\":\"\",\"publisher\":{\"@id\":\"https:\\\/\\\/shop.bantam.ch\\\/fr\\\/#organization\"},\"inLanguage\":\"fr-FR\"},{\"@type\":\"Organization\",\"@id\":\"https:\\\/\\\/shop.bantam.ch\\\/fr\\\/#organization\",\"name\":\"Bantam Wankm\u00fcller SA\",\"url\":\"https:\\\/\\\/shop.bantam.ch\\\/fr\\\/\",\"logo\":{\"@type\":\"ImageObject\",\"inLanguage\":\"fr-FR\",\"@id\":\"https:\\\/\\\/shop.bantam.ch\\\/fr\\\/#\\\/schema\\\/logo\\\/image\\\/\",\"url\":\"https:\\\/\\\/shop.bantam.ch\\\/wp-content\\\/uploads\\\/2022\\\/12\\\/bantam-logo.png\",\"contentUrl\":\"https:\\\/\\\/shop.bantam.ch\\\/wp-content\\\/uploads\\\/2022\\\/12\\\/bantam-logo.png\",\"width\":320,\"height\":71,\"caption\":\"Bantam Wankm\u00fcller SA\"},\"image\":{\"@id\":\"https:\\\/\\\/shop.bantam.ch\\\/fr\\\/#\\\/schema\\\/logo\\\/image\\\/\"}}]}<\/script>\n<!-- \/ Yoast SEO plugin. -->","yoast_head_json":{"title":"Rear Door Cover Ducato - Bantam Wankm\u00fcller SA","robots":{"index":"index","follow":"follow","max-snippet":"max-snippet:-1","max-image-preview":"max-image-preview:large","max-video-preview":"max-video-preview:-1"},"canonical":"https:\/\/shop.bantam.ch\/fr\/produit\/solette-de-hayon-rear-door-cover-fiat-ducato\/","og_locale":"fr_FR","og_type":"article","og_title":"Rear Door Cover Ducato - Bantam Wankm\u00fcller SA","og_description":"Toi ouvrant pour les portes arri\u00e8re des Fiat Ducato, Citro\u00ebn Jumper et Peugeot Boxer \u00e0 toit sur\u00e9lev\u00e9 \u00e0 partir de 06\/2006 et Mercedes Sprinter \u00e0 toit sur\u00e9lev\u00e9 \u00e0 partir de 2006 (jusqu&rsquo;en 2008). Mont\u00e9 en quelques \u00e9tapes simples, avec fermetures lat\u00e9rales et devant enroulable pour encore plus de densit\u00e9. Barre de tension Rafter et jonc [&hellip;]","og_url":"https:\/\/shop.bantam.ch\/fr\/produit\/solette-de-hayon-rear-door-cover-fiat-ducato\/","og_site_name":"Bantam Wankm\u00fcller SA","article_modified_time":"2026-04-20T19:00:15+00:00","og_image":[{"width":1000,"height":667,"url":"https:\/\/shop.bantam.ch\/wp-content\/uploads\/2023\/02\/9957333-Rear_Door_Cover_Ducato-Standard-01-1.jpg","type":"image\/jpeg"}],"twitter_card":"summary_large_image","twitter_misc":{"Dur\u00e9e de lecture estim\u00e9e":"1 minute"},"schema":{"@context":"https:\/\/schema.org","@graph":[{"@type":"WebPage","@id":"https:\/\/shop.bantam.ch\/fr\/produit\/solette-de-hayon-rear-door-cover-fiat-ducato\/","url":"https:\/\/shop.bantam.ch\/fr\/produit\/solette-de-hayon-rear-door-cover-fiat-ducato\/","name":"Rear Door Cover Ducato - Bantam Wankm\u00fcller SA","isPartOf":{"@id":"https:\/\/shop.bantam.ch\/fr\/#website"},"primaryImageOfPage":{"@id":"https:\/\/shop.bantam.ch\/fr\/produit\/solette-de-hayon-rear-door-cover-fiat-ducato\/#primaryimage"},"image":{"@id":"https:\/\/shop.bantam.ch\/fr\/produit\/solette-de-hayon-rear-door-cover-fiat-ducato\/#primaryimage"},"thumbnailUrl":"https:\/\/shop.bantam.ch\/wp-content\/uploads\/2023\/02\/9957333-Rear_Door_Cover_Ducato-Standard-01-1.jpg","datePublished":"2023-02-23T10:20:02+00:00","dateModified":"2026-04-20T19:00:15+00:00","breadcrumb":{"@id":"https:\/\/shop.bantam.ch\/fr\/produit\/solette-de-hayon-rear-door-cover-fiat-ducato\/#breadcrumb"},"inLanguage":"fr-FR","potentialAction":[{"@type":"ReadAction","target":["https:\/\/shop.bantam.ch\/fr\/produit\/solette-de-hayon-rear-door-cover-fiat-ducato\/"]}]},{"@type":"ImageObject","inLanguage":"fr-FR","@id":"https:\/\/shop.bantam.ch\/fr\/produit\/solette-de-hayon-rear-door-cover-fiat-ducato\/#primaryimage","url":"https:\/\/shop.bantam.ch\/wp-content\/uploads\/2023\/02\/9957333-Rear_Door_Cover_Ducato-Standard-01-1.jpg","contentUrl":"https:\/\/shop.bantam.ch\/wp-content\/uploads\/2023\/02\/9957333-Rear_Door_Cover_Ducato-Standard-01-1.jpg","width":1000,"height":667},{"@type":"BreadcrumbList","@id":"https:\/\/shop.bantam.ch\/fr\/produit\/solette-de-hayon-rear-door-cover-fiat-ducato\/#breadcrumb","itemListElement":[{"@type":"ListItem","position":1,"name":"Accueil","item":"https:\/\/shop.bantam.ch\/fr\/"},{"@type":"ListItem","position":2,"name":"Boutique","item":"https:\/\/shop.bantam.ch\/fr\/boutique\/"},{"@type":"ListItem","position":3,"name":"Rear Door Cover Ducato"}]},{"@type":"WebSite","@id":"https:\/\/shop.bantam.ch\/fr\/#website","url":"https:\/\/shop.bantam.ch\/fr\/","name":"Bantam Wankm\u00fcller SA","description":"","publisher":{"@id":"https:\/\/shop.bantam.ch\/fr\/#organization"},"inLanguage":"fr-FR"},{"@type":"Organization","@id":"https:\/\/shop.bantam.ch\/fr\/#organization","name":"Bantam Wankm\u00fcller SA","url":"https:\/\/shop.bantam.ch\/fr\/","logo":{"@type":"ImageObject","inLanguage":"fr-FR","@id":"https:\/\/shop.bantam.ch\/fr\/#\/schema\/logo\/image\/","url":"https:\/\/shop.bantam.ch\/wp-content\/uploads\/2022\/12\/bantam-logo.png","contentUrl":"https:\/\/shop.bantam.ch\/wp-content\/uploads\/2022\/12\/bantam-logo.png","width":320,"height":71,"caption":"Bantam Wankm\u00fcller SA"},"image":{"@id":"https:\/\/shop.bantam.ch\/fr\/#\/schema\/logo\/image\/"}}]}},"_links":{"self":[{"href":"https:\/\/shop.bantam.ch\/fr\/wp-json\/wp\/v2\/product\/42365","targetHints":{"allow":["GET"]}}],"collection":[{"href":"https:\/\/shop.bantam.ch\/fr\/wp-json\/wp\/v2\/product"}],"about":[{"href":"https:\/\/shop.bantam.ch\/fr\/wp-json\/wp\/v2\/types\/product"}],"wp:featuredmedia":[{"embeddable":true,"href":"https:\/\/shop.bantam.ch\/fr\/wp-json\/wp\/v2\/media\/42355"}],"wp:attachment":[{"href":"https:\/\/shop.bantam.ch\/fr\/wp-json\/wp\/v2\/media?parent=42365"}],"wp:term":[{"taxonomy":"product_featured_cat","embeddable":true,"href":"https:\/\/shop.bantam.ch\/fr\/wp-json\/wp\/v2\/product_featured_cat?post=42365"},{"taxonomy":"product_brand","embeddable":true,"href":"https:\/\/shop.bantam.ch\/fr\/wp-json\/wp\/v2\/product_brand?post=42365"},{"taxonomy":"product_cat","embeddable":true,"href":"https:\/\/shop.bantam.ch\/fr\/wp-json\/wp\/v2\/product_cat?post=42365"},{"taxonomy":"product_tag","embeddable":true,"href":"https:\/\/shop.bantam.ch\/fr\/wp-json\/wp\/v2\/product_tag?post=42365"}],"curies":[{"name":"wp","href":"https:\/\/api.w.org\/{rel}","templated":true}]}}