{"id":42085,"date":"2023-02-22T21:38:42","date_gmt":"2023-02-22T20:38:42","guid":{"rendered":"http:\/\/preprod-dev.sh1.hidora.com\/webshop\/produit\/controleur-de-batterie-tension-mt-usg-40\/"},"modified":"2026-04-18T21:00:00","modified_gmt":"2026-04-18T19:00:00","slug":"controleur-de-batterie-tension-mt-usg-40","status":"publish","type":"product","link":"https:\/\/shop.bantam.ch\/fr\/produit\/controleur-de-batterie-tension-mt-usg-40\/","title":{"rendered":"Controleur de Batterie MT 40-"},"content":{"rendered":"<p>Se place entre la batterie et les consommateurs 12V.  Prot\u00e8ge la batterie comme le consommateur de sous-tensions pr\u00e9judiciables (OFF \u00e0 10,7V) ainsi que les consommateurs connect\u00e9s d\u2018une surtension pr\u00e9judiciable (OFF \u00e0 15,5V). Le syst\u00e8me MT USG 40 peut \u00eatre t\u00e9l\u00e9command\u00e9 par le biais d\u2018une sortie de commutation s\u00e9par\u00e9e et peut ainsi \u00e9galement \u00eatre utilis\u00e9 comme commutateur principal (tous les consommateurs OFF\/ON).<\/p>\n<ul>\n<li>Dur\u00e9e du courant de commutation \/court : 40 A \/ 60 A<\/li>\n<\/ul>\n","protected":false},"excerpt":{"rendered":"<p>Se place entre la batterie et les consommateurs 12V. Prot\u00e8ge la batterie comme le consommateur de sous-tensions pr\u00e9judiciables (OFF \u00e0 10,7V) ainsi que les consommateurs connect\u00e9s d\u2018une surtension pr\u00e9judiciable (OFF \u00e0 15,5V). Le syst\u00e8me MT USG 40 peut \u00eatre t\u00e9l\u00e9command\u00e9 par le biais d\u2018une sortie de commutation s\u00e9par\u00e9e et peut ainsi \u00e9galement \u00eatre utilis\u00e9 comme [&hellip;]<\/p>\n","protected":false},"featured_media":42083,"template":"","meta":{"_acf_changed":false},"product_featured_cat":[],"product_brand":[3068],"product_cat":[5115],"product_tag":[],"class_list":{"0":"post-42085","1":"product","2":"type-product","3":"status-publish","4":"has-post-thumbnail","6":"product_brand-buttner-elektronik","7":"product_cat-moniteur-de-batterie-et-interrupteurs","9":"first","10":"instock","11":"taxable","12":"shipping-taxable","13":"purchasable","14":"product-type-simple"},"acf":[],"yoast_head":"<!-- This site is optimized with the Yoast SEO plugin v27.4 - https:\/\/yoast.com\/product\/yoast-seo-wordpress\/ -->\n<title>Controleur de Batterie MT 40- Bantam Wankm\u00fcller SA<\/title>\n<meta name=\"robots\" content=\"index, follow, max-snippet:-1, max-image-preview:large, max-video-preview:-1\" \/>\n<link rel=\"canonical\" href=\"https:\/\/shop.bantam.ch\/fr\/produit\/controleur-de-batterie-tension-mt-usg-40\/\" \/>\n<meta property=\"og:locale\" content=\"fr_FR\" \/>\n<meta property=\"og:type\" content=\"article\" \/>\n<meta property=\"og:title\" content=\"Controleur de Batterie MT 40- Bantam Wankm\u00fcller SA\" \/>\n<meta property=\"og:description\" content=\"Se place entre la batterie et les consommateurs 12V. Prot\u00e8ge la batterie comme le consommateur de sous-tensions pr\u00e9judiciables (OFF \u00e0 10,7V) ainsi que les consommateurs connect\u00e9s d\u2018une surtension pr\u00e9judiciable (OFF \u00e0 15,5V). Le syst\u00e8me MT USG 40 peut \u00eatre t\u00e9l\u00e9command\u00e9 par le biais d\u2018une sortie de commutation s\u00e9par\u00e9e et peut ainsi \u00e9galement \u00eatre utilis\u00e9 comme [&hellip;]\" \/>\n<meta property=\"og:url\" content=\"https:\/\/shop.bantam.ch\/fr\/produit\/controleur-de-batterie-tension-mt-usg-40\/\" \/>\n<meta property=\"og:site_name\" content=\"Bantam Wankm\u00fcller SA\" \/>\n<meta property=\"article:modified_time\" content=\"2026-04-18T19:00:00+00:00\" \/>\n<meta property=\"og:image\" content=\"https:\/\/shop.bantam.ch\/wp-content\/uploads\/2023\/02\/9952309-Batterie-Controller_MT_40-IQ-Standard-01-1.jpg\" \/>\n\t<meta property=\"og:image:width\" content=\"1000\" \/>\n\t<meta property=\"og:image:height\" content=\"682\" \/>\n\t<meta property=\"og:image:type\" content=\"image\/jpeg\" \/>\n<meta name=\"twitter:card\" content=\"summary_large_image\" \/>\n<script type=\"application\/ld+json\" class=\"yoast-schema-graph\">{\"@context\":\"https:\\\/\\\/schema.org\",\"@graph\":[{\"@type\":\"WebPage\",\"@id\":\"https:\\\/\\\/shop.bantam.ch\\\/fr\\\/produit\\\/controleur-de-batterie-tension-mt-usg-40\\\/\",\"url\":\"https:\\\/\\\/shop.bantam.ch\\\/fr\\\/produit\\\/controleur-de-batterie-tension-mt-usg-40\\\/\",\"name\":\"Controleur de Batterie MT 40- Bantam Wankm\u00fcller SA\",\"isPartOf\":{\"@id\":\"https:\\\/\\\/shop.bantam.ch\\\/fr\\\/#website\"},\"primaryImageOfPage\":{\"@id\":\"https:\\\/\\\/shop.bantam.ch\\\/fr\\\/produit\\\/controleur-de-batterie-tension-mt-usg-40\\\/#primaryimage\"},\"image\":{\"@id\":\"https:\\\/\\\/shop.bantam.ch\\\/fr\\\/produit\\\/controleur-de-batterie-tension-mt-usg-40\\\/#primaryimage\"},\"thumbnailUrl\":\"https:\\\/\\\/shop.bantam.ch\\\/wp-content\\\/uploads\\\/2023\\\/02\\\/9952309-Batterie-Controller_MT_40-IQ-Standard-01-1.jpg\",\"datePublished\":\"2023-02-22T20:38:42+00:00\",\"dateModified\":\"2026-04-18T19:00:00+00:00\",\"breadcrumb\":{\"@id\":\"https:\\\/\\\/shop.bantam.ch\\\/fr\\\/produit\\\/controleur-de-batterie-tension-mt-usg-40\\\/#breadcrumb\"},\"inLanguage\":\"fr-FR\",\"potentialAction\":[{\"@type\":\"ReadAction\",\"target\":[\"https:\\\/\\\/shop.bantam.ch\\\/fr\\\/produit\\\/controleur-de-batterie-tension-mt-usg-40\\\/\"]}]},{\"@type\":\"ImageObject\",\"inLanguage\":\"fr-FR\",\"@id\":\"https:\\\/\\\/shop.bantam.ch\\\/fr\\\/produit\\\/controleur-de-batterie-tension-mt-usg-40\\\/#primaryimage\",\"url\":\"https:\\\/\\\/shop.bantam.ch\\\/wp-content\\\/uploads\\\/2023\\\/02\\\/9952309-Batterie-Controller_MT_40-IQ-Standard-01-1.jpg\",\"contentUrl\":\"https:\\\/\\\/shop.bantam.ch\\\/wp-content\\\/uploads\\\/2023\\\/02\\\/9952309-Batterie-Controller_MT_40-IQ-Standard-01-1.jpg\",\"width\":1000,\"height\":682},{\"@type\":\"BreadcrumbList\",\"@id\":\"https:\\\/\\\/shop.bantam.ch\\\/fr\\\/produit\\\/controleur-de-batterie-tension-mt-usg-40\\\/#breadcrumb\",\"itemListElement\":[{\"@type\":\"ListItem\",\"position\":1,\"name\":\"Accueil\",\"item\":\"https:\\\/\\\/shop.bantam.ch\\\/fr\\\/\"},{\"@type\":\"ListItem\",\"position\":2,\"name\":\"Boutique\",\"item\":\"https:\\\/\\\/shop.bantam.ch\\\/fr\\\/boutique\\\/\"},{\"@type\":\"ListItem\",\"position\":3,\"name\":\"Controleur de Batterie MT 40-\"}]},{\"@type\":\"WebSite\",\"@id\":\"https:\\\/\\\/shop.bantam.ch\\\/fr\\\/#website\",\"url\":\"https:\\\/\\\/shop.bantam.ch\\\/fr\\\/\",\"name\":\"Bantam Wankm\u00fcller SA\",\"description\":\"\",\"publisher\":{\"@id\":\"https:\\\/\\\/shop.bantam.ch\\\/fr\\\/#organization\"},\"inLanguage\":\"fr-FR\"},{\"@type\":\"Organization\",\"@id\":\"https:\\\/\\\/shop.bantam.ch\\\/fr\\\/#organization\",\"name\":\"Bantam Wankm\u00fcller SA\",\"url\":\"https:\\\/\\\/shop.bantam.ch\\\/fr\\\/\",\"logo\":{\"@type\":\"ImageObject\",\"inLanguage\":\"fr-FR\",\"@id\":\"https:\\\/\\\/shop.bantam.ch\\\/fr\\\/#\\\/schema\\\/logo\\\/image\\\/\",\"url\":\"https:\\\/\\\/shop.bantam.ch\\\/wp-content\\\/uploads\\\/2022\\\/12\\\/bantam-logo.png\",\"contentUrl\":\"https:\\\/\\\/shop.bantam.ch\\\/wp-content\\\/uploads\\\/2022\\\/12\\\/bantam-logo.png\",\"width\":320,\"height\":71,\"caption\":\"Bantam Wankm\u00fcller SA\"},\"image\":{\"@id\":\"https:\\\/\\\/shop.bantam.ch\\\/fr\\\/#\\\/schema\\\/logo\\\/image\\\/\"}}]}<\/script>\n<!-- \/ Yoast SEO plugin. -->","yoast_head_json":{"title":"Controleur de Batterie MT 40- Bantam Wankm\u00fcller SA","robots":{"index":"index","follow":"follow","max-snippet":"max-snippet:-1","max-image-preview":"max-image-preview:large","max-video-preview":"max-video-preview:-1"},"canonical":"https:\/\/shop.bantam.ch\/fr\/produit\/controleur-de-batterie-tension-mt-usg-40\/","og_locale":"fr_FR","og_type":"article","og_title":"Controleur de Batterie MT 40- Bantam Wankm\u00fcller SA","og_description":"Se place entre la batterie et les consommateurs 12V. Prot\u00e8ge la batterie comme le consommateur de sous-tensions pr\u00e9judiciables (OFF \u00e0 10,7V) ainsi que les consommateurs connect\u00e9s d\u2018une surtension pr\u00e9judiciable (OFF \u00e0 15,5V). Le syst\u00e8me MT USG 40 peut \u00eatre t\u00e9l\u00e9command\u00e9 par le biais d\u2018une sortie de commutation s\u00e9par\u00e9e et peut ainsi \u00e9galement \u00eatre utilis\u00e9 comme [&hellip;]","og_url":"https:\/\/shop.bantam.ch\/fr\/produit\/controleur-de-batterie-tension-mt-usg-40\/","og_site_name":"Bantam Wankm\u00fcller SA","article_modified_time":"2026-04-18T19:00:00+00:00","og_image":[{"width":1000,"height":682,"url":"https:\/\/shop.bantam.ch\/wp-content\/uploads\/2023\/02\/9952309-Batterie-Controller_MT_40-IQ-Standard-01-1.jpg","type":"image\/jpeg"}],"twitter_card":"summary_large_image","schema":{"@context":"https:\/\/schema.org","@graph":[{"@type":"WebPage","@id":"https:\/\/shop.bantam.ch\/fr\/produit\/controleur-de-batterie-tension-mt-usg-40\/","url":"https:\/\/shop.bantam.ch\/fr\/produit\/controleur-de-batterie-tension-mt-usg-40\/","name":"Controleur de Batterie MT 40- Bantam Wankm\u00fcller SA","isPartOf":{"@id":"https:\/\/shop.bantam.ch\/fr\/#website"},"primaryImageOfPage":{"@id":"https:\/\/shop.bantam.ch\/fr\/produit\/controleur-de-batterie-tension-mt-usg-40\/#primaryimage"},"image":{"@id":"https:\/\/shop.bantam.ch\/fr\/produit\/controleur-de-batterie-tension-mt-usg-40\/#primaryimage"},"thumbnailUrl":"https:\/\/shop.bantam.ch\/wp-content\/uploads\/2023\/02\/9952309-Batterie-Controller_MT_40-IQ-Standard-01-1.jpg","datePublished":"2023-02-22T20:38:42+00:00","dateModified":"2026-04-18T19:00:00+00:00","breadcrumb":{"@id":"https:\/\/shop.bantam.ch\/fr\/produit\/controleur-de-batterie-tension-mt-usg-40\/#breadcrumb"},"inLanguage":"fr-FR","potentialAction":[{"@type":"ReadAction","target":["https:\/\/shop.bantam.ch\/fr\/produit\/controleur-de-batterie-tension-mt-usg-40\/"]}]},{"@type":"ImageObject","inLanguage":"fr-FR","@id":"https:\/\/shop.bantam.ch\/fr\/produit\/controleur-de-batterie-tension-mt-usg-40\/#primaryimage","url":"https:\/\/shop.bantam.ch\/wp-content\/uploads\/2023\/02\/9952309-Batterie-Controller_MT_40-IQ-Standard-01-1.jpg","contentUrl":"https:\/\/shop.bantam.ch\/wp-content\/uploads\/2023\/02\/9952309-Batterie-Controller_MT_40-IQ-Standard-01-1.jpg","width":1000,"height":682},{"@type":"BreadcrumbList","@id":"https:\/\/shop.bantam.ch\/fr\/produit\/controleur-de-batterie-tension-mt-usg-40\/#breadcrumb","itemListElement":[{"@type":"ListItem","position":1,"name":"Accueil","item":"https:\/\/shop.bantam.ch\/fr\/"},{"@type":"ListItem","position":2,"name":"Boutique","item":"https:\/\/shop.bantam.ch\/fr\/boutique\/"},{"@type":"ListItem","position":3,"name":"Controleur de Batterie MT 40-"}]},{"@type":"WebSite","@id":"https:\/\/shop.bantam.ch\/fr\/#website","url":"https:\/\/shop.bantam.ch\/fr\/","name":"Bantam Wankm\u00fcller SA","description":"","publisher":{"@id":"https:\/\/shop.bantam.ch\/fr\/#organization"},"inLanguage":"fr-FR"},{"@type":"Organization","@id":"https:\/\/shop.bantam.ch\/fr\/#organization","name":"Bantam Wankm\u00fcller SA","url":"https:\/\/shop.bantam.ch\/fr\/","logo":{"@type":"ImageObject","inLanguage":"fr-FR","@id":"https:\/\/shop.bantam.ch\/fr\/#\/schema\/logo\/image\/","url":"https:\/\/shop.bantam.ch\/wp-content\/uploads\/2022\/12\/bantam-logo.png","contentUrl":"https:\/\/shop.bantam.ch\/wp-content\/uploads\/2022\/12\/bantam-logo.png","width":320,"height":71,"caption":"Bantam Wankm\u00fcller SA"},"image":{"@id":"https:\/\/shop.bantam.ch\/fr\/#\/schema\/logo\/image\/"}}]}},"_links":{"self":[{"href":"https:\/\/shop.bantam.ch\/fr\/wp-json\/wp\/v2\/product\/42085","targetHints":{"allow":["GET"]}}],"collection":[{"href":"https:\/\/shop.bantam.ch\/fr\/wp-json\/wp\/v2\/product"}],"about":[{"href":"https:\/\/shop.bantam.ch\/fr\/wp-json\/wp\/v2\/types\/product"}],"wp:featuredmedia":[{"embeddable":true,"href":"https:\/\/shop.bantam.ch\/fr\/wp-json\/wp\/v2\/media\/42083"}],"wp:attachment":[{"href":"https:\/\/shop.bantam.ch\/fr\/wp-json\/wp\/v2\/media?parent=42085"}],"wp:term":[{"taxonomy":"product_featured_cat","embeddable":true,"href":"https:\/\/shop.bantam.ch\/fr\/wp-json\/wp\/v2\/product_featured_cat?post=42085"},{"taxonomy":"product_brand","embeddable":true,"href":"https:\/\/shop.bantam.ch\/fr\/wp-json\/wp\/v2\/product_brand?post=42085"},{"taxonomy":"product_cat","embeddable":true,"href":"https:\/\/shop.bantam.ch\/fr\/wp-json\/wp\/v2\/product_cat?post=42085"},{"taxonomy":"product_tag","embeddable":true,"href":"https:\/\/shop.bantam.ch\/fr\/wp-json\/wp\/v2\/product_tag?post=42085"}],"curies":[{"name":"wp","href":"https:\/\/api.w.org\/{rel}","templated":true}]}}