{"id":42027,"date":"2023-02-22T21:37:25","date_gmt":"2023-02-22T20:37:25","guid":{"rendered":"http:\/\/preprod-dev.sh1.hidora.com\/webshop\/produit\/batterie-control-booster-mt-bcb-iuou-10-a\/"},"modified":"2026-04-17T20:59:10","modified_gmt":"2026-04-17T18:59:10","slug":"batterie-control-booster-mt-bcb-iuou-10-a","status":"publish","type":"product","link":"https:\/\/shop.bantam.ch\/fr\/produit\/batterie-control-booster-mt-bcb-iuou-10-a\/","title":{"rendered":"Batterie Control Booster MT BCB IUoU 10 A"},"content":{"rendered":"<p>Dans tous les cas, le BCB est la combinaison de charge optimale pour les petits v\u00e9hicules de tourisme avec capacit\u00e9 de batterie habituelle et le compl\u00e9ment optimal de charge pour les gros v\u00e9hicules, pour lesquels le chargeur int\u00e9gr\u00e9 n\u2018a pas la possibilit\u00e9 de charger des batteries sp\u00e9cifiques telles que les batteries AGM ou au gel. L\u2018appareil dispose d\u2018un programme de charge longue dur\u00e9e et peut ainsi rester toujours reli\u00e9 au r\u00e9seau 230 V. Un pulsateur int\u00e9gr\u00e9 emp\u00eache la sulfatation de la batterie. Pendant le trajet, la batterie de la caravane est aliment\u00e9e avec une tension optimale, les pertes de tension li\u00e9es au longueurs des c\u00e2bles sont compens\u00e9es par le v\u00e9hicule tracteur. Le courant de charge durant le d\u00e9placement est limit\u00e9 \u00e0 8 A. A l\u2018arr\u00eat (230 V), la batterie de bord est aliment\u00e9e par un courant de charge de 10 A \u2013 \u00e9galement avec la caract\u00e9ristique de charge appropri\u00e9e.<\/p>\n<p>Contenu de la livraison :<br \/>avec sonde de temp\u00e9rature et rallonge de c\u00e2ble de 5 m pour le module de commande<\/p>\n","protected":false},"excerpt":{"rendered":"<p>Dans tous les cas, le BCB est la combinaison de charge optimale pour les petits v\u00e9hicules de tourisme avec capacit\u00e9 de batterie habituelle et le compl\u00e9ment optimal de charge pour les gros v\u00e9hicules, pour lesquels le chargeur int\u00e9gr\u00e9 n\u2018a pas la possibilit\u00e9 de charger des batteries sp\u00e9cifiques telles que les batteries AGM ou au gel. [&hellip;]<\/p>\n","protected":false},"featured_media":42025,"template":"","meta":{"_acf_changed":false},"product_featured_cat":[],"product_brand":[3068],"product_cat":[4909],"product_tag":[],"class_list":{"0":"post-42027","1":"product","2":"type-product","3":"status-publish","4":"has-post-thumbnail","6":"product_brand-buttner-elektronik","7":"product_cat-boosters-de-charge","9":"first","10":"instock","11":"taxable","12":"shipping-taxable","13":"purchasable","14":"product-type-simple"},"acf":[],"yoast_head":"<!-- This site is optimized with the Yoast SEO plugin v27.4 - https:\/\/yoast.com\/product\/yoast-seo-wordpress\/ -->\n<title>Batterie Control Booster MT BCB IUoU 10 A - Bantam Wankm\u00fcller SA<\/title>\n<meta name=\"robots\" content=\"index, follow, max-snippet:-1, max-image-preview:large, max-video-preview:-1\" \/>\n<link rel=\"canonical\" href=\"https:\/\/shop.bantam.ch\/fr\/produit\/batterie-control-booster-mt-bcb-iuou-10-a\/\" \/>\n<meta property=\"og:locale\" content=\"fr_FR\" \/>\n<meta property=\"og:type\" content=\"article\" \/>\n<meta property=\"og:title\" content=\"Batterie Control Booster MT BCB IUoU 10 A - Bantam Wankm\u00fcller SA\" \/>\n<meta property=\"og:description\" content=\"Dans tous les cas, le BCB est la combinaison de charge optimale pour les petits v\u00e9hicules de tourisme avec capacit\u00e9 de batterie habituelle et le compl\u00e9ment optimal de charge pour les gros v\u00e9hicules, pour lesquels le chargeur int\u00e9gr\u00e9 n\u2018a pas la possibilit\u00e9 de charger des batteries sp\u00e9cifiques telles que les batteries AGM ou au gel. [&hellip;]\" \/>\n<meta property=\"og:url\" content=\"https:\/\/shop.bantam.ch\/fr\/produit\/batterie-control-booster-mt-bcb-iuou-10-a\/\" \/>\n<meta property=\"og:site_name\" content=\"Bantam Wankm\u00fcller SA\" \/>\n<meta property=\"article:modified_time\" content=\"2026-04-17T18:59:10+00:00\" \/>\n<meta property=\"og:image\" content=\"https:\/\/shop.bantam.ch\/wp-content\/uploads\/2023\/02\/9952307-MT_Batterie-Control-Booster_12_V_810_A-Standard-01-1.jpg\" \/>\n\t<meta property=\"og:image:width\" content=\"757\" \/>\n\t<meta property=\"og:image:height\" content=\"1000\" \/>\n\t<meta property=\"og:image:type\" content=\"image\/jpeg\" \/>\n<meta name=\"twitter:card\" content=\"summary_large_image\" \/>\n<meta name=\"twitter:label1\" content=\"Dur\u00e9e de lecture estim\u00e9e\" \/>\n\t<meta name=\"twitter:data1\" content=\"1 minute\" \/>\n<script type=\"application\/ld+json\" class=\"yoast-schema-graph\">{\"@context\":\"https:\\\/\\\/schema.org\",\"@graph\":[{\"@type\":\"WebPage\",\"@id\":\"https:\\\/\\\/shop.bantam.ch\\\/fr\\\/produit\\\/batterie-control-booster-mt-bcb-iuou-10-a\\\/\",\"url\":\"https:\\\/\\\/shop.bantam.ch\\\/fr\\\/produit\\\/batterie-control-booster-mt-bcb-iuou-10-a\\\/\",\"name\":\"Batterie Control Booster MT BCB IUoU 10 A - Bantam Wankm\u00fcller SA\",\"isPartOf\":{\"@id\":\"https:\\\/\\\/shop.bantam.ch\\\/fr\\\/#website\"},\"primaryImageOfPage\":{\"@id\":\"https:\\\/\\\/shop.bantam.ch\\\/fr\\\/produit\\\/batterie-control-booster-mt-bcb-iuou-10-a\\\/#primaryimage\"},\"image\":{\"@id\":\"https:\\\/\\\/shop.bantam.ch\\\/fr\\\/produit\\\/batterie-control-booster-mt-bcb-iuou-10-a\\\/#primaryimage\"},\"thumbnailUrl\":\"https:\\\/\\\/shop.bantam.ch\\\/wp-content\\\/uploads\\\/2023\\\/02\\\/9952307-MT_Batterie-Control-Booster_12_V_810_A-Standard-01-1.jpg\",\"datePublished\":\"2023-02-22T20:37:25+00:00\",\"dateModified\":\"2026-04-17T18:59:10+00:00\",\"breadcrumb\":{\"@id\":\"https:\\\/\\\/shop.bantam.ch\\\/fr\\\/produit\\\/batterie-control-booster-mt-bcb-iuou-10-a\\\/#breadcrumb\"},\"inLanguage\":\"fr-FR\",\"potentialAction\":[{\"@type\":\"ReadAction\",\"target\":[\"https:\\\/\\\/shop.bantam.ch\\\/fr\\\/produit\\\/batterie-control-booster-mt-bcb-iuou-10-a\\\/\"]}]},{\"@type\":\"ImageObject\",\"inLanguage\":\"fr-FR\",\"@id\":\"https:\\\/\\\/shop.bantam.ch\\\/fr\\\/produit\\\/batterie-control-booster-mt-bcb-iuou-10-a\\\/#primaryimage\",\"url\":\"https:\\\/\\\/shop.bantam.ch\\\/wp-content\\\/uploads\\\/2023\\\/02\\\/9952307-MT_Batterie-Control-Booster_12_V_810_A-Standard-01-1.jpg\",\"contentUrl\":\"https:\\\/\\\/shop.bantam.ch\\\/wp-content\\\/uploads\\\/2023\\\/02\\\/9952307-MT_Batterie-Control-Booster_12_V_810_A-Standard-01-1.jpg\",\"width\":757,\"height\":1000},{\"@type\":\"BreadcrumbList\",\"@id\":\"https:\\\/\\\/shop.bantam.ch\\\/fr\\\/produit\\\/batterie-control-booster-mt-bcb-iuou-10-a\\\/#breadcrumb\",\"itemListElement\":[{\"@type\":\"ListItem\",\"position\":1,\"name\":\"Accueil\",\"item\":\"https:\\\/\\\/shop.bantam.ch\\\/fr\\\/\"},{\"@type\":\"ListItem\",\"position\":2,\"name\":\"Boutique\",\"item\":\"https:\\\/\\\/shop.bantam.ch\\\/fr\\\/boutique\\\/\"},{\"@type\":\"ListItem\",\"position\":3,\"name\":\"Batterie Control Booster MT BCB IUoU 10 A\"}]},{\"@type\":\"WebSite\",\"@id\":\"https:\\\/\\\/shop.bantam.ch\\\/fr\\\/#website\",\"url\":\"https:\\\/\\\/shop.bantam.ch\\\/fr\\\/\",\"name\":\"Bantam Wankm\u00fcller SA\",\"description\":\"\",\"publisher\":{\"@id\":\"https:\\\/\\\/shop.bantam.ch\\\/fr\\\/#organization\"},\"inLanguage\":\"fr-FR\"},{\"@type\":\"Organization\",\"@id\":\"https:\\\/\\\/shop.bantam.ch\\\/fr\\\/#organization\",\"name\":\"Bantam Wankm\u00fcller SA\",\"url\":\"https:\\\/\\\/shop.bantam.ch\\\/fr\\\/\",\"logo\":{\"@type\":\"ImageObject\",\"inLanguage\":\"fr-FR\",\"@id\":\"https:\\\/\\\/shop.bantam.ch\\\/fr\\\/#\\\/schema\\\/logo\\\/image\\\/\",\"url\":\"https:\\\/\\\/shop.bantam.ch\\\/wp-content\\\/uploads\\\/2022\\\/12\\\/bantam-logo.png\",\"contentUrl\":\"https:\\\/\\\/shop.bantam.ch\\\/wp-content\\\/uploads\\\/2022\\\/12\\\/bantam-logo.png\",\"width\":320,\"height\":71,\"caption\":\"Bantam Wankm\u00fcller SA\"},\"image\":{\"@id\":\"https:\\\/\\\/shop.bantam.ch\\\/fr\\\/#\\\/schema\\\/logo\\\/image\\\/\"}}]}<\/script>\n<!-- \/ Yoast SEO plugin. -->","yoast_head_json":{"title":"Batterie Control Booster MT BCB IUoU 10 A - Bantam Wankm\u00fcller SA","robots":{"index":"index","follow":"follow","max-snippet":"max-snippet:-1","max-image-preview":"max-image-preview:large","max-video-preview":"max-video-preview:-1"},"canonical":"https:\/\/shop.bantam.ch\/fr\/produit\/batterie-control-booster-mt-bcb-iuou-10-a\/","og_locale":"fr_FR","og_type":"article","og_title":"Batterie Control Booster MT BCB IUoU 10 A - Bantam Wankm\u00fcller SA","og_description":"Dans tous les cas, le BCB est la combinaison de charge optimale pour les petits v\u00e9hicules de tourisme avec capacit\u00e9 de batterie habituelle et le compl\u00e9ment optimal de charge pour les gros v\u00e9hicules, pour lesquels le chargeur int\u00e9gr\u00e9 n\u2018a pas la possibilit\u00e9 de charger des batteries sp\u00e9cifiques telles que les batteries AGM ou au gel. [&hellip;]","og_url":"https:\/\/shop.bantam.ch\/fr\/produit\/batterie-control-booster-mt-bcb-iuou-10-a\/","og_site_name":"Bantam Wankm\u00fcller SA","article_modified_time":"2026-04-17T18:59:10+00:00","og_image":[{"width":757,"height":1000,"url":"https:\/\/shop.bantam.ch\/wp-content\/uploads\/2023\/02\/9952307-MT_Batterie-Control-Booster_12_V_810_A-Standard-01-1.jpg","type":"image\/jpeg"}],"twitter_card":"summary_large_image","twitter_misc":{"Dur\u00e9e de lecture estim\u00e9e":"1 minute"},"schema":{"@context":"https:\/\/schema.org","@graph":[{"@type":"WebPage","@id":"https:\/\/shop.bantam.ch\/fr\/produit\/batterie-control-booster-mt-bcb-iuou-10-a\/","url":"https:\/\/shop.bantam.ch\/fr\/produit\/batterie-control-booster-mt-bcb-iuou-10-a\/","name":"Batterie Control Booster MT BCB IUoU 10 A - Bantam Wankm\u00fcller SA","isPartOf":{"@id":"https:\/\/shop.bantam.ch\/fr\/#website"},"primaryImageOfPage":{"@id":"https:\/\/shop.bantam.ch\/fr\/produit\/batterie-control-booster-mt-bcb-iuou-10-a\/#primaryimage"},"image":{"@id":"https:\/\/shop.bantam.ch\/fr\/produit\/batterie-control-booster-mt-bcb-iuou-10-a\/#primaryimage"},"thumbnailUrl":"https:\/\/shop.bantam.ch\/wp-content\/uploads\/2023\/02\/9952307-MT_Batterie-Control-Booster_12_V_810_A-Standard-01-1.jpg","datePublished":"2023-02-22T20:37:25+00:00","dateModified":"2026-04-17T18:59:10+00:00","breadcrumb":{"@id":"https:\/\/shop.bantam.ch\/fr\/produit\/batterie-control-booster-mt-bcb-iuou-10-a\/#breadcrumb"},"inLanguage":"fr-FR","potentialAction":[{"@type":"ReadAction","target":["https:\/\/shop.bantam.ch\/fr\/produit\/batterie-control-booster-mt-bcb-iuou-10-a\/"]}]},{"@type":"ImageObject","inLanguage":"fr-FR","@id":"https:\/\/shop.bantam.ch\/fr\/produit\/batterie-control-booster-mt-bcb-iuou-10-a\/#primaryimage","url":"https:\/\/shop.bantam.ch\/wp-content\/uploads\/2023\/02\/9952307-MT_Batterie-Control-Booster_12_V_810_A-Standard-01-1.jpg","contentUrl":"https:\/\/shop.bantam.ch\/wp-content\/uploads\/2023\/02\/9952307-MT_Batterie-Control-Booster_12_V_810_A-Standard-01-1.jpg","width":757,"height":1000},{"@type":"BreadcrumbList","@id":"https:\/\/shop.bantam.ch\/fr\/produit\/batterie-control-booster-mt-bcb-iuou-10-a\/#breadcrumb","itemListElement":[{"@type":"ListItem","position":1,"name":"Accueil","item":"https:\/\/shop.bantam.ch\/fr\/"},{"@type":"ListItem","position":2,"name":"Boutique","item":"https:\/\/shop.bantam.ch\/fr\/boutique\/"},{"@type":"ListItem","position":3,"name":"Batterie Control Booster MT BCB IUoU 10 A"}]},{"@type":"WebSite","@id":"https:\/\/shop.bantam.ch\/fr\/#website","url":"https:\/\/shop.bantam.ch\/fr\/","name":"Bantam Wankm\u00fcller SA","description":"","publisher":{"@id":"https:\/\/shop.bantam.ch\/fr\/#organization"},"inLanguage":"fr-FR"},{"@type":"Organization","@id":"https:\/\/shop.bantam.ch\/fr\/#organization","name":"Bantam Wankm\u00fcller SA","url":"https:\/\/shop.bantam.ch\/fr\/","logo":{"@type":"ImageObject","inLanguage":"fr-FR","@id":"https:\/\/shop.bantam.ch\/fr\/#\/schema\/logo\/image\/","url":"https:\/\/shop.bantam.ch\/wp-content\/uploads\/2022\/12\/bantam-logo.png","contentUrl":"https:\/\/shop.bantam.ch\/wp-content\/uploads\/2022\/12\/bantam-logo.png","width":320,"height":71,"caption":"Bantam Wankm\u00fcller SA"},"image":{"@id":"https:\/\/shop.bantam.ch\/fr\/#\/schema\/logo\/image\/"}}]}},"_links":{"self":[{"href":"https:\/\/shop.bantam.ch\/fr\/wp-json\/wp\/v2\/product\/42027","targetHints":{"allow":["GET"]}}],"collection":[{"href":"https:\/\/shop.bantam.ch\/fr\/wp-json\/wp\/v2\/product"}],"about":[{"href":"https:\/\/shop.bantam.ch\/fr\/wp-json\/wp\/v2\/types\/product"}],"wp:featuredmedia":[{"embeddable":true,"href":"https:\/\/shop.bantam.ch\/fr\/wp-json\/wp\/v2\/media\/42025"}],"wp:attachment":[{"href":"https:\/\/shop.bantam.ch\/fr\/wp-json\/wp\/v2\/media?parent=42027"}],"wp:term":[{"taxonomy":"product_featured_cat","embeddable":true,"href":"https:\/\/shop.bantam.ch\/fr\/wp-json\/wp\/v2\/product_featured_cat?post=42027"},{"taxonomy":"product_brand","embeddable":true,"href":"https:\/\/shop.bantam.ch\/fr\/wp-json\/wp\/v2\/product_brand?post=42027"},{"taxonomy":"product_cat","embeddable":true,"href":"https:\/\/shop.bantam.ch\/fr\/wp-json\/wp\/v2\/product_cat?post=42027"},{"taxonomy":"product_tag","embeddable":true,"href":"https:\/\/shop.bantam.ch\/fr\/wp-json\/wp\/v2\/product_tag?post=42027"}],"curies":[{"name":"wp","href":"https:\/\/api.w.org\/{rel}","templated":true}]}}