{"id":41989,"date":"2023-02-22T21:36:35","date_gmt":"2023-02-22T20:36:35","guid":{"rendered":"http:\/\/preprod-dev.sh1.hidora.com\/webshop\/produit\/generateur-eu-10i\/"},"modified":"2026-04-18T20:59:37","modified_gmt":"2026-04-18T18:59:37","slug":"generateur-eu-10i","status":"publish","type":"product","link":"https:\/\/shop.bantam.ch\/fr\/produit\/generateur-eu-10i\/","title":{"rendered":"G\u00e9n\u00e9rateur Honda EU 10 i"},"content":{"rendered":"<p>En int\u00e9grant le g\u00e9n\u00e9rateur dans le moteur, il est possible d&rsquo;\u00e9conomiser jusqu&rsquo;\u00e0 50 % en volume et jusqu&rsquo;\u00e0 50 % en poids. Le coffrage entier rend les appareils qui r\u00e9pondent aujourd\u2019hui dans le monde entier \u00e0 la norme californienne CARB tr\u00e8s stricte relative aux gaz d\u2019\u00e9chappement particuli\u00e8rement silencieux.<br \/>La gestion intelligente du moteur permet de r\u00e9aliser des \u00e9conomies de carburant et<br \/>\npermet, selon le mod\u00e8le, des dur\u00e9es de service entre 3,5 et 25 heures. <br \/>La r\u00e9glementation des inverseurs des mod\u00e8les UE garantit une fr\u00e9quence et une<br \/>\nstabilit\u00e9 de tension parfaites, c\u2019est-\u00e0-dire un courant id\u00e9al pour utiliser des appareils<br \/>\nsensibles comme des PC. Gr\u00e2ce \u00e0 une technologie de moteur toute r\u00e9cente, les<br \/>\ngroupes \u00e9lectrog\u00e8nes peuvent d\u00e9marrer facilement m\u00eame apr\u00e8s une longue dur\u00e9e<br \/>\nd\u2019immobilisation. Une mauvaise manipulation est pratiquement exclue car tous les mod\u00e8les sont \u00e9quip\u00e9s d\u2019une protection contre la surcharge et d\u2019un dispositif d\u2019arr\u00eat en cas de niveau d\u2019huile insuffisant.<br \/>Avantages suppl\u00e9mentaires : deux appareils identiques de la gamme UE peuvent \u00eatre branch\u00e9s en parall\u00e8le par le biais d\u2019un c\u00e2ble de raccordement. La puissance est ainsi doubl\u00e9e.<br \/>De plus, tous les mod\u00e8les sont \u00e9quip\u00e9s d\u2019une sortie de courant continu pour charger<br \/>\nles batteries.<\/p>\n<ul>\n<li>Puissance max. : 1,0 kVA<\/li>\n<li>Puissance continue : 0,9 kVA<\/li>\n<li>Fr\u00e9quence : 50 Hz<\/li>\n<li>R\u00e9gulation de tension : Inverseur<\/li>\n<li>Moteur : GXH50 \u00e0 4 temps <\/li>\n<li>D\u00e9marreur : D\u00e9marreur manuel<\/li>\n<li>Courant de charge : 12 V \/ 8,3 A<\/li>\n<li>Capacit\u00e9 du r\u00e9servoir : 2,1 l<\/li>\n<li>Dur\u00e9e remplissage : 3,9 h &#8211; 8 h<\/li>\n<li>Puissance acoustique : 83 &#8211; 87 dBA<\/li>\n<li>Niveau sonore : \u00e0 une distance de 7 m 52 &#8211; 57 dBA<\/li>\n<\/ul>\n","protected":false},"excerpt":{"rendered":"<p>En int\u00e9grant le g\u00e9n\u00e9rateur dans le moteur, il est possible d&rsquo;\u00e9conomiser jusqu&rsquo;\u00e0 50 % en volume et jusqu&rsquo;\u00e0 50 % en poids. Le coffrage entier rend les appareils qui r\u00e9pondent aujourd\u2019hui dans le monde entier \u00e0 la norme californienne CARB tr\u00e8s stricte relative aux gaz d\u2019\u00e9chappement particuli\u00e8rement silencieux.La gestion intelligente du moteur permet de r\u00e9aliser [&hellip;]<\/p>\n","protected":false},"featured_media":41987,"template":"","meta":{"_acf_changed":false},"product_featured_cat":[],"product_brand":[3340],"product_cat":[4855],"product_tag":[],"class_list":{"0":"post-41989","1":"product","2":"type-product","3":"status-publish","4":"has-post-thumbnail","6":"product_brand-honda","7":"product_cat-generateurs-essence","9":"first","10":"instock","11":"featured","12":"taxable","13":"shipping-taxable","14":"purchasable","15":"product-type-simple"},"acf":[],"yoast_head":"<!-- This site is optimized with the Yoast SEO plugin v27.4 - https:\/\/yoast.com\/product\/yoast-seo-wordpress\/ -->\n<title>G\u00e9n\u00e9rateur Honda EU 10 i - Bantam Wankm\u00fcller SA<\/title>\n<meta name=\"robots\" content=\"index, follow, max-snippet:-1, max-image-preview:large, max-video-preview:-1\" \/>\n<link rel=\"canonical\" href=\"https:\/\/shop.bantam.ch\/fr\/produit\/generateur-eu-10i\/\" \/>\n<meta property=\"og:locale\" content=\"fr_FR\" \/>\n<meta property=\"og:type\" content=\"article\" \/>\n<meta property=\"og:title\" content=\"G\u00e9n\u00e9rateur Honda EU 10 i - Bantam Wankm\u00fcller SA\" \/>\n<meta property=\"og:description\" content=\"En int\u00e9grant le g\u00e9n\u00e9rateur dans le moteur, il est possible d&rsquo;\u00e9conomiser jusqu&rsquo;\u00e0 50 % en volume et jusqu&rsquo;\u00e0 50 % en poids. Le coffrage entier rend les appareils qui r\u00e9pondent aujourd\u2019hui dans le monde entier \u00e0 la norme californienne CARB tr\u00e8s stricte relative aux gaz d\u2019\u00e9chappement particuli\u00e8rement silencieux.La gestion intelligente du moteur permet de r\u00e9aliser [&hellip;]\" \/>\n<meta property=\"og:url\" content=\"https:\/\/shop.bantam.ch\/fr\/produit\/generateur-eu-10i\/\" \/>\n<meta property=\"og:site_name\" content=\"Bantam Wankm\u00fcller SA\" \/>\n<meta property=\"article:modified_time\" content=\"2026-04-18T18:59:37+00:00\" \/>\n<meta property=\"og:image\" content=\"https:\/\/shop.bantam.ch\/wp-content\/uploads\/2023\/02\/9952441-HONDA-Generator_EU_10_i-Standard-01-1.jpg\" \/>\n\t<meta property=\"og:image:width\" content=\"616\" \/>\n\t<meta property=\"og:image:height\" content=\"1000\" \/>\n\t<meta property=\"og:image:type\" content=\"image\/jpeg\" \/>\n<meta name=\"twitter:card\" content=\"summary_large_image\" \/>\n<meta name=\"twitter:label1\" content=\"Dur\u00e9e de lecture estim\u00e9e\" \/>\n\t<meta name=\"twitter:data1\" content=\"1 minute\" \/>\n<script type=\"application\/ld+json\" class=\"yoast-schema-graph\">{\"@context\":\"https:\\\/\\\/schema.org\",\"@graph\":[{\"@type\":\"WebPage\",\"@id\":\"https:\\\/\\\/shop.bantam.ch\\\/fr\\\/produit\\\/generateur-eu-10i\\\/\",\"url\":\"https:\\\/\\\/shop.bantam.ch\\\/fr\\\/produit\\\/generateur-eu-10i\\\/\",\"name\":\"G\u00e9n\u00e9rateur Honda EU 10 i - Bantam Wankm\u00fcller SA\",\"isPartOf\":{\"@id\":\"https:\\\/\\\/shop.bantam.ch\\\/fr\\\/#website\"},\"primaryImageOfPage\":{\"@id\":\"https:\\\/\\\/shop.bantam.ch\\\/fr\\\/produit\\\/generateur-eu-10i\\\/#primaryimage\"},\"image\":{\"@id\":\"https:\\\/\\\/shop.bantam.ch\\\/fr\\\/produit\\\/generateur-eu-10i\\\/#primaryimage\"},\"thumbnailUrl\":\"https:\\\/\\\/shop.bantam.ch\\\/wp-content\\\/uploads\\\/2023\\\/02\\\/9952441-HONDA-Generator_EU_10_i-Standard-01-1.jpg\",\"datePublished\":\"2023-02-22T20:36:35+00:00\",\"dateModified\":\"2026-04-18T18:59:37+00:00\",\"breadcrumb\":{\"@id\":\"https:\\\/\\\/shop.bantam.ch\\\/fr\\\/produit\\\/generateur-eu-10i\\\/#breadcrumb\"},\"inLanguage\":\"fr-FR\",\"potentialAction\":[{\"@type\":\"ReadAction\",\"target\":[\"https:\\\/\\\/shop.bantam.ch\\\/fr\\\/produit\\\/generateur-eu-10i\\\/\"]}]},{\"@type\":\"ImageObject\",\"inLanguage\":\"fr-FR\",\"@id\":\"https:\\\/\\\/shop.bantam.ch\\\/fr\\\/produit\\\/generateur-eu-10i\\\/#primaryimage\",\"url\":\"https:\\\/\\\/shop.bantam.ch\\\/wp-content\\\/uploads\\\/2023\\\/02\\\/9952441-HONDA-Generator_EU_10_i-Standard-01-1.jpg\",\"contentUrl\":\"https:\\\/\\\/shop.bantam.ch\\\/wp-content\\\/uploads\\\/2023\\\/02\\\/9952441-HONDA-Generator_EU_10_i-Standard-01-1.jpg\",\"width\":616,\"height\":1000},{\"@type\":\"BreadcrumbList\",\"@id\":\"https:\\\/\\\/shop.bantam.ch\\\/fr\\\/produit\\\/generateur-eu-10i\\\/#breadcrumb\",\"itemListElement\":[{\"@type\":\"ListItem\",\"position\":1,\"name\":\"Accueil\",\"item\":\"https:\\\/\\\/shop.bantam.ch\\\/fr\\\/\"},{\"@type\":\"ListItem\",\"position\":2,\"name\":\"Boutique\",\"item\":\"https:\\\/\\\/shop.bantam.ch\\\/fr\\\/boutique\\\/\"},{\"@type\":\"ListItem\",\"position\":3,\"name\":\"G\u00e9n\u00e9rateur Honda EU 10 i\"}]},{\"@type\":\"WebSite\",\"@id\":\"https:\\\/\\\/shop.bantam.ch\\\/fr\\\/#website\",\"url\":\"https:\\\/\\\/shop.bantam.ch\\\/fr\\\/\",\"name\":\"Bantam Wankm\u00fcller SA\",\"description\":\"\",\"publisher\":{\"@id\":\"https:\\\/\\\/shop.bantam.ch\\\/fr\\\/#organization\"},\"inLanguage\":\"fr-FR\"},{\"@type\":\"Organization\",\"@id\":\"https:\\\/\\\/shop.bantam.ch\\\/fr\\\/#organization\",\"name\":\"Bantam Wankm\u00fcller SA\",\"url\":\"https:\\\/\\\/shop.bantam.ch\\\/fr\\\/\",\"logo\":{\"@type\":\"ImageObject\",\"inLanguage\":\"fr-FR\",\"@id\":\"https:\\\/\\\/shop.bantam.ch\\\/fr\\\/#\\\/schema\\\/logo\\\/image\\\/\",\"url\":\"https:\\\/\\\/shop.bantam.ch\\\/wp-content\\\/uploads\\\/2022\\\/12\\\/bantam-logo.png\",\"contentUrl\":\"https:\\\/\\\/shop.bantam.ch\\\/wp-content\\\/uploads\\\/2022\\\/12\\\/bantam-logo.png\",\"width\":320,\"height\":71,\"caption\":\"Bantam Wankm\u00fcller SA\"},\"image\":{\"@id\":\"https:\\\/\\\/shop.bantam.ch\\\/fr\\\/#\\\/schema\\\/logo\\\/image\\\/\"}}]}<\/script>\n<!-- \/ Yoast SEO plugin. -->","yoast_head_json":{"title":"G\u00e9n\u00e9rateur Honda EU 10 i - Bantam Wankm\u00fcller SA","robots":{"index":"index","follow":"follow","max-snippet":"max-snippet:-1","max-image-preview":"max-image-preview:large","max-video-preview":"max-video-preview:-1"},"canonical":"https:\/\/shop.bantam.ch\/fr\/produit\/generateur-eu-10i\/","og_locale":"fr_FR","og_type":"article","og_title":"G\u00e9n\u00e9rateur Honda EU 10 i - Bantam Wankm\u00fcller SA","og_description":"En int\u00e9grant le g\u00e9n\u00e9rateur dans le moteur, il est possible d&rsquo;\u00e9conomiser jusqu&rsquo;\u00e0 50 % en volume et jusqu&rsquo;\u00e0 50 % en poids. Le coffrage entier rend les appareils qui r\u00e9pondent aujourd\u2019hui dans le monde entier \u00e0 la norme californienne CARB tr\u00e8s stricte relative aux gaz d\u2019\u00e9chappement particuli\u00e8rement silencieux.La gestion intelligente du moteur permet de r\u00e9aliser [&hellip;]","og_url":"https:\/\/shop.bantam.ch\/fr\/produit\/generateur-eu-10i\/","og_site_name":"Bantam Wankm\u00fcller SA","article_modified_time":"2026-04-18T18:59:37+00:00","og_image":[{"width":616,"height":1000,"url":"https:\/\/shop.bantam.ch\/wp-content\/uploads\/2023\/02\/9952441-HONDA-Generator_EU_10_i-Standard-01-1.jpg","type":"image\/jpeg"}],"twitter_card":"summary_large_image","twitter_misc":{"Dur\u00e9e de lecture estim\u00e9e":"1 minute"},"schema":{"@context":"https:\/\/schema.org","@graph":[{"@type":"WebPage","@id":"https:\/\/shop.bantam.ch\/fr\/produit\/generateur-eu-10i\/","url":"https:\/\/shop.bantam.ch\/fr\/produit\/generateur-eu-10i\/","name":"G\u00e9n\u00e9rateur Honda EU 10 i - Bantam Wankm\u00fcller SA","isPartOf":{"@id":"https:\/\/shop.bantam.ch\/fr\/#website"},"primaryImageOfPage":{"@id":"https:\/\/shop.bantam.ch\/fr\/produit\/generateur-eu-10i\/#primaryimage"},"image":{"@id":"https:\/\/shop.bantam.ch\/fr\/produit\/generateur-eu-10i\/#primaryimage"},"thumbnailUrl":"https:\/\/shop.bantam.ch\/wp-content\/uploads\/2023\/02\/9952441-HONDA-Generator_EU_10_i-Standard-01-1.jpg","datePublished":"2023-02-22T20:36:35+00:00","dateModified":"2026-04-18T18:59:37+00:00","breadcrumb":{"@id":"https:\/\/shop.bantam.ch\/fr\/produit\/generateur-eu-10i\/#breadcrumb"},"inLanguage":"fr-FR","potentialAction":[{"@type":"ReadAction","target":["https:\/\/shop.bantam.ch\/fr\/produit\/generateur-eu-10i\/"]}]},{"@type":"ImageObject","inLanguage":"fr-FR","@id":"https:\/\/shop.bantam.ch\/fr\/produit\/generateur-eu-10i\/#primaryimage","url":"https:\/\/shop.bantam.ch\/wp-content\/uploads\/2023\/02\/9952441-HONDA-Generator_EU_10_i-Standard-01-1.jpg","contentUrl":"https:\/\/shop.bantam.ch\/wp-content\/uploads\/2023\/02\/9952441-HONDA-Generator_EU_10_i-Standard-01-1.jpg","width":616,"height":1000},{"@type":"BreadcrumbList","@id":"https:\/\/shop.bantam.ch\/fr\/produit\/generateur-eu-10i\/#breadcrumb","itemListElement":[{"@type":"ListItem","position":1,"name":"Accueil","item":"https:\/\/shop.bantam.ch\/fr\/"},{"@type":"ListItem","position":2,"name":"Boutique","item":"https:\/\/shop.bantam.ch\/fr\/boutique\/"},{"@type":"ListItem","position":3,"name":"G\u00e9n\u00e9rateur Honda EU 10 i"}]},{"@type":"WebSite","@id":"https:\/\/shop.bantam.ch\/fr\/#website","url":"https:\/\/shop.bantam.ch\/fr\/","name":"Bantam Wankm\u00fcller SA","description":"","publisher":{"@id":"https:\/\/shop.bantam.ch\/fr\/#organization"},"inLanguage":"fr-FR"},{"@type":"Organization","@id":"https:\/\/shop.bantam.ch\/fr\/#organization","name":"Bantam Wankm\u00fcller SA","url":"https:\/\/shop.bantam.ch\/fr\/","logo":{"@type":"ImageObject","inLanguage":"fr-FR","@id":"https:\/\/shop.bantam.ch\/fr\/#\/schema\/logo\/image\/","url":"https:\/\/shop.bantam.ch\/wp-content\/uploads\/2022\/12\/bantam-logo.png","contentUrl":"https:\/\/shop.bantam.ch\/wp-content\/uploads\/2022\/12\/bantam-logo.png","width":320,"height":71,"caption":"Bantam Wankm\u00fcller SA"},"image":{"@id":"https:\/\/shop.bantam.ch\/fr\/#\/schema\/logo\/image\/"}}]}},"_links":{"self":[{"href":"https:\/\/shop.bantam.ch\/fr\/wp-json\/wp\/v2\/product\/41989","targetHints":{"allow":["GET"]}}],"collection":[{"href":"https:\/\/shop.bantam.ch\/fr\/wp-json\/wp\/v2\/product"}],"about":[{"href":"https:\/\/shop.bantam.ch\/fr\/wp-json\/wp\/v2\/types\/product"}],"wp:featuredmedia":[{"embeddable":true,"href":"https:\/\/shop.bantam.ch\/fr\/wp-json\/wp\/v2\/media\/41987"}],"wp:attachment":[{"href":"https:\/\/shop.bantam.ch\/fr\/wp-json\/wp\/v2\/media?parent=41989"}],"wp:term":[{"taxonomy":"product_featured_cat","embeddable":true,"href":"https:\/\/shop.bantam.ch\/fr\/wp-json\/wp\/v2\/product_featured_cat?post=41989"},{"taxonomy":"product_brand","embeddable":true,"href":"https:\/\/shop.bantam.ch\/fr\/wp-json\/wp\/v2\/product_brand?post=41989"},{"taxonomy":"product_cat","embeddable":true,"href":"https:\/\/shop.bantam.ch\/fr\/wp-json\/wp\/v2\/product_cat?post=41989"},{"taxonomy":"product_tag","embeddable":true,"href":"https:\/\/shop.bantam.ch\/fr\/wp-json\/wp\/v2\/product_tag?post=41989"}],"curies":[{"name":"wp","href":"https:\/\/api.w.org\/{rel}","templated":true}]}}