{"id":41955,"date":"2023-02-22T21:35:50","date_gmt":"2023-02-22T20:35:50","guid":{"rendered":"http:\/\/preprod-dev.sh1.hidora.com\/webshop\/produit\/generateur-tec-30-ev-diesel\/"},"modified":"2026-04-18T20:59:30","modified_gmt":"2026-04-18T18:59:30","slug":"generateur-tec-30-ev-diesel","status":"publish","type":"product","link":"https:\/\/shop.bantam.ch\/fr\/produit\/generateur-tec-30-ev-diesel\/","title":{"rendered":"G\u00e9n\u00e9rateur Dometic TEC\u00a030\u00a0EV"},"content":{"rendered":"<p>Compact, silencieux et extr\u00eamement efficace : Les g\u00e9n\u00e9rateurs Dometic fournissent toute la puissance n\u00e9cessaire sur la route et au camping &#8211; suffisamment d\u2019\u00e9nergie pour faire fonctionner plusieurs appareils \u00e9lectriques simultan\u00e9ment. Si aucune prise de courant n&rsquo;est disponible, il fait fonctionner \u00e0 la fois le climatiseur, le micro-ondes, le grille-pain, les outils \u00e9lectriques ou les machines de bureau. Les g\u00e9n\u00e9rateurs Dometic sont indispensables pour tous les professionnels ayant des besoins en \u00e9nergie, que ce soit dans les v\u00e9hicules de mission ou de mesure, les camionnettes ou les ateliers &#8211; des performances optimales pour un travail optimal. <br \/>Fabriqu\u00e9s selon la norme de qualit\u00e9 ISO 9001, les g\u00e9n\u00e9rateurs Dometic sont parfaits en termes de qualit\u00e9 de fabrication, de performances et de facilit\u00e9 d&rsquo;utilisation. Tous les g\u00e9n\u00e9rateurs sont g\u00e9r\u00e9s et contr\u00f4l\u00e9s par un panneau de commande \u00e0 distance \u00e0 l&rsquo;int\u00e9rieur du v\u00e9hicule. Ils sont \u00e9galement livr\u00e9s en standard avec une rallonge, du mat\u00e9riel de montage et un relais de commutation automatique. Ils sont \u00e9quip\u00e9s d&rsquo;un d\u00e9marreur \u00e9lectrique, d&rsquo;un allumage \u00e9lectronique et d&rsquo;un arr\u00eat automatique en cas de manque d&rsquo;huile. Les appareils disposent d&rsquo;un contr\u00f4le automatique de la vitesse, d&rsquo;un allumage \u00e9lectrique et d&rsquo;une sortie 12 V int\u00e9gr\u00e9e pour le chargement de la batterie avec contr\u00f4leur de charge. De plus, une large gamme d&rsquo;accessoires tels que r\u00e9servoirs de carburant, rallonges d&rsquo;\u00e9chappement et silencieux, est disponible.<\/p>\n<ul>\n<li>Carburant : Diesel<\/li>\n<li>max.: 0,7 l \/ h<\/li>\n<li>Puissance continue (230 V) : 2 500 W<\/li>\n<li>Puissance maximale (230 V) : 2 900\u00a0W<\/li>\n<li>Fr\u00e9quence : 50 Hz<\/li>\n<li>Motorisation : Hatz 1B20<\/li>\n<li>Puissance du moteur : 4,5 cv<\/li>\n<li>Capacit\u00e9 : 232,0 cm\u00b2<\/li>\n<li>Largeur avec sangle : 57,2 cm<\/li>\n<li>Volume sonore : 60 dBA (7m)<\/li>\n<li>Sortie de charge de la batterie : 12 V \/ 10 A<\/li>\n<\/ul>\n","protected":false},"excerpt":{"rendered":"<p>Compact, silencieux et extr\u00eamement efficace : Les g\u00e9n\u00e9rateurs Dometic fournissent toute la puissance n\u00e9cessaire sur la route et au camping &#8211; suffisamment d\u2019\u00e9nergie pour faire fonctionner plusieurs appareils \u00e9lectriques simultan\u00e9ment. Si aucune prise de courant n&rsquo;est disponible, il fait fonctionner \u00e0 la fois le climatiseur, le micro-ondes, le grille-pain, les outils \u00e9lectriques ou les machines [&hellip;]<\/p>\n","protected":false},"featured_media":41953,"template":"","meta":{"_acf_changed":false},"product_featured_cat":[],"product_brand":[3028],"product_cat":[4857],"product_tag":[],"class_list":{"0":"post-41955","1":"product","2":"type-product","3":"status-publish","4":"has-post-thumbnail","6":"product_brand-dometic","7":"product_cat-generateurs-diesel","9":"first","10":"instock","11":"taxable","12":"shipping-taxable","13":"purchasable","14":"product-type-simple"},"acf":[],"yoast_head":"<!-- This site is optimized with the Yoast SEO plugin v27.4 - https:\/\/yoast.com\/product\/yoast-seo-wordpress\/ -->\n<title>G\u00e9n\u00e9rateur Dometic TEC\u00a030\u00a0EV - Bantam Wankm\u00fcller SA<\/title>\n<meta name=\"robots\" content=\"index, follow, max-snippet:-1, max-image-preview:large, max-video-preview:-1\" \/>\n<link rel=\"canonical\" href=\"https:\/\/shop.bantam.ch\/fr\/produit\/generateur-tec-30-ev-diesel\/\" \/>\n<meta property=\"og:locale\" content=\"fr_FR\" \/>\n<meta property=\"og:type\" content=\"article\" \/>\n<meta property=\"og:title\" content=\"G\u00e9n\u00e9rateur Dometic TEC\u00a030\u00a0EV - Bantam Wankm\u00fcller SA\" \/>\n<meta property=\"og:description\" content=\"Compact, silencieux et extr\u00eamement efficace : Les g\u00e9n\u00e9rateurs Dometic fournissent toute la puissance n\u00e9cessaire sur la route et au camping &#8211; suffisamment d\u2019\u00e9nergie pour faire fonctionner plusieurs appareils \u00e9lectriques simultan\u00e9ment. Si aucune prise de courant n&rsquo;est disponible, il fait fonctionner \u00e0 la fois le climatiseur, le micro-ondes, le grille-pain, les outils \u00e9lectriques ou les machines [&hellip;]\" \/>\n<meta property=\"og:url\" content=\"https:\/\/shop.bantam.ch\/fr\/produit\/generateur-tec-30-ev-diesel\/\" \/>\n<meta property=\"og:site_name\" content=\"Bantam Wankm\u00fcller SA\" \/>\n<meta property=\"article:modified_time\" content=\"2026-04-18T18:59:30+00:00\" \/>\n<meta property=\"og:image\" content=\"https:\/\/shop.bantam.ch\/wp-content\/uploads\/2023\/02\/9952417-Generator_TEC_30_EV_465x465x466_cm-Standard-01-1.jpg\" \/>\n\t<meta property=\"og:image:width\" content=\"1000\" \/>\n\t<meta property=\"og:image:height\" content=\"936\" \/>\n\t<meta property=\"og:image:type\" content=\"image\/jpeg\" \/>\n<meta name=\"twitter:card\" content=\"summary_large_image\" \/>\n<meta name=\"twitter:label1\" content=\"Dur\u00e9e de lecture estim\u00e9e\" \/>\n\t<meta name=\"twitter:data1\" content=\"1 minute\" \/>\n<script type=\"application\/ld+json\" class=\"yoast-schema-graph\">{\"@context\":\"https:\\\/\\\/schema.org\",\"@graph\":[{\"@type\":\"WebPage\",\"@id\":\"https:\\\/\\\/shop.bantam.ch\\\/fr\\\/produit\\\/generateur-tec-30-ev-diesel\\\/\",\"url\":\"https:\\\/\\\/shop.bantam.ch\\\/fr\\\/produit\\\/generateur-tec-30-ev-diesel\\\/\",\"name\":\"G\u00e9n\u00e9rateur Dometic TEC\u00a030\u00a0EV - Bantam Wankm\u00fcller SA\",\"isPartOf\":{\"@id\":\"https:\\\/\\\/shop.bantam.ch\\\/fr\\\/#website\"},\"primaryImageOfPage\":{\"@id\":\"https:\\\/\\\/shop.bantam.ch\\\/fr\\\/produit\\\/generateur-tec-30-ev-diesel\\\/#primaryimage\"},\"image\":{\"@id\":\"https:\\\/\\\/shop.bantam.ch\\\/fr\\\/produit\\\/generateur-tec-30-ev-diesel\\\/#primaryimage\"},\"thumbnailUrl\":\"https:\\\/\\\/shop.bantam.ch\\\/wp-content\\\/uploads\\\/2023\\\/02\\\/9952417-Generator_TEC_30_EV_465x465x466_cm-Standard-01-1.jpg\",\"datePublished\":\"2023-02-22T20:35:50+00:00\",\"dateModified\":\"2026-04-18T18:59:30+00:00\",\"breadcrumb\":{\"@id\":\"https:\\\/\\\/shop.bantam.ch\\\/fr\\\/produit\\\/generateur-tec-30-ev-diesel\\\/#breadcrumb\"},\"inLanguage\":\"fr-FR\",\"potentialAction\":[{\"@type\":\"ReadAction\",\"target\":[\"https:\\\/\\\/shop.bantam.ch\\\/fr\\\/produit\\\/generateur-tec-30-ev-diesel\\\/\"]}]},{\"@type\":\"ImageObject\",\"inLanguage\":\"fr-FR\",\"@id\":\"https:\\\/\\\/shop.bantam.ch\\\/fr\\\/produit\\\/generateur-tec-30-ev-diesel\\\/#primaryimage\",\"url\":\"https:\\\/\\\/shop.bantam.ch\\\/wp-content\\\/uploads\\\/2023\\\/02\\\/9952417-Generator_TEC_30_EV_465x465x466_cm-Standard-01-1.jpg\",\"contentUrl\":\"https:\\\/\\\/shop.bantam.ch\\\/wp-content\\\/uploads\\\/2023\\\/02\\\/9952417-Generator_TEC_30_EV_465x465x466_cm-Standard-01-1.jpg\",\"width\":1000,\"height\":936},{\"@type\":\"BreadcrumbList\",\"@id\":\"https:\\\/\\\/shop.bantam.ch\\\/fr\\\/produit\\\/generateur-tec-30-ev-diesel\\\/#breadcrumb\",\"itemListElement\":[{\"@type\":\"ListItem\",\"position\":1,\"name\":\"Accueil\",\"item\":\"https:\\\/\\\/shop.bantam.ch\\\/fr\\\/\"},{\"@type\":\"ListItem\",\"position\":2,\"name\":\"Boutique\",\"item\":\"https:\\\/\\\/shop.bantam.ch\\\/fr\\\/boutique\\\/\"},{\"@type\":\"ListItem\",\"position\":3,\"name\":\"G\u00e9n\u00e9rateur Dometic TEC\u00a030\u00a0EV\"}]},{\"@type\":\"WebSite\",\"@id\":\"https:\\\/\\\/shop.bantam.ch\\\/fr\\\/#website\",\"url\":\"https:\\\/\\\/shop.bantam.ch\\\/fr\\\/\",\"name\":\"Bantam Wankm\u00fcller SA\",\"description\":\"\",\"publisher\":{\"@id\":\"https:\\\/\\\/shop.bantam.ch\\\/fr\\\/#organization\"},\"inLanguage\":\"fr-FR\"},{\"@type\":\"Organization\",\"@id\":\"https:\\\/\\\/shop.bantam.ch\\\/fr\\\/#organization\",\"name\":\"Bantam Wankm\u00fcller SA\",\"url\":\"https:\\\/\\\/shop.bantam.ch\\\/fr\\\/\",\"logo\":{\"@type\":\"ImageObject\",\"inLanguage\":\"fr-FR\",\"@id\":\"https:\\\/\\\/shop.bantam.ch\\\/fr\\\/#\\\/schema\\\/logo\\\/image\\\/\",\"url\":\"https:\\\/\\\/shop.bantam.ch\\\/wp-content\\\/uploads\\\/2022\\\/12\\\/bantam-logo.png\",\"contentUrl\":\"https:\\\/\\\/shop.bantam.ch\\\/wp-content\\\/uploads\\\/2022\\\/12\\\/bantam-logo.png\",\"width\":320,\"height\":71,\"caption\":\"Bantam Wankm\u00fcller SA\"},\"image\":{\"@id\":\"https:\\\/\\\/shop.bantam.ch\\\/fr\\\/#\\\/schema\\\/logo\\\/image\\\/\"}}]}<\/script>\n<!-- \/ Yoast SEO plugin. -->","yoast_head_json":{"title":"G\u00e9n\u00e9rateur Dometic TEC\u00a030\u00a0EV - Bantam Wankm\u00fcller SA","robots":{"index":"index","follow":"follow","max-snippet":"max-snippet:-1","max-image-preview":"max-image-preview:large","max-video-preview":"max-video-preview:-1"},"canonical":"https:\/\/shop.bantam.ch\/fr\/produit\/generateur-tec-30-ev-diesel\/","og_locale":"fr_FR","og_type":"article","og_title":"G\u00e9n\u00e9rateur Dometic TEC\u00a030\u00a0EV - Bantam Wankm\u00fcller SA","og_description":"Compact, silencieux et extr\u00eamement efficace : Les g\u00e9n\u00e9rateurs Dometic fournissent toute la puissance n\u00e9cessaire sur la route et au camping &#8211; suffisamment d\u2019\u00e9nergie pour faire fonctionner plusieurs appareils \u00e9lectriques simultan\u00e9ment. Si aucune prise de courant n&rsquo;est disponible, il fait fonctionner \u00e0 la fois le climatiseur, le micro-ondes, le grille-pain, les outils \u00e9lectriques ou les machines [&hellip;]","og_url":"https:\/\/shop.bantam.ch\/fr\/produit\/generateur-tec-30-ev-diesel\/","og_site_name":"Bantam Wankm\u00fcller SA","article_modified_time":"2026-04-18T18:59:30+00:00","og_image":[{"width":1000,"height":936,"url":"https:\/\/shop.bantam.ch\/wp-content\/uploads\/2023\/02\/9952417-Generator_TEC_30_EV_465x465x466_cm-Standard-01-1.jpg","type":"image\/jpeg"}],"twitter_card":"summary_large_image","twitter_misc":{"Dur\u00e9e de lecture estim\u00e9e":"1 minute"},"schema":{"@context":"https:\/\/schema.org","@graph":[{"@type":"WebPage","@id":"https:\/\/shop.bantam.ch\/fr\/produit\/generateur-tec-30-ev-diesel\/","url":"https:\/\/shop.bantam.ch\/fr\/produit\/generateur-tec-30-ev-diesel\/","name":"G\u00e9n\u00e9rateur Dometic TEC\u00a030\u00a0EV - Bantam Wankm\u00fcller SA","isPartOf":{"@id":"https:\/\/shop.bantam.ch\/fr\/#website"},"primaryImageOfPage":{"@id":"https:\/\/shop.bantam.ch\/fr\/produit\/generateur-tec-30-ev-diesel\/#primaryimage"},"image":{"@id":"https:\/\/shop.bantam.ch\/fr\/produit\/generateur-tec-30-ev-diesel\/#primaryimage"},"thumbnailUrl":"https:\/\/shop.bantam.ch\/wp-content\/uploads\/2023\/02\/9952417-Generator_TEC_30_EV_465x465x466_cm-Standard-01-1.jpg","datePublished":"2023-02-22T20:35:50+00:00","dateModified":"2026-04-18T18:59:30+00:00","breadcrumb":{"@id":"https:\/\/shop.bantam.ch\/fr\/produit\/generateur-tec-30-ev-diesel\/#breadcrumb"},"inLanguage":"fr-FR","potentialAction":[{"@type":"ReadAction","target":["https:\/\/shop.bantam.ch\/fr\/produit\/generateur-tec-30-ev-diesel\/"]}]},{"@type":"ImageObject","inLanguage":"fr-FR","@id":"https:\/\/shop.bantam.ch\/fr\/produit\/generateur-tec-30-ev-diesel\/#primaryimage","url":"https:\/\/shop.bantam.ch\/wp-content\/uploads\/2023\/02\/9952417-Generator_TEC_30_EV_465x465x466_cm-Standard-01-1.jpg","contentUrl":"https:\/\/shop.bantam.ch\/wp-content\/uploads\/2023\/02\/9952417-Generator_TEC_30_EV_465x465x466_cm-Standard-01-1.jpg","width":1000,"height":936},{"@type":"BreadcrumbList","@id":"https:\/\/shop.bantam.ch\/fr\/produit\/generateur-tec-30-ev-diesel\/#breadcrumb","itemListElement":[{"@type":"ListItem","position":1,"name":"Accueil","item":"https:\/\/shop.bantam.ch\/fr\/"},{"@type":"ListItem","position":2,"name":"Boutique","item":"https:\/\/shop.bantam.ch\/fr\/boutique\/"},{"@type":"ListItem","position":3,"name":"G\u00e9n\u00e9rateur Dometic TEC\u00a030\u00a0EV"}]},{"@type":"WebSite","@id":"https:\/\/shop.bantam.ch\/fr\/#website","url":"https:\/\/shop.bantam.ch\/fr\/","name":"Bantam Wankm\u00fcller SA","description":"","publisher":{"@id":"https:\/\/shop.bantam.ch\/fr\/#organization"},"inLanguage":"fr-FR"},{"@type":"Organization","@id":"https:\/\/shop.bantam.ch\/fr\/#organization","name":"Bantam Wankm\u00fcller SA","url":"https:\/\/shop.bantam.ch\/fr\/","logo":{"@type":"ImageObject","inLanguage":"fr-FR","@id":"https:\/\/shop.bantam.ch\/fr\/#\/schema\/logo\/image\/","url":"https:\/\/shop.bantam.ch\/wp-content\/uploads\/2022\/12\/bantam-logo.png","contentUrl":"https:\/\/shop.bantam.ch\/wp-content\/uploads\/2022\/12\/bantam-logo.png","width":320,"height":71,"caption":"Bantam Wankm\u00fcller SA"},"image":{"@id":"https:\/\/shop.bantam.ch\/fr\/#\/schema\/logo\/image\/"}}]}},"_links":{"self":[{"href":"https:\/\/shop.bantam.ch\/fr\/wp-json\/wp\/v2\/product\/41955","targetHints":{"allow":["GET"]}}],"collection":[{"href":"https:\/\/shop.bantam.ch\/fr\/wp-json\/wp\/v2\/product"}],"about":[{"href":"https:\/\/shop.bantam.ch\/fr\/wp-json\/wp\/v2\/types\/product"}],"wp:featuredmedia":[{"embeddable":true,"href":"https:\/\/shop.bantam.ch\/fr\/wp-json\/wp\/v2\/media\/41953"}],"wp:attachment":[{"href":"https:\/\/shop.bantam.ch\/fr\/wp-json\/wp\/v2\/media?parent=41955"}],"wp:term":[{"taxonomy":"product_featured_cat","embeddable":true,"href":"https:\/\/shop.bantam.ch\/fr\/wp-json\/wp\/v2\/product_featured_cat?post=41955"},{"taxonomy":"product_brand","embeddable":true,"href":"https:\/\/shop.bantam.ch\/fr\/wp-json\/wp\/v2\/product_brand?post=41955"},{"taxonomy":"product_cat","embeddable":true,"href":"https:\/\/shop.bantam.ch\/fr\/wp-json\/wp\/v2\/product_cat?post=41955"},{"taxonomy":"product_tag","embeddable":true,"href":"https:\/\/shop.bantam.ch\/fr\/wp-json\/wp\/v2\/product_tag?post=41955"}],"curies":[{"name":"wp","href":"https:\/\/api.w.org\/{rel}","templated":true}]}}