{"id":41935,"date":"2023-02-22T21:35:28","date_gmt":"2023-02-22T20:35:28","guid":{"rendered":"http:\/\/preprod-dev.sh1.hidora.com\/webshop\/produit\/generateur-tig-30000d-compact\/"},"modified":"2026-04-18T20:59:24","modified_gmt":"2026-04-18T18:59:24","slug":"generateur-tig-30000d-compact","status":"publish","type":"product","link":"https:\/\/shop.bantam.ch\/fr\/produit\/generateur-tig-30000d-compact\/","title":{"rendered":"G\u00e9n\u00e9rateur Telair TIG 3000 D"},"content":{"rendered":"<p>Le TIG 3000D est un g\u00e9n\u00e9rateur 230 VAC de derni\u00e8re g\u00e9n\u00e9ration, \u00e9quip\u00e9 de la technologie des convertisseurs et de l&rsquo;alimentation des moteurs diesel. Un syst\u00e8me de commande \u00e9lectronique ultramoderne \u00e0 vitesse variable est responsable d&rsquo;un niveau sonore extr\u00eamement bas et, en m\u00eame temps, d&rsquo;une consommation moyenne de diesel extr\u00eamement faible. La technologie des convertisseurs permet de g\u00e9n\u00e9rer une tension extr\u00eamement stable avec une onde sinuso\u00efdale pure et permet \u00e9galement de connecter deux g\u00e9n\u00e9rateurs en parall\u00e8le. Le tableau de commande \u00e0 distance, caract\u00e9ris\u00e9 par sa conception moderne et son affichage graphique, fournit \u00e0 l&rsquo;utilisateur toutes les informations relatives au fonctionnement du g\u00e9n\u00e9rateur &#8211; contr\u00f4le du niveau d&rsquo;huile, temp\u00e9rature de fonctionnement et consommation avec arr\u00eat automatique du moteur en cas d&rsquo;\u00e9carts par rapport aux valeurs standard. Vous pouvez choisir entre le fonctionnement manuel ou automatique du g\u00e9n\u00e9rateur (s&rsquo;il est \u00e9galement utilis\u00e9 comme chargeur de batterie). De plus, le g\u00e9n\u00e9rateur est \u00e9quip\u00e9 d&rsquo;un bouton poussoir qui peut \u00eatre utilis\u00e9 lorsqu&rsquo;une augmentation temporaire de puissance est n\u00e9cessaire pour une charge \u00e9lectrique tr\u00e8s \u00e9lev\u00e9e. Le g\u00e9n\u00e9rateur dispose en outre d&rsquo;une interface sp\u00e9ciale r\u00e9serv\u00e9e \u00e0 l&rsquo;utilisation de la nouvelle application Teleco Hub pour la mise en marche, l&rsquo;arr\u00eat et la t\u00e9l\u00e9surveillance du g\u00e9n\u00e9rateur via un smartphone iOS ou Android.<\/p>\n<ul>\n<li>Sortie de charge : 10 A &#8211; 13,3 V<\/li>\n<\/ul>\n","protected":false},"excerpt":{"rendered":"<p>Le TIG 3000D est un g\u00e9n\u00e9rateur 230 VAC de derni\u00e8re g\u00e9n\u00e9ration, \u00e9quip\u00e9 de la technologie des convertisseurs et de l&rsquo;alimentation des moteurs diesel. Un syst\u00e8me de commande \u00e9lectronique ultramoderne \u00e0 vitesse variable est responsable d&rsquo;un niveau sonore extr\u00eamement bas et, en m\u00eame temps, d&rsquo;une consommation moyenne de diesel extr\u00eamement faible. La technologie des convertisseurs permet [&hellip;]<\/p>\n","protected":false},"featured_media":41929,"template":"","meta":{"_acf_changed":false},"product_featured_cat":[],"product_brand":[3228],"product_cat":[4857],"product_tag":[],"class_list":{"0":"post-41935","1":"product","2":"type-product","3":"status-publish","4":"has-post-thumbnail","6":"product_brand-telair","7":"product_cat-generateurs-diesel","9":"first","10":"instock","11":"taxable","12":"shipping-taxable","13":"purchasable","14":"product-type-simple"},"acf":[],"yoast_head":"<!-- This site is optimized with the Yoast SEO plugin v27.4 - https:\/\/yoast.com\/product\/yoast-seo-wordpress\/ -->\n<title>G\u00e9n\u00e9rateur Telair TIG 3000 D - Bantam Wankm\u00fcller SA<\/title>\n<meta name=\"robots\" content=\"index, follow, max-snippet:-1, max-image-preview:large, max-video-preview:-1\" \/>\n<link rel=\"canonical\" href=\"https:\/\/shop.bantam.ch\/fr\/produit\/generateur-tig-30000d-compact\/\" \/>\n<meta property=\"og:locale\" content=\"fr_FR\" \/>\n<meta property=\"og:type\" content=\"article\" \/>\n<meta property=\"og:title\" content=\"G\u00e9n\u00e9rateur Telair TIG 3000 D - Bantam Wankm\u00fcller SA\" \/>\n<meta property=\"og:description\" content=\"Le TIG 3000D est un g\u00e9n\u00e9rateur 230 VAC de derni\u00e8re g\u00e9n\u00e9ration, \u00e9quip\u00e9 de la technologie des convertisseurs et de l&rsquo;alimentation des moteurs diesel. Un syst\u00e8me de commande \u00e9lectronique ultramoderne \u00e0 vitesse variable est responsable d&rsquo;un niveau sonore extr\u00eamement bas et, en m\u00eame temps, d&rsquo;une consommation moyenne de diesel extr\u00eamement faible. La technologie des convertisseurs permet [&hellip;]\" \/>\n<meta property=\"og:url\" content=\"https:\/\/shop.bantam.ch\/fr\/produit\/generateur-tig-30000d-compact\/\" \/>\n<meta property=\"og:site_name\" content=\"Bantam Wankm\u00fcller SA\" \/>\n<meta property=\"article:modified_time\" content=\"2026-04-18T18:59:24+00:00\" \/>\n<meta property=\"og:image\" content=\"https:\/\/shop.bantam.ch\/wp-content\/uploads\/2023\/02\/9950737-Generator_Telair_TIG_3000_D-Standard-01-1.jpg\" \/>\n\t<meta property=\"og:image:width\" content=\"1000\" \/>\n\t<meta property=\"og:image:height\" content=\"713\" \/>\n\t<meta property=\"og:image:type\" content=\"image\/jpeg\" \/>\n<meta name=\"twitter:card\" content=\"summary_large_image\" \/>\n<meta name=\"twitter:label1\" content=\"Dur\u00e9e de lecture estim\u00e9e\" \/>\n\t<meta name=\"twitter:data1\" content=\"1 minute\" \/>\n<script type=\"application\/ld+json\" class=\"yoast-schema-graph\">{\"@context\":\"https:\\\/\\\/schema.org\",\"@graph\":[{\"@type\":\"WebPage\",\"@id\":\"https:\\\/\\\/shop.bantam.ch\\\/fr\\\/produit\\\/generateur-tig-30000d-compact\\\/\",\"url\":\"https:\\\/\\\/shop.bantam.ch\\\/fr\\\/produit\\\/generateur-tig-30000d-compact\\\/\",\"name\":\"G\u00e9n\u00e9rateur Telair TIG 3000 D - Bantam Wankm\u00fcller SA\",\"isPartOf\":{\"@id\":\"https:\\\/\\\/shop.bantam.ch\\\/fr\\\/#website\"},\"primaryImageOfPage\":{\"@id\":\"https:\\\/\\\/shop.bantam.ch\\\/fr\\\/produit\\\/generateur-tig-30000d-compact\\\/#primaryimage\"},\"image\":{\"@id\":\"https:\\\/\\\/shop.bantam.ch\\\/fr\\\/produit\\\/generateur-tig-30000d-compact\\\/#primaryimage\"},\"thumbnailUrl\":\"https:\\\/\\\/shop.bantam.ch\\\/wp-content\\\/uploads\\\/2023\\\/02\\\/9950737-Generator_Telair_TIG_3000_D-Standard-01-1.jpg\",\"datePublished\":\"2023-02-22T20:35:28+00:00\",\"dateModified\":\"2026-04-18T18:59:24+00:00\",\"breadcrumb\":{\"@id\":\"https:\\\/\\\/shop.bantam.ch\\\/fr\\\/produit\\\/generateur-tig-30000d-compact\\\/#breadcrumb\"},\"inLanguage\":\"fr-FR\",\"potentialAction\":[{\"@type\":\"ReadAction\",\"target\":[\"https:\\\/\\\/shop.bantam.ch\\\/fr\\\/produit\\\/generateur-tig-30000d-compact\\\/\"]}]},{\"@type\":\"ImageObject\",\"inLanguage\":\"fr-FR\",\"@id\":\"https:\\\/\\\/shop.bantam.ch\\\/fr\\\/produit\\\/generateur-tig-30000d-compact\\\/#primaryimage\",\"url\":\"https:\\\/\\\/shop.bantam.ch\\\/wp-content\\\/uploads\\\/2023\\\/02\\\/9950737-Generator_Telair_TIG_3000_D-Standard-01-1.jpg\",\"contentUrl\":\"https:\\\/\\\/shop.bantam.ch\\\/wp-content\\\/uploads\\\/2023\\\/02\\\/9950737-Generator_Telair_TIG_3000_D-Standard-01-1.jpg\",\"width\":1000,\"height\":713},{\"@type\":\"BreadcrumbList\",\"@id\":\"https:\\\/\\\/shop.bantam.ch\\\/fr\\\/produit\\\/generateur-tig-30000d-compact\\\/#breadcrumb\",\"itemListElement\":[{\"@type\":\"ListItem\",\"position\":1,\"name\":\"Accueil\",\"item\":\"https:\\\/\\\/shop.bantam.ch\\\/fr\\\/\"},{\"@type\":\"ListItem\",\"position\":2,\"name\":\"Boutique\",\"item\":\"https:\\\/\\\/shop.bantam.ch\\\/fr\\\/boutique\\\/\"},{\"@type\":\"ListItem\",\"position\":3,\"name\":\"G\u00e9n\u00e9rateur Telair TIG 3000 D\"}]},{\"@type\":\"WebSite\",\"@id\":\"https:\\\/\\\/shop.bantam.ch\\\/fr\\\/#website\",\"url\":\"https:\\\/\\\/shop.bantam.ch\\\/fr\\\/\",\"name\":\"Bantam Wankm\u00fcller SA\",\"description\":\"\",\"publisher\":{\"@id\":\"https:\\\/\\\/shop.bantam.ch\\\/fr\\\/#organization\"},\"inLanguage\":\"fr-FR\"},{\"@type\":\"Organization\",\"@id\":\"https:\\\/\\\/shop.bantam.ch\\\/fr\\\/#organization\",\"name\":\"Bantam Wankm\u00fcller SA\",\"url\":\"https:\\\/\\\/shop.bantam.ch\\\/fr\\\/\",\"logo\":{\"@type\":\"ImageObject\",\"inLanguage\":\"fr-FR\",\"@id\":\"https:\\\/\\\/shop.bantam.ch\\\/fr\\\/#\\\/schema\\\/logo\\\/image\\\/\",\"url\":\"https:\\\/\\\/shop.bantam.ch\\\/wp-content\\\/uploads\\\/2022\\\/12\\\/bantam-logo.png\",\"contentUrl\":\"https:\\\/\\\/shop.bantam.ch\\\/wp-content\\\/uploads\\\/2022\\\/12\\\/bantam-logo.png\",\"width\":320,\"height\":71,\"caption\":\"Bantam Wankm\u00fcller SA\"},\"image\":{\"@id\":\"https:\\\/\\\/shop.bantam.ch\\\/fr\\\/#\\\/schema\\\/logo\\\/image\\\/\"}}]}<\/script>\n<!-- \/ Yoast SEO plugin. -->","yoast_head_json":{"title":"G\u00e9n\u00e9rateur Telair TIG 3000 D - Bantam Wankm\u00fcller SA","robots":{"index":"index","follow":"follow","max-snippet":"max-snippet:-1","max-image-preview":"max-image-preview:large","max-video-preview":"max-video-preview:-1"},"canonical":"https:\/\/shop.bantam.ch\/fr\/produit\/generateur-tig-30000d-compact\/","og_locale":"fr_FR","og_type":"article","og_title":"G\u00e9n\u00e9rateur Telair TIG 3000 D - Bantam Wankm\u00fcller SA","og_description":"Le TIG 3000D est un g\u00e9n\u00e9rateur 230 VAC de derni\u00e8re g\u00e9n\u00e9ration, \u00e9quip\u00e9 de la technologie des convertisseurs et de l&rsquo;alimentation des moteurs diesel. Un syst\u00e8me de commande \u00e9lectronique ultramoderne \u00e0 vitesse variable est responsable d&rsquo;un niveau sonore extr\u00eamement bas et, en m\u00eame temps, d&rsquo;une consommation moyenne de diesel extr\u00eamement faible. La technologie des convertisseurs permet [&hellip;]","og_url":"https:\/\/shop.bantam.ch\/fr\/produit\/generateur-tig-30000d-compact\/","og_site_name":"Bantam Wankm\u00fcller SA","article_modified_time":"2026-04-18T18:59:24+00:00","og_image":[{"width":1000,"height":713,"url":"https:\/\/shop.bantam.ch\/wp-content\/uploads\/2023\/02\/9950737-Generator_Telair_TIG_3000_D-Standard-01-1.jpg","type":"image\/jpeg"}],"twitter_card":"summary_large_image","twitter_misc":{"Dur\u00e9e de lecture estim\u00e9e":"1 minute"},"schema":{"@context":"https:\/\/schema.org","@graph":[{"@type":"WebPage","@id":"https:\/\/shop.bantam.ch\/fr\/produit\/generateur-tig-30000d-compact\/","url":"https:\/\/shop.bantam.ch\/fr\/produit\/generateur-tig-30000d-compact\/","name":"G\u00e9n\u00e9rateur Telair TIG 3000 D - Bantam Wankm\u00fcller SA","isPartOf":{"@id":"https:\/\/shop.bantam.ch\/fr\/#website"},"primaryImageOfPage":{"@id":"https:\/\/shop.bantam.ch\/fr\/produit\/generateur-tig-30000d-compact\/#primaryimage"},"image":{"@id":"https:\/\/shop.bantam.ch\/fr\/produit\/generateur-tig-30000d-compact\/#primaryimage"},"thumbnailUrl":"https:\/\/shop.bantam.ch\/wp-content\/uploads\/2023\/02\/9950737-Generator_Telair_TIG_3000_D-Standard-01-1.jpg","datePublished":"2023-02-22T20:35:28+00:00","dateModified":"2026-04-18T18:59:24+00:00","breadcrumb":{"@id":"https:\/\/shop.bantam.ch\/fr\/produit\/generateur-tig-30000d-compact\/#breadcrumb"},"inLanguage":"fr-FR","potentialAction":[{"@type":"ReadAction","target":["https:\/\/shop.bantam.ch\/fr\/produit\/generateur-tig-30000d-compact\/"]}]},{"@type":"ImageObject","inLanguage":"fr-FR","@id":"https:\/\/shop.bantam.ch\/fr\/produit\/generateur-tig-30000d-compact\/#primaryimage","url":"https:\/\/shop.bantam.ch\/wp-content\/uploads\/2023\/02\/9950737-Generator_Telair_TIG_3000_D-Standard-01-1.jpg","contentUrl":"https:\/\/shop.bantam.ch\/wp-content\/uploads\/2023\/02\/9950737-Generator_Telair_TIG_3000_D-Standard-01-1.jpg","width":1000,"height":713},{"@type":"BreadcrumbList","@id":"https:\/\/shop.bantam.ch\/fr\/produit\/generateur-tig-30000d-compact\/#breadcrumb","itemListElement":[{"@type":"ListItem","position":1,"name":"Accueil","item":"https:\/\/shop.bantam.ch\/fr\/"},{"@type":"ListItem","position":2,"name":"Boutique","item":"https:\/\/shop.bantam.ch\/fr\/boutique\/"},{"@type":"ListItem","position":3,"name":"G\u00e9n\u00e9rateur Telair TIG 3000 D"}]},{"@type":"WebSite","@id":"https:\/\/shop.bantam.ch\/fr\/#website","url":"https:\/\/shop.bantam.ch\/fr\/","name":"Bantam Wankm\u00fcller SA","description":"","publisher":{"@id":"https:\/\/shop.bantam.ch\/fr\/#organization"},"inLanguage":"fr-FR"},{"@type":"Organization","@id":"https:\/\/shop.bantam.ch\/fr\/#organization","name":"Bantam Wankm\u00fcller SA","url":"https:\/\/shop.bantam.ch\/fr\/","logo":{"@type":"ImageObject","inLanguage":"fr-FR","@id":"https:\/\/shop.bantam.ch\/fr\/#\/schema\/logo\/image\/","url":"https:\/\/shop.bantam.ch\/wp-content\/uploads\/2022\/12\/bantam-logo.png","contentUrl":"https:\/\/shop.bantam.ch\/wp-content\/uploads\/2022\/12\/bantam-logo.png","width":320,"height":71,"caption":"Bantam Wankm\u00fcller SA"},"image":{"@id":"https:\/\/shop.bantam.ch\/fr\/#\/schema\/logo\/image\/"}}]}},"_links":{"self":[{"href":"https:\/\/shop.bantam.ch\/fr\/wp-json\/wp\/v2\/product\/41935","targetHints":{"allow":["GET"]}}],"collection":[{"href":"https:\/\/shop.bantam.ch\/fr\/wp-json\/wp\/v2\/product"}],"about":[{"href":"https:\/\/shop.bantam.ch\/fr\/wp-json\/wp\/v2\/types\/product"}],"wp:featuredmedia":[{"embeddable":true,"href":"https:\/\/shop.bantam.ch\/fr\/wp-json\/wp\/v2\/media\/41929"}],"wp:attachment":[{"href":"https:\/\/shop.bantam.ch\/fr\/wp-json\/wp\/v2\/media?parent=41935"}],"wp:term":[{"taxonomy":"product_featured_cat","embeddable":true,"href":"https:\/\/shop.bantam.ch\/fr\/wp-json\/wp\/v2\/product_featured_cat?post=41935"},{"taxonomy":"product_brand","embeddable":true,"href":"https:\/\/shop.bantam.ch\/fr\/wp-json\/wp\/v2\/product_brand?post=41935"},{"taxonomy":"product_cat","embeddable":true,"href":"https:\/\/shop.bantam.ch\/fr\/wp-json\/wp\/v2\/product_cat?post=41935"},{"taxonomy":"product_tag","embeddable":true,"href":"https:\/\/shop.bantam.ch\/fr\/wp-json\/wp\/v2\/product_tag?post=41935"}],"curies":[{"name":"wp","href":"https:\/\/api.w.org\/{rel}","templated":true}]}}