{"id":41891,"date":"2023-02-22T21:34:37","date_gmt":"2023-02-22T20:34:37","guid":{"rendered":"http:\/\/preprod-dev.sh1.hidora.com\/webshop\/produit\/chargeur-mt-duo-automatik\/"},"modified":"2026-04-17T20:51:15","modified_gmt":"2026-04-17T18:51:15","slug":"chargeur-mt-duo-automatik","status":"publish","type":"product","link":"https:\/\/shop.bantam.ch\/fr\/produit\/chargeur-mt-duo-automatik\/","title":{"rendered":"Chargeur MT Duo Automatik"},"content":{"rendered":"<p>Garantit toujours un chargement optimal pour tous les types de batterie (gel, AGM, acide liquide, LiFePo4). Gr\u00e2ce \u00e0 l\u2019activation long terme, un chargement ne n\u00e9cessitant pas de surveillance et la r\u00e9g\u00e9n\u00e9ration automatique de la batterie sont garantis m\u00eame pour de longues p\u00e9riodes d\u2019inutilisation ou dans le lieu d\u2019hivernage. Tous les appareils peuvent \u00eatre commut\u00e9s en parall\u00e8le aux chargeurs d\u00e9j\u00e0 existants pour une augmentation de la puissance de charge et sont prot\u00e9g\u00e9s contre les courts-circuits, la surcharge et l\u2019inversion de polarit\u00e9.  Une stabilisation de la tension garantit \u00e9galement suffisamment de puissance de charge en cas de r\u00e9seaux de courant faibles ou instables. Un commutateur 3 niveaux int\u00e9gr\u00e9 permet de r\u00e9duire la puissance absorb\u00e9e en cas d\u2019emplacements faiblement s\u00e9curis\u00e9s. Les chargeurs MT sont \u00e9quip\u00e9s d\u2019un commutateur (gel, AGM, acide-liquide, LiFePo4) et d\u2019un capteur de temp\u00e9rature pour batterie afin d\u2019optimiser la puissance de chargement. Le module de commande est amovible et peut \u00eatre mont\u00e9 \u00e0 l\u2019int\u00e9rieur du v\u00e9hicule (rallonge de c\u00e2ble disponible en option).<\/p>\n","protected":false},"excerpt":{"rendered":"<p>Garantit toujours un chargement optimal pour tous les types de batterie (gel, AGM, acide liquide, LiFePo4). Gr\u00e2ce \u00e0 l\u2019activation long terme, un chargement ne n\u00e9cessitant pas de surveillance et la r\u00e9g\u00e9n\u00e9ration automatique de la batterie sont garantis m\u00eame pour de longues p\u00e9riodes d\u2019inutilisation ou dans le lieu d\u2019hivernage. Tous les appareils peuvent \u00eatre commut\u00e9s en [&hellip;]<\/p>\n","protected":false},"featured_media":41877,"template":"","meta":{"_acf_changed":false},"product_featured_cat":[],"product_brand":[3068],"product_cat":[4911],"product_tag":[],"class_list":{"0":"post-41891","1":"product","2":"type-product","3":"status-publish","4":"has-post-thumbnail","6":"product_brand-buttner-elektronik","7":"product_cat-chargeurs","9":"first","10":"instock","11":"taxable","12":"shipping-taxable","13":"purchasable","14":"product-type-variable"},"acf":[],"yoast_head":"<!-- This site is optimized with the Yoast SEO plugin v27.4 - https:\/\/yoast.com\/product\/yoast-seo-wordpress\/ -->\n<title>Chargeur MT Duo Automatik - Bantam Wankm\u00fcller SA<\/title>\n<meta name=\"robots\" content=\"index, follow, max-snippet:-1, max-image-preview:large, max-video-preview:-1\" \/>\n<link rel=\"canonical\" href=\"https:\/\/shop.bantam.ch\/fr\/produit\/chargeur-mt-duo-automatik\/\" \/>\n<meta property=\"og:locale\" content=\"fr_FR\" \/>\n<meta property=\"og:type\" content=\"article\" \/>\n<meta property=\"og:title\" content=\"Chargeur MT Duo Automatik - Bantam Wankm\u00fcller SA\" \/>\n<meta property=\"og:description\" content=\"Garantit toujours un chargement optimal pour tous les types de batterie (gel, AGM, acide liquide, LiFePo4). Gr\u00e2ce \u00e0 l\u2019activation long terme, un chargement ne n\u00e9cessitant pas de surveillance et la r\u00e9g\u00e9n\u00e9ration automatique de la batterie sont garantis m\u00eame pour de longues p\u00e9riodes d\u2019inutilisation ou dans le lieu d\u2019hivernage. Tous les appareils peuvent \u00eatre commut\u00e9s en [&hellip;]\" \/>\n<meta property=\"og:url\" content=\"https:\/\/shop.bantam.ch\/fr\/produit\/chargeur-mt-duo-automatik\/\" \/>\n<meta property=\"og:site_name\" content=\"Bantam Wankm\u00fcller SA\" \/>\n<meta property=\"article:modified_time\" content=\"2026-04-17T18:51:15+00:00\" \/>\n<meta property=\"og:image\" content=\"https:\/\/shop.bantam.ch\/wp-content\/uploads\/2023\/02\/9952201-Automatik-Doppel-Lader_15A-12V_MT_1215-Standard-01-2.jpg\" \/>\n\t<meta property=\"og:image:width\" content=\"650\" \/>\n\t<meta property=\"og:image:height\" content=\"1000\" \/>\n\t<meta property=\"og:image:type\" content=\"image\/jpeg\" \/>\n<meta name=\"twitter:card\" content=\"summary_large_image\" \/>\n<meta name=\"twitter:label1\" content=\"Dur\u00e9e de lecture estim\u00e9e\" \/>\n\t<meta name=\"twitter:data1\" content=\"1 minute\" \/>\n<script type=\"application\/ld+json\" class=\"yoast-schema-graph\">{\"@context\":\"https:\\\/\\\/schema.org\",\"@graph\":[{\"@type\":\"WebPage\",\"@id\":\"https:\\\/\\\/shop.bantam.ch\\\/fr\\\/produit\\\/chargeur-mt-duo-automatik\\\/\",\"url\":\"https:\\\/\\\/shop.bantam.ch\\\/fr\\\/produit\\\/chargeur-mt-duo-automatik\\\/\",\"name\":\"Chargeur MT Duo Automatik - Bantam Wankm\u00fcller SA\",\"isPartOf\":{\"@id\":\"https:\\\/\\\/shop.bantam.ch\\\/fr\\\/#website\"},\"primaryImageOfPage\":{\"@id\":\"https:\\\/\\\/shop.bantam.ch\\\/fr\\\/produit\\\/chargeur-mt-duo-automatik\\\/#primaryimage\"},\"image\":{\"@id\":\"https:\\\/\\\/shop.bantam.ch\\\/fr\\\/produit\\\/chargeur-mt-duo-automatik\\\/#primaryimage\"},\"thumbnailUrl\":\"https:\\\/\\\/shop.bantam.ch\\\/wp-content\\\/uploads\\\/2023\\\/02\\\/9952201-Automatik-Doppel-Lader_15A-12V_MT_1215-Standard-01-2.jpg\",\"datePublished\":\"2023-02-22T20:34:37+00:00\",\"dateModified\":\"2026-04-17T18:51:15+00:00\",\"breadcrumb\":{\"@id\":\"https:\\\/\\\/shop.bantam.ch\\\/fr\\\/produit\\\/chargeur-mt-duo-automatik\\\/#breadcrumb\"},\"inLanguage\":\"fr-FR\",\"potentialAction\":[{\"@type\":\"ReadAction\",\"target\":[\"https:\\\/\\\/shop.bantam.ch\\\/fr\\\/produit\\\/chargeur-mt-duo-automatik\\\/\"]}]},{\"@type\":\"ImageObject\",\"inLanguage\":\"fr-FR\",\"@id\":\"https:\\\/\\\/shop.bantam.ch\\\/fr\\\/produit\\\/chargeur-mt-duo-automatik\\\/#primaryimage\",\"url\":\"https:\\\/\\\/shop.bantam.ch\\\/wp-content\\\/uploads\\\/2023\\\/02\\\/9952201-Automatik-Doppel-Lader_15A-12V_MT_1215-Standard-01-2.jpg\",\"contentUrl\":\"https:\\\/\\\/shop.bantam.ch\\\/wp-content\\\/uploads\\\/2023\\\/02\\\/9952201-Automatik-Doppel-Lader_15A-12V_MT_1215-Standard-01-2.jpg\",\"width\":650,\"height\":1000},{\"@type\":\"BreadcrumbList\",\"@id\":\"https:\\\/\\\/shop.bantam.ch\\\/fr\\\/produit\\\/chargeur-mt-duo-automatik\\\/#breadcrumb\",\"itemListElement\":[{\"@type\":\"ListItem\",\"position\":1,\"name\":\"Accueil\",\"item\":\"https:\\\/\\\/shop.bantam.ch\\\/fr\\\/\"},{\"@type\":\"ListItem\",\"position\":2,\"name\":\"Boutique\",\"item\":\"https:\\\/\\\/shop.bantam.ch\\\/fr\\\/boutique\\\/\"},{\"@type\":\"ListItem\",\"position\":3,\"name\":\"Chargeur MT Duo Automatik\"}]},{\"@type\":\"WebSite\",\"@id\":\"https:\\\/\\\/shop.bantam.ch\\\/fr\\\/#website\",\"url\":\"https:\\\/\\\/shop.bantam.ch\\\/fr\\\/\",\"name\":\"Bantam Wankm\u00fcller SA\",\"description\":\"\",\"publisher\":{\"@id\":\"https:\\\/\\\/shop.bantam.ch\\\/fr\\\/#organization\"},\"inLanguage\":\"fr-FR\"},{\"@type\":\"Organization\",\"@id\":\"https:\\\/\\\/shop.bantam.ch\\\/fr\\\/#organization\",\"name\":\"Bantam Wankm\u00fcller SA\",\"url\":\"https:\\\/\\\/shop.bantam.ch\\\/fr\\\/\",\"logo\":{\"@type\":\"ImageObject\",\"inLanguage\":\"fr-FR\",\"@id\":\"https:\\\/\\\/shop.bantam.ch\\\/fr\\\/#\\\/schema\\\/logo\\\/image\\\/\",\"url\":\"https:\\\/\\\/shop.bantam.ch\\\/wp-content\\\/uploads\\\/2022\\\/12\\\/bantam-logo.png\",\"contentUrl\":\"https:\\\/\\\/shop.bantam.ch\\\/wp-content\\\/uploads\\\/2022\\\/12\\\/bantam-logo.png\",\"width\":320,\"height\":71,\"caption\":\"Bantam Wankm\u00fcller SA\"},\"image\":{\"@id\":\"https:\\\/\\\/shop.bantam.ch\\\/fr\\\/#\\\/schema\\\/logo\\\/image\\\/\"}}]}<\/script>\n<!-- \/ Yoast SEO plugin. -->","yoast_head_json":{"title":"Chargeur MT Duo Automatik - Bantam Wankm\u00fcller SA","robots":{"index":"index","follow":"follow","max-snippet":"max-snippet:-1","max-image-preview":"max-image-preview:large","max-video-preview":"max-video-preview:-1"},"canonical":"https:\/\/shop.bantam.ch\/fr\/produit\/chargeur-mt-duo-automatik\/","og_locale":"fr_FR","og_type":"article","og_title":"Chargeur MT Duo Automatik - Bantam Wankm\u00fcller SA","og_description":"Garantit toujours un chargement optimal pour tous les types de batterie (gel, AGM, acide liquide, LiFePo4). Gr\u00e2ce \u00e0 l\u2019activation long terme, un chargement ne n\u00e9cessitant pas de surveillance et la r\u00e9g\u00e9n\u00e9ration automatique de la batterie sont garantis m\u00eame pour de longues p\u00e9riodes d\u2019inutilisation ou dans le lieu d\u2019hivernage. Tous les appareils peuvent \u00eatre commut\u00e9s en [&hellip;]","og_url":"https:\/\/shop.bantam.ch\/fr\/produit\/chargeur-mt-duo-automatik\/","og_site_name":"Bantam Wankm\u00fcller SA","article_modified_time":"2026-04-17T18:51:15+00:00","og_image":[{"width":650,"height":1000,"url":"https:\/\/shop.bantam.ch\/wp-content\/uploads\/2023\/02\/9952201-Automatik-Doppel-Lader_15A-12V_MT_1215-Standard-01-2.jpg","type":"image\/jpeg"}],"twitter_card":"summary_large_image","twitter_misc":{"Dur\u00e9e de lecture estim\u00e9e":"1 minute"},"schema":{"@context":"https:\/\/schema.org","@graph":[{"@type":"WebPage","@id":"https:\/\/shop.bantam.ch\/fr\/produit\/chargeur-mt-duo-automatik\/","url":"https:\/\/shop.bantam.ch\/fr\/produit\/chargeur-mt-duo-automatik\/","name":"Chargeur MT Duo Automatik - Bantam Wankm\u00fcller SA","isPartOf":{"@id":"https:\/\/shop.bantam.ch\/fr\/#website"},"primaryImageOfPage":{"@id":"https:\/\/shop.bantam.ch\/fr\/produit\/chargeur-mt-duo-automatik\/#primaryimage"},"image":{"@id":"https:\/\/shop.bantam.ch\/fr\/produit\/chargeur-mt-duo-automatik\/#primaryimage"},"thumbnailUrl":"https:\/\/shop.bantam.ch\/wp-content\/uploads\/2023\/02\/9952201-Automatik-Doppel-Lader_15A-12V_MT_1215-Standard-01-2.jpg","datePublished":"2023-02-22T20:34:37+00:00","dateModified":"2026-04-17T18:51:15+00:00","breadcrumb":{"@id":"https:\/\/shop.bantam.ch\/fr\/produit\/chargeur-mt-duo-automatik\/#breadcrumb"},"inLanguage":"fr-FR","potentialAction":[{"@type":"ReadAction","target":["https:\/\/shop.bantam.ch\/fr\/produit\/chargeur-mt-duo-automatik\/"]}]},{"@type":"ImageObject","inLanguage":"fr-FR","@id":"https:\/\/shop.bantam.ch\/fr\/produit\/chargeur-mt-duo-automatik\/#primaryimage","url":"https:\/\/shop.bantam.ch\/wp-content\/uploads\/2023\/02\/9952201-Automatik-Doppel-Lader_15A-12V_MT_1215-Standard-01-2.jpg","contentUrl":"https:\/\/shop.bantam.ch\/wp-content\/uploads\/2023\/02\/9952201-Automatik-Doppel-Lader_15A-12V_MT_1215-Standard-01-2.jpg","width":650,"height":1000},{"@type":"BreadcrumbList","@id":"https:\/\/shop.bantam.ch\/fr\/produit\/chargeur-mt-duo-automatik\/#breadcrumb","itemListElement":[{"@type":"ListItem","position":1,"name":"Accueil","item":"https:\/\/shop.bantam.ch\/fr\/"},{"@type":"ListItem","position":2,"name":"Boutique","item":"https:\/\/shop.bantam.ch\/fr\/boutique\/"},{"@type":"ListItem","position":3,"name":"Chargeur MT Duo Automatik"}]},{"@type":"WebSite","@id":"https:\/\/shop.bantam.ch\/fr\/#website","url":"https:\/\/shop.bantam.ch\/fr\/","name":"Bantam Wankm\u00fcller SA","description":"","publisher":{"@id":"https:\/\/shop.bantam.ch\/fr\/#organization"},"inLanguage":"fr-FR"},{"@type":"Organization","@id":"https:\/\/shop.bantam.ch\/fr\/#organization","name":"Bantam Wankm\u00fcller SA","url":"https:\/\/shop.bantam.ch\/fr\/","logo":{"@type":"ImageObject","inLanguage":"fr-FR","@id":"https:\/\/shop.bantam.ch\/fr\/#\/schema\/logo\/image\/","url":"https:\/\/shop.bantam.ch\/wp-content\/uploads\/2022\/12\/bantam-logo.png","contentUrl":"https:\/\/shop.bantam.ch\/wp-content\/uploads\/2022\/12\/bantam-logo.png","width":320,"height":71,"caption":"Bantam Wankm\u00fcller SA"},"image":{"@id":"https:\/\/shop.bantam.ch\/fr\/#\/schema\/logo\/image\/"}}]}},"_links":{"self":[{"href":"https:\/\/shop.bantam.ch\/fr\/wp-json\/wp\/v2\/product\/41891","targetHints":{"allow":["GET"]}}],"collection":[{"href":"https:\/\/shop.bantam.ch\/fr\/wp-json\/wp\/v2\/product"}],"about":[{"href":"https:\/\/shop.bantam.ch\/fr\/wp-json\/wp\/v2\/types\/product"}],"wp:featuredmedia":[{"embeddable":true,"href":"https:\/\/shop.bantam.ch\/fr\/wp-json\/wp\/v2\/media\/41877"}],"wp:attachment":[{"href":"https:\/\/shop.bantam.ch\/fr\/wp-json\/wp\/v2\/media?parent=41891"}],"wp:term":[{"taxonomy":"product_featured_cat","embeddable":true,"href":"https:\/\/shop.bantam.ch\/fr\/wp-json\/wp\/v2\/product_featured_cat?post=41891"},{"taxonomy":"product_brand","embeddable":true,"href":"https:\/\/shop.bantam.ch\/fr\/wp-json\/wp\/v2\/product_brand?post=41891"},{"taxonomy":"product_cat","embeddable":true,"href":"https:\/\/shop.bantam.ch\/fr\/wp-json\/wp\/v2\/product_cat?post=41891"},{"taxonomy":"product_tag","embeddable":true,"href":"https:\/\/shop.bantam.ch\/fr\/wp-json\/wp\/v2\/product_tag?post=41891"}],"curies":[{"name":"wp","href":"https:\/\/api.w.org\/{rel}","templated":true}]}}