{"id":41857,"date":"2023-02-22T21:34:07","date_gmt":"2023-02-22T20:34:07","guid":{"rendered":"http:\/\/preprod-dev.sh1.hidora.com\/webshop\/produit\/ordinateur-de-batterie-mt-iq-basic-pro\/"},"modified":"2026-04-20T20:59:03","modified_gmt":"2026-04-20T18:59:03","slug":"ordinateur-de-batterie-mt-iq-basic-pro","status":"publish","type":"product","link":"https:\/\/shop.bantam.ch\/fr\/produit\/ordinateur-de-batterie-mt-iq-basic-pro\/","title":{"rendered":"ordinateur de batterie MT iQ Basic Pro"},"content":{"rendered":"<p>L\u2019ordinateur de batterie MT iQ Basic de B\u00dcTTNER ELEKTRONIK est un dispositif nouveau sur le march\u00e9. Le mod\u00e8le de base avec mesure de l\u2018induction indique la tension, le courant actuel ainsi que la capacit\u00e9 de batterie disponible en Ah. Toutes les valeurs peuvent \u00eatre appel\u00e9es par simple pression sur un bouton et sont affich\u00e9es sur un grand \u00e9cran. L&rsquo;estimation de l&rsquo;affichage de la course restante et des programmes de menu pour le r\u00e9glage des seuils de commutation a \u00e9t\u00e9 omise. Montage et programmation simples. S\u00e9parer le c\u00e2ble de batterie disponible de la batterie, le faire traverser le capteur de mesure de l\u2018induction puis rebrancher la batterie. R\u00e9gler l\u2018ordinateur batterie sur la capacit\u00e9 disponible et proc\u00e9der \u00e0 un chargement complet. Il suffit d&rsquo;appuyer sur un bouton pour afficher la capacit\u00e9 restante de la batterie. Informe sur la tension, le courant actuel ainsi que la capacit\u00e9 de batterie disponible en Ah.<\/p>\n<ul>\n<li>Profondeur de montage : 2\u00a0cm<\/li>\n<\/ul>\n","protected":false},"excerpt":{"rendered":"<p>L\u2019ordinateur de batterie MT iQ Basic de B\u00dcTTNER ELEKTRONIK est un dispositif nouveau sur le march\u00e9. Le mod\u00e8le de base avec mesure de l\u2018induction indique la tension, le courant actuel ainsi que la capacit\u00e9 de batterie disponible en Ah. Toutes les valeurs peuvent \u00eatre appel\u00e9es par simple pression sur un bouton et sont affich\u00e9es sur [&hellip;]<\/p>\n","protected":false},"featured_media":41855,"template":"","meta":{"_acf_changed":false},"product_featured_cat":[],"product_brand":[3068],"product_cat":[4191],"product_tag":[],"class_list":{"0":"post-41857","1":"product","2":"type-product","3":"status-publish","4":"has-post-thumbnail","6":"product_brand-buttner-elektronik","7":"product_cat-panneaux-daffichage","9":"first","10":"instock","11":"taxable","12":"shipping-taxable","13":"purchasable","14":"product-type-simple"},"acf":[],"yoast_head":"<!-- This site is optimized with the Yoast SEO plugin v27.4 - https:\/\/yoast.com\/product\/yoast-seo-wordpress\/ -->\n<title>ordinateur de batterie MT iQ Basic Pro - Bantam Wankm\u00fcller SA<\/title>\n<meta name=\"robots\" content=\"index, follow, max-snippet:-1, max-image-preview:large, max-video-preview:-1\" \/>\n<link rel=\"canonical\" href=\"https:\/\/shop.bantam.ch\/fr\/produit\/ordinateur-de-batterie-mt-iq-basic-pro\/\" \/>\n<meta property=\"og:locale\" content=\"fr_FR\" \/>\n<meta property=\"og:type\" content=\"article\" \/>\n<meta property=\"og:title\" content=\"ordinateur de batterie MT iQ Basic Pro - Bantam Wankm\u00fcller SA\" \/>\n<meta property=\"og:description\" content=\"L\u2019ordinateur de batterie MT iQ Basic de B\u00dcTTNER ELEKTRONIK est un dispositif nouveau sur le march\u00e9. Le mod\u00e8le de base avec mesure de l\u2018induction indique la tension, le courant actuel ainsi que la capacit\u00e9 de batterie disponible en Ah. Toutes les valeurs peuvent \u00eatre appel\u00e9es par simple pression sur un bouton et sont affich\u00e9es sur [&hellip;]\" \/>\n<meta property=\"og:url\" content=\"https:\/\/shop.bantam.ch\/fr\/produit\/ordinateur-de-batterie-mt-iq-basic-pro\/\" \/>\n<meta property=\"og:site_name\" content=\"Bantam Wankm\u00fcller SA\" \/>\n<meta property=\"article:modified_time\" content=\"2026-04-20T18:59:03+00:00\" \/>\n<meta property=\"og:image\" content=\"https:\/\/shop.bantam.ch\/wp-content\/uploads\/2023\/02\/9952357-Basic_Batterie_Computer_BBC-MT_iQ-Standard-01-1.jpg\" \/>\n\t<meta property=\"og:image:width\" content=\"902\" \/>\n\t<meta property=\"og:image:height\" content=\"1000\" \/>\n\t<meta property=\"og:image:type\" content=\"image\/jpeg\" \/>\n<meta name=\"twitter:card\" content=\"summary_large_image\" \/>\n<meta name=\"twitter:label1\" content=\"Dur\u00e9e de lecture estim\u00e9e\" \/>\n\t<meta name=\"twitter:data1\" content=\"1 minute\" \/>\n<script type=\"application\/ld+json\" class=\"yoast-schema-graph\">{\"@context\":\"https:\\\/\\\/schema.org\",\"@graph\":[{\"@type\":\"WebPage\",\"@id\":\"https:\\\/\\\/shop.bantam.ch\\\/fr\\\/produit\\\/ordinateur-de-batterie-mt-iq-basic-pro\\\/\",\"url\":\"https:\\\/\\\/shop.bantam.ch\\\/fr\\\/produit\\\/ordinateur-de-batterie-mt-iq-basic-pro\\\/\",\"name\":\"ordinateur de batterie MT iQ Basic Pro - Bantam Wankm\u00fcller SA\",\"isPartOf\":{\"@id\":\"https:\\\/\\\/shop.bantam.ch\\\/fr\\\/#website\"},\"primaryImageOfPage\":{\"@id\":\"https:\\\/\\\/shop.bantam.ch\\\/fr\\\/produit\\\/ordinateur-de-batterie-mt-iq-basic-pro\\\/#primaryimage\"},\"image\":{\"@id\":\"https:\\\/\\\/shop.bantam.ch\\\/fr\\\/produit\\\/ordinateur-de-batterie-mt-iq-basic-pro\\\/#primaryimage\"},\"thumbnailUrl\":\"https:\\\/\\\/shop.bantam.ch\\\/wp-content\\\/uploads\\\/2023\\\/02\\\/9952357-Basic_Batterie_Computer_BBC-MT_iQ-Standard-01-1.jpg\",\"datePublished\":\"2023-02-22T20:34:07+00:00\",\"dateModified\":\"2026-04-20T18:59:03+00:00\",\"breadcrumb\":{\"@id\":\"https:\\\/\\\/shop.bantam.ch\\\/fr\\\/produit\\\/ordinateur-de-batterie-mt-iq-basic-pro\\\/#breadcrumb\"},\"inLanguage\":\"fr-FR\",\"potentialAction\":[{\"@type\":\"ReadAction\",\"target\":[\"https:\\\/\\\/shop.bantam.ch\\\/fr\\\/produit\\\/ordinateur-de-batterie-mt-iq-basic-pro\\\/\"]}]},{\"@type\":\"ImageObject\",\"inLanguage\":\"fr-FR\",\"@id\":\"https:\\\/\\\/shop.bantam.ch\\\/fr\\\/produit\\\/ordinateur-de-batterie-mt-iq-basic-pro\\\/#primaryimage\",\"url\":\"https:\\\/\\\/shop.bantam.ch\\\/wp-content\\\/uploads\\\/2023\\\/02\\\/9952357-Basic_Batterie_Computer_BBC-MT_iQ-Standard-01-1.jpg\",\"contentUrl\":\"https:\\\/\\\/shop.bantam.ch\\\/wp-content\\\/uploads\\\/2023\\\/02\\\/9952357-Basic_Batterie_Computer_BBC-MT_iQ-Standard-01-1.jpg\",\"width\":902,\"height\":1000},{\"@type\":\"BreadcrumbList\",\"@id\":\"https:\\\/\\\/shop.bantam.ch\\\/fr\\\/produit\\\/ordinateur-de-batterie-mt-iq-basic-pro\\\/#breadcrumb\",\"itemListElement\":[{\"@type\":\"ListItem\",\"position\":1,\"name\":\"Accueil\",\"item\":\"https:\\\/\\\/shop.bantam.ch\\\/fr\\\/\"},{\"@type\":\"ListItem\",\"position\":2,\"name\":\"Boutique\",\"item\":\"https:\\\/\\\/shop.bantam.ch\\\/fr\\\/boutique\\\/\"},{\"@type\":\"ListItem\",\"position\":3,\"name\":\"ordinateur de batterie MT iQ Basic Pro\"}]},{\"@type\":\"WebSite\",\"@id\":\"https:\\\/\\\/shop.bantam.ch\\\/fr\\\/#website\",\"url\":\"https:\\\/\\\/shop.bantam.ch\\\/fr\\\/\",\"name\":\"Bantam Wankm\u00fcller SA\",\"description\":\"\",\"publisher\":{\"@id\":\"https:\\\/\\\/shop.bantam.ch\\\/fr\\\/#organization\"},\"inLanguage\":\"fr-FR\"},{\"@type\":\"Organization\",\"@id\":\"https:\\\/\\\/shop.bantam.ch\\\/fr\\\/#organization\",\"name\":\"Bantam Wankm\u00fcller SA\",\"url\":\"https:\\\/\\\/shop.bantam.ch\\\/fr\\\/\",\"logo\":{\"@type\":\"ImageObject\",\"inLanguage\":\"fr-FR\",\"@id\":\"https:\\\/\\\/shop.bantam.ch\\\/fr\\\/#\\\/schema\\\/logo\\\/image\\\/\",\"url\":\"https:\\\/\\\/shop.bantam.ch\\\/wp-content\\\/uploads\\\/2022\\\/12\\\/bantam-logo.png\",\"contentUrl\":\"https:\\\/\\\/shop.bantam.ch\\\/wp-content\\\/uploads\\\/2022\\\/12\\\/bantam-logo.png\",\"width\":320,\"height\":71,\"caption\":\"Bantam Wankm\u00fcller SA\"},\"image\":{\"@id\":\"https:\\\/\\\/shop.bantam.ch\\\/fr\\\/#\\\/schema\\\/logo\\\/image\\\/\"}}]}<\/script>\n<!-- \/ Yoast SEO plugin. -->","yoast_head_json":{"title":"ordinateur de batterie MT iQ Basic Pro - Bantam Wankm\u00fcller SA","robots":{"index":"index","follow":"follow","max-snippet":"max-snippet:-1","max-image-preview":"max-image-preview:large","max-video-preview":"max-video-preview:-1"},"canonical":"https:\/\/shop.bantam.ch\/fr\/produit\/ordinateur-de-batterie-mt-iq-basic-pro\/","og_locale":"fr_FR","og_type":"article","og_title":"ordinateur de batterie MT iQ Basic Pro - Bantam Wankm\u00fcller SA","og_description":"L\u2019ordinateur de batterie MT iQ Basic de B\u00dcTTNER ELEKTRONIK est un dispositif nouveau sur le march\u00e9. Le mod\u00e8le de base avec mesure de l\u2018induction indique la tension, le courant actuel ainsi que la capacit\u00e9 de batterie disponible en Ah. Toutes les valeurs peuvent \u00eatre appel\u00e9es par simple pression sur un bouton et sont affich\u00e9es sur [&hellip;]","og_url":"https:\/\/shop.bantam.ch\/fr\/produit\/ordinateur-de-batterie-mt-iq-basic-pro\/","og_site_name":"Bantam Wankm\u00fcller SA","article_modified_time":"2026-04-20T18:59:03+00:00","og_image":[{"width":902,"height":1000,"url":"https:\/\/shop.bantam.ch\/wp-content\/uploads\/2023\/02\/9952357-Basic_Batterie_Computer_BBC-MT_iQ-Standard-01-1.jpg","type":"image\/jpeg"}],"twitter_card":"summary_large_image","twitter_misc":{"Dur\u00e9e de lecture estim\u00e9e":"1 minute"},"schema":{"@context":"https:\/\/schema.org","@graph":[{"@type":"WebPage","@id":"https:\/\/shop.bantam.ch\/fr\/produit\/ordinateur-de-batterie-mt-iq-basic-pro\/","url":"https:\/\/shop.bantam.ch\/fr\/produit\/ordinateur-de-batterie-mt-iq-basic-pro\/","name":"ordinateur de batterie MT iQ Basic Pro - Bantam Wankm\u00fcller SA","isPartOf":{"@id":"https:\/\/shop.bantam.ch\/fr\/#website"},"primaryImageOfPage":{"@id":"https:\/\/shop.bantam.ch\/fr\/produit\/ordinateur-de-batterie-mt-iq-basic-pro\/#primaryimage"},"image":{"@id":"https:\/\/shop.bantam.ch\/fr\/produit\/ordinateur-de-batterie-mt-iq-basic-pro\/#primaryimage"},"thumbnailUrl":"https:\/\/shop.bantam.ch\/wp-content\/uploads\/2023\/02\/9952357-Basic_Batterie_Computer_BBC-MT_iQ-Standard-01-1.jpg","datePublished":"2023-02-22T20:34:07+00:00","dateModified":"2026-04-20T18:59:03+00:00","breadcrumb":{"@id":"https:\/\/shop.bantam.ch\/fr\/produit\/ordinateur-de-batterie-mt-iq-basic-pro\/#breadcrumb"},"inLanguage":"fr-FR","potentialAction":[{"@type":"ReadAction","target":["https:\/\/shop.bantam.ch\/fr\/produit\/ordinateur-de-batterie-mt-iq-basic-pro\/"]}]},{"@type":"ImageObject","inLanguage":"fr-FR","@id":"https:\/\/shop.bantam.ch\/fr\/produit\/ordinateur-de-batterie-mt-iq-basic-pro\/#primaryimage","url":"https:\/\/shop.bantam.ch\/wp-content\/uploads\/2023\/02\/9952357-Basic_Batterie_Computer_BBC-MT_iQ-Standard-01-1.jpg","contentUrl":"https:\/\/shop.bantam.ch\/wp-content\/uploads\/2023\/02\/9952357-Basic_Batterie_Computer_BBC-MT_iQ-Standard-01-1.jpg","width":902,"height":1000},{"@type":"BreadcrumbList","@id":"https:\/\/shop.bantam.ch\/fr\/produit\/ordinateur-de-batterie-mt-iq-basic-pro\/#breadcrumb","itemListElement":[{"@type":"ListItem","position":1,"name":"Accueil","item":"https:\/\/shop.bantam.ch\/fr\/"},{"@type":"ListItem","position":2,"name":"Boutique","item":"https:\/\/shop.bantam.ch\/fr\/boutique\/"},{"@type":"ListItem","position":3,"name":"ordinateur de batterie MT iQ Basic Pro"}]},{"@type":"WebSite","@id":"https:\/\/shop.bantam.ch\/fr\/#website","url":"https:\/\/shop.bantam.ch\/fr\/","name":"Bantam Wankm\u00fcller SA","description":"","publisher":{"@id":"https:\/\/shop.bantam.ch\/fr\/#organization"},"inLanguage":"fr-FR"},{"@type":"Organization","@id":"https:\/\/shop.bantam.ch\/fr\/#organization","name":"Bantam Wankm\u00fcller SA","url":"https:\/\/shop.bantam.ch\/fr\/","logo":{"@type":"ImageObject","inLanguage":"fr-FR","@id":"https:\/\/shop.bantam.ch\/fr\/#\/schema\/logo\/image\/","url":"https:\/\/shop.bantam.ch\/wp-content\/uploads\/2022\/12\/bantam-logo.png","contentUrl":"https:\/\/shop.bantam.ch\/wp-content\/uploads\/2022\/12\/bantam-logo.png","width":320,"height":71,"caption":"Bantam Wankm\u00fcller SA"},"image":{"@id":"https:\/\/shop.bantam.ch\/fr\/#\/schema\/logo\/image\/"}}]}},"_links":{"self":[{"href":"https:\/\/shop.bantam.ch\/fr\/wp-json\/wp\/v2\/product\/41857","targetHints":{"allow":["GET"]}}],"collection":[{"href":"https:\/\/shop.bantam.ch\/fr\/wp-json\/wp\/v2\/product"}],"about":[{"href":"https:\/\/shop.bantam.ch\/fr\/wp-json\/wp\/v2\/types\/product"}],"wp:featuredmedia":[{"embeddable":true,"href":"https:\/\/shop.bantam.ch\/fr\/wp-json\/wp\/v2\/media\/41855"}],"wp:attachment":[{"href":"https:\/\/shop.bantam.ch\/fr\/wp-json\/wp\/v2\/media?parent=41857"}],"wp:term":[{"taxonomy":"product_featured_cat","embeddable":true,"href":"https:\/\/shop.bantam.ch\/fr\/wp-json\/wp\/v2\/product_featured_cat?post=41857"},{"taxonomy":"product_brand","embeddable":true,"href":"https:\/\/shop.bantam.ch\/fr\/wp-json\/wp\/v2\/product_brand?post=41857"},{"taxonomy":"product_cat","embeddable":true,"href":"https:\/\/shop.bantam.ch\/fr\/wp-json\/wp\/v2\/product_cat?post=41857"},{"taxonomy":"product_tag","embeddable":true,"href":"https:\/\/shop.bantam.ch\/fr\/wp-json\/wp\/v2\/product_tag?post=41857"}],"curies":[{"name":"wp","href":"https:\/\/api.w.org\/{rel}","templated":true}]}}