{"id":41725,"date":"2023-02-22T21:31:28","date_gmt":"2023-02-22T20:31:28","guid":{"rendered":"http:\/\/preprod-dev.sh1.hidora.com\/webshop\/produit\/power-set-light-pour-mover-xt-xt-2-et-xt-l\/"},"modified":"2026-04-19T20:59:43","modified_gmt":"2026-04-19T18:59:43","slug":"power-set-light-pour-mover-xt-xt-2-et-xt-l","status":"publish","type":"product","link":"https:\/\/shop.bantam.ch\/fr\/produit\/power-set-light-pour-mover-xt-xt-2-et-xt-l\/","title":{"rendered":"Kit Power light pour Mover XT et XT 2 compos\u00e9 du kit Power GV 9913952 + batterie Optima Yellow Top 9912796"},"content":{"rendered":"<p>Le PowerSet avec batterie Optima et chargeur Truma BC\u00a010 marque des points en termes de prix et de fabrication. Le BC 10 s\u00e9duit par ses petites dimensions, un poids de 800 g seulement, une station de chargement de 10 A et un raccord \u00ab Plug and play \u00bb. Celui-ci vous permet de retirer le chargeur en un seul mouvement pour, par exemple, charger votre batterie de voiture en hiver.<\/p>\n<p>Choisissez le type de batterie (humide\/gel, AGM ou Optima) avec le s\u00e9lecteur. La courbe de charge appropri\u00e9e se r\u00e8gle alors automatiquement. Nous avons con\u00e7u une courbe de chargement sp\u00e9ciale pour les puissantes batteries Optima. Elle permet de charger parfaitement la batterie et garantit une disponibilit\u00e9 maximale. En outre, le BC 10 est tr\u00e8s bien prot\u00e9g\u00e9 contre la poussi\u00e8re et les \u00e9claboussures.<\/p>\n<p>Kit comprenant :<br \/>Optima YT S 2.7<br \/>Chargeur Truma BC 10 (10 A)<br \/>Sectionneur<br \/>Bornes polaires Easy click (montage fixe)<br \/>Deuxi\u00e8me c\u00e2ble de charge pour un rechargement flexible<br \/>Capteur de temp\u00e9rature<\/p>\n","protected":false},"excerpt":{"rendered":"<p>Le PowerSet avec batterie Optima et chargeur Truma BC\u00a010 marque des points en termes de prix et de fabrication. Le BC 10 s\u00e9duit par ses petites dimensions, un poids de 800 g seulement, une station de chargement de 10 A et un raccord \u00ab Plug and play \u00bb. Celui-ci vous permet de retirer le chargeur [&hellip;]<\/p>\n","protected":false},"featured_media":41717,"template":"","meta":{"_acf_changed":false},"product_featured_cat":[],"product_brand":[3032],"product_cat":[5103],"product_tag":[],"class_list":{"0":"post-41725","1":"product","2":"type-product","3":"status-publish","4":"has-post-thumbnail","6":"product_brand-standard","7":"product_cat-systemes-electriques-pour-remorques","9":"first","10":"instock","11":"featured","12":"taxable","13":"shipping-taxable","14":"purchasable","15":"product-type-simple"},"acf":[],"yoast_head":"<!-- This site is optimized with the Yoast SEO plugin v27.4 - https:\/\/yoast.com\/product\/yoast-seo-wordpress\/ -->\n<title>Kit Power light pour Mover XT et XT 2 compos\u00e9 du kit Power GV 9913952 + batterie Optima Yellow Top 9912796 - Bantam Wankm\u00fcller SA<\/title>\n<meta name=\"robots\" content=\"index, follow, max-snippet:-1, max-image-preview:large, max-video-preview:-1\" \/>\n<link rel=\"canonical\" href=\"https:\/\/shop.bantam.ch\/fr\/produit\/power-set-light-pour-mover-xt-xt-2-et-xt-l\/\" \/>\n<meta property=\"og:locale\" content=\"fr_FR\" \/>\n<meta property=\"og:type\" content=\"article\" \/>\n<meta property=\"og:title\" content=\"Kit Power light pour Mover XT et XT 2 compos\u00e9 du kit Power GV 9913952 + batterie Optima Yellow Top 9912796 - Bantam Wankm\u00fcller SA\" \/>\n<meta property=\"og:description\" content=\"Le PowerSet avec batterie Optima et chargeur Truma BC\u00a010 marque des points en termes de prix et de fabrication. Le BC 10 s\u00e9duit par ses petites dimensions, un poids de 800 g seulement, une station de chargement de 10 A et un raccord \u00ab Plug and play \u00bb. Celui-ci vous permet de retirer le chargeur [&hellip;]\" \/>\n<meta property=\"og:url\" content=\"https:\/\/shop.bantam.ch\/fr\/produit\/power-set-light-pour-mover-xt-xt-2-et-xt-l\/\" \/>\n<meta property=\"og:site_name\" content=\"Bantam Wankm\u00fcller SA\" \/>\n<meta property=\"article:modified_time\" content=\"2026-04-19T18:59:43+00:00\" \/>\n<meta property=\"og:image\" content=\"https:\/\/shop.bantam.ch\/wp-content\/uploads\/2023\/02\/995053911-1.jpg\" \/>\n\t<meta property=\"og:image:width\" content=\"492\" \/>\n\t<meta property=\"og:image:height\" content=\"500\" \/>\n\t<meta property=\"og:image:type\" content=\"image\/jpeg\" \/>\n<meta name=\"twitter:card\" content=\"summary_large_image\" \/>\n<meta name=\"twitter:label1\" content=\"Dur\u00e9e de lecture estim\u00e9e\" \/>\n\t<meta name=\"twitter:data1\" content=\"1 minute\" \/>\n<script type=\"application\/ld+json\" class=\"yoast-schema-graph\">{\"@context\":\"https:\\\/\\\/schema.org\",\"@graph\":[{\"@type\":\"WebPage\",\"@id\":\"https:\\\/\\\/shop.bantam.ch\\\/fr\\\/produit\\\/power-set-light-pour-mover-xt-xt-2-et-xt-l\\\/\",\"url\":\"https:\\\/\\\/shop.bantam.ch\\\/fr\\\/produit\\\/power-set-light-pour-mover-xt-xt-2-et-xt-l\\\/\",\"name\":\"Kit Power light pour Mover XT et XT 2 compos\u00e9 du kit Power GV 9913952 + batterie Optima Yellow Top 9912796 - Bantam Wankm\u00fcller SA\",\"isPartOf\":{\"@id\":\"https:\\\/\\\/shop.bantam.ch\\\/fr\\\/#website\"},\"primaryImageOfPage\":{\"@id\":\"https:\\\/\\\/shop.bantam.ch\\\/fr\\\/produit\\\/power-set-light-pour-mover-xt-xt-2-et-xt-l\\\/#primaryimage\"},\"image\":{\"@id\":\"https:\\\/\\\/shop.bantam.ch\\\/fr\\\/produit\\\/power-set-light-pour-mover-xt-xt-2-et-xt-l\\\/#primaryimage\"},\"thumbnailUrl\":\"https:\\\/\\\/shop.bantam.ch\\\/wp-content\\\/uploads\\\/2023\\\/02\\\/995053911-1.jpg\",\"datePublished\":\"2023-02-22T20:31:28+00:00\",\"dateModified\":\"2026-04-19T18:59:43+00:00\",\"breadcrumb\":{\"@id\":\"https:\\\/\\\/shop.bantam.ch\\\/fr\\\/produit\\\/power-set-light-pour-mover-xt-xt-2-et-xt-l\\\/#breadcrumb\"},\"inLanguage\":\"fr-FR\",\"potentialAction\":[{\"@type\":\"ReadAction\",\"target\":[\"https:\\\/\\\/shop.bantam.ch\\\/fr\\\/produit\\\/power-set-light-pour-mover-xt-xt-2-et-xt-l\\\/\"]}]},{\"@type\":\"ImageObject\",\"inLanguage\":\"fr-FR\",\"@id\":\"https:\\\/\\\/shop.bantam.ch\\\/fr\\\/produit\\\/power-set-light-pour-mover-xt-xt-2-et-xt-l\\\/#primaryimage\",\"url\":\"https:\\\/\\\/shop.bantam.ch\\\/wp-content\\\/uploads\\\/2023\\\/02\\\/995053911-1.jpg\",\"contentUrl\":\"https:\\\/\\\/shop.bantam.ch\\\/wp-content\\\/uploads\\\/2023\\\/02\\\/995053911-1.jpg\",\"width\":492,\"height\":500},{\"@type\":\"BreadcrumbList\",\"@id\":\"https:\\\/\\\/shop.bantam.ch\\\/fr\\\/produit\\\/power-set-light-pour-mover-xt-xt-2-et-xt-l\\\/#breadcrumb\",\"itemListElement\":[{\"@type\":\"ListItem\",\"position\":1,\"name\":\"Accueil\",\"item\":\"https:\\\/\\\/shop.bantam.ch\\\/fr\\\/\"},{\"@type\":\"ListItem\",\"position\":2,\"name\":\"Boutique\",\"item\":\"https:\\\/\\\/shop.bantam.ch\\\/fr\\\/boutique\\\/\"},{\"@type\":\"ListItem\",\"position\":3,\"name\":\"Kit Power light pour Mover XT et XT 2 compos\u00e9 du kit Power GV 9913952 + batterie Optima Yellow Top 9912796\"}]},{\"@type\":\"WebSite\",\"@id\":\"https:\\\/\\\/shop.bantam.ch\\\/fr\\\/#website\",\"url\":\"https:\\\/\\\/shop.bantam.ch\\\/fr\\\/\",\"name\":\"Bantam Wankm\u00fcller SA\",\"description\":\"\",\"publisher\":{\"@id\":\"https:\\\/\\\/shop.bantam.ch\\\/fr\\\/#organization\"},\"inLanguage\":\"fr-FR\"},{\"@type\":\"Organization\",\"@id\":\"https:\\\/\\\/shop.bantam.ch\\\/fr\\\/#organization\",\"name\":\"Bantam Wankm\u00fcller SA\",\"url\":\"https:\\\/\\\/shop.bantam.ch\\\/fr\\\/\",\"logo\":{\"@type\":\"ImageObject\",\"inLanguage\":\"fr-FR\",\"@id\":\"https:\\\/\\\/shop.bantam.ch\\\/fr\\\/#\\\/schema\\\/logo\\\/image\\\/\",\"url\":\"https:\\\/\\\/shop.bantam.ch\\\/wp-content\\\/uploads\\\/2022\\\/12\\\/bantam-logo.png\",\"contentUrl\":\"https:\\\/\\\/shop.bantam.ch\\\/wp-content\\\/uploads\\\/2022\\\/12\\\/bantam-logo.png\",\"width\":320,\"height\":71,\"caption\":\"Bantam Wankm\u00fcller SA\"},\"image\":{\"@id\":\"https:\\\/\\\/shop.bantam.ch\\\/fr\\\/#\\\/schema\\\/logo\\\/image\\\/\"}}]}<\/script>\n<!-- \/ Yoast SEO plugin. -->","yoast_head_json":{"title":"Kit Power light pour Mover XT et XT 2 compos\u00e9 du kit Power GV 9913952 + batterie Optima Yellow Top 9912796 - Bantam Wankm\u00fcller SA","robots":{"index":"index","follow":"follow","max-snippet":"max-snippet:-1","max-image-preview":"max-image-preview:large","max-video-preview":"max-video-preview:-1"},"canonical":"https:\/\/shop.bantam.ch\/fr\/produit\/power-set-light-pour-mover-xt-xt-2-et-xt-l\/","og_locale":"fr_FR","og_type":"article","og_title":"Kit Power light pour Mover XT et XT 2 compos\u00e9 du kit Power GV 9913952 + batterie Optima Yellow Top 9912796 - Bantam Wankm\u00fcller SA","og_description":"Le PowerSet avec batterie Optima et chargeur Truma BC\u00a010 marque des points en termes de prix et de fabrication. Le BC 10 s\u00e9duit par ses petites dimensions, un poids de 800 g seulement, une station de chargement de 10 A et un raccord \u00ab Plug and play \u00bb. Celui-ci vous permet de retirer le chargeur [&hellip;]","og_url":"https:\/\/shop.bantam.ch\/fr\/produit\/power-set-light-pour-mover-xt-xt-2-et-xt-l\/","og_site_name":"Bantam Wankm\u00fcller SA","article_modified_time":"2026-04-19T18:59:43+00:00","og_image":[{"width":492,"height":500,"url":"https:\/\/shop.bantam.ch\/wp-content\/uploads\/2023\/02\/995053911-1.jpg","type":"image\/jpeg"}],"twitter_card":"summary_large_image","twitter_misc":{"Dur\u00e9e de lecture estim\u00e9e":"1 minute"},"schema":{"@context":"https:\/\/schema.org","@graph":[{"@type":"WebPage","@id":"https:\/\/shop.bantam.ch\/fr\/produit\/power-set-light-pour-mover-xt-xt-2-et-xt-l\/","url":"https:\/\/shop.bantam.ch\/fr\/produit\/power-set-light-pour-mover-xt-xt-2-et-xt-l\/","name":"Kit Power light pour Mover XT et XT 2 compos\u00e9 du kit Power GV 9913952 + batterie Optima Yellow Top 9912796 - Bantam Wankm\u00fcller SA","isPartOf":{"@id":"https:\/\/shop.bantam.ch\/fr\/#website"},"primaryImageOfPage":{"@id":"https:\/\/shop.bantam.ch\/fr\/produit\/power-set-light-pour-mover-xt-xt-2-et-xt-l\/#primaryimage"},"image":{"@id":"https:\/\/shop.bantam.ch\/fr\/produit\/power-set-light-pour-mover-xt-xt-2-et-xt-l\/#primaryimage"},"thumbnailUrl":"https:\/\/shop.bantam.ch\/wp-content\/uploads\/2023\/02\/995053911-1.jpg","datePublished":"2023-02-22T20:31:28+00:00","dateModified":"2026-04-19T18:59:43+00:00","breadcrumb":{"@id":"https:\/\/shop.bantam.ch\/fr\/produit\/power-set-light-pour-mover-xt-xt-2-et-xt-l\/#breadcrumb"},"inLanguage":"fr-FR","potentialAction":[{"@type":"ReadAction","target":["https:\/\/shop.bantam.ch\/fr\/produit\/power-set-light-pour-mover-xt-xt-2-et-xt-l\/"]}]},{"@type":"ImageObject","inLanguage":"fr-FR","@id":"https:\/\/shop.bantam.ch\/fr\/produit\/power-set-light-pour-mover-xt-xt-2-et-xt-l\/#primaryimage","url":"https:\/\/shop.bantam.ch\/wp-content\/uploads\/2023\/02\/995053911-1.jpg","contentUrl":"https:\/\/shop.bantam.ch\/wp-content\/uploads\/2023\/02\/995053911-1.jpg","width":492,"height":500},{"@type":"BreadcrumbList","@id":"https:\/\/shop.bantam.ch\/fr\/produit\/power-set-light-pour-mover-xt-xt-2-et-xt-l\/#breadcrumb","itemListElement":[{"@type":"ListItem","position":1,"name":"Accueil","item":"https:\/\/shop.bantam.ch\/fr\/"},{"@type":"ListItem","position":2,"name":"Boutique","item":"https:\/\/shop.bantam.ch\/fr\/boutique\/"},{"@type":"ListItem","position":3,"name":"Kit Power light pour Mover XT et XT 2 compos\u00e9 du kit Power GV 9913952 + batterie Optima Yellow Top 9912796"}]},{"@type":"WebSite","@id":"https:\/\/shop.bantam.ch\/fr\/#website","url":"https:\/\/shop.bantam.ch\/fr\/","name":"Bantam Wankm\u00fcller SA","description":"","publisher":{"@id":"https:\/\/shop.bantam.ch\/fr\/#organization"},"inLanguage":"fr-FR"},{"@type":"Organization","@id":"https:\/\/shop.bantam.ch\/fr\/#organization","name":"Bantam Wankm\u00fcller SA","url":"https:\/\/shop.bantam.ch\/fr\/","logo":{"@type":"ImageObject","inLanguage":"fr-FR","@id":"https:\/\/shop.bantam.ch\/fr\/#\/schema\/logo\/image\/","url":"https:\/\/shop.bantam.ch\/wp-content\/uploads\/2022\/12\/bantam-logo.png","contentUrl":"https:\/\/shop.bantam.ch\/wp-content\/uploads\/2022\/12\/bantam-logo.png","width":320,"height":71,"caption":"Bantam Wankm\u00fcller SA"},"image":{"@id":"https:\/\/shop.bantam.ch\/fr\/#\/schema\/logo\/image\/"}}]}},"_links":{"self":[{"href":"https:\/\/shop.bantam.ch\/fr\/wp-json\/wp\/v2\/product\/41725","targetHints":{"allow":["GET"]}}],"collection":[{"href":"https:\/\/shop.bantam.ch\/fr\/wp-json\/wp\/v2\/product"}],"about":[{"href":"https:\/\/shop.bantam.ch\/fr\/wp-json\/wp\/v2\/types\/product"}],"wp:featuredmedia":[{"embeddable":true,"href":"https:\/\/shop.bantam.ch\/fr\/wp-json\/wp\/v2\/media\/41717"}],"wp:attachment":[{"href":"https:\/\/shop.bantam.ch\/fr\/wp-json\/wp\/v2\/media?parent=41725"}],"wp:term":[{"taxonomy":"product_featured_cat","embeddable":true,"href":"https:\/\/shop.bantam.ch\/fr\/wp-json\/wp\/v2\/product_featured_cat?post=41725"},{"taxonomy":"product_brand","embeddable":true,"href":"https:\/\/shop.bantam.ch\/fr\/wp-json\/wp\/v2\/product_brand?post=41725"},{"taxonomy":"product_cat","embeddable":true,"href":"https:\/\/shop.bantam.ch\/fr\/wp-json\/wp\/v2\/product_cat?post=41725"},{"taxonomy":"product_tag","embeddable":true,"href":"https:\/\/shop.bantam.ch\/fr\/wp-json\/wp\/v2\/product_tag?post=41725"}],"curies":[{"name":"wp","href":"https:\/\/api.w.org\/{rel}","templated":true}]}}