{"id":41635,"date":"2023-02-22T21:29:48","date_gmt":"2023-02-22T20:29:48","guid":{"rendered":"http:\/\/preprod-dev.sh1.hidora.com\/webshop\/produit\/camera-ze-rvsc90\/"},"modified":"2026-04-17T20:58:33","modified_gmt":"2026-04-17T18:58:33","slug":"camera-ze-rvsc90","status":"publish","type":"product","link":"https:\/\/shop.bantam.ch\/fr\/produit\/camera-ze-rvsc90\/","title":{"rendered":"Cam\u00e9ra Zenec ZE-RVSC90"},"content":{"rendered":"<p>Bo\u00eetier r\u00e9sistant \u00e0 la corrosion en aluminium moul\u00e9 sous pression rev\u00eatu de poudre. Cam\u00e9ra compacte avec un capteur CCD ultra-sensible qui peut d\u00e9tecter m\u00eame les situations de faible luminosit\u00e9. Gr\u00e2ce \u00e0 son grand angle de vue &#8211; 150\u00b0 \u00e0 l&rsquo;horizontale &#8211; cette cam\u00e9ra offre une tr\u00e8s bonne visibilit\u00e9 lors des man\u0153uvres. 10 puissantes Led IR de vision nocturne, qui illuminent la zone \u00e0 l&rsquo;arri\u00e8re du v\u00e9hicule, assurent une excellente vision, m\u00eame dans l&rsquo;obscurit\u00e9.<\/p>\n<p>Le basculement entre le mode jour et nuit est automatique et contr\u00f4l\u00e9 par la sonde de luminosit\u00e9 LDR.  C\u00e2ble de raccordement principal de 3\u00a0m avec fiches 6\u00a0broches &#8211; y compris rallonge de 15\u00a0m, \u00e9querre de montage 38\u00a0mm et distance de montage 60\u00a0mm inclus dans le kit.<\/p>\n<ul>\n<li>Angle de vis\u00e9e (diagonale en degr\u00e9s) : 150\u00b0<\/li>\n<li>Dimensions (l x h x p) : 84 x 71 \/ 99 x 65<\/li>\n<li>R\u00e9solution (pixels) : 321 536<\/li>\n<li>Caract\u00e9ristiques : Equerre de montage 38 ou 60 mm<\/li>\n<li>D\u00e9signation : RVSC90<\/li>\n<li>Angle de vue : 150\u00b0<\/li>\n<li>Couleur du corps : argent<\/li>\n<li>LED \u00e0 infrarouge : oui<\/li>\n<li>Cam\u00e9ra: RVSC90<\/li>\n<li>Microphone : oui<\/li>\n<\/ul>\n","protected":false},"excerpt":{"rendered":"<p>Bo\u00eetier r\u00e9sistant \u00e0 la corrosion en aluminium moul\u00e9 sous pression rev\u00eatu de poudre. Cam\u00e9ra compacte avec un capteur CCD ultra-sensible qui peut d\u00e9tecter m\u00eame les situations de faible luminosit\u00e9. Gr\u00e2ce \u00e0 son grand angle de vue &#8211; 150\u00b0 \u00e0 l&rsquo;horizontale &#8211; cette cam\u00e9ra offre une tr\u00e8s bonne visibilit\u00e9 lors des man\u0153uvres. 10 puissantes Led IR [&hellip;]<\/p>\n","protected":false},"featured_media":41631,"template":"","meta":{"_acf_changed":false},"product_featured_cat":[],"product_brand":[3212],"product_cat":[5001],"product_tag":[],"class_list":{"0":"post-41635","1":"product","2":"type-product","3":"status-publish","4":"has-post-thumbnail","6":"product_brand-zenec","7":"product_cat-cameras","9":"first","10":"instock","11":"taxable","12":"shipping-taxable","13":"purchasable","14":"product-type-simple"},"acf":[],"yoast_head":"<!-- This site is optimized with the Yoast SEO plugin v27.4 - https:\/\/yoast.com\/product\/yoast-seo-wordpress\/ -->\n<title>Cam\u00e9ra Zenec ZE-RVSC90 - Bantam Wankm\u00fcller SA<\/title>\n<meta name=\"robots\" content=\"index, follow, max-snippet:-1, max-image-preview:large, max-video-preview:-1\" \/>\n<link rel=\"canonical\" href=\"https:\/\/shop.bantam.ch\/fr\/produit\/camera-ze-rvsc90\/\" \/>\n<meta property=\"og:locale\" content=\"fr_FR\" \/>\n<meta property=\"og:type\" content=\"article\" \/>\n<meta property=\"og:title\" content=\"Cam\u00e9ra Zenec ZE-RVSC90 - Bantam Wankm\u00fcller SA\" \/>\n<meta property=\"og:description\" content=\"Bo\u00eetier r\u00e9sistant \u00e0 la corrosion en aluminium moul\u00e9 sous pression rev\u00eatu de poudre. Cam\u00e9ra compacte avec un capteur CCD ultra-sensible qui peut d\u00e9tecter m\u00eame les situations de faible luminosit\u00e9. Gr\u00e2ce \u00e0 son grand angle de vue &#8211; 150\u00b0 \u00e0 l&rsquo;horizontale &#8211; cette cam\u00e9ra offre une tr\u00e8s bonne visibilit\u00e9 lors des man\u0153uvres. 10 puissantes Led IR [&hellip;]\" \/>\n<meta property=\"og:url\" content=\"https:\/\/shop.bantam.ch\/fr\/produit\/camera-ze-rvsc90\/\" \/>\n<meta property=\"og:site_name\" content=\"Bantam Wankm\u00fcller SA\" \/>\n<meta property=\"article:modified_time\" content=\"2026-04-17T18:58:33+00:00\" \/>\n<meta property=\"og:image\" content=\"https:\/\/shop.bantam.ch\/wp-content\/uploads\/2023\/02\/9952853-Zenec_ZE-RVSC90_Universal-Rueckfahkamera-Standard-01-1.jpg\" \/>\n\t<meta property=\"og:image:width\" content=\"915\" \/>\n\t<meta property=\"og:image:height\" content=\"1000\" \/>\n\t<meta property=\"og:image:type\" content=\"image\/jpeg\" \/>\n<meta name=\"twitter:card\" content=\"summary_large_image\" \/>\n<meta name=\"twitter:label1\" content=\"Dur\u00e9e de lecture estim\u00e9e\" \/>\n\t<meta name=\"twitter:data1\" content=\"1 minute\" \/>\n<script type=\"application\/ld+json\" class=\"yoast-schema-graph\">{\"@context\":\"https:\\\/\\\/schema.org\",\"@graph\":[{\"@type\":\"WebPage\",\"@id\":\"https:\\\/\\\/shop.bantam.ch\\\/fr\\\/produit\\\/camera-ze-rvsc90\\\/\",\"url\":\"https:\\\/\\\/shop.bantam.ch\\\/fr\\\/produit\\\/camera-ze-rvsc90\\\/\",\"name\":\"Cam\u00e9ra Zenec ZE-RVSC90 - Bantam Wankm\u00fcller SA\",\"isPartOf\":{\"@id\":\"https:\\\/\\\/shop.bantam.ch\\\/fr\\\/#website\"},\"primaryImageOfPage\":{\"@id\":\"https:\\\/\\\/shop.bantam.ch\\\/fr\\\/produit\\\/camera-ze-rvsc90\\\/#primaryimage\"},\"image\":{\"@id\":\"https:\\\/\\\/shop.bantam.ch\\\/fr\\\/produit\\\/camera-ze-rvsc90\\\/#primaryimage\"},\"thumbnailUrl\":\"https:\\\/\\\/shop.bantam.ch\\\/wp-content\\\/uploads\\\/2023\\\/02\\\/9952853-Zenec_ZE-RVSC90_Universal-Rueckfahkamera-Standard-01-1.jpg\",\"datePublished\":\"2023-02-22T20:29:48+00:00\",\"dateModified\":\"2026-04-17T18:58:33+00:00\",\"breadcrumb\":{\"@id\":\"https:\\\/\\\/shop.bantam.ch\\\/fr\\\/produit\\\/camera-ze-rvsc90\\\/#breadcrumb\"},\"inLanguage\":\"fr-FR\",\"potentialAction\":[{\"@type\":\"ReadAction\",\"target\":[\"https:\\\/\\\/shop.bantam.ch\\\/fr\\\/produit\\\/camera-ze-rvsc90\\\/\"]}]},{\"@type\":\"ImageObject\",\"inLanguage\":\"fr-FR\",\"@id\":\"https:\\\/\\\/shop.bantam.ch\\\/fr\\\/produit\\\/camera-ze-rvsc90\\\/#primaryimage\",\"url\":\"https:\\\/\\\/shop.bantam.ch\\\/wp-content\\\/uploads\\\/2023\\\/02\\\/9952853-Zenec_ZE-RVSC90_Universal-Rueckfahkamera-Standard-01-1.jpg\",\"contentUrl\":\"https:\\\/\\\/shop.bantam.ch\\\/wp-content\\\/uploads\\\/2023\\\/02\\\/9952853-Zenec_ZE-RVSC90_Universal-Rueckfahkamera-Standard-01-1.jpg\",\"width\":915,\"height\":1000},{\"@type\":\"BreadcrumbList\",\"@id\":\"https:\\\/\\\/shop.bantam.ch\\\/fr\\\/produit\\\/camera-ze-rvsc90\\\/#breadcrumb\",\"itemListElement\":[{\"@type\":\"ListItem\",\"position\":1,\"name\":\"Accueil\",\"item\":\"https:\\\/\\\/shop.bantam.ch\\\/fr\\\/\"},{\"@type\":\"ListItem\",\"position\":2,\"name\":\"Boutique\",\"item\":\"https:\\\/\\\/shop.bantam.ch\\\/fr\\\/boutique\\\/\"},{\"@type\":\"ListItem\",\"position\":3,\"name\":\"Cam\u00e9ra Zenec ZE-RVSC90\"}]},{\"@type\":\"WebSite\",\"@id\":\"https:\\\/\\\/shop.bantam.ch\\\/fr\\\/#website\",\"url\":\"https:\\\/\\\/shop.bantam.ch\\\/fr\\\/\",\"name\":\"Bantam Wankm\u00fcller SA\",\"description\":\"\",\"publisher\":{\"@id\":\"https:\\\/\\\/shop.bantam.ch\\\/fr\\\/#organization\"},\"inLanguage\":\"fr-FR\"},{\"@type\":\"Organization\",\"@id\":\"https:\\\/\\\/shop.bantam.ch\\\/fr\\\/#organization\",\"name\":\"Bantam Wankm\u00fcller SA\",\"url\":\"https:\\\/\\\/shop.bantam.ch\\\/fr\\\/\",\"logo\":{\"@type\":\"ImageObject\",\"inLanguage\":\"fr-FR\",\"@id\":\"https:\\\/\\\/shop.bantam.ch\\\/fr\\\/#\\\/schema\\\/logo\\\/image\\\/\",\"url\":\"https:\\\/\\\/shop.bantam.ch\\\/wp-content\\\/uploads\\\/2022\\\/12\\\/bantam-logo.png\",\"contentUrl\":\"https:\\\/\\\/shop.bantam.ch\\\/wp-content\\\/uploads\\\/2022\\\/12\\\/bantam-logo.png\",\"width\":320,\"height\":71,\"caption\":\"Bantam Wankm\u00fcller SA\"},\"image\":{\"@id\":\"https:\\\/\\\/shop.bantam.ch\\\/fr\\\/#\\\/schema\\\/logo\\\/image\\\/\"}}]}<\/script>\n<!-- \/ Yoast SEO plugin. -->","yoast_head_json":{"title":"Cam\u00e9ra Zenec ZE-RVSC90 - Bantam Wankm\u00fcller SA","robots":{"index":"index","follow":"follow","max-snippet":"max-snippet:-1","max-image-preview":"max-image-preview:large","max-video-preview":"max-video-preview:-1"},"canonical":"https:\/\/shop.bantam.ch\/fr\/produit\/camera-ze-rvsc90\/","og_locale":"fr_FR","og_type":"article","og_title":"Cam\u00e9ra Zenec ZE-RVSC90 - Bantam Wankm\u00fcller SA","og_description":"Bo\u00eetier r\u00e9sistant \u00e0 la corrosion en aluminium moul\u00e9 sous pression rev\u00eatu de poudre. Cam\u00e9ra compacte avec un capteur CCD ultra-sensible qui peut d\u00e9tecter m\u00eame les situations de faible luminosit\u00e9. Gr\u00e2ce \u00e0 son grand angle de vue &#8211; 150\u00b0 \u00e0 l&rsquo;horizontale &#8211; cette cam\u00e9ra offre une tr\u00e8s bonne visibilit\u00e9 lors des man\u0153uvres. 10 puissantes Led IR [&hellip;]","og_url":"https:\/\/shop.bantam.ch\/fr\/produit\/camera-ze-rvsc90\/","og_site_name":"Bantam Wankm\u00fcller SA","article_modified_time":"2026-04-17T18:58:33+00:00","og_image":[{"width":915,"height":1000,"url":"https:\/\/shop.bantam.ch\/wp-content\/uploads\/2023\/02\/9952853-Zenec_ZE-RVSC90_Universal-Rueckfahkamera-Standard-01-1.jpg","type":"image\/jpeg"}],"twitter_card":"summary_large_image","twitter_misc":{"Dur\u00e9e de lecture estim\u00e9e":"1 minute"},"schema":{"@context":"https:\/\/schema.org","@graph":[{"@type":"WebPage","@id":"https:\/\/shop.bantam.ch\/fr\/produit\/camera-ze-rvsc90\/","url":"https:\/\/shop.bantam.ch\/fr\/produit\/camera-ze-rvsc90\/","name":"Cam\u00e9ra Zenec ZE-RVSC90 - Bantam Wankm\u00fcller SA","isPartOf":{"@id":"https:\/\/shop.bantam.ch\/fr\/#website"},"primaryImageOfPage":{"@id":"https:\/\/shop.bantam.ch\/fr\/produit\/camera-ze-rvsc90\/#primaryimage"},"image":{"@id":"https:\/\/shop.bantam.ch\/fr\/produit\/camera-ze-rvsc90\/#primaryimage"},"thumbnailUrl":"https:\/\/shop.bantam.ch\/wp-content\/uploads\/2023\/02\/9952853-Zenec_ZE-RVSC90_Universal-Rueckfahkamera-Standard-01-1.jpg","datePublished":"2023-02-22T20:29:48+00:00","dateModified":"2026-04-17T18:58:33+00:00","breadcrumb":{"@id":"https:\/\/shop.bantam.ch\/fr\/produit\/camera-ze-rvsc90\/#breadcrumb"},"inLanguage":"fr-FR","potentialAction":[{"@type":"ReadAction","target":["https:\/\/shop.bantam.ch\/fr\/produit\/camera-ze-rvsc90\/"]}]},{"@type":"ImageObject","inLanguage":"fr-FR","@id":"https:\/\/shop.bantam.ch\/fr\/produit\/camera-ze-rvsc90\/#primaryimage","url":"https:\/\/shop.bantam.ch\/wp-content\/uploads\/2023\/02\/9952853-Zenec_ZE-RVSC90_Universal-Rueckfahkamera-Standard-01-1.jpg","contentUrl":"https:\/\/shop.bantam.ch\/wp-content\/uploads\/2023\/02\/9952853-Zenec_ZE-RVSC90_Universal-Rueckfahkamera-Standard-01-1.jpg","width":915,"height":1000},{"@type":"BreadcrumbList","@id":"https:\/\/shop.bantam.ch\/fr\/produit\/camera-ze-rvsc90\/#breadcrumb","itemListElement":[{"@type":"ListItem","position":1,"name":"Accueil","item":"https:\/\/shop.bantam.ch\/fr\/"},{"@type":"ListItem","position":2,"name":"Boutique","item":"https:\/\/shop.bantam.ch\/fr\/boutique\/"},{"@type":"ListItem","position":3,"name":"Cam\u00e9ra Zenec ZE-RVSC90"}]},{"@type":"WebSite","@id":"https:\/\/shop.bantam.ch\/fr\/#website","url":"https:\/\/shop.bantam.ch\/fr\/","name":"Bantam Wankm\u00fcller SA","description":"","publisher":{"@id":"https:\/\/shop.bantam.ch\/fr\/#organization"},"inLanguage":"fr-FR"},{"@type":"Organization","@id":"https:\/\/shop.bantam.ch\/fr\/#organization","name":"Bantam Wankm\u00fcller SA","url":"https:\/\/shop.bantam.ch\/fr\/","logo":{"@type":"ImageObject","inLanguage":"fr-FR","@id":"https:\/\/shop.bantam.ch\/fr\/#\/schema\/logo\/image\/","url":"https:\/\/shop.bantam.ch\/wp-content\/uploads\/2022\/12\/bantam-logo.png","contentUrl":"https:\/\/shop.bantam.ch\/wp-content\/uploads\/2022\/12\/bantam-logo.png","width":320,"height":71,"caption":"Bantam Wankm\u00fcller SA"},"image":{"@id":"https:\/\/shop.bantam.ch\/fr\/#\/schema\/logo\/image\/"}}]}},"_links":{"self":[{"href":"https:\/\/shop.bantam.ch\/fr\/wp-json\/wp\/v2\/product\/41635","targetHints":{"allow":["GET"]}}],"collection":[{"href":"https:\/\/shop.bantam.ch\/fr\/wp-json\/wp\/v2\/product"}],"about":[{"href":"https:\/\/shop.bantam.ch\/fr\/wp-json\/wp\/v2\/types\/product"}],"wp:featuredmedia":[{"embeddable":true,"href":"https:\/\/shop.bantam.ch\/fr\/wp-json\/wp\/v2\/media\/41631"}],"wp:attachment":[{"href":"https:\/\/shop.bantam.ch\/fr\/wp-json\/wp\/v2\/media?parent=41635"}],"wp:term":[{"taxonomy":"product_featured_cat","embeddable":true,"href":"https:\/\/shop.bantam.ch\/fr\/wp-json\/wp\/v2\/product_featured_cat?post=41635"},{"taxonomy":"product_brand","embeddable":true,"href":"https:\/\/shop.bantam.ch\/fr\/wp-json\/wp\/v2\/product_brand?post=41635"},{"taxonomy":"product_cat","embeddable":true,"href":"https:\/\/shop.bantam.ch\/fr\/wp-json\/wp\/v2\/product_cat?post=41635"},{"taxonomy":"product_tag","embeddable":true,"href":"https:\/\/shop.bantam.ch\/fr\/wp-json\/wp\/v2\/product_tag?post=41635"}],"curies":[{"name":"wp","href":"https:\/\/api.w.org\/{rel}","templated":true}]}}